{"id":25376,"date":"2023-08-22T09:00:05","date_gmt":"2023-08-22T07:00:05","guid":{"rendered":"https:\/\/staging.praxas.com\/panelpilot-software\/"},"modified":"2025-02-04T11:56:03","modified_gmt":"2025-02-04T11:56:03","slug":"panelpilot-software","status":"publish","type":"page","link":"https:\/\/praxas.com\/de\/software\/panelpilot-software\/","title":{"rendered":"PanelPilot Software"},"content":{"rendered":"\n<div class=\"wp-block-cover alignfull\" style=\"min-height:350px;aspect-ratio:unset;\"><span aria-hidden=\"true\" class=\"wp-block-cover__background has-background-dim-10 has-background-dim\" style=\"background-color:#3a6187\"><\/span><img loading=\"lazy\" decoding=\"async\" width=\"3780\" height=\"709\" class=\"wp-block-cover__image-background wp-image-43558\" alt=\"Software new style banner\" src=\"https:\/\/praxas.com\/wp-content\/uploads\/PRAXAS_Software.png\" data-object-fit=\"cover\" srcset=\"https:\/\/praxas.com\/wp-content\/uploads\/PRAXAS_Software.png 3780w, https:\/\/praxas.com\/wp-content\/uploads\/PRAXAS_Software-300x56.png 300w, https:\/\/praxas.com\/wp-content\/uploads\/PRAXAS_Software-1024x192.png 1024w, https:\/\/praxas.com\/wp-content\/uploads\/PRAXAS_Software-768x144.png 768w, https:\/\/praxas.com\/wp-content\/uploads\/PRAXAS_Software-1536x288.png 1536w, https:\/\/praxas.com\/wp-content\/uploads\/PRAXAS_Software-2048x384.png 2048w, https:\/\/praxas.com\/wp-content\/uploads\/PRAXAS_Software-120x23.png 120w, https:\/\/praxas.com\/wp-content\/uploads\/PRAXAS_Software-990x186.png 990w, https:\/\/praxas.com\/wp-content\/uploads\/PRAXAS_Software-441x83.png 441w, https:\/\/praxas.com\/wp-content\/uploads\/PRAXAS_Software-350x66.png 350w, https:\/\/praxas.com\/wp-content\/uploads\/PRAXAS_Software-800x150.png 800w, https:\/\/praxas.com\/wp-content\/uploads\/PRAXAS_Software-150x28.png 150w\" sizes=\"auto, (max-width: 3780px) 100vw, 3780px\" \/><div class=\"wp-block-cover__inner-container has-global-padding is-layout-constrained wp-container-core-cover-is-layout-a4c69c57 wp-block-cover-is-layout-constrained\">\n<div class=\"wp-block-columns is-layout-flex wp-container-core-columns-is-layout-28f84493 wp-block-columns-is-layout-flex\">\n<div class=\"wp-block-column is-layout-flow wp-block-column-is-layout-flow\" style=\"flex-basis:70%\">\n<h1 class=\"wp-block-heading has-white-color has-text-color has-link-color wp-elements-e6aa0c361fb5765cdd0efa43a06ce478\">PanelPilot Software<\/h1>\n\n\n\n<div style=\"height:30px\" aria-hidden=\"true\" class=\"wp-block-spacer\"><\/div>\n\n\n\n<p class=\"has-white-color has-text-color has-link-color wp-elements-02bb7e36d9bbecbc04a19362b3169c52\">Greifen Sie auf die gesamte Softwarepalette zu, die zur Unterst\u00fctzung Ihrer PanelPilot-Ger\u00e4te entwickelt wurde, einschlie\u00dflich <strong>PanelPilot M<\/strong>, <strong>PanelPilot B<\/strong> und <strong>PanelPilotACE<\/strong>. Ganz gleich, ob Sie Einstellungen anpassen, Eing\u00e4nge konfigurieren oder Ihr Display aktualisieren m\u00f6chten, mit dieser Software k\u00f6nnen Sie Ihre Ger\u00e4te ganz einfach verwalten und optimieren. <\/p>\n<\/div>\n\n\n\n<div class=\"wp-block-column is-layout-flow wp-block-column-is-layout-flow\"><\/div>\n<\/div>\n<\/div><\/div>\n\n<div style=\"height:40px\" aria-hidden=\"true\" class=\"wp-block-spacer\"><\/div>\n\n<div class=\"wp-block-group alignfull has-global-padding is-layout-constrained wp-container-core-group-is-layout-a4c69c57 wp-block-group-is-layout-constrained\">\n<div class=\"wp-block-columns is-layout-flex wp-container-core-columns-is-layout-28f84493 wp-block-columns-is-layout-flex\">\n<div class=\"wp-block-column has-background is-layout-flow wp-block-column-is-layout-flow\" style=\"border-radius:15px;background-color:#e5e5e5;padding-top:var(--wp--preset--spacing--medium);padding-right:var(--wp--preset--spacing--medium);padding-bottom:var(--wp--preset--spacing--medium);padding-left:var(--wp--preset--spacing--medium)\">\n<div class=\"wp-block-media-text is-stacked-on-mobile\" style=\"grid-template-columns:30% auto\"><figure class=\"wp-block-media-text__media\"><img loading=\"lazy\" decoding=\"async\" width=\"1024\" height=\"1024\" src=\"https:\/\/praxas.com\/wp-content\/uploads\/Praxas-Cog-PP-M-1024x1024.png\" alt=\"PanelPilot M PRAXAS Cog\" class=\"wp-image-43546 size-full\" srcset=\"https:\/\/praxas.com\/wp-content\/uploads\/Praxas-Cog-PP-M-1024x1024.png 1024w, https:\/\/praxas.com\/wp-content\/uploads\/Praxas-Cog-PP-M-300x300.png 300w, https:\/\/praxas.com\/wp-content\/uploads\/Praxas-Cog-PP-M-150x150.png 150w, https:\/\/praxas.com\/wp-content\/uploads\/Praxas-Cog-PP-M-768x768.png 768w, https:\/\/praxas.com\/wp-content\/uploads\/Praxas-Cog-PP-M-1536x1536.png 1536w, https:\/\/praxas.com\/wp-content\/uploads\/Praxas-Cog-PP-M-2048x2048.png 2048w, https:\/\/praxas.com\/wp-content\/uploads\/Praxas-Cog-PP-M-120x120.png 120w, https:\/\/praxas.com\/wp-content\/uploads\/Praxas-Cog-PP-M-990x990.png 990w, https:\/\/praxas.com\/wp-content\/uploads\/Praxas-Cog-PP-M-441x441.png 441w, https:\/\/praxas.com\/wp-content\/uploads\/Praxas-Cog-PP-M-100x100.png 100w, https:\/\/praxas.com\/wp-content\/uploads\/Praxas-Cog-PP-M-350x350.png 350w, https:\/\/praxas.com\/wp-content\/uploads\/Praxas-Cog-PP-M-800x800.png 800w\" sizes=\"auto, (max-width: 1024px) 100vw, 1024px\" \/><\/figure><div class=\"wp-block-media-text__content\">\n<h2 class=\"wp-block-heading has-text-color has-link-color wp-elements-6d0c130780af88e8b2715b1712a59e9c\" style=\"color:#009ee0\">PanelPilot M Software<\/h2>\n<\/div><\/div>\n\n\n\n<p>Mit der PanelPilot M Software k\u00f6nnen Sie Ihre Displays der M-Serie ganz einfach anpassen und konfigurieren. Sie ist mit Windows 10 und 11 kompatibel und bietet \u00fcber 40 Layout-Optionen und eine schnelle Personalisierung f\u00fcr Ihre speziellen Bed\u00fcrfnisse. <\/p>\n\n\n\n<div class=\"wp-block-buttons is-content-justification-right is-layout-flex wp-container-core-buttons-is-layout-d445cf74 wp-block-buttons-is-layout-flex\">\n<div class=\"wp-block-button\"><a class=\"wp-block-button__link has-background wp-element-button\" href=\"https:\/\/praxas.com\/de\/software\/panelpilot-software\/panelpilot-m\/\" style=\"border-radius:6px;background-color:#009ee0\"><strong>Mehr sehen<\/strong><\/a><\/div>\n\n\n\n<div class=\"wp-block-button is-style-outline is-style-outline--1\"><a class=\"wp-block-button__link has-text-color has-link-color wp-element-button\" href=\"https:\/\/s3.amazonaws.com\/lascar_downloads\/Panel+Pilot\/Panel+Pilot+V2_29.exe\" style=\"border-radius:6px;color:#009ee0\" target=\"_blank\" rel=\"noopener\"><strong>Software herunterladen  <i class=\"fa-solid fa-download\" style=\"color: #009ee0;\"><\/i><\/strong><\/a><\/div>\n<\/div>\n<\/div>\n\n\n\n<div class=\"wp-block-column has-background is-layout-flow wp-block-column-is-layout-flow\" style=\"border-radius:15px;background-color:#e5e5e5;padding-top:var(--wp--preset--spacing--medium);padding-right:var(--wp--preset--spacing--medium);padding-bottom:var(--wp--preset--spacing--medium);padding-left:var(--wp--preset--spacing--medium)\">\n<div class=\"wp-block-media-text is-stacked-on-mobile\" style=\"grid-template-columns:30% auto\"><figure class=\"wp-block-media-text__media\"><img loading=\"lazy\" decoding=\"async\" width=\"1024\" height=\"1024\" src=\"https:\/\/praxas.com\/wp-content\/uploads\/Praxas-Cog-PP-B-1024x1024.png\" alt=\"PanelPilot B PRAXAS Kogge\" class=\"wp-image-43540 size-full\" srcset=\"https:\/\/praxas.com\/wp-content\/uploads\/Praxas-Cog-PP-B-1024x1024.png 1024w, https:\/\/praxas.com\/wp-content\/uploads\/Praxas-Cog-PP-B-300x300.png 300w, https:\/\/praxas.com\/wp-content\/uploads\/Praxas-Cog-PP-B-150x150.png 150w, https:\/\/praxas.com\/wp-content\/uploads\/Praxas-Cog-PP-B-768x768.png 768w, https:\/\/praxas.com\/wp-content\/uploads\/Praxas-Cog-PP-B-1536x1536.png 1536w, https:\/\/praxas.com\/wp-content\/uploads\/Praxas-Cog-PP-B-2048x2048.png 2048w, https:\/\/praxas.com\/wp-content\/uploads\/Praxas-Cog-PP-B-120x120.png 120w, https:\/\/praxas.com\/wp-content\/uploads\/Praxas-Cog-PP-B-990x990.png 990w, https:\/\/praxas.com\/wp-content\/uploads\/Praxas-Cog-PP-B-441x441.png 441w, https:\/\/praxas.com\/wp-content\/uploads\/Praxas-Cog-PP-B-100x100.png 100w, https:\/\/praxas.com\/wp-content\/uploads\/Praxas-Cog-PP-B-350x350.png 350w, https:\/\/praxas.com\/wp-content\/uploads\/Praxas-Cog-PP-B-800x800.png 800w\" sizes=\"auto, (max-width: 1024px) 100vw, 1024px\" \/><\/figure><div class=\"wp-block-media-text__content\">\n<h2 class=\"wp-block-heading has-text-color has-link-color wp-elements-04b8399875b0364915ac62513e764952\" style=\"color:#009ee0\">PanelPilot B Software<\/h2>\n<\/div><\/div>\n\n\n\n<p>Mit der PanelPilot B Software k\u00f6nnen Sie Ihre Displays der B-Serie ganz einfach anpassen und konfigurieren. Sie ist mit Windows 10 und 11 kompatibel und bietet eine einfache M\u00f6glichkeit, Einstellungen zu personalisieren und direkt auf Ihr Ger\u00e4t hochzuladen. <\/p>\n\n\n\n<div class=\"wp-block-buttons is-content-justification-right is-layout-flex wp-container-core-buttons-is-layout-d445cf74 wp-block-buttons-is-layout-flex\">\n<div class=\"wp-block-button\"><a class=\"wp-block-button__link has-background wp-element-button\" href=\"https:\/\/praxas.com\/de\/software\/panelpilot-software\/panelpilot-b\/\" style=\"border-radius:6px;background-color:#009ee0\"><strong>Mehr sehen<\/strong><\/a><\/div>\n\n\n\n<div class=\"wp-block-button is-style-outline is-style-outline--2\"><a class=\"wp-block-button__link has-text-color has-link-color wp-element-button\" href=\"https:\/\/s3.amazonaws.com\/lascar_downloads\/Panel+Pilot+B\/PanelPilot+B+V1.04.exe\" style=\"border-radius:6px;color:#009ee0\" target=\"_blank\" rel=\"noopener\"><strong>Software herunterladen  <i class=\"fa-solid fa-download\" style=\"color: #009ee0;\"><\/i><\/strong><\/a><\/div>\n<\/div>\n<\/div>\n<\/div>\n<\/div>\n\n<div style=\"height:50px\" aria-hidden=\"true\" class=\"wp-block-spacer\"><\/div>\n\n<hr class=\"wp-block-separator has-alpha-channel-opacity\"\/>\n\n<div style=\"height:20px\" aria-hidden=\"true\" class=\"wp-block-spacer\"><\/div>\n\n<div class=\"wp-block-group alignfull has-white-background-color has-background has-global-padding is-layout-constrained wp-container-core-group-is-layout-9f45cca8 wp-block-group-is-layout-constrained\" style=\"padding-top:var(--wp--preset--spacing--large);padding-right:0;padding-bottom:var(--wp--preset--spacing--large);padding-left:0\">\n<h3 class=\"wp-block-heading has-text-align-center wp-embed-aspect-16-9 wp-has-aspect-ratio has-text-color has-link-color has-large-font-size wp-elements-59438ef2ca38391ac56a6a19b44aec5b\" style=\"color:#009ee0\">PanelPilotACE Design Studio<\/h3>\n\n\n\n<div style=\"height:20px\" aria-hidden=\"true\" class=\"wp-block-spacer\"><\/div>\n\n\n\n<div class=\"wp-block-columns wp-embed-aspect-16-9 wp-has-aspect-ratio is-layout-flex wp-container-core-columns-is-layout-28f84493 wp-block-columns-is-layout-flex\">\n<div class=\"wp-block-column is-layout-flow wp-block-column-is-layout-flow\">\n<div class=\"wp-block-columns is-layout-flex wp-container-core-columns-is-layout-28f84493 wp-block-columns-is-layout-flex\">\n<div class=\"wp-block-column is-layout-flow wp-block-column-is-layout-flow\" style=\"flex-basis:33.33%\">\n<figure class=\"wp-block-embed is-type-video is-provider-youtube wp-block-embed-youtube wp-embed-aspect-16-9 wp-has-aspect-ratio\"><div class=\"wp-block-embed__wrapper\">\n<div class=\"video-container\"><iframe loading=\"lazy\" title=\"PanelPilotACE Design Studio - Version 2\" width=\"1170\" height=\"658\" src=\"https:\/\/www.youtube.com\/embed\/igl0u6cR2uw?feature=oembed\" frameborder=\"0\" allow=\"accelerometer; autoplay; clipboard-write; encrypted-media; gyroscope; picture-in-picture; web-share\" referrerpolicy=\"strict-origin-when-cross-origin\" allowfullscreen><\/iframe><\/div>\n<\/div><\/figure>\n<\/div>\n\n\n\n<div class=\"wp-block-column is-layout-flow wp-block-column-is-layout-flow\" style=\"flex-basis:66.66%\">\n<p>PanelPilotACE Design Studio ist eine benutzerfreundliche Drag-and-Drop-Software zur Erstellung von benutzerdefinierten Anwendungen auf PanelPilotACE-Displays. Sie ist mit Windows 10 und 11 kompatibel und funktioniert mit Produkten wie dem EL-SGD 70-ATP und dem EL-SGD 43-ATP. So k\u00f6nnen Sie ganz einfach ma\u00dfgeschneiderte Oberfl\u00e4chen f\u00fcr Ihre Displays entwerfen. <\/p>\n\n\n\n<div class=\"wp-block-buttons is-content-justification-right is-layout-flex wp-container-core-buttons-is-layout-d445cf74 wp-block-buttons-is-layout-flex\">\n<div class=\"wp-block-button\"><a class=\"wp-block-button__link has-background wp-element-button\" href=\"https:\/\/praxas.com\/de\/software\/panelpilot-software\/panelpilotace-design-studio\/\" style=\"border-radius:6px;background-color:#009ee0\"><strong>Mehr erfahren<\/strong><\/a><\/div>\n\n\n\n<div class=\"wp-block-button is-style-outline is-style-outline--3\"><a class=\"wp-block-button__link has-text-color has-link-color wp-element-button\" href=\"https:\/\/s3.amazonaws.com\/lascar_downloads\/Panel+Pilot+ACE\/PanelPilotACE_4.0.2.4064.exe\" style=\"border-radius:6px;color:#009ee0\" target=\"_blank\" rel=\"noopener\"><strong>Software herunterladen  <i class=\"fa-solid fa-download\" style=\"color: #009ee0;\"><\/i><\/strong><\/a><\/div>\n<\/div>\n<\/div>\n<\/div>\n<\/div>\n<\/div>\n\n\n\n<div style=\"height:40px\" aria-hidden=\"true\" class=\"wp-block-spacer\"><\/div>\n\n\n\n<div class=\"wp-block-columns is-layout-flex wp-container-core-columns-is-layout-28f84493 wp-block-columns-is-layout-flex\">\n<div class=\"wp-block-column has-background is-layout-flow wp-block-column-is-layout-flow\" style=\"border-radius:10px;background-color:#e5e5e5;padding-top:var(--wp--preset--spacing--medium);padding-right:var(--wp--preset--spacing--medium);padding-bottom:var(--wp--preset--spacing--medium);padding-left:var(--wp--preset--spacing--medium)\">\n<div class=\"wp-block-media-text is-stacked-on-mobile\" style=\"padding-top:0;padding-bottom:0;grid-template-columns:25% auto\"><figure class=\"wp-block-media-text__media\"><img loading=\"lazy\" decoding=\"async\" width=\"1024\" height=\"1024\" src=\"https:\/\/praxas.com\/wp-content\/uploads\/Praxas-Cog-PP-ACE-1024x1024.png\" alt=\"PanelPilotACE PRAXAS Cog\" class=\"wp-image-43552 size-full\" srcset=\"https:\/\/praxas.com\/wp-content\/uploads\/Praxas-Cog-PP-ACE-1024x1024.png 1024w, https:\/\/praxas.com\/wp-content\/uploads\/Praxas-Cog-PP-ACE-300x300.png 300w, https:\/\/praxas.com\/wp-content\/uploads\/Praxas-Cog-PP-ACE-150x150.png 150w, https:\/\/praxas.com\/wp-content\/uploads\/Praxas-Cog-PP-ACE-768x768.png 768w, https:\/\/praxas.com\/wp-content\/uploads\/Praxas-Cog-PP-ACE-1536x1536.png 1536w, https:\/\/praxas.com\/wp-content\/uploads\/Praxas-Cog-PP-ACE-2048x2048.png 2048w, https:\/\/praxas.com\/wp-content\/uploads\/Praxas-Cog-PP-ACE-120x120.png 120w, https:\/\/praxas.com\/wp-content\/uploads\/Praxas-Cog-PP-ACE-990x990.png 990w, https:\/\/praxas.com\/wp-content\/uploads\/Praxas-Cog-PP-ACE-441x441.png 441w, https:\/\/praxas.com\/wp-content\/uploads\/Praxas-Cog-PP-ACE-100x100.png 100w, https:\/\/praxas.com\/wp-content\/uploads\/Praxas-Cog-PP-ACE-350x350.png 350w, https:\/\/praxas.com\/wp-content\/uploads\/Praxas-Cog-PP-ACE-800x800.png 800w\" sizes=\"auto, (max-width: 1024px) 100vw, 1024px\" \/><\/figure><div class=\"wp-block-media-text__content\">\n<h4 class=\"wp-block-heading has-text-align-left has-text-color has-link-color has-large-font-size wp-elements-d2402989cdf12d7299501e41ac2d82e8\" style=\"color:#009ee0\">PanelPilotACE Ger\u00e4te-Dienstprogramm<\/h4>\n<\/div><\/div>\n\n\n\n<p class=\"has-text-align-left\">Mit PanelPilotACE Device Utility (V1.0.2.25) k\u00f6nnen Sie PanelPilotACE-Produkte wie EL-SGD 70-ATP und EL-SGD 43-ATP verwalten. Damit k\u00f6nnen Sie Protokolle herunterladen, Projektdateien hochladen, die Software aktualisieren und die Echtzeituhr synchronisieren. <\/p>\n\n\n\n<div class=\"wp-block-buttons is-content-justification-right is-layout-flex wp-container-core-buttons-is-layout-d445cf74 wp-block-buttons-is-layout-flex\">\n<div class=\"wp-block-button\"><a class=\"wp-block-button__link has-background wp-element-button\" href=\"https:\/\/praxas.com\/de\/software\/panelpilot-software\/panelpilotace-geraete-dienstprogramm\/\" style=\"border-radius:6px;background-color:#009ee0\"><strong>Mehr erfahren<\/strong><\/a><\/div>\n\n\n\n<div class=\"wp-block-button is-style-outline is-style-outline--4\"><a class=\"wp-block-button__link has-text-color has-link-color wp-element-button\" href=\"https:\/\/s3.amazonaws.com\/lascar_downloads\/Panel+Pilot+ACE\/Standalone\/PanelPilot+ACE+Device+Utility+-+1.0.2.25+.exe\" style=\"border-radius:6px;color:#009ee0\" target=\"_blank\" rel=\"noopener\"><strong>Software herunterladen  <i class=\"fa-solid fa-download\" style=\"color: #009ee0;\"><\/i><\/strong><\/a><\/div>\n<\/div>\n<\/div>\n\n\n\n<div class=\"wp-block-column has-background is-layout-flow wp-block-column-is-layout-flow\" style=\"border-radius:10px;background-color:#e5e5e5;padding-top:var(--wp--preset--spacing--medium);padding-right:var(--wp--preset--spacing--medium);padding-bottom:var(--wp--preset--spacing--medium);padding-left:var(--wp--preset--spacing--medium)\">\n<div class=\"wp-block-media-text is-stacked-on-mobile\" style=\"grid-template-columns:25% auto\"><figure class=\"wp-block-media-text__media\"><img loading=\"lazy\" decoding=\"async\" width=\"1024\" height=\"1024\" src=\"https:\/\/praxas.com\/wp-content\/uploads\/Praxas-Cog-PP-ACE-1024x1024.png\" alt=\"PanelPilotACE PRAXAS Cog\" class=\"wp-image-43552 size-full\" srcset=\"https:\/\/praxas.com\/wp-content\/uploads\/Praxas-Cog-PP-ACE-1024x1024.png 1024w, https:\/\/praxas.com\/wp-content\/uploads\/Praxas-Cog-PP-ACE-300x300.png 300w, https:\/\/praxas.com\/wp-content\/uploads\/Praxas-Cog-PP-ACE-150x150.png 150w, https:\/\/praxas.com\/wp-content\/uploads\/Praxas-Cog-PP-ACE-768x768.png 768w, https:\/\/praxas.com\/wp-content\/uploads\/Praxas-Cog-PP-ACE-1536x1536.png 1536w, https:\/\/praxas.com\/wp-content\/uploads\/Praxas-Cog-PP-ACE-2048x2048.png 2048w, https:\/\/praxas.com\/wp-content\/uploads\/Praxas-Cog-PP-ACE-120x120.png 120w, https:\/\/praxas.com\/wp-content\/uploads\/Praxas-Cog-PP-ACE-990x990.png 990w, https:\/\/praxas.com\/wp-content\/uploads\/Praxas-Cog-PP-ACE-441x441.png 441w, https:\/\/praxas.com\/wp-content\/uploads\/Praxas-Cog-PP-ACE-100x100.png 100w, https:\/\/praxas.com\/wp-content\/uploads\/Praxas-Cog-PP-ACE-350x350.png 350w, https:\/\/praxas.com\/wp-content\/uploads\/Praxas-Cog-PP-ACE-800x800.png 800w\" sizes=\"auto, (max-width: 1024px) 100vw, 1024px\" \/><\/figure><div class=\"wp-block-media-text__content\">\n<h4 class=\"wp-block-heading has-text-align-left has-text-color has-link-color has-large-font-size wp-elements-abca81512d34a312704fd74d08b3f1c1\" style=\"color:#009ee0\">PanelPilotACE Ger\u00e4te-Software<\/h4>\n<\/div><\/div>\n\n\n\n<p class=\"has-text-align-left\">PanelPilotACE Device Software (V4.0.2.4064) erm\u00f6glicht Ihnen ein manuelles Upgrade Ihres Ger\u00e4ts. Laden Sie einfach die Software herunter, entpacken Sie sie und verwenden Sie PanelPilotACE Design Studio, um die neueste Software \u00fcber USB auf Ihr Ger\u00e4t zu laden. <\/p>\n\n\n\n<div class=\"wp-block-buttons is-content-justification-right is-layout-flex wp-container-core-buttons-is-layout-d445cf74 wp-block-buttons-is-layout-flex\">\n<div class=\"wp-block-button\"><a class=\"wp-block-button__link has-background wp-element-button\" href=\"https:\/\/praxas.com\/de\/software\/panelpilot-software\/panelpilotace-geraete-software\/\" style=\"border-radius:6px;background-color:#009ee0\"><strong>Mehr erfahren<\/strong><\/a><\/div>\n\n\n\n<div class=\"wp-block-button is-style-outline is-style-outline--5\"><a class=\"wp-block-button__link has-text-color has-link-color wp-element-button\" href=\"https:\/\/s3.amazonaws.com\/lascar_downloads\/Panel+Pilot+ACE\/PanelPilotACE4.0.2.4064.zip\" style=\"border-radius:6px;color:#009ee0\" target=\"_blank\" rel=\"noopener\"><strong>Software herunterladen  <i class=\"fa-solid fa-download\" style=\"color: #009ee0;\"><\/i><\/strong><\/a><\/div>\n<\/div>\n<\/div>\n<\/div>\n<\/div>\n\n<div style=\"height:50px\" aria-hidden=\"true\" class=\"wp-block-spacer\"><\/div>\n","protected":false},"excerpt":{"rendered":"<p>PanelPilot M Software Mit der PanelPilot M Software k\u00f6nnen Sie Ihre Displays der M-Serie ganz einfach anpassen und konfigurieren. Sie ist mit Windows 10 und 11 kompatibel und bietet \u00fcber 40 Layout-Optionen und eine schnelle Personalisierung f\u00fcr Ihre speziellen Bed\u00fcrfnisse. PanelPilot B Software Mit der PanelPilot B Software k\u00f6nnen Sie Ihre Displays der B-Serie ganz [&hellip;]<\/p>\n","protected":false},"author":1,"featured_media":0,"parent":25378,"menu_order":0,"comment_status":"closed","ping_status":"closed","template":"template-fullwidth-no-heading.php","meta":{"_acf_changed":false,"content-type":"","_uag_custom_page_level_css":"","footnotes":""},"class_list":["post-25376","page","type-page","status-publish","hentry"],"acf":[],"spectra_custom_meta":{"hero_image":[""],"_hero_image":["field_64f1a7da7af44"],"_hero_h1":["field_64f19e1edd052"],"_hero_h2":["field_64f19e2ddd053"],"_hero_text":["field_64f19e42dd054"],"_hero_button_text":["field_64f19e4edd055"],"_hero_button_link":["field_64f19e5ddd056"],"_top_nav_excluded":[""],"_cms_nav_minihome":[""],"_wp_page_template":["template-fullwidth-no-heading.php"],"_last_translation_edit_mode":["translation-editor"],"rank_math_title":["PanelPilot Software | Free Software for PanelPilot Displays"],"rank_math_description":["Browse all of Lascar Electronics' free software for the PanelPilot Displays. If you would like a cusom software solution please contact the sales team today"],"rank_math_focus_keyword":["PanelPilot Software"],"rank_math_analytic_object_id":["823"],"rank_math_og_content_image":["a:2:{s:5:\"check\";s:32:\"50f0f5868f7864e19c64777f5f3f516c\";s:6:\"images\";a:2:{i:0;i:43558;i:1;i:43546;}}"],"_oembed_3af5c40b322b747a884662d2e097124a":["<iframe title=\"PanelPilotACE Design Studio - Version 2\" width=\"1170\" height=\"658\" src=\"https:\/\/www.youtube.com\/embed\/igl0u6cR2uw?feature=oembed\" frameborder=\"0\" allow=\"accelerometer; autoplay; clipboard-write; encrypted-media; gyroscope; picture-in-picture; web-share\" referrerpolicy=\"strict-origin-when-cross-origin\" allowfullscreen><\/iframe>"],"_oembed_time_3af5c40b322b747a884662d2e097124a":["1734450122"],"_uag_css_file_name":["uag-css-25376.css"],"_uag_page_assets":["a:9:{s:3:\"css\";s:263:\".uag-blocks-common-selector{z-index:var(--z-index-desktop) !important}@media (max-width: 976px){.uag-blocks-common-selector{z-index:var(--z-index-tablet) !important}}@media (max-width: 767px){.uag-blocks-common-selector{z-index:var(--z-index-mobile) !important}}\n\";s:2:\"js\";s:0:\"\";s:18:\"current_block_list\";a:12:{i:0;s:10:\"core\/cover\";i:1;s:12:\"core\/columns\";i:2;s:11:\"core\/column\";i:3;s:12:\"core\/heading\";i:4;s:11:\"core\/spacer\";i:5;s:14:\"core\/paragraph\";i:6;s:10:\"core\/group\";i:9;s:15:\"core\/media-text\";i:10;s:12:\"core\/buttons\";i:11;s:11:\"core\/button\";i:12;s:14:\"core\/separator\";i:17;s:10:\"core\/embed\";}s:8:\"uag_flag\";b:0;s:11:\"uag_version\";s:10:\"1777534559\";s:6:\"gfonts\";a:0:{}s:10:\"gfonts_url\";s:0:\"\";s:12:\"gfonts_files\";a:0:{}s:14:\"uag_faq_layout\";b:0;}"]},"uagb_featured_image_src":{"full":false,"thumbnail":false,"medium":false,"medium_large":false,"large":false,"1536x1536":false,"2048x2048":false,"crunchify-admin-post-featured-image":false,"commercegurus-pdp-large":false,"commercegurus-plp-mobile":false,"cgkit_image_swatch":false,"woocommerce_thumbnail":false,"woocommerce_single":false,"woocommerce_gallery_thumbnail":false},"uagb_author_info":{"display_name":"AndyS","author_link":"https:\/\/praxas.com\/de\/author\/andys\/"},"uagb_comment_info":0,"uagb_excerpt":"PanelPilot M Software Mit der PanelPilot M Software k\u00f6nnen Sie Ihre Displays der M-Serie ganz einfach anpassen und konfigurieren. Sie ist mit Windows 10 und 11 kompatibel und bietet \u00fcber 40 Layout-Optionen und eine schnelle Personalisierung f\u00fcr Ihre speziellen Bed\u00fcrfnisse. PanelPilot B Software Mit der PanelPilot B Software k\u00f6nnen Sie Ihre Displays der B-Serie ganz&hellip;","_links":{"self":[{"href":"https:\/\/praxas.com\/de\/wp-json\/wp\/v2\/pages\/25376","targetHints":{"allow":["GET"]}}],"collection":[{"href":"https:\/\/praxas.com\/de\/wp-json\/wp\/v2\/pages"}],"about":[{"href":"https:\/\/praxas.com\/de\/wp-json\/wp\/v2\/types\/page"}],"author":[{"embeddable":true,"href":"https:\/\/praxas.com\/de\/wp-json\/wp\/v2\/users\/1"}],"replies":[{"embeddable":true,"href":"https:\/\/praxas.com\/de\/wp-json\/wp\/v2\/comments?post=25376"}],"version-history":[{"count":2,"href":"https:\/\/praxas.com\/de\/wp-json\/wp\/v2\/pages\/25376\/revisions"}],"predecessor-version":[{"id":43601,"href":"https:\/\/praxas.com\/de\/wp-json\/wp\/v2\/pages\/25376\/revisions\/43601"}],"up":[{"embeddable":true,"href":"https:\/\/praxas.com\/de\/wp-json\/wp\/v2\/pages\/25378"}],"wp:attachment":[{"href":"https:\/\/praxas.com\/de\/wp-json\/wp\/v2\/media?parent=25376"}],"curies":[{"name":"wp","href":"https:\/\/api.w.org\/{rel}","templated":true}]}}