{"id":25382,"date":"2023-08-22T09:43:45","date_gmt":"2023-08-22T09:43:45","guid":{"rendered":"https:\/\/staging.praxas.com\/easylog-kuehlkette\/"},"modified":"2025-06-20T09:56:46","modified_gmt":"2025-06-20T09:56:46","slug":"easylog-kuehlkette","status":"publish","type":"page","link":"https:\/\/praxas.com\/de\/software\/easylog-software\/easylog-kuehlkette\/","title":{"rendered":"EasyLog K\u00fchlkette"},"content":{"rendered":"","protected":false},"excerpt":{"rendered":"","protected":false},"author":1,"featured_media":25388,"parent":25764,"menu_order":3,"comment_status":"closed","ping_status":"closed","template":"template-software.php","meta":{"_acf_changed":false,"content-type":"","_uag_custom_page_level_css":"","footnotes":""},"class_list":["post-25382","page","type-page","status-publish","has-post-thumbnail","hentry"],"acf":[],"spectra_custom_meta":{"hero_image":[""],"_hero_image":["field_64f1a7da7af44"],"_hero_h1":["field_64f19e1edd052"],"_hero_h2":["field_64f19e2ddd053"],"_hero_text":["field_64f19e42dd054"],"_hero_button_text":["field_64f19e4edd055"],"_hero_button_link":["field_64f19e5ddd056"],"_section_1_left_logo":["field_651e72281c3c5"],"_section_1_header_text":["field_651e7c25d75f7"],"_section_1_content":["field_651e75bf15788"],"_section_1_download_button_link":["field_651e75feff811"],"_section_2_header_text":["field_651e773b3573b"],"_section_2_content":["field_651e775b3573d"],"_section_3_header_text":["field_651e7df523dc1"],"_section_3_content":["field_651e7e0c23dc2"],"_top_nav_excluded":[""],"_cms_nav_minihome":[""],"_wp_page_template":["template-software.php"],"_thumbnail_id":["25388"],"_last_translation_edit_mode":["translation-editor"],"_edit_lock":["1721640036:8383"],"classic-editor-remember":["classic-editor"],"rank_math_seo_score":["52"],"_edit_last":["8383"],"section_2_content":[""],"hero_h1":[""],"hero_h2":[""],"hero_text":[""],"hero_button_text":[""],"hero_button_link":[""],"_wpml_media_duplicate":["1"],"_wpml_media_featured":["1"],"section_1_left_logo":["14549"],"_wpml_word_count":["3"],"rank_math_title":["EasyLog K\u00fchlketten-Software | K\u00fchlketten-Datenlogger"],"rank_math_description":["Die EasyLog Cold Chain Software wird mit einer kostenlosen Konfiguration f\u00fcr alle EL-CC-1 und EL-CC-2 Datenlogger geliefert. Rufen Sie an f\u00fcr weitere Details! "],"rank_math_focus_keyword":["easylog K\u00fchlkette"],"section_1_header_text":["EasyLog K\u00fchlkette"],"section_1_content":["Version 2.0 unserer EasyLog Cold Chain Software, kompatibel mit Windows 10 und 11."],"section_1_download_button_link":["https:\/\/s3.amazonaws.com\/lascar_downloads\/EasyLog+CC+Installer.exe"],"section_2_header_text":["Willkommen bei EasyLog Cold Chain Software"],"section_3_header_text":["Eigenschaften"],"section_3_content":["<img class=\"alignleft wp-image-12619 size-medium\" src=\"https:\/\/praxas.com\/wp-content\/uploads\/cc-swscreens-300x270.png\" alt=\"EasyLog K\u00fchlketten-Software\" width=\"300\" height=\"270\">Die EL-CC Coldchain-Datenlogger von Lascar werden mit einer kostenlosen Konfigurationssoftware f\u00fcr alle Datenlogger der Serie <strong>\n  <a href=\"https:\/\/praxas.com\/?s=EL-CC-1\">EL-CC-1<\/a>\n<\/strong> und <strong><a href=\"https:\/\/praxas.com\/?s=EL-CC-2\">EL-CC-2<\/a> <\/strong>Reihe.\n\nDa die Logger vorkonfiguriert sind, ist keine Aufr\u00fcstung erforderlich. Klicken Sie stattdessen einfach auf <strong>Prime Logger<\/strong>, um die Aufzeichnung zu starten; <strong>Save Data<\/strong>, um Daten vom Logger herunterzuladen oder <strong>View Previous Data<\/strong>, um fr\u00fchere Aufzeichnungssitzungen zu sehen.\n\nDie Daten werden in der EasyLog-Software in einem grafischen Format heruntergeladen. Fahren Sie mit dem Mauszeiger \u00fcber das Diagramm, um Protokolle mit Zeit- und Datumsstempel anzuzeigen. Exportieren Sie alle Daten zur weiteren Analyse nach Excel oder sehen Sie sich die durchschnittlichen Statistiken \u00fcber einen bestimmten Zeitraum mit dem EasyLog-Zusammenfassungsbericht an.\n\n\u00a0"],"_uag_page_assets":["a:9:{s:3:\"css\";s:0:\"\";s:2:\"js\";s:0:\"\";s:18:\"current_block_list\";a:0:{}s:8:\"uag_flag\";b:0;s:11:\"uag_version\";s:10:\"1777052440\";s:6:\"gfonts\";a:0:{}s:10:\"gfonts_url\";s:0:\"\";s:12:\"gfonts_files\";a:0:{}s:14:\"uag_faq_layout\";b:0;}"]},"uagb_featured_image_src":{"full":["https:\/\/praxas.com\/wp-content\/uploads\/SoftwarePage_Icons_EL-CC.jpg",1200,630,false],"thumbnail":["https:\/\/praxas.com\/wp-content\/uploads\/SoftwarePage_Icons_EL-CC-150x150.jpg",150,150,true],"medium":["https:\/\/praxas.com\/wp-content\/uploads\/SoftwarePage_Icons_EL-CC-300x158.jpg",300,158,true],"medium_large":["https:\/\/praxas.com\/wp-content\/uploads\/SoftwarePage_Icons_EL-CC-768x403.jpg",768,403,true],"large":["https:\/\/praxas.com\/wp-content\/uploads\/SoftwarePage_Icons_EL-CC-1024x538.jpg",1024,538,true],"1536x1536":["https:\/\/praxas.com\/wp-content\/uploads\/SoftwarePage_Icons_EL-CC.jpg",1200,630,false],"2048x2048":["https:\/\/praxas.com\/wp-content\/uploads\/SoftwarePage_Icons_EL-CC.jpg",1200,630,false],"crunchify-admin-post-featured-image":["https:\/\/praxas.com\/wp-content\/uploads\/SoftwarePage_Icons_EL-CC-120x63.jpg",120,63,true],"commercegurus-pdp-large":["https:\/\/praxas.com\/wp-content\/uploads\/SoftwarePage_Icons_EL-CC-990x520.jpg",990,520,true],"commercegurus-plp-mobile":["https:\/\/praxas.com\/wp-content\/uploads\/SoftwarePage_Icons_EL-CC-441x232.jpg",441,232,true],"cgkit_image_swatch":["https:\/\/praxas.com\/wp-content\/uploads\/SoftwarePage_Icons_EL-CC-100x100.jpg",100,100,true],"woocommerce_thumbnail":["https:\/\/praxas.com\/wp-content\/uploads\/SoftwarePage_Icons_EL-CC-300x158.jpg",300,158,true],"woocommerce_single":["https:\/\/praxas.com\/wp-content\/uploads\/SoftwarePage_Icons_EL-CC-800x420.jpg",800,420,true],"woocommerce_gallery_thumbnail":["https:\/\/praxas.com\/wp-content\/uploads\/SoftwarePage_Icons_EL-CC-150x79.jpg",150,79,true]},"uagb_author_info":{"display_name":"AndyS","author_link":"https:\/\/praxas.com\/de\/author\/andys\/"},"uagb_comment_info":0,"uagb_excerpt":null,"_links":{"self":[{"href":"https:\/\/praxas.com\/de\/wp-json\/wp\/v2\/pages\/25382","targetHints":{"allow":["GET"]}}],"collection":[{"href":"https:\/\/praxas.com\/de\/wp-json\/wp\/v2\/pages"}],"about":[{"href":"https:\/\/praxas.com\/de\/wp-json\/wp\/v2\/types\/page"}],"author":[{"embeddable":true,"href":"https:\/\/praxas.com\/de\/wp-json\/wp\/v2\/users\/1"}],"replies":[{"embeddable":true,"href":"https:\/\/praxas.com\/de\/wp-json\/wp\/v2\/comments?post=25382"}],"version-history":[{"count":2,"href":"https:\/\/praxas.com\/de\/wp-json\/wp\/v2\/pages\/25382\/revisions"}],"predecessor-version":[{"id":38323,"href":"https:\/\/praxas.com\/de\/wp-json\/wp\/v2\/pages\/25382\/revisions\/38323"}],"up":[{"embeddable":true,"href":"https:\/\/praxas.com\/de\/wp-json\/wp\/v2\/pages\/25764"}],"wp:featuredmedia":[{"embeddable":true,"href":"https:\/\/praxas.com\/de\/wp-json\/wp\/v2\/media\/25388"}],"wp:attachment":[{"href":"https:\/\/praxas.com\/de\/wp-json\/wp\/v2\/media?parent=25382"}],"curies":[{"name":"wp","href":"https:\/\/api.w.org\/{rel}","templated":true}]}}