{"id":25399,"date":"2023-08-22T09:11:15","date_gmt":"2023-08-22T09:11:15","guid":{"rendered":"https:\/\/staging.praxas.com\/easylog-21cfr-wifi\/"},"modified":"2025-06-20T09:57:03","modified_gmt":"2025-06-20T09:57:03","slug":"easylog-21cfr-wifi","status":"publish","type":"page","link":"https:\/\/praxas.com\/de\/software\/easylog-software\/easylog-21cfr-wifi\/","title":{"rendered":"EasyLog 21CFR WiFi"},"content":{"rendered":"<h3><\/h3>\n","protected":false},"excerpt":{"rendered":"","protected":false},"author":1,"featured_media":25403,"parent":25764,"menu_order":8,"comment_status":"closed","ping_status":"closed","template":"template-software.php","meta":{"_acf_changed":false,"content-type":"","_uag_custom_page_level_css":"","footnotes":""},"class_list":["post-25399","page","type-page","status-publish","has-post-thumbnail","hentry"],"acf":[],"spectra_custom_meta":{"hero_image":[""],"_hero_image":["field_64f1a7da7af44"],"_hero_h1":["field_64f19e1edd052"],"_hero_h2":["field_64f19e2ddd053"],"_hero_text":["field_64f19e42dd054"],"_hero_button_text":["field_64f19e4edd055"],"_hero_button_link":["field_64f19e5ddd056"],"section_1_left_logo":["14543"],"_section_1_left_logo":["field_651e72281c3c5"],"_section_1_header_text":["field_651e7c25d75f7"],"_section_1_content":["field_651e75bf15788"],"_section_1_download_button_link":["field_651e75feff811"],"_section_2_header_text":["field_651e773b3573b"],"_section_2_content":["field_651e775b3573d"],"_section_3_header_text":["field_651e7df523dc1"],"_section_3_content":["field_651e7e0c23dc2"],"_top_nav_excluded":[""],"_cms_nav_minihome":[""],"_wp_page_template":["template-software.php"],"_thumbnail_id":["25403"],"_last_translation_edit_mode":["translation-editor"],"rank_math_title":["EasyLog 21CFR WiFi Software | EasyLog Funk-Datenlogger"],"rank_math_description":["Laden Sie unsere EasyLog 21CFR WiFi Software herunter, die in Verbindung mit den Lascar 21CFR Datenloggern f\u00fcr Temperatur und Luftfeuchtigkeit verwendet wird!"],"rank_math_focus_keyword":["21CFR WiFi Software"],"section_1_header_text":["EasyLog 21CFR WiFi"],"section_1_content":["Laden Sie die Version 1.00.12 unserer EasyLog 21CFR WiFi Software herunter, die mit Windows 10 und 11 kompatibel ist."],"section_1_download_button_link":["https:\/\/s3.amazonaws.com\/easylogcloud\/WiFi+Sensor+Software+21CFR.exe"],"section_2_header_text":["Willkommen bei 21CFR Cloud"],"section_2_content":["Besuchen Sie unseren <strong>\n  <a href=\"https:\/\/www.youtube.com\/playlist?list=PL_yZedoZ_7MrSRnF7Sh4M-BymVVqeuO2p\" target=\"_blank\" rel=\"noopener\">EasyLog Tutorial-Kanal<\/a>\n<\/strong> f\u00fcr Anleitungen zur Verwendung der WiFi 21CFR-Ger\u00e4te von Lascar."],"section_3_header_text":["Eigenschaften"],"section_3_content":["In Verbindung mit Lascars 21CFR-Datenloggern f\u00fcr Temperatur und Temperatur und Luftfeuchtigkeit bietet dieses Hardware- und Software-\u00dcberwachungssystem die M\u00f6glichkeit, eine Umgebung aus der Ferne zu \u00fcberwachen und die Daten gem\u00e4\u00df 21CFR Part 11 zu erfassen und zu speichern.\n\nDie Daten werden direkt in die FilesThruTheAir Cloud gestreamt und k\u00f6nnen so problemlos \u00fcber ein bestehendes WiFi-Netzwerk verwaltet werden, ohne dass Sie die Ger\u00e4te physisch abholen und mit Ihrem PC verbinden m\u00fcssen.\n\n<strong><img class=\" wp-image-12631 alignleft\" src=\"https:\/\/praxas.com\/wp-content\/uploads\/21cfrwifi-300x180.png\" alt=\"\" width=\"354\" height=\"212\">Das 21CFR Cloud-Abonnement bietet die gesamte Flexibilit\u00e4t eines Fern\u00fcberwachungssystems:<\/strong>\n<ul>\n \t<li>Interaktion mit Sensoren \u00fcber jedes internetf\u00e4hige Ger\u00e4t<\/li>\n \t<li>Verwalten und \u00dcberwachen von Sensoren<\/li>\n \t<li>Auf Ereignisprotokolle zugreifen und E-Mail-Benachrichtigungen einrichten<\/li>\n \t<li>Weisen Sie den Benutzerkonten Berechtigungsstufen zu und zeigen Sie umfassende Pr\u00fcfprotokolle an.<\/li>\n<\/ul>\n\u00a0\n\n\u00a0\n<ul>\n \t<li><strong><img class=\"alignleft wp-image-12630\" src=\"https:\/\/praxas.com\/wp-content\/uploads\/21cfrwifi2-300x180.png\" alt=\"\" width=\"354\" height=\"212\">Im Gegensatz zum standardm\u00e4\u00dfigen FilesThruTheAir Cloud-Service umfasst die 21CFR Cloud-Funktionalit\u00e4t jedoch weitere Kontrollen wie z. B.:<\/strong><\/li>\n \t<li>Verschl\u00fcsselte Daten<\/li>\n \t<li>Erlaubnisbasierte Nutzung<\/li>\n \t<li>Unterschrift der Beh\u00f6rde<\/li>\n \t<li>Elektronische Signaturen<\/li>\n<\/ul>\n\u00a0\n\n\u00a0\n\nEin Cloud-Abonnement wird w\u00e4hrend des Einrichtungsprozesses des WiFi-Sensors mit der FilesThruTheAir 21CFR WiFi Sensor Software erstellt. 21CFR WiFi-Sensoren sind nur mit der 21CFR Cloud kompatibel.\n\n\u00a0"],"_wpml_word_count":["3"],"_uag_page_assets":["a:9:{s:3:\"css\";s:0:\"\";s:2:\"js\";s:0:\"\";s:18:\"current_block_list\";a:0:{}s:8:\"uag_flag\";b:0;s:11:\"uag_version\";s:10:\"1777474636\";s:6:\"gfonts\";a:0:{}s:10:\"gfonts_url\";s:0:\"\";s:12:\"gfonts_files\";a:0:{}s:14:\"uag_faq_layout\";b:0;}"]},"uagb_featured_image_src":{"full":["https:\/\/praxas.com\/wp-content\/uploads\/SoftwarePage_Icons_21CFRWiFi.jpg",1200,630,false],"thumbnail":["https:\/\/praxas.com\/wp-content\/uploads\/SoftwarePage_Icons_21CFRWiFi-150x150.jpg",150,150,true],"medium":["https:\/\/praxas.com\/wp-content\/uploads\/SoftwarePage_Icons_21CFRWiFi-300x158.jpg",300,158,true],"medium_large":["https:\/\/praxas.com\/wp-content\/uploads\/SoftwarePage_Icons_21CFRWiFi-768x403.jpg",768,403,true],"large":["https:\/\/praxas.com\/wp-content\/uploads\/SoftwarePage_Icons_21CFRWiFi-1024x538.jpg",1024,538,true],"1536x1536":["https:\/\/praxas.com\/wp-content\/uploads\/SoftwarePage_Icons_21CFRWiFi.jpg",1200,630,false],"2048x2048":["https:\/\/praxas.com\/wp-content\/uploads\/SoftwarePage_Icons_21CFRWiFi.jpg",1200,630,false],"crunchify-admin-post-featured-image":["https:\/\/praxas.com\/wp-content\/uploads\/SoftwarePage_Icons_21CFRWiFi-120x63.jpg",120,63,true],"commercegurus-pdp-large":["https:\/\/praxas.com\/wp-content\/uploads\/SoftwarePage_Icons_21CFRWiFi-990x520.jpg",990,520,true],"commercegurus-plp-mobile":["https:\/\/praxas.com\/wp-content\/uploads\/SoftwarePage_Icons_21CFRWiFi-441x232.jpg",441,232,true],"cgkit_image_swatch":["https:\/\/praxas.com\/wp-content\/uploads\/SoftwarePage_Icons_21CFRWiFi-100x100.jpg",100,100,true],"woocommerce_thumbnail":["https:\/\/praxas.com\/wp-content\/uploads\/SoftwarePage_Icons_21CFRWiFi-300x158.jpg",300,158,true],"woocommerce_single":["https:\/\/praxas.com\/wp-content\/uploads\/SoftwarePage_Icons_21CFRWiFi-800x420.jpg",800,420,true],"woocommerce_gallery_thumbnail":["https:\/\/praxas.com\/wp-content\/uploads\/SoftwarePage_Icons_21CFRWiFi-150x79.jpg",150,79,true]},"uagb_author_info":{"display_name":"AndyS","author_link":"https:\/\/praxas.com\/de\/author\/andys\/"},"uagb_comment_info":0,"uagb_excerpt":null,"_links":{"self":[{"href":"https:\/\/praxas.com\/de\/wp-json\/wp\/v2\/pages\/25399","targetHints":{"allow":["GET"]}}],"collection":[{"href":"https:\/\/praxas.com\/de\/wp-json\/wp\/v2\/pages"}],"about":[{"href":"https:\/\/praxas.com\/de\/wp-json\/wp\/v2\/types\/page"}],"author":[{"embeddable":true,"href":"https:\/\/praxas.com\/de\/wp-json\/wp\/v2\/users\/1"}],"replies":[{"embeddable":true,"href":"https:\/\/praxas.com\/de\/wp-json\/wp\/v2\/comments?post=25399"}],"version-history":[{"count":1,"href":"https:\/\/praxas.com\/de\/wp-json\/wp\/v2\/pages\/25399\/revisions"}],"predecessor-version":[{"id":25766,"href":"https:\/\/praxas.com\/de\/wp-json\/wp\/v2\/pages\/25399\/revisions\/25766"}],"up":[{"embeddable":true,"href":"https:\/\/praxas.com\/de\/wp-json\/wp\/v2\/pages\/25764"}],"wp:featuredmedia":[{"embeddable":true,"href":"https:\/\/praxas.com\/de\/wp-json\/wp\/v2\/media\/25403"}],"wp:attachment":[{"href":"https:\/\/praxas.com\/de\/wp-json\/wp\/v2\/media?parent=25399"}],"curies":[{"name":"wp","href":"https:\/\/api.w.org\/{rel}","templated":true}]}}