{"id":25549,"date":"2024-07-01T13:24:09","date_gmt":"2024-07-01T11:24:09","guid":{"rendered":"https:\/\/staging.praxas.com\/verfolgen-und-aufspueren\/"},"modified":"2025-08-19T16:19:33","modified_gmt":"2025-08-19T14:19:33","slug":"verfolgen-und-aufspueren","status":"publish","type":"page","link":"https:\/\/praxas.com\/de\/verfolgen-und-aufspueren\/","title":{"rendered":"Verfolgen und Aufsp\u00fcren"},"content":{"rendered":"\n<div style=\"height:80px\" aria-hidden=\"true\" class=\"wp-block-spacer\"><\/div>\n\n<p>Leider bieten wir Track &amp; Trace von Tive nicht mehr an. Aber alle Funktionen von Tive finden Sie im brandneuen LT5GEO von LogTag! <\/p>\n\n<div class=\"wp-block-buttons is-content-justification-center is-layout-flex wp-container-core-buttons-is-layout-a89b3969 wp-block-buttons-is-layout-flex\">\n<div class=\"wp-block-button\"><a class=\"wp-block-button__link has-background wp-element-button\" href=\"https:\/\/praxas.com\/de\/product\/datenlogger\/temperatur-luftfeuchtigkeit-de\/lt5geo\/\" style=\"border-radius:8px;background-color:#009ee0\">LT5GEO kaufen<\/a><\/div>\n<\/div>\n","protected":false},"excerpt":{"rendered":"<p>Leider bieten wir Track &amp; Trace von Tive nicht mehr an. Aber alle Funktionen von Tive finden Sie im brandneuen LT5GEO von LogTag!<\/p>\n","protected":false},"author":8383,"featured_media":0,"parent":0,"menu_order":0,"comment_status":"closed","ping_status":"closed","template":"template-fullwidth-no-heading.php","meta":{"_acf_changed":false,"content-type":"","_uag_custom_page_level_css":"","footnotes":""},"class_list":["post-25549","page","type-page","status-publish","hentry"],"acf":[],"spectra_custom_meta":{"hero_image":[""],"_hero_image":["field_64f1a7da7af44"],"_hero_h1":["field_64f19e1edd052"],"_hero_h2":["field_64f19e2ddd053"],"_hero_text":["field_64f19e42dd054"],"_hero_button_text":["field_64f19e4edd055"],"_hero_button_link":["field_64f19e5ddd056"],"_top_nav_excluded":[""],"_cms_nav_minihome":[""],"_wp_page_template":["template-fullwidth-no-heading.php"],"rank_math_og_content_image":["a:2:{s:5:\"check\";s:32:\"6bc662790d8dcf733e81d35e7c45665d\";s:6:\"images\";a:3:{i:0;i:43656;i:1;i:20102;i:2;i:43509;}}"],"_last_translation_edit_mode":["translation-editor"],"rank_math_analytic_object_id":["818"],"_oembed_523516c9778d574c01e2eb5e266b421b":["<iframe title=\"Praxas track &amp; trace bij Kraats Kaas\" width=\"1170\" height=\"658\" src=\"https:\/\/www.youtube.com\/embed\/4ZTacnJ_PlM?feature=oembed\" frameborder=\"0\" allow=\"accelerometer; autoplay; clipboard-write; encrypted-media; gyroscope; picture-in-picture; web-share\" referrerpolicy=\"strict-origin-when-cross-origin\" allowfullscreen><\/iframe>"],"_oembed_time_523516c9778d574c01e2eb5e266b421b":["1734450180"],"_wpml_word_count":["28"],"rank_math_focus_keyword":["Verfolgen und Aufsp\u00fcren"],"rank_math_title":["Track & Trace L\u00f6sungen: Vollst\u00e4ndige Kontrolle %sep% %sitename%"],"rank_math_description":["Erh\u00f6hen Sie die Sicherheit Ihrer Sendungen mit Track & Trace-L\u00f6sungen. Erhalten Sie Echtzeit-Transparenz, Zustands\u00fcberwachung und verwertbare Erkenntnisse f\u00fcr alle Transporte. "],"rank_math_robots":["a:1:{i:0;s:7:\"noindex\";}"],"_uag_css_file_name":["uag-css-25549.css"],"_uag_page_assets":["a:9:{s:3:\"css\";s:263:\".uag-blocks-common-selector{z-index:var(--z-index-desktop) !important}@media (max-width: 976px){.uag-blocks-common-selector{z-index:var(--z-index-tablet) !important}}@media (max-width: 767px){.uag-blocks-common-selector{z-index:var(--z-index-mobile) !important}}\n\";s:2:\"js\";s:0:\"\";s:18:\"current_block_list\";a:4:{i:0;s:11:\"core\/spacer\";i:1;s:14:\"core\/paragraph\";i:2;s:12:\"core\/buttons\";i:3;s:11:\"core\/button\";}s:8:\"uag_flag\";b:0;s:11:\"uag_version\";s:10:\"1776763693\";s:6:\"gfonts\";a:0:{}s:10:\"gfonts_url\";s:0:\"\";s:12:\"gfonts_files\";a:0:{}s:14:\"uag_faq_layout\";b:0;}"]},"uagb_featured_image_src":{"full":false,"thumbnail":false,"medium":false,"medium_large":false,"large":false,"1536x1536":false,"2048x2048":false,"crunchify-admin-post-featured-image":false,"commercegurus-pdp-large":false,"commercegurus-plp-mobile":false,"cgkit_image_swatch":false,"woocommerce_thumbnail":false,"woocommerce_single":false,"woocommerce_gallery_thumbnail":false},"uagb_author_info":{"display_name":"Alex James","author_link":"https:\/\/praxas.com\/de\/author\/alex\/"},"uagb_comment_info":0,"uagb_excerpt":"Leider bieten wir Track &amp; Trace von Tive nicht mehr an. Aber alle Funktionen von Tive finden Sie im brandneuen LT5GEO von LogTag!","_links":{"self":[{"href":"https:\/\/praxas.com\/de\/wp-json\/wp\/v2\/pages\/25549","targetHints":{"allow":["GET"]}}],"collection":[{"href":"https:\/\/praxas.com\/de\/wp-json\/wp\/v2\/pages"}],"about":[{"href":"https:\/\/praxas.com\/de\/wp-json\/wp\/v2\/types\/page"}],"author":[{"embeddable":true,"href":"https:\/\/praxas.com\/de\/wp-json\/wp\/v2\/users\/8383"}],"replies":[{"embeddable":true,"href":"https:\/\/praxas.com\/de\/wp-json\/wp\/v2\/comments?post=25549"}],"version-history":[{"count":7,"href":"https:\/\/praxas.com\/de\/wp-json\/wp\/v2\/pages\/25549\/revisions"}],"predecessor-version":[{"id":51549,"href":"https:\/\/praxas.com\/de\/wp-json\/wp\/v2\/pages\/25549\/revisions\/51549"}],"wp:attachment":[{"href":"https:\/\/praxas.com\/de\/wp-json\/wp\/v2\/media?parent=25549"}],"curies":[{"name":"wp","href":"https:\/\/api.w.org\/{rel}","templated":true}]}}