{"id":25563,"date":"2024-06-28T10:13:47","date_gmt":"2024-06-28T10:13:47","guid":{"rendered":"https:\/\/staging.praxas.com\/kommunikation-und-betrug\/"},"modified":"2025-06-20T10:31:49","modified_gmt":"2025-06-20T10:31:49","slug":"kommunikation-und-betrug","status":"publish","type":"page","link":"https:\/\/praxas.com\/de\/unternehmensrichtlinien\/kommunikation-und-betrug\/","title":{"rendered":"Kommunikation und Betrug"},"content":{"rendered":"<h2>Datenschutz bei Praxas<\/h2>\n<p>Bei Praxas hat die Sicherheit Ihrer Daten h\u00f6chste Priorit\u00e4t. Ihre Treuekarte enth\u00e4lt pers\u00f6nliche Daten.<\/p>\n<p>&nbsp;<\/p>\n<h3>Wie k\u00f6nnen Sie Ihre eigenen Daten besser sch\u00fctzen?<\/h3>\n<p>Es ist ratsam, Ihr Passwort regelm\u00e4\u00dfig zu \u00e4ndern. Vermeiden Sie dabei pers\u00f6nliche Informationen oder logische Zahlenfolgen. Behalten Sie Ihr Passwort nur f\u00fcr sich selbst.<\/p>\n<p>Wenn Sie Fragen haben oder feststellen, dass sich Ihre Daten ge\u00e4ndert haben, k\u00f6nnen Sie uns jederzeit unter info@praxas.com oder telefonisch unter +31 (0)76 50 40268 erreichen. Wir sind Ihnen gerne behilflich.<\/p>\n<p>&nbsp;<\/p>\n<h3>Was ist, wenn Sie verd\u00e4chtige Aktivit\u00e4ten in Bezug auf Ihre Daten feststellen?<\/h3>\n<p>Bitte melden Sie dies sofort an Praxas. Wir werden uns sofort mit Ihnen in Verbindung setzen und eventuelle Anpassungen vornehmen, um Betrug zu verhindern.<\/p>\n<p>&nbsp;<\/p>\n<h2>PRAXAS WARNT VOR BETR\u00dcGERISCHEM VERHALTEN<\/h2>\n<p>Bitte beachten Sie, dass derzeit betr\u00fcgerische E-Mails im Umlauf sind, die den Namen und manchmal auch das Logo von Praxas missbrauchen.<\/p>\n<p>Bitte seien Sie wachsam, wenn Sie solche Nachrichten erhalten, da es sich um Betrugsversuche handelt, die auch als Phishing bekannt sind. Insbesondere beobachten wir eine Zunahme von E-Mail-Phishing. \u00d6ffnen Sie keine E-Mail-Anh\u00e4nge!<\/p>\n<p>&nbsp;<\/p>\n<h3>Wie erkennen Sie einen E-Mail-Phishing-Versuch?<\/h3>\n<p>Phishing-E-Mails k\u00f6nnen sehr realistisch aussehen, indem sie die Marke Praxas nachbilden. Achten Sie auf den Absender, den Betreff und den Inhalt der E-Mail. Klicken Sie nicht auf verd\u00e4chtige Links und geben Sie keine pers\u00f6nlichen Informationen wie Ihren Namen, Ihre E-Mail-Adresse, Bankdaten usw. preis.<\/p>\n<p>Derzeit werden E-Mails unter dem Namen Petra Manley (Einkauf) verschickt. Diese Dame ist nicht bei Praxas angestellt.<\/p>\n<p>&nbsp;<\/p>\n<h3>Was ist zu tun, wenn Sie per E-Mail oder Telefon auf Betrug sto\u00dfen?<\/h3>\n<p>Antworten Sie nicht auf verd\u00e4chtige Anfragen und geben Sie keine pers\u00f6nlichen Daten weiter. Melden Sie einen Betrugsverdacht an unseren Kundenservice.<\/p>\n<p>&nbsp;<\/p>\n<h3>Was tun, wenn Sie Opfer eines E-Mail- oder Telefonbetrugs geworden sind?<\/h3>\n<p>Wenn Sie Daten weitergegeben haben und einen Betrug vermuten, sperren Sie Ihr Bankkonto sofort und erstatten Sie Anzeige bei der Polizei.<\/p>\n","protected":false},"excerpt":{"rendered":"<p>Datenschutz bei Praxas Bei Praxas hat die Sicherheit Ihrer Daten h\u00f6chste Priorit\u00e4t. Ihre Treuekarte enth\u00e4lt pers\u00f6nliche Daten. &nbsp; Wie k\u00f6nnen Sie Ihre eigenen Daten besser sch\u00fctzen? Es ist ratsam, Ihr Passwort regelm\u00e4\u00dfig zu \u00e4ndern. Vermeiden Sie dabei pers\u00f6nliche Informationen oder logische Zahlenfolgen. Behalten Sie Ihr Passwort nur f\u00fcr sich selbst. Wenn Sie Fragen haben oder [&hellip;]<\/p>\n","protected":false},"author":8383,"featured_media":0,"parent":25675,"menu_order":5,"comment_status":"closed","ping_status":"closed","template":"template-fullwidth.php","meta":{"_acf_changed":false,"content-type":"","_uag_custom_page_level_css":"","footnotes":""},"class_list":["post-25563","page","type-page","status-publish","hentry"],"acf":[],"spectra_custom_meta":{"hero_image":[""],"_hero_image":["field_64f1a7da7af44"],"_hero_h1":["field_64f19e1edd052"],"_hero_h2":["field_64f19e2ddd053"],"_hero_text":["field_64f19e42dd054"],"_hero_button_text":["field_64f19e4edd055"],"_hero_button_link":["field_64f19e5ddd056"],"_top_nav_excluded":[""],"_cms_nav_minihome":[""],"_wp_page_template":["template-fullwidth.php"],"_last_translation_edit_mode":["translation-editor"],"_wpml_word_count":["371"],"_uag_page_assets":["a:9:{s:3:\"css\";s:0:\"\";s:2:\"js\";s:0:\"\";s:18:\"current_block_list\";a:0:{}s:8:\"uag_flag\";b:0;s:11:\"uag_version\";s:10:\"1775742760\";s:6:\"gfonts\";a:0:{}s:10:\"gfonts_url\";s:0:\"\";s:12:\"gfonts_files\";a:0:{}s:14:\"uag_faq_layout\";b:0;}"]},"uagb_featured_image_src":{"full":false,"thumbnail":false,"medium":false,"medium_large":false,"large":false,"1536x1536":false,"2048x2048":false,"crunchify-admin-post-featured-image":false,"commercegurus-pdp-large":false,"commercegurus-plp-mobile":false,"cgkit_image_swatch":false,"woocommerce_thumbnail":false,"woocommerce_single":false,"woocommerce_gallery_thumbnail":false},"uagb_author_info":{"display_name":"Alex James","author_link":"https:\/\/praxas.com\/de\/author\/alex\/"},"uagb_comment_info":0,"uagb_excerpt":"Datenschutz bei Praxas Bei Praxas hat die Sicherheit Ihrer Daten h\u00f6chste Priorit\u00e4t. Ihre Treuekarte enth\u00e4lt pers\u00f6nliche Daten. &nbsp; Wie k\u00f6nnen Sie Ihre eigenen Daten besser sch\u00fctzen? Es ist ratsam, Ihr Passwort regelm\u00e4\u00dfig zu \u00e4ndern. Vermeiden Sie dabei pers\u00f6nliche Informationen oder logische Zahlenfolgen. Behalten Sie Ihr Passwort nur f\u00fcr sich selbst. Wenn Sie Fragen haben oder&hellip;","_links":{"self":[{"href":"https:\/\/praxas.com\/de\/wp-json\/wp\/v2\/pages\/25563","targetHints":{"allow":["GET"]}}],"collection":[{"href":"https:\/\/praxas.com\/de\/wp-json\/wp\/v2\/pages"}],"about":[{"href":"https:\/\/praxas.com\/de\/wp-json\/wp\/v2\/types\/page"}],"author":[{"embeddable":true,"href":"https:\/\/praxas.com\/de\/wp-json\/wp\/v2\/users\/8383"}],"replies":[{"embeddable":true,"href":"https:\/\/praxas.com\/de\/wp-json\/wp\/v2\/comments?post=25563"}],"version-history":[{"count":1,"href":"https:\/\/praxas.com\/de\/wp-json\/wp\/v2\/pages\/25563\/revisions"}],"predecessor-version":[{"id":25681,"href":"https:\/\/praxas.com\/de\/wp-json\/wp\/v2\/pages\/25563\/revisions\/25681"}],"up":[{"embeddable":true,"href":"https:\/\/praxas.com\/de\/wp-json\/wp\/v2\/pages\/25675"}],"wp:attachment":[{"href":"https:\/\/praxas.com\/de\/wp-json\/wp\/v2\/media?parent=25563"}],"curies":[{"name":"wp","href":"https:\/\/api.w.org\/{rel}","templated":true}]}}