{"id":25564,"date":"2024-06-28T10:10:15","date_gmt":"2024-06-28T08:10:15","guid":{"rendered":"https:\/\/staging.praxas.com\/wiederverkaeufer\/"},"modified":"2025-06-20T10:34:33","modified_gmt":"2025-06-20T10:34:33","slug":"wiederverkaeufer","status":"publish","type":"page","link":"https:\/\/praxas.com\/de\/unternehmensrichtlinien\/wiederverkaeufer\/","title":{"rendered":"Wiederverk\u00e4ufer"},"content":{"rendered":"&#13;\n<p class=\"has-text-align-center\"><iframe loading=\"lazy\" title=\"YouTube-Video-Player\" src=\"https:\/\/www.youtube.com\/embed\/0KXffkijbn4?si=ev7VhigI4RJMXbJw\" width=\"840\" height=\"472.5\" frameborder=\"0\" allowfullscreen=\"allowfullscreen\"><span data-mce-type=\"bookmark\" style=\"display: inline-block; width: 0px; overflow: hidden; line-height: 0;\" class=\"mce_SELRES_start\"><\/span><\/iframe><\/p>&#13;\n<p>&nbsp;<\/p>\n<h2><span style=\"color: #0494d1;\"><strong>Einf\u00fchrung<\/strong><\/span><\/h2>\n<p>Praxas ist Teil von CimSense. CimSense ist eine Gruppe von erstklassigen Unternehmen in den CIMS-Branchen: Steuerungen, Instrumente, Messger\u00e4te und Sensoren. Einige Beispiele f\u00fcr Mitglieder sind Lascar Electronics, LogTag, Arctico, PMT und nat\u00fcrlich Praxas.<\/p>\n<p> <img loading=\"lazy\" decoding=\"async\" class=\"wp-image-19892 size-large aligncenter\" src=\"https:\/\/praxas.com\/wp-content\/uploads\/cimsense_praxas_resellerpage-1024x516.jpg\" alt=\"\" width=\"1024\" height=\"516\" srcset=\"https:\/\/praxas.com\/wp-content\/uploads\/cimsense_praxas_resellerpage-1024x516.jpg 1024w, https:\/\/praxas.com\/wp-content\/uploads\/cimsense_praxas_resellerpage-300x151.jpg 300w, https:\/\/praxas.com\/wp-content\/uploads\/cimsense_praxas_resellerpage-768x387.jpg 768w, https:\/\/praxas.com\/wp-content\/uploads\/cimsense_praxas_resellerpage-120x60.jpg 120w, https:\/\/praxas.com\/wp-content\/uploads\/cimsense_praxas_resellerpage-990x498.jpg 990w, https:\/\/praxas.com\/wp-content\/uploads\/cimsense_praxas_resellerpage-441x222.jpg 441w, https:\/\/praxas.com\/wp-content\/uploads\/cimsense_praxas_resellerpage-350x176.jpg 350w, https:\/\/praxas.com\/wp-content\/uploads\/cimsense_praxas_resellerpage-800x403.jpg 800w, https:\/\/praxas.com\/wp-content\/uploads\/cimsense_praxas_resellerpage-150x76.jpg 150w, https:\/\/praxas.com\/wp-content\/uploads\/cimsense_praxas_resellerpage.jpg 1281w\" sizes=\"auto, (max-width: 1024px) 100vw, 1024px\" \/><\/p>\n<p>&nbsp;<\/p>\n<p>&nbsp;<\/p>\n<p>Wir sind Praxas, ein Unternehmen mit Sitz in den Niederlanden. Praxas ist ein Unternehmen, das seinen Kunden ein H\u00f6chstma\u00df an Sicherheit, Effizienz und Zuverl\u00e4ssigkeit bietet.<\/p>\n<p>Wir sind bestrebt, unseren Kunden eine m\u00f6glichst zuverl\u00e4ssige und gesch\u00fctzte Umgebung f\u00fcr ihre Waren, Menschen und ihr Eigentum zu bieten. Unser Expertenteam ist bestrebt, unseren Kunden jederzeit den bestm\u00f6glichen Service zu bieten. Unser Ziel ist es, mit unserer Produktpalette auf dem europ\u00e4ischen Markt zu wachsen.<\/p>\n<p><img loading=\"lazy\" decoding=\"async\" class=\"aligncenter wp-image-19895\" src=\"https:\/\/praxas.com\/wp-content\/uploads\/s-e-a_praxas_reseller-1024x341.jpg\" alt=\"\" width=\"600\" height=\"200\" srcset=\"https:\/\/praxas.com\/wp-content\/uploads\/s-e-a_praxas_reseller-1024x341.jpg 1024w, https:\/\/praxas.com\/wp-content\/uploads\/s-e-a_praxas_reseller-300x100.jpg 300w, https:\/\/praxas.com\/wp-content\/uploads\/s-e-a_praxas_reseller-768x256.jpg 768w, https:\/\/praxas.com\/wp-content\/uploads\/s-e-a_praxas_reseller-120x40.jpg 120w, https:\/\/praxas.com\/wp-content\/uploads\/s-e-a_praxas_reseller-990x329.jpg 990w, https:\/\/praxas.com\/wp-content\/uploads\/s-e-a_praxas_reseller-441x147.jpg 441w, https:\/\/praxas.com\/wp-content\/uploads\/s-e-a_praxas_reseller-350x116.jpg 350w, https:\/\/praxas.com\/wp-content\/uploads\/s-e-a_praxas_reseller-800x266.jpg 800w, https:\/\/praxas.com\/wp-content\/uploads\/s-e-a_praxas_reseller-150x50.jpg 150w, https:\/\/praxas.com\/wp-content\/uploads\/s-e-a_praxas_reseller.jpg 1127w\" sizes=\"auto, (max-width: 600px) 100vw, 600px\" \/><\/p>\n<h2> <\/h2>\n<h2><span style=\"color: #0494d1;\">Warum ein Wiederverk\u00e4ufer werden?<\/span><\/h2>\n<p><img loading=\"lazy\" decoding=\"async\" class=\"alignleft wp-image-19894\" src=\"https:\/\/praxas.com\/wp-content\/uploads\/expert_praxas_symbol.jpg\" alt=\"\" width=\"70\" height=\"70\"><\/p>\n<p>&nbsp;<\/p>\n<p><span style=\"color: #5e5e5e;\"><strong>Sie sind die Nummer eins in Ihrem Gebiet und haben einen hervorragenden Kundenstamm.<\/strong><\/span><\/p>\n<p>&nbsp;<\/p>\n<p><span style=\"color: #5e5e5e;\"><img loading=\"lazy\" decoding=\"async\" class=\"size-full wp-image-19893 alignleft\" src=\"https:\/\/praxas.com\/wp-content\/uploads\/customer-needs_praxas_symbol.jpg\" alt=\"\" width=\"75\" height=\"75\"><\/span><\/p>\n<p>&nbsp;<\/p>\n<p><span style=\"color: #5e5e5e;\"><strong>Sie wissen, was Ihr Kunde braucht und wie Sie ihm helfen k\u00f6nnen.<\/strong><\/span><\/p>\n<p>&nbsp;<\/p>\n<p>&nbsp;<\/p>\n<h2><span style=\"color: #0494d1;\">Wie funktioniert das?<\/span><\/h2>\n<ol>\n<li style=\"list-style-type: none;\">\n<ol>\n<li>F\u00fcllen Sie <span style=\"color: #009ee0;\"><a style=\"color: #009ee0;\" href=\"https:\/\/forms.office.com\/pages\/responsepage.aspx?id=qf_uYqJ7kUecftVNNfQEI7MxQtwZu0hBgUvmGqHIEmlURTVVQ1Q3M1daT1ZVWlVaU1RBNFk4SDREOS4u\" target=\"_blank\" rel=\"noopener\"><strong>dieses Formular<\/strong><\/a><\/span><\/li>\n<li>Sie erhalten ein einzigartiges Login f\u00fcr unseren Workshop<\/li>\n<li>Mit diesem Login erhalten Sie einen Rabatt auf unsere Produkte<\/li>\n<li>Sie bestellen die Produkte, die Sie ben\u00f6tigen, und wir liefern die Produkte direkt an Ihren Kunden.<\/li>\n<li>Sie bezahlen uns mit Ihrem speziellen Rabatt, und Ihr Kunde bezahlt Sie.<\/li>\n<\/ol>\n<\/li>\n<\/ol>\n<p>&nbsp;<\/p>\n<h2><span style=\"color: #0494d1;\">Was springt f\u00fcr Sie dabei heraus, au\u00dfer den Einnahmen?<\/span><\/h2>\n<p><img loading=\"lazy\" decoding=\"async\" class=\" wp-image-19896 alignleft\" src=\"https:\/\/praxas.com\/wp-content\/uploads\/whatsinit_praxas_reseller-101x300.jpg\" alt=\"\" width=\"81\" height=\"241\" srcset=\"https:\/\/praxas.com\/wp-content\/uploads\/whatsinit_praxas_reseller-101x300.jpg 101w, https:\/\/praxas.com\/wp-content\/uploads\/whatsinit_praxas_reseller-40x120.jpg 40w, https:\/\/praxas.com\/wp-content\/uploads\/whatsinit_praxas_reseller.jpg 118w\" sizes=\"auto, (max-width: 81px) 100vw, 81px\" \/><\/p>\n<p><span style=\"color: #ffffff;\"><\/p>\n&#13;\n<figure><\/figure>&#13;\n<figure><\/figure>&#13;\n<figure><\/figure>&#13;\n<figure><\/figure>&#13;\n<figure><span style=\"color: #ffffff;\">&#8211;<\/span><\/figure>&#13;\n<figure><span style=\"color: #5e5e5e;\"><strong>We keep the stock for you<\/strong><\/span><\/figure>&#13;\n<p>\u00a0<\/p>&#13;\n<figure><span style=\"color: #5e5e5e;\"><strong>We ship in 1 or 2 business days<\/strong><\/span><\/figure>&#13;\n<p>\u00a0<\/p>&#13;\n<figure><\/figure>&#13;\n<figure><span style=\"color: #5e5e5e;\"><strong>Delivery in a few days to Europe<\/strong><\/span><\/figure>&#13;\n<figure><\/figure>&#13;\n<figure><\/figure>&#13;\n<h2>\u00a0<\/h2>&#13;\n<h2><span style=\"color: #0494d1;\">What else?<\/span><\/h2>&#13;\n<p>That is up to you. We can help you out with marketing material for your website and give good support, and if you grow, you can go to the next level and build your own stock.\u00a0<\/p>&#13;\n<p>It is an easy and safe start to expand your product range in a few minutes. Why wait? Fill in the form now and receive your unique login.\u00a0<\/p>&#13;\n<p style=\"text-align: center;\"><a class=\"button button-secondary-large\" href=\"https:\/\/forms.office.com\/pages\/responsepage.aspx?id=qf_uYqJ7kUecftVNNfQEI7MxQtwZu0hBgUvmGqHIEmlURTVVQ1Q3M1daT1ZVWlVaU1RBNFk4SDREOS4u\" target=\"_blank\" rel=\"noopener\">Find Out More<\/a><\/p>&#13;\n<p>\u00a0<\/p>&#13;\n<figure class=\"wp-block-image aligncenter\"><img loading=\"lazy\" decoding=\"async\" width=\"1016\" height=\"305\" class=\"wp-image-19883\" src=\"https:\/\/praxas.com\/wp-content\/uploads\/Praxas_Reseller.jpg\" alt=\"\" srcset=\"https:\/\/praxas.com\/wp-content\/uploads\/Praxas_Reseller.jpg 1016w, https:\/\/praxas.com\/wp-content\/uploads\/Praxas_Reseller-300x90.jpg 300w, https:\/\/praxas.com\/wp-content\/uploads\/Praxas_Reseller-768x231.jpg 768w, https:\/\/praxas.com\/wp-content\/uploads\/Praxas_Reseller-120x36.jpg 120w, https:\/\/praxas.com\/wp-content\/uploads\/Praxas_Reseller-990x297.jpg 990w, https:\/\/praxas.com\/wp-content\/uploads\/Praxas_Reseller-441x132.jpg 441w, https:\/\/praxas.com\/wp-content\/uploads\/Praxas_Reseller-350x105.jpg 350w, https:\/\/praxas.com\/wp-content\/uploads\/Praxas_Reseller-800x240.jpg 800w, https:\/\/praxas.com\/wp-content\/uploads\/Praxas_Reseller-150x45.jpg 150w\" sizes=\"auto, (max-width: 1016px) 100vw, 1016px\" \/><\/figure>&#13;\n","protected":false},"excerpt":{"rendered":"<p>&#13; &#13; &nbsp; Einf\u00fchrung Praxas ist Teil von CimSense. CimSense ist eine Gruppe von erstklassigen Unternehmen in den CIMS-Branchen: Steuerungen, Instrumente, Messger\u00e4te und Sensoren. Einige Beispiele f\u00fcr Mitglieder sind Lascar Electronics, LogTag, Arctico, PMT und nat\u00fcrlich Praxas. &nbsp; &nbsp; Wir sind Praxas, ein Unternehmen mit Sitz in den Niederlanden. Praxas ist ein Unternehmen, das seinen [&hellip;]<\/p>\n","protected":false},"author":8383,"featured_media":0,"parent":25675,"menu_order":4,"comment_status":"closed","ping_status":"closed","template":"template-fullwidth.php","meta":{"_acf_changed":false,"content-type":"","_uag_custom_page_level_css":"","footnotes":""},"class_list":["post-25564","page","type-page","status-publish","hentry"],"acf":[],"spectra_custom_meta":{"hero_image":[""],"_hero_image":["field_64f1a7da7af44"],"_hero_h1":["field_64f19e1edd052"],"_hero_h2":["field_64f19e2ddd053"],"_hero_text":["field_64f19e42dd054"],"_hero_button_text":["field_64f19e4edd055"],"_hero_button_link":["field_64f19e5ddd056"],"_top_nav_excluded":[""],"_cms_nav_minihome":[""],"_wp_page_template":["template-fullwidth.php"],"_last_translation_edit_mode":["translation-editor"],"rank_math_og_content_image":["a:2:{s:5:\"check\";s:32:\"41f3b992e49b375391ac3f11e43333c3\";s:6:\"images\";a:1:{i:0;i:19892;}}"],"_edit_lock":["1765816450:8383"],"classic-editor-remember":["classic-editor"],"rank_math_schema_VideoObject":["a:12:{s:8:\"metadata\";a:8:{s:5:\"title\";s:5:\"Video\";s:4:\"type\";s:8:\"template\";s:9:\"shortcode\";s:15:\"s-669e186d52704\";s:9:\"isPrimary\";s:1:\"1\";s:23:\"reviewLocationShortcode\";s:24:\"[rank_math_rich_snippet]\";s:8:\"category\";s:12:\"%categories%\";s:4:\"tags\";s:6:\"%tags%\";s:15:\"isAutoGenerated\";s:1:\"1\";}s:5:\"@type\";s:11:\"VideoObject\";s:8:\"embedUrl\";s:41:\"https:\/\/www.youtube.com\/embed\/0KXffkijbn4\";s:4:\"name\";s:18:\"Praxas Reseller EU\";s:11:\"description\";s:117:\"Explanation of the Praxas reseller program. We love to welcome you and be a part of a fast-growing network in Europe.\";s:10:\"uploadDate\";s:25:\"2023-04-21T00:16:04-07:00\";s:8:\"duration\";s:7:\"PT2M24S\";s:12:\"thumbnailUrl\";s:50:\"https:\/\/praxas.com\/wp-content\/uploads\/Reseller.jpg\";s:7:\"hasPart\";a:0:{}s:5:\"width\";s:4:\"1280\";s:6:\"height\";s:3:\"720\";s:16:\"isFamilyFriendly\";s:1:\"1\";}"],"rank_math_seo_score":["20"],"_edit_last":["8383"],"hero_h1":[""],"hero_h2":[""],"hero_text":[""],"hero_button_text":[""],"hero_button_link":[""],"_wpml_media_duplicate":["1"],"_wpml_media_featured":["1"],"_wpml_word_count":["332"],"rank_math_analytic_object_id":["1149"],"rank_math_contentai_score":["a:5:{s:8:\"keywords\";s:5:\"74.51\";s:9:\"wordCount\";s:1:\"0\";s:9:\"linkCount\";s:1:\"0\";s:12:\"headingCount\";s:1:\"0\";s:10:\"mediaCount\";s:1:\"0\";}"],"rank_math_shortcode_schema_s-669e186d52704":["1106702"],"_uag_css_file_name":["uag-css-25564.css"],"_uag_page_assets":["a:9:{s:3:\"css\";s:263:\".uag-blocks-common-selector{z-index:var(--z-index-desktop) !important}@media (max-width: 976px){.uag-blocks-common-selector{z-index:var(--z-index-tablet) !important}}@media (max-width: 767px){.uag-blocks-common-selector{z-index:var(--z-index-mobile) !important}}\n\";s:2:\"js\";s:0:\"\";s:18:\"current_block_list\";a:2:{i:0;s:14:\"core\/paragraph\";i:1;s:10:\"core\/image\";}s:8:\"uag_flag\";b:0;s:11:\"uag_version\";s:10:\"1775742760\";s:6:\"gfonts\";a:0:{}s:10:\"gfonts_url\";s:0:\"\";s:12:\"gfonts_files\";a:0:{}s:14:\"uag_faq_layout\";b:0;}"]},"uagb_featured_image_src":{"full":false,"thumbnail":false,"medium":false,"medium_large":false,"large":false,"1536x1536":false,"2048x2048":false,"crunchify-admin-post-featured-image":false,"commercegurus-pdp-large":false,"commercegurus-plp-mobile":false,"cgkit_image_swatch":false,"woocommerce_thumbnail":false,"woocommerce_single":false,"woocommerce_gallery_thumbnail":false},"uagb_author_info":{"display_name":"Alex James","author_link":"https:\/\/praxas.com\/de\/author\/alex\/"},"uagb_comment_info":0,"uagb_excerpt":"&#13; &#13; &nbsp; Einf\u00fchrung Praxas ist Teil von CimSense. CimSense ist eine Gruppe von erstklassigen Unternehmen in den CIMS-Branchen: Steuerungen, Instrumente, Messger\u00e4te und Sensoren. Einige Beispiele f\u00fcr Mitglieder sind Lascar Electronics, LogTag, Arctico, PMT und nat\u00fcrlich Praxas. &nbsp; &nbsp; Wir sind Praxas, ein Unternehmen mit Sitz in den Niederlanden. Praxas ist ein Unternehmen, das seinen&hellip;","_links":{"self":[{"href":"https:\/\/praxas.com\/de\/wp-json\/wp\/v2\/pages\/25564","targetHints":{"allow":["GET"]}}],"collection":[{"href":"https:\/\/praxas.com\/de\/wp-json\/wp\/v2\/pages"}],"about":[{"href":"https:\/\/praxas.com\/de\/wp-json\/wp\/v2\/types\/page"}],"author":[{"embeddable":true,"href":"https:\/\/praxas.com\/de\/wp-json\/wp\/v2\/users\/8383"}],"replies":[{"embeddable":true,"href":"https:\/\/praxas.com\/de\/wp-json\/wp\/v2\/comments?post=25564"}],"version-history":[{"count":9,"href":"https:\/\/praxas.com\/de\/wp-json\/wp\/v2\/pages\/25564\/revisions"}],"predecessor-version":[{"id":49952,"href":"https:\/\/praxas.com\/de\/wp-json\/wp\/v2\/pages\/25564\/revisions\/49952"}],"up":[{"embeddable":true,"href":"https:\/\/praxas.com\/de\/wp-json\/wp\/v2\/pages\/25675"}],"wp:attachment":[{"href":"https:\/\/praxas.com\/de\/wp-json\/wp\/v2\/media?parent=25564"}],"curies":[{"name":"wp","href":"https:\/\/api.w.org\/{rel}","templated":true}]}}