{"id":25574,"date":"2024-06-28T08:26:25","date_gmt":"2024-06-28T08:26:25","guid":{"rendered":"https:\/\/staging.praxas.com\/zahlungsmethode\/"},"modified":"2025-06-20T10:34:53","modified_gmt":"2025-06-20T10:34:53","slug":"zahlungsmethode","status":"publish","type":"page","link":"https:\/\/praxas.com\/de\/unternehmensrichtlinien\/zahlungsmethode\/","title":{"rendered":"Zahlungsmethode"},"content":{"rendered":"<p>&nbsp;<\/p>\n<p><strong>Ideal<\/strong><br \/>\nRabobank, ABN AMRO, ING Bank, Postbank, Fortis, Triodos Bank und SNS Bank sind daran beteiligt. iDeal funktioniert zweifelsfrei. Die Zahlungsmethode funktioniert bei jeder Bank gleich. Jeder Verbraucher, der Internet-Banking bei einer Bank nutzt, die mit iDeal zusammenarbeitet, kann problemlos damit bezahlen.<\/p>\n<p>Die Vorteile von iDEAL sind die Sicherheit, die sofortige Ausf\u00fchrung der Zahlung, so dass Sie Ihre Eink\u00e4ufe schnell erhalten, und die Bequemlichkeit, da es auf Internet-Banking basiert.<\/p>\n<p>&nbsp;<\/p>\n<p><strong>Vorauszahlung<\/strong><\/p>\n<p>Nachdem Sie die Bestellung aufgegeben haben, erhalten Sie eine Rechnung mit den Informationen, die Sie f\u00fcr die \u00dcberweisung des Betrags ben\u00f6tigen (Kontonummer, Rechnungsnummer usw.). Sie zahlen diesen Betrag selbst, zum Beispiel per \u00dcberweisung oder Internetbanking. Sobald der Betrag bei uns gutgeschrieben wurde, wird die Bestellung an Sie versandt.<\/p>\n<p>&nbsp;<\/p>\n<p><strong>Auf Rechnung<\/strong><\/p>\n<p>Sie erhalten zuerst die Produkte und dann die Rechnung. Die Rechnung wird \u00fcber Ideal nach Erhalt der Produkte bezahlt. Nur Bestellungen mit einer Liefer- und Rechnungsadresse in den Niederlanden sind f\u00fcr Postpay geeignet.<\/p>\n","protected":false},"excerpt":{"rendered":"<p>&nbsp; Ideal Rabobank, ABN AMRO, ING Bank, Postbank, Fortis, Triodos Bank und SNS Bank sind daran beteiligt. iDeal funktioniert zweifelsfrei. Die Zahlungsmethode funktioniert bei jeder Bank gleich. Jeder Verbraucher, der Internet-Banking bei einer Bank nutzt, die mit iDeal zusammenarbeitet, kann problemlos damit bezahlen. Die Vorteile von iDEAL sind die Sicherheit, die sofortige Ausf\u00fchrung der Zahlung, [&hellip;]<\/p>\n","protected":false},"author":8383,"featured_media":0,"parent":25675,"menu_order":2,"comment_status":"closed","ping_status":"closed","template":"template-fullwidth.php","meta":{"_acf_changed":false,"content-type":"","_uag_custom_page_level_css":"","footnotes":""},"class_list":["post-25574","page","type-page","status-publish","hentry"],"acf":[],"spectra_custom_meta":{"hero_image":[""],"_hero_image":["field_64f1a7da7af44"],"_hero_h1":["field_64f19e1edd052"],"_hero_h2":["field_64f19e2ddd053"],"_hero_text":["field_64f19e42dd054"],"_hero_button_text":["field_64f19e4edd055"],"_hero_button_link":["field_64f19e5ddd056"],"_top_nav_excluded":[""],"_cms_nav_minihome":[""],"_wp_page_template":["template-fullwidth.php"],"_last_translation_edit_mode":["translation-editor"],"_wpml_word_count":["198"],"_uag_page_assets":["a:9:{s:3:\"css\";s:0:\"\";s:2:\"js\";s:0:\"\";s:18:\"current_block_list\";a:0:{}s:8:\"uag_flag\";b:0;s:11:\"uag_version\";s:10:\"1775212209\";s:6:\"gfonts\";a:0:{}s:10:\"gfonts_url\";s:0:\"\";s:12:\"gfonts_files\";a:0:{}s:14:\"uag_faq_layout\";b:0;}"]},"uagb_featured_image_src":{"full":false,"thumbnail":false,"medium":false,"medium_large":false,"large":false,"1536x1536":false,"2048x2048":false,"crunchify-admin-post-featured-image":false,"commercegurus-pdp-large":false,"commercegurus-plp-mobile":false,"cgkit_image_swatch":false,"woocommerce_thumbnail":false,"woocommerce_single":false,"woocommerce_gallery_thumbnail":false},"uagb_author_info":{"display_name":"Alex James","author_link":"https:\/\/praxas.com\/de\/author\/alex\/"},"uagb_comment_info":0,"uagb_excerpt":"&nbsp; Ideal Rabobank, ABN AMRO, ING Bank, Postbank, Fortis, Triodos Bank und SNS Bank sind daran beteiligt. iDeal funktioniert zweifelsfrei. Die Zahlungsmethode funktioniert bei jeder Bank gleich. Jeder Verbraucher, der Internet-Banking bei einer Bank nutzt, die mit iDeal zusammenarbeitet, kann problemlos damit bezahlen. Die Vorteile von iDEAL sind die Sicherheit, die sofortige Ausf\u00fchrung der Zahlung,&hellip;","_links":{"self":[{"href":"https:\/\/praxas.com\/de\/wp-json\/wp\/v2\/pages\/25574","targetHints":{"allow":["GET"]}}],"collection":[{"href":"https:\/\/praxas.com\/de\/wp-json\/wp\/v2\/pages"}],"about":[{"href":"https:\/\/praxas.com\/de\/wp-json\/wp\/v2\/types\/page"}],"author":[{"embeddable":true,"href":"https:\/\/praxas.com\/de\/wp-json\/wp\/v2\/users\/8383"}],"replies":[{"embeddable":true,"href":"https:\/\/praxas.com\/de\/wp-json\/wp\/v2\/comments?post=25574"}],"version-history":[{"count":2,"href":"https:\/\/praxas.com\/de\/wp-json\/wp\/v2\/pages\/25574\/revisions"}],"predecessor-version":[{"id":37398,"href":"https:\/\/praxas.com\/de\/wp-json\/wp\/v2\/pages\/25574\/revisions\/37398"}],"up":[{"embeddable":true,"href":"https:\/\/praxas.com\/de\/wp-json\/wp\/v2\/pages\/25675"}],"wp:attachment":[{"href":"https:\/\/praxas.com\/de\/wp-json\/wp\/v2\/media?parent=25574"}],"curies":[{"name":"wp","href":"https:\/\/api.w.org\/{rel}","templated":true}]}}