{"id":25576,"date":"2023-11-15T09:01:39","date_gmt":"2023-11-15T08:01:39","guid":{"rendered":"https:\/\/staging.praxas.com\/el-iot-unterstuetzung\/"},"modified":"2025-10-14T12:40:40","modified_gmt":"2025-10-14T10:40:40","slug":"el-iot-unterstuetzung","status":"publish","type":"page","link":"https:\/\/praxas.com\/de\/unterstuetzen-sie\/el-iot-unterstuetzung\/","title":{"rendered":"EL-IOT Unterst\u00fctzung"},"content":{"rendered":"<h2><span style=\"text-decoration: underline;\">EL-IOT Unterst\u00fctzung: H\u00e4ufig gestellte Fragen<\/span><\/h2>\n<p>Unten finden Sie einige h\u00e4ufig gestellte Fragen zum <a href=\"https:\/\/lascarelectronics.com\/intl\/easylog\/\" target=\"_blank\" rel=\"noopener\">EasyLogs<\/a> EL-IOT Ger\u00e4t. F\u00fcr weiteren EL-IOT-Support nehmen Sie noch heute <a href=\"https:\/\/praxas.com\/de\/kontaktieren-sie-uns\/\">Kontakt mit uns auf<\/a>  <\/p>\n<div class=\"accordion\">\n<h2 class=\"accordion-header\">Was ist eine Alarmverz\u00f6gerung?<br \/>\n<i class=\"fas fa-chevron-circle-down\"><\/i><\/h2>\n<div class=\"accordion-content\">Eine Alarmverz\u00f6gerung kann f\u00fcr einen Hoch-, Niedrig- oder Voralarm eingestellt werden. Es handelt sich dabei um die Anzahl der Messwerte, die Ihr Aufzeichnungsger\u00e4t nach Erreichen der Alarmschwelle abwartet, bevor der Alarm aktiviert wird. Der Verz\u00f6gerungsz\u00e4hler wird zur\u00fcckgesetzt, sobald der Messwert wieder innerhalb der Schwelle liegt. Ein gutes Beispiel f\u00fcr die Verwendung einer Alarmverz\u00f6gerung ist ein K\u00fchlschrank, wenn Sie nicht wollen, dass der Alarm bei jedem \u00d6ffnen der T\u00fcr ausgel\u00f6st wird.<\/div>\n<\/div>\n<div class=\"accordion\">\n<h2 class=\"accordion-header\">Was ist eine Alarmsperre?<br \/>\n<i class=\"fas fa-chevron-circle-down\"><\/i><\/h2>\n<div class=\"accordion-content\">Normalerweise wird ein aktivierter Alarm automatisch deaktiviert, sobald die Messwerte wieder innerhalb des Schwellenwerts liegen. Die Einstellung Alarm halten bedeutet, dass der Alarm auch dann aktiv bleibt, wenn sich die Messwerte wieder normalisieren, so dass Sie sehen k\u00f6nnen, dass ein Problem aufgetreten ist, auch wenn es jetzt in Ordnung ist.<\/div>\n<\/div>\n<div class=\"accordion\">\n<h2 class=\"accordion-header\">Wo kann ich die EasyLog Cloud App herunterladen?<br \/>\n<i class=\"fas fa-chevron-circle-down\"><\/i><\/h2>\n<div class=\"accordion-content\">Klicken Sie auf <span style=\"text-decoration: underline;\"><strong><a href=\"https:\/\/praxas.com\/de\/easylog-cloud-de\/\">diesen Link<\/a><\/strong><\/span> und w\u00e4hlen Sie entweder den App Store oder Google Play, um die EasyLog Cloud App herunterzuladen.<\/div>\n<\/div>\n<div class=\"accordion\">\n<h2 class=\"accordion-header\">Verliere ich Daten, wenn mein WiFi-Netzwerk ausf\u00e4llt?<br \/>\n<i class=\"fas fa-chevron-circle-down\"><\/i><\/h2>\n<div class=\"accordion-content\">Wenn Ihr EL-IOT die Verbindung zum WiFi-Netzwerk verliert, protokolliert er die Daten weiter. Sobald die Verbindung wieder hergestellt ist, werden die Daten automatisch in die Cloud hochgeladen.<\/div>\n<\/div>\n<div class=\"accordion\">\n<h2 class=\"accordion-header\">Welche Android-Version kann ich mit meinem EL-IOT verwenden?<br \/>\n<i class=\"fas fa-chevron-circle-down\"><\/i><\/h2>\n<div class=\"accordion-content\">EL-IOT wird von Android 4.4 und darunter nicht unterst\u00fctzt und wird daher auch nicht als Option zur Einrichtung in der <a href=\"https:\/\/praxas.com\/de\/easylog-cloud-de\/\"><strong>EasyLog Cloud-App<\/strong><\/a>.<\/div>\n<\/div>\n<div class=\"accordion\">\n<h2 class=\"accordion-header\">Welche iOS-Version kann ich mit meinem EL-IOT verwenden?<br \/>\n<i class=\"fas fa-chevron-circle-down\"><\/i><\/h2>\n<div class=\"accordion-content\">EL-IOT wird von iOS 12 und darunter nicht unterst\u00fctzt und wird daher auch nicht als Option zur Einrichtung in der <a href=\"https:\/\/praxas.com\/de\/easylog-cloud-de\/\"><strong>EasyLog Cloud-App<\/strong><\/a>.<\/div>\n<\/div>\n<div class=\"accordion\">\n<h2 class=\"accordion-header\">Wann wird mein EL-IOT-Firmware-Update beginnen?<br \/>\n<i class=\"fas fa-chevron-circle-down\"><\/i><\/h2>\n<div class=\"accordion-content\">Sobald Sie das neue EL-IOT-Firmware-Update ausgew\u00e4hlt haben, beginnt die Aktualisierung bei der n\u00e4chsten Cloud-Synchronisierung.<\/div>\n<\/div>\n<div class=\"accordion\">\n<h2 class=\"accordion-header\">Warum wird in der Cloud &#8222;niedriger Batteriestand&#8220; angezeigt, wenn das Netzteil verwendet wird?<br \/>\n<i class=\"fas fa-chevron-circle-down\"><\/i><\/h2>\n<div class=\"accordion-content\">W\u00e4hrend der Verwendung des Netzteils wird die Meldung &#8222;Batterie schwach&#8220; angezeigt. Wenn anstelle des Netzteils Batterien verwendet werden, zeigt das Batteriesymbol die genaue Lebensdauer der Batterie an.<\/div>\n<\/div>\n<div class=\"accordion\">\n<h2 class=\"accordion-header\">Wie kann ich die magnetische Wandhalterung EL-IOT kaufen?<br \/>\n<i class=\"fas fa-chevron-circle-down\"><\/i><\/h2>\n<div class=\"accordion-content\">Bitte folgen Sie dem Link zur &#8218;<a href=\"https:\/\/praxas.com\/es\/product\/registradores-de-datos\/accesorios-es\/soporte-mural-el-iot\/\"><strong>EL-IOT WANDHALTERUNG<\/strong><\/a>&#8218;<\/div>\n<\/div>\n<div class=\"accordion\">\n<h2 class=\"accordion-header\">Wie oft sollte mein EL-IOT kalibriert werden?<br \/>\n<i class=\"fas fa-chevron-circle-down\"><\/i><\/h2>\n<div class=\"accordion-content\">Wir empfehlen Ihnen, Ihren EL-IOT einmal im Jahr zur Kalibrierung einzusenden, aber Sie k\u00f6nnen dies auch h\u00e4ufiger tun, wenn Sie dies w\u00fcnschen.<\/div>\n<\/div>\n<div class=\"accordion\">\n<h2 class=\"accordion-header\">Wie kann ich die \u00dcbertragung von meinem Ger\u00e4t erzwingen?<br \/>\n<i class=\"fas fa-chevron-circle-down\"><\/i><\/h2>\n<div class=\"accordion-content\">EL-WIFI &#8211; Wenn der Sensor die Hauptanzeige auf dem LCD-Bildschirm anzeigt, dr\u00fccken Sie dreimal die Taste auf der Vorderseite. Die Bildschirme MAX, MIN und Signalst\u00e4rke werden schnell angezeigt. Das Ger\u00e4t wird versuchen, seine neuesten Daten sofort zu \u00fcbertragen, unabh\u00e4ngig von der eingestellten \u00dcbertragungsrate.<\/p>\n<p>EL-IOT &#8211; Sie m\u00fcssen die Haupttaste des Ger\u00e4ts 1-8 Sekunden lang gedr\u00fcckt halten. Dadurch wird ein Alarm best\u00e4tigt, ein Audit-Ereignis im Datensatz erstellt und die Datensynchronisierung mit der Cloud erzwungen.<\/p>\n<p>EL-WEM &#8211; Da das EL-WEM standardm\u00e4\u00dfig eine schnelle Aktualisierungsrate hat, gibt es keine M\u00f6glichkeit, die \u00dcbertragung mit der Cloud zu erzwingen.<\/p><\/div>\n<\/div>\n<div class=\"accordion\">\n<h2 class=\"accordion-header\">Wie kann ich meinen Sensor zur\u00fccksetzen?<br \/>\n<i class=\"fas fa-chevron-circle-down\"><\/i><\/h2>\n<div class=\"accordion-content\">ES WIRD EMPFOHLEN, DAS GER\u00c4T AUF IHRER EASYLOG CLOUD-GER\u00c4TE-SEITE ZU ARCHIVIEREN, BEVOR SIE EINEN WERKSRESET DURCHF\u00dcHREN.<\/p>\n<p>EL-WIFI &#8211; Das Ger\u00e4t kann zur\u00fcckgesetzt werden, indem Sie die Taste 10 Sekunden lang gedr\u00fcckt halten. Lassen Sie die Taste los, wenn RST auf dem Bildschirm erscheint. Das Ger\u00e4t beh\u00e4lt alle Einstellungen bei, verliert aber alle Daten, die nicht an die EasyLog Cloud \u00fcbertragen wurden. Es wird weiterhin mit dem Konto verbunden sein, mit dem es eingerichtet wurde, und einfach eine neue Aufnahmesitzung starten.<\/p>\n<p>Falls erforderlich, k\u00f6nnen Sie auch einen vollst\u00e4ndigen Werksreset durchf\u00fchren, indem Sie die Taste 20 Sekunden lang gedr\u00fcckt halten, bis FArS auf dem Bildschirm erscheint. Dadurch wird das Ger\u00e4t in den Werkszustand zur\u00fcckversetzt, wobei alle Einstellungen und verbleibenden Daten gel\u00f6scht werden. Das Ger\u00e4t ist nicht mehr mit einem Netzwerk oder einem EasyLog Cloud-Konto verbunden.<\/p>\n<p>EL-IOT &#8211; Um das Ger\u00e4t zur\u00fcckzusetzen, m\u00fcssen Sie die Batterieabdeckung mit einem Schraubenzieher entfernen. Nach dem Entfernen befindet sich eine Reset-Taste, die mit einem Stift gedr\u00fcckt werden kann. Halten Sie diese Taste einige Sekunden lang gedr\u00fcckt, bis das Ger\u00e4t einen Piepton abgibt.<\/p>\n<p>EL-WEM &#8211; Um das Ger\u00e4t zur\u00fcckzusetzen, befindet sich auf der Unterseite der Basis eine Reset-Taste. Dr\u00fccken Sie die Taste und lassen Sie sie nach 1 Sekunde los.<\/p>\n<p>Um das Ger\u00e4t auf die Werkseinstellungen zur\u00fcckzusetzen, halten Sie die gleiche Reset-Taste 5 Sekunden lang gedr\u00fcckt.<\/p><\/div>\n<\/div>\n<div class=\"accordion\">\n<h2 class=\"accordion-header\">Welche Akkulaufzeit kann ich von meinem Ger\u00e4t erwarten, und werde ich meine Daten verlieren, wenn der Akku leer ist?<br \/>\n<i class=\"fas fa-chevron-circle-down\"><\/i><\/h2>\n<div class=\"accordion-content\">Es gibt mehrere Faktoren, die sich erheblich auf die Akkulaufzeit des Ger\u00e4ts auswirken k\u00f6nnen. Dazu geh\u00f6ren: Synchronisierungszeitplan, Wi-Fi-Verschl\u00fcsselungsmethode, Rotationsfrequenz des Wi-Fi-Verschl\u00fcsselungsschl\u00fcssels (vom Zugangspunkt oder Router festgelegt), Signalst\u00e4rke zwischen Zugangspunkt oder Router und Ger\u00e4t, Umfang und Art des Wi-Fi-Verkehrs von anderen Ger\u00e4ten, Abtastrate und Betriebstemperatur. In unseren Tests erreichen wir regelm\u00e4\u00dfig eine Akkulaufzeit von mehr als sechs Monaten mit einer \u00dcbertragungsrate von einer Stunde oder mehr bei Umgebungstemperaturen. Das Ger\u00e4t nimmt keine Messwerte auf, wenn kein Strom vorhanden ist, aber alle Messwerte, die vor dem Stromausfall aufgenommen wurden, werden synchronisiert. Sobald das Ger\u00e4t aufgeladen ist, verbindet es sich wieder mit der <a href=\"https:\/\/praxas.com\/de\/easylog-cloud-de\/\" target=\"_blank\" rel=\"noopener\"><br \/>\n  <strong>EasyLog Cloud<\/strong><br \/>\n<\/a>, startet eine neue Aufzeichnungssitzung und setzt die Aufzeichnung fort.<\/p>\n<p>EL-WIFI &#8211; Die Batterie in diesem Ger\u00e4t ist wiederaufladbar und h\u00e4lt in der Regel 6 Monate. Sie k\u00f6nnen das Ger\u00e4t auch \u00fcber eine Netzsteckdose mit Strom versorgen.<\/p>\n<p>EL-IOT &#8211; Die Batterien halten in der Regel mehr als ein Jahr. Das Ger\u00e4t ben\u00f6tigt <a href=\"https:\/\/praxas.com\/de\/product\/datenlogger\/zubehor\/bat-1v5-aa-pk4\/\"><br \/>\n  <strong>4 x AA 1,5V<\/strong><br \/>\n<\/a> Batterien<\/p>\n<p>EL-WEM &#8211; Dieses Ger\u00e4t muss immer an das Stromnetz angeschlossen sein.<\/p><\/div>\n<\/div>\n","protected":false},"excerpt":{"rendered":"<p>EL-IOT Unterst\u00fctzung: H\u00e4ufig gestellte Fragen Unten finden Sie einige h\u00e4ufig gestellte Fragen zum EasyLogs EL-IOT Ger\u00e4t. F\u00fcr weiteren EL-IOT-Support nehmen Sie noch heute Kontakt mit uns auf<\/p>\n","protected":false},"author":4,"featured_media":0,"parent":25684,"menu_order":0,"comment_status":"closed","ping_status":"closed","template":"template-fullwidth.php","meta":{"_acf_changed":false,"content-type":"","_uag_custom_page_level_css":"","footnotes":""},"class_list":["post-25576","page","type-page","status-publish","hentry"],"acf":[],"spectra_custom_meta":{"hero_image":[""],"_hero_image":["field_64f1a7da7af44"],"_hero_h1":["field_64f19e1edd052"],"_hero_h2":["field_64f19e2ddd053"],"_hero_text":["field_64f19e42dd054"],"_hero_button_text":["field_64f19e4edd055"],"_hero_button_link":["field_64f19e5ddd056"],"_top_nav_excluded":[""],"_cms_nav_minihome":[""],"_wp_page_template":["template-fullwidth.php"],"_last_translation_edit_mode":["translation-editor"],"_edit_lock":["1721642433:8383"],"classic-editor-remember":["classic-editor"],"rank_math_seo_score":["50"],"_edit_last":["8383"],"hero_h1":[""],"hero_h2":[""],"hero_text":[""],"hero_button_text":[""],"hero_button_link":[""],"_wpml_media_duplicate":["1"],"_wpml_media_featured":["1"],"_wpml_word_count":["1098"],"rank_math_title":["Ausf\u00fchrlicher EL-IOT-Support | 13 beantwortete FAQs | Praxas"],"rank_math_description":["Haben Sie eine Frage zu Ihrem EL-IOT Ger\u00e4t? Hier finden Sie den EL-IOT-Support. Lesen Sie unsere FAQs oder kontaktieren Sie uns noch heute!  "],"rank_math_focus_keyword":["EL-IOT Unterst\u00fctzung"],"_uag_page_assets":["a:9:{s:3:\"css\";s:0:\"\";s:2:\"js\";s:0:\"\";s:18:\"current_block_list\";a:0:{}s:8:\"uag_flag\";b:0;s:11:\"uag_version\";s:10:\"1775212209\";s:6:\"gfonts\";a:0:{}s:10:\"gfonts_url\";s:0:\"\";s:12:\"gfonts_files\";a:0:{}s:14:\"uag_faq_layout\";b:0;}"]},"uagb_featured_image_src":{"full":false,"thumbnail":false,"medium":false,"medium_large":false,"large":false,"1536x1536":false,"2048x2048":false,"crunchify-admin-post-featured-image":false,"commercegurus-pdp-large":false,"commercegurus-plp-mobile":false,"cgkit_image_swatch":false,"woocommerce_thumbnail":false,"woocommerce_single":false,"woocommerce_gallery_thumbnail":false},"uagb_author_info":{"display_name":"Beth Foord","author_link":"https:\/\/praxas.com\/de\/author\/beth\/"},"uagb_comment_info":0,"uagb_excerpt":"EL-IOT Unterst\u00fctzung: H\u00e4ufig gestellte Fragen Unten finden Sie einige h\u00e4ufig gestellte Fragen zum EasyLogs EL-IOT Ger\u00e4t. F\u00fcr weiteren EL-IOT-Support nehmen Sie noch heute Kontakt mit uns auf","_links":{"self":[{"href":"https:\/\/praxas.com\/de\/wp-json\/wp\/v2\/pages\/25576","targetHints":{"allow":["GET"]}}],"collection":[{"href":"https:\/\/praxas.com\/de\/wp-json\/wp\/v2\/pages"}],"about":[{"href":"https:\/\/praxas.com\/de\/wp-json\/wp\/v2\/types\/page"}],"author":[{"embeddable":true,"href":"https:\/\/praxas.com\/de\/wp-json\/wp\/v2\/users\/4"}],"replies":[{"embeddable":true,"href":"https:\/\/praxas.com\/de\/wp-json\/wp\/v2\/comments?post=25576"}],"version-history":[{"count":6,"href":"https:\/\/praxas.com\/de\/wp-json\/wp\/v2\/pages\/25576\/revisions"}],"predecessor-version":[{"id":51963,"href":"https:\/\/praxas.com\/de\/wp-json\/wp\/v2\/pages\/25576\/revisions\/51963"}],"up":[{"embeddable":true,"href":"https:\/\/praxas.com\/de\/wp-json\/wp\/v2\/pages\/25684"}],"wp:attachment":[{"href":"https:\/\/praxas.com\/de\/wp-json\/wp\/v2\/media?parent=25576"}],"curies":[{"name":"wp","href":"https:\/\/api.w.org\/{rel}","templated":true}]}}