{"id":25577,"date":"2023-11-14T09:37:42","date_gmt":"2023-11-14T09:37:42","guid":{"rendered":"https:\/\/staging.praxas.com\/projekt-vorlagen\/"},"modified":"2024-07-22T09:02:22","modified_gmt":"2024-07-22T09:02:22","slug":"projekt-vorlagen","status":"publish","type":"page","link":"https:\/\/praxas.com\/de\/panelpilotace-universitaet\/projekt-vorlagen\/","title":{"rendered":"Projekt-Vorlagen"},"content":{"rendered":"<p>Wir haben einige grundlegende Funktionen entwickelt, damit Sie mit Ihrem n\u00e4chsten Display-Projekt beginnen k\u00f6nnen. St\u00f6bern Sie in der Liste unten und laden Sie praktische Funktionen wie einen Zahlendreher, Alarme und Trendgrafiken herunter.<\/p>\n<p><img loading=\"lazy\" decoding=\"async\" class=\"alignnone wp-image-16151\" src=\"https:\/\/praxas.com\/wp-content\/uploads\/numerickeypad-300x176.png\" alt=\"Ziffernblock\" width=\"348\" height=\"204\" srcset=\"https:\/\/praxas.com\/wp-content\/uploads\/numerickeypad-300x176.png 300w, https:\/\/praxas.com\/wp-content\/uploads\/numerickeypad-120x70.png 120w, https:\/\/praxas.com\/wp-content\/uploads\/numerickeypad-350x205.png 350w, https:\/\/praxas.com\/wp-content\/uploads\/numerickeypad-150x88.png 150w, https:\/\/praxas.com\/wp-content\/uploads\/numerickeypad.png 400w\" sizes=\"auto, (max-width: 348px) 100vw, 348px\" \/><\/p>\n<h3>Zifferntastatur<\/h3>\n<p>Dieses Beispiel zeigt Ihnen, wie Sie einen 4-stelligen Sperrbildschirm mit einer numerischen Tastatur einrichten k\u00f6nnen. Die Vorlage zeigt die Verwendung des Maths Builder und der Trigger-Funktionen innerhalb eines PanelPilotACE-Projekts. Diese Vorlagen k\u00f6nnen Sie an Ihre eigenen Bed\u00fcrfnisse anpassen.<\/p>\n<p><a class=\"button button-orange\" href=\"\/wp-content\/uploads\/ppa-design-studio_graphics-guide_iss1_07-20.pdf\" target=\"_blank\" rel=\"noopener\">SGD 43-A<\/a> <a class=\"button button-orange\" href=\"\/wp-content\/uploads\/panelpilotace_numerickeypad_sgd70a.zip\" target=\"_blank\" rel=\"noopener\">SGD70-A<\/a><\/p>\n<h3><img loading=\"lazy\" decoding=\"async\" class=\"alignnone wp-image-16174\" src=\"https:\/\/praxas.com\/wp-content\/uploads\/keyboard-300x176.png\" alt=\"Tastatur\" width=\"338\" height=\"198\" srcset=\"https:\/\/praxas.com\/wp-content\/uploads\/keyboard-300x176.png 300w, https:\/\/praxas.com\/wp-content\/uploads\/keyboard-120x70.png 120w, https:\/\/praxas.com\/wp-content\/uploads\/keyboard-350x205.png 350w, https:\/\/praxas.com\/wp-content\/uploads\/keyboard-150x88.png 150w, https:\/\/praxas.com\/wp-content\/uploads\/keyboard.png 400w\" sizes=\"auto, (max-width: 338px) 100vw, 338px\" \/><\/h3>\n<h3>QWERTY-Tastatur<\/h3>\n<p>Mit dieser Vorlage kann der App-Ersteller dem PanelPilotACE-Touchscreen Tastaturfunktionen hinzuf\u00fcgen. Ein Beispiel f\u00fcr die erweiterten Funktionen, die in die Ger\u00e4te programmiert werden k\u00f6nnen. Die Vorlage ist anpassbar und kann zu bestehenden Projekten hinzugef\u00fcgt oder zur Erstellung eines neuen Projekts verwendet werden. Diese Vorlage ist nur f\u00fcr das Modell SGD 70-A verf\u00fcgbar.<\/p>\n<p><a class=\"button button-orange\" href=\"\/wp-content\/uploads\/panelpilotaceqwertykeyboard_sgd70a-2.zip\" target=\"_blank\" rel=\"noopener\">SGD 70-A<\/a><\/p>\n<h3>Trend Graph<\/h3>\n<p><img loading=\"lazy\" decoding=\"async\" class=\"alignnone wp-image-16177\" src=\"https:\/\/praxas.com\/wp-content\/uploads\/trendgraph-300x176.png\" alt=\"\" width=\"331\" height=\"194\" srcset=\"https:\/\/praxas.com\/wp-content\/uploads\/trendgraph-300x176.png 300w, https:\/\/praxas.com\/wp-content\/uploads\/trendgraph-120x70.png 120w, https:\/\/praxas.com\/wp-content\/uploads\/trendgraph-350x205.png 350w, https:\/\/praxas.com\/wp-content\/uploads\/trendgraph-150x88.png 150w, https:\/\/praxas.com\/wp-content\/uploads\/trendgraph.png 400w\" sizes=\"auto, (max-width: 331px) 100vw, 331px\" \/><\/p>\n<p>Die Funktion Trendgrafik ist eine leistungsstarke Funktion, die bei beiden PanelPilotACE-Modellen verf\u00fcgbar ist. Diese Vorlagen zeigen, wie die Datenprotokollierung in einer grafischen Form dargestellt werden kann, die die Benutzerfreundlichkeit verbessert. Diese Funktion wurde im PanelPilotACE Design Studio erstellt.<\/p>\n<p><a class=\"button button-orange\" href=\"\/wp-content\/uploads\/panelpilotace_trendgraph_sgd43a.zip\" target=\"_blank\" rel=\"noopener\">SGD 43-A<\/a> <a class=\"button button-orange\" href=\"\/wp-content\/uploads\/panelpilotace_trend-graph_sgd70a.zip\" target=\"_blank\" rel=\"noopener\">SGD 70-A<\/a><\/p>\n<h3>Datenaufzeichnung<\/h3>\n<p><img loading=\"lazy\" decoding=\"async\" class=\"alignnone wp-image-16188\" src=\"https:\/\/praxas.com\/wp-content\/uploads\/datalogging-300x176.png\" alt=\"Datenprotokollierung\" width=\"322\" height=\"189\" srcset=\"https:\/\/praxas.com\/wp-content\/uploads\/datalogging-300x176.png 300w, https:\/\/praxas.com\/wp-content\/uploads\/datalogging-768x449.png 768w, https:\/\/praxas.com\/wp-content\/uploads\/datalogging-120x70.png 120w, https:\/\/praxas.com\/wp-content\/uploads\/datalogging-990x579.png 990w, https:\/\/praxas.com\/wp-content\/uploads\/datalogging-441x258.png 441w, https:\/\/praxas.com\/wp-content\/uploads\/datalogging-350x205.png 350w, https:\/\/praxas.com\/wp-content\/uploads\/datalogging-800x468.png 800w, https:\/\/praxas.com\/wp-content\/uploads\/datalogging-150x88.png 150w, https:\/\/praxas.com\/wp-content\/uploads\/datalogging.png 1000w\" sizes=\"auto, (max-width: 322px) 100vw, 322px\" \/><\/p>\n<p>Dies ist das Beispiel aus dem Video Datenprotokollierung PanelPilotACE Tutorial. Es demonstriert die Verwendung der Datenprotokollierung im PanelPilotACE Design Studio.<\/p>\n<p><a class=\"button button-orange\" href=\"\/wp-content\/uploads\/panelpilotace_datalogging_sgd43a.zip\" target=\"_blank\" rel=\"noopener\">SGD 43-A<\/a> <a class=\"button button-orange\" href=\"\/wp-content\/uploads\/panelpilotace_datalogging_sgd70a.zip\" target=\"_blank\" rel=\"noopener\">SGD 70-A<\/a><\/p>\n<h3>Zahlendreher<\/h3>\n<p><img loading=\"lazy\" decoding=\"async\" class=\"alignnone wp-image-16198\" src=\"https:\/\/praxas.com\/wp-content\/uploads\/numberspinner-300x176.png\" alt=\"Zahlendreher\" width=\"324\" height=\"190\" srcset=\"https:\/\/praxas.com\/wp-content\/uploads\/numberspinner-300x176.png 300w, https:\/\/praxas.com\/wp-content\/uploads\/numberspinner-768x449.png 768w, https:\/\/praxas.com\/wp-content\/uploads\/numberspinner-120x70.png 120w, https:\/\/praxas.com\/wp-content\/uploads\/numberspinner-990x579.png 990w, https:\/\/praxas.com\/wp-content\/uploads\/numberspinner-441x258.png 441w, https:\/\/praxas.com\/wp-content\/uploads\/numberspinner-350x205.png 350w, https:\/\/praxas.com\/wp-content\/uploads\/numberspinner-800x468.png 800w, https:\/\/praxas.com\/wp-content\/uploads\/numberspinner-150x88.png 150w, https:\/\/praxas.com\/wp-content\/uploads\/numberspinner.png 1000w\" sizes=\"auto, (max-width: 324px) 100vw, 324px\" \/><\/p>\n<p>Ein einfacher Zahlendreher, der in einem Projekt auf vielf\u00e4ltige Weise verwendet werden kann. Diese Version hat variable Grenzen und Schrittweiten. Es verwendet die Funktion Maths Builder in Verbindung mit Plus- und Minustasten.<\/p>\n<p><a class=\"button button-orange\" href=\"\/wp-content\/uploads\/panelpilotace_numberspinner_sgd43a.zip\" target=\"_blank\" rel=\"noopener\">SGD 43-A<\/a> <a class=\"button button-orange\" href=\"\/wp-content\/uploads\/panelpilotace_numberspinner_sgd70a.zip\" target=\"_blank\" rel=\"noopener\">SGD 70-A<\/a><\/p>\n<h3>Messger\u00e4t mit variablem Alarm<\/h3>\n<p><img loading=\"lazy\" decoding=\"async\" class=\"alignnone wp-image-16204\" src=\"https:\/\/praxas.com\/wp-content\/uploads\/meterwvariablealarm-300x176.png\" alt=\"Messger\u00e4t mit variablem Alarm\" width=\"336\" height=\"197\" srcset=\"https:\/\/praxas.com\/wp-content\/uploads\/meterwvariablealarm-300x176.png 300w, https:\/\/praxas.com\/wp-content\/uploads\/meterwvariablealarm-768x449.png 768w, https:\/\/praxas.com\/wp-content\/uploads\/meterwvariablealarm-120x70.png 120w, https:\/\/praxas.com\/wp-content\/uploads\/meterwvariablealarm-990x579.png 990w, https:\/\/praxas.com\/wp-content\/uploads\/meterwvariablealarm-441x258.png 441w, https:\/\/praxas.com\/wp-content\/uploads\/meterwvariablealarm-350x205.png 350w, https:\/\/praxas.com\/wp-content\/uploads\/meterwvariablealarm-800x468.png 800w, https:\/\/praxas.com\/wp-content\/uploads\/meterwvariablealarm-150x88.png 150w, https:\/\/praxas.com\/wp-content\/uploads\/meterwvariablealarm.png 1000w\" sizes=\"auto, (max-width: 336px) 100vw, 336px\" \/><\/p>\n<p>Dieses Projekt verwendet einen Logic Builder, Properties Trigger, Set Rules und Maths Builders, um eine benutzervariable Alarmfunktion zu erstellen.<\/p>\n<p><a class=\"button button-orange\" href=\"\/wp-content\/uploads\/basic-meter-w-variable-alarm_sgd43a.zip\" target=\"_blank\" rel=\"noopener\">SGD 43-A<\/a> <a class=\"button button-orange\" href=\"\/wp-content\/uploads\/basic-meter-wvariable-alarm_sgd70a.zip\" target=\"_blank\" rel=\"noopener\">SGD 70-A<\/a><\/p>\n<h3>Analoger Z\u00e4hler<\/h3>\n<p><img loading=\"lazy\" decoding=\"async\" class=\"alignnone wp-image-16209\" src=\"https:\/\/praxas.com\/wp-content\/uploads\/analoguecounter-300x176.png\" alt=\"Analoger Z\u00e4hler\" width=\"332\" height=\"195\" srcset=\"https:\/\/praxas.com\/wp-content\/uploads\/analoguecounter-300x176.png 300w, https:\/\/praxas.com\/wp-content\/uploads\/analoguecounter-768x449.png 768w, https:\/\/praxas.com\/wp-content\/uploads\/analoguecounter-120x70.png 120w, https:\/\/praxas.com\/wp-content\/uploads\/analoguecounter-990x579.png 990w, https:\/\/praxas.com\/wp-content\/uploads\/analoguecounter-441x258.png 441w, https:\/\/praxas.com\/wp-content\/uploads\/analoguecounter-350x205.png 350w, https:\/\/praxas.com\/wp-content\/uploads\/analoguecounter-800x468.png 800w, https:\/\/praxas.com\/wp-content\/uploads\/analoguecounter-150x88.png 150w, https:\/\/praxas.com\/wp-content\/uploads\/analoguecounter.png 1000w\" sizes=\"auto, (max-width: 332px) 100vw, 332px\" \/><\/p>\n<p>Diese Vorlage verwendet eine entprellte Z\u00e4hlung von einem Analogeingang. Dazu verwendet es einen Eigenschaften-Ausl\u00f6ser, einen Logik-Builder, einen Mathe-Builder und Set-Regeln. Die Triggerpegel sind auf 3V = high eingestellt. Dies kann mit der Funktion Logic Builder angepasst werden.<\/p>\n<p><a class=\"button button-orange\" href=\"\/wp-content\/uploads\/panelpilotace_analoguecounter_sgd43a.zip\" target=\"_blank\" rel=\"noopener\">SGD 43-A<\/a> <a class=\"button button-orange\" href=\"\/wp-content\/uploads\/panelpilotace_analoguecounter_sgd70a.zip\" target=\"_blank\" rel=\"noopener\">SGD 70-A<\/a><\/p>\n<h3>Tara<\/h3>\n<p><img loading=\"lazy\" decoding=\"async\" class=\"alignnone wp-image-16214\" src=\"https:\/\/praxas.com\/wp-content\/uploads\/tare-300x176.png\" alt=\"Tara-Anzeige\" width=\"324\" height=\"190\" srcset=\"https:\/\/praxas.com\/wp-content\/uploads\/tare-300x176.png 300w, https:\/\/praxas.com\/wp-content\/uploads\/tare-768x449.png 768w, https:\/\/praxas.com\/wp-content\/uploads\/tare-120x70.png 120w, https:\/\/praxas.com\/wp-content\/uploads\/tare-990x579.png 990w, https:\/\/praxas.com\/wp-content\/uploads\/tare-441x258.png 441w, https:\/\/praxas.com\/wp-content\/uploads\/tare-350x205.png 350w, https:\/\/praxas.com\/wp-content\/uploads\/tare-800x468.png 800w, https:\/\/praxas.com\/wp-content\/uploads\/tare-150x88.png 150w, https:\/\/praxas.com\/wp-content\/uploads\/tare.png 1000w\" sizes=\"auto, (max-width: 324px) 100vw, 324px\" \/><\/p>\n<p>Dies ist ein Beispiel daf\u00fcr, wie Sie eine Tara-Anwendung mit Hilfe von Maths Builders, Variablen und logischen Aktionen erstellen. Passen Sie die lineare Skalierung des Analogeingangs \u00fcber die Variableneigenschaften im Projekt an.<\/p>\n<p><a class=\"button button-orange\" href=\"\/wp-content\/uploads\/panelpilotacetaredisplay_sgd43a.zip\" target=\"_blank\" rel=\"noopener\">SGD 43-A<\/a> <a class=\"button button-orange\" href=\"\/wp-content\/uploads\/panelpilot_taredisplay_sgd70a.zip\" target=\"_blank\" rel=\"noopener\">SGD 70-A<\/a><\/p>\n<h3>Farbwechselnder Alarm<\/h3>\n<p><img loading=\"lazy\" decoding=\"async\" class=\"alignnone size-medium wp-image-18100\" src=\"https:\/\/praxas.com\/wp-content\/uploads\/colourchangealarm-1-300x176.png\" alt=\"\" width=\"300\" height=\"176\" srcset=\"https:\/\/praxas.com\/wp-content\/uploads\/colourchangealarm-1-300x176.png 300w, https:\/\/praxas.com\/wp-content\/uploads\/colourchangealarm-1-768x449.png 768w, https:\/\/praxas.com\/wp-content\/uploads\/colourchangealarm-1-120x70.png 120w, https:\/\/praxas.com\/wp-content\/uploads\/colourchangealarm-1-990x579.png 990w, https:\/\/praxas.com\/wp-content\/uploads\/colourchangealarm-1-441x258.png 441w, https:\/\/praxas.com\/wp-content\/uploads\/colourchangealarm-1-350x205.png 350w, https:\/\/praxas.com\/wp-content\/uploads\/colourchangealarm-1-800x468.png 800w, https:\/\/praxas.com\/wp-content\/uploads\/colourchangealarm-1-150x88.png 150w, https:\/\/praxas.com\/wp-content\/uploads\/colourchangealarm-1.png 1000w\" sizes=\"auto, (max-width: 300px) 100vw, 300px\" \/><\/p>\n<p>Dieses Projekt demonstriert eine Methode, wie Sie die Farbe eines visuellen Elements \u00e4ndern k\u00f6nnen. In diesem Fall \u00e4ndert sich die Farbe des Alarmsymbols bei verschiedenen Alarmzust\u00e4nden. Die Vorlage verwendet Variablen f\u00fcr die Farben und die hohen\/niedrigen Alarmwerte.<\/p>\n<p><a class=\"button button-orange\" href=\"https:\/\/praxas.com\/wp-content\/uploads\/panelpilotace_colourchangealarm_sgd43a-1.zip\" target=\"_blank\" rel=\"noopener\">SGD 43-A<\/a> <a class=\"button button-orange\" href=\"https:\/\/praxas.com\/wp-content\/uploads\/panelpilotace_colourchangealarm_sgd70a-1.zip\" target=\"_blank\" rel=\"noopener\">SGD 70-A<\/a><\/p>\n<h3>PID-Protokollierung mit FTP<\/h3>\n<p><img loading=\"lazy\" decoding=\"async\" class=\"alignnone wp-image-16222\" src=\"https:\/\/praxas.com\/wp-content\/uploads\/pidController-300x176.png\" alt=\"PID-Regler \" width=\"319\" height=\"187\" srcset=\"https:\/\/praxas.com\/wp-content\/uploads\/pidController-300x176.png 300w, https:\/\/praxas.com\/wp-content\/uploads\/pidController-768x449.png 768w, https:\/\/praxas.com\/wp-content\/uploads\/pidController-120x70.png 120w, https:\/\/praxas.com\/wp-content\/uploads\/pidController-990x579.png 990w, https:\/\/praxas.com\/wp-content\/uploads\/pidController-441x258.png 441w, https:\/\/praxas.com\/wp-content\/uploads\/pidController-350x205.png 350w, https:\/\/praxas.com\/wp-content\/uploads\/pidController-800x468.png 800w, https:\/\/praxas.com\/wp-content\/uploads\/pidController-150x88.png 150w, https:\/\/praxas.com\/wp-content\/uploads\/pidController.png 1000w\" sizes=\"auto, (max-width: 319px) 100vw, 319px\" \/><\/p>\n<p>Dies ist eine Demonstrationsvorlage mit PID-Steuerungsfunktionen f\u00fcr PanelPilotACE. Sie zeigt die Datenprotokollierung und die FTP-\u00dcbertragung an. Bitte beachten Sie, dass diese Vorlage nur f\u00fcr das Modell SGD 70-A verf\u00fcgbar ist.<\/p>\n<p><a class=\"button button-orange\" href=\"\/wp-content\/uploads\/panelpilotace_pidloggingwithftp_sgd70a.zip\" target=\"_blank\" rel=\"noopener\">SGD 70-A<\/a><\/p>\n<h3>RS232<\/h3>\n<p><img loading=\"lazy\" decoding=\"async\" class=\"alignnone wp-image-16226\" src=\"https:\/\/praxas.com\/wp-content\/uploads\/rs232-300x176.png\" alt=\"RS232\" width=\"319\" height=\"187\" srcset=\"https:\/\/praxas.com\/wp-content\/uploads\/rs232-300x176.png 300w, https:\/\/praxas.com\/wp-content\/uploads\/rs232-768x449.png 768w, https:\/\/praxas.com\/wp-content\/uploads\/rs232-120x70.png 120w, https:\/\/praxas.com\/wp-content\/uploads\/rs232-990x579.png 990w, https:\/\/praxas.com\/wp-content\/uploads\/rs232-441x258.png 441w, https:\/\/praxas.com\/wp-content\/uploads\/rs232-350x205.png 350w, https:\/\/praxas.com\/wp-content\/uploads\/rs232-800x468.png 800w, https:\/\/praxas.com\/wp-content\/uploads\/rs232-150x88.png 150w, https:\/\/praxas.com\/wp-content\/uploads\/rs232.png 1000w\" sizes=\"auto, (max-width: 319px) 100vw, 319px\" \/><\/p>\n<p>Diese Vorlage zeigt, wie Sie die RS232-Kommunikationsfunktionen von PanelPilotACE nutzen k\u00f6nnen. \u00dcber die serielle Schnittstelle k\u00f6nnen Daten gesendet und empfangen werden. Senden Sie Daten, indem Sie die Taste tx dr\u00fccken. Beachten Sie, dass der Wert gleich dem analogen Eingangswert ist, der in dem nebenstehenden Textfeld angezeigt wird. Eine Zeichenkette kann angezeigt werden, indem Sie &#8222;in1,[string]&#8220; an das Ger\u00e4t senden.<\/p>\n<p><a class=\"button button-orange\" href=\"\/wp-content\/uploads\/panelpilotace_rs232_sgd43a.zip\" target=\"_blank\" rel=\"noopener\">SGD 43-A<\/a> <a class=\"button button-orange\" href=\"\/wp-content\/uploads\/panelpilotace_rs232_sgd70a.zip\" target=\"_blank\" rel=\"noopener\">SGD 70-A <\/a><\/p>\n<h3>RS485 mit Modbus<\/h3>\n<p><img loading=\"lazy\" decoding=\"async\" class=\"alignnone wp-image-16233\" src=\"https:\/\/praxas.com\/wp-content\/uploads\/rs485-300x176.png\" alt=\"RS485 \" width=\"324\" height=\"190\" srcset=\"https:\/\/praxas.com\/wp-content\/uploads\/rs485-300x176.png 300w, https:\/\/praxas.com\/wp-content\/uploads\/rs485-768x449.png 768w, https:\/\/praxas.com\/wp-content\/uploads\/rs485-120x70.png 120w, https:\/\/praxas.com\/wp-content\/uploads\/rs485-990x579.png 990w, https:\/\/praxas.com\/wp-content\/uploads\/rs485-441x258.png 441w, https:\/\/praxas.com\/wp-content\/uploads\/rs485-350x205.png 350w, https:\/\/praxas.com\/wp-content\/uploads\/rs485-800x468.png 800w, https:\/\/praxas.com\/wp-content\/uploads\/rs485-150x88.png 150w, https:\/\/praxas.com\/wp-content\/uploads\/rs485.png 1000w\" sizes=\"auto, (max-width: 324px) 100vw, 324px\" \/><\/p>\n<p>Diese Vorlagen sind Demonstrationsprojekte, die zeigen, wie RS485- und MODBUS RTU-Protokollbefehle mit PanelPilotACE verwendet werden k\u00f6nnen. RS485 ist f\u00fcr das SGD 43-A mit dem Zusatz der <a href=\"\/de\/product\/panelpilot-zeigt-an\/zubehor-de-2\/s43-rs485\/\" target=\"_blank\" rel=\"noopener\"><strong>RS485<\/strong><\/a> Zusatzkarte verf\u00fcgbar.<\/p>\n<p><a class=\"button button-orange\" href=\"\/wp-content\/uploads\/panelpilotace_rs485modbus_sgd43a.zip\" target=\"_blank\" rel=\"noopener\">SGD 43-A<\/a> <a class=\"button button-orange\" href=\"\/wp-content\/uploads\/panelpilotace_rs485modbus_sgd70a.zip\" target=\"_blank\" rel=\"noopener\">SGD70-A<\/a><\/p>\n<h3>Thermostat mit Modbus<\/h3>\n<p><img loading=\"lazy\" decoding=\"async\" class=\"alignnone wp-image-16237\" src=\"https:\/\/praxas.com\/wp-content\/uploads\/modbusthermo-300x176.png\" alt=\"\" width=\"327\" height=\"192\" srcset=\"https:\/\/praxas.com\/wp-content\/uploads\/modbusthermo-300x176.png 300w, https:\/\/praxas.com\/wp-content\/uploads\/modbusthermo-768x449.png 768w, https:\/\/praxas.com\/wp-content\/uploads\/modbusthermo-120x70.png 120w, https:\/\/praxas.com\/wp-content\/uploads\/modbusthermo-990x579.png 990w, https:\/\/praxas.com\/wp-content\/uploads\/modbusthermo-441x258.png 441w, https:\/\/praxas.com\/wp-content\/uploads\/modbusthermo-350x205.png 350w, https:\/\/praxas.com\/wp-content\/uploads\/modbusthermo-800x468.png 800w, https:\/\/praxas.com\/wp-content\/uploads\/modbusthermo-150x88.png 150w, https:\/\/praxas.com\/wp-content\/uploads\/modbusthermo.png 1000w\" sizes=\"auto, (max-width: 327px) 100vw, 327px\" \/><\/p>\n<p>Diese Vorlagen zeigen, wie MODBUS-Befehle mit PanelPilotACE verwendet werden k\u00f6nnen. RS485 ist f\u00fcr das SGD 43-A mit dem Zusatz der <strong><a href=\"\/de\/product\/panelpilot-zeigt-an\/zubehor-de-2\/s43-rs485\/\" target=\"_blank\" rel=\"noopener\">RS485<\/a><\/strong> Zusatzplatine zur Verf\u00fcgung.<\/p>\n<p><a class=\"button button-orange\" href=\"\/wp-content\/uploads\/panelpilotace_modbusthermostat_sgd43a.zip\" target=\"_blank\" rel=\"noopener\">SGD 43-A<\/a> <a class=\"button button-orange\" href=\"\/wp-content\/uploads\/panelpilotace_modbusthermostat_sgd70a.zip\" target=\"_blank\" rel=\"noopener\">SGD 70-A<\/a><\/p>\n<h3>Ethernet<\/h3>\n<p><img loading=\"lazy\" decoding=\"async\" class=\"alignnone wp-image-16242\" src=\"https:\/\/praxas.com\/wp-content\/uploads\/ethernet-300x176.png\" alt=\"Ethernet\" width=\"326\" height=\"191\" srcset=\"https:\/\/praxas.com\/wp-content\/uploads\/ethernet-300x176.png 300w, https:\/\/praxas.com\/wp-content\/uploads\/ethernet-768x449.png 768w, https:\/\/praxas.com\/wp-content\/uploads\/ethernet-120x70.png 120w, https:\/\/praxas.com\/wp-content\/uploads\/ethernet-990x579.png 990w, https:\/\/praxas.com\/wp-content\/uploads\/ethernet-441x258.png 441w, https:\/\/praxas.com\/wp-content\/uploads\/ethernet-350x205.png 350w, https:\/\/praxas.com\/wp-content\/uploads\/ethernet-800x468.png 800w, https:\/\/praxas.com\/wp-content\/uploads\/ethernet-150x88.png 150w, https:\/\/praxas.com\/wp-content\/uploads\/ethernet.png 1000w\" sizes=\"auto, (max-width: 326px) 100vw, 326px\" \/><\/p>\n<p>Dies ist eine Beispielvorlage, die die Netzwerkf\u00e4higkeiten des SGD 70-A Modells \u00fcber Ethernet zeigt. Bitte beachten Sie, dass diese Vorlage nur f\u00fcr das Modell SGD 70-A verf\u00fcgbar ist.<\/p>\n<p><a class=\"button button-orange\" href=\"\/wp-content\/uploads\/panelpilotace_ethernet_sgd70a.zip\" target=\"_blank\" rel=\"noopener\">SGD 70-A<\/a><\/p>\n<h3>Thermistor-Elemente<\/h3>\n<p>Dies ist eine .zip-Datei mit drei Vorlagen f\u00fcr den Anschluss an unsere Thermistor-Zusatzplatine. Zu diesen Vorlagen geh\u00f6ren Thermistorelement, Thermistorelement mit Alarmen und Vorlage f\u00fcr gleitenden Durchschnitt.<\/p>\n<p><a class=\"button button-orange\" href=\"\/wp-content\/uploads\/ThermistorElements.zip\" target=\"_blank\" rel=\"noopener\">DOWNLOAD<\/a><\/p>\n","protected":false},"excerpt":{"rendered":"<p>Wir haben einige grundlegende Funktionen entwickelt, damit Sie mit Ihrem n\u00e4chsten Display-Projekt beginnen k\u00f6nnen. St\u00f6bern Sie in der Liste unten und laden Sie praktische Funktionen wie einen Zahlendreher, Alarme und Trendgrafiken herunter. Zifferntastatur Dieses Beispiel zeigt Ihnen, wie Sie einen 4-stelligen Sperrbildschirm mit einer numerischen Tastatur einrichten k\u00f6nnen. Die Vorlage zeigt die Verwendung des Maths [&hellip;]<\/p>\n","protected":false},"author":5,"featured_media":0,"parent":25596,"menu_order":0,"comment_status":"closed","ping_status":"closed","template":"","meta":{"_acf_changed":false,"content-type":"","_uag_custom_page_level_css":"","footnotes":""},"class_list":["post-25577","page","type-page","status-publish","hentry"],"acf":[],"spectra_custom_meta":{"hero_image":[""],"_hero_image":["field_64f1a7da7af44"],"_hero_h1":["field_64f19e1edd052"],"_hero_h2":["field_64f19e2ddd053"],"_hero_text":["field_64f19e42dd054"],"_hero_button_text":["field_64f19e4edd055"],"_hero_button_link":["field_64f19e5ddd056"],"_top_nav_excluded":[""],"_cms_nav_minihome":[""],"_wp_page_template":["default"],"_last_translation_edit_mode":["native-editor"],"rank_math_og_content_image":["a:2:{s:5:\"check\";s:32:\"87ae92a27d1f34e96b3cdf4a52af4089\";s:6:\"images\";a:1:{i:0;i:16151;}}"],"_edit_lock":["1721638803:8383"],"classic-editor-remember":["classic-editor"],"rank_math_seo_score":["19"],"_edit_last":["8383"],"hero_h1":[""],"hero_h2":[""],"hero_text":[""],"hero_button_text":[""],"hero_button_link":[""],"_wpml_media_duplicate":["1"],"_wpml_media_featured":["1"],"_uag_page_assets":["a:9:{s:3:\"css\";s:0:\"\";s:2:\"js\";s:0:\"\";s:18:\"current_block_list\";a:0:{}s:8:\"uag_flag\";b:0;s:11:\"uag_version\";s:10:\"1775742760\";s:6:\"gfonts\";a:0:{}s:10:\"gfonts_url\";s:0:\"\";s:12:\"gfonts_files\";a:0:{}s:14:\"uag_faq_layout\";b:0;}"]},"uagb_featured_image_src":{"full":false,"thumbnail":false,"medium":false,"medium_large":false,"large":false,"1536x1536":false,"2048x2048":false,"crunchify-admin-post-featured-image":false,"commercegurus-pdp-large":false,"commercegurus-plp-mobile":false,"cgkit_image_swatch":false,"woocommerce_thumbnail":false,"woocommerce_single":false,"woocommerce_gallery_thumbnail":false},"uagb_author_info":{"display_name":"Ellen Potter","author_link":"https:\/\/praxas.com\/de\/author\/ellen\/"},"uagb_comment_info":0,"uagb_excerpt":"Wir haben einige grundlegende Funktionen entwickelt, damit Sie mit Ihrem n\u00e4chsten Display-Projekt beginnen k\u00f6nnen. St\u00f6bern Sie in der Liste unten und laden Sie praktische Funktionen wie einen Zahlendreher, Alarme und Trendgrafiken herunter. Zifferntastatur Dieses Beispiel zeigt Ihnen, wie Sie einen 4-stelligen Sperrbildschirm mit einer numerischen Tastatur einrichten k\u00f6nnen. Die Vorlage zeigt die Verwendung des Maths&hellip;","_links":{"self":[{"href":"https:\/\/praxas.com\/de\/wp-json\/wp\/v2\/pages\/25577","targetHints":{"allow":["GET"]}}],"collection":[{"href":"https:\/\/praxas.com\/de\/wp-json\/wp\/v2\/pages"}],"about":[{"href":"https:\/\/praxas.com\/de\/wp-json\/wp\/v2\/types\/page"}],"author":[{"embeddable":true,"href":"https:\/\/praxas.com\/de\/wp-json\/wp\/v2\/users\/5"}],"replies":[{"embeddable":true,"href":"https:\/\/praxas.com\/de\/wp-json\/wp\/v2\/comments?post=25577"}],"version-history":[{"count":3,"href":"https:\/\/praxas.com\/de\/wp-json\/wp\/v2\/pages\/25577\/revisions"}],"predecessor-version":[{"id":38321,"href":"https:\/\/praxas.com\/de\/wp-json\/wp\/v2\/pages\/25577\/revisions\/38321"}],"up":[{"embeddable":true,"href":"https:\/\/praxas.com\/de\/wp-json\/wp\/v2\/pages\/25596"}],"wp:attachment":[{"href":"https:\/\/praxas.com\/de\/wp-json\/wp\/v2\/media?parent=25577"}],"curies":[{"name":"wp","href":"https:\/\/api.w.org\/{rel}","templated":true}]}}