{"id":25596,"date":"2023-11-14T09:36:43","date_gmt":"2023-11-14T08:36:43","guid":{"rendered":"https:\/\/staging.praxas.com\/panelpilotace-universitaet\/"},"modified":"2025-12-15T17:31:40","modified_gmt":"2025-12-15T16:31:40","slug":"panelpilotace-universitaet","status":"publish","type":"page","link":"https:\/\/praxas.com\/de\/panelpilotace-universitaet\/","title":{"rendered":"PanelPilotACE Universit\u00e4t"},"content":{"rendered":"<p>&nbsp;<\/p>\n<p>Ob Sie sich bereits f\u00fcr das <strong><a href=\"\/de\/software\/panelpilot-software\/panelpilotace-design-studio\/\" target=\"_blank\" rel=\"noopener\">PanelPilotACE<\/a><\/strong> Plattform f\u00fcr Ihr n\u00e4chstes Display-Projekt entschieden haben, die Software-Suite bereits verwendet haben oder noch dabei sind, ihr Entwicklungspotenzial zu evaluieren, die PanelPilotACE University ist Ihr One-Stop-Shop f\u00fcr alle Tools, die Sie ben\u00f6tigen, um Ihr konzeptionelles Display-Design in eine voll funktionsf\u00e4hige App zu verwandeln.<\/p>\n<p>&nbsp;<\/p>\n<h3>PanelPilotACE University Design Studio Neueste Version &#8211; <span style=\"color: #009ee0;\"><a style=\"color: #009ee0;\" href=\"\/de\/software\/panelpilot-software\/panelpilotace-design-studio\/\" target=\"_blank\" rel=\"noopener\">Seite herunterladen<\/a><\/span><\/h3>\n<p>Von Hintergrundbildern bis hin zu Textelementen, analogen Anzeigen, Touchscreen-Navigations-Elementen und sogar komplexen Logik-Anweisungen &#8211; mit der PanelPilotACE Design-Software k\u00f6nnen Benutzer Multi-Screen-Oberfl\u00e4chen erstellen, ohne eine Zeile Code schreiben zu m\u00fcssen.<\/p>\n<p style=\"text-align: left;\"><strong>PID-Steuerung:<\/strong> Verwenden Sie Ihr Display als PID-Steuerger\u00e4t. Legen Sie P-, I- und D-Koeffizienten fest, messen Sie eine Prozessvariable und verwenden Sie PanelPilotACE, um den gew\u00fcnschten Sollwert zu korrigieren, z.B. eine L\u00fcfterdrehzahl zu variieren, um eine Temperatur zu halten.<\/p>\n<div style=\"text-align: centre;\">\n<p style=\"text-align: center;\"><iframe loading=\"lazy\" title=\"PanelPilotACE - Intelligente Grafikdisplays. Ohne Code zu schreiben.\" src=\"https:\/\/www.youtube.com\/embed\/EV_m3dcdRc8\" width=\"816\" height=\"460\" frameborder=\"0\" allowfullscreen=\"allowfullscreen\"><span data-mce-type=\"bookmark\" style=\"display: inline-block; width: 0px; overflow: hidden; line-height: 0;\" class=\"mce_SELRES_start\"><\/span><\/iframe><\/p>\n<p>&nbsp;<\/p>\n<p><strong>Ethernet-FTP f\u00fcr protokollierte Daten:<\/strong> Verbinden Sie PanelPilotACE nicht manuell \u00fcber USB, um protokollierte Daten zu erhalten. Verbinden Sie ihn \u00fcber ein Ethernet-Kabel mit einem FTP-Server, um die Datenerfassung zu beschleunigen und zu vereinfachen.<\/p>\n<p><strong>Mehrkanalige Datenaufzeichnung:<\/strong> Sie haben jetzt 10 Protokollierungskan\u00e4le, die es Ihnen erm\u00f6glichen, jede Eingabe in das Ger\u00e4t zu protokollieren, die numerisch definiert werden kann. Zeichnen Sie mehrere Temperaturen auf einmal auf, ebenso wie Spannung, Strom usw.<\/p>\n<p><strong>Trend-Grafiken:<\/strong> Zeigen Sie Daten in Diagrammen an, w\u00e4hrend sie aufgezeichnet werden. Wenn Sie einen Alarmschwellenwert als einen Ihrer Datenkan\u00e4le verwenden, k\u00f6nnen Sie mit den Trendgrafiken die protokollierten Daten anhand der Alarmwerte \u00fcberwachen.<\/p>\n<p><strong>CAN-Bus-Protokoll:<\/strong> Ein CAN-Bus (Controller Area Network) ist ein nachrichtenbasiertes Kommunikationsprotokoll und wurde dem kapazitiven Touch-Farbdisplay SGD 70-A PanelPilotACE hinzugef\u00fcgt.<\/p>\n<p>&nbsp;<\/p>\n<p style=\"text-align: center;\"><span style=\"color: #009ee0;\"><strong><a style=\"color: #009ee0;\" href=\"\/wp-content\/uploads\/can-bus-element-user-guide_iss2_10-19.pdf\" target=\"_blank\" rel=\"noopener\">Laden Sie hier das Benutzerhandbuch f\u00fcr das CAN-Bus-Protokoll herunter.<\/a><\/strong><\/span><\/p>\n<h3><\/h3>\n<p><img loading=\"lazy\" decoding=\"async\" class=\"wp-image-16104 alignleft\" src=\"https:\/\/praxas.com\/wp-content\/uploads\/youtube-image-pp-tablet-v2-300x300.png\" alt=\"PanelPilotACE Universit\u00e4t Youtube-Kanal\" width=\"346\" height=\"346\" srcset=\"https:\/\/praxas.com\/wp-content\/uploads\/youtube-image-pp-tablet-v2-300x300.png 300w, https:\/\/praxas.com\/wp-content\/uploads\/youtube-image-pp-tablet-v2-150x150.png 150w, https:\/\/praxas.com\/wp-content\/uploads\/youtube-image-pp-tablet-v2-120x120.png 120w, https:\/\/praxas.com\/wp-content\/uploads\/youtube-image-pp-tablet-v2-100x100.png 100w, https:\/\/praxas.com\/wp-content\/uploads\/youtube-image-pp-tablet-v2-350x350.png 350w, https:\/\/praxas.com\/wp-content\/uploads\/youtube-image-pp-tablet-v2.png 400w\" sizes=\"auto, (max-width: 346px) 100vw, 346px\" \/><\/p>\n<h2><span style=\"color: #009ee0;\">Video-Tutorials<\/span><\/h2>\n<p>Ist dies Ihr erstes PanelPilotACE? Klicken Sie <strong><a href=\"https:\/\/www.youtube.com\/watch?v=5VqRoIJtgVc&amp;list=PLKSUxzXJy0JKrWoW4x4m3h3bRdwfe2fxY\" target=\"_blank\" rel=\"noopener\">hier<\/a><\/strong> um unsere Tutorial-Videos f\u00fcr Basic User zu sehen. Hier lernen Sie, wie Sie Schaltfl\u00e4chen, Skalenanzeigen und Gruppenanzeigen erstellen.<\/p>\n<p>Erfahrener PanelPilotACE-Benutzer? <strong><a href=\"https:\/\/www.youtube.com\/watch?v=EcnayNJ-OpI&amp;list=PLKSUxzXJy0JJDe0t7q3GUiRRiwmxzaRYd\" target=\"_blank\" rel=\"noopener\">Sehen Sie sich<\/a><\/strong> unsere Tutorial-Videos f\u00fcr fortgeschrittene Benutzer an, um zu sehen, was Sie sonst noch aus Ihrem Display-Panel herausholen k\u00f6nnen. Sie werden alles \u00fcber Alarmausg\u00e4nge, Digitaluhren, logische Anweisungen, Variablen, Ausl\u00f6ser und Aktionen lernen, <strong><a href=\"https:\/\/www.youtube.com\/watch?v=o_bLLKkohy8&amp;t=44s\" target=\"_blank\" rel=\"noopener\">Protokollierung und Trenddarstellung<\/a><\/strong>, <strong><a href=\"https:\/\/www.youtube.com\/watch?v=i7xCh3sso3Y&amp;t=1s\" target=\"_blank\" rel=\"noopener\">PID-Regelung<\/a><\/strong>, <strong><a href=\"https:\/\/www.youtube.com\/watch?v=71Qvi5GQ_yc\" target=\"_blank\" rel=\"noopener\">Eigenschaft Trigger vs. Timer<\/a><\/strong>, <strong><a href=\"https:\/\/www.youtube.com\/watch?v=105lSsgkXj4&amp;t=4s\" target=\"_blank\" rel=\"noopener\">ethernet<\/a><\/strong>, <strong><a href=\"https:\/\/www.youtube.com\/watch?v=UHsCFVZUSvg&amp;t=5s\" target=\"_blank\" rel=\"noopener\">RS485<\/a><\/strong> und <strong><a href=\"https:\/\/www.youtube.com\/watch?v=75tkFOs3Crg&amp;t=3s\" target=\"_blank\" rel=\"noopener\">MODBUS.<\/a><\/strong><\/p>\n<p>Wenn Sie eine ausf\u00fchrlichere Erkl\u00e4rung zu MODBUS w\u00fcnschen, klicken Sie bitte <strong><a href=\"https:\/\/praxas.com\/wp-content\/uploads\/modbus-explained.pdf\" target=\"_blank\" rel=\"noopener\">hier.<\/a><\/strong><\/p>\n<h3><\/h3>\n<p>&nbsp;<\/p>\n<p>&nbsp;<\/p>\n<p><img loading=\"lazy\" decoding=\"async\" class=\"wp-image-16106 alignright\" src=\"https:\/\/praxas.com\/wp-content\/uploads\/optronix-social-post-300x157.png\" alt=\"PanelPilot ACE \" width=\"420\" height=\"220\" srcset=\"https:\/\/praxas.com\/wp-content\/uploads\/optronix-social-post-300x157.png 300w, https:\/\/praxas.com\/wp-content\/uploads\/optronix-social-post-768x402.png 768w, https:\/\/praxas.com\/wp-content\/uploads\/optronix-social-post-120x63.png 120w, https:\/\/praxas.com\/wp-content\/uploads\/optronix-social-post-990x518.png 990w, https:\/\/praxas.com\/wp-content\/uploads\/optronix-social-post-441x231.png 441w, https:\/\/praxas.com\/wp-content\/uploads\/optronix-social-post-350x183.png 350w, https:\/\/praxas.com\/wp-content\/uploads\/optronix-social-post-800x418.png 800w, https:\/\/praxas.com\/wp-content\/uploads\/optronix-social-post-150x78.png 150w, https:\/\/praxas.com\/wp-content\/uploads\/optronix-social-post.png 1000w\" sizes=\"auto, (max-width: 420px) 100vw, 420px\" \/><\/p>\n<h2><span style=\"color: #009ee0;\">Lassen Sie Lascar die Arbeit f\u00fcr Sie erledigen<\/span><\/h2>\n<p>Unsere Softwareplattform PanelPilotACE bietet Anwendern die M\u00f6glichkeit, die Entwicklungszeit f\u00fcr Display-Anwendungen drastisch zu verk\u00fcrzen, da sie keinen komplexen Code mehr ben\u00f6tigen. Aber wenn Sie wirklich unter Druck stehen, einen Entwurf fertigzustellen, warum nutzen Sie dann nicht den Custom Design Service von Lascar f\u00fcr PanelPilotACE, um Ihre L\u00f6sung zu liefern? Geben Sie uns eine Beschreibung Ihrer Display-Anforderungen und wir k\u00f6nnen das Design f\u00fcr Sie fertigstellen.<\/p>\n<p><a class=\"button button-orange\" href=\"https:\/\/lascarelectronics.com\/contact-us\/\" target=\"_blank\" rel=\"noopener\">KONTAKT LASCAR<\/a><\/p>\n<p>&nbsp;<\/p>\n<h2 style=\"text-align: center;\"><span style=\"color: #009ee0;\">Datenbl\u00e4tter<\/span><\/h2>\n<p style=\"text-align: center;\"><a class=\"button button-orange\" href=\"\/wp-content\/uploads\/panelpilot-panel-instrument-sgd-43-a_iss9_07-19.pdf\" target=\"_blank\" rel=\"noopener\">SGD 43-A<\/a> <a class=\"button button-orange\" href=\"\/wp-content\/uploads\/panelpilot-panel-instrument-sgd-70-a_iss7_10-18.pdf\" target=\"_blank\" rel=\"noopener\">SGD 70-A<\/a> <a class=\"button button-orange\" href=\"\/wp-content\/uploads\/panelpilot-panel-instruments-development-kits-1.pdf\" target=\"_blank\" rel=\"noopener\">Entwicklungskits<\/a><\/p>\n<p>&nbsp;<\/p>\n<p><img loading=\"lazy\" decoding=\"async\" class=\"wp-image-16119 alignleft\" src=\"https:\/\/praxas.com\/wp-content\/uploads\/ppauni_3d_mock-up.png\" alt=\"PanelPilot ACE Sperrbildschirm\" width=\"392\" height=\"215\" srcset=\"https:\/\/praxas.com\/wp-content\/uploads\/ppauni_3d_mock-up.png 201w, https:\/\/praxas.com\/wp-content\/uploads\/ppauni_3d_mock-up-120x66.png 120w, https:\/\/praxas.com\/wp-content\/uploads\/ppauni_3d_mock-up-150x82.png 150w\" sizes=\"auto, (max-width: 392px) 100vw, 392px\" \/><\/p>\n<h3><span style=\"color: #009ee0;\">Projekt-Vorlagen<\/span><\/h3>\n<p>M\u00f6chten Sie einen Sperrbildschirm auf Ihrem Bildschirm einrichten, um ihn am Arbeitsplatz zu sichern? Greifen Sie auf den Datenprotokollierungsbereich Ihres PanelPilotACE zu und erstellen Sie Trendgrafiken? Oder m\u00f6chten Sie vielleicht, dass das Panel je nach Alarmstatus verschiedene Farben anzeigt? Verwenden Sie unsere <a href=\"https:\/\/praxas.com\/de\/panelpilotace-universitaet\/projekt-vorlagen\/\" target=\"_blank\" rel=\"noopener\"><strong>KOSTENLOSEN Vorlagen<\/strong><\/a> damit Sie das Beste aus Ihrem PanelPilotACE herausholen k\u00f6nnen.<\/p>\n<h3><span style=\"color: #009ee0;\">Grafiken, Icons &amp; Symbole<\/span><\/h3>\n<p>Download vorgefertigter Symbole <a href=\"\/wp-content\/uploads\/PanelPilotACEicons.zip\" target=\"_blank\" rel=\"noopener\"><strong>Icons &amp; Symbole<\/strong><\/a> und <a href=\"\/wp-content\/uploads\/LibraryElementsforPPADSV2.zip\"><strong>Grafik-Elemente<\/strong><\/a> f\u00fcr jedes Design Studio-Projekt ohne kommerzielle Einschr\u00e4nkungen.<\/p>\n<p>Diese ZIPs enthalten KOSTENLOSE PNG-Dateien. Laden Sie die entsprechende ZIP-Datei herunter, entpacken Sie sie und ziehen Sie die Bilder per Drag-and-Drop auf Ihre Projekte.<\/p>\n<h3><\/h3>\n<h3><span style=\"color: #009ee0;\">PanelPilotACE Benutzerhandb\u00fccher<\/span><\/h3>\n<p><img loading=\"lazy\" decoding=\"async\" class=\"size-full wp-image-16128 alignright\" src=\"https:\/\/praxas.com\/wp-content\/uploads\/can-bus-element-user-guide_iss2_10-19-1-1.png\" alt=\"PanelPilotACE Benutzerhandbuch\" width=\"200\" height=\"295\" srcset=\"https:\/\/praxas.com\/wp-content\/uploads\/can-bus-element-user-guide_iss2_10-19-1-1.png 200w, https:\/\/praxas.com\/wp-content\/uploads\/can-bus-element-user-guide_iss2_10-19-1-1-81x120.png 81w, https:\/\/praxas.com\/wp-content\/uploads\/can-bus-element-user-guide_iss2_10-19-1-1-150x221.png 150w\" sizes=\"auto, (max-width: 200px) 100vw, 200px\" \/>Egal, ob Sie gerade erst anfangen oder bereits Ihre erste PanelPilotACE-App erstellt haben, laden Sie die PanelpilotACE-Benutzerhandb\u00fccher herunter, um alle Informationen zu erhalten, die Sie \u00fcber das PanelPilotACE Design Studio wissen m\u00fcssen.<\/p>\n<p><a href=\"\/wp-content\/uploads\/can-bus-element-user-guide_iss2_10-19-1.pdf\" target=\"_blank\" rel=\"noopener\">CAN-Bus-Protokoll Benutzerhandbuch<\/a><\/p>\n<p><a href=\"\/wp-content\/uploads\/ppa-design-studio_graphics-guide_iss1_07-20.pdf\" target=\"_blank\" rel=\"noopener\">Design Studio Grafiken Anleitung<\/a><\/p>\n<p>&nbsp;<\/p>\n<h2><span style=\"color: #009ee0;\">Unterst\u00fctzen Sie<\/span><\/h2>\n<p>Wenn Sie weitere Hilfe zu PanelPilotACE ben\u00f6tigen, besuchen Sie bitte unseren <strong><a href=\"https:\/\/praxas.com\/de\/unterstuetzen-sie\/\" target=\"_blank\" rel=\"noopener\">Unterst\u00fctzung<\/a><\/strong> Abschnitt f\u00fcr einige h\u00e4ufig gestellte Fragen.<\/p>\n<\/div>\n","protected":false},"excerpt":{"rendered":"<p>&nbsp; Ob Sie sich bereits f\u00fcr das PanelPilotACE Plattform f\u00fcr Ihr n\u00e4chstes Display-Projekt entschieden haben, die Software-Suite bereits verwendet haben oder noch dabei sind, ihr Entwicklungspotenzial zu evaluieren, die PanelPilotACE University ist Ihr One-Stop-Shop f\u00fcr alle Tools, die Sie ben\u00f6tigen, um Ihr konzeptionelles Display-Design in eine voll funktionsf\u00e4hige App zu verwandeln. &nbsp; PanelPilotACE University Design [&hellip;]<\/p>\n","protected":false},"author":5,"featured_media":0,"parent":0,"menu_order":0,"comment_status":"closed","ping_status":"closed","template":"template-fullwidth.php","meta":{"_acf_changed":false,"content-type":"","_uag_custom_page_level_css":"","footnotes":""},"class_list":["post-25596","page","type-page","status-publish","hentry"],"acf":[],"spectra_custom_meta":{"hero_image":[""],"_hero_image":["field_64f1a7da7af44"],"_hero_h1":["field_64f19e1edd052"],"_hero_h2":["field_64f19e2ddd053"],"_hero_text":["field_64f19e42dd054"],"_hero_button_text":["field_64f19e4edd055"],"_hero_button_link":["field_64f19e5ddd056"],"_top_nav_excluded":[""],"_cms_nav_minihome":[""],"_wp_page_template":["template-fullwidth.php"],"_last_translation_edit_mode":["native-editor"],"rank_math_title":["PanelPilotACE Universit\u00e4t | HMI Display Entwicklung | Praxas"],"rank_math_description":["Die PanelPilotACE University ist Ihr One-Stop-Shop f\u00fcr alle Tools, die Sie ben\u00f6tigen, um Ihr konzeptionelles Display-Design in eine voll funktionsf\u00e4hige App zu verwandeln. Erfahren Sie mehr!"],"rank_math_og_content_image":["a:2:{s:5:\"check\";s:32:\"c5cf6a85f3ed99539c81a97aab76bf24\";s:6:\"images\";a:1:{i:0;i:16104;}}"],"_edit_lock":["1765816170:8383"],"classic-editor-remember":["classic-editor"],"rank_math_seo_score":["30"],"_edit_last":["8383"],"hero_h1":[""],"hero_h2":[""],"hero_text":[""],"hero_button_text":[""],"hero_button_link":[""],"_wpml_media_duplicate":["1"],"_wpml_media_featured":["1"],"rank_math_contentai_score":["a:5:{s:8:\"keywords\";s:5:\"74.51\";s:9:\"wordCount\";s:1:\"0\";s:9:\"linkCount\";s:1:\"0\";s:12:\"headingCount\";s:1:\"0\";s:10:\"mediaCount\";s:1:\"0\";}"],"rank_math_rich_snippet":["off"],"rank_math_robots":["a:1:{i:0;s:7:\"noindex\";}"],"rank_math_analytic_object_id":["1395"],"_wpml_word_count":["828"],"_uag_page_assets":["a:9:{s:3:\"css\";s:0:\"\";s:2:\"js\";s:0:\"\";s:18:\"current_block_list\";a:0:{}s:8:\"uag_flag\";b:0;s:11:\"uag_version\";s:10:\"1775212209\";s:6:\"gfonts\";a:0:{}s:10:\"gfonts_url\";s:0:\"\";s:12:\"gfonts_files\";a:0:{}s:14:\"uag_faq_layout\";b:0;}"]},"uagb_featured_image_src":{"full":false,"thumbnail":false,"medium":false,"medium_large":false,"large":false,"1536x1536":false,"2048x2048":false,"crunchify-admin-post-featured-image":false,"commercegurus-pdp-large":false,"commercegurus-plp-mobile":false,"cgkit_image_swatch":false,"woocommerce_thumbnail":false,"woocommerce_single":false,"woocommerce_gallery_thumbnail":false},"uagb_author_info":{"display_name":"Ellen Potter","author_link":"https:\/\/praxas.com\/de\/author\/ellen\/"},"uagb_comment_info":0,"uagb_excerpt":"&nbsp; Ob Sie sich bereits f\u00fcr das PanelPilotACE Plattform f\u00fcr Ihr n\u00e4chstes Display-Projekt entschieden haben, die Software-Suite bereits verwendet haben oder noch dabei sind, ihr Entwicklungspotenzial zu evaluieren, die PanelPilotACE University ist Ihr One-Stop-Shop f\u00fcr alle Tools, die Sie ben\u00f6tigen, um Ihr konzeptionelles Display-Design in eine voll funktionsf\u00e4hige App zu verwandeln. &nbsp; PanelPilotACE University Design&hellip;","_links":{"self":[{"href":"https:\/\/praxas.com\/de\/wp-json\/wp\/v2\/pages\/25596","targetHints":{"allow":["GET"]}}],"collection":[{"href":"https:\/\/praxas.com\/de\/wp-json\/wp\/v2\/pages"}],"about":[{"href":"https:\/\/praxas.com\/de\/wp-json\/wp\/v2\/types\/page"}],"author":[{"embeddable":true,"href":"https:\/\/praxas.com\/de\/wp-json\/wp\/v2\/users\/5"}],"replies":[{"embeddable":true,"href":"https:\/\/praxas.com\/de\/wp-json\/wp\/v2\/comments?post=25596"}],"version-history":[{"count":10,"href":"https:\/\/praxas.com\/de\/wp-json\/wp\/v2\/pages\/25596\/revisions"}],"predecessor-version":[{"id":38320,"href":"https:\/\/praxas.com\/de\/wp-json\/wp\/v2\/pages\/25596\/revisions\/38320"}],"wp:attachment":[{"href":"https:\/\/praxas.com\/de\/wp-json\/wp\/v2\/media?parent=25596"}],"curies":[{"name":"wp","href":"https:\/\/api.w.org\/{rel}","templated":true}]}}