{"id":25607,"date":"2023-11-06T16:52:27","date_gmt":"2023-11-06T16:52:27","guid":{"rendered":"https:\/\/staging.praxas.com\/lieferung-und-rueckgabe\/"},"modified":"2025-06-20T10:19:34","modified_gmt":"2025-06-20T10:19:34","slug":"lieferung-und-rueckgabe","status":"publish","type":"page","link":"https:\/\/praxas.com\/de\/unternehmensrichtlinien\/lieferung-und-rueckgabe\/","title":{"rendered":"Lieferung und R\u00fcckgabe"},"content":{"rendered":"<p>&nbsp;<\/p>\n<p>&nbsp;<\/p>\n<p>Wir bem\u00fchen uns, Ihre Bestellung so schnell wie m\u00f6glich zu liefern. Bei Bestellungen, die werktags bis 14.00 Uhr eingehen, werden vorr\u00e4tige Artikel in der Regel noch am selben Tag versandt. Bei Artikeln, die nicht auf Lager sind, kann die Lieferung etwas l\u00e4nger dauern.<\/p>\n<p>Die angegebenen Preise enthalten keine Versandkosten. Die Versandkosten h\u00e4ngen vom Gewicht und der Zieladresse ab.<\/p>\n<p>Wir beauftragen DHL, PostNL oder UPS mit der Zustellung Ihrer Bestellungen. In der Regel erfolgt die Lieferung am n\u00e4chsten Werktag zwischen 9:00 und 18:00 Uhr. Allerdings k\u00f6nnen wir den genauen Zeitpunkt der Lieferung nicht garantieren. Wenn Sie Fragen dazu haben, setzen Sie sich bitte mit uns in Verbindung, und wir werden uns in Ihrem Namen mit dem Spediteur in Verbindung setzen.<\/p>\n<p>&nbsp;<\/p>\n<p><strong>Umtausch und R\u00fcckgabe<\/strong><\/p>\n<p>Es ist uns wichtig, dass Sie mit Ihrem Kauf zufrieden sind. Wenn nicht, werden wir alles tun, was wir k\u00f6nnen, um das Problem zu l\u00f6sen. Wir haben ein R\u00fcckgabeverfahren speziell f\u00fcr Gesch\u00e4ftskunden eingerichtet. Unten lesen Sie, wie Sie als Gesch\u00e4ftskunde eine Bestellung zur\u00fcckgeben k\u00f6nnen.<\/p>\n<ol>\n<li>Senden Sie eine E-Mail an <a href=\"mailto:info@praxas.com\"><br \/>\n  <strong>info@praxas.com<\/strong><br \/>\n<\/a> mit den Informationen \u00fcber den Artikel, den Sie zur\u00fcckgeben m\u00f6chten, und der Bestellnummer.<\/li>\n<li>Wir werden uns umgehend mit Ihnen in Verbindung setzen, um eine geeignete L\u00f6sung zu besprechen.<\/li>\n<li>Wenn die Waren zur\u00fcckgeschickt werden sollen, erhalten Sie eine E-Mail zur Best\u00e4tigung Ihrer R\u00fccksendung. Drucken Sie das in der E-Mail enthaltene R\u00fccksendeformular aus und legen Sie es dem Paket bei.<\/li>\n<li>Je nach den getroffenen Vereinbarungen wird Ihnen innerhalb von 14 Tagen nach Erhalt der zur\u00fcckgesandten Artikel ein Ersatzprodukt zugesandt, oder wir erstatten Ihnen den Kaufpreis auf Ihr Konto.<\/li>\n<\/ol>\n<p>Die Versandkosten f\u00fcr den Umtausch oder die R\u00fcckgabe gehen zu Ihren Lasten, es sei denn, wir haben eine Falschlieferung vorgenommen. Wenn die R\u00fccksendung besch\u00e4digt oder unvollst\u00e4ndig ankommt, werden angemessene Kosten in Rechnung gestellt.<\/p>\n<p>Wenn Sie eine R\u00fcckgabe anfragen, geben Sie immer die R\u00fcckgabenummer an. So k\u00f6nnen wir Ihnen einen schnellen Service bieten.<\/p>\n<p>Wichtig: Legen Sie bitte eine Kopie des R\u00fcckgabeformulars der R\u00fccksendung bei. Ohne dieses Formular sind wir m\u00f6glicherweise nicht in der Lage, die R\u00fccksendung umgehend zu bearbeiten oder zu erstatten.<\/p>\n<p>&nbsp;<\/p>\n<p><strong>R\u00fccksendeadresse<\/strong><\/p>\n<p>Praxas B.V.<\/p>\n<p>Hoeksteen 5<\/p>\n<p>4815 PR Breda<\/p>\n<p>Niederlande<\/p>\n","protected":false},"excerpt":{"rendered":"<p>&nbsp; &nbsp; Wir bem\u00fchen uns, Ihre Bestellung so schnell wie m\u00f6glich zu liefern. Bei Bestellungen, die werktags bis 14.00 Uhr eingehen, werden vorr\u00e4tige Artikel in der Regel noch am selben Tag versandt. Bei Artikeln, die nicht auf Lager sind, kann die Lieferung etwas l\u00e4nger dauern. Die angegebenen Preise enthalten keine Versandkosten. Die Versandkosten h\u00e4ngen vom [&hellip;]<\/p>\n","protected":false},"author":8383,"featured_media":0,"parent":25675,"menu_order":0,"comment_status":"closed","ping_status":"closed","template":"template-fullwidth.php","meta":{"_acf_changed":false,"content-type":"","_uag_custom_page_level_css":"","footnotes":""},"class_list":["post-25607","page","type-page","status-publish","hentry"],"acf":[],"spectra_custom_meta":{"hero_image":[""],"_hero_image":["field_64f1a7da7af44"],"_hero_h1":["field_64f19e1edd052"],"_hero_h2":["field_64f19e2ddd053"],"_hero_text":["field_64f19e42dd054"],"_hero_button_text":["field_64f19e4edd055"],"_hero_button_link":["field_64f19e5ddd056"],"_top_nav_excluded":[""],"_cms_nav_minihome":[""],"_wp_page_template":["template-fullwidth.php"],"_last_translation_edit_mode":["translation-editor"],"rank_math_focus_keyword":["R\u00fccksendungen, Lieferung"],"rank_math_description":["Lieferinformationen, Umtausch und R\u00fcckgabe"],"_wpml_word_count":["408"],"_uag_page_assets":["a:9:{s:3:\"css\";s:0:\"\";s:2:\"js\";s:0:\"\";s:18:\"current_block_list\";a:0:{}s:8:\"uag_flag\";b:0;s:11:\"uag_version\";s:10:\"1775171553\";s:6:\"gfonts\";a:0:{}s:10:\"gfonts_url\";s:0:\"\";s:12:\"gfonts_files\";a:0:{}s:14:\"uag_faq_layout\";b:0;}"]},"uagb_featured_image_src":{"full":false,"thumbnail":false,"medium":false,"medium_large":false,"large":false,"1536x1536":false,"2048x2048":false,"crunchify-admin-post-featured-image":false,"commercegurus-pdp-large":false,"commercegurus-plp-mobile":false,"cgkit_image_swatch":false,"woocommerce_thumbnail":false,"woocommerce_single":false,"woocommerce_gallery_thumbnail":false},"uagb_author_info":{"display_name":"Alex James","author_link":"https:\/\/praxas.com\/de\/author\/alex\/"},"uagb_comment_info":0,"uagb_excerpt":"&nbsp; &nbsp; Wir bem\u00fchen uns, Ihre Bestellung so schnell wie m\u00f6glich zu liefern. Bei Bestellungen, die werktags bis 14.00 Uhr eingehen, werden vorr\u00e4tige Artikel in der Regel noch am selben Tag versandt. Bei Artikeln, die nicht auf Lager sind, kann die Lieferung etwas l\u00e4nger dauern. Die angegebenen Preise enthalten keine Versandkosten. Die Versandkosten h\u00e4ngen vom&hellip;","_links":{"self":[{"href":"https:\/\/praxas.com\/de\/wp-json\/wp\/v2\/pages\/25607","targetHints":{"allow":["GET"]}}],"collection":[{"href":"https:\/\/praxas.com\/de\/wp-json\/wp\/v2\/pages"}],"about":[{"href":"https:\/\/praxas.com\/de\/wp-json\/wp\/v2\/types\/page"}],"author":[{"embeddable":true,"href":"https:\/\/praxas.com\/de\/wp-json\/wp\/v2\/users\/8383"}],"replies":[{"embeddable":true,"href":"https:\/\/praxas.com\/de\/wp-json\/wp\/v2\/comments?post=25607"}],"version-history":[{"count":1,"href":"https:\/\/praxas.com\/de\/wp-json\/wp\/v2\/pages\/25607\/revisions"}],"predecessor-version":[{"id":25678,"href":"https:\/\/praxas.com\/de\/wp-json\/wp\/v2\/pages\/25607\/revisions\/25678"}],"up":[{"embeddable":true,"href":"https:\/\/praxas.com\/de\/wp-json\/wp\/v2\/pages\/25675"}],"wp:attachment":[{"href":"https:\/\/praxas.com\/de\/wp-json\/wp\/v2\/media?parent=25607"}],"curies":[{"name":"wp","href":"https:\/\/api.w.org\/{rel}","templated":true}]}}