{"id":25614,"date":"2023-09-21T11:40:39","date_gmt":"2023-09-21T09:40:39","guid":{"rendered":"https:\/\/staging.praxas.com\/unterstuetzung-fuer-bedienfeldschalter\/"},"modified":"2024-07-22T10:21:57","modified_gmt":"2024-07-22T10:21:57","slug":"unterstuetzung-fuer-bedienfeldschalter","status":"publish","type":"page","link":"https:\/\/praxas.com\/de\/unterstuetzen-sie\/unterstuetzung-fuer-bedienfeldschalter\/","title":{"rendered":"Unterst\u00fctzung f\u00fcr Bedienfeldschalter"},"content":{"rendered":"<h2><strong>H\u00e4ufig gestellte Fragen<\/strong><\/h2>\n<p><span class=\"ui-provider azr azs azt azu azv azw azx azy azz baa bab bac bae baf bag bah bai baj bak bal bam ban bao bap baq bar bas bat bau bav baw bax bay baz bba\" dir=\"ltr\"><\/p>\n<div class=\"accordion\">\n<h2 class=\"accordion-header\">Wie gro\u00df ist der Durchmesser des Geh\u00e4uses?<br \/>\n<i class=\"fas fa-chevron-circle-down\"><\/i><\/h2>\n<div class=\"accordion-content\">Der Durchmesser des Geh\u00e4uses betr\u00e4gt 22 mm. Eine ausgeschnittene Platte mit einem Durchmesser von 22 &#8211; 23 mm sollte passen.<\/div>\n<\/div>\n<p><\/span><\/p>\n<p><span class=\"ui-provider azr azs azt azu azv azw azx azy azz baa bab bac bae baf bag bah bai baj bak bal bam ban bao bap baq bar bas bat bau bav baw bax bay baz bba\" dir=\"ltr\"><\/p>\n<div class=\"accordion\">\n<h2 class=\"accordion-header\">Was sind die Anforderungen an die Stromversorgung?<br \/>\n<i class=\"fas fa-chevron-circle-down\"><\/i><\/h2>\n<div class=\"accordion-content\">Unsere Produkte eignen sich am besten f\u00fcr 12 V, k\u00f6nnen aber auch bequem mit 9,6 V bis 24 V und einem Versorgungsstrom von mindestens 30 mA betrieben werden.<\/div>\n<\/div>\n<p><\/span><\/p>\n<p><span class=\"ui-provider azr azs azt azu azv azw azx azy azz baa bab bac bae baf bag bah bai baj bak bal bam ban bao bap baq bar bas bat bau bav baw bax bay baz bba\" dir=\"ltr\"><\/p>\n<div class=\"accordion\">\n<h2 class=\"accordion-header\">Wie hoch ist die maximale Schaltleistung?<br \/>\n<i class=\"fas fa-chevron-circle-down\"><\/i><\/h2>\n<div class=\"accordion-content\">1A 125VAC oder 2A 30VDC ohmsche Last.<\/div>\n<\/div>\n<p><\/span><\/p>\n<p><span class=\"ui-provider azr azs azt azu azv azw azx azy azz baa bab bac bae baf bag bah bai baj bak bal bam ban bao bap baq bar bas bat bau bav baw bax bay baz bba\" dir=\"ltr\"><\/p>\n<div class=\"accordion\">\n<h2 class=\"accordion-header\">Wie gro\u00df sind der Erfassungsbereich und die momentane Aktivit\u00e4tszeit?<br \/>\n<i class=\"fas fa-chevron-circle-down\"><\/i><\/h2>\n<div class=\"accordion-content\">Die Erfassungsreichweite betr\u00e4gt 4 cm und die momentane Aktivierungszeit 10 Sekunden.<\/div>\n<\/div>\n<p><\/span><\/p>\n<p><span class=\"ui-provider azr azs azt azu azv azw azx azy azz baa bab bac bae baf bag bah bai baj bak bal bam ban bao bap baq bar bas bat bau bav baw bax bay baz bba\" dir=\"ltr\"><\/p>\n<div class=\"accordion\">\n<h2 class=\"accordion-header\">K\u00f6nnen Ihre IR-Produkte im Freien eingesetzt werden?<br \/>\n<i class=\"fas fa-chevron-circle-down\"><\/i><\/h2>\n<div class=\"accordion-content\">Ja, unsere Produkte sind nach IP67 und IK10 zugelassen.<\/div>\n<\/div>\n<p><\/span><\/p>\n<p><span class=\"ui-provider azr azs azt azu azv azw azx azy azz baa bab bac bae baf bag bah bai baj bak bal bam ban bao bap baq bar bas bat bau bav baw bax bay baz bba\" dir=\"ltr\"><\/p>\n<div class=\"accordion\">\n<h2 class=\"accordion-header\">Gibt es Optionen f\u00fcr Kabel und Stecker?<br \/>\n<i class=\"fas fa-chevron-circle-down\"><\/i><\/h2>\n<div class=\"accordion-content\">Unsere Produkte werden nur mit abisolierten Dr\u00e4hten geliefert.<\/div>\n<\/div>\n<p><\/span><\/p>\n<p><span class=\"ui-provider azr azs azt azu azv azw azx azy azz baa bab bac bae baf bag bah bai baj bak bal bam ban bao bap baq bar bas bat bau bav baw bax bay baz bba\" dir=\"ltr\"><\/p>\n<div class=\"accordion\">\n<h2 class=\"accordion-header\">Sind auch andere LED-Farben erh\u00e4ltlich?<br \/>\n<i class=\"fas fa-chevron-circle-down\"><\/i><\/h2>\n<div class=\"accordion-content\"><\/span><span class=\"ui-provider azr azs azt azu azv azw azx azy azz baa bab bac bae baf bag bah bai baj bak bal bam ban bao bap baq bar bas bat bau bav baw bax bay baz bba\" dir=\"ltr\">Bitte kontaktieren Sie unser<\/span> <span style=\"text-decoration: underline;\"><strong><span class=\"ui-provider azr azs azt azu azv azw azx azy azz baa bab bac bae baf bag bah bai baj bak bal bam ban bao bap baq bar bas bat bau bav baw bax bay baz bba\" dir=\"ltr\"><a href=\"\/de\/kontaktieren-sie-uns\/\">Verkaufsteams<\/a><\/span><\/strong><\/span> <span class=\"ui-provider azr azs azt azu azv azw azx azy azz baa bab bac bae baf bag bah bai baj bak bal bam ban bao bap baq bar bas bat bau bav baw bax bay baz bba\" dir=\"ltr\">f\u00fcr andere LED-Farboptionen.<\/div>\n<\/div>\n<p><\/span><\/p>\n<p>&nbsp;<\/p>\n<p>&nbsp;<\/p>\n","protected":false},"excerpt":{"rendered":"<p>H\u00e4ufig gestellte Fragen &nbsp; &nbsp;<\/p>\n","protected":false},"author":2,"featured_media":0,"parent":25684,"menu_order":0,"comment_status":"closed","ping_status":"closed","template":"template-fullwidth.php","meta":{"_acf_changed":false,"content-type":"","_uag_custom_page_level_css":"","footnotes":""},"class_list":["post-25614","page","type-page","status-publish","hentry"],"acf":[],"spectra_custom_meta":{"hero_image":[""],"_hero_image":["field_64f1a7da7af44"],"_hero_h1":["field_64f19e1edd052"],"_hero_h2":["field_64f19e2ddd053"],"_hero_text":["field_64f19e42dd054"],"_hero_button_text":["field_64f19e4edd055"],"_hero_button_link":["field_64f19e5ddd056"],"_top_nav_excluded":[""],"_cms_nav_minihome":[""],"_wp_page_template":["template-fullwidth.php"],"_last_translation_edit_mode":["native-editor"],"rank_math_title":["Unterst\u00fctzung f\u00fcr Bedienfeldschalter | Ber\u00fchrungslose N\u00e4herungsschalter | CTL"],"rank_math_description":["Wenn Sie Unterst\u00fctzung f\u00fcr Praxas' Panel Switches ben\u00f6tigen, lesen Sie bitte die FAQs auf unserer Panel Switch Support Seite oder rufen Sie uns noch heute an!"],"rank_math_focus_keyword":["Unterst\u00fctzung f\u00fcr Bedienfeldschalter"],"_edit_lock":["1721643592:8383"],"classic-editor-remember":["classic-editor"],"rank_math_seo_score":["45"],"_edit_last":["8383"],"hero_h1":[""],"hero_h2":[""],"hero_text":[""],"hero_button_text":[""],"hero_button_link":[""],"_wpml_media_duplicate":["1"],"_wpml_media_featured":["1"],"_uag_page_assets":["a:9:{s:3:\"css\";s:0:\"\";s:2:\"js\";s:0:\"\";s:18:\"current_block_list\";a:0:{}s:8:\"uag_flag\";b:0;s:11:\"uag_version\";s:10:\"1776966156\";s:6:\"gfonts\";a:0:{}s:10:\"gfonts_url\";s:0:\"\";s:12:\"gfonts_files\";a:0:{}s:14:\"uag_faq_layout\";b:0;}"]},"uagb_featured_image_src":{"full":false,"thumbnail":false,"medium":false,"medium_large":false,"large":false,"1536x1536":false,"2048x2048":false,"crunchify-admin-post-featured-image":false,"commercegurus-pdp-large":false,"commercegurus-plp-mobile":false,"cgkit_image_swatch":false,"woocommerce_thumbnail":false,"woocommerce_single":false,"woocommerce_gallery_thumbnail":false},"uagb_author_info":{"display_name":"Andy Price","author_link":"https:\/\/praxas.com\/de\/author\/andyp\/"},"uagb_comment_info":0,"uagb_excerpt":"H\u00e4ufig gestellte Fragen &nbsp; &nbsp;","_links":{"self":[{"href":"https:\/\/praxas.com\/de\/wp-json\/wp\/v2\/pages\/25614","targetHints":{"allow":["GET"]}}],"collection":[{"href":"https:\/\/praxas.com\/de\/wp-json\/wp\/v2\/pages"}],"about":[{"href":"https:\/\/praxas.com\/de\/wp-json\/wp\/v2\/types\/page"}],"author":[{"embeddable":true,"href":"https:\/\/praxas.com\/de\/wp-json\/wp\/v2\/users\/2"}],"replies":[{"embeddable":true,"href":"https:\/\/praxas.com\/de\/wp-json\/wp\/v2\/comments?post=25614"}],"version-history":[{"count":3,"href":"https:\/\/praxas.com\/de\/wp-json\/wp\/v2\/pages\/25614\/revisions"}],"predecessor-version":[{"id":38344,"href":"https:\/\/praxas.com\/de\/wp-json\/wp\/v2\/pages\/25614\/revisions\/38344"}],"up":[{"embeddable":true,"href":"https:\/\/praxas.com\/de\/wp-json\/wp\/v2\/pages\/25684"}],"wp:attachment":[{"href":"https:\/\/praxas.com\/de\/wp-json\/wp\/v2\/media?parent=25614"}],"curies":[{"name":"wp","href":"https:\/\/api.w.org\/{rel}","templated":true}]}}