{"id":25615,"date":"2023-09-21T11:39:03","date_gmt":"2023-09-21T09:39:03","guid":{"rendered":"https:\/\/staging.praxas.com\/el-wem-luftqualitaetsmonitor-unterstuetzung\/"},"modified":"2025-10-14T12:49:36","modified_gmt":"2025-10-14T10:49:36","slug":"el-wem-luftqualitaetsmonitor-unterstuetzung","status":"publish","type":"page","link":"https:\/\/praxas.com\/de\/unterstuetzen-sie\/el-wem-luftqualitaetsmonitor-unterstuetzung\/","title":{"rendered":"EL-WEM Luftqualit\u00e4tsmonitor Unterst\u00fctzung"},"content":{"rendered":"<div class=\"accordion\">\n<h2 class=\"accordion-header\"><strong>Warum sehe ich keine Daten von meinem EL-WEM, nachdem ich es zum ersten Mal eingeschaltet habe?  <\/strong><strong><br \/>\n<\/strong><br \/>\n<i class=\"fas fa-chevron-circle-down\"><\/i><\/h2>\n<div class=\"accordion-content\">Die Luftqualit\u00e4tssensoren im EL-WEM sind sehr empfindlich und ben\u00f6tigen etwa 5 Minuten, um sich selbst zu kalibrieren, wenn das Ger\u00e4t eingeschaltet wird. Nach dieser Zeitspanne beginnt das EL-WEM automatisch mit der Aufzeichnung Ihrer Messwerte.<\/div>\n<\/div>\n<p><strong><br \/>\n<\/strong><\/p>\n<div class=\"accordion\">\n<h2 class=\"accordion-header\"><strong>  Wie kann ich eine \u00dcbertragung von meinem Ger\u00e4t erzwingen?<\/strong> <strong><br \/>\n<\/strong><br \/>\n<i class=\"fas fa-chevron-circle-down\"><\/i><\/h2>\n<div class=\"accordion-content\">EL-WIFI &#8211; Wenn der Sensor die Hauptanzeige auf dem LCD-Bildschirm anzeigt, dr\u00fccken Sie dreimal die Taste auf der Vorderseite. Die Bildschirme MAX, MIN und Signalst\u00e4rke werden schnell angezeigt. Das Ger\u00e4t wird versuchen, seine neuesten Daten sofort zu \u00fcbertragen, unabh\u00e4ngig von der eingestellten \u00dcbertragungsrate.<\/p>\n<p>EL-IOT &#8211; Sie m\u00fcssen die Haupttaste des Ger\u00e4ts 1-8 Sekunden lang gedr\u00fcckt halten. Dadurch wird ein Alarm best\u00e4tigt, ein Audit-Ereignis im Datensatz erstellt und die Datensynchronisierung mit der Cloud erzwungen.<\/p>\n<p>EL-WEM &#8211; Da das EL-WEM standardm\u00e4\u00dfig eine schnelle Aktualisierungsrate hat, gibt es keine M\u00f6glichkeit, die \u00dcbertragung mit der Cloud zu erzwingen.<\/p><\/div>\n<\/div>\n<div class=\"accordion\">\n<h2 class=\"accordion-header\"><strong>Wie kann ich meinen Sensor zur\u00fccksetzen?  <\/strong><strong><br \/>\n<\/strong><br \/>\n<i class=\"fas fa-chevron-circle-down\"><\/i><\/h2>\n<div class=\"accordion-content\">ES WIRD EMPFOHLEN, DAS GER\u00c4T AUF IHRER EASYLOG CLOUD-GER\u00c4TE-SEITE ZU ARCHIVIEREN, BEVOR SIE EINEN WERKSRESET DURCHF\u00dcHREN.<\/p>\n<p>EL-WIFI &#8211; Das Ger\u00e4t kann zur\u00fcckgesetzt werden, indem Sie die Taste 10 Sekunden lang gedr\u00fcckt halten. Lassen Sie die Taste los, wenn RST auf dem Bildschirm erscheint. Das Ger\u00e4t beh\u00e4lt alle Einstellungen bei, verliert aber alle Daten, die nicht an die EasyLog Cloud \u00fcbertragen wurden. Es wird weiterhin mit dem Konto verbunden sein, mit dem es eingerichtet wurde, und einfach eine neue Aufnahmesitzung starten.<\/p>\n<p>Falls erforderlich, k\u00f6nnen Sie auch einen vollst\u00e4ndigen Werksreset durchf\u00fchren, indem Sie die Taste 20 Sekunden lang gedr\u00fcckt halten, bis FArS auf dem Bildschirm erscheint. Dadurch wird das Ger\u00e4t in den Werkszustand zur\u00fcckversetzt, wobei alle Einstellungen und verbleibenden Daten gel\u00f6scht werden. Das Ger\u00e4t ist nicht mehr mit einem Netzwerk oder einem EasyLog Cloud-Konto verbunden.<\/p>\n<p>EL-IOT &#8211; Um das Ger\u00e4t zur\u00fcckzusetzen, m\u00fcssen Sie die Batterieabdeckung mit einem Schraubenzieher entfernen. Nach dem Entfernen befindet sich eine Reset-Taste, die mit einem Stift gedr\u00fcckt werden kann. Halten Sie diese Taste einige Sekunden lang gedr\u00fcckt, bis das Ger\u00e4t einen Piepton abgibt.<\/p>\n<p>EL-WEM &#8211; Um das Ger\u00e4t zur\u00fcckzusetzen, befindet sich auf der Unterseite der Basis eine Reset-Taste. Dr\u00fccken Sie die Taste und lassen Sie sie nach 1 Sekunde los.<\/p>\n<p>Um das Ger\u00e4t auf die Werkseinstellungen zur\u00fcckzusetzen, halten Sie die gleiche Reset-Taste 5 Sekunden lang gedr\u00fcckt.<\/p><\/div>\n<\/div>\n<div class=\"accordion\">\n<h2 class=\"accordion-header\"><strong>Welche Akkulaufzeit kann ich von meinem Ger\u00e4t erwarten, und werde ich meine Daten verlieren, wenn der Akku leer ist?<\/strong><strong><br \/>\n<\/strong><br \/>\n<i class=\"fas fa-chevron-circle-down\"><\/i><\/h2>\n<div class=\"accordion-content\"><span data-contrast=\"auto\">Es gibt mehrere Faktoren, die sich erheblich auf die Akkulaufzeit des Ger\u00e4ts auswirken k\u00f6nnen. Dazu geh\u00f6ren: Synchronisierungszeitplan, Wi-Fi-Verschl\u00fcsselungsmethode, Rotationsfrequenz des Wi-Fi-Verschl\u00fcsselungsschl\u00fcssels (vom Zugangspunkt oder Router festgelegt), Signalst\u00e4rke zwischen Zugangspunkt oder Router und Ger\u00e4t, Umfang und Art des Wi-Fi-Verkehrs von anderen Ger\u00e4ten, Abtastrate und Betriebstemperatur. In unseren Tests erreichen wir regelm\u00e4\u00dfig eine Akkulaufzeit von mehr als sechs Monaten mit einer \u00dcbertragungsrate von einer Stunde oder mehr bei Umgebungstemperaturen. Das Ger\u00e4t nimmt keine Messwerte auf, wenn es keinen Strom gibt, aber alle Messwerte, die vor dem Stromausfall aufgenommen wurden, werden synchronisiert. Sobald das Ger\u00e4t aufgeladen ist, verbindet es sich wieder mit der <a href=\"https:\/\/praxas.com\/de\/easylog-cloud-de\/\" target=\"_blank\" rel=\"noopener\"><br \/>\n  <strong>EasyLog Cloud<\/strong><br \/>\n<\/a>, startet eine neue Aufzeichnungssitzung und setzt die Aufzeichnung fort.<\/span><span data-ccp-props=\"{\"201341983\":0,\"335559739\":160,\"335559740\":259}\"> <\/span><\/p>\n<p><span data-contrast=\"auto\">EL-WIFI &#8211; Die Batterie in diesem Ger\u00e4t ist wiederaufladbar und h\u00e4lt in der Regel 6 Monate. Sie k\u00f6nnen das Ger\u00e4t auch \u00fcber eine Netzsteckdose mit Strom versorgen.<\/span><span data-ccp-props=\"{\"201341983\":0,\"335559739\":160,\"335559740\":259}\"> <\/span><\/p>\n<p><span data-contrast=\"auto\">EL-IOT &#8211; Die Batterien halten in der Regel mehr als ein Jahr. Das Ger\u00e4t ben\u00f6tigt <strong>4 x AA 1,5V<\/strong> Batterien<\/span><span data-ccp-props=\"{\"201341983\":0,\"335559739\":160,\"335559740\":259}\"> <\/span><\/p>\n<p><span data-contrast=\"auto\">EL-WEM &#8211; Dieses Ger\u00e4t muss immer an das Stromnetz angeschlossen sein.<\/span><span data-ccp-props=\"{&quot;201341983&quot;:0,&quot;335559739&quot;:160,&quot;335559740&quot;:259}\"><\/div>\n<\/div>\n<p><\/span><\/p>\n","protected":false},"excerpt":{"rendered":"","protected":false},"author":2,"featured_media":0,"parent":25684,"menu_order":0,"comment_status":"closed","ping_status":"closed","template":"template-fullwidth.php","meta":{"_acf_changed":false,"content-type":"","_uag_custom_page_level_css":"","footnotes":""},"class_list":["post-25615","page","type-page","status-publish","hentry"],"acf":[],"spectra_custom_meta":{"hero_image":[""],"_hero_image":["field_64f1a7da7af44"],"_hero_h1":["field_64f19e1edd052"],"_hero_h2":["field_64f19e2ddd053"],"_hero_text":["field_64f19e42dd054"],"_hero_button_text":["field_64f19e4edd055"],"_hero_button_link":["field_64f19e5ddd056"],"_top_nav_excluded":[""],"_cms_nav_minihome":[""],"_wp_page_template":["template-fullwidth.php"],"rank_math_title":["EL-WEM Unterst\u00fctzung | Luftqualit\u00e4tsmonitor Unterst\u00fctzung | EasyLog"],"_last_translation_edit_mode":["translation-editor"],"_edit_lock":["1721643007:8383"],"classic-editor-remember":["classic-editor"],"rank_math_seo_score":["45"],"_edit_last":["8383"],"hero_h1":[""],"hero_h2":[""],"hero_text":[""],"hero_button_text":[""],"hero_button_link":[""],"_wpml_media_duplicate":["1"],"_wpml_media_featured":["1"],"_wpml_word_count":["694"],"rank_math_description":["Ben\u00f6tigen Sie EL-WEM Unterst\u00fctzung? Bitte lesen Sie die FAQs auf unserer Website oder nehmen Sie noch heute Kontakt mit unserem Vertriebsteam auf! "],"rank_math_focus_keyword":["EL-WEM"],"_uag_page_assets":["a:9:{s:3:\"css\";s:0:\"\";s:2:\"js\";s:0:\"\";s:18:\"current_block_list\";a:0:{}s:8:\"uag_flag\";b:0;s:11:\"uag_version\";s:10:\"1775212209\";s:6:\"gfonts\";a:0:{}s:10:\"gfonts_url\";s:0:\"\";s:12:\"gfonts_files\";a:0:{}s:14:\"uag_faq_layout\";b:0;}"]},"uagb_featured_image_src":{"full":false,"thumbnail":false,"medium":false,"medium_large":false,"large":false,"1536x1536":false,"2048x2048":false,"crunchify-admin-post-featured-image":false,"commercegurus-pdp-large":false,"commercegurus-plp-mobile":false,"cgkit_image_swatch":false,"woocommerce_thumbnail":false,"woocommerce_single":false,"woocommerce_gallery_thumbnail":false},"uagb_author_info":{"display_name":"Andy Price","author_link":"https:\/\/praxas.com\/de\/author\/andyp\/"},"uagb_comment_info":0,"uagb_excerpt":null,"_links":{"self":[{"href":"https:\/\/praxas.com\/de\/wp-json\/wp\/v2\/pages\/25615","targetHints":{"allow":["GET"]}}],"collection":[{"href":"https:\/\/praxas.com\/de\/wp-json\/wp\/v2\/pages"}],"about":[{"href":"https:\/\/praxas.com\/de\/wp-json\/wp\/v2\/types\/page"}],"author":[{"embeddable":true,"href":"https:\/\/praxas.com\/de\/wp-json\/wp\/v2\/users\/2"}],"replies":[{"embeddable":true,"href":"https:\/\/praxas.com\/de\/wp-json\/wp\/v2\/comments?post=25615"}],"version-history":[{"count":5,"href":"https:\/\/praxas.com\/de\/wp-json\/wp\/v2\/pages\/25615\/revisions"}],"predecessor-version":[{"id":52000,"href":"https:\/\/praxas.com\/de\/wp-json\/wp\/v2\/pages\/25615\/revisions\/52000"}],"up":[{"embeddable":true,"href":"https:\/\/praxas.com\/de\/wp-json\/wp\/v2\/pages\/25684"}],"wp:attachment":[{"href":"https:\/\/praxas.com\/de\/wp-json\/wp\/v2\/media?parent=25615"}],"curies":[{"name":"wp","href":"https:\/\/api.w.org\/{rel}","templated":true}]}}