{"id":25616,"date":"2023-09-21T11:37:38","date_gmt":"2023-09-21T09:37:38","guid":{"rendered":"https:\/\/staging.praxas.com\/el-sie-datenlogger-unterstuetzung\/"},"modified":"2025-10-20T10:03:20","modified_gmt":"2025-10-20T08:03:20","slug":"el-sie-datenlogger-unterstuetzung","status":"publish","type":"page","link":"https:\/\/praxas.com\/de\/unterstuetzen-sie\/el-sie-datenlogger-unterstuetzung\/","title":{"rendered":"EL-SIE Datenlogger Unterst\u00fctzung"},"content":{"rendered":"<div class=\"accordion\">\n<h2 class=\"accordion-header\"><strong>Auf meinem EL-SIE wird immer noch &#8218;Niedriger Batteriestand&#8216; angezeigt, selbst nachdem neue Batterien eingelegt wurden. Was muss ich tun? <\/strong><strong><br \/>\n<\/strong><br \/>\n<i class=\"fas fa-chevron-circle-down\"><\/i><\/h2>\n<div class=\"accordion-content\">Ihr EL-SIE zeigt das Symbol &#8222;Akku voll&#8220; erst an, wenn es zur\u00fcckgesetzt wurde. Ziehen Sie das USB-Kabel ab und nehmen Sie die Batterien heraus. Warten Sie dann einige Sekunden und setzen Sie sie wieder ein.<\/div>\n<\/div>\n<div class=\"accordion\">\n<h2 class=\"accordion-header\"><strong>Wie speichere ich die EL-SIE Website in meinen Favoriten oder Lesezeichen? <\/strong><strong><br \/>\n<\/strong><br \/>\n<i class=\"fas fa-chevron-circle-down\"><\/i><\/h2>\n<div class=\"accordion-content\">Sie k\u00f6nnen wie gewohnt einen Favoriten oder ein Lesezeichen in Ihrem Browser anlegen. Sie sollten dies tun, w\u00e4hrend der Ladebildschirm (rotierender W\u00fcrfel) angezeigt wird. Andernfalls k\u00f6nnen Sie manuell ein Lesezeichen mit dieser URL erstellen: http:\/\/easylog.local<\/div>\n<\/div>\n<div class=\"accordion\">\n<h2 class=\"accordion-header\"><strong>Die Temperaturwerte steigen ohne Grund. Was ist passiert? <\/strong><strong><br \/>\n<\/strong><br \/>\n<i class=\"fas fa-chevron-circle-down\"><\/i><\/h2>\n<div class=\"accordion-content\">Die Temperaturanzeige erh\u00f6ht sich geringf\u00fcgig, wenn Ihr EL-SIE \u00fcber das USB-Kabel an einen PC oder Mac angeschlossen ist. Wenn Sie ihn abtrennen, kehren die Messwerte in den Normalzustand zur\u00fcck.<\/div>\n<\/div>\n<div class=\"accordion\">\n<h2 class=\"accordion-header\"><strong> Mein EL-SIE-Akku wird nicht aufgeladen. Was muss ich tun?<\/strong> <strong><br \/>\n<\/strong><br \/>\n<i class=\"fas fa-chevron-circle-down\"><\/i><\/h2>\n<div class=\"accordion-content\">EL-SIE l\u00e4dt seine Batterien nicht auf, selbst wenn er \u00fcber ein USB-Kabel angeschlossen ist.<\/div>\n<\/div>\n<div class=\"accordion\">\n<h2 class=\"accordion-header\"><strong>Muss ich einen Treiber installieren, um mein EL-SIE zu benutzen? <\/strong><br \/>\n<i class=\"fas fa-chevron-circle-down\"><\/i><\/h2>\n<div class=\"accordion-content\">Es ist nicht notwendig, einen Treiber zu installieren. Sie k\u00f6nnen Ihr EL-SIE vollst\u00e4ndig konfigurieren und auf alle Ihre gespeicherten Daten \u00fcber einen Webbrowser zugreifen. Schlie\u00dfen Sie das EL-SIE einfach \u00fcber das USB-Kabel an und geben Sie http:\/\/easylog.local in die Adressleiste ein.<\/div>\n<\/div>\n<div class=\"accordion\">\n<h2 class=\"accordion-header\"><strong>Muss ich mein EL-SIE jedes Mal zur\u00fccksetzen, wenn ich Daten auf meinen PC oder Mac herunterlade? <\/strong><strong><br \/>\n<\/strong><br \/>\n<i class=\"fas fa-chevron-circle-down\"><\/i><\/h2>\n<div class=\"accordion-content\">Nein. Sie k\u00f6nnen sogar Daten herunterladen, w\u00e4hrend Ihr EL-SIE noch protokolliert.<\/div>\n<\/div>\n<div class=\"accordion\">\n<h2 class=\"accordion-header\"><strong>Wie oft sollte ich mein El-SIE zur Kalibrierung einschicken? <\/strong><strong><br \/>\n<\/strong><br \/>\n<i class=\"fas fa-chevron-circle-down\"><\/i><\/h2>\n<div class=\"accordion-content\">Wir empfehlen Ihnen, Ihr EL-SIE einmal im Jahr zur Kalibrierung einzusenden, aber Sie k\u00f6nnen dies auch h\u00e4ufiger tun, wenn Sie dies w\u00fcnschen.<\/div>\n<\/div>\n<div class=\"accordion\">\n<h2 class=\"accordion-header\"><strong>Das Lesezeichen, das ich f\u00fcr die EL-SIE Website erstellt habe, ist defekt. Wie kann ich es reparieren? <\/strong><strong><br \/>\n<\/strong><br \/>\n<i class=\"fas fa-chevron-circle-down\"><\/i><\/h2>\n<div class=\"accordion-content\">Am besten ist es, das Lesezeichen manuell zu bearbeiten: http:\/\/easylog.local. Andernfalls erstellen Sie ein neues Lesezeichen, aber nur, wenn der Ladebildschirm (rotierender W\u00fcrfel) angezeigt wird.<\/div>\n<\/div>\n<div class=\"accordion\">\n<h2 class=\"accordion-header\"><strong>Wie kann ich die Lebensdauer des Akkus meines EL-SIE maximieren? <\/strong><strong><br \/>\n<\/strong><br \/>\n<i class=\"fas fa-chevron-circle-down\"><\/i><\/h2>\n<div class=\"accordion-content\">Bei normalem Gebrauch sollten die Batterien mindestens ein Jahr halten. Die besten Methoden, um sie so lange wie m\u00f6glich zu erhalten, sind:<\/p>\n<ul>\n<li>Stellen Sie eine l\u00e4ngere Aufzeichnungsrate ein (z.B. Minuten statt Sekunden)<\/li>\n<li>Stellen Sie den LED-Modus auf &#8218;Deaktiviert&#8216; oder &#8218;Blinken nur bei Alarm&#8216;.<\/li>\n<li>Deaktivieren Sie den Signalgeber<\/li>\n<li>Setzen Sie den Anzeigemodus auf &#8218;Tastendruck&#8216;.<\/li>\n<\/ul>\n<\/div>\n<\/div>\n<div class=\"accordion\">\n<h2 class=\"accordion-header\"><strong>Was bewirken die verschiedenen Alarmtypen? <\/strong><br \/>\n<i class=\"fas fa-chevron-circle-down\"><\/i><\/h2>\n<div class=\"accordion-content\">\n<ul>\n<li>Hoher Alarm: wird aktiviert, wenn der Messwert \u00fcber einem Schwellenwert liegt.<\/li>\n<li>Niedriger Alarm: wird aktiviert, wenn der Messwert unter einem Schwellenwert liegt.<\/li>\n<li>Voralarm: kann so eingestellt werden, dass er bei \u00dcber- oder Unterschreiten eines Schwellenwerts aktiviert wird und die gelbe LED, nicht aber die rote LED oder den Signalgeber ausl\u00f6st.<\/li>\n<li>Kumulativer Alarm: z\u00e4hlt die Anzahl der Messwerte, die zwischen zwei definierten Grenzen liegen, und wird aktiviert, wenn die Anzahl erreicht ist. Der Z\u00e4hler wird nur zur\u00fcckgesetzt, wenn Sie Ihr EL-SIE anhalten und neu starten. Diese Art von Alarm wird h\u00e4ufig bei der \u00dcberwachung von Waren verwendet, die durch zu hohe oder zu niedrige Temperaturen besch\u00e4digt werden, z.B. Impfstoffe.<\/li>\n<\/ul>\n<\/div>\n<\/div>\n<div class=\"accordion\">\n<h2 class=\"accordion-header\"><strong>Was ist eine Alarmverz\u00f6gerung? <\/strong><strong><br \/>\n<\/strong><br \/>\n<i class=\"fas fa-chevron-circle-down\"><\/i><\/h2>\n<div class=\"accordion-content\">Eine Alarmverz\u00f6gerung kann f\u00fcr einen Hoch-, Niedrig- oder Voralarm eingestellt werden. Es handelt sich um die Anzahl der Messwerte, die Ihr Aufzeichnungsger\u00e4t nach Erreichen der Alarmschwelle wartet, bevor es den Alarm aktiviert. Der Verz\u00f6gerungsz\u00e4hler wird zur\u00fcckgesetzt, sobald der Messwert wieder innerhalb der Schwelle liegt. Ein gutes Beispiel f\u00fcr die Verwendung einer Alarmverz\u00f6gerung ist ein K\u00fchlschrank, wenn Sie nicht wollen, dass der Alarm bei jedem \u00d6ffnen der T\u00fcr ausgel\u00f6st wird.<\/div>\n<\/div>\n<div class=\"accordion\">\n<h2 class=\"accordion-header\"><strong>Was bedeutet Alarmbereitschaft? <\/strong><strong><br \/>\n<\/strong><br \/>\n<i class=\"fas fa-chevron-circle-down\"><\/i><\/h2>\n<div class=\"accordion-content\">Normalerweise wird ein aktivierter Alarm automatisch deaktiviert, sobald die Messwerte wieder innerhalb des Schwellenwerts liegen. Die Einstellung Alarm halten bedeutet, dass der Alarm auch dann aktiv bleibt, wenn sich die Messwerte wieder normalisieren, so dass Sie sehen k\u00f6nnen, dass ein Problem aufgetreten ist, auch wenn es jetzt in Ordnung ist.<\/div>\n<\/div>\n<div class=\"accordion\">\n<h2 class=\"accordion-header\"><strong>Wie kann ich einen neuen Alarm in meiner Konfiguration einstellen? <\/strong><strong><br \/>\n<\/strong><br \/>\n<i class=\"fas fa-chevron-circle-down\"><\/i><\/h2>\n<div class=\"accordion-content\">Unten auf jeder Registerkarte Kanal gibt es einen Abschnitt Erweitert. Klicken Sie auf die Pfeile, um sie zu erweitern, w\u00e4hlen Sie den gew\u00fcnschten Alarmtyp aus dem Dropdown-Men\u00fc und klicken Sie auf &#8218;Hinzuf\u00fcgen&#8216;.<\/div>\n<\/div>\n<div class=\"accordion\">\n<h2 class=\"accordion-header\"><strong>Wie viele Alarme kann ich auf meinem EL-SIE einstellen? <\/strong><strong><br \/>\n<\/strong><br \/>\n<i class=\"fas fa-chevron-circle-down\"><\/i><\/h2>\n<div class=\"accordion-content\">Sie k\u00f6nnen f\u00fcr jeden Kanal zwei Alarme jeder Art und insgesamt sechs Alarme einstellen.<\/div>\n<\/div>\n<div class=\"accordion\">\n<h2 class=\"accordion-header\"><strong>Was ist die Rangfolge der Alarme auf meinem EL-SIE?<\/strong> <strong><br \/>\n<\/strong><br \/>\n<i class=\"fas fa-chevron-circle-down\"><\/i><\/h2>\n<div class=\"accordion-content\">Vollst\u00e4ndige Hoch- oder Tiefalarme haben Vorrang vor Voralarmen, und kumulative Alarme haben Vorrang vor beiden. Das hei\u00dft, wenn Sie die erweiterten Alarmoptionen verwenden, ist es m\u00f6glich, Voralarme zu konfigurieren, aber die gelbe LED nie zu sehen, weil gleichzeitig ein Vollalarm aktiviert wird.<\/div>\n<\/div>\n<div class=\"accordion\">\n<h2 class=\"accordion-header\"><strong>Wie kann ich Daten in die Cloud hochladen? <\/strong><strong><br \/>\n<\/strong><br \/>\n<i class=\"fas fa-chevron-circle-down\"><\/i><\/h2>\n<div class=\"accordion-content\">Bevor Sie Daten hochladen k\u00f6nnen, m\u00fcssen Sie ein Konto in der EasyLog Cloud einrichten. <span style=\"text-decoration: underline;\"><br \/>\n<strong><br \/>\n<a href=\"https:\/\/praxas.com\/de\/easylog-cloud-de\/\" target=\"_blank\" rel=\"noopener\">diesen Link<\/a><br \/>\n<\/strong><br \/>\n<\/span> um dies zu tun. Sobald Ihr Konto aktiviert ist, w\u00e4hlen Sie auf der Seite Kontoeinstellungen die Option &#8218;EL-SIE-Daten&#8216;. Klicken Sie dann im EL-SIE Webbrowser auf das Symbol &#8222;Daten in die Cloud hochladen&#8220; oben auf der Seite. Geben Sie einfach Ihren Cloud-Benutzernamen und Ihr Passwort ein, und alle Daten auf Ihrem EL-SIE werden in Ihr Cloud-Konto hochgeladen. Jedes EL-SIE, von dem Sie Daten hochladen, erscheint automatisch in Ihrer Ger\u00e4teliste.<\/div>\n<\/div>\n<div class=\"accordion\">\n<h2 class=\"accordion-header\"><strong>Kann ich den Modus Ausgel\u00f6ster Start \u00fcber l\u00e4ngere Zeitr\u00e4ume verwenden?<\/strong> <strong><br \/>\n<\/strong><br \/>\n<i class=\"fas fa-chevron-circle-down\"><\/i><\/h2>\n<div class=\"accordion-content\">Dieser Modus wurde entwickelt, um falsche Messwerte und Alarme zu Beginn einer Aufzeichnungssitzung zu vermeiden, z.B. wenn Sie Ihr EL-SIE in den K\u00fchlschrank stellen, dauert es ein paar Minuten, bis es abgek\u00fchlt ist. Wenn Sie ein EL-SIE l\u00e4nger als ein paar Stunden im Ausl\u00f6semodus belassen, verringert sich die Gesamtlebensdauer der Batterie.<\/div>\n<\/div>\n<div class=\"accordion\">\n<h2 class=\"accordion-header\"><strong>Haben Sie eine Anleitung f\u00fcr die Einrichtung des EL-SIE? <\/strong><strong><br \/>\n<\/strong><br \/>\n<i class=\"fas fa-chevron-circle-down\"><\/i><\/h2>\n<div class=\"accordion-content\">Ja, wir haben eine Reihe von Videos auf unserem <span style=\"text-decoration: underline;\"><br \/>\n<strong><br \/>\n<a href=\"https:\/\/www.youtube.com\/playlist?list=PL_yZedoZ_7MrFJR7JPSQPoTegZBsG4ROO\" target=\"_blank\" rel=\"noopener\">YouTube<\/a><br \/>\n<\/strong><br \/>\n<\/span> Kanal erkl\u00e4rt, wie Sie <span style=\"text-decoration: underline;\"><br \/>\n<strong><br \/>\n<a href=\"https:\/\/www.youtube.com\/watch?v=8s9O9LocQZs&amp;list=PL_yZedoZ_7MrFJR7JPSQPoTegZBsG4ROO&amp;index=3&amp;t=17s\" target=\"_blank\" rel=\"noopener\">Ihr EL-SIE einrichten<\/a><br \/>\n<\/strong><br \/>\n<\/span>, <span style=\"text-decoration: underline;\"><br \/>\n<strong><br \/>\n<a href=\"https:\/\/www.youtube.com\/watch?v=I6MAIh75C0A&amp;list=PL_yZedoZ_7MrFJR7JPSQPoTegZBsG4ROO&amp;index=2\" target=\"_blank\" rel=\"noopener\">die Verwendung Ihres EL-SIE-Datenloggers<\/a><br \/>\n<\/strong><br \/>\n<\/span>, und wie Sie<strong> <a href=\"https:\/\/www.youtube.com\/watch?v=SA7GCRHlJgo&amp;list=PL_yZedoZ_7MrFJR7JPSQPoTegZBsG4ROO&amp;index=4\" target=\"_blank\" rel=\"noopener\"><span style=\"text-decoration: underline;\">alle Ihre aufgezeichneten Daten ansehen und analysieren k\u00f6nnen. <\/span><\/a><\/strong><\/div>\n<\/div>\n","protected":false},"excerpt":{"rendered":"","protected":false},"author":2,"featured_media":0,"parent":25684,"menu_order":0,"comment_status":"closed","ping_status":"closed","template":"template-fullwidth.php","meta":{"_acf_changed":false,"content-type":"","_uag_custom_page_level_css":"","footnotes":""},"class_list":["post-25616","page","type-page","status-publish","hentry"],"acf":[],"spectra_custom_meta":{"hero_image":[""],"_hero_image":["field_64f1a7da7af44"],"_hero_h1":["field_64f19e1edd052"],"_hero_h2":["field_64f19e2ddd053"],"_hero_text":["field_64f19e42dd054"],"_hero_button_text":["field_64f19e4edd055"],"_hero_button_link":["field_64f19e5ddd056"],"_top_nav_excluded":[""],"_cms_nav_minihome":[""],"_wp_page_template":["template-fullwidth.php"],"_last_translation_edit_mode":["native-editor"],"_edit_lock":["1760947266:8383"],"classic-editor-remember":["classic-editor"],"rank_math_seo_score":["61"],"_edit_last":["8383"],"hero_h1":[""],"hero_h2":[""],"hero_text":[""],"hero_button_text":[""],"hero_button_link":[""],"_wpml_media_duplicate":["1"],"_wpml_media_featured":["1"],"_wpml_word_count":["1096"],"rank_math_title":["EL-SIE Datenlogger Unterst\u00fctzung | EasyLog Unterst\u00fctzung | Praxas"],"rank_math_description":["Ben\u00f6tigen Sie Unterst\u00fctzung f\u00fcr die EL-SIE-Reihe? St\u00f6bern Sie in den FAQs oder wenden Sie sich an unser Vertriebsteam, wenn Sie Hilfe ben\u00f6tigen. "],"rank_math_focus_keyword":["EL-SIE Datenlogger Unterst\u00fctzung"],"rank_math_contentai_score":["a:5:{s:8:\"keywords\";s:5:\"74.51\";s:9:\"wordCount\";s:1:\"0\";s:9:\"linkCount\";s:1:\"0\";s:12:\"headingCount\";s:1:\"0\";s:10:\"mediaCount\";s:1:\"0\";}"],"rank_math_rich_snippet":["off"],"rank_math_analytic_object_id":["1289"],"_uag_page_assets":["a:9:{s:3:\"css\";s:0:\"\";s:2:\"js\";s:0:\"\";s:18:\"current_block_list\";a:0:{}s:8:\"uag_flag\";b:0;s:11:\"uag_version\";s:10:\"1775742760\";s:6:\"gfonts\";a:0:{}s:10:\"gfonts_url\";s:0:\"\";s:12:\"gfonts_files\";a:0:{}s:14:\"uag_faq_layout\";b:0;}"]},"uagb_featured_image_src":{"full":false,"thumbnail":false,"medium":false,"medium_large":false,"large":false,"1536x1536":false,"2048x2048":false,"crunchify-admin-post-featured-image":false,"commercegurus-pdp-large":false,"commercegurus-plp-mobile":false,"cgkit_image_swatch":false,"woocommerce_thumbnail":false,"woocommerce_single":false,"woocommerce_gallery_thumbnail":false},"uagb_author_info":{"display_name":"Andy Price","author_link":"https:\/\/praxas.com\/de\/author\/andyp\/"},"uagb_comment_info":0,"uagb_excerpt":null,"_links":{"self":[{"href":"https:\/\/praxas.com\/de\/wp-json\/wp\/v2\/pages\/25616","targetHints":{"allow":["GET"]}}],"collection":[{"href":"https:\/\/praxas.com\/de\/wp-json\/wp\/v2\/pages"}],"about":[{"href":"https:\/\/praxas.com\/de\/wp-json\/wp\/v2\/types\/page"}],"author":[{"embeddable":true,"href":"https:\/\/praxas.com\/de\/wp-json\/wp\/v2\/users\/2"}],"replies":[{"embeddable":true,"href":"https:\/\/praxas.com\/de\/wp-json\/wp\/v2\/comments?post=25616"}],"version-history":[{"count":6,"href":"https:\/\/praxas.com\/de\/wp-json\/wp\/v2\/pages\/25616\/revisions"}],"predecessor-version":[{"id":52758,"href":"https:\/\/praxas.com\/de\/wp-json\/wp\/v2\/pages\/25616\/revisions\/52758"}],"up":[{"embeddable":true,"href":"https:\/\/praxas.com\/de\/wp-json\/wp\/v2\/pages\/25684"}],"wp:attachment":[{"href":"https:\/\/praxas.com\/de\/wp-json\/wp\/v2\/media?parent=25616"}],"curies":[{"name":"wp","href":"https:\/\/api.w.org\/{rel}","templated":true}]}}