{"id":25623,"date":"2023-09-21T11:35:46","date_gmt":"2023-09-21T11:35:46","guid":{"rendered":"https:\/\/staging.praxas.com\/el-sms-unterstuetzung\/"},"modified":"2025-06-20T09:44:21","modified_gmt":"2025-06-20T09:44:21","slug":"el-sms-unterstuetzung","status":"publish","type":"page","link":"https:\/\/praxas.com\/de\/unterstuetzen-sie\/el-sms-unterstuetzung\/","title":{"rendered":"EL-SMS Unterst\u00fctzung"},"content":{"rendered":"<h2><span class=\"ui-provider azr azs azt azu azv azw azx azy azz baa bab bac bae baf bag bah bai baj bak bal bam ban bao bap baq bar bas bat bau bav baw bax bay baz bba\" dir=\"ltr\">H\u00e4ufig gestellte Fragen<\/span><\/h2>\n<p><span class=\"ui-provider azr azs azt azu azv azw azx azy azz baa bab bac bae baf bag bah bai baj bak bal bam ban bao bap baq bar bas bat bau bav baw bax bay baz bba\" dir=\"ltr\"><\/p>\n<div class=\"accordion\">\n<h2 class=\"accordion-header\">Verf\u00fcgt mein EL-SMS-2G \u00fcber eine Funktion zur Aufzeichnung von Temperaturdaten?<br \/>\n<i class=\"fas fa-chevron-circle-down\"><\/i><\/h2>\n<div class=\"accordion-content\">Nein, es handelt sich um ein Temperaturwarnger\u00e4t und nicht um ein Temperaturaufzeichnungsger\u00e4t, das keine Temperaturwerte aufzeichnet.<\/div>\n<\/div>\n<p><\/span><\/p>\n<p><span class=\"ui-provider azr azs azt azu azv azw azx azy azz baa bab bac bae baf bag bah bai baj bak bal bam ban bao bap baq bar bas bat bau bav baw bax bay baz bba\" dir=\"ltr\"><\/p>\n<div class=\"accordion\">\n<h2 class=\"accordion-header\">Welche Art von Batterien ben\u00f6tigen die EL-SMS-2G Ger\u00e4te?<br \/>\n<i class=\"fas fa-chevron-circle-down\"><\/i><\/h2>\n<div class=\"accordion-content\"><a href=\"https:\/\/praxas.com\/de\/product\/datenlogger\/zubehor\/bat-1v5-aa-pk4\/\"><strong>4 x AA-Alkalibatterien<\/strong><\/a>. Wir empfehlen au\u00dferdem, nur hochwertige Alkalibatterien zu verwenden, um die bestm\u00f6gliche Lebensdauer der Batterien zu gew\u00e4hrleisten.<\/div>\n<\/div>\n<p><\/span><\/p>\n<p><span class=\"ui-provider azr azs azt azu azv azw azx azy azz baa bab bac bae baf bag bah bai baj bak bal bam ban bao bap baq bar bas bat bau bav baw bax bay baz bba\" dir=\"ltr\"><\/p>\n<div class=\"accordion\">\n<h2 class=\"accordion-header\">Woran erkenne ich, dass der Akku meines EL-SMS-2G Ger\u00e4ts schwach ist?<br \/>\n<i class=\"fas fa-chevron-circle-down\"><\/i><\/h2>\n<div class=\"accordion-content\">Wenn sich das Ger\u00e4t im Standby-Modus befindet, dr\u00fccken Sie die Taste &#8222;Status&#8220;. Die rote LED leuchtet dann 1,5 Sekunden lang, wenn der Akku schwach ist. Wenn sich das Ger\u00e4t im Betriebsmodus befindet, sendet es eine Textnachricht mit dem Hinweis auf einen niedrigen Batteriestand.<\/div>\n<\/div>\n<p><\/span><\/p>\n<p><span class=\"ui-provider azr azs azt azu azv azw azx azy azz baa bab bac bae baf bag bah bai baj bak bal bam ban bao bap baq bar bas bat bau bav baw bax bay baz bba\" dir=\"ltr\"><\/p>\n<div class=\"accordion\">\n<h2 class=\"accordion-header\">Wie tausche ich die Batterien in meinem EL-SMS-2G Ger\u00e4t aus?<br \/>\n<i class=\"fas fa-chevron-circle-down\"><\/i><\/h2>\n<div class=\"accordion-content\">Auf der R\u00fcckseite des Ger\u00e4ts befindet sich eine Batterieabdeckung, die von Hand entfernt werden kann.<\/div>\n<\/div>\n<p><\/span><\/p>\n<p><span class=\"ui-provider azr azs azt azu azv azw azx azy azz baa bab bac bae baf bag bah bai baj bak bal bam ban bao bap baq bar bas bat bau bav baw bax bay baz bba\" dir=\"ltr\"><\/p>\n<div class=\"accordion\">\n<h2 class=\"accordion-header\">Wie lange halten die Batterien in meinem EL-SMS-2G Ger\u00e4t?<br \/>\n<i class=\"fas fa-chevron-circle-down\"><\/i><\/h2>\n<div class=\"accordion-content\">Die erwartete Batterielebensdauer bei Raumtemperatur, dem Senden einer t\u00e4glichen Zusammenfassung und bis zu einer Alarmbenachrichtigung pro Woche, betr\u00e4gt ein Jahr.<\/div>\n<\/div>\n<p><\/span><\/p>\n<p><span class=\"ui-provider azr azs azt azu azv azw azx azy azz baa bab bac bae baf bag bah bai baj bak bal bam ban bao bap baq bar bas bat bau bav baw bax bay baz bba\" dir=\"ltr\"><\/p>\n<div class=\"accordion\">\n<h2 class=\"accordion-header\">Verliere ich alle Daten, wenn die Batterien in meinem EL-SMS-2G Ger\u00e4t leer sind?<br \/>\n<i class=\"fas fa-chevron-circle-down\"><\/i><\/h2>\n<div class=\"accordion-content\">Nein, die Daten werden im internen Speicher gespeichert.<\/div>\n<\/div>\n<p><\/span><\/p>\n<p><span class=\"ui-provider azr azs azt azu azv azw azx azy azz baa bab bac bae baf bag bah bai baj bak bal bam ban bao bap baq bar bas bat bau bav baw bax bay baz bba\" dir=\"ltr\"><\/p>\n<div class=\"accordion\">\n<h2 class=\"accordion-header\">Kann ich mein EL-SMS-2G Ger\u00e4t dauerhaft mit Strom versorgen?<br \/>\n<i class=\"fas fa-chevron-circle-down\"><\/i><\/h2>\n<div class=\"accordion-content\">Nein, es wird nur mit Batterien betrieben.<\/div>\n<\/div>\n<p><\/span><\/p>\n<p><span class=\"ui-provider azr azs azt azu azv azw azx azy azz baa bab bac bae baf bag bah bai baj bak bal bam ban bao bap baq bar bas bat bau bav baw bax bay baz bba\" dir=\"ltr\"><\/p>\n<div class=\"accordion\">\n<h2 class=\"accordion-header\">Welche Art von SIM-Karte ben\u00f6tigt mein EL-SMS-2G Ger\u00e4t?<br \/>\n<i class=\"fas fa-chevron-circle-down\"><\/i><\/h2>\n<div class=\"accordion-content\">Eine Micro-SIM-Karte.<\/div>\n<\/div>\n<p><\/span><\/p>\n<p><span class=\"ui-provider azr azs azt azu azv azw azx azy azz baa bab bac bae baf bag bah bai baj bak bal bam ban bao bap baq bar bas bat bau bav baw bax bay baz bba\" dir=\"ltr\"><\/p>\n<div class=\"accordion\">\n<h2 class=\"accordion-header\">Wird ein EL-SMS-2G Ger\u00e4t mit einer SIM-Karte geliefert?<br \/>\n<i class=\"fas fa-chevron-circle-down\"><\/i><\/h2>\n<div class=\"accordion-content\">Nein, dies muss \u00fcber das Mobilfunknetz Ihrer Wahl erworben werden.<\/div>\n<\/div>\n<p><\/span><\/p>\n<p><span class=\"ui-provider azr azs azt azu azv azw azx azy azz baa bab bac bae baf bag bah bai baj bak bal bam ban bao bap baq bar bas bat bau bav baw bax bay baz bba\" dir=\"ltr\"><\/p>\n<div class=\"accordion\">\n<h2 class=\"accordion-header\">Die SIM-Karte funktioniert nicht in meinem EL-SMS-2G Ger\u00e4t, was kann ich tun?<br \/>\n<i class=\"fas fa-chevron-circle-down\"><\/i><\/h2>\n<div class=\"accordion-content\">Vergewissern Sie sich, dass auf der SIM-Karte keine PIN-Code-Sperre aktiviert ist. Setzen Sie die SIM-Karte ggf. in ein normales Mobiltelefon ein, um die PIN-Code-Sperre zu deaktivieren.<\/div>\n<\/div>\n<p><\/span><\/p>\n<p><span class=\"ui-provider azr azs azt azu azv azw azx azy azz baa bab bac bae baf bag bah bai baj bak bal bam ban bao bap baq bar bas bat bau bav baw bax bay baz bba\" dir=\"ltr\"><\/p>\n<div class=\"accordion\">\n<h2 class=\"accordion-header\">Wie konfiguriere ich mein EL-SMS-2G Ger\u00e4t?<br \/>\n<i class=\"fas fa-chevron-circle-down\"><\/i><\/h2>\n<div class=\"accordion-content\">Das Ger\u00e4t wird \u00fcber die EL-SMS App konfiguriert, die f\u00fcr Android und iOS verf\u00fcgbar ist. Die EL-SMS App erstellt eine Konfigurations-SMS, die an das Ger\u00e4t gesendet wird, um die Ger\u00e4tekonfiguration durchzuf\u00fchren. Weitere Informationen entnehmen Sie bitte dem Benutzerhandbuch.<\/div>\n<\/div>\n<p><\/span><\/p>\n<p><span class=\"ui-provider azr azs azt azu azv azw azx azy azz baa bab bac bae baf bag bah bai baj bak bal bam ban bao bap baq bar bas bat bau bav baw bax bay baz bba\" dir=\"ltr\"><\/p>\n<div class=\"accordion\">\n<h2 class=\"accordion-header\">Wo kann ich die EL-SMS Mobile App erhalten und wie viel kostet sie?<br \/>\n<i class=\"fas fa-chevron-circle-down\"><\/i><\/h2>\n<div class=\"accordion-content\">Die Android-Version ist im Google Play Store erh\u00e4ltlich, die iOS-Version im App Store. Die App ist kostenlos.<\/div>\n<\/div>\n<p><\/span><\/p>\n<p><span class=\"ui-provider azr azs azt azu azv azw azx azy azz baa bab bac bae baf bag bah bai baj bak bal bam ban bao bap baq bar bas bat bau bav baw bax bay baz bba\" dir=\"ltr\"><\/p>\n<div class=\"accordion\">\n<h2 class=\"accordion-header\">Woran erkenne ich, dass mein EL-SMS-2G Ger\u00e4t erfolgreich konfiguriert wurde?<br \/>\n<i class=\"fas fa-chevron-circle-down\"><\/i><\/h2>\n<div class=\"accordion-content\">Nachdem Sie die Konfigurations-SMS gesendet haben, erhalten Sie die Nachricht &#8222;Einrichtung abgeschlossen&#8220; auf Ihr Telefon.<\/div>\n<\/div>\n<p><\/span><\/p>\n<p><span class=\"ui-provider azr azs azt azu azv azw azx azy azz baa bab bac bae baf bag bah bai baj bak bal bam ban bao bap baq bar bas bat bau bav baw bax bay baz bba\" dir=\"ltr\"><\/p>\n<div class=\"accordion\">\n<h2 class=\"accordion-header\">Ich kann mein EL-SMS-2G-Ger\u00e4t nicht einrichten, was k\u00f6nnte falsch sein?<br \/>\n<i class=\"fas fa-chevron-circle-down\"><\/i><\/h2>\n<div class=\"accordion-content\">Vergewissern Sie sich, dass die SIM-Karte richtig in das Ger\u00e4t eingesetzt ist und dass sie \u00fcber ein Guthaben verf\u00fcgt. Au\u00dferdem muss an Ihrem Standort ein ausreichendes Mobilfunksignal vorhanden sein, da sich das Ger\u00e4t sonst m\u00f6glicherweise nicht im Mobilfunknetz anmelden kann. Wenn sich das Ger\u00e4t nach zwei Minuten nicht registrieren kann, wird der Einrichtungsversuch abgebrochen. Dies wird durch f\u00fcnf kurze Piept\u00f6ne des Signalgebers und f\u00fcnf rote LED-Blitze angezeigt, wenn die Statustaste gedr\u00fcckt wird.<\/div>\n<\/div>\n<p><\/span><\/p>\n<p><span class=\"ui-provider azr azs azt azu azv azw azx azy azz baa bab bac bae baf bag bah bai baj bak bal bam ban bao bap baq bar bas bat bau bav baw bax bay baz bba\" dir=\"ltr\"><\/p>\n<div class=\"accordion\">\n<h2 class=\"accordion-header\">Woran erkenne ich, dass mein EL-SMS-2G Ger\u00e4t normal l\u00e4uft?<br \/>\n<i class=\"fas fa-chevron-circle-down\"><\/i><\/h2>\n<div class=\"accordion-content\">Das Ger\u00e4t kann so konfiguriert werden, dass es in regelm\u00e4\u00dfigen Abst\u00e4nden zusammenfassende Nachrichten sendet, um zu best\u00e4tigen, dass es normal l\u00e4uft.<\/div>\n<\/div>\n<p><\/span><\/p>\n<p><span class=\"ui-provider azr azs azt azu azv azw azx azy azz baa bab bac bae baf bag bah bai baj bak bal bam ban bao bap baq bar bas bat bau bav baw bax bay baz bba\" dir=\"ltr\"><\/p>\n<div class=\"accordion\">\n<h2 class=\"accordion-header\">Welche Art von Telefon ben\u00f6tige ich f\u00fcr ein EL-SMS-2G Ger\u00e4t?<br \/>\n<i class=\"fas fa-chevron-circle-down\"><\/i><\/h2>\n<div class=\"accordion-content\">Sie ben\u00f6tigen ein Android- oder Apple-Smartphone. Die Anforderungen f\u00fcr das Betriebssystem finden Sie in einer anderen FAQ. Das Telefon muss in der Lage sein, Textnachrichten zu senden und zu empfangen.<\/div>\n<\/div>\n<p><\/span><\/p>\n<p><span class=\"ui-provider azr azs azt azu azv azw azx azy azz baa bab bac bae baf bag bah bai baj bak bal bam ban bao bap baq bar bas bat bau bav baw bax bay baz bba\" dir=\"ltr\"><\/p>\n<div class=\"accordion\">\n<h2 class=\"accordion-header\">Welche Android-Version ben\u00f6tige ich, um die Android-Version der EL-SMS App auszuf\u00fchren?<br \/>\n<i class=\"fas fa-chevron-circle-down\"><\/i><\/h2>\n<div class=\"accordion-content\">Android Version 4.0.3 und h\u00f6her.<\/div>\n<\/div>\n<p><\/span><\/p>\n<p><span class=\"ui-provider azr azs azt azu azv azw azx azy azz baa bab bac bae baf bag bah bai baj bak bal bam ban bao bap baq bar bas bat bau bav baw bax bay baz bba\" dir=\"ltr\"><\/p>\n<div class=\"accordion\">\n<h2 class=\"accordion-header\">Welche Version von iOS ben\u00f6tige ich, um die iOS-Version der EL-SMS App auszuf\u00fchren?<br \/>\n<i class=\"fas fa-chevron-circle-down\"><\/i><\/h2>\n<div class=\"accordion-content\">Die App ist mit den iOS-Versionen 9.2 und h\u00f6her kompatibel.<\/div>\n<\/div>\n<p><\/span><\/p>\n<p><span class=\"ui-provider azr azs azt azu azv azw azx azy azz baa bab bac bae baf bag bah bai baj bak bal bam ban bao bap baq bar bas bat bau bav baw bax bay baz bba\" dir=\"ltr\"><\/p>\n<div class=\"accordion\">\n<h2 class=\"accordion-header\">Ist mein EL-SMS-2G Ger\u00e4t wasserdicht und kann es im Freien verwendet werden?<br \/>\n<i class=\"fas fa-chevron-circle-down\"><\/i><\/h2>\n<div class=\"accordion-content\"><\/span>Das Produkt hat die Schutzart IP53, sofern der Thermistorf\u00fchler angeschlossen ist. Dies bietet:<br \/>\n&#8211; Schutz gegen feste K\u00f6rper, die gr\u00f6\u00dfer als 1 mm sind.<br \/>\n&#8211; Schutz gegen Wassertropfen, die bis zu 15\u00b0 von der Senkrechten abgelenkt werden.<\/p>\n<p>Wenn Sie das Ger\u00e4t im Freien verwenden m\u00f6chten, muss die Thermistor-Sonde angeschlossen sein und das Ger\u00e4t sollte an einem gesch\u00fctzten Ort aufgestellt werden.<span class=\"ui-provider azr azs azt azu azv azw azx azy azz baa bab bac bae baf bag bah bai baj bak bal bam ban bao bap baq bar bas bat bau bav baw bax bay baz bba\" dir=\"ltr\"><\/div>\n<\/div>\n<p><\/span><\/p>\n<p><span class=\"ui-provider azr azs azt azu azv azw azx azy azz baa bab bac bae baf bag bah bai baj bak bal bam ban bao bap baq bar bas bat bau bav baw bax bay baz bba\" dir=\"ltr\"><\/p>\n<div class=\"accordion\">\n<h2 class=\"accordion-header\">Welche Art von Mobilfunknetz verwendet das Ger\u00e4t zum Senden und Empfangen von SMS-Nachrichten?<br \/>\n<i class=\"fas fa-chevron-circle-down\"><\/i><\/h2>\n<div class=\"accordion-content\">Das GSM-Netz (Global System for Mobile Communications).<\/span><\/div>\n<\/div>\n<p><\/span><\/p>\n<p><span class=\"ui-provider azr azs azt azu azv azw azx azy azz baa bab bac bae baf bag bah bai baj bak bal bam ban bao bap baq bar bas bat bau bav baw bax bay baz bba\" dir=\"ltr\"><\/p>\n<div class=\"accordion\">\n<h2 class=\"accordion-header\">Wo kann ich mein EL-SMS-2G Ger\u00e4t finden?<br \/>\n<i class=\"fas fa-chevron-circle-down\"><\/i><\/h2>\n<div class=\"accordion-content\">\u00dcberall dort, wo ein ausreichendes Mobilfunksignal des Mobilfunkdienstes, den Sie nutzen m\u00f6chten, vorhanden ist.<\/span><\/div>\n<\/div>\n<p><\/span><\/p>\n<p><span class=\"ui-provider azr azs azt azu azv azw azx azy azz baa bab bac bae baf bag bah bai baj bak bal bam ban bao bap baq bar bas bat bau bav baw bax bay baz bba\" dir=\"ltr\"><\/p>\n<div class=\"accordion\">\n<h2 class=\"accordion-header\">Wie kann ich feststellen, welche Signalst\u00e4rke mein EL-SMS-2G Ger\u00e4t empf\u00e4ngt?<br \/>\n<i class=\"fas fa-chevron-circle-down\"><\/i><\/h2>\n<div class=\"accordion-content\">Vorausgesetzt, das Signal ist ausreichend, um eine Nachricht zu senden, wird Ihnen die Signalst\u00e4rke in Balken in der Nachricht &#8222;Einrichtung abgeschlossen&#8220; angezeigt, die nach erfolgreicher Konfiguration an Ihr Telefon gesendet wird.<\/span><\/div>\n<\/div>\n<p><\/span><\/p>\n<p><span class=\"ui-provider azr azs azt azu azv azw azx azy azz baa bab bac bae baf bag bah bai baj bak bal bam ban bao bap baq bar bas bat bau bav baw bax bay baz bba\" dir=\"ltr\"><\/p>\n<div class=\"accordion\">\n<h2 class=\"accordion-header\">An wie viele Telefone k\u00f6nnen EL-SMS-2G Ger\u00e4tebenachrichtigungen gleichzeitig gesendet werden?<br \/>\n<i class=\"fas fa-chevron-circle-down\"><\/i><\/h2>\n<div class=\"accordion-content\">Bis zu drei. Beachten Sie, dass die Angabe von mehr Telefonen f\u00fcr die Benachrichtigung die erwartete Akkulaufzeit erheblich verk\u00fcrzt und zus\u00e4tzliche Kosten verursachen kann, da mehr Nachrichten gesendet werden.<\/span><\/div>\n<\/div>\n<p><\/span><\/p>\n<p><span class=\"ui-provider azr azs azt azu azv azw azx azy azz baa bab bac bae baf bag bah bai baj bak bal bam ban bao bap baq bar bas bat bau bav baw bax bay baz bba\" dir=\"ltr\"><\/p>\n<div class=\"accordion\">\n<h2 class=\"accordion-header\">Kann ich den Signalton des EL-SMS-2G ausschalten?<br \/>\n<i class=\"fas fa-chevron-circle-down\"><\/i><\/h2>\n<div class=\"accordion-content\">Nein, das k\u00f6nnen Sie nicht.<\/span><\/div>\n<\/div>\n<p><\/span><\/p>\n<p><span class=\"ui-provider azr azs azt azu azv azw azx azy azz baa bab bac bae baf bag bah bai baj bak bal bam ban bao bap baq bar bas bat bau bav baw bax bay baz bba\" dir=\"ltr\"><\/p>\n<div class=\"accordion\">\n<h2 class=\"accordion-header\">Warum l\u00e4sst sich mein EL-SMS-2G Ger\u00e4t nicht mit dem Mobilfunknetz verbinden?<br \/>\n<i class=\"fas fa-chevron-circle-down\"><\/i><\/h2>\n<div class=\"accordion-content\">Vergewissern Sie sich, dass die SIM-Karte richtig eingesetzt ist, keine PIN-Code-Sperre enth\u00e4lt und nicht defekt ist, und dass die Signalst\u00e4rke am Standort ausreichend ist. Dazu k\u00f6nnen Sie ein Mobiltelefon verwenden, um die verf\u00fcgbare Signalst\u00e4rke zu beobachten.<\/span><\/div>\n<\/div>\n<p><\/span><\/p>\n<p><span class=\"ui-provider azr azs azt azu azv azw azx azy azz baa bab bac bae baf bag bah bai baj bak bal bam ban bao bap baq bar bas bat bau bav baw bax bay baz bba\" dir=\"ltr\"><\/p>\n<div class=\"accordion\">\n<h2 class=\"accordion-header\">Kann ich auf meinem EL-SMS-2G-Ger\u00e4t Temperaturalarme in Celsius oder Fahrenheit einstellen?<br \/>\n<i class=\"fas fa-chevron-circle-down\"><\/i><\/h2>\n<div class=\"accordion-content\">Ja. Sie k\u00f6nnen die EL-SMS App verwenden, um das Ger\u00e4t so zu konfigurieren, dass es entweder Celsius oder Fahrenheit verwendet, und dann die Alarme entsprechend einstellen.<\/span><\/div>\n<\/div>\n<p><\/span><\/p>\n<p><span class=\"ui-provider azr azs azt azu azv azw azx azy azz baa bab bac bae baf bag bah bai baj bak bal bam ban bao bap baq bar bas bat bau bav baw bax bay baz bba\" dir=\"ltr\"><\/p>\n<div class=\"accordion\">\n<h2 class=\"accordion-header\">Wie kann ich die \u00dcberwachung meines EL-SMS-2G-Ger\u00e4ts beenden?<br \/>\n<i class=\"fas fa-chevron-circle-down\"><\/i><\/h2>\n<div class=\"accordion-content\">Dr\u00fccken Sie die Taste &#8222;Status&#8220; f\u00fcnf Sekunden lang, w\u00e4hrend Sie die Taste &#8222;Stop&#8220; mindestens eine Sekunde lang gedr\u00fcckt halten. Das Ger\u00e4t beendet die \u00dcberwachung, zeigt die gr\u00fcne LED f\u00fcr drei Sekunden an und setzt sich dann zur\u00fcck. Die LED-Sequenz zum Einschalten wird dann angezeigt und das Ger\u00e4t befindet sich im Standby-Modus in einem &#8222;unkonfigurierten&#8220; Zustand.<\/span><\/div>\n<\/div>\n<p><\/span><\/p>\n<p><span class=\"ui-provider azr azs azt azu azv azw azx azy azz baa bab bac bae baf bag bah bai baj bak bal bam ban bao bap baq bar bas bat bau bav baw bax bay baz bba\" dir=\"ltr\"><\/p>\n<div class=\"accordion\">\n<h2 class=\"accordion-header\">Wie kann ich die Einstellungen meines EL-SMS-2G-Ger\u00e4ts \u00e4ndern?<br \/>\n<i class=\"fas fa-chevron-circle-down\"><\/i><\/h2>\n<div class=\"accordion-content\">Dies geschieht, indem Sie \u00fcber die App eine neue Konfigurations-SMS an das Ger\u00e4t senden.<\/span><\/div>\n<\/div>\n<p><\/span><\/p>\n<p><span class=\"ui-provider azr azs azt azu azv azw azx azy azz baa bab bac bae baf bag bah bai baj bak bal bam ban bao bap baq bar bas bat bau bav baw bax bay baz bba\" dir=\"ltr\"><\/p>\n<div class=\"accordion\">\n<h2 class=\"accordion-header\">Kann ich mein EL-SMS-2G Ger\u00e4t aus der Ferne konfigurieren?<br \/>\n<i class=\"fas fa-chevron-circle-down\"><\/i><\/h2>\n<div class=\"accordion-content\">Die Konfigurations-SMS kann zwar von jedem beliebigen Ort aus gesendet werden, aber es muss sich immer noch eine Person in der N\u00e4he des Ger\u00e4ts befinden, da die &#8222;Status&#8220;-Taste auf dem Ger\u00e4t f\u00fcnf Sekunden lang gedr\u00fcckt werden muss, um die Einrichtungssequenz zu starten.<\/span><\/div>\n<\/div>\n<p><\/span><\/p>\n<p><span class=\"ui-provider azr azs azt azu azv azw azx azy azz baa bab bac bae baf bag bah bai baj bak bal bam ban bao bap baq bar bas bat bau bav baw bax bay baz bba\" dir=\"ltr\"><\/p>\n<div class=\"accordion\">\n<h2 class=\"accordion-header\">Woran erkenne ich, ob sich mein EL-SMS-2G Ger\u00e4t im Standby-Modus befindet?<br \/>\n<i class=\"fas fa-chevron-circle-down\"><\/i><\/h2>\n<div class=\"accordion-content\">Dr\u00fccken Sie die Taste &#8222;Status&#8220; eine Sekunde lang. Das Ger\u00e4t zeigt entweder vier gr\u00fcne oder f\u00fcnf rote LED-Blitze an. Viermaliges Blinken der gr\u00fcnen LED bedeutet, dass das Ger\u00e4t bereit ist, seinen ersten Einrichtungsversuch zu starten. F\u00fcnfmaliges rotes Blinken der LED bedeutet, dass der letzte Versuch, das Ger\u00e4t einzurichten, fehlgeschlagen ist, es aber f\u00fcr einen weiteren Versuch bereit ist.<\/span><\/div>\n<\/div>\n<p><\/span><\/p>\n<p><span class=\"ui-provider azr azs azt azu azv azw azx azy azz baa bab bac bae baf bag bah bai baj bak bal bam ban bao bap baq bar bas bat bau bav baw bax bay baz bba\" dir=\"ltr\"><\/p>\n<div class=\"accordion\">\n<h2 class=\"accordion-header\">Was bedeutet diese LED-Blinksequenz meines EL-SMS-2G-Ger\u00e4ts?<br \/>\n<i class=\"fas fa-chevron-circle-down\"><\/i><\/h2>\n<div class=\"accordion-content\">Bitte lesen Sie das Benutzerhandbuch, in dem die LED-Blitzsequenzen erkl\u00e4rt werden.<\/span><\/div>\n<\/div>\n<p><\/span><\/p>\n<p><span class=\"ui-provider azr azs azt azu azv azw azx azy azz baa bab bac bae baf bag bah bai baj bak bal bam ban bao bap baq bar bas bat bau bav baw bax bay baz bba\" dir=\"ltr\"><\/p>\n<div class=\"accordion\">\n<h2 class=\"accordion-header\">Wie kann ich feststellen, ob mein EL-SMS-2G Ger\u00e4t in einem Mobilfunknetz registriert ist?<br \/>\n<i class=\"fas fa-chevron-circle-down\"><\/i><\/h2>\n<div class=\"accordion-content\">Der Status der Mobilfunkverbindung wird nur angezeigt, wenn das Ger\u00e4t versucht, eine SMS zu senden oder zu empfangen, und wird durch die orangefarbene Netlight-Status-LED auf der Vorderseite des Ger\u00e4ts angezeigt. Sie blinkt alle 0,8 Sekunden, wenn das Ger\u00e4t nicht verbunden ist, und wechselt auf ein Blinken alle 2 Sekunden, wenn es verbunden ist.<\/span><\/div>\n<\/div>\n<p><\/span><\/p>\n<p><span class=\"ui-provider azr azs azt azu azv azw azx azy azz baa bab bac bae baf bag bah bai baj bak bal bam ban bao bap baq bar bas bat bau bav baw bax bay baz bba\" dir=\"ltr\"><\/p>\n<div class=\"accordion\">\n<h2 class=\"accordion-header\">Wie oft sollte ich mein EL-SMS-2G Ger\u00e4t zur Rekalibrierung einschicken?<br \/>\n<i class=\"fas fa-chevron-circle-down\"><\/i><\/h2>\n<div class=\"accordion-content\">Wir empfehlen eine j\u00e4hrliche Rekalibrierung; Ihre Verfahren k\u00f6nnen jedoch auch etwas anderes erfordern. Bitte kontaktieren Sie uns f\u00fcr Informationen \u00fcber die von uns angebotenen Kalibrierungsdienste.<\/span><\/div>\n<\/div>\n<p><\/span><\/p>\n<p><span class=\"ui-provider azr azs azt azu azv azw azx azy azz baa bab bac bae baf bag bah bai baj bak bal bam ban bao bap baq bar bas bat bau bav baw bax bay baz bba\" dir=\"ltr\"><\/p>\n<div class=\"accordion\">\n<h2 class=\"accordion-header\">Warum scheint die von meinem EL-SMS-2G-Ger\u00e4t angezeigte Zeit hinter der tats\u00e4chlichen Zeit zur\u00fcckzubleiben?<br \/>\n<i class=\"fas fa-chevron-circle-down\"><\/i><\/h2>\n<div class=\"accordion-content\">Die Uhrzeit auf dem Ger\u00e4t wird eingestellt, wenn es eine Konfigurations-SMS von der App erh\u00e4lt. Wenn das Ger\u00e4t die Konfigurations-SMS mit Verz\u00f6gerung erh\u00e4lt, bleibt die Zeit auf dem Ger\u00e4t hinter der Zeit auf dem Mobiltelefon zur\u00fcck, das zur Konfiguration des Ger\u00e4ts verwendet wird.<\/span><\/div>\n<\/div>\n<p><\/span><\/p>\n<p><span class=\"ui-provider azr azs azt azu azv azw azx azy azz baa bab bac bae baf bag bah bai baj bak bal bam ban bao bap baq bar bas bat bau bav baw bax bay baz bba\" dir=\"ltr\"><\/p>\n<div class=\"accordion\">\n<h2 class=\"accordion-header\">Wird das 2G-Netz auch in den kommenden Jahren noch verf\u00fcgbar sein?<br \/>\n<i class=\"fas fa-chevron-circle-down\"><\/i><\/h2>\n<div class=\"accordion-content\">Ein gro\u00dfes Netz hat die Absicht ge\u00e4u\u00dfert, sein 2G-Netz in Europa bis mindestens 2025 in Betrieb zu halten, so dass in absehbarer Zeit ein 2G-Netz verf\u00fcgbar sein sollte.<\/span><\/div>\n<\/div>\n<p><\/span><\/p>\n","protected":false},"excerpt":{"rendered":"<p>H\u00e4ufig gestellte Fragen<\/p>\n","protected":false},"author":2,"featured_media":0,"parent":25684,"menu_order":4,"comment_status":"closed","ping_status":"closed","template":"template-fullwidth.php","meta":{"_acf_changed":false,"content-type":"","_uag_custom_page_level_css":"","footnotes":""},"class_list":["post-25623","page","type-page","status-publish","hentry"],"acf":[],"spectra_custom_meta":{"hero_image":[""],"_hero_image":["field_64f1a7da7af44"],"_hero_h1":["field_64f19e1edd052"],"_hero_h2":["field_64f19e2ddd053"],"_hero_text":["field_64f19e42dd054"],"_hero_button_text":["field_64f19e4edd055"],"_hero_button_link":["field_64f19e5ddd056"],"_top_nav_excluded":[""],"_cms_nav_minihome":[""],"_wp_page_template":["template-fullwidth.php"],"_last_translation_edit_mode":["translation-editor"],"_edit_lock":["1721644342:8383"],"classic-editor-remember":["classic-editor"],"rank_math_seo_score":["51"],"_edit_last":["8383"],"hero_h1":[""],"hero_h2":[""],"hero_text":[""],"hero_button_text":[""],"hero_button_link":[""],"_wpml_media_duplicate":["1"],"_wpml_media_featured":["1"],"_wpml_word_count":["1541"],"rank_math_title":["EL-SMS Unterst\u00fctzung | SMS Alerts | Praxas"],"rank_math_description":["Ben\u00f6tigen Sie Unterst\u00fctzung f\u00fcr EL-SMS oder haben Sie Fragen? Lesen Sie unsere FAQs oder kontaktieren Sie unser Vertriebsteam! "],"rank_math_focus_keyword":["EL-SMS Unterst\u00fctzung"],"_uag_page_assets":["a:9:{s:3:\"css\";s:0:\"\";s:2:\"js\";s:0:\"\";s:18:\"current_block_list\";a:0:{}s:8:\"uag_flag\";b:0;s:11:\"uag_version\";s:10:\"1775212209\";s:6:\"gfonts\";a:0:{}s:10:\"gfonts_url\";s:0:\"\";s:12:\"gfonts_files\";a:0:{}s:14:\"uag_faq_layout\";b:0;}"]},"uagb_featured_image_src":{"full":false,"thumbnail":false,"medium":false,"medium_large":false,"large":false,"1536x1536":false,"2048x2048":false,"crunchify-admin-post-featured-image":false,"commercegurus-pdp-large":false,"commercegurus-plp-mobile":false,"cgkit_image_swatch":false,"woocommerce_thumbnail":false,"woocommerce_single":false,"woocommerce_gallery_thumbnail":false},"uagb_author_info":{"display_name":"Andy Price","author_link":"https:\/\/praxas.com\/de\/author\/andyp\/"},"uagb_comment_info":0,"uagb_excerpt":"H\u00e4ufig gestellte Fragen","_links":{"self":[{"href":"https:\/\/praxas.com\/de\/wp-json\/wp\/v2\/pages\/25623","targetHints":{"allow":["GET"]}}],"collection":[{"href":"https:\/\/praxas.com\/de\/wp-json\/wp\/v2\/pages"}],"about":[{"href":"https:\/\/praxas.com\/de\/wp-json\/wp\/v2\/types\/page"}],"author":[{"embeddable":true,"href":"https:\/\/praxas.com\/de\/wp-json\/wp\/v2\/users\/2"}],"replies":[{"embeddable":true,"href":"https:\/\/praxas.com\/de\/wp-json\/wp\/v2\/comments?post=25623"}],"version-history":[{"count":4,"href":"https:\/\/praxas.com\/de\/wp-json\/wp\/v2\/pages\/25623\/revisions"}],"predecessor-version":[{"id":46899,"href":"https:\/\/praxas.com\/de\/wp-json\/wp\/v2\/pages\/25623\/revisions\/46899"}],"up":[{"embeddable":true,"href":"https:\/\/praxas.com\/de\/wp-json\/wp\/v2\/pages\/25684"}],"wp:attachment":[{"href":"https:\/\/praxas.com\/de\/wp-json\/wp\/v2\/media?parent=25623"}],"curies":[{"name":"wp","href":"https:\/\/api.w.org\/{rel}","templated":true}]}}