{"id":25624,"date":"2023-09-21T11:34:55","date_gmt":"2023-09-21T09:34:55","guid":{"rendered":"https:\/\/staging.praxas.com\/panel-instrumentenhalterung\/"},"modified":"2024-07-12T08:58:18","modified_gmt":"2024-07-12T08:58:18","slug":"panel-instrumentenhalterung","status":"publish","type":"page","link":"https:\/\/praxas.com\/de\/unterstuetzen-sie\/panel-instrumentenhalterung\/","title":{"rendered":"Panel Instrumentenhalterung"},"content":{"rendered":"<h2><strong>H\u00e4ufig gestellte Fragen<\/strong><\/h2>\n<p><span class=\"ui-provider azr azs azt azu azv azw azx azy azz baa bab bac bae baf bag bah bai baj bak bal bam ban bao bap baq bar bas bat bau bav baw bax bay baz bba\" dir=\"ltr\"><\/p>\n<div class=\"accordion\">\n<h2 class=\"accordion-header\">Ich habe einige Anwendungsfragen zu meinem Panel-Instrument. Gibt es einen Bewerbungsleitfaden, den ich einsehen kann?<br \/>\n<i class=\"fas fa-chevron-circle-down\"><\/i><\/h2>\n<div class=\"accordion-content\">Ja, bitte lesen Sie unseren <span style=\"text-decoration: underline;\"><br \/>\n  <strong><br \/>\n    <a href=\"\/wp-content\/uploads\/display_application_notes_iss_3-1.pdf\">Anwendungsleitfaden Panel Instrumentation<\/a><br \/>\n  <\/strong><br \/>\n<\/span><\/div>\n<\/div>\n<p><\/span><\/p>\n<p><strong> <\/strong><\/p>\n<p>&nbsp;<\/p>\n","protected":false},"excerpt":{"rendered":"<p>H\u00e4ufig gestellte Fragen &nbsp;<\/p>\n","protected":false},"author":2,"featured_media":0,"parent":25684,"menu_order":0,"comment_status":"closed","ping_status":"closed","template":"template-fullwidth.php","meta":{"_acf_changed":false,"content-type":"","_uag_custom_page_level_css":"","footnotes":""},"class_list":["post-25624","page","type-page","status-publish","hentry"],"acf":[],"spectra_custom_meta":{"hero_image":[""],"_hero_image":["field_64f1a7da7af44"],"_hero_h1":["field_64f19e1edd052"],"_hero_h2":["field_64f19e2ddd053"],"_hero_text":["field_64f19e42dd054"],"_hero_button_text":["field_64f19e4edd055"],"_hero_button_link":["field_64f19e5ddd056"],"_top_nav_excluded":[""],"_cms_nav_minihome":[""],"_wp_page_template":["template-fullwidth.php"],"rank_math_title":["Unterst\u00fctzung f\u00fcr Schalttafelinstrumente | FAQs | Lascar Electronics"],"rank_math_description":["Wenn Sie Unterst\u00fctzung f\u00fcr eines von Lascars Panel Instrument Systemen ben\u00f6tigen oder nach einem Upgrade suchen, z\u00f6gern Sie nicht, unser kompetentes Verkaufsteam noch heute zu kontaktieren"],"rank_math_focus_keyword":["Panel Instrumentenhalterung"],"_last_translation_edit_mode":["translation-editor"],"_uag_page_assets":["a:9:{s:3:\"css\";s:0:\"\";s:2:\"js\";s:0:\"\";s:18:\"current_block_list\";a:0:{}s:8:\"uag_flag\";b:0;s:11:\"uag_version\";s:10:\"1775742760\";s:6:\"gfonts\";a:0:{}s:10:\"gfonts_url\";s:0:\"\";s:12:\"gfonts_files\";a:0:{}s:14:\"uag_faq_layout\";b:0;}"]},"uagb_featured_image_src":{"full":false,"thumbnail":false,"medium":false,"medium_large":false,"large":false,"1536x1536":false,"2048x2048":false,"crunchify-admin-post-featured-image":false,"commercegurus-pdp-large":false,"commercegurus-plp-mobile":false,"cgkit_image_swatch":false,"woocommerce_thumbnail":false,"woocommerce_single":false,"woocommerce_gallery_thumbnail":false},"uagb_author_info":{"display_name":"Andy Price","author_link":"https:\/\/praxas.com\/de\/author\/andyp\/"},"uagb_comment_info":0,"uagb_excerpt":"H\u00e4ufig gestellte Fragen &nbsp;","_links":{"self":[{"href":"https:\/\/praxas.com\/de\/wp-json\/wp\/v2\/pages\/25624","targetHints":{"allow":["GET"]}}],"collection":[{"href":"https:\/\/praxas.com\/de\/wp-json\/wp\/v2\/pages"}],"about":[{"href":"https:\/\/praxas.com\/de\/wp-json\/wp\/v2\/types\/page"}],"author":[{"embeddable":true,"href":"https:\/\/praxas.com\/de\/wp-json\/wp\/v2\/users\/2"}],"replies":[{"embeddable":true,"href":"https:\/\/praxas.com\/de\/wp-json\/wp\/v2\/comments?post=25624"}],"version-history":[{"count":1,"href":"https:\/\/praxas.com\/de\/wp-json\/wp\/v2\/pages\/25624\/revisions"}],"predecessor-version":[{"id":25693,"href":"https:\/\/praxas.com\/de\/wp-json\/wp\/v2\/pages\/25624\/revisions\/25693"}],"up":[{"embeddable":true,"href":"https:\/\/praxas.com\/de\/wp-json\/wp\/v2\/pages\/25684"}],"wp:attachment":[{"href":"https:\/\/praxas.com\/de\/wp-json\/wp\/v2\/media?parent=25624"}],"curies":[{"name":"wp","href":"https:\/\/api.w.org\/{rel}","templated":true}]}}