{"id":25626,"date":"2023-09-21T11:34:18","date_gmt":"2023-09-21T09:34:18","guid":{"rendered":"https:\/\/staging.praxas.com\/panelpilot-b-unterstuetzung\/"},"modified":"2025-10-20T15:20:35","modified_gmt":"2025-10-20T13:20:35","slug":"panelpilot-b-unterstuetzung","status":"publish","type":"page","link":"https:\/\/praxas.com\/de\/unterstuetzen-sie\/panelpilot-b-unterstuetzung\/","title":{"rendered":"PanelPilot B Unterst\u00fctzung"},"content":{"rendered":"<h2><strong>H\u00e4ufig gestellte Fragen<\/strong><\/h2>\n<p><span class=\"ui-provider azr azs azt azu azv azw azx azy azz baa bab bac bae baf bag bah bai baj bak bal bam ban bao bap baq bar bas bat bau bav baw bax bay baz bba\" dir=\"ltr\"><\/p>\n<div class=\"accordion\">\n<h2 class=\"accordion-header\">Ist das SGD 21-B wasserdicht?<br \/>\n<i class=\"fas fa-chevron-circle-down\"><\/i><\/h2>\n<div class=\"accordion-content\">Die Vorderseite des Produkts hat die Schutzart IP54. Das bedeutet, dass er vor Spritzwasser gesch\u00fctzt ist, wenn er in einem Schaltschrank installiert ist.<\/div>\n<\/div>\n<p><\/span><\/p>\n<p><span class=\"ui-provider azr azs azt azu azv azw azx azy azz baa bab bac bae baf bag bah bai baj bak bal bam ban bao bap baq bar bas bat bau bav baw bax bay baz bba\" dir=\"ltr\"><\/p>\n<div class=\"accordion\">\n<h2 class=\"accordion-header\">Wo kann ich nach der neuesten Version der PanelPilot B Konfigurationssoftware suchen?<br \/>\n<i class=\"fas fa-chevron-circle-down\"><\/i><\/h2>\n<div class=\"accordion-content\">Bitte besuchen Sie unsere <span style=\"text-decoration: underline;\"><strong><a href=\"\/de\/software\/panelpilot-software\/panelpilot-b\/\" target=\"_blank\" rel=\"noopener\">PanelPilot B Software<\/a><\/strong><\/span> Seite.<\/div>\n<\/div>\n<p><\/span><strong><br \/>\n<\/strong><\/p>\n<p><span class=\"ui-provider azr azs azt azu azv azw azx azy azz baa bab bac bae baf bag bah bai baj bak bal bam ban bao bap baq bar bas bat bau bav baw bax bay baz bba\" dir=\"ltr\"><\/p>\n<div class=\"accordion\">\n<h2 class=\"accordion-header\">Kann ich mein Firmenlogo auf dem SGD 21-B Display anbringen?<br \/>\n<i class=\"fas fa-chevron-circle-down\"><\/i><\/h2>\n<div class=\"accordion-content\">Ja. Bei der Konfiguration Ihres Messger\u00e4ts mit der PanelPilot B Software gibt es einen Schritt, der es Ihnen erm\u00f6glicht, eine Grafikdatei als Startbildschirm hinzuzuf\u00fcgen, der in den ersten Sekunden nach dem Einschalten des Ger\u00e4ts auf dem Display angezeigt wird. Die besten Ergebnisse erzielen Sie, wenn Sie ein schwarz-wei\u00dfes Bild mit einer Aufl\u00f6sung von 250 x 122 Pixel verwenden. Erlaubte Bildformate sind png, bmp, jpg, gif, exif und tiff.<\/div>\n<\/div>\n<p><\/span><strong><br \/>\n<\/strong><\/p>\n<p><span class=\"ui-provider azr azs azt azu azv azw azx azy azz baa bab bac bae baf bag bah bai baj bak bal bam ban bao bap baq bar bas bat bau bav baw bax bay baz bba\" dir=\"ltr\"><\/p>\n<div class=\"accordion\">\n<h2 class=\"accordion-header\">Ich bin auf der Suche nach einer Konfiguration, die nicht in der PanelPilot B Software aufgef\u00fchrt ist. K\u00f6nnen Sie eine f\u00fcr mich erstellen?<br \/>\n<i class=\"fas fa-chevron-circle-down\"><\/i><\/h2>\n<div class=\"accordion-content\">Ab einer Bestellmenge von 500 St\u00fcck k\u00f6nnen wir Ihnen einen kostenlosen App-Design-Service anbieten. Bitte kontaktieren Sie unser <span style=\"text-decoration: underline;\"><strong><a href=\"\/de\/kontaktieren-sie-uns\/\">Verkaufsteam<\/a><\/strong><\/span> um Ihre Anforderungen zu besprechen.<\/div>\n<\/div>\n<p><\/span><\/p>\n<p><span class=\"ui-provider azr azs azt azu azv azw azx azy azz baa bab bac bae baf bag bah bai baj bak bal bam ban bao bap baq bar bas bat bau bav baw bax bay baz bba\" dir=\"ltr\"><\/p>\n<div class=\"accordion\">\n<h2 class=\"accordion-header\">Haben Sie eine Anleitung f\u00fcr die Konfiguration des SGD 21-B mit der PanelPilot B Software?<br \/>\n<i class=\"fas fa-chevron-circle-down\"><\/i><\/h2>\n<div class=\"accordion-content\">Ja, bitte sehen Sie sich unser SGD 21-B Setup <span style=\"text-decoration: underline;\"><strong><a href=\"https:\/\/www.youtube.com\/watch?v=97e6ebL5ljI&amp;feature=youtu.be\" target=\"_blank\" rel=\"noopener\">Video-Anleitung<\/a><\/strong><\/span> auf YouTube.<\/div>\n<\/div>\n<p><\/span><\/p>\n<p><span class=\"ui-provider azr azs azt azu azv azw azx azy azz baa bab bac bae baf bag bah bai baj bak bal bam ban bao bap baq bar bas bat bau bav baw bax bay baz bba\" dir=\"ltr\"><\/p>\n<div class=\"accordion\">\n<h2 class=\"accordion-header\">Wie hoch ist die maximale Spannung, die ich mit dem SGD 21-B messen kann?<br \/>\n<i class=\"fas fa-chevron-circle-down\"><\/i><\/h2>\n<div class=\"accordion-content\">Die maximale Eingangsspannung, die mit dem Ger\u00e4t standardm\u00e4\u00dfig gemessen werden kann, betr\u00e4gt 1,25 V. Es k\u00f6nnen jedoch Eingangsspannungen von bis zu 30,0 V gemessen werden, indem Sie Skalierungswiderst\u00e4nde (nicht im Lieferumfang enthalten) an das Ger\u00e4t anschlie\u00dfen. Bitte beachten Sie das Datenblatt (erh\u00e4ltlich bei der <span style=\"text-decoration: underline;\"><strong><a href=\"\/de\/product\/panelpilot-zeigt-an\/panelpilot-b-de\/sgd-21-b\/\">SGD 21-B<\/a><\/strong><\/span> Produktseite), um zu erfahren, wie Sie dies tun k\u00f6nnen.<\/div>\n<\/div>\n<p><\/span><\/p>\n<p><span class=\"ui-provider azr azs azt azu azv azw azx azy azz baa bab bac bae baf bag bah bai baj bak bal bam ban bao bap baq bar bas bat bau bav baw bax bay baz bba\" dir=\"ltr\"><\/p>\n<div class=\"accordion\">\n<h2 class=\"accordion-header\">Welchen Zweck erf\u00fcllt der Einbau von Skalierwiderst\u00e4nden in das SGD 21-B?<br \/>\n<i class=\"fas fa-chevron-circle-down\"><\/i><\/h2>\n<div class=\"accordion-content\">Das Ger\u00e4t kann standardm\u00e4\u00dfig Eingangsspannungen bis zu 1,25V messen. Durch den Einbau von Skalierungswiderst\u00e4nden (nicht im Lieferumfang enthalten) k\u00f6nnen Sie Eingangsspannungen von bis zu 30,0 V messen. Einzelheiten zum Einbau entnehmen Sie bitte dem Datenblatt (erh\u00e4ltlich bei der<span style=\"text-decoration: underline;\"><strong> <a href=\"\/de\/product\/panelpilot-zeigt-an\/panelpilot-b-de\/sgd-21-b\/\">SGD 21-B<\/a><\/strong><\/span> Produktseite).<\/div>\n<\/div>\n<p><\/span><\/p>\n","protected":false},"excerpt":{"rendered":"<p>H\u00e4ufig gestellte Fragen<\/p>\n","protected":false},"author":2,"featured_media":0,"parent":25684,"menu_order":2,"comment_status":"closed","ping_status":"closed","template":"template-fullwidth.php","meta":{"_acf_changed":false,"content-type":"","_uag_custom_page_level_css":"","footnotes":""},"class_list":["post-25626","page","type-page","status-publish","hentry"],"acf":[],"spectra_custom_meta":{"hero_image":[""],"_hero_image":["field_64f1a7da7af44"],"_hero_h1":["field_64f19e1edd052"],"_hero_h2":["field_64f19e2ddd053"],"_hero_text":["field_64f19e42dd054"],"_hero_button_text":["field_64f19e4edd055"],"_hero_button_link":["field_64f19e5ddd056"],"_top_nav_excluded":[""],"_cms_nav_minihome":[""],"_wp_page_template":["template-fullwidth.php"],"_last_translation_edit_mode":["native-editor"],"rank_math_title":["%title% | PanelPilot B FAQs | Praxas"],"rank_math_description":["Sehen Sie sich unsere PanelPilot B Support-Seite an, wenn Sie Unterst\u00fctzung f\u00fcr Ihre PanelPilot B-Ger\u00e4te ben\u00f6tigen, oder rufen Sie unser Vertriebsteam an, wenn Sie weitere Unterst\u00fctzung oder andere Fragen haben!"],"rank_math_focus_keyword":["PanelPilot B Unterst\u00fctzung"],"_edit_lock":["1765815968:8383"],"classic-editor-remember":["classic-editor"],"rank_math_seo_score":["62"],"_edit_last":["8383"],"hero_h1":[""],"hero_h2":[""],"hero_text":[""],"hero_button_text":[""],"hero_button_link":[""],"_wpml_media_duplicate":["1"],"_wpml_media_featured":["1"],"rank_math_contentai_score":["a:5:{s:8:\"keywords\";s:5:\"74.51\";s:9:\"wordCount\";s:1:\"0\";s:9:\"linkCount\";s:1:\"0\";s:12:\"headingCount\";s:1:\"0\";s:10:\"mediaCount\";s:1:\"0\";}"],"rank_math_rich_snippet":["off"],"rank_math_robots":["a:1:{i:0;s:5:\"index\";}"],"rank_math_analytic_object_id":["1297"],"_wpml_word_count":["375"],"rank_math_schema_VideoObject":["a:12:{s:5:\"@type\";s:11:\"VideoObject\";s:8:\"metadata\";a:8:{s:5:\"title\";s:5:\"Video\";s:4:\"type\";s:8:\"template\";s:9:\"shortcode\";s:15:\"s-68f636baa7cd9\";s:9:\"isPrimary\";b:1;s:23:\"reviewLocationShortcode\";s:24:\"[rank_math_rich_snippet]\";s:8:\"category\";s:12:\"%categories%\";s:4:\"tags\";s:6:\"%tags%\";s:15:\"isAutoGenerated\";b:1;}s:4:\"name\";s:34:\"PanelPilot SGD 21-B Setup Tutorial\";s:11:\"description\";s:160:\"Need to set up your PanelPilot SGD 21-B? Here is our tutorial video to find out howIf you require further assistance, please contact our technical team at sa...\";s:10:\"uploadDate\";s:25:\"2018-01-11T07:25:04-08:00\";s:12:\"thumbnailUrl\";s:16:\"%post_thumbnail%\";s:8:\"embedUrl\";s:41:\"https:\/\/www.youtube.com\/embed\/97e6ebL5ljI\";s:10:\"contentUrl\";s:0:\"\";s:8:\"duration\";s:7:\"PT4M13S\";s:5:\"width\";s:4:\"1280\";s:6:\"height\";s:3:\"720\";s:16:\"isFamilyFriendly\";b:1;}"],"_uag_page_assets":["a:9:{s:3:\"css\";s:0:\"\";s:2:\"js\";s:0:\"\";s:18:\"current_block_list\";a:0:{}s:8:\"uag_flag\";b:0;s:11:\"uag_version\";s:10:\"1777651425\";s:6:\"gfonts\";a:0:{}s:10:\"gfonts_url\";s:0:\"\";s:12:\"gfonts_files\";a:0:{}s:14:\"uag_faq_layout\";b:0;}"]},"uagb_featured_image_src":{"full":false,"thumbnail":false,"medium":false,"medium_large":false,"large":false,"1536x1536":false,"2048x2048":false,"crunchify-admin-post-featured-image":false,"commercegurus-pdp-large":false,"commercegurus-plp-mobile":false,"cgkit_image_swatch":false,"woocommerce_thumbnail":false,"woocommerce_single":false,"woocommerce_gallery_thumbnail":false},"uagb_author_info":{"display_name":"Andy Price","author_link":"https:\/\/praxas.com\/de\/author\/andyp\/"},"uagb_comment_info":0,"uagb_excerpt":"H\u00e4ufig gestellte Fragen","_links":{"self":[{"href":"https:\/\/praxas.com\/de\/wp-json\/wp\/v2\/pages\/25626","targetHints":{"allow":["GET"]}}],"collection":[{"href":"https:\/\/praxas.com\/de\/wp-json\/wp\/v2\/pages"}],"about":[{"href":"https:\/\/praxas.com\/de\/wp-json\/wp\/v2\/types\/page"}],"author":[{"embeddable":true,"href":"https:\/\/praxas.com\/de\/wp-json\/wp\/v2\/users\/2"}],"replies":[{"embeddable":true,"href":"https:\/\/praxas.com\/de\/wp-json\/wp\/v2\/comments?post=25626"}],"version-history":[{"count":4,"href":"https:\/\/praxas.com\/de\/wp-json\/wp\/v2\/pages\/25626\/revisions"}],"predecessor-version":[{"id":52769,"href":"https:\/\/praxas.com\/de\/wp-json\/wp\/v2\/pages\/25626\/revisions\/52769"}],"up":[{"embeddable":true,"href":"https:\/\/praxas.com\/de\/wp-json\/wp\/v2\/pages\/25684"}],"wp:attachment":[{"href":"https:\/\/praxas.com\/de\/wp-json\/wp\/v2\/media?parent=25626"}],"curies":[{"name":"wp","href":"https:\/\/api.w.org\/{rel}","templated":true}]}}