{"id":25627,"date":"2023-09-21T11:33:23","date_gmt":"2023-09-21T09:33:23","guid":{"rendered":"https:\/\/staging.praxas.com\/panelpilot-m-unterstuetzung\/"},"modified":"2024-07-23T13:20:43","modified_gmt":"2024-07-23T13:20:43","slug":"panelpilot-m-unterstuetzung","status":"publish","type":"page","link":"https:\/\/praxas.com\/de\/unterstuetzen-sie\/panelpilot-m-unterstuetzung\/","title":{"rendered":"PanelPilot M Unterst\u00fctzung"},"content":{"rendered":"<div class=\"accordion\">\n<h2 class=\"accordion-header\"><strong>Der Bildschirm meines SGD 24-M wird wei\u00df, wenn ich versuche, eine Anwendung auf das Ger\u00e4t zu laden. Was kann ich tun?  <\/strong><br \/>\n<i class=\"fas fa-chevron-circle-down\"><\/i><\/h2>\n<div class=\"accordion-content\">W\u00e4hrend des Lebenszyklus unserer SGD-Produkte wird es unvermeidlich zu \u00c4nderungen an den in den Bildschirmen verwendeten Displaytreiber-Chips kommen. Wir stellen immer sicher, dass die neuesten Anwendungen mit allen jemals produzierten Bildschirmtypen funktionieren (d.h. &#8222;abw\u00e4rtskompatibel&#8220;). Das bedeutet, dass die Anwendungen st\u00e4ndig aktualisiert werden m\u00fcssen, um den Treiber-Typ zu lesen und den Anzeigecode entsprechend zu \u00e4ndern. Die SGD 24-Serie hat eine solche \u00c4nderung erfahren und um sie zu bedienen, m\u00fcssen Sie die neueste Version der von Ihnen gew\u00e4hlten Konfiguration herunterladen. Dies sollte automatisch geschehen, wenn Sie Panel Pilot starten oder wenn Sie im Feld &#8222;Messger\u00e4testil ausw\u00e4hlen&#8220; auf &#8222;Nach Updates suchen&#8220; klicken. Wenn dies nicht funktioniert, kann es sein, dass Ihre Verbindung zum Server durch eine Firewall blockiert wird. Um dieses Problem zu beheben, k\u00f6nnen Sie versuchen, sich \u00fcber einen Proxy-Server zu verbinden. Klicken Sie auf Datei\/Proxy-Einstellungen. Wenn Sie immer noch nicht durchkommen, k\u00f6nnen Sie die Dateien direkt herunterladen. Klicken Sie auf den folgenden Link, um <strong><a href=\"\/wp-content\/uploads\/resources.zip\">herunterzuladen.<\/a><\/strong> die .zip-Datei herunterzuladen. Entpacken Sie den Ordner und kopieren Sie die Dateien in den Ordner Resources:- <span style=\"text-decoration: underline;\">F\u00fcr 32-Bit-Computer<\/span><strong>:<\/strong> C:\\Program Files\\Lascar\\Panel Pilot\\Resources <span style=\"text-decoration: underline;\">F\u00fcr 64-Bit-Rechner:<\/span> C:\\Programmdateien (x86)\\Lascar\\Panel Pilot\\Resources<\/div>\n<\/div>\n<div class=\"accordion\">\n<h2 class=\"accordion-header\"><strong>Ist die SGD 24\/28\/35-M wasserdicht?<\/strong> <strong><br \/>\n<\/strong><br \/>\n<i class=\"fas fa-chevron-circle-down\"><\/i><\/h2>\n<div class=\"accordion-content\">Leider nicht. Aufgrund der Beschaffenheit des Displays und des Touchscreens raten wir davon ab, das Display in einer nassen oder \u00fcberm\u00e4\u00dfig feuchten Umgebung zu verwenden. Wir empfehlen stattdessen die Verwendung der <span style=\"text-decoration: underline;\"><a href=\"https:\/\/praxas.com\/de\/product\/panelpilot-zeigt-an\/panelpilot-m-de\/sgd-24-m-ip\/\"><strong>SGD 24-M-IP<\/strong><\/a><\/span> zu verwenden, da dieser eine vollst\u00e4ndige IP67-Einstufung bietet.<\/div>\n<\/div>\n<div class=\"accordion\">\n<h2 class=\"accordion-header\"><strong>Wo kann ich neue Z\u00e4hlerkonfigurationen finden oder ein Upgrade auf die neueste Softwareversion durchf\u00fchren?  <\/strong><strong><br \/>\n<\/strong><br \/>\n<i class=\"fas fa-chevron-circle-down\"><\/i><\/h2>\n<div class=\"accordion-content\">Auf der Seite &#8218;Messger\u00e4testil ausw\u00e4hlen&#8216; in der <span style=\"text-decoration: underline;\"><strong><a href=\"https:\/\/praxas.com\/de\/software\/panelpilot-software\/\">PanelPilot M Software<\/a><\/strong><\/span>gibt es eine Schaltfl\u00e4che &#8218;Nach Updates suchen&#8216;. Wenn Sie auf diese Schaltfl\u00e4che klicken, beginnt die Software mit der Suche nach den neuesten Z\u00e4hlerkonfigurationen und Software-Updates und benachrichtigt Sie, wenn es neue Erg\u00e4nzungen zum Herunterladen gibt.<\/div>\n<\/div>\n<p><strong><br \/>\n<\/strong><\/p>\n<div class=\"accordion\">\n<h2 class=\"accordion-header\"><strong>Kann ich mein Firmenlogo auf dem Display anbringen?  <\/strong><strong><br \/>\n<\/strong><br \/>\n<i class=\"fas fa-chevron-circle-down\"><\/i><\/h2>\n<div class=\"accordion-content\">Ja. Bei der Konfiguration Ihres Messger\u00e4ts mit der <span style=\"text-decoration: underline;\"><strong><a href=\"https:\/\/praxas.com\/de\/software\/panelpilot-software\/\">PanelPilot M Software<\/a><\/strong><\/span>werden Sie im letzten Einrichtungsschritt gefragt, ob Sie dem Display ein Firmenlogo hinzuf\u00fcgen m\u00f6chten oder nicht. Wenn Sie sich f\u00fcr diese Option entscheiden, wird das Firmenlogo in den ersten Sekunden nach dem Einschalten auf dem Display angezeigt.<\/div>\n<\/div>\n<p><strong><br \/>\n<\/strong><\/p>\n<div class=\"accordion\">\n<h2 class=\"accordion-header\"><strong>Kann ich die Helligkeit meines PanelPilot dimmen?  <\/strong><strong><br \/>\n<\/strong><br \/>\n<i class=\"fas fa-chevron-circle-down\"><\/i><\/h2>\n<div class=\"accordion-content\">Ja. Die Verwendung der <span style=\"text-decoration: underline;\"><a href=\"https:\/\/praxas.com\/de\/software\/panelpilot-software\/\"><strong>PanelPilot M Software<\/strong><\/a><\/span>k\u00f6nnen Sie am Ende der Konfigurationsphase die Helligkeit des Displays ausw\u00e4hlen. Bitte beachten Sie, dass es derzeit keine M\u00f6glichkeit gibt, die Helligkeit des Bildschirms zu \u00e4ndern, ohne den Bildschirm neu zu konfigurieren.<\/div>\n<\/div>\n<p><strong><br \/>\n<\/strong><\/p>\n<div class=\"accordion\">\n<h2 class=\"accordion-header\"><strong>Ich sehe, dass Sie einen Temperaturzusatz f\u00fcr den PanelPilot M an Bord haben. Kann ich damit Daten aufzeichnen?  <\/strong><strong><br \/>\n<\/strong><br \/>\n<i class=\"fas fa-chevron-circle-down\"><\/i><\/h2>\n<div class=\"accordion-content\">Leider nicht. Wir haben zwar eine Konfiguration, mit der Sie die Temperatur live ablesen k\u00f6nnen (unter Verwendung des eingebauten Thermoelementes), aber das Display unterst\u00fctzt keine Datenaufzeichnung. Wir empfehlen die Verwendung des <span style=\"text-decoration: underline;\"><strong><a href=\"https:\/\/praxas.com\/de\/product\/datenlogger\/temperatur-datenlogger\/el-sgd-43-atp\/\">EL-SGD 43-ATP<\/a><\/strong><\/span> zu verwenden.<\/div>\n<\/div>\n<div class=\"accordion\">\n<h2 class=\"accordion-header\"><strong> Der Bildschirm meines Ger\u00e4ts ist nach dem Hochladen schwarz geworden bzw. wird nicht mehr richtig angezeigt? <\/strong><br \/>\n<i class=\"fas fa-chevron-circle-down\"><\/i><\/h2>\n<div class=\"accordion-content\"><a href=\"https:\/\/praxas.com\/de\/kontaktieren-sie-uns\/\"><strong>Kontaktieren Sie uns<\/strong><\/a> und wir werden Ihnen weiterhelfen k\u00f6nnen.<\/div>\n<\/div>\n","protected":false},"excerpt":{"rendered":"","protected":false},"author":2,"featured_media":0,"parent":25684,"menu_order":0,"comment_status":"closed","ping_status":"closed","template":"template-fullwidth.php","meta":{"_acf_changed":false,"content-type":"","_uag_custom_page_level_css":"","footnotes":""},"class_list":["post-25627","page","type-page","status-publish","hentry"],"acf":[],"spectra_custom_meta":{"hero_image":[""],"_hero_image":["field_64f1a7da7af44"],"_hero_h1":["field_64f19e1edd052"],"_hero_h2":["field_64f19e2ddd053"],"_hero_text":["field_64f19e42dd054"],"_hero_button_text":["field_64f19e4edd055"],"_hero_button_link":["field_64f19e5ddd056"],"_top_nav_excluded":[""],"_cms_nav_minihome":[""],"_wp_page_template":["template-fullwidth.php"],"_last_translation_edit_mode":["translation-editor"],"_edit_lock":["1721643931:8383"],"classic-editor-remember":["classic-editor"],"rank_math_seo_score":["45"],"_edit_last":["8383"],"hero_h1":[""],"hero_h2":[""],"hero_text":[""],"hero_button_text":[""],"hero_button_link":[""],"_wpml_media_duplicate":["1"],"_wpml_media_featured":["1"],"rank_math_focus_keyword":["PanelPilot M Unterst\u00fctzung"],"_uag_page_assets":["a:9:{s:3:\"css\";s:0:\"\";s:2:\"js\";s:0:\"\";s:18:\"current_block_list\";a:0:{}s:8:\"uag_flag\";b:0;s:11:\"uag_version\";s:10:\"1777651425\";s:6:\"gfonts\";a:0:{}s:10:\"gfonts_url\";s:0:\"\";s:12:\"gfonts_files\";a:0:{}s:14:\"uag_faq_layout\";b:0;}"]},"uagb_featured_image_src":{"full":false,"thumbnail":false,"medium":false,"medium_large":false,"large":false,"1536x1536":false,"2048x2048":false,"crunchify-admin-post-featured-image":false,"commercegurus-pdp-large":false,"commercegurus-plp-mobile":false,"cgkit_image_swatch":false,"woocommerce_thumbnail":false,"woocommerce_single":false,"woocommerce_gallery_thumbnail":false},"uagb_author_info":{"display_name":"Andy Price","author_link":"https:\/\/praxas.com\/de\/author\/andyp\/"},"uagb_comment_info":0,"uagb_excerpt":null,"_links":{"self":[{"href":"https:\/\/praxas.com\/de\/wp-json\/wp\/v2\/pages\/25627","targetHints":{"allow":["GET"]}}],"collection":[{"href":"https:\/\/praxas.com\/de\/wp-json\/wp\/v2\/pages"}],"about":[{"href":"https:\/\/praxas.com\/de\/wp-json\/wp\/v2\/types\/page"}],"author":[{"embeddable":true,"href":"https:\/\/praxas.com\/de\/wp-json\/wp\/v2\/users\/2"}],"replies":[{"embeddable":true,"href":"https:\/\/praxas.com\/de\/wp-json\/wp\/v2\/comments?post=25627"}],"version-history":[{"count":5,"href":"https:\/\/praxas.com\/de\/wp-json\/wp\/v2\/pages\/25627\/revisions"}],"predecessor-version":[{"id":38483,"href":"https:\/\/praxas.com\/de\/wp-json\/wp\/v2\/pages\/25627\/revisions\/38483"}],"up":[{"embeddable":true,"href":"https:\/\/praxas.com\/de\/wp-json\/wp\/v2\/pages\/25684"}],"wp:attachment":[{"href":"https:\/\/praxas.com\/de\/wp-json\/wp\/v2\/media?parent=25627"}],"curies":[{"name":"wp","href":"https:\/\/api.w.org\/{rel}","templated":true}]}}