{"id":25629,"date":"2023-09-21T11:32:14","date_gmt":"2023-09-21T09:32:14","guid":{"rendered":"https:\/\/staging.praxas.com\/panelpilotace-unterstuetzung\/"},"modified":"2024-07-22T10:31:02","modified_gmt":"2024-07-22T10:31:02","slug":"panelpilotace-unterstuetzung","status":"publish","type":"page","link":"https:\/\/praxas.com\/de\/unterstuetzen-sie\/panelpilotace-unterstuetzung\/","title":{"rendered":"PanelPilotACE Unterst\u00fctzung"},"content":{"rendered":"<div class=\"accordion\">\n<h2 class=\"accordion-header\"><strong>Wie erhalte ich Zugriff auf die PanelPilotACE University? <\/strong><br \/>\n<i class=\"fas fa-chevron-circle-down\"><\/i><\/h2>\n<div class=\"accordion-content\">Dieser Link f\u00fchrt Sie dorthin: <strong><br \/>\n<a href=\"https:\/\/praxas.com\/de\/panelpilotace-universitaet\/\">PanelPilotACE Universit\u00e4t<\/a><br \/>\n<\/strong><\/div>\n<\/div>\n<div class=\"accordion\">\n<h2 class=\"accordion-header\"><strong>Welche Anschl\u00fcsse ben\u00f6tige ich f\u00fcr mein PanelPilotACE? <\/strong><br \/>\n<i class=\"fas fa-chevron-circle-down\"><\/i><\/h2>\n<div class=\"accordion-content\">Details zu allen ben\u00f6tigten Anschl\u00fcssen finden Sie, wenn Sie <span style=\"text-decoration: underline;\"><strong><a href=\"\/wp-content\/uploads\/ConnectingtoSGD43-A100914.docx\">diese Datei<\/a><\/strong><\/span> herunterladen.<\/p>\n<p>Bitte <strong><a title=\"Kontaktieren Sie uns\" href=\"https:\/\/praxas.com\/de\/kontaktieren-sie-uns\/\" data-id=\"1202\">kontaktieren Sie<\/a><\/strong>\u00a0unser Verkaufsteam, wenn Sie Fragen haben.<\/div>\n<\/div>\n<div class=\"accordion\">\n<h2 class=\"accordion-header\"><strong>Wie verwende ich RS232 im Designstudio? <\/strong><br \/>\n<i class=\"fas fa-chevron-circle-down\"><\/i><\/h2>\n<div class=\"accordion-content\">Die RS232 arbeitet mit drei Elementen, einem Hardwareelement (Serieller COM-Anschluss) und zwei Funktionselementen (RS-232-Empfang und RS-232-Senden).<\/p>\n<p>Innerhalb des Hardware-Elements m\u00fcssen Sie die Standard-RS232-Eigenschaften (Baudrate usw.) angeben. Sie m\u00fcssen auch den Diensttyp angeben. Nativ, wenn Sie mit einem anderen PPA-Ger\u00e4t kommunizieren m\u00f6chten, ansonsten Terminal. Die Eigenschaft &#8222;Terminalmodus&#8220; gibt an, ob die Daten mit einer Eingabeaufforderung verpackt werden sollen (einfache Verwendung innerhalb eines Terminals) oder ob sie roh vorliegen sollen (von Ger\u00e4t zu Ger\u00e4t). Dann m\u00fcssen Sie Sende-\/Empfangs-Terminatoren und Trennzeichen angeben. Der Terminator kennzeichnet das Ende eines bestimmten RS232-Befehls und das Trennzeichen ist das Zeichen, das zur Trennung mehrerer Werte verwendet wird.<\/p>\n<p>Mit dem RS-232-Sendeelement k\u00f6nnen Sie eine serielle Schnittstelle (das Hardware-Element) und dann zahlreiche &#8222;Sendewerte&#8220; angeben. Dieses Element kann wie jede andere Aktion aufgerufen werden und sendet dann jeden Wert (innerhalb der angegebenen Vor- und Nachmeldungen), getrennt durch den im Hardware-Element angegebenen &#8222;Sendeseparator&#8220; und abgeschlossen mit dem im Hardware-Element angegebenen &#8222;Sendeterminator&#8220;. Die Werte werden in sequentieller Reihenfolge von oben nach unten gesendet.<\/p>\n<p>Mit dem RS-232-Empfangselement k\u00f6nnen Sie eine serielle Schnittstelle angeben (das Hardware-Element). Wenn Sie diese ausgew\u00e4hlt haben, k\u00f6nnen Sie einen &#8222;Alias&#8220; angeben. Wenn kein Alias angegeben ist, wird der Name des RS-232-Empfangselements als Befehl verwendet; wenn ein Alias angegeben ist, wird der Alias als Befehl verwendet. Darauf folgt ein Empfangstrennzeichen und dann alle Werte, die das Ger\u00e4t empfangen soll, ebenfalls durch das Empfangstrennzeichen getrennt und dann mit dem Empfangsabschlusszeichen abgeschlossen. Dann geben Sie eine Liste von Empfangseigenschaften\/Variablen an. Hier werden die Werte wieder sequentiell von oben nach unten als erster Empfang bis zum letzten Empfang gespeichert.<\/p>\n<p>Wenn der Alias beispielsweise auf &#8222;rx&#8220;, das Trennzeichen auf Komma und der Terminator auf [CR][LF] und der angegebene Empfangswert war die Eigenschaft Text eines Textfeldes, dann w\u00fcrde der folgende Befehl den Text des Textfeldes auf &#8222;Test&#8220; setzen:<\/p>\n<p>RS-232 Receive bietet Ihnen auch die M\u00f6glichkeit, eine Aktion auszuf\u00fchren, sobald der Empfang abgeschlossen ist. So k\u00f6nnen Sie einen Wert als Variable speichern und dann eine Aktion aufrufen, um ihn anzuzeigen oder ihn mit einem mathematischen Programm zu \u00e4ndern, bevor Sie ihn anzeigen.<\/p>\n<p>N.B. Wir sind dabei, weitere Anleitungsvideos zu erstellen, um die Entwicklung neuer Funktionen zu unterst\u00fctzen.<\/p><\/div>\n<\/div>\n<div class=\"accordion\">\n<h2 class=\"accordion-header\"><strong>Wie kann ich mein Ger\u00e4t aktualisieren, damit es mit der neuen Version des Designstudios funktioniert? <\/strong><br \/>\n<i class=\"fas fa-chevron-circle-down\"><\/i><\/h2>\n<div class=\"accordion-content\">Sobald Sie die neue Version von Design Studio installiert haben, haben Sie Zugriff auf die automatische Update-Funktion. Dies gilt sowohl f\u00fcr das Designstudio als auch f\u00fcr die Ger\u00e4tesoftware. Wenn Sie ein Ger\u00e4t angeschlossen haben, das nicht \u00fcber die neueste Version der Ger\u00e4tesoftware verf\u00fcgt, wird neben dem Ger\u00e4t ein Zahnradsymbol angezeigt. Klicken Sie einfach darauf und folgen Sie den Schritten, um Ihre Ger\u00e4tesoftware zu aktualisieren. Sie k\u00f6nnen Ihr Ger\u00e4t auch manuell aktualisieren, indem Sie auf das Symbol f\u00fcr das Ger\u00e4temen\u00fc (3 wei\u00dfe Streifen) klicken und Ger\u00e4tesoftware aktualisieren w\u00e4hlen.<\/div>\n<\/div>\n<div class=\"accordion\">\n<h2 class=\"accordion-header\"><strong>Ist es m\u00f6glich, 4-20mA von einem PanelPilotACE-Display auszugeben?<\/strong><br \/>\n<i class=\"fas fa-chevron-circle-down\"><\/i><\/h2>\n<div class=\"accordion-content\">Ja, aber nicht direkt. Es w\u00e4re eine Schnittstellenschaltung erforderlich, um den PWM-Ausgang in einen 4-20mA-Ausgang umzuwandeln. Es gibt Ger\u00e4te von Drittanbietern, die dies tun k\u00f6nnen. Bitte kontaktieren Sie uns f\u00fcr weitere Hilfe.<\/div>\n<\/div>\n<div class=\"accordion\">\n<h2 class=\"accordion-header\"><strong>Ich m\u00f6chte einen Spinner implementieren, mit dem ich eine Variable setzen kann, aber ich finde keine M\u00f6glichkeit, die Variable zu erh\u00f6hen. Wie kann ich das tun? <\/strong><br \/>\n<i class=\"fas fa-chevron-circle-down\"><\/i><\/h2>\n<div class=\"accordion-content\">In der Version V2 der Software wurde dem Design Studio ein Mathe-Builder hinzugef\u00fcgt, um diese Funktionalit\u00e4t bereitzustellen. Sehen Sie sich das Spinner-Beispiel in der Liste der Projektvorlagen auf unserer PanelPilotACE University-Seite an.<\/div>\n<\/div>\n<div class=\"accordion\">\n<h2 class=\"accordion-header\"><strong>Wie viele Kopien der Windows-Software kann ich installieren? <\/strong><br \/>\n<i class=\"fas fa-chevron-circle-down\"><\/i><\/h2>\n<div class=\"accordion-content\">Die Software ist kostenlos und Sie k\u00f6nnen sie auf so vielen PCs installieren, wie Sie m\u00f6chten. Was Sie nicht tun d\u00fcrfen, ist die Software zu verkaufen, sie zur\u00fcckzuentwickeln oder in irgendeiner Weise zu ver\u00e4ndern.<\/div>\n<\/div>\n<div class=\"accordion\">\n<h2 class=\"accordion-header\"><strong>Warum sind die I\u00b2C- und SPI-Funktionen der Hardware nicht in der Software verf\u00fcgbar? <\/strong><br \/>\n<i class=\"fas fa-chevron-circle-down\"><\/i><\/h2>\n<div class=\"accordion-content\">In der aktuellen Softwareversion k\u00f6nnen Sie diese Funktionen zwar noch nicht nutzen, aber unser Software-Team arbeitet daran, diese Funktionen hinzuzuf\u00fcgen. Diese Funktion hat f\u00fcr uns oberste Priorit\u00e4t und wir erwarten, dass sie in den n\u00e4chsten Monaten verf\u00fcgbar sein wird.<\/div>\n<\/div>\n<div class=\"accordion\">\n<h2 class=\"accordion-header\"><strong>Warum erkennt die PanelPilotACE Software mein Ger\u00e4t unter Windows 8 nicht? <\/strong><br \/>\n<i class=\"fas fa-chevron-circle-down\"><\/i><\/h2>\n<div class=\"accordion-content\">Dies ist ein Problem mit Windows 8 und erfordert, dass Sie die Durchsetzung von Treibersignaturen deaktivieren. Anweisungen dazu finden Sie in unserem <span style=\"text-decoration: underline;\"><br \/>\n<strong><br \/>\n<a href=\"\/wp-content\/uploads\/installing_panelpilot_driver_windows8.pdf\">Installation des Panel Pilot-Treibers unter Windows 8<\/a><br \/>\n<\/strong><br \/>\n<\/span> Dokumentation.<\/div>\n<\/div>\n<div class=\"accordion\">\n<h2 class=\"accordion-header\"><strong>Meine Uhr ist auf die falsche Zeit eingestellt. Wie stelle ich die Uhr ein? <\/strong><br \/>\n<i class=\"fas fa-chevron-circle-down\"><\/i><\/h2>\n<div class=\"accordion-content\">\u00d6ffnen Sie das Panel Pilot ACE Design Studio und schlie\u00dfen Sie Ihr Ger\u00e4t an. Wenn Ihr Ger\u00e4t korrekt verbunden ist, sollten Sie es in der Dropdown-Liste Ger\u00e4t oben rechts im Studio ausw\u00e4hlen k\u00f6nnen. Klicken Sie auf die Schaltfl\u00e4che rechts neben der Ger\u00e4teauswahl, die wie drei wei\u00dfe horizontale Linien aussieht. W\u00e4hlen Sie aus dem erscheinenden Dropdown-Men\u00fc &#8222;Ger\u00e4tekonfiguration&#8220;. Aktivieren Sie dann das Kontrollk\u00e4stchen &#8222;Echtzeituhr einstellen&#8220; und stellen Sie sicher, dass die richtige Zeit ausgew\u00e4hlt ist (+1 bezieht sich auf GMT+1). Klicken Sie auf die Schaltfl\u00e4che Konfigurieren und die Anwendung wird aktualisiert.<\/div>\n<\/div>\n<div class=\"accordion\">\n<h2 class=\"accordion-header\"><strong>Wo ist die Halterung im Datenblatt abgebildet? <\/strong><br \/>\n<i class=\"fas fa-chevron-circle-down\"><\/i><\/h2>\n<div class=\"accordion-content\">Die Halterung befindet sich in der Box unter dem wei\u00dfen Tablett, das das SGD 43-A in Position h\u00e4lt.<\/div>\n<\/div>\n<div class=\"accordion\">\n<h2 class=\"accordion-header\"><strong>Gibt es eine schnelle M\u00f6glichkeit, meine Projekte zu testen, ohne dass ich das SGD 43-A anschlie\u00dfen muss? <\/strong><br \/>\n<i class=\"fas fa-chevron-circle-down\"><\/i><\/h2>\n<div class=\"accordion-content\">Die Entwicklungsplatine (SGD 43-A-DK+ &#8211; dazu geh\u00f6rt ein Display) erzeugt alle Eing\u00e4nge und zeigt alle Ausg\u00e4nge an, die auf dem SGD 43-A verf\u00fcgbar sind. Analoge Eing\u00e4nge k\u00f6nnen \u00fcber Drehregler ver\u00e4ndert werden, digitale Eing\u00e4nge k\u00f6nnen \u00fcber Schalter eingeschaltet werden, digitale, PWM- und Alarmausg\u00e4nge werden \u00fcber Status-LEDs angezeigt. F\u00fcr den schnellen Anschluss von aktuellen Signalen sind auch Schraubklemmen erh\u00e4ltlich.<\/div>\n<\/div>\n<div class=\"accordion\">\n<h2 class=\"accordion-header\"><strong>Mir ist aufgefallen, dass Ihr Ger\u00e4t GIF-Bilder unterst\u00fctzt. Unterst\u00fctzt es auch animierte GIFs?<\/strong><br \/>\n<i class=\"fas fa-chevron-circle-down\"><\/i><\/h2>\n<div class=\"accordion-content\">Ja, der Panel Pilot ACE unterst\u00fctzt animierte GIFs!<\/div>\n<\/div>\n<div class=\"accordion\">\n<h2 class=\"accordion-header\"><strong>Ich bin auf der Suche nach einer Konfiguration, die in der PanelPilot-Software nicht aufgef\u00fchrt ist. K\u00f6nnen Sie eine f\u00fcr mich machen? <\/strong><br \/>\n<i class=\"fas fa-chevron-circle-down\"><\/i><\/h2>\n<div class=\"accordion-content\">Gewiss! Mit unserem PanelPilot Custom Design Service k\u00f6nnen wir ma\u00dfgeschneiderte Konfigurationen erstellen, die auf Ihre Anforderungen zugeschnitten sind. Bitte kontaktieren Sie unser\u00a0<span style=\"text-decoration: underline;\"><a href=\"\/de\/kontaktieren-sie-uns\/\"><strong>Verkaufsteam<\/strong><\/a><\/span>\u00a0um mehr zu erfahren.<\/div>\n<\/div>\n<div class=\"accordion\">\n<h2 class=\"accordion-header\"><strong>Meine Grafiken erscheinen auf dem Bildschirm nicht an genau der gleichen Stelle wie auf dem Emulator. Warum ist das so? <\/strong><br \/>\n<i class=\"fas fa-chevron-circle-down\"><\/i><\/h2>\n<div class=\"accordion-content\">Leider sind die Rendering-Engines, die auf dem Emulator und dem eingebetteten Bildschirm verwendet werden, nicht genau dieselben. Dies kann zu sehr geringen Unterschieden in den Positionen der Grafiken f\u00fchren. Normalerweise f\u00e4llt dies nicht auf, aber es kann manchmal bedeuten, dass z.B. die Rotation einer Nadel leicht abweicht.<\/div>\n<\/div>\n<div class=\"accordion\">\n<h2 class=\"accordion-header\"><strong>Ich sehe, dass es f\u00fcr das SGD 43-A eine Zusatzplatine f\u00fcr RS485 gibt, aber nicht f\u00fcr das SGD 70-A. Warum gibt es keine Platine f\u00fcr das 70? <\/strong><br \/>\n<i class=\"fas fa-chevron-circle-down\"><\/i><\/h2>\n<div class=\"accordion-content\">Das liegt daran, dass der 70-A die Hardware bereits eingebaut hat und daher keine Zusatzplatine ben\u00f6tigt wird.<\/div>\n<\/div>\n<div class=\"accordion\">\n<h2 class=\"accordion-header\"><strong>Welche Protokolle werden \u00fcber RS485 unterst\u00fctzt? <\/strong><br \/>\n<i class=\"fas fa-chevron-circle-down\"><\/i><\/h2>\n<div class=\"accordion-content\">Gegenw\u00e4rtig sind ascii-basierte Rohdaten und MODBUS verf\u00fcgbar. Wir arbeiten jedoch daran, neue Protokolle wie z.B. CANBUS hinzuzuf\u00fcgen. Wenn Sie Protokolle haben, die Sie gerne sehen m\u00f6chten, <span style=\"text-decoration: underline;\"><a href=\"\/de\/kontaktieren-sie-uns\/\"><strong>kontaktieren Sie uns<\/strong><\/a><\/span> bitte <span style=\"text-decoration: underline;\">.<\/span><\/div>\n<\/div>\n<div class=\"accordion\">\n<h2 class=\"accordion-header\"><strong>Welche Funktion haben die Jumper auf der RS485-Zusatzplatine? <\/strong><br \/>\n<i class=\"fas fa-chevron-circle-down\"><\/i><\/h2>\n<div class=\"accordion-content\">PL1 wird verwendet, um festzulegen, welcher zus\u00e4tzliche Pin verwendet werden soll, um RS485 zu verwenden. Sie k\u00f6nnen entweder PWM3 oder DIG8 verwenden, die als PWM bzw. DIO gekennzeichnet sind.<br \/>\nPL2 wird verwendet, um den Abschlusswiderstand an den Stromkreis anzuschlie\u00dfen bzw. von ihm zu trennen.<\/div>\n<\/div>\n<div class=\"accordion\">\n<h2 class=\"accordion-header\"><strong>Wie konfiguriere ich RS485 innerhalb des Designstudios? <\/strong><br \/>\n<i class=\"fas fa-chevron-circle-down\"><\/i><\/h2>\n<div class=\"accordion-content\"><strong>SGD 43-A<\/strong><\/p>\n<p>Gehen Sie zu Ihren Projekteinstellungen (w\u00e4hlen Sie Ihr Projekt aus und sehen Sie sich den Eigenschaften-Editor an). Wenn Sie diese Eigenschaft aktivieren, werden Sie sehen, dass PWM1 und PWM2 f\u00fcr die RS485 deaktiviert sind und dass es ein Dropdown-Men\u00fc gibt, um den dritten Pin auszuw\u00e4hlen, der deaktiviert werden soll. W\u00e4hlen Sie entweder Digitalkanal 8 oder PWM-Ausgang 3 und stellen Sie sicher, dass die entsprechende Jumperposition auf der Platine ausgew\u00e4hlt ist. Jetzt k\u00f6nnen Sie RS485 auf die gleiche Weise wie RS232 verwenden (allerdings mit einem RS485 COM PORT).<\/p>\n<p><strong>SGD 70-A<\/strong><\/p>\n<p>Das SGD 70-A hat dedizierte Pins f\u00fcr RS485 und ben\u00f6tigt daher keine Projektkonfiguration (oder eine Zusatzplatine). Verwenden Sie ihn einfach so, wie Sie RS232 verwendet haben (aber mit einem RS485 COM PORT).<\/p><\/div>\n<\/div>\n<div class=\"accordion\">\n<h2 class=\"accordion-header\"><strong>Unterst\u00fctzen die PanelPilotACE-Displays das CAN-Bus-Protokoll? <\/strong><br \/>\n<i class=\"fas fa-chevron-circle-down\"><\/i><\/h2>\n<div class=\"accordion-content\">Der CAN-Bus kann nur mit dem SGD 70-A verwendet werden und erfordert die Zusatzkarte S70-CAN. Der CAN-Bus ist beim SGD 43-A nicht verf\u00fcgbar.<\/div>\n<\/div>\n<div class=\"accordion\">\n<h2 class=\"accordion-header\"><strong>Welche Protokolle im Zusammenhang mit dem CAN-Bus unterst\u00fctzt die S70-CAN Karte? <\/strong><br \/>\n<i class=\"fas fa-chevron-circle-down\"><\/i><\/h2>\n<div class=\"accordion-content\">Das J1939-Protokoll.<\/div>\n<\/div>\n<div class=\"accordion\">\n<h2 class=\"accordion-header\"><strong>Wie viele CAN-Kan\u00e4le bietet die CAN-Buskarte S70-CAN? <\/strong><br \/>\n<i class=\"fas fa-chevron-circle-down\"><\/i><\/h2>\n<div class=\"accordion-content\">Ein Kanal.<\/div>\n<\/div>\n<div class=\"accordion\">\n<h2 class=\"accordion-header\"><strong>Wie weise ich eine MAC-Adresse f\u00fcr ein PanelPilotACE zu? <\/strong><br \/>\n<i class=\"fas fa-chevron-circle-down\"><\/i><\/h2>\n<div class=\"accordion-content\">1. \u00d6ffnen Sie die Software PanelPilotACE Design Studio und stellen Sie sicher, dass eine aktive Internetverbindung besteht.<\/p>\n<p>2. Stellen Sie sicher, dass das PanelPilotACE-Ger\u00e4t \u00fcber die entsprechende Ethernet-Hardware verf\u00fcgt. Diese ist bei einem SGD 70-A Modell im Lieferumfang enthalten, f\u00fcr das SGD 43-A ben\u00f6tigen Sie jedoch eine Zusatzplatine.<\/p>\n<p>3. Verbinden Sie das PanelPilotACE-Ger\u00e4t \u00fcber ein USB-Kabel mit dem PC. Sobald die Verbindung erfolgreich hergestellt wurde, wird das Ger\u00e4t im Men\u00fc Ger\u00e4teeinstellungen des PanelPilotACE angezeigt. Diese befindet sich in der oberen rechten Ecke des Design Studio Arbeitsbereichs. Klicken Sie auf die Schaltfl\u00e4che Burger-Men\u00fc ganz rechts, um das Dropdown-Men\u00fc anzuzeigen. W\u00e4hlen Sie in diesem Men\u00fc die Option Ger\u00e4tekonfiguration, um auf die Einstellungen f\u00fcr die MAC-Adresse zuzugreifen. Wenn f\u00fcr das Ger\u00e4t bereits eine MAC-Adresse konfiguriert wurde, wird diese im Feld MAC-Adresse abrufen angezeigt. Andernfalls wird in diesem Feld 00-00-00-00-00-00 angezeigt oder es bleibt leer (siehe Abbildung unten).<\/p>\n<p><img loading=\"lazy\" decoding=\"async\" class=\"alignnone size-medium wp-image-10779\" src=\"https:\/\/praxas.com\/wp-content\/uploads\/configmenu1-228x300.png\" alt=\"\" width=\"228\" height=\"300\" srcset=\"https:\/\/praxas.com\/wp-content\/uploads\/configmenu1-228x300.png 228w, https:\/\/praxas.com\/wp-content\/uploads\/configmenu1-91x120.png 91w, https:\/\/praxas.com\/wp-content\/uploads\/configmenu1-300x395.png 300w, https:\/\/praxas.com\/wp-content\/uploads\/configmenu1-150x198.png 150w, https:\/\/praxas.com\/wp-content\/uploads\/configmenu1.png 318w\" sizes=\"auto, (max-width: 228px) 100vw, 228px\" \/><\/p>\n<p><strong>4.<\/strong> Wenn Sie eine MAC-Adresse zuweisen m\u00f6chten, aktivieren Sie das K\u00e4stchen neben <em>MAC-Adresse abrufen <\/em>(siehe Beispiel unten).<\/p>\n<p><img loading=\"lazy\" decoding=\"async\" class=\"alignnone size-medium wp-image-10780\" src=\"https:\/\/praxas.com\/wp-content\/uploads\/configmenu2-227x300.png\" alt=\"\" width=\"227\" height=\"300\" srcset=\"https:\/\/praxas.com\/wp-content\/uploads\/configmenu2-227x300.png 227w, https:\/\/praxas.com\/wp-content\/uploads\/configmenu2-91x120.png 91w, https:\/\/praxas.com\/wp-content\/uploads\/configmenu2-300x397.png 300w, https:\/\/praxas.com\/wp-content\/uploads\/configmenu2-150x198.png 150w, https:\/\/praxas.com\/wp-content\/uploads\/configmenu2.png 317w\" sizes=\"auto, (max-width: 227px) 100vw, 227px\" \/><\/p>\n<p>Anschlie\u00dfend wird eine MAC-Adresse vom PanelPilot-Server angefordert. Das Feld MAC-Adresse wird dann mit einer MAC-Adresse ausgef\u00fcllt (siehe Abbildung unten). Hinweis: Dies kann bis zu einigen Minuten dauern.<\/p>\n<p><img loading=\"lazy\" decoding=\"async\" class=\"alignnone size-medium wp-image-10781\" src=\"https:\/\/praxas.com\/wp-content\/uploads\/configmenu3-229x300.png\" alt=\"\" width=\"229\" height=\"300\" srcset=\"https:\/\/praxas.com\/wp-content\/uploads\/configmenu3-229x300.png 229w, https:\/\/praxas.com\/wp-content\/uploads\/configmenu3-92x120.png 92w, https:\/\/praxas.com\/wp-content\/uploads\/configmenu3-300x393.png 300w, https:\/\/praxas.com\/wp-content\/uploads\/configmenu3-150x196.png 150w, https:\/\/praxas.com\/wp-content\/uploads\/configmenu3.png 317w\" sizes=\"auto, (max-width: 229px) 100vw, 229px\" \/><\/p>\n<p>5. Klicken Sie auf Konfigurieren. Das Men\u00fc Ger\u00e4tekonfiguration wird geschlossen und das PanelPilotACE-Ger\u00e4t wird neu gestartet.<\/p>\n<p>6. Gehen Sie zur\u00fcck zum Men\u00fc Ger\u00e4teeinstellungen burger und w\u00e4hlen Sie Hardware-Informationen. Die MAC-Adresse wird im Textfeld Physikalische Adresse angezeigt (siehe Abbildung unten).<\/p>\n<p><img loading=\"lazy\" decoding=\"async\" class=\"alignnone size-medium wp-image-10782\" src=\"https:\/\/praxas.com\/wp-content\/uploads\/configmenu4-208x300.png\" alt=\"\" width=\"208\" height=\"300\" srcset=\"https:\/\/praxas.com\/wp-content\/uploads\/configmenu4-208x300.png 208w, https:\/\/praxas.com\/wp-content\/uploads\/configmenu4-83x120.png 83w, https:\/\/praxas.com\/wp-content\/uploads\/configmenu4-300x434.png 300w, https:\/\/praxas.com\/wp-content\/uploads\/configmenu4-150x217.png 150w, https:\/\/praxas.com\/wp-content\/uploads\/configmenu4.png 346w\" sizes=\"auto, (max-width: 208px) 100vw, 208px\" \/><\/div>\n<\/div>\n","protected":false},"excerpt":{"rendered":"","protected":false},"author":2,"featured_media":0,"parent":25684,"menu_order":0,"comment_status":"closed","ping_status":"closed","template":"template-fullwidth.php","meta":{"_acf_changed":false,"content-type":"","_uag_custom_page_level_css":"","footnotes":""},"class_list":["post-25629","page","type-page","status-publish","hentry"],"acf":[],"spectra_custom_meta":{"hero_image":[""],"_hero_image":["field_64f1a7da7af44"],"_hero_h1":["field_64f19e1edd052"],"_hero_h2":["field_64f19e2ddd053"],"_hero_text":["field_64f19e42dd054"],"_hero_button_text":["field_64f19e4edd055"],"_hero_button_link":["field_64f19e5ddd056"],"_top_nav_excluded":[""],"_cms_nav_minihome":[""],"_wp_page_template":["template-fullwidth.php"],"rank_math_title":["PanelPilotACE Support | FAQs & Support | Praxas"],"rank_math_description":["Wenn Sie Unterst\u00fctzung f\u00fcr Ihre PanelPilotACE-Displays ben\u00f6tigen, besuchen Sie bitte die PanelPilotACE-Supportseite oder kontaktieren Sie Praxas noch heute!"],"rank_math_focus_keyword":["PanelPilotACE Unterst\u00fctzung"],"_last_translation_edit_mode":["native-editor"],"rank_math_og_content_image":["a:2:{s:5:\"check\";s:32:\"6ab6a1ebd72d3af6389774bd486eaf3f\";s:6:\"images\";a:1:{i:0;i:10779;}}"],"_edit_lock":["1721644123:8383"],"classic-editor-remember":["classic-editor"],"rank_math_seo_score":["18"],"_edit_last":["8383"],"hero_h1":[""],"hero_h2":[""],"hero_text":[""],"hero_button_text":[""],"hero_button_link":[""],"_wpml_media_duplicate":["1"],"_wpml_media_featured":["1"],"_uag_page_assets":["a:9:{s:3:\"css\";s:0:\"\";s:2:\"js\";s:0:\"\";s:18:\"current_block_list\";a:0:{}s:8:\"uag_flag\";b:0;s:11:\"uag_version\";s:10:\"1775742760\";s:6:\"gfonts\";a:0:{}s:10:\"gfonts_url\";s:0:\"\";s:12:\"gfonts_files\";a:0:{}s:14:\"uag_faq_layout\";b:0;}"]},"uagb_featured_image_src":{"full":false,"thumbnail":false,"medium":false,"medium_large":false,"large":false,"1536x1536":false,"2048x2048":false,"crunchify-admin-post-featured-image":false,"commercegurus-pdp-large":false,"commercegurus-plp-mobile":false,"cgkit_image_swatch":false,"woocommerce_thumbnail":false,"woocommerce_single":false,"woocommerce_gallery_thumbnail":false},"uagb_author_info":{"display_name":"Andy Price","author_link":"https:\/\/praxas.com\/de\/author\/andyp\/"},"uagb_comment_info":0,"uagb_excerpt":null,"_links":{"self":[{"href":"https:\/\/praxas.com\/de\/wp-json\/wp\/v2\/pages\/25629","targetHints":{"allow":["GET"]}}],"collection":[{"href":"https:\/\/praxas.com\/de\/wp-json\/wp\/v2\/pages"}],"about":[{"href":"https:\/\/praxas.com\/de\/wp-json\/wp\/v2\/types\/page"}],"author":[{"embeddable":true,"href":"https:\/\/praxas.com\/de\/wp-json\/wp\/v2\/users\/2"}],"replies":[{"embeddable":true,"href":"https:\/\/praxas.com\/de\/wp-json\/wp\/v2\/comments?post=25629"}],"version-history":[{"count":3,"href":"https:\/\/praxas.com\/de\/wp-json\/wp\/v2\/pages\/25629\/revisions"}],"predecessor-version":[{"id":38348,"href":"https:\/\/praxas.com\/de\/wp-json\/wp\/v2\/pages\/25629\/revisions\/38348"}],"up":[{"embeddable":true,"href":"https:\/\/praxas.com\/de\/wp-json\/wp\/v2\/pages\/25684"}],"wp:attachment":[{"href":"https:\/\/praxas.com\/de\/wp-json\/wp\/v2\/media?parent=25629"}],"curies":[{"name":"wp","href":"https:\/\/api.w.org\/{rel}","templated":true}]}}