{"id":25636,"date":"2023-09-21T11:31:09","date_gmt":"2023-09-21T09:31:09","guid":{"rendered":"https:\/\/staging.praxas.com\/21cfr-datenlogger-unterstuetzung\/"},"modified":"2025-10-14T12:31:31","modified_gmt":"2025-10-14T10:31:31","slug":"21cfr-datenlogger-unterstuetzung","status":"publish","type":"page","link":"https:\/\/praxas.com\/de\/unterstuetzen-sie\/21cfr-datenlogger-unterstuetzung\/","title":{"rendered":"21CFR Datenlogger Unterst\u00fctzung"},"content":{"rendered":"<h2><span style=\"text-decoration: underline;\">H\u00e4ufig gestellte Fragen<\/span><\/h2>\n<h2>21CFR:<\/h2>\n<div class=\"accordion\">\n<h2 class=\"accordion-header\">K\u00f6nnten Sie erkl\u00e4ren, was 21CFR Teil 11 ist?<br \/>\n<i class=\"fas fa-chevron-circle-down\"><\/i><\/h2>\n<div class=\"accordion-content\">Der Code of Federal Regulations 21 Part 11 der US FDA (Food &amp; Drugs Administration) ist eine Erweiterung der bestehenden Vorschriften, in denen definiert wird, welche elektronischen Aufzeichnungen und Signaturen als korrekt anzusehen sind, um Papieraufzeichnungen in der pharmazeutischen und medizinischen Industrie zu ersetzen. Unser System wurde entwickelt, um Unternehmen bei der Einhaltung dieser Vorschriften zu unterst\u00fctzen.<\/div>\n<\/div>\n<h2>WiFi\/Cloud:<\/h2>\n<div class=\"accordion\">\n<h2 class=\"accordion-header\">W\u00e4re das Produkt 21CFR Cloud f\u00fcr mein Unternehmen geeignet?<br \/>\n<i class=\"fas fa-chevron-circle-down\"><\/i><\/h2>\n<div class=\"accordion-content\">Das Produkt wurde f\u00fcr Unternehmen entwickelt, die ihre Papieraufzeichnungen sicher durch elektronische Mittel ersetzen m\u00f6chten, um die Bestimmungen von 21 CFR Part 11 f\u00fcr die pharmazeutische und medizinische Industrie zu erf\u00fcllen. Auch wenn Sie in der US-amerikanischen Pharma- und Medizinbranche arbeiten und mit dieser kompatibel sein m\u00f6chten, w\u00e4re die Einf\u00fchrung einer 21 CFR Cloud von Vorteil.<\/div>\n<\/div>\n<div class=\"accordion\">\n<h2 class=\"accordion-header\">Gibt es irgendwelche Apps f\u00fcr das 21CFR Part 11 WiFi System?<br \/>\n<i class=\"fas fa-chevron-circle-down\"><\/i><\/h2>\n<div class=\"accordion-content\">Um die Sicherheit des Zugriffs auf die 21CFR Cloud zu kontrollieren, wurden derzeit keine Android- oder IOS-Apps ver\u00f6ffentlicht.<\/div>\n<\/div>\n<div class=\"accordion\">\n<h2 class=\"accordion-header\">Kann ich einen Ihrer Standard-WiFi-Datenlogger mit der 21CFR Cloud verwenden?<br \/>\n<i class=\"fas fa-chevron-circle-down\"><\/i><\/h2>\n<div class=\"accordion-content\">Unsere 21 CFR WiFi-Datenlogger wurden speziell f\u00fcr die Arbeit mit der 21CFR Cloud entwickelt und hergestellt. Keiner unserer Standard-Logger kann mit der 21CFR Cloud kommunizieren und sie k\u00f6nnen nicht aufger\u00fcstet werden, um damit zu funktionieren.<\/div>\n<\/div>\n<div class=\"accordion\">\n<h2 class=\"accordion-header\">Gibt es ein &#8222;kostenloses&#8220; oder &#8222;pers\u00f6nliches&#8220; Konto f\u00fcr die 21CFR Cloud?<br \/>\n<i class=\"fas fa-chevron-circle-down\"><\/i><\/h2>\n<div class=\"accordion-content\">Aufgrund der komplexeren Verwaltung, die mit 21CFR verbunden ist, sind die Basiskonten Free und Personal, die in unserer Standard-Cloud enthalten sind, f\u00fcr die 21CFR-Verwaltung nicht geeignet. Die 21CFR Cloud ist als professioneller Service f\u00fcr Unternehmen gedacht.<\/div>\n<\/div>\n<div class=\"accordion\">\n<h2 class=\"accordion-header\">Gibt es, wie beim Standard-WiFi-Sensorsystem, eine PC-basierte Version?<br \/>\n<i class=\"fas fa-chevron-circle-down\"><\/i><\/h2>\n<div class=\"accordion-content\">Da eine Version, die auf einem lokalen PC l\u00e4uft, nicht ausreichend gesichert und kontrolliert werden kann, ist derzeit keine Version mit einem lokalen PC verf\u00fcgbar.<\/div>\n<\/div>\n<div class=\"accordion\">\n<h2 class=\"accordion-header\">Wie kann ich ein 21CFR Part 11 Professional Cloud-Konto einrichten?<br \/>\n<i class=\"fas fa-chevron-circle-down\"><\/i><\/h2>\n<div class=\"accordion-content\">Gehen Sie zum Abschnitt Software Downloads und laden Sie die neueste <span style=\"text-decoration: underline;\"><br \/>\n  <strong><br \/>\n    <a href=\"https:\/\/praxas.com\/easylog-21cfr-wifi\/\">21CFR WiFi Sensor Software herunter.<\/a><br \/>\n  <\/strong><br \/>\n<\/span> Starten Sie das Programm auf Ihrem Windows-PC, klicken Sie auf die orangefarbene Schaltfl\u00e4che Sign-Up und folgen Sie den Anweisungen auf dem Bildschirm, um ein Konto einzurichten. Sobald die Einrichtung abgeschlossen ist und Sie einen 21CFR-kompatiblen WiFi-Datenlogger haben, klicken Sie auf die Schaltfl\u00e4che &#8218;Ger\u00e4t in der Cloud einrichten&#8216; und folgen Sie den Anweisungen auf dem Bildschirm.<\/div>\n<\/div>\n<div class=\"accordion\">\n<h2 class=\"accordion-header\">Wie unterscheidet sich 21CFR von der EasyLog Cloud?<br \/>\n<i class=\"fas fa-chevron-circle-down\"><\/i><\/h2>\n<div class=\"accordion-content\">21CFR Part 11 ist eine amerikanische FDA-Verordnung, die elektronische Datens\u00e4tze f\u00fcr Lebensmittel- und Pharmahersteller regelt. 21CFR-konforme Systeme erfordern unsere 21CFR-konforme Hardware und unseren separaten 21CFR-Cloud-Service.<\/div>\n<\/div>\n<h2>USB:<\/h2>\n<div class=\"accordion\">\n<h2 class=\"accordion-header\">Mein EL-USB Logger l\u00e4sst sich nicht verbinden. Wie pr\u00fcfe und behebe ich Probleme mit dem Akku und dem Treiber?<br \/>\n<i class=\"fas fa-chevron-circle-down\"><\/i><\/h2>\n<div class=\"accordion-content\">Wir haben einen Leitfaden zu Akku- und Treiberproblemen zusammengestellt, den Sie hier finden <a href=\"\/wp-content\/uploads\/el-usb-range-includes-el-gfx-range-troubleshooting.pdf\"><br \/>\n  <strong>hier<\/strong><br \/>\n<\/a>.<\/div>\n<\/div>\n<div class=\"accordion\">\n<h2 class=\"accordion-header\">Was passiert, wenn ich meine Anmeldedaten f\u00fcr die 21CFR USB-Software vergessen habe?<br \/>\n<i class=\"fas fa-chevron-circle-down\"><\/i><\/h2>\n<div class=\"accordion-content\">Ein Administrator der Software muss Ihr Passwort \u00fcber das Men\u00fc &lt;Admin&gt; &lt;Benutzer bearbeiten&gt; zur\u00fccksetzen. Wenn Sie das n\u00e4chste Mal versuchen, sich anzumelden, werden Sie aufgefordert, ein neues Passwort einzugeben und zu best\u00e4tigen. Weitere Hinweise zur Verwendung der Software finden Sie im <a href=\"\/wp-content\/uploads\/easylog-21cfr-operation-guide_iss4.pdf\"><br \/>\n  <strong>21CFR Software-Leitfaden<\/strong><br \/>\n<\/a>.<\/div>\n<\/div>\n","protected":false},"excerpt":{"rendered":"<p>H\u00e4ufig gestellte Fragen 21CFR: WiFi\/Cloud: USB:<\/p>\n","protected":false},"author":2,"featured_media":0,"parent":25684,"menu_order":0,"comment_status":"closed","ping_status":"closed","template":"template-fullwidth.php","meta":{"_acf_changed":false,"content-type":"","_uag_custom_page_level_css":"","footnotes":""},"class_list":["post-25636","page","type-page","status-publish","hentry"],"acf":[],"spectra_custom_meta":{"hero_image":[""],"_hero_image":["field_64f1a7da7af44"],"_hero_h1":["field_64f19e1edd052"],"_hero_h2":["field_64f19e2ddd053"],"_hero_text":["field_64f19e42dd054"],"_hero_button_text":["field_64f19e4edd055"],"_hero_button_link":["field_64f19e5ddd056"],"_top_nav_excluded":[""],"_cms_nav_minihome":[""],"_wp_page_template":["template-fullwidth.php"],"_last_translation_edit_mode":["translation-editor"],"_edit_lock":["1721642114:8383"],"classic-editor-remember":["classic-editor"],"_wpml_word_count":["605"],"rank_math_title":["21CFR Datenlogger Unterst\u00fctzung | Sichere Datenlogger | Praxas"],"rank_math_description":["Bitte sehen Sie sich unsere FAQs an. Wenn Sie 21CFR-Datenlogger-Support ben\u00f6tigen, rufen Sie bitte noch heute unser Vertriebsteam an!"],"rank_math_focus_keyword":["21CFR Datenlogger Unterst\u00fctzung"],"_uag_page_assets":["a:9:{s:3:\"css\";s:0:\"\";s:2:\"js\";s:0:\"\";s:18:\"current_block_list\";a:0:{}s:8:\"uag_flag\";b:0;s:11:\"uag_version\";s:10:\"1777295789\";s:6:\"gfonts\";a:0:{}s:10:\"gfonts_url\";s:0:\"\";s:12:\"gfonts_files\";a:0:{}s:14:\"uag_faq_layout\";b:0;}"]},"uagb_featured_image_src":{"full":false,"thumbnail":false,"medium":false,"medium_large":false,"large":false,"1536x1536":false,"2048x2048":false,"crunchify-admin-post-featured-image":false,"commercegurus-pdp-large":false,"commercegurus-plp-mobile":false,"cgkit_image_swatch":false,"woocommerce_thumbnail":false,"woocommerce_single":false,"woocommerce_gallery_thumbnail":false},"uagb_author_info":{"display_name":"Andy Price","author_link":"https:\/\/praxas.com\/de\/author\/andyp\/"},"uagb_comment_info":0,"uagb_excerpt":"H\u00e4ufig gestellte Fragen 21CFR: WiFi\/Cloud: USB:","_links":{"self":[{"href":"https:\/\/praxas.com\/de\/wp-json\/wp\/v2\/pages\/25636","targetHints":{"allow":["GET"]}}],"collection":[{"href":"https:\/\/praxas.com\/de\/wp-json\/wp\/v2\/pages"}],"about":[{"href":"https:\/\/praxas.com\/de\/wp-json\/wp\/v2\/types\/page"}],"author":[{"embeddable":true,"href":"https:\/\/praxas.com\/de\/wp-json\/wp\/v2\/users\/2"}],"replies":[{"embeddable":true,"href":"https:\/\/praxas.com\/de\/wp-json\/wp\/v2\/comments?post=25636"}],"version-history":[{"count":3,"href":"https:\/\/praxas.com\/de\/wp-json\/wp\/v2\/pages\/25636\/revisions"}],"predecessor-version":[{"id":51935,"href":"https:\/\/praxas.com\/de\/wp-json\/wp\/v2\/pages\/25636\/revisions\/51935"}],"up":[{"embeddable":true,"href":"https:\/\/praxas.com\/de\/wp-json\/wp\/v2\/pages\/25684"}],"wp:attachment":[{"href":"https:\/\/praxas.com\/de\/wp-json\/wp\/v2\/media?parent=25636"}],"curies":[{"name":"wp","href":"https:\/\/api.w.org\/{rel}","templated":true}]}}