{"id":25640,"date":"2023-09-21T11:29:06","date_gmt":"2023-09-21T09:29:06","guid":{"rendered":"https:\/\/staging.praxas.com\/el-wifi-datenlogger-unterstuetzung\/"},"modified":"2025-12-22T15:36:03","modified_gmt":"2025-12-22T14:36:03","slug":"el-wifi-datenlogger-unterstuetzung","status":"publish","type":"page","link":"https:\/\/praxas.com\/de\/unterstuetzen-sie\/el-wifi-datenlogger-unterstuetzung\/","title":{"rendered":"EL-WiFi Datenlogger Unterst\u00fctzung"},"content":{"rendered":"<div class=\"accordion\">\n<h2 class=\"accordion-header\"><span class=\"ui-provider ee beg beh bei bej bek bel bem ben beo bep beq ber bes bet beu bev bew bex bey bez bfa bfb bfc bfd bfe bff bfg bfh bfi bfj bfk bfl bfm bfn\" dir=\"ltr\"> <\/span><strong>Gibt es ein Dokument, das Anleitungen zu den Netzwerkanforderungen und -einstellungen f\u00fcr die Datenerfassungssensoren von EasyLog enth\u00e4lt? <\/strong><span class=\"ui-provider ee beg beh bei bej bek bel bem ben beo bep beq ber bes bet beu bev bew bex bey bez bfa bfb bfc bfd bfe bff bfg bfh bfi bfj bfk bfl bfm bfn\" dir=\"ltr\"><\/span><strong><br \/>\n<\/strong><br \/>\n<span class=\"ui-provider ee beg beh bei bej bek bel bem ben beo bep beq ber bes bet beu bev bew bex bey bez bfa bfb bfc bfd bfe bff bfg bfh bfi bfj bfk bfl bfm bfn\" dir=\"ltr\"><br \/>\n<i class=\"fas fa-chevron-circle-down\"><\/i><\/h2>\n<div class=\"accordion-content\"><\/span>Ja, siehe dieses <a href=\"https:\/\/praxas.com\/wp-content\/uploads\/help-guide-3-network-requirements-and-settings-12-09-2022_issue-6-1.pdf\" target=\"_blank\" rel=\"noopener\">Dokument Netzwerkanforderungen und -einstellungen. <\/a><\/div>\n<\/div>\n<p><\/span><\/p>\n<p><span class=\"ui-provider ee beg beh bei bej bek bel bem ben beo bep beq ber bes bet beu bev bew bex bey bez bfa bfb bfc bfd bfe bff bfg bfh bfi bfj bfk bfl bfm bfn\" dir=\"ltr\"><\/p>\n<div class=\"accordion\">\n<h2 class=\"accordion-header\"><\/span><br \/>\n<span class=\"ui-provider ee beg beh bei bej bek bel bem ben beo bep beq ber bes bet beu bev bew bex bey bez bfa bfb bfc bfd bfe bff bfg bfh bfi bfj bfk bfl bfm bfn\" dir=\"ltr\"> <\/span><strong>Meine Ger\u00e4te kommunizieren nicht mit der EasyLog Cloud?<\/strong><br \/>\n<i class=\"fas fa-chevron-circle-down\"><\/i><\/h2>\n<div class=\"accordion-content\">Die Gr\u00fcnde daf\u00fcr, dass Ihr Ger\u00e4t Probleme mit der Kommunikation mit der Cloud hat, k\u00f6nnten sein;<\/p>\n<ul>\n<li>Es besteht ein schwaches Signal zwischen dem Ger\u00e4t und dem Router<\/li>\n<li>Der Akku Ihres Ger\u00e4ts ist schwach.<\/li>\n<li>Die SSID oder das Passwort des Routers haben sich m\u00f6glicherweise ge\u00e4ndert<\/li>\n<li>Der Router wurde vom Netz getrennt oder ausgeschaltet<\/li>\n<li>Es gibt ein signalblockierendes Hindernis wie Metall- oder Betonw\u00e4nde<\/li>\n<\/ul>\n<p>Diese Gr\u00fcnde sollten Sie bei der Ersteinrichtung Ihres Ger\u00e4ts ber\u00fccksichtigen, um bei der Kommunikation mit der Cloud den gr\u00f6\u00dftm\u00f6glichen Erfolg zu erzielen.<\/p><\/div>\n<\/div>\n<p><\/span><\/p>\n<p><span class=\"ui-provider ee beg beh bei bej bek bel bem ben beo bep beq ber bes bet beu bev bew bex bey bez bfa bfb bfc bfd bfe bff bfg bfh bfi bfj bfk bfl bfm bfn\" dir=\"ltr\"><\/p>\n<div class=\"accordion\">\n<h2 class=\"accordion-header\"><\/span><br \/>\n<span class=\"ui-provider ee beg beh bei bej bek bel bem ben beo bep beq ber bes bet beu bev bew bex bey bez bfa bfb bfc bfd bfe bff bfg bfh bfi bfj bfk bfl bfm bfn\" dir=\"ltr\"> <\/span><strong>Wie kann ich eine \u00dcbertragung von meinem Ger\u00e4t erzwingen?<\/strong> <span class=\"ui-provider ee beg beh bei bej bek bel bem ben beo bep beq ber bes bet beu bev bew bex bey bez bfa bfb bfc bfd bfe bff bfg bfh bfi bfj bfk bfl bfm bfn\" dir=\"ltr\"><\/span><br \/>\n<i class=\"fas fa-chevron-circle-down\"><\/i><\/h2>\n<div class=\"accordion-content\">EL-WIFI &#8211; Wenn der Sensor die Hauptanzeige auf dem LCD-Bildschirm anzeigt, dr\u00fccken Sie dreimal die Taste auf der Vorderseite. Die Bildschirme MAX, MIN und Signalst\u00e4rke werden schnell angezeigt. Das Ger\u00e4t wird versuchen, seine neuesten Daten sofort zu \u00fcbertragen, unabh\u00e4ngig von der eingestellten \u00dcbertragungsrate.<\/p>\n<p>EL-IOT &#8211; Sie m\u00fcssen die Haupttaste des Ger\u00e4ts 1-8 Sekunden lang gedr\u00fcckt halten. Dadurch wird ein Alarm best\u00e4tigt, ein Audit-Ereignis im Datensatz erstellt und die Datensynchronisierung mit der Cloud erzwungen.<\/p>\n<p>EL-WEM &#8211; Da das EL-WEM standardm\u00e4\u00dfig eine schnelle Aktualisierungsrate hat, gibt es keine M\u00f6glichkeit, die \u00dcbertragung mit der Cloud zu erzwingen.<\/p><\/div>\n<\/div>\n<p><\/span><\/p>\n<p><span class=\"ui-provider ee beg beh bei bej bek bel bem ben beo bep beq ber bes bet beu bev bew bex bey bez bfa bfb bfc bfd bfe bff bfg bfh bfi bfj bfk bfl bfm bfn\" dir=\"ltr\"><\/p>\n<div class=\"accordion\">\n<h2 class=\"accordion-header\"><\/span><br \/>\n<span class=\"ui-provider ee beg beh bei bej bek bel bem ben beo bep beq ber bes bet beu bev bew bex bey bez bfa bfb bfc bfd bfe bff bfg bfh bfi bfj bfk bfl bfm bfn\" dir=\"ltr\"> <\/span><strong>Wie kann ich meinen Sensor zur\u00fccksetzen?<\/strong> <span class=\"ui-provider ee beg beh bei bej bek bel bem ben beo bep beq ber bes bet beu bev bew bex bey bez bfa bfb bfc bfd bfe bff bfg bfh bfi bfj bfk bfl bfm bfn\" dir=\"ltr\"><\/span><br \/>\n<i class=\"fas fa-chevron-circle-down\"><\/i><\/h2>\n<div class=\"accordion-content\">ES WIRD EMPFOHLEN, DAS GER\u00c4T AUF IHRER EASYLOG CLOUD-GER\u00c4TE-SEITE ZU ARCHIVIEREN, BEVOR SIE EINEN WERKSRESET DURCHF\u00dcHREN.<\/p>\n<p>EL-WIFI &#8211; Das Ger\u00e4t kann zur\u00fcckgesetzt werden, indem Sie die Taste 10 Sekunden lang gedr\u00fcckt halten. Lassen Sie die Taste los, wenn RST auf dem Bildschirm erscheint. Das Ger\u00e4t beh\u00e4lt alle Einstellungen bei, verliert aber alle Daten, die nicht an die EasyLog Cloud \u00fcbertragen wurden. Es wird weiterhin mit dem Konto verbunden sein, mit dem es eingerichtet wurde, und einfach eine neue Aufnahmesitzung starten.<\/p>\n<p>Falls erforderlich, k\u00f6nnen Sie auch einen vollst\u00e4ndigen Werksreset durchf\u00fchren, indem Sie die Taste 20 Sekunden lang gedr\u00fcckt halten, bis FArS auf dem Bildschirm erscheint. Dadurch wird das Ger\u00e4t in den Werkszustand zur\u00fcckversetzt, wobei alle Einstellungen und verbleibenden Daten gel\u00f6scht werden. Das Ger\u00e4t ist nicht mehr mit einem Netzwerk oder einem EasyLog Cloud-Konto verbunden.<\/p>\n<p>EL-IOT &#8211; Um das Ger\u00e4t zur\u00fcckzusetzen, m\u00fcssen Sie die Batterieabdeckung mit einem Schraubenzieher entfernen. Nach dem Entfernen befindet sich eine Reset-Taste, die mit einem Stift gedr\u00fcckt werden kann. Halten Sie diese Taste einige Sekunden lang gedr\u00fcckt, bis das Ger\u00e4t einen Piepton abgibt.<\/p>\n<p>EL-WEM &#8211; Um das Ger\u00e4t zur\u00fcckzusetzen, befindet sich auf der Unterseite der Basis eine Reset-Taste. Dr\u00fccken Sie die Taste und lassen Sie sie nach 1 Sekunde los.<\/p>\n<p>Um das Ger\u00e4t auf die Werkseinstellungen zur\u00fcckzusetzen, halten Sie die gleiche Reset-Taste 5 Sekunden lang gedr\u00fcckt.<\/p><\/div>\n<\/div>\n<p><\/span><\/p>\n<p><span class=\"ui-provider ee beg beh bei bej bek bel bem ben beo bep beq ber bes bet beu bev bew bex bey bez bfa bfb bfc bfd bfe bff bfg bfh bfi bfj bfk bfl bfm bfn\" dir=\"ltr\"><\/p>\n<div class=\"accordion\">\n<h2 class=\"accordion-header\"><\/span><br \/>\n<span class=\"ui-provider ee beg beh bei bej bek bel bem ben beo bep beq ber bes bet beu bev bew bex bey bez bfa bfb bfc bfd bfe bff bfg bfh bfi bfj bfk bfl bfm bfn\" dir=\"ltr\"> <\/span><strong>Warum sind meine Daten verschwunden und wie kann ich sie einsehen?<\/strong><br \/>\n<i class=\"fas fa-chevron-circle-down\"><\/i><\/h2>\n<div class=\"accordion-content\">\u00d6ffnen Sie die EasyLog Cloud und gehen Sie zur Grafikansicht des Sensors, f\u00fcr den Sie die Daten anzeigen m\u00f6chten. Klicken Sie nun auf die Schaltfl\u00e4che &#8222;Sitzungen&#8220; und w\u00e4hlen Sie die Sitzung mit dem Datenbereich, den Sie sehen m\u00f6chten. Der Grund f\u00fcr neue Sitzungen wird aufgezeichnet, oft ist dies auf Zeitzonen\u00e4nderungen wie die Sommerzeit zur\u00fcckzuf\u00fchren. Auf diese Weise wird die Datenintegrit\u00e4t gewahrt.<\/p>\n<p><img loading=\"lazy\" decoding=\"async\" class=\"alignnone wp-image-10761\" src=\"https:\/\/praxas.com\/wp-content\/uploads\/EL-Cloud-View-of-Graph-300x174.png\" alt=\"EL-Cloud Ansicht der Grafik\" width=\"800\" height=\"464\" srcset=\"https:\/\/praxas.com\/wp-content\/uploads\/EL-Cloud-View-of-Graph-300x174.png 300w, https:\/\/praxas.com\/wp-content\/uploads\/EL-Cloud-View-of-Graph-768x444.png 768w, https:\/\/praxas.com\/wp-content\/uploads\/EL-Cloud-View-of-Graph-120x69.png 120w, https:\/\/praxas.com\/wp-content\/uploads\/EL-Cloud-View-of-Graph-441x255.png 441w, https:\/\/praxas.com\/wp-content\/uploads\/EL-Cloud-View-of-Graph-150x87.png 150w, https:\/\/praxas.com\/wp-content\/uploads\/EL-Cloud-View-of-Graph.png 800w\" sizes=\"auto, (max-width: 800px) 100vw, 800px\" \/><\/div>\n<\/div>\n<p><\/span><\/p>\n<p><span class=\"ui-provider ee beg beh bei bej bek bel bem ben beo bep beq ber bes bet beu bev bew bex bey bez bfa bfb bfc bfd bfe bff bfg bfh bfi bfj bfk bfl bfm bfn\" dir=\"ltr\"><\/p>\n<div class=\"accordion\">\n<h2 class=\"accordion-header\"><\/span><br \/>\n <strong>Warum l\u00e4sst sich mein Ger\u00e4t nicht mit dem drahtlosen Netzwerk verbinden? <\/strong><br \/>\n<i class=\"fas fa-chevron-circle-down\"><\/i><\/h2>\n<div class=\"accordion-content\">Sie k\u00f6nnen die folgenden Schritte durchf\u00fchren, um dieses Problem zu beheben:<\/p>\n<p>Grundlegende Checks:<\/p>\n<p>1) \u00dcberpr\u00fcfen Sie, ob das eingegebene Passwort korrekt ist.<\/p>\n<p>2) Stellen Sie sicher, dass der SSID-Name keine Leerzeichen oder andere Sonderzeichen enth\u00e4lt.<\/p>\n<p>3) \u00dcberpr\u00fcfen Sie, ob Ihr Netzwerk \u00fcber eine Internetverbindung verf\u00fcgt.<\/p>\n<p>4) Stellen Sie sicher, dass sich das Ger\u00e4t in Reichweite des Routers befindet.<\/p>\n<p>5) Ein 2.4GHz Netzwerk, das 802.11b, g oder n unterst\u00fctzt, ist erforderlich. 5GHz-Netzwerke werden nicht unterst\u00fctzt.<\/p>\n<p>Erweiterte Netzwerk\u00fcberpr\u00fcfungen:<\/p>\n<p>6) TCP Port 14354 ist f\u00fcr den ausgehenden Datenverkehr in Ihrem Netzwerk und Ihrer Firewall ge\u00f6ffnet.<\/p>\n<p>7) Vergewissern Sie sich, dass die MAC-Filterung nicht eingeschaltet ist, oder dass die MAC-Adresse des Ger\u00e4ts in der Liste der bekannten Ger\u00e4te enthalten ist, wenn sie eingeschaltet ist.<\/p>\n<p>8) \u00dcberpr\u00fcfen Sie, ob der DHCP-Dienst l\u00e4uft. Dadurch kann dem Ger\u00e4t eine IP-Adresse zugewiesen werden. Normalerweise l\u00e4uft der DHCP-Dienst entweder in Ihrem Router oder auf einem Netzwerkserver. Vergewissern Sie sich, dass der konfigurierte DHCP-IP-Adressbereich das Hinzuf\u00fcgen neuer Ger\u00e4te erlaubt, wenn nicht, erweitern Sie den Bereich.<\/p>\n<p>9) Wenn Ihr drahtloses Netzwerk die WPA-Enterprise-Authentifizierung verwendet, vergewissern Sie sich, dass Sie bei der Einrichtung den richtigen Authentifizierungstyp aus dem Dropdown-Feld ausgew\u00e4hlt haben. Es werden nur die aufgef\u00fchrten Typen unterst\u00fctzt.<\/p><\/div>\n<\/div>\n<p><\/span><\/p>\n<p><span class=\"ui-provider ee beg beh bei bej bek bel bem ben beo bep beq ber bes bet beu bev bew bex bey bez bfa bfb bfc bfd bfe bff bfg bfh bfi bfj bfk bfl bfm bfn\" dir=\"ltr\"><\/p>\n<div class=\"accordion\">\n<h2 class=\"accordion-header\"><\/span><br \/>\n <strong>Welche Akkulaufzeit kann ich von meinem Ger\u00e4t erwarten, und werde ich meine Daten verlieren, wenn der Akku leer ist?<\/strong><br \/>\n<i class=\"fas fa-chevron-circle-down\"><\/i><\/h2>\n<div class=\"accordion-content\">Es gibt mehrere Faktoren, die sich erheblich auf die Akkulaufzeit des Ger\u00e4ts auswirken k\u00f6nnen. Dazu geh\u00f6ren: Synchronisierungszeitplan, Wi-Fi-Verschl\u00fcsselungsmethode, Rotationsfrequenz des Wi-Fi-Verschl\u00fcsselungsschl\u00fcssels (vom Zugangspunkt oder Router festgelegt), Signalst\u00e4rke zwischen Zugangspunkt oder Router und Ger\u00e4t, Umfang und Art des Wi-Fi-Verkehrs von anderen Ger\u00e4ten, Abtastrate und Betriebstemperatur. In unseren Tests erreichen wir regelm\u00e4\u00dfig eine Akkulaufzeit von mehr als sechs Monaten mit einer \u00dcbertragungsrate von einer Stunde oder mehr bei Umgebungstemperaturen. Das Ger\u00e4t nimmt keine Messwerte auf, wenn kein Strom vorhanden ist, aber alle Messwerte, die vor dem Stromausfall aufgenommen wurden, werden synchronisiert. Sobald das Ger\u00e4t wieder aufgeladen ist, verbindet es sich erneut mit der EasyLog Cloud, startet eine neue Aufzeichnungssitzung und setzt die Aufzeichnung fort.<\/p>\n<p>EL-WIFI &#8211; Die Batterie in diesem Ger\u00e4t ist wiederaufladbar und h\u00e4lt in der Regel 6 Monate. Sie k\u00f6nnen das Ger\u00e4t auch \u00fcber eine Netzsteckdose mit Strom versorgen.<\/p>\n<p>EL-IOT &#8211; Die Batterien halten in der Regel mehr als ein Jahr. Das Ger\u00e4t ben\u00f6tigt 4 x AA 1,5V Batterien<\/p>\n<p>EL-WEM &#8211; Dieses Ger\u00e4t muss immer an das Stromnetz angeschlossen sein.<\/p><\/div>\n<\/div>\n<p><\/span><\/p>\n<p><span class=\"ui-provider ee beg beh bei bej bek bel bem ben beo bep beq ber bes bet beu bev bew bex bey bez bfa bfb bfc bfd bfe bff bfg bfh bfi bfj bfk bfl bfm bfn\" dir=\"ltr\"><\/p>\n<div class=\"accordion\">\n<h2 class=\"accordion-header\"><\/span><br \/>\n <strong>Wie kann ich ein Ger\u00e4t archivieren oder l\u00f6schen?<\/strong> <span class=\"ui-provider ee beg beh bei bej bek bel bem ben beo bep beq ber bes bet beu bev bew bex bey bez bfa bfb bfc bfd bfe bff bfg bfh bfi bfj bfk bfl bfm bfn\" dir=\"ltr\"><\/span><br \/>\n<i class=\"fas fa-chevron-circle-down\"><\/i><\/h2>\n<div class=\"accordion-content\">W\u00e4hlen Sie das\/die Ger\u00e4t(e) und klicken Sie auf die Men\u00fcschaltfl\u00e4che oben rechts auf der Seite Ger\u00e4te. Dieses Men\u00fc enth\u00e4lt die Optionen zum Archivieren und L\u00f6schen eines Ger\u00e4ts.<\/div>\n<\/div>\n<p><\/span><\/p>\n<p><span class=\"ui-provider ee beg beh bei bej bek bel bem ben beo bep beq ber bes bet beu bev bew bex bey bez bfa bfb bfc bfd bfe bff bfg bfh bfi bfj bfk bfl bfm bfn\" dir=\"ltr\"><\/p>\n<div class=\"accordion\">\n<h2 class=\"accordion-header\"><\/span><br \/>\n <strong>Wie unterscheidet sich 21CFR von der EasyLog Cloud?<\/strong><br \/>\n<i class=\"fas fa-chevron-circle-down\"><\/i><\/h2>\n<div class=\"accordion-content\">21CFR Part 11 ist eine amerikanische FDA-Verordnung, die elektronische Datens\u00e4tze f\u00fcr Lebensmittel- und Pharmahersteller regelt. 21CFR-konforme Systeme erfordern unsere 21CFR-konforme Hardware und unseren separaten 21CFR-Cloud-Service.<\/div>\n<\/div>\n<p><\/span><\/p>\n<p><span class=\"ui-provider ee beg beh bei bej bek bel bem ben beo bep beq ber bes bet beu bev bew bex bey bez bfa bfb bfc bfd bfe bff bfg bfh bfi bfj bfk bfl bfm bfn\" dir=\"ltr\"><\/p>\n<div class=\"accordion\">\n<h2 class=\"accordion-header\"><\/span><br \/>\n <strong>Wie funktioniert das EasyLog Cloud Abonnement?<\/strong><br \/>\n<i class=\"fas fa-chevron-circle-down\"><\/i><\/h2>\n<div class=\"accordion-content\">Bitte besuchen Sie die Anmeldeseite, auf der Sie die Schieberegler bewegen k\u00f6nnen, um die verschiedenen Funktionen auszuw\u00e4hlen, die Sie ben\u00f6tigen. Sie k\u00f6nnen sich per Karte f\u00fcr eine automatische monatliche Abrechnung anmelden, oder Unternehmen k\u00f6nnen sich f\u00fcr l\u00e4ngerfristige Abonnements an ihr lokales Vertriebsb\u00fcro wenden. <a href=\"https:\/\/www.easylogcloud.com\/accounttype.aspx\" target=\"_blank\" rel=\"noopener\">https:\/\/www.easylogcloud.com\/accounttype.aspx<\/a><\/div>\n<\/div>\n<p><\/span><\/p>\n<p><span class=\"ui-provider ee beg beh bei bej bek bel bem ben beo bep beq ber bes bet beu bev bew bex bey bez bfa bfb bfc bfd bfe bff bfg bfh bfi bfj bfk bfl bfm bfn\" dir=\"ltr\"><\/p>\n<div class=\"accordion\">\n<h2 class=\"accordion-header\"><\/span><br \/>\n <strong>Warum erhalte ich keine E-Mails f\u00fcr meine Cloud-Benachrichtigungen?<\/strong><br \/>\n<i class=\"fas fa-chevron-circle-down\"><\/i><\/h2>\n<div class=\"accordion-content\">Wenn Sie keine E-Mail-Benachrichtigungen f\u00fcr Cloud-Benachrichtigungen erhalten, kann das daran liegen, dass Sie keine Benachrichtigungen erhalten;<\/p>\n<ul>\n<li>Sie haben sich m\u00f6glicherweise von der Mailingliste abgemeldet. Sie k\u00f6nnen dies auf der Seite des Cloud-Kontos zur\u00fccksetzen oder indem Sie uns \u00fcber die Support-Seite kontaktieren.<\/li>\n<li>Es kann sein, dass Ihr Unternehmen unsere E-Mail-Adresse im Rahmen seiner Richtlinien im System blockiert hat. M\u00f6glicherweise m\u00fcssen Sie um Erlaubnis bitten, die E-Mails empfangen zu d\u00fcrfen.<\/li>\n<li>M\u00f6glicherweise haben Sie die E-Mail-Benachrichtigungen nicht richtig eingerichtet. Bitte sehen Sie sich diese Anleitung zum Einrichten von Benachrichtigungen an &#8211; <a href=\"https:\/\/youtu.be\/bSCzU2txTIo\" target=\"_blank\" rel=\"noopener\"><br \/>\n<strong>https:\/\/youtu.be\/bSCzU2txTIo<\/strong><br \/>\n<\/a><\/li>\n<\/ul>\n<\/div>\n<\/div>\n<p><\/span><\/p>\n<p><span class=\"ui-provider ee beg beh bei bej bek bel bem ben beo bep beq ber bes bet beu bev bew bex bey bez bfa bfb bfc bfd bfe bff bfg bfh bfi bfj bfk bfl bfm bfn\" dir=\"ltr\"><\/p>\n<div class=\"accordion\">\n<h2 class=\"accordion-header\"><\/span><br \/>\n <strong>Warum sind einige meiner Registerkarten in den Kontoeinstellungen ausgegraut und unzug\u00e4nglich?<\/strong><br \/>\n<i class=\"fas fa-chevron-circle-down\"><\/i><\/h2>\n<div class=\"accordion-content\">Wenn Sie Probleme haben, auf die ausgegrauten Registerkarten zuzugreifen, versuchen Sie bitte, die Zoomstufe Ihres Browsers zu verringern. Dies k\u00f6nnen Sie mit Strg &#8211; oder Strg &amp; Mausrad tun. Auf mobilen Ger\u00e4ten k\u00f6nnen diese aufgrund der Bildschirmgr\u00f6\u00dfe unzug\u00e4nglich sein.<\/div>\n<\/div>\n<p><\/span><\/p>\n","protected":false},"excerpt":{"rendered":"","protected":false},"author":2,"featured_media":0,"parent":25684,"menu_order":0,"comment_status":"closed","ping_status":"closed","template":"template-fullwidth.php","meta":{"_acf_changed":false,"content-type":"","_uag_custom_page_level_css":"","footnotes":""},"class_list":["post-25640","page","type-page","status-publish","hentry"],"acf":[],"spectra_custom_meta":{"hero_image":[""],"_hero_image":["field_64f1a7da7af44"],"_hero_h1":["field_64f19e1edd052"],"_hero_h2":["field_64f19e2ddd053"],"_hero_text":["field_64f19e42dd054"],"_hero_button_text":["field_64f19e4edd055"],"_hero_button_link":["field_64f19e5ddd056"],"_top_nav_excluded":[""],"_cms_nav_minihome":[""],"_wp_page_template":["template-fullwidth.php"],"_last_translation_edit_mode":["native-editor"],"rank_math_og_content_image":["a:2:{s:5:\"check\";s:32:\"65b615f91f022fb0f9698017c32fd7e0\";s:6:\"images\";a:1:{i:0;i:10761;}}"],"_edit_lock":["1766414029:8383"],"classic-editor-remember":["classic-editor"],"rank_math_seo_score":["64"],"_edit_last":["8383"],"hero_h1":[""],"hero_h2":[""],"hero_text":[""],"hero_button_text":[""],"hero_button_link":[""],"_wpml_media_duplicate":["1"],"_wpml_media_featured":["1"],"_wpml_word_count":["1493"],"rank_math_title":["EL-WiFi Unterst\u00fctzung | WiFi Data Logger | Praxas"],"rank_math_description":["Wenn Sie Unterst\u00fctzung f\u00fcr Ihre WiFi-Datenlogger ben\u00f6tigen, besuchen Sie unsere WiFI-Datenlogger-Supportseite oder kontaktieren Sie Praxas noch heute!"],"rank_math_focus_keyword":["Unterst\u00fctzung"],"rank_math_contentai_score":["a:5:{s:8:\"keywords\";s:5:\"74.51\";s:9:\"wordCount\";s:1:\"0\";s:9:\"linkCount\";s:1:\"0\";s:12:\"headingCount\";s:1:\"0\";s:10:\"mediaCount\";s:1:\"0\";}"],"rank_math_rich_snippet":["off"],"rank_math_analytic_object_id":["1290"],"_uag_page_assets":["a:9:{s:3:\"css\";s:0:\"\";s:2:\"js\";s:0:\"\";s:18:\"current_block_list\";a:0:{}s:8:\"uag_flag\";b:0;s:11:\"uag_version\";s:10:\"1775742760\";s:6:\"gfonts\";a:0:{}s:10:\"gfonts_url\";s:0:\"\";s:12:\"gfonts_files\";a:0:{}s:14:\"uag_faq_layout\";b:0;}"]},"uagb_featured_image_src":{"full":false,"thumbnail":false,"medium":false,"medium_large":false,"large":false,"1536x1536":false,"2048x2048":false,"crunchify-admin-post-featured-image":false,"commercegurus-pdp-large":false,"commercegurus-plp-mobile":false,"cgkit_image_swatch":false,"woocommerce_thumbnail":false,"woocommerce_single":false,"woocommerce_gallery_thumbnail":false},"uagb_author_info":{"display_name":"Andy Price","author_link":"https:\/\/praxas.com\/de\/author\/andyp\/"},"uagb_comment_info":0,"uagb_excerpt":null,"_links":{"self":[{"href":"https:\/\/praxas.com\/de\/wp-json\/wp\/v2\/pages\/25640","targetHints":{"allow":["GET"]}}],"collection":[{"href":"https:\/\/praxas.com\/de\/wp-json\/wp\/v2\/pages"}],"about":[{"href":"https:\/\/praxas.com\/de\/wp-json\/wp\/v2\/types\/page"}],"author":[{"embeddable":true,"href":"https:\/\/praxas.com\/de\/wp-json\/wp\/v2\/users\/2"}],"replies":[{"embeddable":true,"href":"https:\/\/praxas.com\/de\/wp-json\/wp\/v2\/comments?post=25640"}],"version-history":[{"count":13,"href":"https:\/\/praxas.com\/de\/wp-json\/wp\/v2\/pages\/25640\/revisions"}],"predecessor-version":[{"id":57847,"href":"https:\/\/praxas.com\/de\/wp-json\/wp\/v2\/pages\/25640\/revisions\/57847"}],"up":[{"embeddable":true,"href":"https:\/\/praxas.com\/de\/wp-json\/wp\/v2\/pages\/25684"}],"wp:attachment":[{"href":"https:\/\/praxas.com\/de\/wp-json\/wp\/v2\/media?parent=25640"}],"curies":[{"name":"wp","href":"https:\/\/api.w.org\/{rel}","templated":true}]}}