{"id":25642,"date":"2023-09-21T11:28:08","date_gmt":"2023-09-21T11:28:08","guid":{"rendered":"https:\/\/staging.praxas.com\/unterstuetzung-fuer-kuehlketten-datenlogger\/"},"modified":"2025-06-20T09:44:26","modified_gmt":"2025-06-20T09:44:26","slug":"unterstuetzung-fuer-kuehlketten-datenlogger","status":"publish","type":"page","link":"https:\/\/praxas.com\/de\/unterstuetzen-sie\/unterstuetzung-fuer-kuehlketten-datenlogger\/","title":{"rendered":"Unterst\u00fctzung f\u00fcr K\u00fchlketten-Datenlogger"},"content":{"rendered":"<h2><strong>H\u00e4ufig gestellte Fragen<\/strong><\/h2>\n<p><span class=\"ui-provider azr azs azt azu azv azw azx azy azz baa bab bac bae baf bag bah bai baj bak bal bam ban bao bap baq bar bas bat bau bav baw bax bay baz bba\" dir=\"ltr\"><\/p>\n<div class=\"accordion\">\n<h2 class=\"accordion-header\">Ist mein CC-2 Logger wasserdicht?<br \/>\n<i class=\"fas fa-chevron-circle-down\"><\/i><\/h2>\n<div class=\"accordion-content\">Sie befindet sich in einer IP67-zertifizierten Kunststoffh\u00fclle, d.h. sie ist wasserdicht, bis Sie das Siegel der H\u00fclle brechen.<\/div>\n<\/div>\n<p><\/span><\/p>\n<p><span class=\"ui-provider azr azs azt azu azv azw azx azy azz baa bab bac bae baf bag bah bai baj bak bal bam ban bao bap baq bar bas bat bau bav baw bax bay baz bba\" dir=\"ltr\"><\/p>\n<div class=\"accordion\">\n<h2 class=\"accordion-header\">Kann ich die Alarmstufen auf meinem CC-2 Logger \u00e4ndern?<br \/>\n<i class=\"fas fa-chevron-circle-down\"><\/i><\/h2>\n<div class=\"accordion-content\">Nein, die Alarmstufen sind voreingestellt und k\u00f6nnen nicht ge\u00e4ndert werden. Lascar kann diesen Logger jedoch auf Wunsch auch kundenspezifisch konfigurieren, wobei die Alarme f\u00fcr hohe und niedrige Temperatur und Luftfeuchtigkeit nach Ihren W\u00fcnschen eingestellt werden. Bitte kontaktieren Sie das <a href=\"https:\/\/lascarelectronics.com\/contact-us\/\" target=\"_blank\" rel=\"noopener\">Vertriebsteam<\/a>, wenn Sie daran interessiert sind.<\/div>\n<\/div>\n<p><\/span><\/p>\n<p><span class=\"ui-provider azr azs azt azu azv azw azx azy azz baa bab bac bae baf bag bah bai baj bak bal bam ban bao bap baq bar bas bat bau bav baw bax bay baz bba\" dir=\"ltr\"><\/p>\n<div class=\"accordion\">\n<h2 class=\"accordion-header\">Wie schalte ich meinen CC-2 Logger aus?<br \/>\n<i class=\"fas fa-chevron-circle-down\"><\/i><\/h2>\n<div class=\"accordion-content\">Es ist nicht m\u00f6glich, den Logger vollst\u00e4ndig auszuschalten, aber Sie k\u00f6nnen die Aufzeichnung stoppen, indem Sie die Taste Start\/Stop dr\u00fccken.<\/div>\n<\/div>\n<p><\/span><\/p>\n<p><span class=\"ui-provider azr azs azt azu azv azw azx azy azz baa bab bac bae baf bag bah bai baj bak bal bam ban bao bap baq bar bas bat bau bav baw bax bay baz bba\" dir=\"ltr\"><\/p>\n<div class=\"accordion\">\n<h2 class=\"accordion-header\">Gibt es auf meinem CC-2 Logger Alarme f\u00fcr die Luftfeuchtigkeit?<br \/>\n<i class=\"fas fa-chevron-circle-down\"><\/i><\/h2>\n<div class=\"accordion-content\">Nein, bei den Standardmodellen werden die Alarmstufen nur f\u00fcr die Temperatur eingestellt, aber der Logger zeichnet sowohl Temperatur- als auch Feuchtigkeitsdaten auf. Beachten Sie jedoch, dass Lascar kundenspezifische Versionen dieses Loggers anbieten kann, bei denen sowohl der Temperatur- als auch der Luftfeuchtigkeitsalarm nach Ihren Vorgaben eingestellt werden. Bitte kontaktieren Sie unser <a href=\"https:\/\/lascarelectronics.com\/contact-us\/\" target=\"_blank\" rel=\"noopener\">Verkaufsteam<\/a>, wenn Sie daran interessiert sind.<\/div>\n<\/div>\n<p><\/span><\/p>\n<p><span class=\"ui-provider azr azs azt azu azv azw azx azy azz baa bab bac bae baf bag bah bai baj bak bal bam ban bao bap baq bar bas bat bau bav baw bax bay baz bba\" dir=\"ltr\"><\/p>\n<div class=\"accordion\">\n<h2 class=\"accordion-header\">Woran kann ich erkennen, dass mein CC-2 Logger normal l\u00e4uft?<br \/>\n<i class=\"fas fa-chevron-circle-down\"><\/i><\/h2>\n<div class=\"accordion-content\">Sie k\u00f6nnen Statusinformationen \u00fcber den Logger erhalten, indem Sie die rot-wei\u00dfe kreisf\u00f6rmige Taste dr\u00fccken, woraufhin eine LED-Anzeige blinkt. Bitte lesen Sie die <span style=\"text-decoration: underline;\"><br \/>\n  <strong><br \/>\n    <a href=\"\/wp-content\/uploads\/easylog_cc-2_quick-start-guide_v1_07-17.pdf\">Schnellstart-Anleitung<\/a><br \/>\n  <\/strong><br \/>\n<\/span> um zu erfahren, was die Blinkzeichen bedeuten.<\/div>\n<\/div>\n<p><\/span><\/p>\n<p><span class=\"ui-provider azr azs azt azu azv azw azx azy azz baa bab bac bae baf bag bah bai baj bak bal bam ban bao bap baq bar bas bat bau bav baw bax bay baz bba\" dir=\"ltr\"><\/p>\n<div class=\"accordion\">\n<h2 class=\"accordion-header\">Wie konfiguriere ich meinen CC-2 Logger?<br \/>\n<i class=\"fas fa-chevron-circle-down\"><\/i><\/h2>\n<div class=\"accordion-content\">Das Ger\u00e4t ist mit Temperaturalarmen vorkonfiguriert. Sie m\u00fcssen nur die rot-wei\u00dfe kreisf\u00f6rmige Taste dr\u00fccken, um die Aufzeichnung von Temperatur und Luftfeuchtigkeit zu starten.<\/div>\n<\/div>\n<p><\/span><\/p>\n<p>&nbsp;<\/p>\n","protected":false},"excerpt":{"rendered":"<p>H\u00e4ufig gestellte Fragen &nbsp;<\/p>\n","protected":false},"author":2,"featured_media":0,"parent":25684,"menu_order":0,"comment_status":"closed","ping_status":"closed","template":"template-fullwidth.php","meta":{"_acf_changed":false,"content-type":"","_uag_custom_page_level_css":"","footnotes":""},"class_list":["post-25642","page","type-page","status-publish","hentry"],"acf":[],"spectra_custom_meta":{"hero_image":[""],"_hero_image":["field_64f1a7da7af44"],"_hero_h1":["field_64f19e1edd052"],"_hero_h2":["field_64f19e2ddd053"],"_hero_text":["field_64f19e42dd054"],"_hero_button_text":["field_64f19e4edd055"],"_hero_button_link":["field_64f19e5ddd056"],"_top_nav_excluded":[""],"_cms_nav_minihome":[""],"_wp_page_template":["template-fullwidth.php"],"_last_translation_edit_mode":["translation-editor"],"_edit_lock":["1721642248:8383"],"classic-editor-remember":["classic-editor"],"rank_math_title":["Unterst\u00fctzung f\u00fcr K\u00fchlketten-Datenlogger | EL-CC und EL-PDF | Lascar"],"rank_math_description":["Wenn Sie Unterst\u00fctzung f\u00fcr K\u00fchlketten-Datenlogger ben\u00f6tigen, dann scheuen Sie sich nicht, unser Vertriebsteam noch heute zu kontaktieren! Oder Sie k\u00f6nnen sich eine Reihe von FAQs auf unserer Website ansehen"],"rank_math_focus_keyword":["Unterst\u00fctzung f\u00fcr K\u00fchlketten-Datenlogger"],"_wpml_word_count":["322"],"_uag_page_assets":["a:9:{s:3:\"css\";s:0:\"\";s:2:\"js\";s:0:\"\";s:18:\"current_block_list\";a:0:{}s:8:\"uag_flag\";b:0;s:11:\"uag_version\";s:10:\"1776966156\";s:6:\"gfonts\";a:0:{}s:10:\"gfonts_url\";s:0:\"\";s:12:\"gfonts_files\";a:0:{}s:14:\"uag_faq_layout\";b:0;}"]},"uagb_featured_image_src":{"full":false,"thumbnail":false,"medium":false,"medium_large":false,"large":false,"1536x1536":false,"2048x2048":false,"crunchify-admin-post-featured-image":false,"commercegurus-pdp-large":false,"commercegurus-plp-mobile":false,"cgkit_image_swatch":false,"woocommerce_thumbnail":false,"woocommerce_single":false,"woocommerce_gallery_thumbnail":false},"uagb_author_info":{"display_name":"Andy Price","author_link":"https:\/\/praxas.com\/de\/author\/andyp\/"},"uagb_comment_info":0,"uagb_excerpt":"H\u00e4ufig gestellte Fragen &nbsp;","_links":{"self":[{"href":"https:\/\/praxas.com\/de\/wp-json\/wp\/v2\/pages\/25642","targetHints":{"allow":["GET"]}}],"collection":[{"href":"https:\/\/praxas.com\/de\/wp-json\/wp\/v2\/pages"}],"about":[{"href":"https:\/\/praxas.com\/de\/wp-json\/wp\/v2\/types\/page"}],"author":[{"embeddable":true,"href":"https:\/\/praxas.com\/de\/wp-json\/wp\/v2\/users\/2"}],"replies":[{"embeddable":true,"href":"https:\/\/praxas.com\/de\/wp-json\/wp\/v2\/comments?post=25642"}],"version-history":[{"count":1,"href":"https:\/\/praxas.com\/de\/wp-json\/wp\/v2\/pages\/25642\/revisions"}],"predecessor-version":[{"id":25686,"href":"https:\/\/praxas.com\/de\/wp-json\/wp\/v2\/pages\/25642\/revisions\/25686"}],"up":[{"embeddable":true,"href":"https:\/\/praxas.com\/de\/wp-json\/wp\/v2\/pages\/25684"}],"wp:attachment":[{"href":"https:\/\/praxas.com\/de\/wp-json\/wp\/v2\/media?parent=25642"}],"curies":[{"name":"wp","href":"https:\/\/api.w.org\/{rel}","templated":true}]}}