{"id":25644,"date":"2023-09-21T11:27:16","date_gmt":"2023-09-21T11:27:16","guid":{"rendered":"https:\/\/staging.praxas.com\/el-usb-datenlogger-unterstuetzung\/"},"modified":"2025-06-20T09:44:33","modified_gmt":"2025-06-20T09:44:33","slug":"el-usb-datenlogger-unterstuetzung","status":"publish","type":"page","link":"https:\/\/praxas.com\/de\/unterstuetzen-sie\/el-usb-datenlogger-unterstuetzung\/","title":{"rendered":"EL-USB Datenlogger Unterst\u00fctzung"},"content":{"rendered":"<div class=\"accordion\">\n<h2 class=\"accordion-header\"><strong>Wie installiere ich manuell Treiber f\u00fcr meinen EasyLog USB-Datenlogger? <\/strong><strong><br \/>\n<\/strong><br \/>\n<i class=\"fas fa-chevron-circle-down\"><\/i><\/h2>\n<div class=\"accordion-content\">Wenn Sie die Treiber f\u00fcr Ihren USB-Datenlogger manuell installieren m\u00fcssen, klicken Sie bitte <span style=\"text-decoration: underline;\"><a href=\"\/wp-content\/uploads\/easylog_usb-manual-driver-install.pdf\"><strong>hier klicken<\/strong><\/a><\/span> f\u00fcr Anweisungen, die auf Ihrem individuellen Betriebssystem basieren.<\/div>\n<\/div>\n<div class=\"accordion\">\n<h2 class=\"accordion-header\"><strong>Wie tausche ich die Batterie in meinem Logger aus?  <\/strong><strong><br \/>\n<\/strong><br \/>\n<i class=\"fas fa-chevron-circle-down\"><\/i><\/h2>\n<div class=\"accordion-content\">\n<ul>\n<li>EL-USB Reichweite<br \/>\nIhr Datenlogger ist mit einer<span style=\"text-decoration: underline;\"> <a href=\"https:\/\/praxas.com\/de\/product\/datenlogger\/zubehor\/bat-3v6-1-2aa\/\"><strong>3,6V 1\/2AA Batterie<\/strong><\/a><\/span> bereits installiert. Sie k\u00f6nnen die Batterie wechseln, indem Sie die folgenden Anweisungen befolgen.<img loading=\"lazy\" decoding=\"async\" class=\"alignnone wp-image-10717\" src=\"https:\/\/praxas.com\/wp-content\/uploads\/el-usb-batteryreplacement-300x90.png\" alt=\"El USB Batteriewechsel\" width=\"702\" height=\"211\" srcset=\"https:\/\/praxas.com\/wp-content\/uploads\/el-usb-batteryreplacement-300x90.png 300w, https:\/\/praxas.com\/wp-content\/uploads\/el-usb-batteryreplacement-768x231.png 768w, https:\/\/praxas.com\/wp-content\/uploads\/el-usb-batteryreplacement-120x36.png 120w, https:\/\/praxas.com\/wp-content\/uploads\/el-usb-batteryreplacement-441x133.png 441w, https:\/\/praxas.com\/wp-content\/uploads\/el-usb-batteryreplacement-150x45.png 150w, https:\/\/praxas.com\/wp-content\/uploads\/el-usb-batteryreplacement.png 800w\" sizes=\"auto, (max-width: 702px) 100vw, 702px\" \/><\/li>\n<li>EL-CC-1 \/ EL-CC-2 \/ EL-PDF-1 Baureihen<\/li>\n<\/ul>\n<p>Diese Ger\u00e4te sind versiegelt und die Batterien sind nicht austauschbar. Wenn Ihre Batterie leer ist, m\u00fcssen Sie ein Ersatzprodukt kaufen.<\/p>\n<ul>\n<li>EL-GFX Reihe<\/li>\n<\/ul>\n<p>Beim Auswechseln der beiden <span style=\"text-decoration: underline;\"><strong><a href=\"https:\/\/praxas.com\/de\/product\/datenlogger\/zubehor\/bat-3v6-1-2aa\/\">3,6V 1\/2AA-Batterien<\/a><\/strong><\/span>l\u00f6sen Sie die beiden Schrauben an der Unterseite des Ger\u00e4ts. Entfernen Sie den unteren Teil des Geh\u00e4uses, um den Akkuschacht freizulegen. Entfernen Sie die alten Batterien und legen Sie die neuen Batterien ein. Setzen Sie das untere Geh\u00e4use wieder auf und ziehen Sie die Schrauben fest.<\/p>\n<p><img loading=\"lazy\" decoding=\"async\" class=\"alignnone size-full wp-image-10722\" src=\"https:\/\/praxas.com\/wp-content\/uploads\/el-gfx-batteryreplacement.png\" alt=\"EL GFX Batteriewechsel\" width=\"199\" height=\"199\" srcset=\"https:\/\/praxas.com\/wp-content\/uploads\/el-gfx-batteryreplacement.png 199w, https:\/\/praxas.com\/wp-content\/uploads\/el-gfx-batteryreplacement-150x150.png 150w, https:\/\/praxas.com\/wp-content\/uploads\/el-gfx-batteryreplacement-120x120.png 120w, https:\/\/praxas.com\/wp-content\/uploads\/el-gfx-batteryreplacement-100x100.png 100w\" sizes=\"auto, (max-width: 199px) 100vw, 199px\" \/><\/p>\n<ul>\n<li>EL-USB-LITE<\/li>\n<\/ul>\n<p>Nehmen Sie den Deckel vom Logger ab und entfernen Sie die Schraube auf der gegen\u00fcberliegenden Seite des Loggers. Trennen Sie vorsichtig die beiden Formteile und nehmen Sie die Batterie aus der Metallhalterung. Ersetzen Sie die Batterie durch eine <strong><a href=\"https:\/\/praxas.com\/de\/product\/datenlogger\/zubehor\/bat-3vx5\/\"><span style=\"text-decoration: underline;\">BAT 3VX5<\/span>.<\/a><\/strong><\/p>\n<p><img loading=\"lazy\" decoding=\"async\" class=\"alignnone wp-image-10724\" src=\"https:\/\/praxas.com\/wp-content\/uploads\/el-usb-lite-batteryreplacement-300x77.png\" alt=\"EL USB Lite Batteriewechsel\" width=\"656\" height=\"168\" srcset=\"https:\/\/praxas.com\/wp-content\/uploads\/el-usb-lite-batteryreplacement-300x77.png 300w, https:\/\/praxas.com\/wp-content\/uploads\/el-usb-lite-batteryreplacement-768x197.png 768w, https:\/\/praxas.com\/wp-content\/uploads\/el-usb-lite-batteryreplacement-120x31.png 120w, https:\/\/praxas.com\/wp-content\/uploads\/el-usb-lite-batteryreplacement-441x113.png 441w, https:\/\/praxas.com\/wp-content\/uploads\/el-usb-lite-batteryreplacement-150x38.png 150w, https:\/\/praxas.com\/wp-content\/uploads\/el-usb-lite-batteryreplacement.png 801w\" sizes=\"auto, (max-width: 656px) 100vw, 656px\" \/><\/p>\n<ul>\n<li>EL-USB-1-PRO<\/li>\n<\/ul>\n<p>Entfernen Sie die Batterieabdeckung mit einer kleinen M\u00fcnze oder etwas \u00c4hnlichem und lassen Sie die Batterie herausgleiten. Ersetzen Sie die Batterie durch eine <span style=\"text-decoration: underline;\"><strong><a href=\"https:\/\/praxas.com\/it\/product\/registratori-di-dati\/accessori\/bat-3v6-2-3aa-h-temp\/\">BATT 3V6 2\/3AA<\/a><\/strong><\/span> H TEMPund schrauben Sie dann den Batteriefachdeckel wieder ein. Bitte beachten Sie, dass es sich um eine spezielle Batterie handelt, die den Betrieb des Loggers bei hohen Temperaturen erm\u00f6glicht. Die Verwendung ungeeigneter Batterien kann bei hohen Temperaturen zu Br\u00e4nden oder Explosionen f\u00fchren.<\/p>\n<p><img loading=\"lazy\" decoding=\"async\" class=\"alignnone wp-image-10727\" src=\"https:\/\/praxas.com\/wp-content\/uploads\/el-usb-pro-batteryreplacement-300x77.png\" alt=\"EL USB pro Batteriewechsel  \" width=\"647\" height=\"166\" srcset=\"https:\/\/praxas.com\/wp-content\/uploads\/el-usb-pro-batteryreplacement-300x77.png 300w, https:\/\/praxas.com\/wp-content\/uploads\/el-usb-pro-batteryreplacement-768x196.png 768w, https:\/\/praxas.com\/wp-content\/uploads\/el-usb-pro-batteryreplacement-120x31.png 120w, https:\/\/praxas.com\/wp-content\/uploads\/el-usb-pro-batteryreplacement-441x113.png 441w, https:\/\/praxas.com\/wp-content\/uploads\/el-usb-pro-batteryreplacement-150x38.png 150w, https:\/\/praxas.com\/wp-content\/uploads\/el-usb-pro-batteryreplacement.png 799w\" sizes=\"auto, (max-width: 647px) 100vw, 647px\" \/><\/p>\n<ul>\n<li>EL-USB-ACT<\/li>\n<\/ul>\n<p>Der EL-USB-ACT wird mit zwei AA-Batterien geliefert. Um das Ger\u00e4t in Betrieb zu nehmen, m\u00fcssen Sie die Batterielasche wie unten gezeigt entfernen. Wenn Sie die Batterien austauschen m\u00f6chten, l\u00f6sen Sie einfach die Schraube auf der R\u00fcckseite des Ger\u00e4ts und ersetzen Sie sie durch zwei zus\u00e4tzliche AA-Batterien.<\/p>\n<p><img loading=\"lazy\" decoding=\"async\" class=\"alignnone wp-image-10728\" src=\"https:\/\/praxas.com\/wp-content\/uploads\/el-usb-act-batteryreplacement.png\" alt=\"EL USB act Batteriewechsel\" width=\"213\" height=\"213\" srcset=\"https:\/\/praxas.com\/wp-content\/uploads\/el-usb-act-batteryreplacement.png 199w, https:\/\/praxas.com\/wp-content\/uploads\/el-usb-act-batteryreplacement-150x150.png 150w, https:\/\/praxas.com\/wp-content\/uploads\/el-usb-act-batteryreplacement-120x120.png 120w, https:\/\/praxas.com\/wp-content\/uploads\/el-usb-act-batteryreplacement-100x100.png 100w\" sizes=\"auto, (max-width: 213px) 100vw, 213px\" \/><\/p>\n<ul>\n<li>EL-USB-1-RCG<\/li>\n<\/ul>\n<p>Der EL-USB-1-RCG verf\u00fcgt \u00fcber einen nicht austauschbaren, wiederaufladbaren Akku. Wenn Sie glauben, dass die Batterie leer ist, schlie\u00dfen Sie den Logger \u00fcber ein Mini-USB-Kabel (CABLE USB A-MF) f\u00fcr bis zu f\u00fcnf Stunden an einen PC an.<\/p><\/div>\n<\/div>\n<div class=\"accordion\">\n<h2 class=\"accordion-header\"><strong>Warum funktionieren meine Batterien nicht?  <\/strong><strong><br \/>\n<\/strong><br \/>\n<i class=\"fas fa-chevron-circle-down\"><\/i><\/h2>\n<div class=\"accordion-content\">Wenn Lithium-Metall-Batterien, einschlie\u00dflich der in den Datenloggern der EasyLog-Reihe verwendeten, l\u00e4ngere Zeit unbenutzt bleiben, bilden sie auf nat\u00fcrliche Weise eine nicht leitende innere Schicht &#8211; eine Passivierungsschicht -, die ihre Selbstentladung verhindert und ihre Haltbarkeit effektiv verl\u00e4ngert. Bei der erstmaligen Installation im Datenlogger kann es zu einem kurzzeitigen Abfall der Batteriespannung (der transienten Mindestspannung) kommen, wenn die interne Schicht abgebaut wird, was zu einem Reset des Datenloggers f\u00fchrt. Wenn Sie die Batterien in den Datenlogger einlegen und ihn f\u00fcr etwa 30 Sekunden an einen PC anschlie\u00dfen, wird diese Schicht entfernt. Nehmen Sie danach die Batterien heraus und setzen Sie sie wieder ein, um den Datenlogger zur\u00fcckzusetzen. Die allgemeine Akkulaufzeit wird nicht beeintr\u00e4chtigt.<\/div>\n<\/div>\n<div class=\"accordion\">\n<h2 class=\"accordion-header\"><strong>Wie lange h\u00e4lt die Batterie in meinem Datenlogger?  <\/strong><strong><br \/>\n<\/strong><br \/>\n<i class=\"fas fa-chevron-circle-down\"><\/i><\/h2>\n<div class=\"accordion-content\">Die Batterielebensdauer h\u00e4ngt von Ihrem Logger und der Einstellung ab. Auf dem Datenblatt Ihres Produkts k\u00f6nnen Sie die Batterielebensdauer in der Tabelle mit den technischen Daten sehen.<\/div>\n<\/div>\n<div class=\"accordion\">\n<h2 class=\"accordion-header\"><strong>Sind die USB-Datenlogger wasserdicht?  <\/strong><br \/>\n<i class=\"fas fa-chevron-circle-down\"><\/i><\/h2>\n<div class=\"accordion-content\">Alle unsere Datenlogger haben eine IP-Einstufung in ihren Datenbl\u00e4ttern. Die IP-Schutzart ist ein zweistelliger Code, der den Grad des Schutzes gegen feste Gegenst\u00e4nde und das Eindringen von Wasser angibt, wie unten beschrieben:<\/p>\n<p>Erste Ziffer &#8211; Mechanischer Schutz<\/p>\n<ol>\n<li>Gesch\u00fctzt gegen feste Gegenst\u00e4nde \u00fcber 50 mm<\/li>\n<li>Gesch\u00fctzt gegen feste Gegenst\u00e4nde \u00fcber 12 mm<\/li>\n<li>Gesch\u00fctzt gegen feste Gegenst\u00e4nde \u00fcber 2,5 mm<\/li>\n<li>Gesch\u00fctzt gegen feste Objekte \u00fcber 1 mm<\/li>\n<li>Gesch\u00fctzt gegen sch\u00e4dlichen Staub, begrenztes Eindringen erlaubt<\/li>\n<li>Vollst\u00e4ndig gegen Staub gesch\u00fctzt<\/li>\n<\/ol>\n<p>Zweite Ziffer &#8211; Schutz vor Wassereintritt<\/p>\n<ol>\n<li>Gesch\u00fctzt gegen senkrecht fallende Wassertropfen<\/li>\n<li>Gesch\u00fctzt gegen direktes Spr\u00fchwasser bis zu 15\u00b0 aus der Senkrechten<\/li>\n<li>Gesch\u00fctzt gegen direktes Spr\u00fchwasser bis zu einem Winkel von 60\u00b0 zur Senkrechten<\/li>\n<li>Gesch\u00fctzt gegen Spritzwasser aus allen Richtungen, begrenztes Eindringen erlaubt<\/li>\n<li>Gesch\u00fctzt gegen Niederdruck-Strahlwasser aus allen Richtungen, begrenztes Eindringen erlaubt<\/li>\n<li>Gesch\u00fctzt gegen starkes Strahlwasser, begrenztes Eindringen erlaubt<\/li>\n<li>Gesch\u00fctzt gegen Eintauchen in bis zu 1 m Tiefe f\u00fcr bis zu 30 Minuten<\/li>\n<\/ol>\n<\/div>\n<\/div>\n<div class=\"accordion\">\n<h2 class=\"accordion-header\"><strong>Was bedeuten die Symbole auf meinem USB-LCD-Datenlogger?  <\/strong><br \/>\n<i class=\"fas fa-chevron-circle-down\"><\/i><\/h2>\n<div class=\"accordion-content\">\n<ul>\n<li>Wenn Sie &#8218;&#8212;&#8218; auf dem Display Ihres Datenloggers sehen, wenn Sie die Taste dr\u00fccken, bedeutet dies, dass der Logger nicht protokolliert.<\/li>\n<li>PS&#8216; zeigt an, dass sich der Datenlogger im Push-to-Start-Modus befindet. Wenn Sie die Taste dr\u00fccken, wird die Datenaufzeichnung gestartet.<\/li>\n<li>dS&#8216; zeigt an, dass sich der Datenlogger im Modus Verz\u00f6gerter Start befindet. Die Datenaufzeichnung beginnt zu dem Zeitpunkt, der bei der Einrichtung des Loggers festgelegt wurde.<\/div>\n<\/div>\n<div class=\"accordion\">\n<h2 class=\"accordion-header\"><strong>Gibt es eine Haltbarkeitsdauer f\u00fcr den CO-Sensor in meinem EL-USB-CO\/EL-USB-CO300?  <\/strong><strong><br \/>\n<\/strong><br \/>\n<i class=\"fas fa-chevron-circle-down\"><\/i><\/h2>\n<div class=\"accordion-content\">Die Lebensdauer der Sensoren eines EL-USB-CO\/CO300 Loggers betr\u00e4gt normalerweise 4 Jahre. Das genaue Verfallsdatum finden Sie in der EasyLog-Software unter Aktueller Status.<\/div>\n<\/div>\n<div class=\"accordion\">\n<h2 class=\"accordion-header\"><strong>Wie kann ich \u00fcberpr\u00fcfen, wie viele Messwerte\/Proben ich mit meiner GFX-D2 aufgenommen habe?  <\/strong><strong><br \/>\n<\/strong><br \/>\n<i class=\"fas fa-chevron-circle-down\"><\/i><\/h2>\n<div class=\"accordion-content\">Dr\u00fccken Sie die i-Taste auf dem Ger\u00e4t und navigieren Sie nach unten, um zur letzten Seite zu gelangen.<\/div>\n<\/div>\n<div class=\"accordion\">\n<h2 class=\"accordion-header\"><strong>Mein EL-USB Logger l\u00e4sst sich nicht verbinden. Wie pr\u00fcfe und behebe ich Probleme mit dem Akku und dem Treiber?  <\/strong><strong><br \/>\n<\/strong><br \/>\n<i class=\"fas fa-chevron-circle-down\"><\/i><\/h2>\n<div class=\"accordion-content\">Wir haben einen Leitfaden zu Akku- und Treiberproblemen zusammengestellt, den Sie sich hier ansehen k\u00f6nnen <span style=\"text-decoration: underline;\"><strong><a href=\"\/wp-content\/uploads\/el-usb-range-includes-el-gfx-range-troubleshooting-1.pdf\" target=\"_blank\" rel=\"noopener\">hier.<\/a><\/strong><\/span><\/div>\n<\/div>\n<p>&nbsp;<\/p>\n","protected":false},"excerpt":{"rendered":"<p>&nbsp;<\/p>\n","protected":false},"author":2,"featured_media":0,"parent":25684,"menu_order":0,"comment_status":"closed","ping_status":"closed","template":"template-fullwidth.php","meta":{"_acf_changed":false,"content-type":"","_uag_custom_page_level_css":"","footnotes":""},"class_list":["post-25644","page","type-page","status-publish","hentry"],"acf":[],"spectra_custom_meta":{"hero_image":[""],"_hero_image":["field_64f1a7da7af44"],"_hero_h1":["field_64f19e1edd052"],"_hero_h2":["field_64f19e2ddd053"],"_hero_text":["field_64f19e42dd054"],"_hero_button_text":["field_64f19e4edd055"],"_hero_button_link":["field_64f19e5ddd056"],"_top_nav_excluded":[""],"_cms_nav_minihome":[""],"_wp_page_template":["template-fullwidth.php"],"_last_translation_edit_mode":["translation-editor"],"rank_math_og_content_image":["a:2:{s:5:\"check\";s:32:\"86a4b5c1638d5412921c7b71180343fa\";s:6:\"images\";a:1:{i:0;i:10717;}}"],"_edit_lock":["1721642758:8383"],"classic-editor-remember":["classic-editor"],"rank_math_seo_score":["15"],"_edit_last":["8383"],"hero_h1":[""],"hero_h2":[""],"hero_text":[""],"hero_button_text":[""],"hero_button_link":[""],"_wpml_media_duplicate":["1"],"_wpml_media_featured":["1"],"rank_math_title":["EL-USB Unterst\u00fctzung | USB Datenlogger Unterst\u00fctzung | EasyLog Unterst\u00fctzung"],"rank_math_description":["Wenn Sie Support f\u00fcr USB-Datenlogger ben\u00f6tigen oder sich f\u00fcr unsere USB-Datenlogger interessieren, lesen Sie bitte unsere FAQs oder rufen Sie ein Mitglied unseres Vertriebsteams an!"],"rank_math_focus_keyword":["USB-Datenlogger-Unterst\u00fctzung"],"_wpml_word_count":["1002"],"_uag_page_assets":["a:9:{s:3:\"css\";s:0:\"\";s:2:\"js\";s:0:\"\";s:18:\"current_block_list\";a:0:{}s:8:\"uag_flag\";b:0;s:11:\"uag_version\";s:10:\"1777295789\";s:6:\"gfonts\";a:0:{}s:10:\"gfonts_url\";s:0:\"\";s:12:\"gfonts_files\";a:0:{}s:14:\"uag_faq_layout\";b:0;}"]},"uagb_featured_image_src":{"full":false,"thumbnail":false,"medium":false,"medium_large":false,"large":false,"1536x1536":false,"2048x2048":false,"crunchify-admin-post-featured-image":false,"commercegurus-pdp-large":false,"commercegurus-plp-mobile":false,"cgkit_image_swatch":false,"woocommerce_thumbnail":false,"woocommerce_single":false,"woocommerce_gallery_thumbnail":false},"uagb_author_info":{"display_name":"Andy Price","author_link":"https:\/\/praxas.com\/de\/author\/andyp\/"},"uagb_comment_info":0,"uagb_excerpt":"&nbsp;","_links":{"self":[{"href":"https:\/\/praxas.com\/de\/wp-json\/wp\/v2\/pages\/25644","targetHints":{"allow":["GET"]}}],"collection":[{"href":"https:\/\/praxas.com\/de\/wp-json\/wp\/v2\/pages"}],"about":[{"href":"https:\/\/praxas.com\/de\/wp-json\/wp\/v2\/types\/page"}],"author":[{"embeddable":true,"href":"https:\/\/praxas.com\/de\/wp-json\/wp\/v2\/users\/2"}],"replies":[{"embeddable":true,"href":"https:\/\/praxas.com\/de\/wp-json\/wp\/v2\/comments?post=25644"}],"version-history":[{"count":7,"href":"https:\/\/praxas.com\/de\/wp-json\/wp\/v2\/pages\/25644\/revisions"}],"predecessor-version":[{"id":49843,"href":"https:\/\/praxas.com\/de\/wp-json\/wp\/v2\/pages\/25644\/revisions\/49843"}],"up":[{"embeddable":true,"href":"https:\/\/praxas.com\/de\/wp-json\/wp\/v2\/pages\/25684"}],"wp:attachment":[{"href":"https:\/\/praxas.com\/de\/wp-json\/wp\/v2\/media?parent=25644"}],"curies":[{"name":"wp","href":"https:\/\/api.w.org\/{rel}","templated":true}]}}