{"id":25674,"date":"2023-08-23T12:58:20","date_gmt":"2023-08-23T12:58:20","guid":{"rendered":"https:\/\/staging.praxas.com\/verhaltenskodex\/"},"modified":"2025-06-20T09:51:22","modified_gmt":"2025-06-20T09:51:22","slug":"verhaltenskodex","status":"publish","type":"page","link":"https:\/\/praxas.com\/de\/unternehmensrichtlinien\/verhaltenskodex\/","title":{"rendered":"Verhaltenskodex"},"content":{"rendered":"<p>&nbsp;<\/p>\n<p>&nbsp;<\/p>\n<ol>\n<li><strong>Einf\u00fchrung  <\/strong><\/li>\n<\/ol>\n<p><strong>Zweck  <\/strong><\/p>\n<p>Dieser Verhaltenskodex ist ein Leitfaden f\u00fcr die Mitarbeiter von Praxas B.V. in Bezug auf ethisches Verhalten bei allen Interaktionen mit Kollegen, Kunden und anderen Gesch\u00e4ftspartnern. Darin werden unsere Grundwerte Ehrlichkeit, Integrit\u00e4t und Respekt, unsere gemeinsamen Verantwortlichkeiten und allgemeine Hinweise zu den Erwartungen des Unternehmens dargelegt.<\/p>\n<p>Wir f\u00f6rdern die freie Meinungs\u00e4u\u00dferung und offene Kommunikation, erwarten aber von allen Mitarbeitern, dass sie unseren Verhaltenskodex befolgen.<\/p>\n<p>Diese Richtlinie kann unm\u00f6glich alle Situationen abdecken, mit denen wir bei der Arbeit konfrontiert werden. Daher ist sie keineswegs ein Ersatz f\u00fcr unser moralisches, unvoreingenommenes Urteil und unser ehrliches und r\u00fccksichtsvolles Handeln. Wenn Sie in einer Situation am Arbeitsplatz zus\u00e4tzlich zu dieser Richtlinie Rat ben\u00f6tigen, sollten Sie sich an Ihren Vorgesetzten oder Manager wenden.<\/p>\n<p><strong>Umfang  <\/strong><\/p>\n<p>Dieser Verhaltenskodex gilt f\u00fcr alle Mitarbeiter von Praxas B.V. unabh\u00e4ngig von Arbeitsvertrag, Rang oder Standort. Der Kodex gilt auch f\u00fcr Verk\u00e4ufer und Dritte, die dem Unternehmen Materialien und Dienstleistungen zur Verf\u00fcgung stellen, wie z.B. Berater, Bevollm\u00e4chtigte, Berater, Institutionen und andere, die im Namen des Unternehmens handeln. Dritte Partner sind au\u00dferdem daf\u00fcr verantwortlich, Verst\u00f6\u00dfe gegen diese Richtlinie zu melden, die sie im Umgang mit dem Unternehmen beobachten.<\/p>\n<p><strong> <\/strong><\/p>\n<ol start=\"2\">\n<li><strong>Verantwortung  <\/strong><\/li>\n<\/ol>\n<p><strong>Management<\/strong><\/p>\n<p>Leitende Angestellte, Direktoren, Manager und Vorgesetzte haben die Aufgabe, ein starkes Beispiel f\u00fcr ethisches Verhalten zu geben. Manager sind auch daf\u00fcr verantwortlich, ein offenes und unterst\u00fctzendes Umfeld zu schaffen, in dem sich Mitarbeiter wohl f\u00fchlen, wenn sie ethische Bedenken \u00e4u\u00dfern und F\u00e4lle von Fehlverhalten melden.<\/p>\n<p><strong>Mitarbeiter<\/strong><\/p>\n<p>Alle Mitarbeiter sollten jeden fair behandeln, gegenseitigen Respekt wahren, ein kollaboratives Teamumfeld f\u00f6rdern und unethische oder kompromittierende Praktiken bzw. deren Anschein vermeiden. Das Verhalten der Mitarbeiter sollte die Werte und die Kultur des Unternehmens widerspiegeln und sich nicht nachteilig auf die Interessengruppen des Unternehmens auswirken. Alle Mitarbeiter sind verantwortlich f\u00fcr:<\/p>\n<ul>\n<li>Einsatz und Intelligenz bei der Erf\u00fcllung aller beruflichen Pflichten auf ethische Weise.<\/li>\n<li>Offenlegung jeglicher Interessenkonflikte in Bezug auf ihre Position bei Praxas B.V.<\/li>\n<li>Professionelles Verhalten im Umgang mit anderen Mitarbeitern, Kunden, Verk\u00e4ufern, Vertretern und allen anderen Interessengruppen des Unternehmens.<\/li>\n<\/ul>\n<p><strong> <\/strong><\/p>\n<ol start=\"3\">\n<li><strong>Respekt und Ethik am Arbeitsplatz<\/strong><\/li>\n<\/ol>\n<p>Um effektiv arbeiten zu k\u00f6nnen, brauchen wir alle eine gesunde und sichere Arbeitsumgebung. Die Mitarbeiter sollten mit der Praxas B.V. Richtlinie f\u00fcr Gesundheit und Sicherheit am Arbeitsplatz. Wir bieten ein Arbeitsumfeld, das frei von Zwang, Diskriminierung und Bel\u00e4stigung ist. Daher sind Respekt, Einbeziehung und gemeinsame ethische Werte das Herzst\u00fcck unserer Grundwerte. Unabh\u00e4ngig von Ihrer Abteilung und Ihrer Autorit\u00e4tsebene sollten Sie unsere Antidiskriminierungs- und Bel\u00e4stigungspolitik in allen Aspekten der Arbeit einhalten, von der Einstellung \u00fcber die Leistungsbewertung bis hin zu zwischenmenschlichen Beziehungen.<\/p>\n<p>Alle Formen des Drogenmissbrauchs sowie der Konsum oder die Verteilung von Drogen und Alkohol w\u00e4hrend der Arbeit sind streng verboten.<\/p>\n<p><strong> <\/strong><\/p>\n<ol start=\"4\">\n<li><strong>Einhaltung von Gesetzen<\/strong><\/li>\n<\/ol>\n<p>Praxas B.V. h\u00e4lt sich an alle lokalen, nationalen oder regionalen Gesetze, Regeln und Vorschriften, in denen wir t\u00e4tig sind. Dazu geh\u00f6ren Gesetze zur modernen Sklaverei und zum Menschenhandel.<\/p>\n<p>Alle unsere Mitarbeiter und diejenigen, die in unserem Namen handeln, m\u00fcssen die Legalit\u00e4t des Unternehmens sch\u00fctzen. Die Mitarbeiter sollten alle Gesetze zum Umweltschutz, zur Sicherheit und zum fairen Umgang miteinander einhalten. Gesetzesverst\u00f6\u00dfe k\u00f6nnen dem Unternehmen erheblichen Schaden zuf\u00fcgen, einschlie\u00dflich finanzieller Strafen, der Verweigerung von Privilegien bei der Auftragsvergabe durch die Regierung, Haftstrafen f\u00fcr kriminelles Fehlverhalten und Sch\u00e4den an unseren Gesch\u00e4ftsbeziehungen und unserem Ruf. Von Mitarbeitern und Personen, die im Namen des Unternehmens handeln, wird erwartet, dass sie ethisch und verantwortungsbewusst mit den Finanzen, Produkten, Partnerschaften und dem \u00f6ffentlichen Image unseres Unternehmens umgehen.<\/p>\n<p><strong> <\/strong><\/p>\n<ol start=\"5\">\n<li><strong>Fairer Wettbewerb<\/strong><\/li>\n<\/ol>\n<p>Praxas B.V. hat sich einem ethischen, fairen und starken Wettbewerb verschrieben. Wir verkaufen Produkte und Dienstleistungen auf der Grundlage ihrer Vorz\u00fcge, \u00fcberlegener Qualit\u00e4t, Funktionalit\u00e4t und wettbewerbsf\u00e4higer Preise. Wir werden unabh\u00e4ngige Preis- und Marketingentscheidungen treffen und nicht unangemessen mit unseren Wettbewerbern zusammenarbeiten oder unsere Aktivit\u00e4ten mit ihnen koordinieren. Wir werden keine unangemessenen Zahlungen oder Zuwendungen im Zusammenhang mit dem Kauf oder Verkauf von Waren oder Dienstleistungen anbieten oder erbitten, die dem Unternehmen einen unlauteren Vorteil verschaffen. Wir werden uns auch nicht an rechtswidrigen Boykotten von Kunden beteiligen oder diese unterst\u00fctzen.<\/p>\n<p><strong> <\/strong><\/p>\n<ol start=\"6\">\n<li><strong>Schutz des Firmeneigentums<\/strong><\/li>\n<\/ol>\n<p>Alle Mitarbeiter sollten das Eigentum unseres Unternehmens, ob materiell oder immateriell, mit Respekt und Sorgfalt behandeln. Die Mitarbeiter d\u00fcrfen die Ausr\u00fcstung des Unternehmens nicht missbrauchen oder leichtfertig verwenden und m\u00fcssen alle Arten von k\u00f6rperlichem Eigentum respektieren. Dazu geh\u00f6ren Marken, Urheberrechte, geistiges Eigentum und andere Verm\u00f6genswerte (Berichte, Informationen usw.). Die Mitarbeiter sollten sie nur verwenden, um ihre Arbeitspflichten zu erf\u00fcllen. Dar\u00fcber hinaus ist die Verwendung unserer Verm\u00f6genswerte f\u00fcr den eigenen Profit oder f\u00fcr ungesetzliche, unbefugte pers\u00f6nliche oder unethische Zwecke verboten.<\/p>\n<p>Das Unternehmen toleriert nicht die Nutzung von Unternehmensressourcen, um Materialien zu erstellen, darauf zuzugreifen, zu speichern, zu drucken, zu erbitten oder zu versenden, die bel\u00e4stigend, bedrohend, beleidigend, sexuell eindeutig oder anderweitig anst\u00f6\u00dfig oder unangemessen sind.<\/p>\n<p><strong> <\/strong><\/p>\n<ol start=\"7\">\n<li><strong>Betrug, finanzielle Integrit\u00e4t und Buchhaltung<\/strong><\/li>\n<\/ol>\n<p>Kein Mitarbeiter oder Bewerber darf Bewerbungen, Unterlagen, Rechnungen, Papiere, Zeiterfassungsb\u00f6gen, Kostenerstattungsformulare, Zeitkarten, Frageb\u00f6gen f\u00fcr Untersuchungen oder andere Dokumente f\u00e4lschen. Jeder Mitarbeiter, der in einem solchen Dokument falsche Angaben gemacht hat, wird disziplinarisch belangt.<\/p>\n<p>Akkurate und zuverl\u00e4ssige Finanz- und Gesch\u00e4ftsunterlagen sind von entscheidender Bedeutung. Sie d\u00fcrfen sich nicht an Handlungen beteiligen, die dazu f\u00fchren k\u00f6nnten, dass falsche oder ungenaue Finanzinformationen \u00fcber unser Unternehmen oder unsere Kunden \u00fcbermittelt werden. Sie m\u00fcssen sicherstellen, dass alle Angaben, die Sie dem Unternehmen, Kunden oder anderen in unserem Namen machen, vollst\u00e4ndig und korrekt sind.<\/p>\n<p><strong> <\/strong><\/p>\n<ol start=\"8\">\n<li><strong>Interessenkonflikt  <\/strong><\/li>\n<\/ol>\n<p>Mitarbeiter m\u00fcssen Situationen vermeiden, die einen tats\u00e4chlichen oder potenziellen Interessenkonflikt beinhalten, damit die Integrit\u00e4t des Unternehmens nicht in Frage gestellt wird. Es gibt zahlreiche Situationen, die zu einem Interessenkonflikt f\u00fchren k\u00f6nnten. Zu den h\u00e4ufigsten geh\u00f6ren:<\/p>\n<ul>\n<li>Annahme von Geschenken von Lieferanten<\/li>\n<li>Besch\u00e4ftigung bei einem anderen Unternehmen, das ein Kunde, Lieferant oder Konkurrent von Praxas B.V. ist.<\/li>\n<li>Besitz eines wesentlichen Teils eines anderen Unternehmens oder Gesch\u00e4fts, das ein Kunde, Lieferant oder Konkurrent von Praxas B.V. ist.<\/li>\n<li>Enge oder famili\u00e4re Beziehungen zu Lieferanten<\/li>\n<li>Kommunikation und\/oder Zusammenarbeit mit Konkurrenten<\/li>\n<\/ul>\n<p>Die Mitarbeiter m\u00fcssen sicherstellen, dass die Entscheidungen im besten Interesse des Unternehmens getroffen werden und dass die Entscheidungen nicht im Austausch f\u00fcr etwas getroffen werden, das ihnen pers\u00f6nlich direkt oder indirekt zugute kommt.<\/p>\n<p><strong> <\/strong><\/p>\n<ol start=\"9\">\n<li><strong>Vertrauliche Informationen<\/strong><\/li>\n<\/ol>\n<p>F\u00fcr jedes Unternehmen stellen seine vertraulichen Informationen einen Verm\u00f6genswert dar, und jedes Vorstandsmitglied, jeder Angestellte und jeder Vertreter des Unternehmens muss sie sch\u00fctzen. Zu den vertraulichen Informationen geh\u00f6ren alle nicht-\u00f6ffentlichen Informationen, die sich auf Kunden, Mitarbeiter und Gesch\u00e4ftspartner beziehen, sowie pers\u00f6nliche Informationen, die wir im Rahmen unserer Gesch\u00e4ftst\u00e4tigkeit aus jeglicher Quelle erhalten. Mitarbeiter d\u00fcrfen keine vertraulichen Unternehmensinformationen von oder \u00fcber einen Konkurrenten suchen, annehmen oder verwenden.<\/p>\n<p><strong> <\/strong><\/p>\n<ol start=\"10\">\n<li><strong>Bestechung und Korruption<\/strong><\/li>\n<\/ol>\n<p>Bestechung ist eine Straftat, und wir haben keine Toleranz gegen\u00fcber unangemessenen Geschenken, Gesch\u00e4ftsbeziehungen und Transaktionen, die Gesch\u00e4ftsentscheidungen beeinflussen k\u00f6nnten. Au\u00dferdem ist es Praxas B.V. untersagt, politische Spenden zu t\u00e4tigen.<\/p>\n<p>Wir raten Mitarbeitern davon ab, Geschenke, Bewirtung, Zuwendungen und Dienstleistungen von Kunden oder Partnern anzunehmen. Zu den Ausnahmen geh\u00f6ren normale gesch\u00e4ftliche Aktivit\u00e4ten wie Mahlzeiten und Getr\u00e4nke, Geschenke, die einen minimalen symbolischen Wert haben, oder marketingbezogene Geschenke. Ruhestandspr\u00e4mien und Beitr\u00e4ge an anerkannte karitative und gemeinn\u00fctzige Organisationen sind ebenfalls ausgeschlossen.<\/p>\n<p>Ein Mitarbeiter, der ein unaufgefordertes Geschenk erh\u00e4lt, das nach diesen Richtlinien verboten ist, oder dessen Familienmitglied ein solches erh\u00e4lt, sollte dies seinem Vorgesetzten oder Manager melden.<\/p>\n<p><strong> <\/strong><\/p>\n<ol start=\"11\">\n<li><strong>Professionalit\u00e4t<\/strong><\/li>\n<\/ol>\n<p>Alle Mitarbeiter m\u00fcssen am Arbeitsplatz Integrit\u00e4t und Professionalit\u00e4t zeigen:<br \/>\n<strong>Pers\u00f6nliches Erscheinungsbild<\/strong><br \/>\nAlle Mitarbeiter m\u00fcssen sich an unsere Kleiderordnung und Richtlinien f\u00fcr das pers\u00f6nliche Erscheinungsbild halten.<\/p>\n<ul>\n<li><strong>Berufliche Pflichten und Befugnisse<\/strong><br \/>\nAlle Mitarbeiter sollten ihre beruflichen Pflichten mit Integrit\u00e4t und Respekt gegen\u00fcber Kunden, Interessengruppen und der Gemeinschaft erf\u00fcllen. Vorgesetzte und Manager d\u00fcrfen ihre Autorit\u00e4t nicht missbrauchen. Wir erwarten von ihnen, dass sie Aufgaben an ihre Teammitglieder delegieren und dabei deren Kompetenzen und Arbeitsbelastung ber\u00fccksichtigen. Ebenso erwarten wir von unseren Teammitgliedern, dass sie die Anweisungen der Teamleiter befolgen und ihre Aufgaben kompetent und p\u00fcnktlich erledigen.<\/li>\n<li><strong>Abwesenheit und Unp\u00fcnktlichkeit<\/strong><br \/>\nDie Mitarbeiter sollten ihre Zeitpl\u00e4ne einhalten. Wir k\u00f6nnen Ausnahmen f\u00fcr Anl\u00e4sse\/Notf\u00e4lle machen, die Mitarbeiter daran hindern, sich an die \u00fcblichen Arbeitszeiten oder -tage zu halten, aber im Allgemeinen erwarten wir von unseren Mitarbeitern, dass sie p\u00fcnktlich zur Arbeit kommen und diese verlassen. Informieren Sie Ihren Vorgesetzten stets \u00fcber Versp\u00e4tungen, \u00c4nderungen Ihres Arbeitstages oder Abwesenheit von der Arbeit.<\/li>\n<li><strong>Kommunikation<\/strong><br \/>\nAlle Mitarbeiter m\u00fcssen in ihrer Kommunikation mit ihren Kollegen, Vorgesetzten oder Teammitgliedern offen und ehrlich sein. Praxas B.V. legt Wert auf den freien Fluss von Gedanken, Ideen, Fragen und Anliegen. Die Mitarbeiter sollten freundlich und kooperativ sein. Sie sollten versuchen, den Arbeitsplatz nicht zu st\u00f6ren oder die Arbeit ihrer Kollegen zu behindern.<\/li>\n<\/ul>\n<p>Alle Mitarbeiter, die am Verkauf unserer Produkte und Dienstleistungen beteiligt sind, m\u00fcssen sicherstellen, dass alle Mitteilungen, Erkl\u00e4rungen und Zusicherungen gegen\u00fcber Kunden korrekt, vollst\u00e4ndig und wahrheitsgem\u00e4\u00df sind.<\/p>\n<p>Mitarbeiter k\u00f6nnen von Reportern und anderen Medienvertretern mit Anfragen \u00fcber das Unternehmen kontaktiert werden. Um sicherzustellen, dass wir mit einer Stimme sprechen und genaue Informationen \u00fcber das Unternehmen liefern, sollten die Mitarbeiter alle Medienanfragen an die Marketingabteilung richten. Niemand darf eine Pressemitteilung herausgeben, ohne vorher die Marketingabteilung zu konsultieren.<\/p>\n<p>Praxas B.V. erwartet von seinen Mitarbeitern, dass sie soziale Medien und soziale Netzwerkplattformen verantwortungsvoll nutzen. Wir erwarten von Ihnen, dass Sie die Privatsph\u00e4re anderer Mitarbeiter, Kunden und Gesch\u00e4ftspartner respektieren und dass Sie die geltenden Gesetze und staatlichen Richtlinien f\u00fcr soziale Medien einhalten. Wenn Sie soziale Medien in irgendeiner Form nutzen, m\u00fcssen Sie sich an diesen Verhaltenskodex halten. Sie d\u00fcrfen keine vertraulichen Informationen \u00fcber das Unternehmen oder einen seiner Mitarbeiter, Auftragnehmer oder Drittanbieter weitergeben. Sie d\u00fcrfen sich im Namen des Unternehmens nicht f\u00fcr politische oder soziale Belange einsetzen, es sei denn, Sie werden ausdr\u00fccklich darum gebeten, dies zu tun.<\/p>\n<ul>\n<li><strong>Gewalt am Arbeitsplatz<\/strong><br \/>\nPraxas B.V. ist bestrebt, einen sicheren und gesch\u00fctzten Arbeitsplatz f\u00fcr Mitarbeiter, Kunden, Lieferanten und Besucher zu schaffen. Praxas B.V. toleriert keine Gewalttaten oder Gewaltandrohungen gegen unsere Mitarbeiter, Bewerber, Kunden, Lieferanten oder Gesch\u00e4ftspartner. Wir dulden keine K\u00e4mpfe, Drohungen oder aggressives Verhalten. Waffen jeglicher Art sind strengstens verboten und auf dem Firmengel\u00e4nde nicht gestattet, es sei denn, dies ist durch \u00f6rtliche Gesetze oder Vorschriften erlaubt.<\/li>\n<li><strong>Sozialleistungen<\/strong><br \/>\nWir erwarten von unseren Mitarbeitern, dass sie ihre Sozialleistungen nicht missbrauchen. Dies bezieht sich auf Freizeit, Versicherungen, Einrichtungen, Abonnements oder andere Leistungen, die unser Unternehmen anbietet.<\/li>\n<li><strong>Richtlinien<\/strong><br \/>\nDiese Richtlinien werden von der Personalabteilung an alle Mitarbeiter w\u00e4hrend ihrer Einf\u00fchrung und\/oder Einarbeitung und nach jeder \u00dcberarbeitung verteilt. Andere relevante Richtlinien werden ebenfalls verteilt, so dass alle Mitarbeiter die M\u00f6glichkeit haben, die Unternehmensrichtlinien zu lesen und anschlie\u00dfend zu befolgen.<\/li>\n<\/ul>\n<p>&nbsp;<\/p>\n<p>Wenn Mitarbeiter irgendwelche Fragen haben, sollten sie sich an die Personalabteilung oder einen Vertreter, ihren direkten Vorgesetzten, Manager oder einen Direktor des Unternehmens wenden.<\/p>\n<p><strong> <\/strong><\/p>\n<ol start=\"12\">\n<li><strong>Diversit\u00e4t und Inklusion<\/strong><\/li>\n<\/ol>\n<p>Praxas B.V. ist ein Arbeitgeber, der die Chancengleichheit bei der Besch\u00e4ftigung f\u00f6rdert und sich f\u00fcr einen Arbeitsplatz ohne Diskriminierung einsetzt.<\/p>\n<p>Praxas B.V. duldet keine Bel\u00e4stigung oder Diskriminierung. Jeder Mitarbeiter oder Interessenvertreter, der sich bel\u00e4stigt oder diskriminiert f\u00fchlt, sollte den Vorfall seinem Vorgesetzten oder der Personalabteilung melden.<\/p>\n<p>Die Mitarbeiter m\u00fcssen die Antidiskriminierungs- und Bel\u00e4stigungspolitik von Praxas B.V. einhalten.<\/p>\n<p><strong> <\/strong><\/p>\n<ol start=\"13\">\n<li><strong>Meldung von Bedenken und disziplinarische Ma\u00dfnahmen<\/strong><\/li>\n<\/ol>\n<p>Verst\u00f6\u00dfe gegen diesen Kodex k\u00f6nnen schwerwiegende Folgen f\u00fcr Praxas B.V., sein Image, seine Glaubw\u00fcrdigkeit und das Vertrauen seiner Kunden haben. Verst\u00f6\u00dfe k\u00f6nnen dar\u00fcber hinaus zu erheblichen Bu\u00dfgeldern und Einschr\u00e4nkungen der k\u00fcnftigen Gesch\u00e4ftst\u00e4tigkeit des Unternehmens sowie zu m\u00f6glichen Geld- und Gef\u00e4ngnisstrafen f\u00fcr einzelne Mitarbeiter f\u00fchren.<\/p>\n<p>Die Mitarbeiter sind aufgefordert, Verst\u00f6\u00dfe unverz\u00fcglich zu melden. Die Meldung sollte an den Vorgesetzten oder Manager des Mitarbeiters oder an eine andere Stelle erfolgen, je nach den Umst\u00e4nden. Das Unternehmen wird alle gemeldeten F\u00e4lle von fragw\u00fcrdigem oder unethischem Verhalten untersuchen und wird keine Vergeltungsma\u00dfnahmen gegen Mitarbeiter, die in gutem Glauben echte ethische Bedenken \u00e4u\u00dfern, ergreifen oder tolerieren, die manchmal als &#8222;Whistleblower&#8220; bezeichnet werden.<\/p>\n<p>Unser Unternehmen muss m\u00f6glicherweise disziplinarische Ma\u00dfnahmen gegen Mitarbeiter ergreifen, die wiederholt oder absichtlich gegen unseren Verhaltenskodex versto\u00dfen. Die Disziplinarma\u00dfnahmen h\u00e4ngen von der Schwere des Versto\u00dfes ab.<\/p>\n<p><strong>M\u00f6gliche Folgen sind unter anderem:<\/strong><\/p>\n<ul>\n<li>Abstieg<\/li>\n<li>Verweis<\/li>\n<li>Aussetzung oder Beendigung<\/li>\n<\/ul>\n<p>Wir k\u00f6nnen in F\u00e4llen von Korruption, Diebstahl, Unterschlagung oder anderen ungesetzlichen Verhaltensweisen rechtliche Schritte einleiten.<\/p>\n","protected":false},"excerpt":{"rendered":"<p>&nbsp; &nbsp; Einf\u00fchrung Zweck Dieser Verhaltenskodex ist ein Leitfaden f\u00fcr die Mitarbeiter von Praxas B.V. in Bezug auf ethisches Verhalten bei allen Interaktionen mit Kollegen, Kunden und anderen Gesch\u00e4ftspartnern. Darin werden unsere Grundwerte Ehrlichkeit, Integrit\u00e4t und Respekt, unsere gemeinsamen Verantwortlichkeiten und allgemeine Hinweise zu den Erwartungen des Unternehmens dargelegt. Wir f\u00f6rdern die freie Meinungs\u00e4u\u00dferung und [&hellip;]<\/p>\n","protected":false},"author":1,"featured_media":0,"parent":25675,"menu_order":1,"comment_status":"closed","ping_status":"closed","template":"template-fullwidth.php","meta":{"_acf_changed":false,"content-type":"","_uag_custom_page_level_css":"","footnotes":""},"class_list":["post-25674","page","type-page","status-publish","hentry"],"acf":[],"spectra_custom_meta":{"hero_image":[""],"_hero_image":["field_64f1a7da7af44"],"_hero_h1":["field_64f19e1edd052"],"_hero_h2":["field_64f19e2ddd053"],"_hero_text":["field_64f19e42dd054"],"_hero_button_text":["field_64f19e4edd055"],"_hero_button_link":["field_64f19e5ddd056"],"_top_nav_excluded":[""],"_cms_nav_minihome":[""],"_wp_page_template":["template-fullwidth.php"],"_last_translation_edit_mode":["translation-editor"],"_wpml_word_count":["2741"],"_uag_page_assets":["a:9:{s:3:\"css\";s:0:\"\";s:2:\"js\";s:0:\"\";s:18:\"current_block_list\";a:0:{}s:8:\"uag_flag\";b:0;s:11:\"uag_version\";s:10:\"1775742760\";s:6:\"gfonts\";a:0:{}s:10:\"gfonts_url\";s:0:\"\";s:12:\"gfonts_files\";a:0:{}s:14:\"uag_faq_layout\";b:0;}"]},"uagb_featured_image_src":{"full":false,"thumbnail":false,"medium":false,"medium_large":false,"large":false,"1536x1536":false,"2048x2048":false,"crunchify-admin-post-featured-image":false,"commercegurus-pdp-large":false,"commercegurus-plp-mobile":false,"cgkit_image_swatch":false,"woocommerce_thumbnail":false,"woocommerce_single":false,"woocommerce_gallery_thumbnail":false},"uagb_author_info":{"display_name":"AndyS","author_link":"https:\/\/praxas.com\/de\/author\/andys\/"},"uagb_comment_info":0,"uagb_excerpt":"&nbsp; &nbsp; Einf\u00fchrung Zweck Dieser Verhaltenskodex ist ein Leitfaden f\u00fcr die Mitarbeiter von Praxas B.V. in Bezug auf ethisches Verhalten bei allen Interaktionen mit Kollegen, Kunden und anderen Gesch\u00e4ftspartnern. Darin werden unsere Grundwerte Ehrlichkeit, Integrit\u00e4t und Respekt, unsere gemeinsamen Verantwortlichkeiten und allgemeine Hinweise zu den Erwartungen des Unternehmens dargelegt. Wir f\u00f6rdern die freie Meinungs\u00e4u\u00dferung und&hellip;","_links":{"self":[{"href":"https:\/\/praxas.com\/de\/wp-json\/wp\/v2\/pages\/25674","targetHints":{"allow":["GET"]}}],"collection":[{"href":"https:\/\/praxas.com\/de\/wp-json\/wp\/v2\/pages"}],"about":[{"href":"https:\/\/praxas.com\/de\/wp-json\/wp\/v2\/types\/page"}],"author":[{"embeddable":true,"href":"https:\/\/praxas.com\/de\/wp-json\/wp\/v2\/users\/1"}],"replies":[{"embeddable":true,"href":"https:\/\/praxas.com\/de\/wp-json\/wp\/v2\/comments?post=25674"}],"version-history":[{"count":2,"href":"https:\/\/praxas.com\/de\/wp-json\/wp\/v2\/pages\/25674\/revisions"}],"predecessor-version":[{"id":49849,"href":"https:\/\/praxas.com\/de\/wp-json\/wp\/v2\/pages\/25674\/revisions\/49849"}],"up":[{"embeddable":true,"href":"https:\/\/praxas.com\/de\/wp-json\/wp\/v2\/pages\/25675"}],"wp:attachment":[{"href":"https:\/\/praxas.com\/de\/wp-json\/wp\/v2\/media?parent=25674"}],"curies":[{"name":"wp","href":"https:\/\/api.w.org\/{rel}","templated":true}]}}