{"id":25684,"date":"2023-08-22T14:06:56","date_gmt":"2023-08-22T14:06:56","guid":{"rendered":"https:\/\/staging.praxas.com\/unterstuetzen-sie\/"},"modified":"2025-06-20T09:52:23","modified_gmt":"2025-06-20T09:52:23","slug":"unterstuetzen-sie","status":"publish","type":"page","link":"https:\/\/praxas.com\/de\/unterstuetzen-sie\/","title":{"rendered":"Unterst\u00fctzen Sie"},"content":{"rendered":"\n<div class=\"wp-block-cover alignfull\" style=\"min-height:350px;aspect-ratio:unset;\"><span aria-hidden=\"true\" class=\"wp-block-cover__background has-background-dim-10 has-background-dim\" style=\"background-color:#58779e\"><\/span><img loading=\"lazy\" decoding=\"async\" width=\"3780\" height=\"709\" class=\"wp-block-cover__image-background wp-image-44740\" alt=\"Support - New Style Banner - Biomedical\" src=\"https:\/\/praxas.com\/wp-content\/uploads\/PRAXAS_SupportBIO3.png\" data-object-fit=\"cover\" srcset=\"https:\/\/praxas.com\/wp-content\/uploads\/PRAXAS_SupportBIO3.png 3780w, https:\/\/praxas.com\/wp-content\/uploads\/PRAXAS_SupportBIO3-300x56.png 300w, https:\/\/praxas.com\/wp-content\/uploads\/PRAXAS_SupportBIO3-1024x192.png 1024w, https:\/\/praxas.com\/wp-content\/uploads\/PRAXAS_SupportBIO3-768x144.png 768w, https:\/\/praxas.com\/wp-content\/uploads\/PRAXAS_SupportBIO3-1536x288.png 1536w, https:\/\/praxas.com\/wp-content\/uploads\/PRAXAS_SupportBIO3-2048x384.png 2048w, https:\/\/praxas.com\/wp-content\/uploads\/PRAXAS_SupportBIO3-120x23.png 120w, https:\/\/praxas.com\/wp-content\/uploads\/PRAXAS_SupportBIO3-990x186.png 990w, https:\/\/praxas.com\/wp-content\/uploads\/PRAXAS_SupportBIO3-441x83.png 441w, https:\/\/praxas.com\/wp-content\/uploads\/PRAXAS_SupportBIO3-350x66.png 350w, https:\/\/praxas.com\/wp-content\/uploads\/PRAXAS_SupportBIO3-800x150.png 800w, https:\/\/praxas.com\/wp-content\/uploads\/PRAXAS_SupportBIO3-150x28.png 150w\" sizes=\"auto, (max-width: 3780px) 100vw, 3780px\" \/><div class=\"wp-block-cover__inner-container has-global-padding is-layout-constrained wp-container-core-cover-is-layout-a4c69c57 wp-block-cover-is-layout-constrained\">\n<div class=\"wp-block-columns is-layout-flex wp-container-core-columns-is-layout-28f84493 wp-block-columns-is-layout-flex\">\n<div class=\"wp-block-column is-layout-flow wp-block-column-is-layout-flow\" style=\"flex-basis:70%\">\n<h1 class=\"wp-block-heading has-white-color has-text-color has-link-color wp-elements-a78d3b27231714cb0cbad33c95209736\">Unterst\u00fctzen Sie<\/h1>\n\n\n\n<div style=\"height:30px\" aria-hidden=\"true\" class=\"wp-block-spacer\"><\/div>\n\n\n\n<p class=\"has-white-color has-text-color has-link-color wp-elements-088eb12342555dd9fca84051a4e4afc8\">Wir sind f\u00fcr Sie da, wenn Sie Fragen oder Probleme mit unseren EasyLog- und LogTag-Produkten haben. Nachfolgend finden Sie Ressourcen und Kontaktinformationen, die Ihnen helfen, die Antworten zu finden, die Sie ben\u00f6tigen.<\/p>\n<\/div>\n\n\n\n<div class=\"wp-block-column is-layout-flow wp-block-column-is-layout-flow\"><\/div>\n<\/div>\n<\/div><\/div>\n\n<div style=\"height:70px\" aria-hidden=\"true\" class=\"wp-block-spacer\"><\/div>\n\n<div class=\"wp-block-group alignfull has-global-padding is-layout-constrained wp-container-core-group-is-layout-a4c69c57 wp-block-group-is-layout-constrained\">\n<div class=\"wp-block-columns is-layout-flex wp-container-core-columns-is-layout-28f84493 wp-block-columns-is-layout-flex\">\n<div class=\"wp-block-column has-background is-layout-flow wp-block-column-is-layout-flow\" style=\"border-radius:15px;background-color:#e5e5e5;padding-top:var(--wp--preset--spacing--medium);padding-right:var(--wp--preset--spacing--medium);padding-bottom:var(--wp--preset--spacing--medium);padding-left:var(--wp--preset--spacing--medium)\">\n<h2 class=\"wp-block-heading has-text-align-center has-text-color has-link-color wp-elements-d71d1f2b325cac64b4c9a0ab56f9d0f3\" style=\"color:#009ee0\">Praxas Unterst\u00fctzung<\/h2>\n\n\n\n<div style=\"height:5px\" aria-hidden=\"true\" class=\"wp-block-spacer\"><\/div>\n\n\n\n<p class=\"has-text-align-center\">Bevor Sie sich an unser Support-Team wenden, empfehlen wir Ihnen, unsere h\u00e4ufig gestellten Fragen durchzulesen, um schnelle L\u00f6sungen f\u00fcr h\u00e4ufige Probleme zu finden. Spezielle FAQ-Abschnitte f\u00fcr EasyLog- und LogTag-Produkte finden Sie unter der Registerkarte Support oder indem Sie den unten stehenden Links folgen.<\/p>\n\n\n\n<div style=\"height:30px\" aria-hidden=\"true\" class=\"wp-block-spacer\"><\/div>\n<\/div>\n<\/div>\n<\/div>\n\n<div style=\"height:70px\" aria-hidden=\"true\" class=\"wp-block-spacer\"><\/div>\n\n<div class=\"wp-block-group alignfull has-global-padding is-layout-constrained wp-container-core-group-is-layout-a4c69c57 wp-block-group-is-layout-constrained\">\n<h3 class=\"wp-block-heading has-text-align-center has-text-color has-link-color has-large-font-size wp-elements-b2e9f57b3302a16b8f58bec9ff60a7f9\" style=\"color:#009ee0\">EasyLog Unterst\u00fctzung<\/h3>\n\n\n\n<div class=\"wp-block-columns is-layout-flex wp-container-core-columns-is-layout-28f84493 wp-block-columns-is-layout-flex\">\n<div class=\"wp-block-column is-layout-flow wp-block-column-is-layout-flow\" style=\"flex-basis:50%\">\n<div style=\"height:50px\" aria-hidden=\"true\" class=\"wp-block-spacer\"><\/div>\n\n\n\n<figure class=\"wp-block-image aligncenter size-full\"><img loading=\"lazy\" decoding=\"async\" width=\"1200\" height=\"630\" src=\"https:\/\/praxas.com\/wp-content\/uploads\/EasyLog-Group-1.jpg\" alt=\"\" class=\"wp-image-15284\" srcset=\"https:\/\/praxas.com\/wp-content\/uploads\/EasyLog-Group-1.jpg 1200w, https:\/\/praxas.com\/wp-content\/uploads\/EasyLog-Group-1-300x158.jpg 300w, https:\/\/praxas.com\/wp-content\/uploads\/EasyLog-Group-1-1024x538.jpg 1024w, https:\/\/praxas.com\/wp-content\/uploads\/EasyLog-Group-1-768x403.jpg 768w, https:\/\/praxas.com\/wp-content\/uploads\/EasyLog-Group-1-120x63.jpg 120w, https:\/\/praxas.com\/wp-content\/uploads\/EasyLog-Group-1-990x520.jpg 990w, https:\/\/praxas.com\/wp-content\/uploads\/EasyLog-Group-1-441x232.jpg 441w, https:\/\/praxas.com\/wp-content\/uploads\/EasyLog-Group-1-800x420.jpg 800w, https:\/\/praxas.com\/wp-content\/uploads\/EasyLog-Group-1-150x79.jpg 150w\" sizes=\"auto, (max-width: 1200px) 100vw, 1200px\" \/><\/figure>\n<\/div>\n\n\n\n<div class=\"wp-block-column is-layout-flow wp-block-column-is-layout-flow\" style=\"flex-basis:66.66%\">\n<div class=\"wp-block-columns is-layout-flex wp-container-core-columns-is-layout-28f84493 wp-block-columns-is-layout-flex\">\n<div class=\"wp-block-column is-layout-flow wp-block-column-is-layout-flow\">\n<div class=\"wp-block-buttons is-content-justification-center is-layout-flex wp-container-core-buttons-is-layout-a89b3969 wp-block-buttons-is-layout-flex\">\n<div class=\"wp-block-button\"><a class=\"wp-block-button__link has-background wp-element-button\" href=\"https:\/\/praxas.com\/de\/unterstuetzen-sie\/el-usb-datenlogger-unterstuetzung\/\" style=\"border-radius:5px;background-color:#009ee0\"><strong>EL-USB Datenlogger<\/strong><\/a><\/div>\n<\/div>\n<\/div>\n\n\n\n<div class=\"wp-block-column is-layout-flow wp-block-column-is-layout-flow\">\n<div class=\"wp-block-buttons is-content-justification-center is-layout-flex wp-container-core-buttons-is-layout-a89b3969 wp-block-buttons-is-layout-flex\">\n<div class=\"wp-block-button\"><a class=\"wp-block-button__link has-background wp-element-button\" href=\"https:\/\/praxas.com\/de\/unterstuetzen-sie\/el-wifi-datenlogger-unterstuetzung\/\" style=\"border-radius:5px;background-color:#009ee0\"><strong>EL-WiFi Datenlogger<\/strong><\/a><\/div>\n<\/div>\n<\/div>\n\n\n\n<div class=\"wp-block-column is-layout-flow wp-block-column-is-layout-flow\">\n<div class=\"wp-block-buttons is-content-justification-center is-layout-flex wp-container-core-buttons-is-layout-a89b3969 wp-block-buttons-is-layout-flex\">\n<div class=\"wp-block-button\"><a class=\"wp-block-button__link has-background wp-element-button\" href=\"https:\/\/praxas.com\/de\/unterstuetzen-sie\/21cfr-datenlogger-unterstuetzung\/\" style=\"border-radius:5px;background-color:#009ee0\"><strong>21CFR Datenlogger<\/strong><\/a><\/div>\n<\/div>\n<\/div>\n<\/div>\n\n\n\n<div class=\"wp-block-columns is-layout-flex wp-container-core-columns-is-layout-28f84493 wp-block-columns-is-layout-flex\">\n<div class=\"wp-block-column is-layout-flow wp-block-column-is-layout-flow\">\n<div class=\"wp-block-buttons is-content-justification-center is-layout-flex wp-container-core-buttons-is-layout-a89b3969 wp-block-buttons-is-layout-flex\">\n<div class=\"wp-block-button\"><a class=\"wp-block-button__link has-background wp-element-button\" href=\"https:\/\/praxas.com\/de\/unterstuetzen-sie\/unterstuetzung-fuer-kuehlketten-datenlogger\/\" style=\"border-radius:5px;background-color:#009ee0\"><strong>K\u00fchlketten-Datenlogger<\/strong><\/a><\/div>\n<\/div>\n<\/div>\n\n\n\n<div class=\"wp-block-column is-layout-flow wp-block-column-is-layout-flow\">\n<div class=\"wp-block-buttons is-content-justification-center is-layout-flex wp-container-core-buttons-is-layout-a89b3969 wp-block-buttons-is-layout-flex\">\n<div class=\"wp-block-button\"><a class=\"wp-block-button__link has-background wp-element-button\" href=\"https:\/\/praxas.com\/de\/unterstuetzen-sie\/el-iot-unterstuetzung\/\" style=\"border-radius:5px;background-color:#009ee0\"><strong>EL-IOT Datenlogger<\/strong><\/a><\/div>\n<\/div>\n<\/div>\n\n\n\n<div class=\"wp-block-column is-layout-flow wp-block-column-is-layout-flow\">\n<div class=\"wp-block-buttons is-content-justification-center is-layout-flex wp-container-core-buttons-is-layout-a89b3969 wp-block-buttons-is-layout-flex\">\n<div class=\"wp-block-button\"><a class=\"wp-block-button__link has-background wp-element-button\" href=\"https:\/\/praxas.com\/de\/unterstuetzen-sie\/el-sms-unterstuetzung\/\" style=\"border-radius:5px;background-color:#009ee0\"><strong>EL-SMS Datenlogger<\/strong><\/a><\/div>\n<\/div>\n<\/div>\n<\/div>\n\n\n\n<div class=\"wp-block-columns is-layout-flex wp-container-core-columns-is-layout-28f84493 wp-block-columns-is-layout-flex\">\n<div class=\"wp-block-column is-layout-flow wp-block-column-is-layout-flow\">\n<div class=\"wp-block-buttons is-content-justification-center is-layout-flex wp-container-core-buttons-is-layout-a89b3969 wp-block-buttons-is-layout-flex\">\n<div class=\"wp-block-button\"><a class=\"wp-block-button__link has-background wp-element-button\" href=\"https:\/\/praxas.com\/de\/unterstuetzen-sie\/el-wem-luftqualitaetsmonitor-unterstuetzung\/\" style=\"border-radius:5px;background-color:#009ee0\"><strong>EL-WEM Datenlogger<\/strong><\/a><\/div>\n<\/div>\n<\/div>\n\n\n\n<div class=\"wp-block-column is-layout-flow wp-block-column-is-layout-flow\">\n<div class=\"wp-block-buttons is-content-justification-center is-layout-flex wp-container-core-buttons-is-layout-a89b3969 wp-block-buttons-is-layout-flex\">\n<div class=\"wp-block-button\"><a class=\"wp-block-button__link has-background wp-element-button\" href=\"https:\/\/praxas.com\/de\/unterstuetzen-sie\/el-sie-datenlogger-unterstuetzung\/\" style=\"border-radius:5px;background-color:#009ee0\"><strong>EL-SIE Datenlogger<\/strong><\/a><\/div>\n<\/div>\n<\/div>\n\n\n\n<div class=\"wp-block-column is-layout-flow wp-block-column-is-layout-flow\">\n<div class=\"wp-block-buttons is-content-justification-center is-layout-flex wp-container-core-buttons-is-layout-a89b3969 wp-block-buttons-is-layout-flex\">\n<div class=\"wp-block-button\"><a class=\"wp-block-button__link has-background wp-element-button\" href=\"https:\/\/praxas.com\/de\/unterstuetzen-sie\/sgd-atp-datenlogger-unterstuetzung\/\" style=\"border-radius:5px;background-color:#009ee0\"><strong>SGD-ATP Datenlogger<\/strong><\/a><\/div>\n<\/div>\n<\/div>\n<\/div>\n<\/div>\n<\/div>\n<\/div>\n\n<div style=\"height:30px\" aria-hidden=\"true\" class=\"wp-block-spacer\"><\/div>\n\n<hr class=\"wp-block-separator has-alpha-channel-opacity\"\/>\n\n<div style=\"height:30px\" aria-hidden=\"true\" class=\"wp-block-spacer\"><\/div>\n\n<div class=\"wp-block-group alignfull has-global-padding is-layout-constrained wp-container-core-group-is-layout-a4c69c57 wp-block-group-is-layout-constrained\">\n<h3 class=\"wp-block-heading has-text-align-center has-text-color has-link-color has-large-font-size wp-elements-aed328cfff12569ace2a4fdd347a6f98\" style=\"color:#009ee0\">LogTag Unterst\u00fctzung<\/h3>\n\n\n\n<div class=\"wp-block-columns is-layout-flex wp-container-core-columns-is-layout-28f84493 wp-block-columns-is-layout-flex\">\n<div class=\"wp-block-column is-layout-flow wp-block-column-is-layout-flow\" style=\"flex-basis:66.66%\">\n<div class=\"wp-block-columns is-layout-flex wp-container-core-columns-is-layout-28f84493 wp-block-columns-is-layout-flex\">\n<div class=\"wp-block-column is-layout-flow wp-block-column-is-layout-flow\">\n<div class=\"wp-block-buttons is-content-justification-center is-layout-flex wp-container-core-buttons-is-layout-a89b3969 wp-block-buttons-is-layout-flex\">\n<div class=\"wp-block-button\"><a class=\"wp-block-button__link has-background wp-element-button\" href=\"https:\/\/praxas.com\/de\/logtag-unterstuetzung\/logtag-utred30\/\" style=\"border-radius:5px;background-color:#009ee0\"><strong>UTRED30<\/strong><\/a><\/div>\n<\/div>\n<\/div>\n\n\n\n<div class=\"wp-block-column is-layout-flow wp-block-column-is-layout-flow\">\n<div class=\"wp-block-buttons is-content-justification-center is-layout-flex wp-container-core-buttons-is-layout-a89b3969 wp-block-buttons-is-layout-flex\">\n<div class=\"wp-block-button\"><a class=\"wp-block-button__link has-background wp-element-button\" href=\"https:\/\/praxas.com\/de\/logtag-unterstuetzung\/logtagonline-unterstuetzung\/\" style=\"border-radius:5px;background-color:#009ee0\"><strong>LogTagOnline<\/strong><\/a><\/div>\n<\/div>\n<\/div>\n\n\n\n<div class=\"wp-block-column is-layout-flow wp-block-column-is-layout-flow\">\n<div class=\"wp-block-buttons is-content-justification-center is-layout-flex wp-container-core-buttons-is-layout-a89b3969 wp-block-buttons-is-layout-flex\">\n<div class=\"wp-block-button\"><a class=\"wp-block-button__link has-background wp-element-button\" href=\"https:\/\/praxas.com\/de\/logtag-unterstuetzung\/logtag-analyzer-unterstuetzung\/\" style=\"border-radius:5px;background-color:#009ee0\"><strong>LogTag Analyzer<\/strong><\/a><\/div>\n<\/div>\n<\/div>\n<\/div>\n\n\n\n<div class=\"wp-block-columns is-layout-flex wp-container-core-columns-is-layout-28f84493 wp-block-columns-is-layout-flex\">\n<div class=\"wp-block-column is-layout-flow wp-block-column-is-layout-flow\">\n<div class=\"wp-block-buttons is-content-justification-right is-layout-flex wp-container-core-buttons-is-layout-d445cf74 wp-block-buttons-is-layout-flex\">\n<div class=\"wp-block-button\"><a class=\"wp-block-button__link has-background wp-element-button\" href=\"https:\/\/praxas.com\/de\/logtag-unterstuetzung\/austausch-der-logtag-batterie\/\" style=\"border-radius:5px;background-color:#009ee0\"><strong>Austausch der Batterie<\/strong><\/a><\/div>\n<\/div>\n<\/div>\n\n\n\n<div class=\"wp-block-column is-layout-flow wp-block-column-is-layout-flow\">\n<div class=\"wp-block-buttons is-content-justification-center is-layout-flex wp-container-core-buttons-is-layout-a89b3969 wp-block-buttons-is-layout-flex\">\n<div class=\"wp-block-button\"><a class=\"wp-block-button__link has-background wp-element-button\" href=\"https:\/\/praxas.com\/de\/logtag-unterstuetzung\/logtag-fehlermeldungen\/\" style=\"border-radius:5px;background-color:#009ee0\"><strong>Fehlermeldungen<\/strong><\/a><\/div>\n<\/div>\n<\/div>\n<\/div>\n<\/div>\n\n\n\n<div class=\"wp-block-column is-layout-flow wp-block-column-is-layout-flow\" style=\"flex-basis:50%\">\n<figure class=\"wp-block-image aligncenter size-full is-resized\"><img loading=\"lazy\" decoding=\"async\" width=\"1000\" height=\"500\" src=\"https:\/\/praxas.com\/wp-content\/uploads\/LogTag-Group-Reflection-2.png\" alt=\"Supportseite LogTag Gruppenbild\" class=\"wp-image-44137\" style=\"width:462px;height:auto\" srcset=\"https:\/\/praxas.com\/wp-content\/uploads\/LogTag-Group-Reflection-2.png 1000w, https:\/\/praxas.com\/wp-content\/uploads\/LogTag-Group-Reflection-2-300x150.png 300w, https:\/\/praxas.com\/wp-content\/uploads\/LogTag-Group-Reflection-2-768x384.png 768w, https:\/\/praxas.com\/wp-content\/uploads\/LogTag-Group-Reflection-2-120x60.png 120w, https:\/\/praxas.com\/wp-content\/uploads\/LogTag-Group-Reflection-2-990x495.png 990w, https:\/\/praxas.com\/wp-content\/uploads\/LogTag-Group-Reflection-2-441x221.png 441w, https:\/\/praxas.com\/wp-content\/uploads\/LogTag-Group-Reflection-2-350x175.png 350w, https:\/\/praxas.com\/wp-content\/uploads\/LogTag-Group-Reflection-2-800x400.png 800w, https:\/\/praxas.com\/wp-content\/uploads\/LogTag-Group-Reflection-2-150x75.png 150w\" sizes=\"auto, (max-width: 1000px) 100vw, 1000px\" \/><\/figure>\n<\/div>\n<\/div>\n<\/div>\n\n<div style=\"height:70px\" aria-hidden=\"true\" class=\"wp-block-spacer\"><\/div>\n\n<div class=\"wp-block-group alignfull has-global-padding is-layout-constrained wp-container-core-group-is-layout-a4c69c57 wp-block-group-is-layout-constrained\">\n<div class=\"wp-block-columns is-layout-flex wp-container-core-columns-is-layout-28f84493 wp-block-columns-is-layout-flex\">\n<div class=\"wp-block-column has-background is-layout-flow wp-block-column-is-layout-flow\" style=\"border-radius:15px;background-color:#e5e5e5;padding-top:var(--wp--preset--spacing--medium);padding-right:var(--wp--preset--spacing--medium);padding-bottom:var(--wp--preset--spacing--medium);padding-left:var(--wp--preset--spacing--medium)\">\n<h2 class=\"wp-block-heading has-text-align-center has-text-color has-link-color wp-elements-c1a5dc87a6cc90d8c4a81be5061f4660\" style=\"color:#009ee0\">Weitere Unterst\u00fctzung<\/h2>\n\n\n\n<div style=\"height:5px\" aria-hidden=\"true\" class=\"wp-block-spacer\"><\/div>\n\n\n\n<p class=\"has-text-align-center\">Wenn Sie die gew\u00fcnschten Antworten nicht finden k\u00f6nnen, wenden Sie sich bitte an unser <strong><a href=\"https:\/\/praxas.com\/de\/kontaktieren-sie-uns\/\">Kundensupport-Team<\/a><\/strong>.<\/p>\n\n\n\n<p class=\"has-text-align-center\">Unser Team wird Ihre Anfragen umgehend beantworten und Ihnen bei der L\u00f6sung von Problemen helfen, die Sie m\u00f6glicherweise haben.<\/p>\n\n\n\n<div style=\"height:30px\" aria-hidden=\"true\" class=\"wp-block-spacer\"><\/div>\n<\/div>\n<\/div>\n<\/div>\n\n<div style=\"height:70px\" aria-hidden=\"true\" class=\"wp-block-spacer\"><\/div>\n","protected":false},"excerpt":{"rendered":"<p>Praxas Unterst\u00fctzung Bevor Sie sich an unser Support-Team wenden, empfehlen wir Ihnen, unsere h\u00e4ufig gestellten Fragen durchzulesen, um schnelle L\u00f6sungen f\u00fcr h\u00e4ufige Probleme zu finden. Spezielle FAQ-Abschnitte f\u00fcr EasyLog- und LogTag-Produkte finden Sie unter der Registerkarte Support oder indem Sie den unten stehenden Links folgen. EasyLog Unterst\u00fctzung LogTag Unterst\u00fctzung Weitere Unterst\u00fctzung Wenn Sie die gew\u00fcnschten [&hellip;]<\/p>\n","protected":false},"author":8383,"featured_media":0,"parent":0,"menu_order":0,"comment_status":"closed","ping_status":"closed","template":"template-fullwidth-no-heading.php","meta":{"_acf_changed":false,"content-type":"","_uag_custom_page_level_css":"","footnotes":""},"class_list":["post-25684","page","type-page","status-publish","hentry"],"acf":[],"spectra_custom_meta":{"_hero_image":["field_64f1a7da7af44"],"_hero_h1":["field_64f19e1edd052"],"_hero_h2":["field_64f19e2ddd053"],"_hero_text":["field_64f19e42dd054"],"_hero_button_text":["field_64f19e4edd055"],"_hero_button_link":["field_64f19e5ddd056"],"_top_nav_excluded":[""],"_cms_nav_minihome":[""],"_wp_page_template":["template-fullwidth-no-heading.php"],"_edit_lock":["1721641983:8383"],"classic-editor-remember":["classic-editor"],"rank_math_seo_score":["18"],"_edit_last":["8383"],"hero_h1":[""],"hero_h2":[""],"hero_text":[""],"hero_button_text":[""],"hero_button_link":[""],"_wpml_media_duplicate":["1"],"_wpml_media_featured":["1"],"_last_translation_edit_mode":["translation-editor"],"hero_image":["13627"],"rank_math_analytic_object_id":["841"],"rank_math_og_content_image":["a:2:{s:5:\"check\";s:32:\"3114e4bedec2180c696e277cd1997bfb\";s:6:\"images\";a:2:{i:0;i:44740;i:1;i:15284;}}"],"_wpml_word_count":["202"],"rank_math_title":["Support | EasyLog Datenlogger Support | PanelPilot Support"],"rank_math_description":["Wir sind hier, um Sie zu unterst\u00fctzen! Haben Sie Fragen oder Probleme mit unseren Produktlinien?  Sehen Sie sich unsere Support-Seite an oder rufen Sie uns an, um mehr zu erfahren!"],"rank_math_focus_keyword":["Unterst\u00fctzen Sie"],"_uag_css_file_name":["uag-css-25684.css"],"_uag_page_assets":["a:9:{s:3:\"css\";s:263:\".uag-blocks-common-selector{z-index:var(--z-index-desktop) !important}@media (max-width: 976px){.uag-blocks-common-selector{z-index:var(--z-index-tablet) !important}}@media (max-width: 767px){.uag-blocks-common-selector{z-index:var(--z-index-mobile) !important}}\n\";s:2:\"js\";s:0:\"\";s:18:\"current_block_list\";a:11:{i:0;s:10:\"core\/cover\";i:1;s:12:\"core\/columns\";i:2;s:11:\"core\/column\";i:3;s:12:\"core\/heading\";i:4;s:11:\"core\/spacer\";i:5;s:14:\"core\/paragraph\";i:6;s:10:\"core\/group\";i:7;s:10:\"core\/image\";i:11;s:12:\"core\/buttons\";i:12;s:11:\"core\/button\";i:13;s:14:\"core\/separator\";}s:8:\"uag_flag\";b:0;s:11:\"uag_version\";s:10:\"1776254989\";s:6:\"gfonts\";a:0:{}s:10:\"gfonts_url\";s:0:\"\";s:12:\"gfonts_files\";a:0:{}s:14:\"uag_faq_layout\";b:0;}"]},"uagb_featured_image_src":{"full":false,"thumbnail":false,"medium":false,"medium_large":false,"large":false,"1536x1536":false,"2048x2048":false,"crunchify-admin-post-featured-image":false,"commercegurus-pdp-large":false,"commercegurus-plp-mobile":false,"cgkit_image_swatch":false,"woocommerce_thumbnail":false,"woocommerce_single":false,"woocommerce_gallery_thumbnail":false},"uagb_author_info":{"display_name":"Alex James","author_link":"https:\/\/praxas.com\/de\/author\/alex\/"},"uagb_comment_info":0,"uagb_excerpt":"Praxas Unterst\u00fctzung Bevor Sie sich an unser Support-Team wenden, empfehlen wir Ihnen, unsere h\u00e4ufig gestellten Fragen durchzulesen, um schnelle L\u00f6sungen f\u00fcr h\u00e4ufige Probleme zu finden. Spezielle FAQ-Abschnitte f\u00fcr EasyLog- und LogTag-Produkte finden Sie unter der Registerkarte Support oder indem Sie den unten stehenden Links folgen. EasyLog Unterst\u00fctzung LogTag Unterst\u00fctzung Weitere Unterst\u00fctzung Wenn Sie die gew\u00fcnschten&hellip;","_links":{"self":[{"href":"https:\/\/praxas.com\/de\/wp-json\/wp\/v2\/pages\/25684","targetHints":{"allow":["GET"]}}],"collection":[{"href":"https:\/\/praxas.com\/de\/wp-json\/wp\/v2\/pages"}],"about":[{"href":"https:\/\/praxas.com\/de\/wp-json\/wp\/v2\/types\/page"}],"author":[{"embeddable":true,"href":"https:\/\/praxas.com\/de\/wp-json\/wp\/v2\/users\/8383"}],"replies":[{"embeddable":true,"href":"https:\/\/praxas.com\/de\/wp-json\/wp\/v2\/comments?post=25684"}],"version-history":[{"count":12,"href":"https:\/\/praxas.com\/de\/wp-json\/wp\/v2\/pages\/25684\/revisions"}],"predecessor-version":[{"id":44748,"href":"https:\/\/praxas.com\/de\/wp-json\/wp\/v2\/pages\/25684\/revisions\/44748"}],"wp:attachment":[{"href":"https:\/\/praxas.com\/de\/wp-json\/wp\/v2\/media?parent=25684"}],"curies":[{"name":"wp","href":"https:\/\/api.w.org\/{rel}","templated":true}]}}