{"id":25705,"date":"2023-08-22T10:55:48","date_gmt":"2023-08-22T10:55:48","guid":{"rendered":"https:\/\/staging.praxas.com\/ueber-uns\/karriere\/"},"modified":"2025-06-20T09:52:02","modified_gmt":"2025-06-20T09:52:02","slug":"karriere","status":"publish","type":"page","link":"https:\/\/praxas.com\/de\/ueber-uns\/karriere\/","title":{"rendered":"Karriere"},"content":{"rendered":"\n<div class=\"wp-block-cover alignfull\" style=\"min-height:350px;aspect-ratio:unset;\"><span aria-hidden=\"true\" class=\"wp-block-cover__background has-background-dim-10 has-background-dim\"><\/span><img loading=\"lazy\" decoding=\"async\" width=\"3780\" height=\"709\" class=\"wp-block-cover__image-background wp-image-44685\" alt=\"Careers - Join Our Team - New Style Banner - Biomedical\" src=\"https:\/\/praxas.com\/wp-content\/uploads\/PRAXAS_CareersBIO.png\" data-object-fit=\"cover\" srcset=\"https:\/\/praxas.com\/wp-content\/uploads\/PRAXAS_CareersBIO.png 3780w, https:\/\/praxas.com\/wp-content\/uploads\/PRAXAS_CareersBIO-300x56.png 300w, https:\/\/praxas.com\/wp-content\/uploads\/PRAXAS_CareersBIO-1024x192.png 1024w, https:\/\/praxas.com\/wp-content\/uploads\/PRAXAS_CareersBIO-768x144.png 768w, https:\/\/praxas.com\/wp-content\/uploads\/PRAXAS_CareersBIO-1536x288.png 1536w, https:\/\/praxas.com\/wp-content\/uploads\/PRAXAS_CareersBIO-2048x384.png 2048w, https:\/\/praxas.com\/wp-content\/uploads\/PRAXAS_CareersBIO-120x23.png 120w, https:\/\/praxas.com\/wp-content\/uploads\/PRAXAS_CareersBIO-990x186.png 990w, https:\/\/praxas.com\/wp-content\/uploads\/PRAXAS_CareersBIO-441x83.png 441w, https:\/\/praxas.com\/wp-content\/uploads\/PRAXAS_CareersBIO-350x66.png 350w, https:\/\/praxas.com\/wp-content\/uploads\/PRAXAS_CareersBIO-800x150.png 800w, https:\/\/praxas.com\/wp-content\/uploads\/PRAXAS_CareersBIO-150x28.png 150w\" sizes=\"auto, (max-width: 3780px) 100vw, 3780px\" \/><div class=\"wp-block-cover__inner-container has-global-padding is-layout-constrained wp-container-core-cover-is-layout-a4c69c57 wp-block-cover-is-layout-constrained\">\n<div class=\"wp-block-group has-global-padding is-layout-constrained wp-container-core-group-is-layout-a4c69c57 wp-block-group-is-layout-constrained\">\n<div class=\"wp-block-columns is-layout-flex wp-container-core-columns-is-layout-28f84493 wp-block-columns-is-layout-flex\">\n<div class=\"wp-block-column is-layout-flow wp-block-column-is-layout-flow\" style=\"flex-basis:70%\">\n<h1 class=\"wp-block-heading\">Entdecken Sie eine Karriere bei Praxas<\/h1>\n\n\n\n<p>Bei Praxas sch\u00fctzen wir temperaturempfindliche Produkte mit innovativen \u00dcberwachungs- und Lagerungsl\u00f6sungen. Als Teil der globalen CIMSENSE Gruppe bieten wir ein dynamisches Umfeld, in dem Ihre Karriere gedeihen kann. <\/p>\n\n\n\n<p>Machen Sie den n\u00e4chsten Schritt in Ihrer Karriere und haben Sie einen echten Einfluss auf die Einhaltung von Temperaturvorschriften weltweit.<\/p>\n<\/div>\n\n\n\n<div class=\"wp-block-column is-layout-flow wp-block-column-is-layout-flow\" style=\"flex-basis:33.33%\"><\/div>\n<\/div>\n<\/div>\n<\/div><\/div>\n\n<div style=\"height:60px\" aria-hidden=\"true\" class=\"wp-block-spacer\"><\/div>\n\n<div class=\"wp-block-group alignfull has-global-padding is-layout-constrained wp-container-core-group-is-layout-a4c69c57 wp-block-group-is-layout-constrained\">\n<div class=\"wp-block-columns is-layout-flex wp-container-core-columns-is-layout-28f84493 wp-block-columns-is-layout-flex\">\n<div class=\"wp-block-column is-layout-flow wp-block-column-is-layout-flow\">\n<h2 class=\"wp-block-heading has-text-color has-link-color wp-elements-42a101d7f437da9748985e7072534439\" style=\"color:#009ee0\">Wer sind wir?<\/h2>\n\n\n\n<p>Wir bei Praxas sorgen daf\u00fcr, dass unsere Kunden ein zuverl\u00e4ssiges und sicheres Umfeld f\u00fcr ihre Waren, Personen und Besitzt\u00fcmer vorfinden. Unser Expertenteam ist bestrebt, einen au\u00dfergew\u00f6hnlichen Service zu bieten und unseren Partnern mit unseren innovativen Produkten und Dienstleistungen zu helfen, effizienter und sicherer zu arbeiten.<\/p>\n\n\n\n<p>Als Teil der <a href=\"https:\/\/praxas.com\/de\/cimsense\/\" data-type=\"link\" data-id=\"https:\/\/praxas.com\/en\/we-are-cimsense\/\">CIMSENSE Gruppe<\/a>, einem weltweit f\u00fchrenden Anbieter von Steuerungen, Instrumenten, Messger\u00e4ten und Sensoren, operieren wir von den Niederlanden aus und bedienen haupts\u00e4chlich Europa und Gro\u00dfbritannien. Mit Pl\u00e4nen, \u00fcber unseren Webshop und unser H\u00e4ndlernetz zu expandieren, ist Praxas f\u00fcr ein starkes Wachstum in den kommenden Jahren ger\u00fcstet. <\/p>\n\n\n\n<p>Eine Karriere bei Praxas bedeutet, sich einem Team anzuschlie\u00dfen, das Innovation, Pr\u00e4zision und Schutz sch\u00e4tzt. Wir glauben, dass wir durch Messung und Schutz zu einer sichereren, besseren Welt beitragen k\u00f6nnen.<\/p>\n<\/div>\n<\/div>\n<\/div>\n\n<div style=\"height:60px\" aria-hidden=\"true\" class=\"wp-block-spacer\"><\/div>\n\n<div class=\"wp-block-group alignfull has-global-padding is-layout-constrained wp-container-core-group-is-layout-a4c69c57 wp-block-group-is-layout-constrained\">\n<div class=\"wp-block-columns is-layout-flex wp-container-core-columns-is-layout-a5331a9e wp-block-columns-is-layout-flex\" style=\"padding-top:0;padding-right:0;padding-bottom:0;padding-left:0\">\n<div class=\"wp-block-column is-layout-flow wp-block-column-is-layout-flow\">\n<h3 class=\"wp-block-heading has-text-color has-link-color has-x-large-font-size wp-elements-27dbc6352c3d7beef86e2c07f0e70c90\" style=\"color:#009ee0\">Aktuelle Karrierem\u00f6glichkeiten<\/h3>\n\n\n\n<div class=\"wp-block-columns has-background is-layout-flex wp-container-core-columns-is-layout-85bea71e wp-block-columns-is-layout-flex\" style=\"background-color:#f2f3f7;padding-top:var(--wp--preset--spacing--small);padding-right:var(--wp--preset--spacing--small);padding-bottom:var(--wp--preset--spacing--small);padding-left:var(--wp--preset--spacing--small)\">\n<div class=\"wp-block-column is-layout-flow wp-block-column-is-layout-flow\" style=\"padding-top:0;padding-right:var(--wp--preset--spacing--medium);padding-bottom:0;padding-left:var(--wp--preset--spacing--medium)\">\n<div style=\"height:20px\" aria-hidden=\"true\" class=\"wp-block-spacer\"><\/div>\n\n\n\n<h4 class=\"wp-block-heading has-medium-font-size\">Stellenangebot: (Kaufm\u00e4nnischer) Interner Service Mitarbeiter bei Praxas B.V. in Breda<\/h4>\n\n\n\n<p class=\"has-text-align-left has-small-font-size\">Sind Sie auf der Suche nach einer anspruchsvollen Position im Innendienst in einem dynamischen und wachsenden Umfeld? Bei Praxas, dem Spezialisten f\u00fcr L\u00f6sungen zur Schadensverh\u00fctung in der Lieferkette, suchen wir einen enthusiastischen Mitarbeiter f\u00fcr den Innendienst zur Verst\u00e4rkung unseres Teams. Unser Auftrag ist klar: Wir arbeiten jeden Tag daran, wertvolle Waren zu pr\u00fcfen und vor Sch\u00e4den zu sch\u00fctzen und sicherzustellen, dass sie in gutem Zustand an ihrem Bestimmungsort ankommen. F\u00fchlen Sie sich davon angesprochen? Dann lesen Sie weiter!    <\/p>\n\n\n\n<p class=\"has-text-align-left has-small-font-size\">Als (kaufm\u00e4nnischer) Interner Service-Mitarbeiter bei Praxas haben Sie eine vielseitige Aufgabe, bei der kein Tag dem anderen gleicht. Bei Praxas sind Sie das Bindeglied zwischen unserem Unternehmen und unseren Kunden. Mit Ihrer serviceorientierten Einstellung und Ihren kaufm\u00e4nnischen F\u00e4higkeiten sorgen Sie f\u00fcr einen reibungslosen Bestellvorgang und ein hervorragendes Kundenerlebnis.  <\/p>\n\n\n\n<div class=\"wp-block-columns is-layout-flex wp-container-core-columns-is-layout-28f84493 wp-block-columns-is-layout-flex\">\n<div class=\"wp-block-column has-background is-layout-flow wp-block-column-is-layout-flow\" style=\"border-radius:15px;background-color:#e5e5e5;padding-top:var(--wp--preset--spacing--medium);padding-right:var(--wp--preset--spacing--medium);padding-bottom:var(--wp--preset--spacing--medium);padding-left:var(--wp--preset--spacing--medium)\">\n<h5 class=\"wp-block-heading has-small-font-size\">Was erwarten wir von Ihnen?<\/h5>\n\n\n\n<ul class=\"wp-block-list has-small-font-size\">\n<li>Interne Unterst\u00fctzung: Sie sind der Ansprechpartner f\u00fcr Ihre Kollegen und bieten bei Bedarf Unterst\u00fctzung.<\/li>\n\n\n\n<li>Lernbegierig und enthusiastisch: Sie lernen gerne neue Dinge und ergreifen die Initiative.<\/li>\n\n\n\n<li>Unabh\u00e4ngig und teamorientiert: Sie k\u00f6nnen unabh\u00e4ngig arbeiten, aber auch gut im Team funktionieren.<\/li>\n\n\n\n<li>Mindestens MBO+ Arbeits- und Denkniveau: Vorzugsweise erg\u00e4nzt durch Erfahrung in einem technischen, kommerziellen und serviceorientierten B2B-Umfeld.<\/li>\n\n\n\n<li>Kaufm\u00e4nnische F\u00e4higkeiten: Sie haben einen Sinn f\u00fcr Kundenorientierung und k\u00f6nnen sich mit unserer Mission, Vision und unseren Grundwerten identifizieren.<\/li>\n\n\n\n<li>Sprachkenntnisse: Sie beherrschen die niederl\u00e4ndische und englische Sprache in Wort und Schrift.<\/li>\n\n\n\n<li>Computerkenntnisse: Sie haben eine gute Grundlage im Umgang mit Computern und verschiedenen Systemen.<\/li>\n<\/ul>\n<\/div>\n\n\n\n<div class=\"wp-block-column has-background is-layout-flow wp-block-column-is-layout-flow\" style=\"border-radius:15px;background-color:#e5e5e5;padding-top:var(--wp--preset--spacing--medium);padding-right:var(--wp--preset--spacing--medium);padding-bottom:var(--wp--preset--spacing--medium);padding-left:var(--wp--preset--spacing--medium)\">\n<h5 class=\"wp-block-heading has-small-font-size\">Ihre Hauptaufgaben sind:<\/h5>\n\n\n\n<ul class=\"wp-block-list has-small-font-size\">\n<li>Lagerverwaltung: Sicherstellung optimaler Lagerbest\u00e4nde und Erkennung von Engp\u00e4ssen.<\/li>\n\n\n\n<li>Auftragsabwicklung: Entgegennahme und Versand von Bestellungen, damit unsere Kunden ihre Produkte p\u00fcnktlich erhalten.<\/li>\n\n\n\n<li>Vorbereiten der Datenrekorder: Konfigurieren und dokumentieren Sie die Datenrekorder so, dass sie f\u00fcr den Versand bereit sind.<\/li>\n\n\n\n<li>Verpackungsmaterial: Verantwortung f\u00fcr das richtige Verpackungsmaterial, damit jede Sendung sicher versandt wird.<\/li>\n\n\n\n<li>Kundenkontakt: Pflege der Kundenbeziehungen und Beantwortung von (technischen) Fragen zur Auftragsabwicklung und zu den Lieferzeiten.<\/li>\n\n\n\n<li>Angebotsprozess: Denken Sie im Rahmen des Angebotsprozesses in L\u00f6sungen f\u00fcr Kunden und beraten Sie diese \u00fcber die besten Produkte und Dienstleistungen.<\/li>\n<\/ul>\n<\/div>\n<\/div>\n\n\n\n<p class=\"has-text-align-left has-small-font-size\"><strong>Was bieten wir Ihnen?<\/strong>  Bei Praxas finden Sie ein offenes und informelles Arbeitsumfeld vor, in dem Arbeitszufriedenheit und Zusammenarbeit im Mittelpunkt stehen. Dar\u00fcber hinaus bieten wir: <\/p>\n\n\n\n<ul class=\"wp-block-list\">\n<li>Vertrag: 40 Stunden pro Woche, auf Wunsch mit Flexibilit\u00e4t f\u00fcr weniger Stunden.<\/li>\n\n\n\n<li>Urlaub: 25 Tage pro Jahr (basierend auf einer 40-Stunden-Woche).<\/li>\n\n\n\n<li>Ihr Gehalt: Ein gutes Gehalt, das Ihrer Erfahrung und Ihrem Verantwortungsbereich angemessen ist.<\/li>\n\n\n\n<li>Altersvorsorge: F\u00fcr eine sorglose Zukunft.<\/li>\n\n\n\n<li>Urlaubsgeld: Ein Bonus f\u00fcr Ihre Urlaubspl\u00e4ne.<\/li>\n\n\n\n<li>Fahrtkostenzuschuss: F\u00fcr Pendler ab 10 km.<\/li>\n<\/ul>\n\n\n\n<div style=\"height:10px\" aria-hidden=\"true\" class=\"wp-block-spacer\"><\/div>\n\n\n\n<p><strong>Interessiert?<\/strong>  Sind Sie bereit f\u00fcr eine neue Herausforderung und m\u00f6chten Sie Teil eines lustigen, informellen Teams in Breda sein? Dann senden Sie uns Ihre Bewerbung an <a href=\"mailto:vacature@praxas.com\">vacature@praxas.com<\/a> oder besuchen Sie unser <a href=\"https:\/\/www.linkedin.com\/company\/praxas-b-v-\/jobs\/\" data-type=\"link\" data-id=\"https:\/\/www.linkedin.com\/company\/praxas-b-v-\/jobs\/\" target=\"_blank\" rel=\"noopener\">LinkedIn<\/a> <\/p>\n\n\n\n<div style=\"height:30px\" aria-hidden=\"true\" class=\"wp-block-spacer\"><\/div>\n<\/div>\n<\/div>\n\n\n\n<div style=\"height:30px\" aria-hidden=\"true\" class=\"wp-block-spacer\"><\/div>\n\n\n\n<p><em>Akquisitionen als Antwort auf diese Stellenangebote werden nicht gew\u00fcrdigt<\/em><\/p>\n<\/div>\n<\/div>\n<\/div>\n\n<div style=\"height:60px\" aria-hidden=\"true\" class=\"wp-block-spacer\"><\/div>\n","protected":false},"excerpt":{"rendered":"<p>Wer sind wir? Wir bei Praxas sorgen daf\u00fcr, dass unsere Kunden ein zuverl\u00e4ssiges und sicheres Umfeld f\u00fcr ihre Waren, Personen und Besitzt\u00fcmer vorfinden. Unser Expertenteam ist bestrebt, einen au\u00dfergew\u00f6hnlichen Service zu bieten und unseren Partnern mit unseren innovativen Produkten und Dienstleistungen zu helfen, effizienter und sicherer zu arbeiten. Als Teil der CIMSENSE Gruppe, einem weltweit [&hellip;]<\/p>\n","protected":false},"author":8383,"featured_media":0,"parent":25407,"menu_order":0,"comment_status":"closed","ping_status":"closed","template":"template-fullwidth-no-heading.php","meta":{"_acf_changed":false,"content-type":"","_uag_custom_page_level_css":"","footnotes":""},"class_list":["post-25705","page","type-page","status-publish","hentry"],"acf":[],"spectra_custom_meta":{"hero_image":[""],"_hero_image":["field_64f1a7da7af44"],"_hero_h1":["field_64f19e1edd052"],"_hero_h2":["field_64f19e2ddd053"],"_hero_text":["field_64f19e42dd054"],"_hero_button_text":["field_64f19e4edd055"],"_hero_button_link":["field_64f19e5ddd056"],"_top_nav_excluded":[""],"_cms_nav_minihome":[""],"_wp_page_template":["template-fullwidth-no-heading.php"],"_last_translation_edit_mode":["translation-editor"],"rank_math_og_content_image":["a:2:{s:5:\"check\";s:32:\"5d093a1ab9dee9cfb220a765400c7c9d\";s:6:\"images\";a:1:{i:0;i:44685;}}"],"rank_math_analytic_object_id":["789"],"rank_math_title":["Karrierechancen - Werden Sie Teil des Teams %sep% %sitename%"],"rank_math_description":["Entdecken Sie spannende Karrieren bei Praxas. Werden Sie Teil unseres Teams und wachsen Sie mit uns - entdecken Sie noch heute Jobangebote, die Ihren F\u00e4higkeiten und Ambitionen entsprechen! "],"rank_math_focus_keyword":["Karriere"],"_wpml_word_count":["847"],"_uag_css_file_name":["uag-css-25705.css"],"_uag_page_assets":["a:9:{s:3:\"css\";s:263:\".uag-blocks-common-selector{z-index:var(--z-index-desktop) !important}@media (max-width: 976px){.uag-blocks-common-selector{z-index:var(--z-index-tablet) !important}}@media (max-width: 767px){.uag-blocks-common-selector{z-index:var(--z-index-mobile) !important}}\n\";s:2:\"js\";s:0:\"\";s:18:\"current_block_list\";a:9:{i:0;s:10:\"core\/cover\";i:1;s:10:\"core\/group\";i:2;s:12:\"core\/columns\";i:3;s:11:\"core\/column\";i:4;s:12:\"core\/heading\";i:5;s:14:\"core\/paragraph\";i:6;s:11:\"core\/spacer\";i:7;s:9:\"core\/list\";i:8;s:14:\"core\/list-item\";}s:8:\"uag_flag\";b:0;s:11:\"uag_version\";s:10:\"1776236846\";s:6:\"gfonts\";a:0:{}s:10:\"gfonts_url\";s:0:\"\";s:12:\"gfonts_files\";a:0:{}s:14:\"uag_faq_layout\";b:0;}"]},"uagb_featured_image_src":{"full":false,"thumbnail":false,"medium":false,"medium_large":false,"large":false,"1536x1536":false,"2048x2048":false,"crunchify-admin-post-featured-image":false,"commercegurus-pdp-large":false,"commercegurus-plp-mobile":false,"cgkit_image_swatch":false,"woocommerce_thumbnail":false,"woocommerce_single":false,"woocommerce_gallery_thumbnail":false},"uagb_author_info":{"display_name":"Alex James","author_link":"https:\/\/praxas.com\/de\/author\/alex\/"},"uagb_comment_info":0,"uagb_excerpt":"Wer sind wir? Wir bei Praxas sorgen daf\u00fcr, dass unsere Kunden ein zuverl\u00e4ssiges und sicheres Umfeld f\u00fcr ihre Waren, Personen und Besitzt\u00fcmer vorfinden. Unser Expertenteam ist bestrebt, einen au\u00dfergew\u00f6hnlichen Service zu bieten und unseren Partnern mit unseren innovativen Produkten und Dienstleistungen zu helfen, effizienter und sicherer zu arbeiten. Als Teil der CIMSENSE Gruppe, einem weltweit&hellip;","_links":{"self":[{"href":"https:\/\/praxas.com\/de\/wp-json\/wp\/v2\/pages\/25705","targetHints":{"allow":["GET"]}}],"collection":[{"href":"https:\/\/praxas.com\/de\/wp-json\/wp\/v2\/pages"}],"about":[{"href":"https:\/\/praxas.com\/de\/wp-json\/wp\/v2\/types\/page"}],"author":[{"embeddable":true,"href":"https:\/\/praxas.com\/de\/wp-json\/wp\/v2\/users\/8383"}],"replies":[{"embeddable":true,"href":"https:\/\/praxas.com\/de\/wp-json\/wp\/v2\/comments?post=25705"}],"version-history":[{"count":10,"href":"https:\/\/praxas.com\/de\/wp-json\/wp\/v2\/pages\/25705\/revisions"}],"predecessor-version":[{"id":45353,"href":"https:\/\/praxas.com\/de\/wp-json\/wp\/v2\/pages\/25705\/revisions\/45353"}],"up":[{"embeddable":true,"href":"https:\/\/praxas.com\/de\/wp-json\/wp\/v2\/pages\/25407"}],"wp:attachment":[{"href":"https:\/\/praxas.com\/de\/wp-json\/wp\/v2\/media?parent=25705"}],"curies":[{"name":"wp","href":"https:\/\/api.w.org\/{rel}","templated":true}]}}