{"id":25712,"date":"2023-08-22T10:41:44","date_gmt":"2023-08-22T10:41:44","guid":{"rendered":"https:\/\/staging.praxas.com\/software\/panelpilot-software\/panelpilotace-design-studio\/"},"modified":"2024-07-22T09:39:26","modified_gmt":"2024-07-22T09:39:26","slug":"panelpilotace-design-studio","status":"publish","type":"page","link":"https:\/\/praxas.com\/de\/panelpilotace-design-studio\/","title":{"rendered":"PanelPilotACE Design Studio"},"content":{"rendered":"","protected":false},"excerpt":{"rendered":"","protected":false},"author":1,"featured_media":25715,"parent":0,"menu_order":3,"comment_status":"closed","ping_status":"closed","template":"template-software.php","meta":{"_acf_changed":false,"content-type":"","_uag_custom_page_level_css":"","footnotes":""},"class_list":["post-25712","page","type-page","status-publish","has-post-thumbnail","hentry"],"acf":[],"spectra_custom_meta":{"hero_image":[""],"_hero_image":["field_64f1a7da7af44"],"_hero_h1":["field_64f19e1edd052"],"_hero_h2":["field_64f19e2ddd053"],"_hero_text":["field_64f19e42dd054"],"_hero_button_text":["field_64f19e4edd055"],"_hero_button_link":["field_64f19e5ddd056"],"_section_1_left_logo":["field_651e72281c3c5"],"_section_1_header_text":["field_651e7c25d75f7"],"_section_1_content":["field_651e75bf15788"],"_section_1_download_button_link":["field_651e75feff811"],"_section_2_header_text":["field_651e773b3573b"],"_section_2_content":["field_651e775b3573d"],"_section_3_header_text":["field_651e7df523dc1"],"_section_3_content":["field_651e7e0c23dc2"],"_top_nav_excluded":[""],"_cms_nav_minihome":[""],"_wp_page_template":["template-software.php"],"_thumbnail_id":["25715"],"_last_translation_edit_mode":["native-editor"],"rank_math_title":["PanelPilotACE Design Studio | Anpassbare HMIs und Displays"],"rank_math_description":["Laden Sie unsere kostenlose Software PanelPilotACE Design Studio herunter, die Sie mit allen PanelPilotACE Produkten verwenden k\u00f6nnen. Rufen Sie unser Verkaufsteam an, wenn Sie weitere individuelle L\u00f6sungen w\u00fcnschen."],"rank_math_focus_keyword":["PanelPilotACE Design Studio"],"section_1_header_text":["PanelPilotACE Design Studio"],"section_1_content":["Laden Sie die Version 4.0.2.4064 unserer Software PanelPilotACE Design Studio herunter, die f\u00fcr die Verwendung mit allen <span style=\"text-decoration: underline;\"><strong><a href=\"\/de\/produkt-kategorie\/panelpilot-zeigt-an\/panelpilotace-de\/\">PanelPilotACE<\/a><\/strong><\/span> Produkten einschlie\u00dflich des <span style=\"text-decoration: underline;\"><strong><a href=\"\/de\/product\/datenlogger\/temperatur-datenlogger\/el-sgd-70-atp\/\">EL-SGD 70-ATP<\/a><\/strong><\/span> und <span style=\"text-decoration: underline;\"><strong><a href=\"\/de\/product\/datenlogger\/temperatur-datenlogger\/el-sgd-43-atp\/\">EL-SGD 43-ATP<\/a><\/strong><\/span>. Diese neueste Version des PanelPilotACE Design Studio dient der Entwicklung von Anwendungen, die auf der 4,3\" und 7\" PanelPilotACE Display-Hardware ausgef\u00fchrt werden k\u00f6nnen und ist mit Windows 10 und 11 kompatibel.\r\n\r\nDie neueste Version bietet Ihnen das CAN-Bus J1939-Protokoll (zur Verwendung mit der <span style=\"text-decoration: underline;\"><strong><a href=\"\/de\/product\/panelpilot-zeigt-an\/zubehor-de-2\/s70-can\/\">S70-CAN Zusatzkarte<\/a><\/strong><\/span>), das Number-Spinner-Element, mit dem Sie eine komfortable Benutzeroberfl\u00e4che f\u00fcr die Zahlenauswahl erstellen k\u00f6nnen, sowie verbesserte Diagramme und Mehrkanal-Datenprotokollierung.\r\n\r\nFr\u00fchere Versionen f\u00fcgten PID-Steuerung, Ethernet-FTP f\u00fcr protokollierte Daten und Mehrkanal-Datenprotokollierung und Trendgrafiken hinzu. Diese kommen zu den bereits beliebten Protokollen RS485 und MODBUS sowie den Funktionen String Builder, Thermistorelemente und Passwortschutz hinzu."],"section_1_download_button_link":["https:\/\/s3.amazonaws.com\/lascar_downloads\/Panel+Pilot+ACE\/PanelPilotACE_4.0.2.4064.exe"],"section_2_header_text":["<center><h1>Willkommen bei PanelPilotACE Design Studio Software<\/h1><\/center>"],"section_2_content":["<p style=\"text-align: center;\"><iframe title=\"PanelPilotACE - Intelligente Grafikdisplays. Ohne Code zu schreiben.\" src=\"https:\/\/www.youtube.com\/embed\/EV_m3dcdRc8\" width=\"824\" height=\"464\" frameborder=\"0\" allowfullscreen=\"allowfullscreen\"><\/iframe><\/p>"],"section_3_header_text":["PanelPilot Tutorial-Kanal"],"section_3_content":["<img class=\"size-medium wp-image-12662 alignleft\" src=\"https:\/\/praxas.com\/wp-content\/uploads\/youtubetutorialonscreen-displays-300x300.png\" alt=\"\" width=\"300\" height=\"300\" \/>\r\n\r\nBesuchen und abonnieren Sie den <span style=\"text-decoration: underline;\"><strong><a href=\"https:\/\/www.youtube.com\/c\/panelpilot\" target=\"_blank\" rel=\"noopener\">PanelPilot Tutorial-Kanal<\/a><\/strong><\/span> und sehen Sie sich eine Reihe von Tutorial-Videos an, die Ihnen zeigen, wie Sie in etwa 15 Minuten ein Mehrkanal-Panelmeter bauen.\r\n\r\nDer PanelPilot-Tutorial-Kanal enth\u00e4lt Optionen sowohl f\u00fcr <span style=\"text-decoration: underline;\"><strong><a href=\"https:\/\/www.youtube.com\/watch?v=5VqRoIJtgVc&amp;list=PLKSUxzXJy0JKrWoW4x4m3h3bRdwfe2fxY\" target=\"_blank\" rel=\"noopener\">BASIC<\/a><\/strong><\/span> und <span style=\"text-decoration: underline;\"><strong><a href=\"https:\/\/www.youtube.com\/watch?v=EcnayNJ-OpI&amp;list=PLKSUxzXJy0JJDe0t7q3GUiRRiwmxzaRYd\" target=\"_blank\" rel=\"noopener\">ADVANCED<\/a><\/strong><\/span> Benutzer, so dass Sie unabh\u00e4ngig von Ihrer Erfahrung mit PanelPilotACE Zugang zu gro\u00dfartigen Videotools haben, mit denen Sie Ihr Projekt schnell und effizient beginnen und abschlie\u00dfen k\u00f6nnen."],"_edit_lock":["1721641033:8383"],"classic-editor-remember":["classic-editor"],"rank_math_seo_score":["74"],"_edit_last":["8383"],"hero_h1":[""],"hero_h2":[""],"hero_text":[""],"hero_button_text":[""],"hero_button_link":[""],"section_1_left_logo":["14590"],"_wpml_media_duplicate":["1"],"_wpml_media_featured":["1"],"_uag_page_assets":["a:9:{s:3:\"css\";s:0:\"\";s:2:\"js\";s:0:\"\";s:18:\"current_block_list\";a:0:{}s:8:\"uag_flag\";b:0;s:11:\"uag_version\";s:10:\"1776763693\";s:6:\"gfonts\";a:0:{}s:10:\"gfonts_url\";s:0:\"\";s:12:\"gfonts_files\";a:0:{}s:14:\"uag_faq_layout\";b:0;}"]},"uagb_featured_image_src":{"full":["https:\/\/praxas.com\/wp-content\/uploads\/SGD-70-A-Design-Studio.jpg",1200,630,false],"thumbnail":["https:\/\/praxas.com\/wp-content\/uploads\/SGD-70-A-Design-Studio-150x150.jpg",150,150,true],"medium":["https:\/\/praxas.com\/wp-content\/uploads\/SGD-70-A-Design-Studio-300x158.jpg",300,158,true],"medium_large":["https:\/\/praxas.com\/wp-content\/uploads\/SGD-70-A-Design-Studio-768x403.jpg",768,403,true],"large":["https:\/\/praxas.com\/wp-content\/uploads\/SGD-70-A-Design-Studio-1024x538.jpg",1024,538,true],"1536x1536":["https:\/\/praxas.com\/wp-content\/uploads\/SGD-70-A-Design-Studio.jpg",1200,630,false],"2048x2048":["https:\/\/praxas.com\/wp-content\/uploads\/SGD-70-A-Design-Studio.jpg",1200,630,false],"crunchify-admin-post-featured-image":["https:\/\/praxas.com\/wp-content\/uploads\/SGD-70-A-Design-Studio-120x63.jpg",120,63,true],"commercegurus-pdp-large":["https:\/\/praxas.com\/wp-content\/uploads\/SGD-70-A-Design-Studio-990x520.jpg",990,520,true],"commercegurus-plp-mobile":["https:\/\/praxas.com\/wp-content\/uploads\/SGD-70-A-Design-Studio-441x232.jpg",441,232,true],"cgkit_image_swatch":["https:\/\/praxas.com\/wp-content\/uploads\/SGD-70-A-Design-Studio-100x100.jpg",100,100,true],"woocommerce_thumbnail":["https:\/\/praxas.com\/wp-content\/uploads\/SGD-70-A-Design-Studio-300x158.jpg",300,158,true],"woocommerce_single":["https:\/\/praxas.com\/wp-content\/uploads\/SGD-70-A-Design-Studio-800x420.jpg",800,420,true],"woocommerce_gallery_thumbnail":["https:\/\/praxas.com\/wp-content\/uploads\/SGD-70-A-Design-Studio-150x79.jpg",150,79,true]},"uagb_author_info":{"display_name":"AndyS","author_link":"https:\/\/praxas.com\/de\/author\/andys\/"},"uagb_comment_info":0,"uagb_excerpt":null,"_links":{"self":[{"href":"https:\/\/praxas.com\/de\/wp-json\/wp\/v2\/pages\/25712","targetHints":{"allow":["GET"]}}],"collection":[{"href":"https:\/\/praxas.com\/de\/wp-json\/wp\/v2\/pages"}],"about":[{"href":"https:\/\/praxas.com\/de\/wp-json\/wp\/v2\/types\/page"}],"author":[{"embeddable":true,"href":"https:\/\/praxas.com\/de\/wp-json\/wp\/v2\/users\/1"}],"replies":[{"embeddable":true,"href":"https:\/\/praxas.com\/de\/wp-json\/wp\/v2\/comments?post=25712"}],"version-history":[{"count":2,"href":"https:\/\/praxas.com\/de\/wp-json\/wp\/v2\/pages\/25712\/revisions"}],"predecessor-version":[{"id":38325,"href":"https:\/\/praxas.com\/de\/wp-json\/wp\/v2\/pages\/25712\/revisions\/38325"}],"wp:featuredmedia":[{"embeddable":true,"href":"https:\/\/praxas.com\/de\/wp-json\/wp\/v2\/media\/25715"}],"wp:attachment":[{"href":"https:\/\/praxas.com\/de\/wp-json\/wp\/v2\/media?parent=25712"}],"curies":[{"name":"wp","href":"https:\/\/api.w.org\/{rel}","templated":true}]}}