{"id":25725,"date":"2023-08-22T10:33:27","date_gmt":"2023-08-22T10:33:27","guid":{"rendered":"https:\/\/staging.praxas.com\/software\/panelpilot-software\/panelpilot-b\/"},"modified":"2023-08-22T10:33:27","modified_gmt":"2023-08-22T10:33:27","slug":"panelpilot-b","status":"publish","type":"page","link":"https:\/\/praxas.com\/de\/panelpilot-b\/","title":{"rendered":"PanelPilot B"},"content":{"rendered":"","protected":false},"excerpt":{"rendered":"","protected":false},"author":1,"featured_media":25732,"parent":0,"menu_order":0,"comment_status":"closed","ping_status":"closed","template":"template-software.php","meta":{"_acf_changed":false,"content-type":"","_uag_custom_page_level_css":"","footnotes":""},"class_list":["post-25725","page","type-page","status-publish","has-post-thumbnail","hentry"],"acf":[],"spectra_custom_meta":{"hero_image":[""],"_hero_image":["field_64f1a7da7af44"],"_hero_h1":["field_64f19e1edd052"],"_hero_h2":["field_64f19e2ddd053"],"_hero_text":["field_64f19e42dd054"],"_hero_button_text":["field_64f19e4edd055"],"_hero_button_link":["field_64f19e5ddd056"],"section_1_left_logo":["16607"],"_section_1_left_logo":["field_651e72281c3c5"],"_section_1_header_text":["field_651e7c25d75f7"],"_section_1_content":["field_651e75bf15788"],"_section_1_download_button_link":["field_651e75feff811"],"_section_2_header_text":["field_651e773b3573b"],"_section_2_content":["field_651e775b3573d"],"_section_3_header_text":["field_651e7df523dc1"],"_section_3_content":["field_651e7e0c23dc2"],"_top_nav_excluded":[""],"_cms_nav_minihome":[""],"_wp_page_template":["template-software.php"],"rank_math_title":["PanelPilot B Software | Anpassbare kostenlose Software | Lascar"],"rank_math_description":["Die PanelPilot B Software kann kostenlos heruntergeladen werden. Sie wird verwendet, um das Erscheinungsbild und den Betrieb der App einzurichten und dann auf das Display hochgeladen."],"rank_math_focus_keyword":["PanelPilot B Software"],"section_1_header_text":["PanelPilot B"],"section_1_content":["Laden Sie die Version 1.04 unserer PanelPilot B Software f\u00fcr die Anpassung der neuen B-Serie herunter, kompatibel mit Windows 10 und 11."],"section_1_download_button_link":["https:\/\/s3.amazonaws.com\/lascar_downloads\/Panel+Pilot+B\/PanelPilot+B+V1.04.exe"],"section_2_header_text":["Willkommen bei PanelPilot B Software"],"section_2_content":["Die PanelPilot B Software k\u00f6nnen Sie kostenlos herunterladen. Die Software ist einfach zu installieren und zu verwenden und l\u00e4uft unter Windows 10 und 11. Die Software wird verwendet, um das Aussehen und die Bedienung der App einzurichten und diese Einstellungen dann auf das Display zu laden.\n\nMit der Software k\u00f6nnen Sie die folgenden Parameter konfigurieren:\n<ul>\n \t<li>Z\u00e4hlertyp und Textbeschriftungen (einschlie\u00dflich Einheitenbeschriftungen)<\/li>\n \t<li>Eingangsskalierung \/ Kalibrierung (an zwei Punkten)<\/li>\n \t<li>Dezimalpunkte (bei der Skalierung eingegeben)<\/li>\n \t<li>Splash Screen Bildauswahl<\/li>\n \t<li>Digitaler Stift<\/li>\n<\/ul>"],"section_3_header_text":["Erstellen Sie Ihre Bewerbung in 4 einfachen Schritten"],"section_3_content":["<strong><img class=\" wp-image-12677 alignleft\" src=\"https:\/\/praxas.com\/wp-content\/uploads\/application-selection-300x186.jpg\" alt=\"\" width=\"365\" height=\"226\"><\/strong>\n\n\u00a0\n\n<strong>1. Auswahl der Anwendung<\/strong>\n\nW\u00e4hlen Sie aus 6 beliebten Konfigurationen, darunter Analog- und Balkendiagramme.\n\n\u00a0\n\n\u00a0\n\n\u00a0\n\n\u00a0\n\n<img class=\" wp-image-12676 alignleft\" src=\"https:\/\/praxas.com\/wp-content\/uploads\/appearance-and-splash-screen-updated-300x186.jpg\" alt=\"\" width=\"371\" height=\"230\">\n\n<strong>2. Erscheinungsbild<\/strong>\n\nW\u00e4hlen Sie einen Farbstil, entweder schwarz auf wei\u00df oder invertiert, f\u00fcgen Sie benutzerdefinierte Textbeschriftungen hinzu und w\u00e4hlen Sie benutzerdefinierte Skalierungsoptionen.\n\n\u00a0\n\n\u00a0\n\n\u00a0\n\n\u00a0\n\n<img class=\"wp-image-12675 alignleft\" src=\"https:\/\/praxas.com\/wp-content\/uploads\/scaling-and-alarms-300x186.jpg\" alt=\"\" width=\"352\" height=\"218\">\n\n<strong>3. Splash Screen<\/strong>\n\nW\u00e4hlen Sie ein Bild Ihrer Wahl, z.B. ein Logo, das beim Einschalten erscheinen soll.\n\n\u00a0\n\n\u00a0\n\n\u00a0\n\n\u00a0\n\n<strong><img class=\"alignnone wp-image-12674 alignleft\" src=\"https:\/\/praxas.com\/wp-content\/uploads\/set-up-is-complete-300x186.jpg\" alt=\"\" width=\"368\" height=\"228\"><\/strong>\n\n\u00a0\n\n<strong>4. Die Einrichtung ist abgeschlossen<\/strong>\n\nSchlie\u00dfen Sie Ihr Display an den PC an und laden Sie Ihre Konfiguration hoch.\n\n\u00a0\n\n\u00a0\n\n\u00a0"],"_thumbnail_id":["25732"],"_uag_page_assets":["a:9:{s:3:\"css\";s:0:\"\";s:2:\"js\";s:0:\"\";s:18:\"current_block_list\";a:0:{}s:8:\"uag_flag\";b:0;s:11:\"uag_version\";s:10:\"1776763693\";s:6:\"gfonts\";a:0:{}s:10:\"gfonts_url\";s:0:\"\";s:12:\"gfonts_files\";a:0:{}s:14:\"uag_faq_layout\";b:0;}"]},"uagb_featured_image_src":{"full":["https:\/\/praxas.com\/wp-content\/uploads\/Softwarepage_Icons_PPB-2.jpg",1024,538,false],"thumbnail":["https:\/\/praxas.com\/wp-content\/uploads\/Softwarepage_Icons_PPB-2-150x150.jpg",150,150,true],"medium":["https:\/\/praxas.com\/wp-content\/uploads\/Softwarepage_Icons_PPB-2-300x158.jpg",300,158,true],"medium_large":["https:\/\/praxas.com\/wp-content\/uploads\/Softwarepage_Icons_PPB-2-768x404.jpg",768,404,true],"large":["https:\/\/praxas.com\/wp-content\/uploads\/Softwarepage_Icons_PPB-2.jpg",1024,538,false],"1536x1536":["https:\/\/praxas.com\/wp-content\/uploads\/Softwarepage_Icons_PPB-2.jpg",1024,538,false],"2048x2048":["https:\/\/praxas.com\/wp-content\/uploads\/Softwarepage_Icons_PPB-2.jpg",1024,538,false],"crunchify-admin-post-featured-image":["https:\/\/praxas.com\/wp-content\/uploads\/Softwarepage_Icons_PPB-2-120x63.jpg",120,63,true],"commercegurus-pdp-large":["https:\/\/praxas.com\/wp-content\/uploads\/Softwarepage_Icons_PPB-2-990x520.jpg",990,520,true],"commercegurus-plp-mobile":["https:\/\/praxas.com\/wp-content\/uploads\/Softwarepage_Icons_PPB-2-441x232.jpg",441,232,true],"cgkit_image_swatch":["https:\/\/praxas.com\/wp-content\/uploads\/Softwarepage_Icons_PPB-2-100x100.jpg",100,100,true],"woocommerce_thumbnail":["https:\/\/praxas.com\/wp-content\/uploads\/Softwarepage_Icons_PPB-2-350x184.jpg",350,184,true],"woocommerce_single":["https:\/\/praxas.com\/wp-content\/uploads\/Softwarepage_Icons_PPB-2-800x420.jpg",800,420,true],"woocommerce_gallery_thumbnail":["https:\/\/praxas.com\/wp-content\/uploads\/Softwarepage_Icons_PPB-2-150x79.jpg",150,79,true]},"uagb_author_info":{"display_name":"AndyS","author_link":"https:\/\/praxas.com\/de\/author\/andys\/"},"uagb_comment_info":0,"uagb_excerpt":null,"_links":{"self":[{"href":"https:\/\/praxas.com\/de\/wp-json\/wp\/v2\/pages\/25725","targetHints":{"allow":["GET"]}}],"collection":[{"href":"https:\/\/praxas.com\/de\/wp-json\/wp\/v2\/pages"}],"about":[{"href":"https:\/\/praxas.com\/de\/wp-json\/wp\/v2\/types\/page"}],"author":[{"embeddable":true,"href":"https:\/\/praxas.com\/de\/wp-json\/wp\/v2\/users\/1"}],"replies":[{"embeddable":true,"href":"https:\/\/praxas.com\/de\/wp-json\/wp\/v2\/comments?post=25725"}],"version-history":[{"count":0,"href":"https:\/\/praxas.com\/de\/wp-json\/wp\/v2\/pages\/25725\/revisions"}],"wp:featuredmedia":[{"embeddable":true,"href":"https:\/\/praxas.com\/de\/wp-json\/wp\/v2\/media\/25732"}],"wp:attachment":[{"href":"https:\/\/praxas.com\/de\/wp-json\/wp\/v2\/media?parent=25725"}],"curies":[{"name":"wp","href":"https:\/\/api.w.org\/{rel}","templated":true}]}}