{"id":25733,"date":"2023-08-22T10:28:33","date_gmt":"2023-08-22T10:28:33","guid":{"rendered":"https:\/\/staging.praxas.com\/software\/panelpilot-software\/panelpilot-m\/"},"modified":"2024-07-17T13:48:09","modified_gmt":"2024-07-17T13:48:09","slug":"panelpilot-m","status":"publish","type":"page","link":"https:\/\/praxas.com\/de\/panelpilot-m\/","title":{"rendered":"PanelPilot M"},"content":{"rendered":"","protected":false},"excerpt":{"rendered":"","protected":false},"author":1,"featured_media":25739,"parent":0,"menu_order":1,"comment_status":"closed","ping_status":"closed","template":"template-software.php","meta":{"_acf_changed":false,"content-type":"","_uag_custom_page_level_css":"","footnotes":""},"class_list":["post-25733","page","type-page","status-publish","has-post-thumbnail","hentry"],"acf":[],"spectra_custom_meta":{"hero_image":[""],"_hero_image":["field_64f1a7da7af44"],"_hero_h1":["field_64f19e1edd052"],"_hero_h2":["field_64f19e2ddd053"],"_hero_text":["field_64f19e42dd054"],"_hero_button_text":["field_64f19e4edd055"],"_hero_button_link":["field_64f19e5ddd056"],"section_1_left_logo":["16605"],"_section_1_left_logo":["field_651e72281c3c5"],"_section_1_header_text":["field_651e7c25d75f7"],"_section_1_content":["field_651e75bf15788"],"_section_1_download_button_link":["field_651e75feff811"],"_section_2_header_text":["field_651e773b3573b"],"_section_2_content":["field_651e775b3573d"],"_section_3_header_text":["field_651e7df523dc1"],"_section_3_content":["field_651e7e0c23dc2"],"_top_nav_excluded":[""],"_cms_nav_minihome":[""],"_wp_page_template":["template-software.php"],"_thumbnail_id":["25739"],"_last_translation_edit_mode":["translation-editor"],"rank_math_title":["PanelPilot M Software | Anpassbare Displays und HMIs"],"rank_math_description":["Laden Sie die PanelPilot M Software f\u00fcr Windows v2.29 herunter, um die PanelPilot-Displays der M-Reihe anzupassen, die mit Windows 10 und 11 kompatibel sind.  "],"rank_math_focus_keyword":["PanelPilot M Software"],"section_1_header_text":["PanelPilot M"],"section_1_content":["Laden Sie PanelPilot f\u00fcr Windows v2.29 herunter, um die originalen M-Displays von PanelPilot anzupassen, die mit Windows 10 und 11 kompatibel sind.\n\n<strong>WICHTIG:<\/strong> Stellen Sie sicher, dass Sie \"Nach Updates suchen\" ausf\u00fchren, bevor Sie Konfigurationen auf das Panel Pilot-Ger\u00e4t hochladen. Wenn Sie sich nicht sicher sind, wie Sie dies tun sollen, oder wenn Sie sonstige Hilfe mit der Software ben\u00f6tigen, wenden Sie sich bitte an unser Support-Team.\n\nWenn Sie sich nicht sicher sind, ob dies die Software ist, die Sie herunterladen m\u00fcssen, pr\u00fcfen Sie unser Dropdown-Men\u00fc <strong>\"Software zur Verwendung mit...\"<\/strong> auf der linken Seite."],"section_1_download_button_link":["https:\/\/s3.amazonaws.com\/lascar_downloads\/Panel+Pilot\/Panel+Pilot+V2_29.exe"],"section_2_header_text":["Willkommen bei PanelPilot M Software"],"section_2_content":["PanelPilot ist eine einzigartige Windows-basierte Software-Plattform, mit der Sie eine Reihe von Lascar-kompatiblen Bildschirmen mit einem einfachen Mausklick konfigurieren und anpassen k\u00f6nnen. W\u00e4hlen Sie aus \u00fcber 40 Konfigurationen und passen Sie sie in Sekundenschnelle an Ihre Anforderungen an. Zu den Konfigurationen geh\u00f6ren Balkendiagramme, Tankf\u00fcllst\u00e4nde, analoge Diagramme, Trenddiagramme und viele mehr. Sie k\u00f6nnen Farben, Textbeschriftungen, Einheiten und Eingabeskalierung anpassen, bevor Sie sie \u00fcber USB auf ein PanelPilot M-Display hochladen."],"section_3_header_text":["Einfach zu benutzen - 6 einfache Schritte"],"section_3_content":["\u00a0\n\n<strong><img class=\"alignleft wp-image-12682\" src=\"https:\/\/praxas.com\/wp-content\/uploads\/sgd-m-sw-300x180.png\" alt=\"\" width=\"486\" height=\"292\"><\/strong>\n\n<strong>Schritt 1. Konfigurationen<\/strong>\nW\u00e4hlen Sie aus einer Reihe von Konfigurationen, einschlie\u00dflich analoger, digitaler und bargrafischer Modelle mit einem oder zwei analogen Eing\u00e4ngen. Der Benutzer erh\u00e4lt jedes Mal, wenn er die PanelPilot Software \u00f6ffnet, automatisch Zugriff auf die neuesten Updates.\n\n<strong>Schritt 2. Farben & Etiketten<\/strong>\nJedes Element der Konfiguration kann individuell eingef\u00e4rbt werden. Bei bestimmten Konfigurationen erzeugt die Schaltfl\u00e4che 'fX' eine Verlaufsf\u00fcllung \u00fcber die Elemente. Auch Textbeschriftungen sind vollst\u00e4ndig editierbar.\n\n\u00a0\n\n<strong><img class=\"alignleft wp-image-12683\" src=\"https:\/\/praxas.com\/wp-content\/uploads\/sgd-m-sw2-300x180.png\" alt=\"\" width=\"420\" height=\"252\"><\/strong>\n\n<strong>Schritt 3. Skalierung<\/strong>\nDie Spannungseingangspegel k\u00f6nnen \u00fcber die Software eingestellt werden. Dies macht Skalierungswiderst\u00e4nde f\u00fcr Eingangsspannungen bis zu 40Vd.c. \u00fcberfl\u00fcssig.\n\n<strong>Schritt 4. Startbildschirm<\/strong>\nBeim Einschalten kann ein PanelPilot-Display so eingestellt werden, dass es ein Bild Ihrer Wahl anzeigt, z. B. ein Logo\n\n\u00a0\n\n<strong><img class=\"alignleft wp-image-12684\" src=\"https:\/\/praxas.com\/wp-content\/uploads\/sgd-m-sw3-300x180.png\" alt=\"\" width=\"420\" height=\"252\"><\/strong>\n\n<strong>Schritt 5. Konfiguration hochladen<\/strong>\nSchlie\u00dfen Sie ein PanelPilot-kompatibles Display \u00fcber ein USB-Kabel an den PC an und laden Sie die Konfiguration hoch. Benutzerdefinierte Konfigurationen k\u00f6nnen auch zur sp\u00e4teren Verwendung gespeichert werden.\n\n<strong>Schritt 6. Verbinden Sie<\/strong>\nIhr PanelPilot-kompatibles Display hat nun Ihre Konfiguration gespeichert und kann mit Ihrer Anwendung verbunden werden. Sie k\u00f6nnen Ihr Display jederzeit neu konfigurieren. Schlie\u00dfen Sie es einfach per USB an und f\u00fchren Sie die oben genannten Schritte durch.\n\n\u00a0"],"_uag_page_assets":["a:9:{s:3:\"css\";s:0:\"\";s:2:\"js\";s:0:\"\";s:18:\"current_block_list\";a:0:{}s:8:\"uag_flag\";b:0;s:11:\"uag_version\";s:10:\"1777534559\";s:6:\"gfonts\";a:0:{}s:10:\"gfonts_url\";s:0:\"\";s:12:\"gfonts_files\";a:0:{}s:14:\"uag_faq_layout\";b:0;}"]},"uagb_featured_image_src":{"full":["https:\/\/praxas.com\/wp-content\/uploads\/SoftwarePage_Icons_PPM-2.jpg",1024,538,false],"thumbnail":["https:\/\/praxas.com\/wp-content\/uploads\/SoftwarePage_Icons_PPM-2-150x150.jpg",150,150,true],"medium":["https:\/\/praxas.com\/wp-content\/uploads\/SoftwarePage_Icons_PPM-2-300x158.jpg",300,158,true],"medium_large":["https:\/\/praxas.com\/wp-content\/uploads\/SoftwarePage_Icons_PPM-2-768x404.jpg",768,404,true],"large":["https:\/\/praxas.com\/wp-content\/uploads\/SoftwarePage_Icons_PPM-2.jpg",1024,538,false],"1536x1536":["https:\/\/praxas.com\/wp-content\/uploads\/SoftwarePage_Icons_PPM-2.jpg",1024,538,false],"2048x2048":["https:\/\/praxas.com\/wp-content\/uploads\/SoftwarePage_Icons_PPM-2.jpg",1024,538,false],"crunchify-admin-post-featured-image":["https:\/\/praxas.com\/wp-content\/uploads\/SoftwarePage_Icons_PPM-2-120x63.jpg",120,63,true],"commercegurus-pdp-large":["https:\/\/praxas.com\/wp-content\/uploads\/SoftwarePage_Icons_PPM-2-990x520.jpg",990,520,true],"commercegurus-plp-mobile":["https:\/\/praxas.com\/wp-content\/uploads\/SoftwarePage_Icons_PPM-2-441x232.jpg",441,232,true],"cgkit_image_swatch":["https:\/\/praxas.com\/wp-content\/uploads\/SoftwarePage_Icons_PPM-2-100x100.jpg",100,100,true],"woocommerce_thumbnail":["https:\/\/praxas.com\/wp-content\/uploads\/SoftwarePage_Icons_PPM-2-350x184.jpg",350,184,true],"woocommerce_single":["https:\/\/praxas.com\/wp-content\/uploads\/SoftwarePage_Icons_PPM-2-800x420.jpg",800,420,true],"woocommerce_gallery_thumbnail":["https:\/\/praxas.com\/wp-content\/uploads\/SoftwarePage_Icons_PPM-2-150x79.jpg",150,79,true]},"uagb_author_info":{"display_name":"AndyS","author_link":"https:\/\/praxas.com\/de\/author\/andys\/"},"uagb_comment_info":0,"uagb_excerpt":null,"_links":{"self":[{"href":"https:\/\/praxas.com\/de\/wp-json\/wp\/v2\/pages\/25733","targetHints":{"allow":["GET"]}}],"collection":[{"href":"https:\/\/praxas.com\/de\/wp-json\/wp\/v2\/pages"}],"about":[{"href":"https:\/\/praxas.com\/de\/wp-json\/wp\/v2\/types\/page"}],"author":[{"embeddable":true,"href":"https:\/\/praxas.com\/de\/wp-json\/wp\/v2\/users\/1"}],"replies":[{"embeddable":true,"href":"https:\/\/praxas.com\/de\/wp-json\/wp\/v2\/comments?post=25733"}],"version-history":[{"count":1,"href":"https:\/\/praxas.com\/de\/wp-json\/wp\/v2\/pages\/25733\/revisions"}],"predecessor-version":[{"id":37561,"href":"https:\/\/praxas.com\/de\/wp-json\/wp\/v2\/pages\/25733\/revisions\/37561"}],"wp:featuredmedia":[{"embeddable":true,"href":"https:\/\/praxas.com\/de\/wp-json\/wp\/v2\/media\/25739"}],"wp:attachment":[{"href":"https:\/\/praxas.com\/de\/wp-json\/wp\/v2\/media?parent=25733"}],"curies":[{"name":"wp","href":"https:\/\/api.w.org\/{rel}","templated":true}]}}