{"id":25760,"date":"2023-08-22T09:38:14","date_gmt":"2023-08-22T09:38:14","guid":{"rendered":"https:\/\/staging.praxas.com\/easylog-21cfr-usb\/"},"modified":"2025-06-20T09:56:40","modified_gmt":"2025-06-20T09:56:40","slug":"easylog-21cfr-usb","status":"publish","type":"page","link":"https:\/\/praxas.com\/de\/software\/easylog-software\/easylog-21cfr-usb\/","title":{"rendered":"EasyLog 21CFR USB"},"content":{"rendered":"","protected":false},"excerpt":{"rendered":"","protected":false},"author":1,"featured_media":25763,"parent":25764,"menu_order":7,"comment_status":"closed","ping_status":"closed","template":"template-software.php","meta":{"_acf_changed":false,"content-type":"","_uag_custom_page_level_css":"","footnotes":""},"class_list":["post-25760","page","type-page","status-publish","has-post-thumbnail","hentry"],"acf":[],"spectra_custom_meta":{"hero_image":[""],"_hero_image":["field_64f1a7da7af44"],"_hero_h1":["field_64f19e1edd052"],"_hero_h2":["field_64f19e2ddd053"],"_hero_text":["field_64f19e42dd054"],"_hero_button_text":["field_64f19e4edd055"],"_hero_button_link":["field_64f19e5ddd056"],"section_1_left_logo":["14546"],"_section_1_left_logo":["field_651e72281c3c5"],"_section_1_header_text":["field_651e7c25d75f7"],"_section_1_content":["field_651e75bf15788"],"_section_1_download_button_link":["field_651e75feff811"],"_section_2_header_text":["field_651e773b3573b"],"_section_2_content":["field_651e775b3573d"],"_section_3_header_text":["field_651e7df523dc1"],"_section_3_content":["field_651e7e0c23dc2"],"_top_nav_excluded":[""],"_cms_nav_minihome":[""],"_wp_page_template":["template-software.php"],"_thumbnail_id":["25763"],"_last_translation_edit_mode":["translation-editor"],"_wpml_word_count":["3"],"rank_math_title":["EasyLog 21CFR USB Software | EasyLog 21CFR Datenlogger"],"rank_math_description":["Die EasyLog 21CFR USB-Software von Lascar sorgt f\u00fcr digitale Sicherheit und Konformit\u00e4t. Rufen Sie noch heute unser Vertriebsteam an, wenn Sie individuelle L\u00f6sungen ben\u00f6tigen! "],"rank_math_focus_keyword":["21CFR USB Software"],"section_1_header_text":["EasyLog 21CFR USB"],"section_1_content":["Laden Sie Version 2.5.2 unserer EasyLog 21CFR Software herunter, die mit Windows 10 und 11 kompatibel ist."],"section_1_download_button_link":["https:\/\/s3.amazonaws.com\/lascar_downloads\/EasyLog+21CFR+Installer.exe"],"section_2_header_text":["Sehen Sie sich unsere Software-Tutorial-Videos an"],"section_2_content":["<strong>21CFR EasyLog Software Setup<\/strong>\nDie EasyLog 21CFR USB Software ist ein Administrator-basiertes System. In diesem Video sehen Sie, wie Sie einen Administrator und alle anderen Benutzerrechte und -einstellungen einrichten.\n\n<strong>21CFR EasyLog Logger einrichten<\/strong>\nSie wissen nicht, wie Sie Ihren 21CFR EasyLog Datenlogger einrichten sollen? Dieses Video f\u00fchrt Sie durch die Ersteinrichtung Ihres Loggers, von der Entnahme aus der Verpackung bis zum Einsatz im Feld.\n\n<strong>Anhalten und Herunterladen Ihrer 21CFR-Daten<\/strong>\nSehen Sie sich dieses Video an, um zu erfahren, wie Sie die auf Ihrem USB-Datenlogger gespeicherten Daten anhalten und herunterladen k\u00f6nnen und wie Sie die Analysefunktionen der Lascar EasyLog-Grafiksoftware optimal nutzen k\u00f6nnen."],"section_3_header_text":["Wie erf\u00fcllt unsere Software diese Anforderungen?"],"section_3_content":["<img class=\"wp-image-12625 alignright\" src=\"https:\/\/praxas.com\/wp-content\/uploads\/21cfr-300x270.png\" alt=\"\" width=\"607\" height=\"546\">Zus\u00e4tzlich zu den Kernangeboten der bestehenden EasyLog-Software erm\u00f6glicht es die 21CFR-Software von Lascar den Benutzern, sich mit bestimmten Berechtigungen bei der Software anzumelden, Messwerte vom Datenlogger in einem verschl\u00fcsselten Format zu sammeln, das nicht bearbeitet werden kann, einen vollst\u00e4ndigen Pr\u00fcfpfad f\u00fcr Aktivit\u00e4ten und durchgef\u00fchrte Aktionen zu erstellen und Kommentare zu bestimmten Messwerten hinzuzuf\u00fcgen, bevor sie von einem autorisierten Benutzer genehmigt werden. Alle Berichte werden mit elektronischen Signaturen versehen, um zu zeigen, wer die Sitzungsdaten gestartet, gestoppt und genehmigt hat.\n\nDie EasyLog 21CFR Software gew\u00e4hrleistet digitale Sicherheit und Konformit\u00e4t. Besondere Merkmale sind:\n<ul>\n \t<li>Einzelnen Benutzern bestimmte Berechtigungen zuweisen<\/li>\n \t<li>Vollst\u00e4ndige Pr\u00fcfpfade f\u00fcr Software und Sitzungsdaten<\/li>\n \t<li>Erhalten Sie E-Mail-Benachrichtigungen f\u00fcr fehlgeschlagene Anmeldeversuche<\/li>\n \t<li>Digitale Signaturen zu allen Berichten hinzugef\u00fcgt<\/li>\n \t<li>Kommentare zu bestimmten Lekt\u00fcren hinzuf\u00fcgen<\/li>\n<\/ul>\n\u00a0\n\n\u00a0\n\n\u00a0"],"_uag_page_assets":["a:9:{s:3:\"css\";s:0:\"\";s:2:\"js\";s:0:\"\";s:18:\"current_block_list\";a:0:{}s:8:\"uag_flag\";b:0;s:11:\"uag_version\";s:10:\"1775742760\";s:6:\"gfonts\";a:0:{}s:10:\"gfonts_url\";s:0:\"\";s:12:\"gfonts_files\";a:0:{}s:14:\"uag_faq_layout\";b:0;}"]},"uagb_featured_image_src":{"full":["https:\/\/praxas.com\/wp-content\/uploads\/SoftwarePage_Icons_EasyLog21CFR.jpg",1200,630,false],"thumbnail":["https:\/\/praxas.com\/wp-content\/uploads\/SoftwarePage_Icons_EasyLog21CFR-150x150.jpg",150,150,true],"medium":["https:\/\/praxas.com\/wp-content\/uploads\/SoftwarePage_Icons_EasyLog21CFR-300x158.jpg",300,158,true],"medium_large":["https:\/\/praxas.com\/wp-content\/uploads\/SoftwarePage_Icons_EasyLog21CFR-768x403.jpg",768,403,true],"large":["https:\/\/praxas.com\/wp-content\/uploads\/SoftwarePage_Icons_EasyLog21CFR-1024x538.jpg",1024,538,true],"1536x1536":["https:\/\/praxas.com\/wp-content\/uploads\/SoftwarePage_Icons_EasyLog21CFR.jpg",1200,630,false],"2048x2048":["https:\/\/praxas.com\/wp-content\/uploads\/SoftwarePage_Icons_EasyLog21CFR.jpg",1200,630,false],"crunchify-admin-post-featured-image":["https:\/\/praxas.com\/wp-content\/uploads\/SoftwarePage_Icons_EasyLog21CFR-120x63.jpg",120,63,true],"commercegurus-pdp-large":["https:\/\/praxas.com\/wp-content\/uploads\/SoftwarePage_Icons_EasyLog21CFR-990x520.jpg",990,520,true],"commercegurus-plp-mobile":["https:\/\/praxas.com\/wp-content\/uploads\/SoftwarePage_Icons_EasyLog21CFR-441x232.jpg",441,232,true],"cgkit_image_swatch":["https:\/\/praxas.com\/wp-content\/uploads\/SoftwarePage_Icons_EasyLog21CFR-100x100.jpg",100,100,true],"woocommerce_thumbnail":["https:\/\/praxas.com\/wp-content\/uploads\/SoftwarePage_Icons_EasyLog21CFR-300x158.jpg",300,158,true],"woocommerce_single":["https:\/\/praxas.com\/wp-content\/uploads\/SoftwarePage_Icons_EasyLog21CFR-800x420.jpg",800,420,true],"woocommerce_gallery_thumbnail":["https:\/\/praxas.com\/wp-content\/uploads\/SoftwarePage_Icons_EasyLog21CFR-150x79.jpg",150,79,true]},"uagb_author_info":{"display_name":"AndyS","author_link":"https:\/\/praxas.com\/de\/author\/andys\/"},"uagb_comment_info":0,"uagb_excerpt":null,"_links":{"self":[{"href":"https:\/\/praxas.com\/de\/wp-json\/wp\/v2\/pages\/25760","targetHints":{"allow":["GET"]}}],"collection":[{"href":"https:\/\/praxas.com\/de\/wp-json\/wp\/v2\/pages"}],"about":[{"href":"https:\/\/praxas.com\/de\/wp-json\/wp\/v2\/types\/page"}],"author":[{"embeddable":true,"href":"https:\/\/praxas.com\/de\/wp-json\/wp\/v2\/users\/1"}],"replies":[{"embeddable":true,"href":"https:\/\/praxas.com\/de\/wp-json\/wp\/v2\/comments?post=25760"}],"version-history":[{"count":1,"href":"https:\/\/praxas.com\/de\/wp-json\/wp\/v2\/pages\/25760\/revisions"}],"predecessor-version":[{"id":25767,"href":"https:\/\/praxas.com\/de\/wp-json\/wp\/v2\/pages\/25760\/revisions\/25767"}],"up":[{"embeddable":true,"href":"https:\/\/praxas.com\/de\/wp-json\/wp\/v2\/pages\/25764"}],"wp:featuredmedia":[{"embeddable":true,"href":"https:\/\/praxas.com\/de\/wp-json\/wp\/v2\/media\/25763"}],"wp:attachment":[{"href":"https:\/\/praxas.com\/de\/wp-json\/wp\/v2\/media?parent=25760"}],"curies":[{"name":"wp","href":"https:\/\/api.w.org\/{rel}","templated":true}]}}