{"id":25764,"date":"2023-08-22T08:59:48","date_gmt":"2023-08-22T06:59:48","guid":{"rendered":"https:\/\/staging.praxas.com\/software\/easylog-software\/"},"modified":"2025-10-14T12:34:55","modified_gmt":"2025-10-14T10:34:55","slug":"easylog-software","status":"publish","type":"page","link":"https:\/\/praxas.com\/de\/software\/easylog-software\/","title":{"rendered":"EasyLog Software"},"content":{"rendered":"\n<div class=\"wp-block-cover alignfull\" style=\"min-height:350px;aspect-ratio:unset;\"><img loading=\"lazy\" decoding=\"async\" width=\"3780\" height=\"709\" class=\"wp-block-cover__image-background wp-image-43558\" alt=\"Software new style banner\" src=\"https:\/\/praxas.com\/wp-content\/uploads\/PRAXAS_Software.png\" data-object-fit=\"cover\" srcset=\"https:\/\/praxas.com\/wp-content\/uploads\/PRAXAS_Software.png 3780w, https:\/\/praxas.com\/wp-content\/uploads\/PRAXAS_Software-300x56.png 300w, https:\/\/praxas.com\/wp-content\/uploads\/PRAXAS_Software-1024x192.png 1024w, https:\/\/praxas.com\/wp-content\/uploads\/PRAXAS_Software-768x144.png 768w, https:\/\/praxas.com\/wp-content\/uploads\/PRAXAS_Software-1536x288.png 1536w, https:\/\/praxas.com\/wp-content\/uploads\/PRAXAS_Software-2048x384.png 2048w, https:\/\/praxas.com\/wp-content\/uploads\/PRAXAS_Software-120x23.png 120w, https:\/\/praxas.com\/wp-content\/uploads\/PRAXAS_Software-990x186.png 990w, https:\/\/praxas.com\/wp-content\/uploads\/PRAXAS_Software-441x83.png 441w, https:\/\/praxas.com\/wp-content\/uploads\/PRAXAS_Software-350x66.png 350w, https:\/\/praxas.com\/wp-content\/uploads\/PRAXAS_Software-800x150.png 800w, https:\/\/praxas.com\/wp-content\/uploads\/PRAXAS_Software-150x28.png 150w\" sizes=\"auto, (max-width: 3780px) 100vw, 3780px\" \/><span aria-hidden=\"true\" class=\"wp-block-cover__background has-background-dim-10 has-background-dim\" style=\"background-color:#3a6187\"><\/span><div class=\"wp-block-cover__inner-container has-global-padding is-layout-constrained wp-container-core-cover-is-layout-a4c69c57 wp-block-cover-is-layout-constrained\">\n<div class=\"wp-block-columns is-layout-flex wp-container-core-columns-is-layout-28f84493 wp-block-columns-is-layout-flex\">\n<div class=\"wp-block-column is-layout-flow wp-block-column-is-layout-flow\" style=\"flex-basis:70%\">\n<h1 class=\"wp-block-heading has-white-color has-text-color has-link-color wp-elements-41c8ae33709513ba23b0a09ef5c4b8aa\">EasyLog Software<\/h1>\n\n\n\n<div style=\"height:30px\" aria-hidden=\"true\" class=\"wp-block-spacer\"><\/div>\n\n\n\n<p class=\"has-white-color has-text-color has-link-color wp-elements-cf74d0241631336f50bfe852c1677cf9\">Entdecken Sie die komplette Palette an Softwarel\u00f6sungen, die zur Unterst\u00fctzung Ihrer EasyLog-Ger\u00e4te entwickelt wurden. Ob Sie nun konfigurieren, \u00fcberwachen oder Daten analysieren, diese Software macht die Verwaltung Ihrer EasyLog-Produkte einfach und effizient. <\/p>\n<\/div>\n\n\n\n<div class=\"wp-block-column is-layout-flow wp-block-column-is-layout-flow\"><\/div>\n<\/div>\n<\/div><\/div>\n\n<div style=\"height:40px\" aria-hidden=\"true\" class=\"wp-block-spacer\"><\/div>\n\n<div class=\"wp-block-group alignfull has-global-padding is-layout-constrained wp-container-core-group-is-layout-a4c69c57 wp-block-group-is-layout-constrained\">\n<div class=\"wp-block-columns is-layout-flex wp-container-core-columns-is-layout-28f84493 wp-block-columns-is-layout-flex\">\n<div class=\"wp-block-column has-background is-layout-flow wp-block-column-is-layout-flow\" style=\"border-radius:15px;background-color:#e5e5e5;padding-top:var(--wp--preset--spacing--medium);padding-right:var(--wp--preset--spacing--medium);padding-bottom:var(--wp--preset--spacing--medium);padding-left:var(--wp--preset--spacing--medium)\">\n<div class=\"wp-block-media-text is-stacked-on-mobile\" style=\"grid-template-columns:30% auto\"><figure class=\"wp-block-media-text__media\"><img loading=\"lazy\" decoding=\"async\" width=\"1024\" height=\"1024\" src=\"https:\/\/praxas.com\/wp-content\/uploads\/Praxas-Cog-USB-1024x1024.png\" alt=\"USB PRAXAS Zahnrad\" class=\"wp-image-43534 size-full\" srcset=\"https:\/\/praxas.com\/wp-content\/uploads\/Praxas-Cog-USB-1024x1024.png 1024w, https:\/\/praxas.com\/wp-content\/uploads\/Praxas-Cog-USB-300x300.png 300w, https:\/\/praxas.com\/wp-content\/uploads\/Praxas-Cog-USB-150x150.png 150w, https:\/\/praxas.com\/wp-content\/uploads\/Praxas-Cog-USB-768x768.png 768w, https:\/\/praxas.com\/wp-content\/uploads\/Praxas-Cog-USB-1536x1536.png 1536w, https:\/\/praxas.com\/wp-content\/uploads\/Praxas-Cog-USB-2048x2048.png 2048w, https:\/\/praxas.com\/wp-content\/uploads\/Praxas-Cog-USB-120x120.png 120w, https:\/\/praxas.com\/wp-content\/uploads\/Praxas-Cog-USB-990x990.png 990w, https:\/\/praxas.com\/wp-content\/uploads\/Praxas-Cog-USB-441x441.png 441w, https:\/\/praxas.com\/wp-content\/uploads\/Praxas-Cog-USB-100x100.png 100w, https:\/\/praxas.com\/wp-content\/uploads\/Praxas-Cog-USB-350x350.png 350w, https:\/\/praxas.com\/wp-content\/uploads\/Praxas-Cog-USB-800x800.png 800w\" sizes=\"auto, (max-width: 1024px) 100vw, 1024px\" \/><\/figure><div class=\"wp-block-media-text__content\">\n<h2 class=\"wp-block-heading has-text-color has-link-color wp-elements-f364cdbda2ba2911eb70a6c594016d9f\" style=\"color:#009ee0\">EasyLog USB Software<\/h2>\n<\/div><\/div>\n\n\n\n<p>Einfacher Einrichtungsassistent, benutzerdefinierte Protokollierungsoptionen, Alarme, grafische Datenanzeige und Excel-Export. Kompatibel mit Windows 10\/11. <\/p>\n\n\n\n<div class=\"wp-block-buttons is-content-justification-right is-layout-flex wp-container-core-buttons-is-layout-d445cf74 wp-block-buttons-is-layout-flex\">\n<div class=\"wp-block-button\"><a class=\"wp-block-button__link has-background wp-element-button\" href=\"https:\/\/praxas.com\/de\/software\/easylog-software\/easylog-usb\/\" style=\"border-radius:6px;background-color:#009ee0\"><strong>Mehr sehen<\/strong><\/a><\/div>\n\n\n\n<div class=\"wp-block-button is-style-outline is-style-outline--1\"><a class=\"wp-block-button__link has-text-color has-link-color wp-element-button\" href=\"https:\/\/s3.amazonaws.com\/lascar_downloads\/EasyLogUSB+Installer.exe\" style=\"border-radius:6px;color:#009ee0\" target=\"_blank\" rel=\"noopener\"><strong>Software herunterladen  <i class=\"fa-solid fa-download\" style=\"color: #009ee0;\"><\/i><\/strong><\/a><\/div>\n<\/div>\n<\/div>\n\n\n\n<div class=\"wp-block-column has-background is-layout-flow wp-block-column-is-layout-flow\" style=\"border-radius:15px;background-color:#e5e5e5;padding-top:var(--wp--preset--spacing--medium);padding-right:var(--wp--preset--spacing--medium);padding-bottom:var(--wp--preset--spacing--medium);padding-left:var(--wp--preset--spacing--medium)\">\n<div class=\"wp-block-media-text is-stacked-on-mobile\" style=\"grid-template-columns:30% auto\"><figure class=\"wp-block-media-text__media\"><img loading=\"lazy\" decoding=\"async\" width=\"1024\" height=\"1024\" src=\"https:\/\/praxas.com\/wp-content\/uploads\/Praxas-Cog-WiFi-1024x1024.png\" alt=\"WiFi PRAXAS Cog\" class=\"wp-image-43528 size-full\" srcset=\"https:\/\/praxas.com\/wp-content\/uploads\/Praxas-Cog-WiFi-1024x1024.png 1024w, https:\/\/praxas.com\/wp-content\/uploads\/Praxas-Cog-WiFi-300x300.png 300w, https:\/\/praxas.com\/wp-content\/uploads\/Praxas-Cog-WiFi-150x150.png 150w, https:\/\/praxas.com\/wp-content\/uploads\/Praxas-Cog-WiFi-768x768.png 768w, https:\/\/praxas.com\/wp-content\/uploads\/Praxas-Cog-WiFi-1536x1536.png 1536w, https:\/\/praxas.com\/wp-content\/uploads\/Praxas-Cog-WiFi-2048x2048.png 2048w, https:\/\/praxas.com\/wp-content\/uploads\/Praxas-Cog-WiFi-120x120.png 120w, https:\/\/praxas.com\/wp-content\/uploads\/Praxas-Cog-WiFi-990x990.png 990w, https:\/\/praxas.com\/wp-content\/uploads\/Praxas-Cog-WiFi-441x441.png 441w, https:\/\/praxas.com\/wp-content\/uploads\/Praxas-Cog-WiFi-100x100.png 100w, https:\/\/praxas.com\/wp-content\/uploads\/Praxas-Cog-WiFi-350x350.png 350w, https:\/\/praxas.com\/wp-content\/uploads\/Praxas-Cog-WiFi-800x800.png 800w\" sizes=\"auto, (max-width: 1024px) 100vw, 1024px\" \/><\/figure><div class=\"wp-block-media-text__content\">\n<h2 class=\"wp-block-heading has-text-color has-link-color wp-elements-e8a91a9671df3e8fdc30ba05b0d3905e\" style=\"color:#009ee0\">EasyLog Wi-Fi Software<\/h2>\n<\/div><\/div>\n\n\n\n<p>Schnelle Einrichtung f\u00fcr EL-WiFi-Ger\u00e4te \u00fcber die PC-Software. Einfacher und intuitiver Installationsprozess, kompatibel mit Windows 10\/11. <\/p>\n\n\n\n<div class=\"wp-block-buttons is-content-justification-right is-layout-flex wp-container-core-buttons-is-layout-d445cf74 wp-block-buttons-is-layout-flex\">\n<div class=\"wp-block-button\"><a class=\"wp-block-button__link has-background wp-element-button\" href=\"https:\/\/praxas.com\/de\/software\/easylog-software\/easylog-wifi\/\" style=\"border-radius:6px;background-color:#009ee0\"><strong>Mehr sehen<\/strong><\/a><\/div>\n\n\n\n<div class=\"wp-block-button is-style-outline is-style-outline--2\"><a class=\"wp-block-button__link has-text-color has-link-color wp-element-button\" href=\"https:\/\/easylogcloud.s3.amazonaws.com\/WiFi_Sensor_Software_v1-40-15.exe\" style=\"border-radius:6px;color:#009ee0\" target=\"_blank\" rel=\"noopener\"><strong>Software herunterladen  <i class=\"fa-solid fa-download\" style=\"color: #009ee0;\"><\/i><\/strong><\/a><\/div>\n<\/div>\n<\/div>\n<\/div>\n<\/div>\n\n<div style=\"height:75px\" aria-hidden=\"true\" class=\"wp-block-spacer\"><\/div>\n\n<div class=\"wp-block-group alignfull has-background has-global-padding is-layout-constrained wp-container-core-group-is-layout-9f45cca8 wp-block-group-is-layout-constrained\" style=\"background-color:#e5e5e5;padding-top:var(--wp--preset--spacing--large);padding-right:0;padding-bottom:var(--wp--preset--spacing--large);padding-left:0\">\n<div class=\"wp-block-columns is-layout-flex wp-container-core-columns-is-layout-28f84493 wp-block-columns-is-layout-flex\">\n<div class=\"wp-block-column has-white-background-color has-background is-layout-flow wp-block-column-is-layout-flow\" style=\"border-radius:10px;padding-top:var(--wp--preset--spacing--small);padding-right:var(--wp--preset--spacing--small);padding-bottom:var(--wp--preset--spacing--small);padding-left:var(--wp--preset--spacing--small)\">\n<div class=\"wp-block-media-text is-stacked-on-mobile\" style=\"padding-top:0;padding-bottom:0;grid-template-columns:25% auto\"><figure class=\"wp-block-media-text__media\"><img loading=\"lazy\" decoding=\"async\" width=\"1024\" height=\"1024\" src=\"https:\/\/praxas.com\/wp-content\/uploads\/Praxas-Cog-1024x1024.png\" alt=\"Einfaches PRAXAS-Zahnrad\" class=\"wp-image-43522 size-full\" srcset=\"https:\/\/praxas.com\/wp-content\/uploads\/Praxas-Cog-1024x1024.png 1024w, https:\/\/praxas.com\/wp-content\/uploads\/Praxas-Cog-300x300.png 300w, https:\/\/praxas.com\/wp-content\/uploads\/Praxas-Cog-150x150.png 150w, https:\/\/praxas.com\/wp-content\/uploads\/Praxas-Cog-768x768.png 768w, https:\/\/praxas.com\/wp-content\/uploads\/Praxas-Cog-1536x1536.png 1536w, https:\/\/praxas.com\/wp-content\/uploads\/Praxas-Cog-2048x2048.png 2048w, https:\/\/praxas.com\/wp-content\/uploads\/Praxas-Cog-120x120.png 120w, https:\/\/praxas.com\/wp-content\/uploads\/Praxas-Cog-990x990.png 990w, https:\/\/praxas.com\/wp-content\/uploads\/Praxas-Cog-441x441.png 441w, https:\/\/praxas.com\/wp-content\/uploads\/Praxas-Cog-100x100.png 100w, https:\/\/praxas.com\/wp-content\/uploads\/Praxas-Cog-350x350.png 350w, https:\/\/praxas.com\/wp-content\/uploads\/Praxas-Cog-800x800.png 800w\" sizes=\"auto, (max-width: 1024px) 100vw, 1024px\" \/><\/figure><div class=\"wp-block-media-text__content\">\n<h3 class=\"wp-block-heading has-text-align-center has-text-color has-link-color has-large-font-size wp-elements-110b54c2c827346a9277dde027390104\" style=\"color:#009ee0\">K\u00fchlkette<\/h3>\n<\/div><\/div>\n\n\n\n<p class=\"has-text-align-center\">F\u00fcr EL-CC Logger ist keine Einrichtung erforderlich. Starten Sie die Aufzeichnung, laden Sie Daten herunter oder sehen Sie sich vergangene Daten an. Grafische Datenanzeige und Excel-Export. Kompatibel mit Windows 10\/11.   <\/p>\n\n\n\n<div class=\"wp-block-buttons is-content-justification-right is-layout-flex wp-container-core-buttons-is-layout-d445cf74 wp-block-buttons-is-layout-flex\">\n<div class=\"wp-block-button\"><a class=\"wp-block-button__link has-background wp-element-button\" href=\"https:\/\/praxas.com\/de\/software\/easylog-software\/easylog-kuehlkette\/\" style=\"border-radius:6px;background-color:#009ee0\"><strong>Mehr erfahren<\/strong><\/a><\/div>\n<\/div>\n<\/div>\n\n\n\n<div class=\"wp-block-column has-white-background-color has-background is-layout-flow wp-block-column-is-layout-flow\" style=\"border-radius:10px;padding-top:var(--wp--preset--spacing--small);padding-right:var(--wp--preset--spacing--small);padding-bottom:var(--wp--preset--spacing--small);padding-left:var(--wp--preset--spacing--small)\">\n<div class=\"wp-block-media-text is-stacked-on-mobile\" style=\"grid-template-columns:25% auto\"><figure class=\"wp-block-media-text__media\"><img loading=\"lazy\" decoding=\"async\" width=\"1024\" height=\"1024\" src=\"https:\/\/praxas.com\/wp-content\/uploads\/Praxas-Cog-1024x1024.png\" alt=\"Einfaches PRAXAS-Zahnrad\" class=\"wp-image-43522 size-full\" srcset=\"https:\/\/praxas.com\/wp-content\/uploads\/Praxas-Cog-1024x1024.png 1024w, https:\/\/praxas.com\/wp-content\/uploads\/Praxas-Cog-300x300.png 300w, https:\/\/praxas.com\/wp-content\/uploads\/Praxas-Cog-150x150.png 150w, https:\/\/praxas.com\/wp-content\/uploads\/Praxas-Cog-768x768.png 768w, https:\/\/praxas.com\/wp-content\/uploads\/Praxas-Cog-1536x1536.png 1536w, https:\/\/praxas.com\/wp-content\/uploads\/Praxas-Cog-2048x2048.png 2048w, https:\/\/praxas.com\/wp-content\/uploads\/Praxas-Cog-120x120.png 120w, https:\/\/praxas.com\/wp-content\/uploads\/Praxas-Cog-990x990.png 990w, https:\/\/praxas.com\/wp-content\/uploads\/Praxas-Cog-441x441.png 441w, https:\/\/praxas.com\/wp-content\/uploads\/Praxas-Cog-100x100.png 100w, https:\/\/praxas.com\/wp-content\/uploads\/Praxas-Cog-350x350.png 350w, https:\/\/praxas.com\/wp-content\/uploads\/Praxas-Cog-800x800.png 800w\" sizes=\"auto, (max-width: 1024px) 100vw, 1024px\" \/><\/figure><div class=\"wp-block-media-text__content\">\n<h3 class=\"wp-block-heading has-text-align-center has-text-color has-link-color has-large-font-size wp-elements-77b88e05962b22b04fbbf89864f0ebf4\" style=\"color:#009ee0\">EasyLog SMS<\/h3>\n<\/div><\/div>\n\n\n\n<p class=\"has-text-align-center\">Kostenlose App zum Verwalten von EL-SMS-Ger\u00e4ten, Konfigurieren von Alarmen, Empfangen von Benachrichtigungen und Anzeigen des Verlaufs. F\u00fcr Android- und iOS-Ger\u00e4te. <\/p>\n\n\n\n<div class=\"wp-block-buttons is-content-justification-right is-layout-flex wp-container-core-buttons-is-layout-d445cf74 wp-block-buttons-is-layout-flex\">\n<div class=\"wp-block-button\"><a class=\"wp-block-button__link has-background wp-element-button\" href=\"https:\/\/praxas.com\/de\/software\/easylog-software\/easylog-sms\/\" style=\"border-radius:6px;background-color:#009ee0\"><strong>Mehr erfahren<\/strong><\/a><\/div>\n<\/div>\n<\/div>\n\n\n\n<div class=\"wp-block-column has-white-background-color has-background is-layout-flow wp-block-column-is-layout-flow\" style=\"border-radius:10px;padding-top:var(--wp--preset--spacing--small);padding-right:var(--wp--preset--spacing--small);padding-bottom:var(--wp--preset--spacing--small);padding-left:var(--wp--preset--spacing--small)\">\n<div class=\"wp-block-media-text is-stacked-on-mobile\" style=\"grid-template-columns:25% auto\"><figure class=\"wp-block-media-text__media\"><img loading=\"lazy\" decoding=\"async\" width=\"1024\" height=\"1024\" src=\"https:\/\/praxas.com\/wp-content\/uploads\/Praxas-Cog-1024x1024.png\" alt=\"Einfaches PRAXAS-Zahnrad\" class=\"wp-image-43522 size-full\" srcset=\"https:\/\/praxas.com\/wp-content\/uploads\/Praxas-Cog-1024x1024.png 1024w, https:\/\/praxas.com\/wp-content\/uploads\/Praxas-Cog-300x300.png 300w, https:\/\/praxas.com\/wp-content\/uploads\/Praxas-Cog-150x150.png 150w, https:\/\/praxas.com\/wp-content\/uploads\/Praxas-Cog-768x768.png 768w, https:\/\/praxas.com\/wp-content\/uploads\/Praxas-Cog-1536x1536.png 1536w, https:\/\/praxas.com\/wp-content\/uploads\/Praxas-Cog-2048x2048.png 2048w, https:\/\/praxas.com\/wp-content\/uploads\/Praxas-Cog-120x120.png 120w, https:\/\/praxas.com\/wp-content\/uploads\/Praxas-Cog-990x990.png 990w, https:\/\/praxas.com\/wp-content\/uploads\/Praxas-Cog-441x441.png 441w, https:\/\/praxas.com\/wp-content\/uploads\/Praxas-Cog-100x100.png 100w, https:\/\/praxas.com\/wp-content\/uploads\/Praxas-Cog-350x350.png 350w, https:\/\/praxas.com\/wp-content\/uploads\/Praxas-Cog-800x800.png 800w\" sizes=\"auto, (max-width: 1024px) 100vw, 1024px\" \/><\/figure><div class=\"wp-block-media-text__content\">\n<h3 class=\"wp-block-heading has-text-align-center has-text-color has-link-color has-large-font-size wp-elements-8a28e856c22377ff9ee0e990f2ff2ed3\" style=\"color:#009ee0\">EasyLog BT<\/h3>\n<\/div><\/div>\n\n\n\n<p class=\"has-text-align-center\">Verwalten Sie Ihren EL-BT-2 Logger, konfigurieren Sie Einstellungen, laden Sie Daten herunter und exportieren Sie sie per E-Mail oder Cloud. F\u00fcr Android-Ger\u00e4te. <\/p>\n\n\n\n<div class=\"wp-block-buttons is-content-justification-right is-layout-flex wp-container-core-buttons-is-layout-d445cf74 wp-block-buttons-is-layout-flex\">\n<div class=\"wp-block-button\"><a class=\"wp-block-button__link has-background wp-element-button\" href=\"https:\/\/praxas.com\/de\/software\/easylog-software\/easylog-bt\/\" style=\"border-radius:6px;background-color:#009ee0\"><strong>Mehr erfahren<\/strong><\/a><\/div>\n<\/div>\n<\/div>\n<\/div>\n<\/div>\n\n<div style=\"height:50px\" aria-hidden=\"true\" class=\"wp-block-spacer\"><\/div>\n\n<div class=\"wp-block-group alignfull has-global-padding is-layout-constrained wp-container-core-group-is-layout-a4c69c57 wp-block-group-is-layout-constrained\">\n<div class=\"wp-block-columns is-layout-flex wp-container-core-columns-is-layout-28f84493 wp-block-columns-is-layout-flex\">\n<div class=\"wp-block-column is-layout-flow wp-block-column-is-layout-flow\">\n<div class=\"wp-block-columns is-layout-flex wp-container-core-columns-is-layout-28f84493 wp-block-columns-is-layout-flex\">\n<div class=\"wp-block-column is-layout-flow wp-block-column-is-layout-flow\" style=\"flex-basis:33.33%\">\n<figure class=\"wp-block-image aligncenter size-full is-resized has-custom-border\"><img loading=\"lazy\" decoding=\"async\" width=\"2048\" height=\"2048\" src=\"https:\/\/praxas.com\/wp-content\/uploads\/PraxasCloud.jpg\" alt=\"PraxasCloud EasyLog Landing Page\" class=\"wp-image-43353\" style=\"border-radius:10px;aspect-ratio:1;object-fit:cover;width:293px;height:auto\" srcset=\"https:\/\/praxas.com\/wp-content\/uploads\/PraxasCloud.jpg 2048w, https:\/\/praxas.com\/wp-content\/uploads\/PraxasCloud-300x300.jpg 300w, https:\/\/praxas.com\/wp-content\/uploads\/PraxasCloud-1024x1024.jpg 1024w, https:\/\/praxas.com\/wp-content\/uploads\/PraxasCloud-150x150.jpg 150w, https:\/\/praxas.com\/wp-content\/uploads\/PraxasCloud-768x768.jpg 768w, https:\/\/praxas.com\/wp-content\/uploads\/PraxasCloud-1536x1536.jpg 1536w, https:\/\/praxas.com\/wp-content\/uploads\/PraxasCloud-120x120.jpg 120w, https:\/\/praxas.com\/wp-content\/uploads\/PraxasCloud-990x990.jpg 990w, https:\/\/praxas.com\/wp-content\/uploads\/PraxasCloud-441x441.jpg 441w, https:\/\/praxas.com\/wp-content\/uploads\/PraxasCloud-100x100.jpg 100w, https:\/\/praxas.com\/wp-content\/uploads\/PraxasCloud-350x350.jpg 350w, https:\/\/praxas.com\/wp-content\/uploads\/PraxasCloud-800x800.jpg 800w\" sizes=\"auto, (max-width: 2048px) 100vw, 2048px\" \/><\/figure>\n<\/div>\n\n\n\n<div class=\"wp-block-column is-layout-flow wp-block-column-is-layout-flow\" style=\"flex-basis:66.66%\">\n<h4 class=\"wp-block-heading has-text-align-left has-text-color has-link-color has-large-font-size wp-elements-1173166b27cd7146c6dbecee7c5f89e2\" style=\"color:#009ee0\">EasyLog Wolke<\/h4>\n\n\n\n<p>Die EasyLog Wi-Fi Software und Cloud-Schnittstelle bietet Fern\u00fcberwachung \u00fcber einen sicheren Cloud-Speicher. Greifen Sie rund um die Uhr von jedem Ger\u00e4t aus auf die Daten zu, mit skalierbaren L\u00f6sungen sowohl f\u00fcr kleine Systeme als auch f\u00fcr gro\u00dfe Unternehmen mit Ger\u00e4ten weltweit. <\/p>\n\n\n\n<div class=\"wp-block-buttons is-content-justification-right is-layout-flex wp-container-core-buttons-is-layout-d445cf74 wp-block-buttons-is-layout-flex\">\n<div class=\"wp-block-button\"><a class=\"wp-block-button__link has-background wp-element-button\" href=\"https:\/\/praxas.com\/de\/easylog-cloud-de\/\" style=\"border-radius:6px;background-color:#009ee0\"><strong>Mehr erfahren<\/strong><\/a><\/div>\n<\/div>\n<\/div>\n<\/div>\n<\/div>\n<\/div>\n<\/div>\n\n<div style=\"height:50px\" aria-hidden=\"true\" class=\"wp-block-spacer\"><\/div>\n","protected":false},"excerpt":{"rendered":"<p>EasyLog USB Software Einfacher Einrichtungsassistent, benutzerdefinierte Protokollierungsoptionen, Alarme, grafische Datenanzeige und Excel-Export. Kompatibel mit Windows 10\/11. EasyLog Wi-Fi Software Schnelle Einrichtung f\u00fcr EL-WiFi-Ger\u00e4te \u00fcber die PC-Software. Einfacher und intuitiver Installationsprozess, kompatibel mit Windows 10\/11. K\u00fchlkette F\u00fcr EL-CC Logger ist keine Einrichtung erforderlich. Starten Sie die Aufzeichnung, laden Sie Daten herunter oder sehen Sie sich vergangene [&hellip;]<\/p>\n","protected":false},"author":8383,"featured_media":0,"parent":25378,"menu_order":0,"comment_status":"closed","ping_status":"closed","template":"template-fullwidth-no-heading.php","meta":{"_acf_changed":false,"content-type":"","_uag_custom_page_level_css":"","footnotes":""},"class_list":["post-25764","page","type-page","status-publish","hentry"],"acf":[],"spectra_custom_meta":{"hero_image":[""],"_hero_image":["field_64f1a7da7af44"],"_hero_h1":["field_64f19e1edd052"],"_hero_h2":["field_64f19e2ddd053"],"_hero_text":["field_64f19e42dd054"],"_hero_button_text":["field_64f19e4edd055"],"_hero_button_link":["field_64f19e5ddd056"],"_top_nav_excluded":[""],"_cms_nav_minihome":[""],"_wp_page_template":["template-fullwidth-no-heading.php"],"_last_translation_edit_mode":["translation-editor"],"rank_math_og_content_image":["a:2:{s:5:\"check\";s:32:\"51175818dce91227d2cb6672f16be277\";s:6:\"images\";a:2:{i:0;i:43558;i:1;i:43534;}}"],"_wpml_word_count":["287"],"rank_math_title":["EasyLog Software | EasyLog Datenlogger | Lascar Elektronik"],"rank_math_description":["Sehen Sie sich die gesamte verf\u00fcgbare Software f\u00fcr die EasyLog-Datenlogger von Lascar Electronics an, die Sie noch heute kostenlos herunterladen k\u00f6nnen. F\u00fcr weitere ma\u00dfgeschneiderte L\u00f6sungen rufen Sie unser Vertriebsteam noch heute an"],"rank_math_focus_keyword":["EasyLog Software"],"_uag_css_file_name":["uag-css-25764.css"],"_uag_page_assets":["a:9:{s:3:\"css\";s:263:\".uag-blocks-common-selector{z-index:var(--z-index-desktop) !important}@media (max-width: 976px){.uag-blocks-common-selector{z-index:var(--z-index-tablet) !important}}@media (max-width: 767px){.uag-blocks-common-selector{z-index:var(--z-index-mobile) !important}}\n\";s:2:\"js\";s:0:\"\";s:18:\"current_block_list\";a:11:{i:0;s:10:\"core\/cover\";i:1;s:12:\"core\/columns\";i:2;s:11:\"core\/column\";i:3;s:12:\"core\/heading\";i:4;s:11:\"core\/spacer\";i:5;s:14:\"core\/paragraph\";i:6;s:10:\"core\/group\";i:9;s:15:\"core\/media-text\";i:10;s:12:\"core\/buttons\";i:11;s:11:\"core\/button\";i:17;s:10:\"core\/image\";}s:8:\"uag_flag\";b:0;s:11:\"uag_version\";s:10:\"1775742760\";s:6:\"gfonts\";a:0:{}s:10:\"gfonts_url\";s:0:\"\";s:12:\"gfonts_files\";a:0:{}s:14:\"uag_faq_layout\";b:0;}"]},"uagb_featured_image_src":{"full":false,"thumbnail":false,"medium":false,"medium_large":false,"large":false,"1536x1536":false,"2048x2048":false,"crunchify-admin-post-featured-image":false,"commercegurus-pdp-large":false,"commercegurus-plp-mobile":false,"cgkit_image_swatch":false,"woocommerce_thumbnail":false,"woocommerce_single":false,"woocommerce_gallery_thumbnail":false},"uagb_author_info":{"display_name":"Alex James","author_link":"https:\/\/praxas.com\/de\/author\/alex\/"},"uagb_comment_info":0,"uagb_excerpt":"EasyLog USB Software Einfacher Einrichtungsassistent, benutzerdefinierte Protokollierungsoptionen, Alarme, grafische Datenanzeige und Excel-Export. Kompatibel mit Windows 10\/11. EasyLog Wi-Fi Software Schnelle Einrichtung f\u00fcr EL-WiFi-Ger\u00e4te \u00fcber die PC-Software. Einfacher und intuitiver Installationsprozess, kompatibel mit Windows 10\/11. K\u00fchlkette F\u00fcr EL-CC Logger ist keine Einrichtung erforderlich. Starten Sie die Aufzeichnung, laden Sie Daten herunter oder sehen Sie sich vergangene&hellip;","_links":{"self":[{"href":"https:\/\/praxas.com\/de\/wp-json\/wp\/v2\/pages\/25764","targetHints":{"allow":["GET"]}}],"collection":[{"href":"https:\/\/praxas.com\/de\/wp-json\/wp\/v2\/pages"}],"about":[{"href":"https:\/\/praxas.com\/de\/wp-json\/wp\/v2\/types\/page"}],"author":[{"embeddable":true,"href":"https:\/\/praxas.com\/de\/wp-json\/wp\/v2\/users\/8383"}],"replies":[{"embeddable":true,"href":"https:\/\/praxas.com\/de\/wp-json\/wp\/v2\/comments?post=25764"}],"version-history":[{"count":3,"href":"https:\/\/praxas.com\/de\/wp-json\/wp\/v2\/pages\/25764\/revisions"}],"predecessor-version":[{"id":51952,"href":"https:\/\/praxas.com\/de\/wp-json\/wp\/v2\/pages\/25764\/revisions\/51952"}],"up":[{"embeddable":true,"href":"https:\/\/praxas.com\/de\/wp-json\/wp\/v2\/pages\/25378"}],"wp:attachment":[{"href":"https:\/\/praxas.com\/de\/wp-json\/wp\/v2\/media?parent=25764"}],"curies":[{"name":"wp","href":"https:\/\/api.w.org\/{rel}","templated":true}]}}