{"id":44049,"date":"2024-12-18T11:38:58","date_gmt":"2024-12-18T11:38:58","guid":{"rendered":"https:\/\/praxas.com\/logtag-unterstuetzung\/logtag-utred30\/"},"modified":"2025-06-20T10:36:17","modified_gmt":"2025-06-20T10:36:17","slug":"logtag-utred30","status":"publish","type":"page","link":"https:\/\/praxas.com\/de\/logtag-unterstuetzung\/logtag-utred30\/","title":{"rendered":"LogTag UTRED30 Unterst\u00fctzung"},"content":{"rendered":"<p>Wenn ein UTRED30-WiFi, UTRED30-16, UTREL30-WiFi oder UTREL30-16 einen Alarm ausl\u00f6st, werden derzeit sowohl der Summer als auch die LED aktiviert. Sie h\u00f6ren jedoch auf, sobald die gemessene Temperatur wieder in den akzeptablen Bereich zur\u00fcckkehrt. Das beabsichtigte Verhalten ist, dass der Summer und die LED aktiv bleiben, bis der Alarm manuell gel\u00f6scht wird.  <\/p>\n<p>Bitte beachten Sie, dass die Kreuz- und Tagesmarkierungen auf dem LCD-Display sowie die Alarmverarbeitung \u00fcber LogTag Online wie erwartet funktionieren.<\/p>\n<p>F\u00fcr dieses Problem gibt es derzeit keine Abhilfe.<\/p>\n<p style=\"text-align: left;\">LogTag wird ein Firmware-Update herausgeben, um dieses Problem zu beheben.<\/p>\n","protected":false},"excerpt":{"rendered":"<p>Wenn ein UTRED30-WiFi, UTRED30-16, UTREL30-WiFi oder UTREL30-16 einen Alarm ausl\u00f6st, werden derzeit sowohl der Summer als auch die LED aktiviert. Sie h\u00f6ren jedoch auf, sobald die gemessene Temperatur wieder in den akzeptablen Bereich zur\u00fcckkehrt. Das beabsichtigte Verhalten ist, dass der Summer und die LED aktiv bleiben, bis der Alarm manuell gel\u00f6scht wird. Bitte beachten Sie, [&hellip;]<\/p>\n","protected":false},"author":8383,"featured_media":0,"parent":43957,"menu_order":0,"comment_status":"closed","ping_status":"closed","template":"","meta":{"_acf_changed":false,"content-type":"","_uag_custom_page_level_css":"","footnotes":""},"class_list":["post-44049","page","type-page","status-publish","hentry"],"acf":[],"spectra_custom_meta":{"hero_image":[""],"_hero_image":["field_64f1a7da7af44"],"_hero_h1":["field_64f19e1edd052"],"_hero_h2":["field_64f19e2ddd053"],"_hero_text":["field_64f19e42dd054"],"_hero_button_text":["field_64f19e4edd055"],"_hero_button_link":["field_64f19e5ddd056"],"_top_nav_excluded":[""],"_cms_nav_minihome":[""],"_wp_page_template":["default"],"_last_translation_edit_mode":["translation-editor"],"_wpml_word_count":["113"],"rank_math_description":["Erfahren Sie mehr \u00fcber das UTRED30- und UTREL30-Alarmproblem und das Firmware-Update, mit dem der Summer und die LED aktiv bleiben, bis er manuell gel\u00f6scht wird."],"_uag_page_assets":["a:9:{s:3:\"css\";s:0:\"\";s:2:\"js\";s:0:\"\";s:18:\"current_block_list\";a:0:{}s:8:\"uag_flag\";b:0;s:11:\"uag_version\";s:10:\"1775742760\";s:6:\"gfonts\";a:0:{}s:10:\"gfonts_url\";s:0:\"\";s:12:\"gfonts_files\";a:0:{}s:14:\"uag_faq_layout\";b:0;}"]},"uagb_featured_image_src":{"full":false,"thumbnail":false,"medium":false,"medium_large":false,"large":false,"1536x1536":false,"2048x2048":false,"crunchify-admin-post-featured-image":false,"commercegurus-pdp-large":false,"commercegurus-plp-mobile":false,"cgkit_image_swatch":false,"woocommerce_thumbnail":false,"woocommerce_single":false,"woocommerce_gallery_thumbnail":false},"uagb_author_info":{"display_name":"Alex James","author_link":"https:\/\/praxas.com\/de\/author\/alex\/"},"uagb_comment_info":0,"uagb_excerpt":"Wenn ein UTRED30-WiFi, UTRED30-16, UTREL30-WiFi oder UTREL30-16 einen Alarm ausl\u00f6st, werden derzeit sowohl der Summer als auch die LED aktiviert. Sie h\u00f6ren jedoch auf, sobald die gemessene Temperatur wieder in den akzeptablen Bereich zur\u00fcckkehrt. Das beabsichtigte Verhalten ist, dass der Summer und die LED aktiv bleiben, bis der Alarm manuell gel\u00f6scht wird. Bitte beachten Sie,&hellip;","_links":{"self":[{"href":"https:\/\/praxas.com\/de\/wp-json\/wp\/v2\/pages\/44049","targetHints":{"allow":["GET"]}}],"collection":[{"href":"https:\/\/praxas.com\/de\/wp-json\/wp\/v2\/pages"}],"about":[{"href":"https:\/\/praxas.com\/de\/wp-json\/wp\/v2\/types\/page"}],"author":[{"embeddable":true,"href":"https:\/\/praxas.com\/de\/wp-json\/wp\/v2\/users\/8383"}],"replies":[{"embeddable":true,"href":"https:\/\/praxas.com\/de\/wp-json\/wp\/v2\/comments?post=44049"}],"version-history":[{"count":2,"href":"https:\/\/praxas.com\/de\/wp-json\/wp\/v2\/pages\/44049\/revisions"}],"predecessor-version":[{"id":46861,"href":"https:\/\/praxas.com\/de\/wp-json\/wp\/v2\/pages\/44049\/revisions\/46861"}],"up":[{"embeddable":true,"href":"https:\/\/praxas.com\/de\/wp-json\/wp\/v2\/pages\/43957"}],"wp:attachment":[{"href":"https:\/\/praxas.com\/de\/wp-json\/wp\/v2\/media?parent=44049"}],"curies":[{"name":"wp","href":"https:\/\/api.w.org\/{rel}","templated":true}]}}