{"id":44063,"date":"2024-12-18T11:52:51","date_gmt":"2024-12-18T11:52:51","guid":{"rendered":"https:\/\/praxas.com\/logtag-unterstuetzung\/logtagonline-unterstuetzung\/"},"modified":"2025-06-20T10:36:22","modified_gmt":"2025-06-20T10:36:22","slug":"logtagonline-unterstuetzung","status":"publish","type":"page","link":"https:\/\/praxas.com\/de\/logtag-unterstuetzung\/logtagonline-unterstuetzung\/","title":{"rendered":"LogTagOnline Unterst\u00fctzung"},"content":{"rendered":"<div class=\"accordion\">\n<h2 class=\"accordion-header\"><strong>Was ist ein Aktivierungscode und warum brauche ich einen?<\/strong><br \/>\n<i class=\"fas fa-chevron-circle-down\"><\/i><\/h2>\n<div class=\"accordion-content\">Aktivierungscodes schalten Premium-Funktionen auf LogTag Online frei, z.B. Standortabonnements und Benachrichtigungen.<\/div>\n<\/div>\n<div class=\"accordion\">\n<h2 class=\"accordion-header\"><strong>Wie lange ist ein Standortabonnement g\u00fcltig?<\/strong><br \/>\n<i class=\"fas fa-chevron-circle-down\"><\/i><\/h2>\n<div class=\"accordion-content\">Abonnements haben in der Regel eine Laufzeit von 12 Monaten, einige k\u00f6nnen aber auch bis zu 2 Jahre laufen. Nach Ablauf ist ein neuer Code zur Verl\u00e4ngerung erforderlich.<\/div>\n<\/div>\n<div class=\"accordion\">\n<h2 class=\"accordion-header\"><strong>Wie werde ich benachrichtigt, wenn mein Abonnement in K\u00fcrze abl\u00e4uft?<\/strong><br \/>\n<i class=\"fas fa-chevron-circle-down\"><\/i><\/h2>\n<div class=\"accordion-content\">Sie erhalten eine E-Mail-Benachrichtigung 7 Tage vor Ablauf des Abonnements oder bis zu einem Monat fr\u00fcher.<\/div>\n<\/div>\n<div class=\"accordion\">\n<h2 class=\"accordion-header\"><strong>Wie funktionieren die Aktivierungscodes bei LogTag Online?<\/strong><br \/>\n<i class=\"fas fa-chevron-circle-down\"><\/i><\/h2>\n<div class=\"accordion-content\">Sie erweitern Ihren kostenlosen Standort auf Premium-Funktionen. F\u00fcr mehrere Standorte ben\u00f6tigen Sie zus\u00e4tzliche Codes.<\/div>\n<\/div>\n<div class=\"accordion\">\n<h2 class=\"accordion-header\"><strong>Welche Funktionen sind mit einem kostenpflichtigen Abonnement verf\u00fcgbar?<\/strong><br \/>\n<i class=\"fas fa-chevron-circle-down\"><\/i><\/h2>\n<div class=\"accordion-content\">Bezahlte Abonnements umfassen Standortabonnements, Benachrichtigungseinheiten und Versandeinheiten.<\/div>\n<\/div>\n<div class=\"accordion\">\n<h2 class=\"accordion-header\"><strong>Kann ich denselben Aktivierungscode f\u00fcr mehrere Standorte verwenden?<\/strong><br \/>\n<i class=\"fas fa-chevron-circle-down\"><\/i><\/h2>\n<div class=\"accordion-content\">Nein, f\u00fcr jeden Standort ist ein eigenes Abonnement erforderlich. Mit dem ersten Code wird Ihr erster Standort aktualisiert.<\/div>\n<\/div>\n<div class=\"accordion\">\n<h2 class=\"accordion-header\"><strong>Wie kann ich Aktivierungscodes zu meinem Konto hinzuf\u00fcgen?<\/strong><br \/>\n<i class=\"fas fa-chevron-circle-down\"><\/i><\/h2>\n<div class=\"accordion-content\">Melden Sie sich bei LogTag Online an und geben Sie den Code ein, um die Funktionen zu aktivieren.<\/div>\n<\/div>\n<div class=\"accordion\">\n<h2 class=\"accordion-header\"><strong>Kann ich Sendungen mit Aktivierungscodes verfolgen?<\/strong><br \/>\n<i class=\"fas fa-chevron-circle-down\"><\/i><\/h2>\n<div class=\"accordion-content\">Ja, mit Sendungseinheiten k\u00f6nnen Sie Sendungen verfolgen und Zustellbenachrichtigungen versenden.<\/div>\n<\/div>\n<div class=\"accordion\">\n<h2 class=\"accordion-header\"><strong>Wo finde ich weitere Informationen zu den Preisen und wie ich Aktivierungscodes erhalten kann?<\/strong><br \/>\n<i class=\"fas fa-chevron-circle-down\"><\/i><\/h2>\n<div class=\"accordion-content\"><span style=\"color: #3366ff;\"><strong><a style=\"color: #3366ff;\" href=\"https:\/\/praxas.com\/de\/kontaktieren-sie-uns\/\">Kontaktieren Sie uns<\/a><\/strong><\/span> f\u00fcr Preise und Details zum Erwerb von Codes.<\/div>\n<\/div>\n","protected":false},"excerpt":{"rendered":"","protected":false},"author":8383,"featured_media":0,"parent":43957,"menu_order":0,"comment_status":"closed","ping_status":"closed","template":"","meta":{"_acf_changed":false,"content-type":"","_uag_custom_page_level_css":"","footnotes":""},"class_list":["post-44063","page","type-page","status-publish","hentry"],"acf":[],"spectra_custom_meta":{"hero_image":[""],"_hero_image":["field_64f1a7da7af44"],"_hero_h1":["field_64f19e1edd052"],"_hero_h2":["field_64f19e2ddd053"],"_hero_text":["field_64f19e42dd054"],"_hero_button_text":["field_64f19e4edd055"],"_hero_button_link":["field_64f19e5ddd056"],"_top_nav_excluded":[""],"_cms_nav_minihome":[""],"_wp_page_template":["default"],"_last_translation_edit_mode":["translation-editor"],"_wpml_word_count":["282"],"_uag_page_assets":["a:9:{s:3:\"css\";s:0:\"\";s:2:\"js\";s:0:\"\";s:18:\"current_block_list\";a:0:{}s:8:\"uag_flag\";b:0;s:11:\"uag_version\";s:10:\"1775658900\";s:6:\"gfonts\";a:0:{}s:10:\"gfonts_url\";s:0:\"\";s:12:\"gfonts_files\";a:0:{}s:14:\"uag_faq_layout\";b:0;}"]},"uagb_featured_image_src":{"full":false,"thumbnail":false,"medium":false,"medium_large":false,"large":false,"1536x1536":false,"2048x2048":false,"crunchify-admin-post-featured-image":false,"commercegurus-pdp-large":false,"commercegurus-plp-mobile":false,"cgkit_image_swatch":false,"woocommerce_thumbnail":false,"woocommerce_single":false,"woocommerce_gallery_thumbnail":false},"uagb_author_info":{"display_name":"Alex James","author_link":"https:\/\/praxas.com\/de\/author\/alex\/"},"uagb_comment_info":0,"uagb_excerpt":null,"_links":{"self":[{"href":"https:\/\/praxas.com\/de\/wp-json\/wp\/v2\/pages\/44063","targetHints":{"allow":["GET"]}}],"collection":[{"href":"https:\/\/praxas.com\/de\/wp-json\/wp\/v2\/pages"}],"about":[{"href":"https:\/\/praxas.com\/de\/wp-json\/wp\/v2\/types\/page"}],"author":[{"embeddable":true,"href":"https:\/\/praxas.com\/de\/wp-json\/wp\/v2\/users\/8383"}],"replies":[{"embeddable":true,"href":"https:\/\/praxas.com\/de\/wp-json\/wp\/v2\/comments?post=44063"}],"version-history":[{"count":1,"href":"https:\/\/praxas.com\/de\/wp-json\/wp\/v2\/pages\/44063\/revisions"}],"predecessor-version":[{"id":49995,"href":"https:\/\/praxas.com\/de\/wp-json\/wp\/v2\/pages\/44063\/revisions\/49995"}],"up":[{"embeddable":true,"href":"https:\/\/praxas.com\/de\/wp-json\/wp\/v2\/pages\/43957"}],"wp:attachment":[{"href":"https:\/\/praxas.com\/de\/wp-json\/wp\/v2\/media?parent=44063"}],"curies":[{"name":"wp","href":"https:\/\/api.w.org\/{rel}","templated":true}]}}