{"id":44079,"date":"2024-12-18T12:15:05","date_gmt":"2024-12-18T12:15:05","guid":{"rendered":"https:\/\/praxas.com\/logtag-unterstuetzung\/logtag-fehlermeldungen\/"},"modified":"2025-06-20T10:36:00","modified_gmt":"2025-06-20T10:36:00","slug":"logtag-fehlermeldungen","status":"publish","type":"page","link":"https:\/\/praxas.com\/de\/logtag-unterstuetzung\/logtag-fehlermeldungen\/","title":{"rendered":"LogTag Fehlermeldungen"},"content":{"rendered":"<div class=\"accordion\">\n<h2 class=\"accordion-header\">Warum erhalte ich eine Fehlermeldung in LogTag Analyzer?<br \/>\n<i class=\"fas fa-chevron-circle-down\"><\/i><\/h2>\n<div class=\"accordion-content\">Wenn Sie eine Fehlermeldung sehen, stellen Sie sicher, dass Sie die neueste Version von LogTag Analyzer verwenden. Damit lassen sich h\u00e4ufig Probleme l\u00f6sen, einschlie\u00dflich des \u201einternen $1-Fehlers\u201c, der auftritt, wenn die Software versucht, mit einem Modell zu kommunizieren, das von Ihrer aktuellen Version nicht unterst\u00fctzt wird. <\/p>\n<p>Sie k\u00f6nnen die Software aktualisieren, indem Sie unter \u201eHilfe\u201c die Option \u201eIm Internet nach Updates suchen\u201c w\u00e4hlen oder die LogTag Website besuchen, um die neueste Version herunterzuladen. Die Software wird automatisch aktualisiert, wenn Sie eine \u00e4ltere Version verwenden. <\/p>\n<p>Eine weitere Ursache f\u00fcr Fehlermeldungen k\u00f6nnte ein schwacher Akku sein. Pr\u00fcfen Sie sicherheitshalber den Batteriestand.<\/p><\/div>\n<\/div>\n<div class=\"accordion\">\n<h2 class=\"accordion-header\">Was kann ich tun, wenn ich die Fehlermeldungen &#8222;Kann keine Verbindung zu LogTag herstellen&#8230;&#8220; oder &#8222;$4:USB.0012345&#8220; erhalte?<br \/>\n<i class=\"fas fa-chevron-circle-down\"><\/i><\/h2>\n<div class=\"accordion-content\">Diese Fehler deuten darauf hin, dass LogTag Analyzer eine Schnittstelle und einen Logger erkannt hat, aber die Kommunikation nicht herstellen konnte. Hier sind einige Schritte zur Fehlerbehebung: <\/p>\n<p>1.  <strong>Schlechte Verbindung zwischen Logger und Interface:<\/strong> Reinigen Sie die Kontaktfl\u00e4chen des Loggers mit einem feuchten Tuch oder einem Bleistiftradierer.<br \/>\n2.  <strong>Festsitzender Kontaktstift in der Schnittstelle:<\/strong> \u00dcberpr\u00fcfen Sie die Stifte der Schnittstelle und stellen Sie sicher, dass sie sich frei bewegen, wenn Druck ausge\u00fcbt wird.<br \/>\n3.  <strong>Problem mit der USB-Stromversorgung:<\/strong> Schlie\u00dfen Sie das Interface direkt an Ihren Computer an oder verwenden Sie einen USB-Hub mit Stromversorgung.<br \/>\n4.  <strong>Unterbrochene Kommunikation:<\/strong> Verbinden Sie den Logger wieder ordnungsgem\u00e4\u00df und versuchen Sie die Aktion erneut.<br \/>\n5.  <strong>Defekter USB-Anschluss:<\/strong> Versuchen Sie, einen anderen USB-Anschluss zu verwenden.<br \/>\n6.  <strong>Schwache Batterie:<\/strong> Pr\u00fcfen Sie, ob die Batterie des Loggers schwach ist.<br \/>\n7.  <strong>Kalte Umgebung:<\/strong> Wenn der Logger k\u00fcrzlich aus einer kalten Umgebung entfernt wurde, warten Sie, bis er sich akklimatisiert hat.<br \/>\n8.  <strong>Wasserschaden:<\/strong> Wenn der Logger mit Wasser in Ber\u00fchrung gekommen ist, kann es sein, dass er nicht mehr richtig kommuniziert.<br \/>\n9.  <strong>Elektromagnetische St\u00f6rungen:<\/strong> Starke EMV-Felder oder Strahlung k\u00f6nnen den internen Speicher des Loggers besch\u00e4digen.<\/div>\n<\/div>\n","protected":false},"excerpt":{"rendered":"","protected":false},"author":8383,"featured_media":0,"parent":43957,"menu_order":0,"comment_status":"closed","ping_status":"closed","template":"","meta":{"_acf_changed":false,"content-type":"","_uag_custom_page_level_css":"","footnotes":""},"class_list":["post-44079","page","type-page","status-publish","hentry"],"acf":[],"spectra_custom_meta":{"hero_image":[""],"_hero_image":["field_64f1a7da7af44"],"_hero_h1":["field_64f19e1edd052"],"_hero_h2":["field_64f19e2ddd053"],"_hero_text":["field_64f19e42dd054"],"_hero_button_text":["field_64f19e4edd055"],"_hero_button_link":["field_64f19e5ddd056"],"_top_nav_excluded":[""],"_cms_nav_minihome":[""],"_wp_page_template":["default"],"_last_translation_edit_mode":["translation-editor"],"_wpml_word_count":["392"],"_uag_page_assets":["a:9:{s:3:\"css\";s:0:\"\";s:2:\"js\";s:0:\"\";s:18:\"current_block_list\";a:0:{}s:8:\"uag_flag\";b:0;s:11:\"uag_version\";s:10:\"1777052440\";s:6:\"gfonts\";a:0:{}s:10:\"gfonts_url\";s:0:\"\";s:12:\"gfonts_files\";a:0:{}s:14:\"uag_faq_layout\";b:0;}"]},"uagb_featured_image_src":{"full":false,"thumbnail":false,"medium":false,"medium_large":false,"large":false,"1536x1536":false,"2048x2048":false,"crunchify-admin-post-featured-image":false,"commercegurus-pdp-large":false,"commercegurus-plp-mobile":false,"cgkit_image_swatch":false,"woocommerce_thumbnail":false,"woocommerce_single":false,"woocommerce_gallery_thumbnail":false},"uagb_author_info":{"display_name":"Alex James","author_link":"https:\/\/praxas.com\/de\/author\/alex\/"},"uagb_comment_info":0,"uagb_excerpt":null,"_links":{"self":[{"href":"https:\/\/praxas.com\/de\/wp-json\/wp\/v2\/pages\/44079","targetHints":{"allow":["GET"]}}],"collection":[{"href":"https:\/\/praxas.com\/de\/wp-json\/wp\/v2\/pages"}],"about":[{"href":"https:\/\/praxas.com\/de\/wp-json\/wp\/v2\/types\/page"}],"author":[{"embeddable":true,"href":"https:\/\/praxas.com\/de\/wp-json\/wp\/v2\/users\/8383"}],"replies":[{"embeddable":true,"href":"https:\/\/praxas.com\/de\/wp-json\/wp\/v2\/comments?post=44079"}],"version-history":[{"count":1,"href":"https:\/\/praxas.com\/de\/wp-json\/wp\/v2\/pages\/44079\/revisions"}],"predecessor-version":[{"id":49985,"href":"https:\/\/praxas.com\/de\/wp-json\/wp\/v2\/pages\/44079\/revisions\/49985"}],"up":[{"embeddable":true,"href":"https:\/\/praxas.com\/de\/wp-json\/wp\/v2\/pages\/43957"}],"wp:attachment":[{"href":"https:\/\/praxas.com\/de\/wp-json\/wp\/v2\/media?parent=44079"}],"curies":[{"name":"wp","href":"https:\/\/api.w.org\/{rel}","templated":true}]}}