{"id":44304,"date":"2025-01-07T11:29:01","date_gmt":"2025-01-07T11:29:01","guid":{"rendered":"https:\/\/praxas.com\/panelpilot-2\/"},"modified":"2025-02-04T14:45:59","modified_gmt":"2025-02-04T14:45:59","slug":"panelpilot-2","status":"publish","type":"page","link":"https:\/\/praxas.com\/de\/panelpilot-2\/","title":{"rendered":"PanelPilot"},"content":{"rendered":"\n<div class=\"wp-block-cover alignfull is-light\" style=\"min-height:850px;aspect-ratio:unset;\"><span aria-hidden=\"true\" class=\"wp-block-cover__background has-cyan-bluish-gray-background-color has-background-dim-0 has-background-dim\"><\/span><img loading=\"lazy\" decoding=\"async\" width=\"2450\" height=\"1330\" class=\"wp-block-cover__image-background wp-image-44251\" alt=\"PanelPilot Brand landing page banner\" src=\"https:\/\/praxas.com\/wp-content\/uploads\/Praxas-PP-banner-1.jpg\" data-object-fit=\"cover\" srcset=\"https:\/\/praxas.com\/wp-content\/uploads\/Praxas-PP-banner-1.jpg 2450w, https:\/\/praxas.com\/wp-content\/uploads\/Praxas-PP-banner-1-300x163.jpg 300w, https:\/\/praxas.com\/wp-content\/uploads\/Praxas-PP-banner-1-1024x556.jpg 1024w, https:\/\/praxas.com\/wp-content\/uploads\/Praxas-PP-banner-1-768x417.jpg 768w, https:\/\/praxas.com\/wp-content\/uploads\/Praxas-PP-banner-1-1536x834.jpg 1536w, https:\/\/praxas.com\/wp-content\/uploads\/Praxas-PP-banner-1-2048x1112.jpg 2048w, https:\/\/praxas.com\/wp-content\/uploads\/Praxas-PP-banner-1-120x65.jpg 120w, https:\/\/praxas.com\/wp-content\/uploads\/Praxas-PP-banner-1-990x537.jpg 990w, https:\/\/praxas.com\/wp-content\/uploads\/Praxas-PP-banner-1-441x239.jpg 441w, https:\/\/praxas.com\/wp-content\/uploads\/Praxas-PP-banner-1-350x190.jpg 350w, https:\/\/praxas.com\/wp-content\/uploads\/Praxas-PP-banner-1-800x434.jpg 800w, https:\/\/praxas.com\/wp-content\/uploads\/Praxas-PP-banner-1-150x81.jpg 150w\" sizes=\"auto, (max-width: 2450px) 100vw, 2450px\" \/><div class=\"wp-block-cover__inner-container has-global-padding is-layout-constrained wp-container-core-cover-is-layout-a4c69c57 wp-block-cover-is-layout-constrained\">\n<div class=\"wp-block-columns is-layout-flex wp-container-core-columns-is-layout-28f84493 wp-block-columns-is-layout-flex\">\n<div class=\"wp-block-column is-layout-flow wp-block-column-is-layout-flow\" style=\"flex-basis:50%\">\n<figure class=\"wp-block-image alignleft size-full\"><img loading=\"lazy\" decoding=\"async\" width=\"220\" height=\"44\" src=\"https:\/\/praxas.com\/wp-content\/uploads\/panelpilot-logo-220.png\" alt=\"PanelPilot Logo\" class=\"wp-image-14913\" style=\"object-fit:cover\" srcset=\"https:\/\/praxas.com\/wp-content\/uploads\/panelpilot-logo-220.png 220w, https:\/\/praxas.com\/wp-content\/uploads\/panelpilot-logo-220-120x24.png 120w, https:\/\/praxas.com\/wp-content\/uploads\/panelpilot-logo-220-150x30.png 150w\" sizes=\"auto, (max-width: 220px) 100vw, 220px\" \/><\/figure>\n\n\n\n<div style=\"height:50px\" aria-hidden=\"true\" class=\"wp-block-spacer\"><\/div>\n\n\n\n<h1 class=\"wp-block-heading has-text-color has-link-color wp-elements-2b5af77a9316e9c16fd1dc176e490783\" style=\"color:#009ee0\">PanelPilot: Intelligente Displays f\u00fcr nahtlose Steuerung<\/h1>\n\n\n\n<div style=\"height:10px\" aria-hidden=\"true\" class=\"wp-block-spacer\"><\/div>\n\n\n\n<p class=\"has-black-color has-text-color has-link-color wp-elements-845952595d0b11a1aae410c9af0b8aa8\">Die PanelPilot-Displays von Lascar Electronics bieten intuitive, codefreie Touchscreen-L\u00f6sungen f\u00fcr die nahtlose Systemintegration in Industrie-, Forschungs- und Umweltanwendungen. Mit hochaufl\u00f6senden, individuell anpassbaren Dashboards und robusten Funktionen wie Analogeing\u00e4ngen und IP67-zertifizierten Modellen bieten sie eine zuverl\u00e4ssige Echtzeit-Datenvisualisierung und -steuerung f\u00fcr optimierte Prozesse. <\/p>\n\n\n\n<div class=\"wp-block-buttons is-content-justification-right is-layout-flex wp-container-core-buttons-is-layout-d445cf74 wp-block-buttons-is-layout-flex\">\n<div class=\"wp-block-button\"><a class=\"wp-block-button__link has-background wp-element-button\" href=\"https:\/\/praxas.com\/product-category\/displays\/\" style=\"border-radius:6px;background-color:#205d8f\"><strong>Produkte erforschen<\/strong><\/a><\/div>\n\n\n\n<div class=\"wp-block-button is-style-outline is-style-outline--1\"><a class=\"wp-block-button__link has-text-color has-link-color wp-element-button\" href=\"https:\/\/praxas.com\/de\/kontaktieren-sie-uns\/\" style=\"border-radius:6px;color:#205d8f\"><strong>Sprechen Sie mit einem Experten<\/strong><\/a><\/div>\n<\/div>\n\n\n\n<div style=\"height:100px\" aria-hidden=\"true\" class=\"wp-block-spacer\"><\/div>\n<\/div>\n\n\n\n<div class=\"wp-block-column is-layout-flow wp-block-column-is-layout-flow\"><\/div>\n<\/div>\n<\/div><\/div>\n\n<div class=\"wp-block-group alignfull has-background has-global-padding is-layout-constrained wp-container-core-group-is-layout-a4c69c57 wp-block-group-is-layout-constrained\" style=\"background-color:#205d8f\">\n<div style=\"height:20px\" aria-hidden=\"true\" class=\"wp-block-spacer\"><\/div>\n\n\n\n<h2 class=\"wp-block-heading has-text-align-center has-white-color has-text-color has-link-color wp-elements-3f0a852e326da8a5303bf3535723e29b\">Die ultimative Display-L\u00f6sung<\/h2>\n\n\n\n<p class=\"has-text-align-center has-white-color has-text-color has-link-color wp-elements-76f9621af015b94ec044980d8aa0cf77\">PanelPilot kombiniert modernste Display-Technologie mit intuitivem Design, um pr\u00e4zise und zuverl\u00e4ssige \u00dcberwachung f\u00fcr kritische Anwendungen zu bieten. Ganz gleich, ob Sie industrielle Systeme optimieren, die Forschung vorantreiben oder Umweltbedingungen \u00fcberwachen wollen, PanelPilot bietet Ihnen Visualisierung und Kontrolle in Echtzeit mit individuell anpassbaren Dashboards. PanelPilot l\u00e4sst sich nahtlos in verschiedene Systeme integrieren und sorgt f\u00fcr verwertbare Erkenntnisse und optimierte Abl\u00e4ufe, so dass Sie immer informiert sind und die Kontrolle behalten &#8211; unabh\u00e4ngig von der Branche oder der Umgebung.  <\/p>\n\n\n\n<div style=\"height:50px\" aria-hidden=\"true\" class=\"wp-block-spacer\"><\/div>\n<\/div>\n\n<div class=\"wp-block-group alignfull has-global-padding is-layout-constrained wp-container-core-group-is-layout-a4c69c57 wp-block-group-is-layout-constrained\">\n<div style=\"height:30px\" aria-hidden=\"true\" class=\"wp-block-spacer\"><\/div>\n\n\n\n<div class=\"wp-block-columns is-layout-flex wp-container-core-columns-is-layout-28f84493 wp-block-columns-is-layout-flex\">\n<div class=\"wp-block-column is-layout-flow wp-block-column-is-layout-flow\">\n<h3 class=\"wp-block-heading has-text-color has-link-color wp-elements-91f95a1681fda24aa8b794861baf28cb\" style=\"color:#009ee0\">Bleiben Sie auf dem Laufenden<\/h3>\n\n\n\n<p>Melden Sie sich an, um die neuesten Updates zu erhalten, darunter Produktneuheiten, Tipps zur Einhaltung von Vorschriften und Einblicke in die Branche.<\/p>\n\n\n<p><script charset=\"utf-8\" type=\"text\/javascript\" src=\"\/\/js-eu1.hsforms.net\/forms\/embed\/v2.js\"><\/script><br \/>\n<script>\n  hbspt.forms.create({\n    portalId: \"145130462\",\n    formId: \"f426f6d3-9c87-4a81-b060-3b72321b1e95\"\n  });\n<\/script><\/p>\n<\/div>\n\n\n\n<div class=\"wp-block-column is-layout-flow wp-block-column-is-layout-flow\">\n<figure class=\"wp-block-image alignright size-full is-resized has-custom-border\"><img loading=\"lazy\" decoding=\"async\" width=\"1200\" height=\"1200\" src=\"https:\/\/praxas.com\/wp-content\/uploads\/PanelPilot.jpg\" alt=\"PanelPilot Praxas Hintergrund Produktbild\" class=\"wp-image-44275\" style=\"border-radius:15px;width:403px;height:auto\" srcset=\"https:\/\/praxas.com\/wp-content\/uploads\/PanelPilot.jpg 1200w, https:\/\/praxas.com\/wp-content\/uploads\/PanelPilot-300x300.jpg 300w, https:\/\/praxas.com\/wp-content\/uploads\/PanelPilot-1024x1024.jpg 1024w, https:\/\/praxas.com\/wp-content\/uploads\/PanelPilot-150x150.jpg 150w, https:\/\/praxas.com\/wp-content\/uploads\/PanelPilot-768x768.jpg 768w, https:\/\/praxas.com\/wp-content\/uploads\/PanelPilot-120x120.jpg 120w, https:\/\/praxas.com\/wp-content\/uploads\/PanelPilot-990x990.jpg 990w, https:\/\/praxas.com\/wp-content\/uploads\/PanelPilot-441x441.jpg 441w, https:\/\/praxas.com\/wp-content\/uploads\/PanelPilot-100x100.jpg 100w, https:\/\/praxas.com\/wp-content\/uploads\/PanelPilot-350x350.jpg 350w, https:\/\/praxas.com\/wp-content\/uploads\/PanelPilot-800x800.jpg 800w\" sizes=\"auto, (max-width: 1200px) 100vw, 1200px\" \/><\/figure>\n<\/div>\n<\/div>\n<\/div>\n\n<div style=\"height:60px\" aria-hidden=\"true\" class=\"wp-block-spacer\"><\/div>\n\n<div class=\"wp-block-group alignfull has-global-padding is-layout-constrained wp-container-core-group-is-layout-a4c69c57 wp-block-group-is-layout-constrained\">\n<div class=\"wp-block-columns is-layout-flex wp-container-core-columns-is-layout-28f84493 wp-block-columns-is-layout-flex\">\n<div class=\"wp-block-column is-layout-flow wp-block-column-is-layout-flow\">\n<h4 class=\"wp-block-heading has-text-align-center has-text-color has-link-color has-large-font-size wp-elements-a036bd50b5f5c80e728605a4c311acd6\" style=\"color:#009ee0\">PanelPilot Produkte erkunden<\/h4>\n\n\n<div class=\"woocommerce columns-3 \"><ul class=\"products columns-3\">\n<li class=\"product type-product post-26316 status-publish first instock product_cat-uncategorized-de product_tag-anzeige has-post-thumbnail taxable shipping-taxable purchasable product-type-simple\">\n\t<a href=\"https:\/\/praxas.com\/de\/product\/uncategorized-de\/sgd-24-m\/\" class=\"woocommerce-LoopProduct-link woocommerce-loop-product__link\"><div class=\"product-inner\"><div class=\"product-content-catname\">Uncategorized<\/div><div class=\"woocommerce-image__wrapper\"><a href=\"https:\/\/praxas.com\/de\/product\/uncategorized-de\/sgd-24-m\/\" title=\"SGD 24-M\" class=\"woocommerce-LoopProduct-link woocommerce-loop-product__link\"><img loading=\"lazy\" decoding=\"async\" width=\"300\" height=\"174\" src=\"https:\/\/praxas.com\/wp-content\/uploads\/SGD-24-M_Flat_No-Reflection-Straight-300x174.png\" class=\"attachment-woocommerce_thumbnail size-woocommerce_thumbnail\" alt=\"SGD 24-M\" srcset=\"https:\/\/praxas.com\/wp-content\/uploads\/SGD-24-M_Flat_No-Reflection-Straight-300x174.png 300w, https:\/\/praxas.com\/wp-content\/uploads\/SGD-24-M_Flat_No-Reflection-Straight-768x444.png 768w, https:\/\/praxas.com\/wp-content\/uploads\/SGD-24-M_Flat_No-Reflection-Straight-120x69.png 120w, https:\/\/praxas.com\/wp-content\/uploads\/SGD-24-M_Flat_No-Reflection-Straight-441x255.png 441w, https:\/\/praxas.com\/wp-content\/uploads\/SGD-24-M_Flat_No-Reflection-Straight-150x87.png 150w, https:\/\/praxas.com\/wp-content\/uploads\/SGD-24-M_Flat_No-Reflection-Straight.png 800w\" sizes=\"auto, (max-width: 360px) 147px, (max-width: 300px) 100vw, 300px\" \/>\t\t\t\n\t<\/a><\/div><div class=\"woocommerce-card__header\">\t\t\t\t\t<p class=\"product__categories\"><a href=\"https:\/\/praxas.com\/de\/produkt-kategorie\/uncategorized-de\/\" rel=\"tag\">Uncategorized<\/a><\/p>\t\t\t\t<div class=\"woocommerce-loop-product__title\"><a tabindex=\"0\" href=\"https:\/\/praxas.com\/de\/product\/uncategorized-de\/sgd-24-m\/\" aria-label=\"SGD 24-M\" class=\"woocommerce-LoopProduct-link woocommerce-loop-product__link\">SGD 24-M<\/a><\/div>\n\t<span class=\"price\"><span class=\"woocommerce-Price-amount amount\"><bdi><span class=\"woocommerce-Price-currencySymbol\">&euro;<\/span>86,70<\/bdi><\/span> <small class=\"woocommerce-price-suffix\">ex. tax<\/small><\/span>\n<div class=\"card-short-description\">2,4\" Programmierbares TFT-Panel-Messger\u00e4t<\/div><\/a><a href=\"\/de\/wp-json\/wp\/v2\/pages\/44304?add-to-cart=26316\" aria-describedby=\"woocommerce_loop_add_to_cart_link_describedby_26316\" data-quantity=\"1\" class=\"button product_type_simple add_to_cart_button ajax_add_to_cart\" data-product_id=\"26316\" data-product_sku=\"SGD 24-M\" aria-label=\"In den Warenkorb legen: \u201eSGD 24-M\u201c\" rel=\"nofollow\" data-success_message=\"\u201eSGD 24-M\u201c wurde deinem Warenkorb hinzugef\u00fcgt\" role=\"button\">In den Warenkorb<\/a>\t<span id=\"woocommerce_loop_add_to_cart_link_describedby_26316\" class=\"screen-reader-text\">\n\t\t\t<\/span>\n<span class=\"gtm4wp_productdata\" style=\"display:none; visibility:hidden;\" data-gtm4wp_product_data=\"{&quot;internal_id&quot;:26316,&quot;item_id&quot;:26316,&quot;item_name&quot;:&quot;SGD 24-M&quot;,&quot;sku&quot;:&quot;SGD 24-M&quot;,&quot;price&quot;:86.7,&quot;stocklevel&quot;:7,&quot;stockstatus&quot;:&quot;instock&quot;,&quot;google_business_vertical&quot;:&quot;retail&quot;,&quot;item_category&quot;:&quot;Uncategorized&quot;,&quot;id&quot;:26316,&quot;productlink&quot;:&quot;https:\\\/\\\/praxas.com\\\/de\\\/product\\\/uncategorized-de\\\/sgd-24-m\\\/&quot;,&quot;item_list_name&quot;:&quot;General Product List&quot;,&quot;index&quot;:1,&quot;product_type&quot;:&quot;simple&quot;,&quot;item_brand&quot;:&quot;&quot;}\"><\/span><\/div><div class=\"product-card-footer\"><\/div><\/div><\/li>\n<li class=\"product type-product post-27453 status-publish instock product_cat-uncategorized-de product_tag-anzeige product_tag-hmi-de has-post-thumbnail taxable shipping-taxable purchasable product-type-simple\">\n\t<a href=\"https:\/\/praxas.com\/de\/product\/uncategorized-de\/sgd-43-a\/\" class=\"woocommerce-LoopProduct-link woocommerce-loop-product__link\"><div class=\"product-inner\"><div class=\"product-content-catname\">Uncategorized<\/div><div class=\"woocommerce-image__wrapper\"><a href=\"https:\/\/praxas.com\/de\/product\/uncategorized-de\/sgd-43-a\/\" title=\"SGD 43-A\" class=\"woocommerce-LoopProduct-link woocommerce-loop-product__link\"><img loading=\"lazy\" decoding=\"async\" width=\"300\" height=\"174\" src=\"https:\/\/praxas.com\/wp-content\/uploads\/front-on-2-300x174.png\" class=\"attachment-woocommerce_thumbnail size-woocommerce_thumbnail\" alt=\"SGD-43-A\" srcset=\"https:\/\/praxas.com\/wp-content\/uploads\/front-on-2-300x174.png 300w, https:\/\/praxas.com\/wp-content\/uploads\/front-on-2-768x444.png 768w, https:\/\/praxas.com\/wp-content\/uploads\/front-on-2-120x69.png 120w, https:\/\/praxas.com\/wp-content\/uploads\/front-on-2-441x255.png 441w, https:\/\/praxas.com\/wp-content\/uploads\/front-on-2-150x87.png 150w, https:\/\/praxas.com\/wp-content\/uploads\/front-on-2.png 800w\" sizes=\"auto, (max-width: 360px) 147px, (max-width: 300px) 100vw, 300px\" \/>\t\t\t\n\t<\/a><\/div><div class=\"woocommerce-card__header\">\t\t\t\t\t<p class=\"product__categories\"><a href=\"https:\/\/praxas.com\/de\/produkt-kategorie\/uncategorized-de\/\" rel=\"tag\">Uncategorized<\/a><\/p>\t\t\t\t<div class=\"woocommerce-loop-product__title\"><a tabindex=\"0\" href=\"https:\/\/praxas.com\/de\/product\/uncategorized-de\/sgd-43-a\/\" aria-label=\"SGD 43-A\" class=\"woocommerce-LoopProduct-link woocommerce-loop-product__link\">SGD 43-A<\/a><\/div>\n\t<span class=\"price\"><span class=\"woocommerce-Price-amount amount\"><bdi><span class=\"woocommerce-Price-currencySymbol\">&euro;<\/span>247,75<\/bdi><\/span> <small class=\"woocommerce-price-suffix\">ex. tax<\/small><\/span>\n<div class=\"card-short-description\">4,3\" mit analogen, digitalen, PWM- und seriellen Schnittstellen<\/div><\/a><a href=\"\/de\/wp-json\/wp\/v2\/pages\/44304?add-to-cart=27453\" aria-describedby=\"woocommerce_loop_add_to_cart_link_describedby_27453\" data-quantity=\"1\" class=\"button product_type_simple add_to_cart_button ajax_add_to_cart\" data-product_id=\"27453\" data-product_sku=\"SGD 43-A\" aria-label=\"In den Warenkorb legen: \u201eSGD 43-A\u201c\" rel=\"nofollow\" data-success_message=\"\u201eSGD 43-A\u201c wurde deinem Warenkorb hinzugef\u00fcgt\" role=\"button\">In den Warenkorb<\/a>\t<span id=\"woocommerce_loop_add_to_cart_link_describedby_27453\" class=\"screen-reader-text\">\n\t\t\t<\/span>\n<span class=\"gtm4wp_productdata\" style=\"display:none; visibility:hidden;\" data-gtm4wp_product_data=\"{&quot;internal_id&quot;:27453,&quot;item_id&quot;:27453,&quot;item_name&quot;:&quot;SGD 43-A&quot;,&quot;sku&quot;:&quot;SGD 43-A&quot;,&quot;price&quot;:247.75,&quot;stocklevel&quot;:5,&quot;stockstatus&quot;:&quot;instock&quot;,&quot;google_business_vertical&quot;:&quot;retail&quot;,&quot;item_category&quot;:&quot;&quot;,&quot;id&quot;:27453,&quot;productlink&quot;:&quot;https:\\\/\\\/praxas.com\\\/de\\\/product\\\/uncategorized-de\\\/sgd-43-a\\\/&quot;,&quot;item_list_name&quot;:&quot;General Product List&quot;,&quot;index&quot;:2,&quot;product_type&quot;:&quot;simple&quot;,&quot;item_brand&quot;:&quot;&quot;}\"><\/span><\/div><div class=\"product-card-footer\"><\/div><\/div><\/li>\n<\/ul>\n<\/div>\n\n\n\n<div class=\"wp-block-buttons is-content-justification-center is-layout-flex wp-container-core-buttons-is-layout-a89b3969 wp-block-buttons-is-layout-flex\">\n<div class=\"wp-block-button\"><a class=\"wp-block-button__link has-background wp-element-button\" href=\"https:\/\/praxas.com\/product-category\/displays\/\" style=\"border-radius:6px;background-color:#009ee0\"><strong>Mehr erforschen<\/strong> <strong>Produkte<\/strong><\/a><\/div>\n<\/div>\n<\/div>\n<\/div>\n<\/div>\n\n<div style=\"height:80px\" aria-hidden=\"true\" class=\"wp-block-spacer\"><\/div>\n\n<div class=\"wp-block-group alignfull has-global-padding is-layout-constrained wp-container-core-group-is-layout-a4c69c57 wp-block-group-is-layout-constrained\">\n<div class=\"wp-block-columns is-layout-flex wp-container-core-columns-is-layout-28f84493 wp-block-columns-is-layout-flex\">\n<div class=\"wp-block-column has-background is-layout-flow wp-block-column-is-layout-flow\" style=\"background-color:#e5e5e5;padding-top:var(--wp--preset--spacing--medium);padding-right:var(--wp--preset--spacing--medium);padding-bottom:var(--wp--preset--spacing--medium);padding-left:var(--wp--preset--spacing--medium)\">\n<h5 class=\"wp-block-heading has-text-align-center has-text-color has-link-color has-large-font-size wp-elements-e7ed878ed257ea105ebaffcfd54a1bb3\" style=\"color:#009ee0\">PanelPilot Software: Vereinfachen, Anpassen, Optimieren<\/h5>\n\n\n\n<div class=\"wp-block-columns is-layout-flex wp-container-core-columns-is-layout-28f84493 wp-block-columns-is-layout-flex\">\n<div class=\"wp-block-column is-layout-flow wp-block-column-is-layout-flow\" style=\"flex-basis:40%\">\n<figure class=\"wp-block-image aligncenter size-full is-resized has-custom-border\"><img loading=\"lazy\" decoding=\"async\" width=\"500\" height=\"250\" src=\"https:\/\/praxas.com\/wp-content\/uploads\/PP-software.jpg\" alt=\"PanelPilot Software-esc Bild f&#xFC;r Landing Page\" class=\"wp-image-44289\" style=\"border-radius:15px;width:313px;height:auto\" srcset=\"https:\/\/praxas.com\/wp-content\/uploads\/PP-software.jpg 500w, https:\/\/praxas.com\/wp-content\/uploads\/PP-software-300x150.jpg 300w, https:\/\/praxas.com\/wp-content\/uploads\/PP-software-120x60.jpg 120w, https:\/\/praxas.com\/wp-content\/uploads\/PP-software-441x221.jpg 441w, https:\/\/praxas.com\/wp-content\/uploads\/PP-software-350x175.jpg 350w, https:\/\/praxas.com\/wp-content\/uploads\/PP-software-150x75.jpg 150w\" sizes=\"auto, (max-width: 500px) 100vw, 500px\" \/><\/figure>\n<\/div>\n\n\n\n<div class=\"wp-block-column is-layout-flow wp-block-column-is-layout-flow\" style=\"flex-basis:70%\">\n<p>Verwalten und optimieren Sie Ihre Anzeigeger\u00e4te, einschlie\u00dflich PanelPilot M, B und ACE, ganz einfach mit einer speziellen Software zur Anpassung, Eingabekonfiguration und Aktualisierung der Anzeige.<\/p>\n\n\n\n<div class=\"wp-block-buttons is-content-justification-right is-layout-flex wp-container-core-buttons-is-layout-d445cf74 wp-block-buttons-is-layout-flex\">\n<div class=\"wp-block-button\"><a class=\"wp-block-button__link has-background has-text-align-center wp-element-button\" href=\"https:\/\/praxas.com\/de\/software\/panelpilot-software\/\" style=\"border-radius:6px;background-color:#009ee0\"><strong>Mehr erfahren<\/strong><\/a><\/div>\n<\/div>\n<\/div>\n<\/div>\n<\/div>\n<\/div>\n<\/div>\n\n<div style=\"height:80px\" aria-hidden=\"true\" class=\"wp-block-spacer\"><\/div>\n","protected":false},"excerpt":{"rendered":"<p>Die ultimative Display-L\u00f6sung PanelPilot kombiniert modernste Display-Technologie mit intuitivem Design, um pr\u00e4zise und zuverl\u00e4ssige \u00dcberwachung f\u00fcr kritische Anwendungen zu bieten. Ganz gleich, ob Sie industrielle Systeme optimieren, die Forschung vorantreiben oder Umweltbedingungen \u00fcberwachen wollen, PanelPilot bietet Ihnen Visualisierung und Kontrolle in Echtzeit mit individuell anpassbaren Dashboards. PanelPilot l\u00e4sst sich nahtlos in verschiedene Systeme integrieren und [&hellip;]<\/p>\n","protected":false},"author":8383,"featured_media":0,"parent":0,"menu_order":0,"comment_status":"closed","ping_status":"closed","template":"template-fullwidth-no-heading.php","meta":{"_acf_changed":false,"content-type":"","_uag_custom_page_level_css":"","footnotes":""},"class_list":["post-44304","page","type-page","status-publish","hentry"],"acf":[],"spectra_custom_meta":{"hero_image":[""],"_hero_image":["field_64f1a7da7af44"],"_hero_h1":["field_64f19e1edd052"],"_hero_h2":["field_64f19e2ddd053"],"_hero_text":["field_64f19e42dd054"],"_hero_button_text":["field_64f19e4edd055"],"_hero_button_link":["field_64f19e5ddd056"],"_top_nav_excluded":[""],"_cms_nav_minihome":[""],"_wp_page_template":["template-fullwidth-no-heading.php"],"rank_math_focus_keyword":["PanelPilot"],"_last_translation_edit_mode":["translation-editor"],"rank_math_og_content_image":["a:2:{s:5:\"check\";s:32:\"a824198ee5c30f02155b4cb78ed6dc4c\";s:6:\"images\";a:1:{i:0;i:44251;}}"],"rank_math_analytic_object_id":["964"],"_uag_css_file_name":["uag-css-44304.css"],"_uag_page_assets":["a:9:{s:3:\"css\";s:263:\".uag-blocks-common-selector{z-index:var(--z-index-desktop) !important}@media (max-width: 976px){.uag-blocks-common-selector{z-index:var(--z-index-tablet) !important}}@media (max-width: 767px){.uag-blocks-common-selector{z-index:var(--z-index-mobile) !important}}\n\";s:2:\"js\";s:0:\"\";s:18:\"current_block_list\";a:11:{i:0;s:10:\"core\/cover\";i:1;s:12:\"core\/columns\";i:2;s:11:\"core\/column\";i:3;s:10:\"core\/image\";i:4;s:11:\"core\/spacer\";i:5;s:12:\"core\/heading\";i:6;s:14:\"core\/paragraph\";i:7;s:12:\"core\/buttons\";i:8;s:11:\"core\/button\";i:9;s:10:\"core\/group\";i:10;s:14:\"core\/shortcode\";}s:8:\"uag_flag\";b:0;s:11:\"uag_version\";s:10:\"1777534559\";s:6:\"gfonts\";a:0:{}s:10:\"gfonts_url\";s:0:\"\";s:12:\"gfonts_files\";a:0:{}s:14:\"uag_faq_layout\";b:0;}"]},"uagb_featured_image_src":{"full":false,"thumbnail":false,"medium":false,"medium_large":false,"large":false,"1536x1536":false,"2048x2048":false,"crunchify-admin-post-featured-image":false,"commercegurus-pdp-large":false,"commercegurus-plp-mobile":false,"cgkit_image_swatch":false,"woocommerce_thumbnail":false,"woocommerce_single":false,"woocommerce_gallery_thumbnail":false},"uagb_author_info":{"display_name":"Alex James","author_link":"https:\/\/praxas.com\/de\/author\/alex\/"},"uagb_comment_info":0,"uagb_excerpt":"Die ultimative Display-L\u00f6sung PanelPilot kombiniert modernste Display-Technologie mit intuitivem Design, um pr\u00e4zise und zuverl\u00e4ssige \u00dcberwachung f\u00fcr kritische Anwendungen zu bieten. Ganz gleich, ob Sie industrielle Systeme optimieren, die Forschung vorantreiben oder Umweltbedingungen \u00fcberwachen wollen, PanelPilot bietet Ihnen Visualisierung und Kontrolle in Echtzeit mit individuell anpassbaren Dashboards. PanelPilot l\u00e4sst sich nahtlos in verschiedene Systeme integrieren und&hellip;","_links":{"self":[{"href":"https:\/\/praxas.com\/de\/wp-json\/wp\/v2\/pages\/44304","targetHints":{"allow":["GET"]}}],"collection":[{"href":"https:\/\/praxas.com\/de\/wp-json\/wp\/v2\/pages"}],"about":[{"href":"https:\/\/praxas.com\/de\/wp-json\/wp\/v2\/types\/page"}],"author":[{"embeddable":true,"href":"https:\/\/praxas.com\/de\/wp-json\/wp\/v2\/users\/8383"}],"replies":[{"embeddable":true,"href":"https:\/\/praxas.com\/de\/wp-json\/wp\/v2\/comments?post=44304"}],"version-history":[{"count":1,"href":"https:\/\/praxas.com\/de\/wp-json\/wp\/v2\/pages\/44304\/revisions"}],"predecessor-version":[{"id":44305,"href":"https:\/\/praxas.com\/de\/wp-json\/wp\/v2\/pages\/44304\/revisions\/44305"}],"wp:attachment":[{"href":"https:\/\/praxas.com\/de\/wp-json\/wp\/v2\/media?parent=44304"}],"curies":[{"name":"wp","href":"https:\/\/api.w.org\/{rel}","templated":true}]}}