{"id":44333,"date":"2025-01-07T12:21:29","date_gmt":"2025-01-07T12:21:29","guid":{"rendered":"https:\/\/praxas.com\/arctiko\/"},"modified":"2025-07-15T11:05:31","modified_gmt":"2025-07-15T11:05:31","slug":"arctiko","status":"publish","type":"page","link":"https:\/\/praxas.com\/de\/arctiko\/","title":{"rendered":"ARCTIKO"},"content":{"rendered":"\n<div class=\"wp-block-cover alignfull is-light\" style=\"min-height:850px;aspect-ratio:unset;\"><img loading=\"lazy\" decoding=\"async\" width=\"2450\" height=\"1330\" class=\"wp-block-cover__image-background wp-image-44322\" alt=\"Arctiko Brand landing page banner\" src=\"https:\/\/praxas.com\/wp-content\/uploads\/Praxas-Arctiko-banner-1.jpg\" data-object-fit=\"cover\" srcset=\"https:\/\/praxas.com\/wp-content\/uploads\/Praxas-Arctiko-banner-1.jpg 2450w, https:\/\/praxas.com\/wp-content\/uploads\/Praxas-Arctiko-banner-1-300x163.jpg 300w, https:\/\/praxas.com\/wp-content\/uploads\/Praxas-Arctiko-banner-1-1024x556.jpg 1024w, https:\/\/praxas.com\/wp-content\/uploads\/Praxas-Arctiko-banner-1-768x417.jpg 768w, https:\/\/praxas.com\/wp-content\/uploads\/Praxas-Arctiko-banner-1-1536x834.jpg 1536w, https:\/\/praxas.com\/wp-content\/uploads\/Praxas-Arctiko-banner-1-2048x1112.jpg 2048w, https:\/\/praxas.com\/wp-content\/uploads\/Praxas-Arctiko-banner-1-120x65.jpg 120w, https:\/\/praxas.com\/wp-content\/uploads\/Praxas-Arctiko-banner-1-990x537.jpg 990w, https:\/\/praxas.com\/wp-content\/uploads\/Praxas-Arctiko-banner-1-441x239.jpg 441w, https:\/\/praxas.com\/wp-content\/uploads\/Praxas-Arctiko-banner-1-350x190.jpg 350w, https:\/\/praxas.com\/wp-content\/uploads\/Praxas-Arctiko-banner-1-800x434.jpg 800w, https:\/\/praxas.com\/wp-content\/uploads\/Praxas-Arctiko-banner-1-150x81.jpg 150w\" sizes=\"auto, (max-width: 2450px) 100vw, 2450px\" \/><span aria-hidden=\"true\" class=\"wp-block-cover__background has-cyan-bluish-gray-background-color has-background-dim-0 has-background-dim\"><\/span><div class=\"wp-block-cover__inner-container has-global-padding is-layout-constrained wp-container-core-cover-is-layout-a4c69c57 wp-block-cover-is-layout-constrained\">\n<div class=\"wp-block-columns is-layout-flex wp-container-core-columns-is-layout-28f84493 wp-block-columns-is-layout-flex\">\n<div class=\"wp-block-column is-layout-flow wp-block-column-is-layout-flow\" style=\"flex-basis:50%\">\n<figure class=\"wp-block-image alignleft size-full is-resized\"><img loading=\"lazy\" decoding=\"async\" width=\"426\" height=\"105\" src=\"https:\/\/praxas.com\/wp-content\/uploads\/Arctiko-Logo.png\" alt=\"\" class=\"wp-image-44225\" style=\"width:200px\" srcset=\"https:\/\/praxas.com\/wp-content\/uploads\/Arctiko-Logo.png 426w, https:\/\/praxas.com\/wp-content\/uploads\/Arctiko-Logo-300x74.png 300w, https:\/\/praxas.com\/wp-content\/uploads\/Arctiko-Logo-120x30.png 120w, https:\/\/praxas.com\/wp-content\/uploads\/Arctiko-Logo-350x86.png 350w, https:\/\/praxas.com\/wp-content\/uploads\/Arctiko-Logo-150x37.png 150w\" sizes=\"auto, (max-width: 426px) 100vw, 426px\" \/><\/figure>\n\n\n\n<div style=\"height:50px\" aria-hidden=\"true\" class=\"wp-block-spacer\"><\/div>\n\n\n\n<h1 class=\"wp-block-heading has-text-color has-link-color wp-elements-c6f8e8388d803550d9fa9e4ce6605cbe\" style=\"color:#009ee0\">ARCTIKO: Die Neudefinition von K\u00fchlhaus-Exzellenz<\/h1>\n\n\n\n<div style=\"height:10px\" aria-hidden=\"true\" class=\"wp-block-spacer\"><\/div>\n\n\n\n<p class=\"has-black-color has-text-color has-link-color wp-elements-96c93de05ce399097a6d83a71720362b\"><a href=\"https:\/\/arctiko.com\" data-type=\"link\" data-id=\"https:\/\/arctiko.com\" target=\"_blank\" rel=\"noopener\">ARCTIKO<\/a> ist ein f\u00fchrender Anbieter von temperaturgesteuerten Lagerungsl\u00f6sungen und bietet fortschrittliche K\u00fchltechnologie f\u00fcr die wissenschaftliche Forschung, das Gesundheitswesen und dar\u00fcber hinaus. Mit seiner Tradition in der Pr\u00e4zisionstechnik und seinem Fokus auf Nachhaltigkeit liefert das Unternehmen ma\u00dfgeschneiderte Gefrier- und K\u00fchlschr\u00e4nke, die die sichere Aufbewahrung von kritischen Materialien gew\u00e4hrleisten. Von Laboratorien bis hin zu Krankenh\u00e4usern setzt das Unternehmen den Standard f\u00fcr Zuverl\u00e4ssigkeit, Effizienz und Innovation und erm\u00f6glicht es der Industrie, selbst in den anspruchsvollsten Umgebungen Spitzenleistungen zu erbringen.  <\/p>\n\n\n\n<div class=\"wp-block-buttons is-content-justification-right is-layout-flex wp-container-core-buttons-is-layout-d445cf74 wp-block-buttons-is-layout-flex\">\n<div class=\"wp-block-button\"><a class=\"wp-block-button__link has-background wp-element-button\" href=\"\/en?product_cat=refrigeration_products\" style=\"border-radius:6px;background-color:#205d8f\"><strong>Produkte erforschen<\/strong><\/a><\/div>\n\n\n\n<div class=\"wp-block-button is-style-outline is-style-outline--1\"><a class=\"wp-block-button__link has-text-color has-link-color wp-element-button\" href=\"https:\/\/praxas.com\/de\/kontaktieren-sie-uns\/\" style=\"border-radius:6px;color:#205d8f\"><strong>Sprechen Sie mit einem Experten<\/strong><\/a><\/div>\n<\/div>\n\n\n\n<div style=\"height:100px\" aria-hidden=\"true\" class=\"wp-block-spacer\"><\/div>\n<\/div>\n\n\n\n<div class=\"wp-block-column is-layout-flow wp-block-column-is-layout-flow\"><\/div>\n<\/div>\n<\/div><\/div>\n\n<div class=\"wp-block-group alignfull has-background has-global-padding is-layout-constrained wp-container-core-group-is-layout-a4c69c57 wp-block-group-is-layout-constrained\" style=\"background-color:#205d8f\">\n<div style=\"height:20px\" aria-hidden=\"true\" class=\"wp-block-spacer\"><\/div>\n\n\n\n<h2 class=\"wp-block-heading has-text-align-center has-white-color has-text-color has-link-color wp-elements-5c765f8495b0ed0dcd8586bded5c8db9\">Die perfekte L\u00f6sung f\u00fcr die K\u00fchllagerung<\/h2>\n\n\n\n<p class=\"has-text-align-center has-white-color has-text-color has-link-color wp-elements-aaaa29a89d14e1caccc063d53b046ed4\">Diese hochmodernen K\u00fchlsysteme sind so konzipiert, dass sie die h\u00f6chsten Standards der K\u00fchllagerung erf\u00fcllen. Von Ultra-Low Temperature (ULT) Gefrierger\u00e4ten, die -40\u00b0C bis -86\u00b0C f\u00fcr biologische Proben und Impfstoffe aufrechterhalten, bis hin zu biomedizinischen K\u00fchlschr\u00e4nken, die pr\u00e4zise Bedingungen f\u00fcr Reagenzien und Materialien gew\u00e4hrleisten, bieten sie un\u00fcbertroffene Pr\u00e4zision und Zuverl\u00e4ssigkeit. Ihre L\u00f6sungen zur Lagerung von Blutkonserven garantieren optimale Sicherheit und Leistung f\u00fcr kritische medizinische Anwendungen. Durch die Kombination von Energieeffizienz und benutzerfreundlichem Design bietet ARCTIKO ein komplettes Sortiment an K\u00fchlsystemen, die auf die jeweiligen Bed\u00fcrfnisse zugeschnitten sind, und ist damit die vertrauensw\u00fcrdige Wahl f\u00fcr Profis auf der ganzen Welt.<\/p>\n\n\n\n<div style=\"height:50px\" aria-hidden=\"true\" class=\"wp-block-spacer\"><\/div>\n<\/div>\n\n<div class=\"wp-block-group alignfull has-global-padding is-layout-constrained wp-container-core-group-is-layout-a4c69c57 wp-block-group-is-layout-constrained\">\n<div style=\"height:30px\" aria-hidden=\"true\" class=\"wp-block-spacer\"><\/div>\n\n\n\n<div class=\"wp-block-columns is-layout-flex wp-container-core-columns-is-layout-28f84493 wp-block-columns-is-layout-flex\">\n<div class=\"wp-block-column is-layout-flow wp-block-column-is-layout-flow\">\n<h3 class=\"wp-block-heading has-text-color has-link-color wp-elements-91f95a1681fda24aa8b794861baf28cb\" style=\"color:#009ee0\">Bleiben Sie auf dem Laufenden<\/h3>\n\n\n\n<p>Melden Sie sich an, um die neuesten Updates zu erhalten, darunter Produktneuheiten, Tipps zur Einhaltung von Vorschriften und Einblicke in die Branche.<\/p>\n\n\n<p><script src=\"https:\/\/js.hsforms.net\/forms\/embed\/22752398.js\" defer><\/script><\/p>\n<div class=\"hs-form-frame\" data-region=\"na1\" data-form-id=\"dbef3b09-315d-471b-bb3b-bf2cc435cdc7\" data-portal-id=\"22752398\"><\/div>\n<\/div>\n\n\n\n<div class=\"wp-block-column is-layout-flow wp-block-column-is-layout-flow\">\n<figure class=\"wp-block-image alignright size-full is-resized has-custom-border\"><img loading=\"lazy\" decoding=\"async\" width=\"1200\" height=\"1200\" src=\"https:\/\/praxas.com\/wp-content\/uploads\/Fridges-2.jpg\" alt=\"\" class=\"wp-image-44233\" style=\"border-radius:15px;width:403px;height:auto\" srcset=\"https:\/\/praxas.com\/wp-content\/uploads\/Fridges-2.jpg 1200w, https:\/\/praxas.com\/wp-content\/uploads\/Fridges-2-300x300.jpg 300w, https:\/\/praxas.com\/wp-content\/uploads\/Fridges-2-1024x1024.jpg 1024w, https:\/\/praxas.com\/wp-content\/uploads\/Fridges-2-150x150.jpg 150w, https:\/\/praxas.com\/wp-content\/uploads\/Fridges-2-768x768.jpg 768w, https:\/\/praxas.com\/wp-content\/uploads\/Fridges-2-120x120.jpg 120w, https:\/\/praxas.com\/wp-content\/uploads\/Fridges-2-990x990.jpg 990w, https:\/\/praxas.com\/wp-content\/uploads\/Fridges-2-441x441.jpg 441w, https:\/\/praxas.com\/wp-content\/uploads\/Fridges-2-100x100.jpg 100w, https:\/\/praxas.com\/wp-content\/uploads\/Fridges-2-350x350.jpg 350w, https:\/\/praxas.com\/wp-content\/uploads\/Fridges-2-800x800.jpg 800w\" sizes=\"auto, (max-width: 1200px) 100vw, 1200px\" \/><\/figure>\n<\/div>\n<\/div>\n<\/div>\n\n<div style=\"height:60px\" aria-hidden=\"true\" class=\"wp-block-spacer\"><\/div>\n\n<div class=\"wp-block-group alignfull has-global-padding is-layout-constrained wp-container-core-group-is-layout-a4c69c57 wp-block-group-is-layout-constrained\">\n<div class=\"wp-block-columns is-layout-flex wp-container-core-columns-is-layout-28f84493 wp-block-columns-is-layout-flex\">\n<div class=\"wp-block-column is-layout-flow wp-block-column-is-layout-flow\">\n<h4 class=\"wp-block-heading has-text-align-center has-text-color has-link-color has-large-font-size wp-elements-02a5b7587c938fad410e6872ac4f1d0c\" style=\"color:#009ee0\">Entdecken Sie ARCTIKO Produkte<\/h4>\n\n\n<div class=\"woocommerce columns-3 \"><ul class=\"products columns-3\">\n<li class=\"product type-product post-28071 status-publish first instock product_cat-kuhlschranke product_cat-1c-10c-pharmazeutische-und-biomedizinische-kuhlschranke product_cat-kuhlung_produkte product_tag-arktiko product_tag-kuhlschrank product_tag-untertischgerat has-post-thumbnail taxable shipping-taxable purchasable product-type-simple\">\n\t<a href=\"https:\/\/praxas.com\/de\/product\/kuhlung_produkte\/kuhlschranke\/kleiner-biomedizinischer-kuehlschrank-pr-100\/\" class=\"woocommerce-LoopProduct-link woocommerce-loop-product__link\"><div class=\"product-inner\"><div class=\"product-content-catname\">K\u00fchlschr\u00e4nke<\/div><div class=\"woocommerce-image__wrapper\"><a href=\"https:\/\/praxas.com\/de\/product\/kuhlung_produkte\/kuhlschranke\/kleiner-biomedizinischer-kuehlschrank-pr-100\/\" title=\"Kleiner biomedizinischer K\u00fchlschrank PR 100\" class=\"woocommerce-LoopProduct-link woocommerce-loop-product__link\"><img loading=\"lazy\" decoding=\"async\" width=\"350\" height=\"203\" src=\"https:\/\/praxas.com\/wp-content\/uploads\/PR_PF-100-350x203.jpg\" class=\"attachment-woocommerce_thumbnail size-woocommerce_thumbnail\" alt=\"Kleiner biomedizinischer K\u00fchlschrank PR 100\" srcset=\"https:\/\/praxas.com\/wp-content\/uploads\/PR_PF-100-350x203.jpg 350w, https:\/\/praxas.com\/wp-content\/uploads\/PR_PF-100-300x174.jpg 300w, https:\/\/praxas.com\/wp-content\/uploads\/PR_PF-100-768x444.jpg 768w, https:\/\/praxas.com\/wp-content\/uploads\/PR_PF-100-120x69.jpg 120w, https:\/\/praxas.com\/wp-content\/uploads\/PR_PF-100-441x255.jpg 441w, https:\/\/praxas.com\/wp-content\/uploads\/PR_PF-100-150x87.jpg 150w, https:\/\/praxas.com\/wp-content\/uploads\/PR_PF-100.jpg 800w\" sizes=\"auto, (max-width: 360px) 147px, (max-width: 350px) 100vw, 350px\" \/>\t\t\t\n\t<\/a><\/div><div class=\"woocommerce-card__header\">\t\t\t\t\t<p class=\"product__categories\"><a href=\"https:\/\/praxas.com\/de\/produkt-kategorie\/kuhlung_produkte\/kuhlschranke\/\" rel=\"tag\">K\u00fchlschr\u00e4nke<\/a>, <a href=\"https:\/\/praxas.com\/de\/produkt-kategorie\/kuhlung_produkte\/kuhlschranke\/1c-10c-pharmazeutische-und-biomedizinische-kuhlschranke\/\" rel=\"tag\">+1\u00b0C \/ +10\u00b0C Pharmazeutische und biomedizinische K\u00fchlschr\u00e4nke<\/a>, <a href=\"https:\/\/praxas.com\/de\/produkt-kategorie\/kuhlung_produkte\/\" rel=\"tag\">K\u00fchlung<\/a><\/p>\t\t\t\t<div class=\"woocommerce-loop-product__title\"><a tabindex=\"0\" href=\"https:\/\/praxas.com\/de\/product\/kuhlung_produkte\/kuhlschranke\/kleiner-biomedizinischer-kuehlschrank-pr-100\/\" aria-label=\"Kleiner biomedizinischer K\u00fchlschrank PR 100\" class=\"woocommerce-LoopProduct-link woocommerce-loop-product__link\">Kleiner biomedizinischer K\u00fchlschrank PR 100<\/a><\/div>\n\t<span class=\"price\"><span class=\"woocommerce-Price-amount amount\"><bdi><span class=\"woocommerce-Price-currencySymbol\">&euro;<\/span>4.545,00<\/bdi><\/span> <small class=\"woocommerce-price-suffix\">ex. tax<\/small><\/span>\n<div class=\"card-short-description\"><ul class=\"small d-none d-sm-block ulnoindent\">\n \t<li class=\"fLight\">+1 \u00b0C\/ +10 \u00b0C<\/li>\n \t<li class=\"fLight\">Tisch-\/Untertischmodell - 94 L.<\/li>\n \t<li class=\"fLight\">Forcierte Luftk\u00fchlung<\/li>\n \t<li>Interieur aus Edelstahl<\/li>\n \t<li>Verstellbare Regale<\/li>\n \t<li>Schl\u00fcsselschloss an der T\u00fcr<\/li>\n \t<li>Automatische Abtauung<\/li>\n \t<li>Verf\u00fcgbar mit ATEX<\/li>\n<\/ul><\/div><\/a><a href=\"\/de\/wp-json\/wp\/v2\/pages\/44333?add-to-cart=28071\" aria-describedby=\"woocommerce_loop_add_to_cart_link_describedby_28071\" data-quantity=\"1\" class=\"button product_type_simple add_to_cart_button ajax_add_to_cart\" data-product_id=\"28071\" data-product_sku=\"DAI 0895\" aria-label=\"In den Warenkorb legen: \u201eKleiner biomedizinischer K\u00fchlschrank PR 100\u201c\" rel=\"nofollow\" data-success_message=\"\u201eKleiner biomedizinischer K\u00fchlschrank PR 100\u201c wurde deinem Warenkorb hinzugef\u00fcgt\" role=\"button\">In den Warenkorb<\/a>\t<span id=\"woocommerce_loop_add_to_cart_link_describedby_28071\" class=\"screen-reader-text\">\n\t\t\t<\/span>\n<span class=\"gtm4wp_productdata\" style=\"display:none; visibility:hidden;\" data-gtm4wp_product_data=\"{&quot;internal_id&quot;:28071,&quot;item_id&quot;:28071,&quot;item_name&quot;:&quot;Kleiner biomedizinischer K\\u00fchlschrank PR 100&quot;,&quot;sku&quot;:&quot;DAI 0895&quot;,&quot;price&quot;:4545,&quot;stocklevel&quot;:null,&quot;stockstatus&quot;:&quot;instock&quot;,&quot;google_business_vertical&quot;:&quot;retail&quot;,&quot;item_category&quot;:&quot;K\\u00fchlschr\\u00e4nke&quot;,&quot;id&quot;:28071,&quot;productlink&quot;:&quot;https:\\\/\\\/praxas.com\\\/de\\\/product\\\/kuhlung_produkte\\\/kuhlschranke\\\/kleiner-biomedizinischer-kuehlschrank-pr-100\\\/&quot;,&quot;item_list_name&quot;:&quot;General Product List&quot;,&quot;index&quot;:1,&quot;product_type&quot;:&quot;simple&quot;,&quot;item_brand&quot;:&quot;&quot;}\"><\/span><\/div><div class=\"product-card-footer\"><\/div><\/div><\/li>\n<li class=\"product type-product post-27111 status-publish instock product_cat-blutbank-kuhlschranke product_cat-kuhlung_produkte product_tag-arktiko product_tag-kuhlschrank has-post-thumbnail taxable shipping-taxable purchasable product-type-simple\">\n\t<a href=\"https:\/\/praxas.com\/de\/product\/kuhlung_produkte\/blutbank-kuhlschranke\/mittlerer-blutbank-kuehlschrank-bbr-700-d\/\" class=\"woocommerce-LoopProduct-link woocommerce-loop-product__link\"><div class=\"product-inner\"><div class=\"product-content-catname\">Blutbank K\u00fchlschr\u00e4nke<\/div><div class=\"woocommerce-image__wrapper\"><a href=\"https:\/\/praxas.com\/de\/product\/kuhlung_produkte\/blutbank-kuhlschranke\/mittlerer-blutbank-kuehlschrank-bbr-700-d\/\" title=\"Mittlerer Blutbank-K\u00fchlschrank BBR 700-D\" class=\"woocommerce-LoopProduct-link woocommerce-loop-product__link\"><img loading=\"lazy\" decoding=\"async\" width=\"350\" height=\"203\" src=\"https:\/\/praxas.com\/wp-content\/uploads\/BBR-700-800x463-1-350x203.jpg\" class=\"attachment-woocommerce_thumbnail size-woocommerce_thumbnail\" alt=\"Mittlerer Blutbank-K\u00fchlschrank BBR 700-D\" srcset=\"https:\/\/praxas.com\/wp-content\/uploads\/BBR-700-800x463-1-350x203.jpg 350w, https:\/\/praxas.com\/wp-content\/uploads\/BBR-700-800x463-1-300x174.jpg 300w, https:\/\/praxas.com\/wp-content\/uploads\/BBR-700-800x463-1-768x444.jpg 768w, https:\/\/praxas.com\/wp-content\/uploads\/BBR-700-800x463-1-120x69.jpg 120w, https:\/\/praxas.com\/wp-content\/uploads\/BBR-700-800x463-1-441x255.jpg 441w, https:\/\/praxas.com\/wp-content\/uploads\/BBR-700-800x463-1-150x87.jpg 150w, https:\/\/praxas.com\/wp-content\/uploads\/BBR-700-800x463-1.jpg 800w\" sizes=\"auto, (max-width: 360px) 147px, (max-width: 350px) 100vw, 350px\" \/>\t\t\t\n\t<\/a><\/div><div class=\"woocommerce-card__header\">\t\t\t\t\t<p class=\"product__categories\"><a href=\"https:\/\/praxas.com\/de\/produkt-kategorie\/kuhlung_produkte\/blutbank-kuhlschranke\/\" rel=\"tag\">Blutbank K\u00fchlschr\u00e4nke<\/a>, <a href=\"https:\/\/praxas.com\/de\/produkt-kategorie\/kuhlung_produkte\/\" rel=\"tag\">K\u00fchlung<\/a><\/p>\t\t\t\t<div class=\"woocommerce-loop-product__title\"><a tabindex=\"0\" href=\"https:\/\/praxas.com\/de\/product\/kuhlung_produkte\/blutbank-kuhlschranke\/mittlerer-blutbank-kuehlschrank-bbr-700-d\/\" aria-label=\"Mittlerer Blutbank-K\u00fchlschrank BBR 700-D\" class=\"woocommerce-LoopProduct-link woocommerce-loop-product__link\">Mittlerer Blutbank-K\u00fchlschrank BBR 700-D<\/a><\/div>\n\t<span class=\"price\"><span class=\"woocommerce-Price-amount amount\"><bdi><span class=\"woocommerce-Price-currencySymbol\">&euro;<\/span>12.545,00<\/bdi><\/span> <small class=\"woocommerce-price-suffix\">ex. tax<\/small><\/span>\n<div class=\"card-short-description\"><ul>\n \t<li>+4 \u00b0C<\/li>\n \t<li>Stehendes Modell - 628 L<\/li>\n \t<li>Echte Duale Technologie<\/li>\n \t<li>Medizinisches Ger\u00e4t der Klasse IIA<\/li>\n \t<li>Chart Recorder<\/li>\n \t<li>Schubladen aus Edelstahl<\/li>\n \t<li>Doppelt verglaste T\u00fcr<\/li>\n \t<li>Speicherkapazit\u00e4t<\/li>\n \t<li>Forcierte Luftk\u00fchlung<\/li>\n \t<li>Interieur aus Edelstahl<\/li>\n \t<li>Verstellbare Regale<\/li>\n<\/ul><\/div><\/a><a href=\"\/de\/wp-json\/wp\/v2\/pages\/44333?add-to-cart=27111\" aria-describedby=\"woocommerce_loop_add_to_cart_link_describedby_27111\" data-quantity=\"1\" class=\"button product_type_simple add_to_cart_button ajax_add_to_cart\" data-product_id=\"27111\" data-product_sku=\"DAI 1150\" aria-label=\"In den Warenkorb legen: \u201eMittlerer Blutbank-K\u00fchlschrank BBR 700-D\u201c\" rel=\"nofollow\" data-success_message=\"\u201eMittlerer Blutbank-K\u00fchlschrank BBR 700-D\u201c wurde deinem Warenkorb hinzugef\u00fcgt\" role=\"button\">In den Warenkorb<\/a>\t<span id=\"woocommerce_loop_add_to_cart_link_describedby_27111\" class=\"screen-reader-text\">\n\t\t\t<\/span>\n<span class=\"gtm4wp_productdata\" style=\"display:none; visibility:hidden;\" data-gtm4wp_product_data=\"{&quot;internal_id&quot;:27111,&quot;item_id&quot;:27111,&quot;item_name&quot;:&quot;Mittlerer Blutbank-K\\u00fchlschrank BBR 700-D&quot;,&quot;sku&quot;:&quot;DAI 1150&quot;,&quot;price&quot;:12545,&quot;stocklevel&quot;:null,&quot;stockstatus&quot;:&quot;instock&quot;,&quot;google_business_vertical&quot;:&quot;retail&quot;,&quot;item_category&quot;:&quot;Blutbank K\\u00fchlschr\\u00e4nke&quot;,&quot;id&quot;:27111,&quot;productlink&quot;:&quot;https:\\\/\\\/praxas.com\\\/de\\\/product\\\/kuhlung_produkte\\\/blutbank-kuhlschranke\\\/mittlerer-blutbank-kuehlschrank-bbr-700-d\\\/&quot;,&quot;item_list_name&quot;:&quot;General Product List&quot;,&quot;index&quot;:2,&quot;product_type&quot;:&quot;simple&quot;,&quot;item_brand&quot;:&quot;&quot;}\"><\/span><\/div><div class=\"product-card-footer\"><\/div><\/div><\/li>\n<\/ul>\n<\/div>\n\n\n\n<div class=\"wp-block-buttons is-content-justification-center is-layout-flex wp-container-core-buttons-is-layout-a89b3969 wp-block-buttons-is-layout-flex\">\n<div class=\"wp-block-button\"><a class=\"wp-block-button__link has-background wp-element-button\" href=\"\/en?product_cat=refrigeration_products\" style=\"border-radius:6px;background-color:#009ee0\"><strong>Entdecken Sie<\/strong> <strong>Produkte<\/strong><\/a><\/div>\n<\/div>\n<\/div>\n<\/div>\n<\/div>\n\n<div style=\"height:80px\" aria-hidden=\"true\" class=\"wp-block-spacer\"><\/div>\n","protected":false},"excerpt":{"rendered":"<p>Die perfekte L\u00f6sung f\u00fcr die K\u00fchllagerung Diese hochmodernen K\u00fchlsysteme sind so konzipiert, dass sie die h\u00f6chsten Standards der K\u00fchllagerung erf\u00fcllen. Von Ultra-Low Temperature (ULT) Gefrierger\u00e4ten, die -40\u00b0C bis -86\u00b0C f\u00fcr biologische Proben und Impfstoffe aufrechterhalten, bis hin zu biomedizinischen K\u00fchlschr\u00e4nken, die pr\u00e4zise Bedingungen f\u00fcr Reagenzien und Materialien gew\u00e4hrleisten, bieten sie un\u00fcbertroffene Pr\u00e4zision und Zuverl\u00e4ssigkeit. Ihre [&hellip;]<\/p>\n","protected":false},"author":8383,"featured_media":0,"parent":0,"menu_order":0,"comment_status":"closed","ping_status":"closed","template":"template-fullwidth-no-heading.php","meta":{"_acf_changed":false,"content-type":"","_uag_custom_page_level_css":"","footnotes":""},"class_list":["post-44333","page","type-page","status-publish","hentry"],"acf":[],"spectra_custom_meta":{"hero_image":[""],"_hero_image":["field_64f1a7da7af44"],"_hero_h1":["field_64f19e1edd052"],"_hero_h2":["field_64f19e2ddd053"],"_hero_text":["field_64f19e42dd054"],"_hero_button_text":["field_64f19e4edd055"],"_hero_button_link":["field_64f19e5ddd056"],"_top_nav_excluded":[""],"_cms_nav_minihome":[""],"_wp_page_template":["template-fullwidth-no-heading.php"],"_last_translation_edit_mode":["translation-editor"],"rank_math_og_content_image":["a:2:{s:5:\"check\";s:32:\"594b05ed37c908f341e99728f263efa2\";s:6:\"images\";a:1:{i:0;i:44322;}}"],"rank_math_analytic_object_id":["1002"],"_wpml_word_count":["329"],"rank_math_title":["Arctiko: Zuverl\u00e4ssige Temperaturl\u00f6sungen %sep% %sitename%"],"rank_math_description":["Entdecken Sie die zuverl\u00e4ssige, innovative temperaturgesteuerte Lagerung von Arctiko f\u00fcr Forschung und Gesundheitswesen."],"rank_math_focus_keyword":["ARCTIKO"],"_uag_css_file_name":["uag-css-44333.css"],"_uag_page_assets":["a:9:{s:3:\"css\";s:263:\".uag-blocks-common-selector{z-index:var(--z-index-desktop) !important}@media (max-width: 976px){.uag-blocks-common-selector{z-index:var(--z-index-tablet) !important}}@media (max-width: 767px){.uag-blocks-common-selector{z-index:var(--z-index-mobile) !important}}\n\";s:2:\"js\";s:0:\"\";s:18:\"current_block_list\";a:11:{i:0;s:10:\"core\/cover\";i:1;s:12:\"core\/columns\";i:2;s:11:\"core\/column\";i:3;s:10:\"core\/image\";i:4;s:11:\"core\/spacer\";i:5;s:12:\"core\/heading\";i:6;s:14:\"core\/paragraph\";i:7;s:12:\"core\/buttons\";i:8;s:11:\"core\/button\";i:9;s:10:\"core\/group\";i:10;s:14:\"core\/shortcode\";}s:8:\"uag_flag\";b:0;s:11:\"uag_version\";s:10:\"1777885450\";s:6:\"gfonts\";a:0:{}s:10:\"gfonts_url\";s:0:\"\";s:12:\"gfonts_files\";a:0:{}s:14:\"uag_faq_layout\";b:0;}"]},"uagb_featured_image_src":{"full":false,"thumbnail":false,"medium":false,"medium_large":false,"large":false,"1536x1536":false,"2048x2048":false,"crunchify-admin-post-featured-image":false,"commercegurus-pdp-large":false,"commercegurus-plp-mobile":false,"cgkit_image_swatch":false,"woocommerce_thumbnail":false,"woocommerce_single":false,"woocommerce_gallery_thumbnail":false},"uagb_author_info":{"display_name":"Alex James","author_link":"https:\/\/praxas.com\/de\/author\/alex\/"},"uagb_comment_info":0,"uagb_excerpt":"Die perfekte L\u00f6sung f\u00fcr die K\u00fchllagerung Diese hochmodernen K\u00fchlsysteme sind so konzipiert, dass sie die h\u00f6chsten Standards der K\u00fchllagerung erf\u00fcllen. Von Ultra-Low Temperature (ULT) Gefrierger\u00e4ten, die -40\u00b0C bis -86\u00b0C f\u00fcr biologische Proben und Impfstoffe aufrechterhalten, bis hin zu biomedizinischen K\u00fchlschr\u00e4nken, die pr\u00e4zise Bedingungen f\u00fcr Reagenzien und Materialien gew\u00e4hrleisten, bieten sie un\u00fcbertroffene Pr\u00e4zision und Zuverl\u00e4ssigkeit. Ihre&hellip;","_links":{"self":[{"href":"https:\/\/praxas.com\/de\/wp-json\/wp\/v2\/pages\/44333","targetHints":{"allow":["GET"]}}],"collection":[{"href":"https:\/\/praxas.com\/de\/wp-json\/wp\/v2\/pages"}],"about":[{"href":"https:\/\/praxas.com\/de\/wp-json\/wp\/v2\/types\/page"}],"author":[{"embeddable":true,"href":"https:\/\/praxas.com\/de\/wp-json\/wp\/v2\/users\/8383"}],"replies":[{"embeddable":true,"href":"https:\/\/praxas.com\/de\/wp-json\/wp\/v2\/comments?post=44333"}],"version-history":[{"count":7,"href":"https:\/\/praxas.com\/de\/wp-json\/wp\/v2\/pages\/44333\/revisions"}],"predecessor-version":[{"id":51004,"href":"https:\/\/praxas.com\/de\/wp-json\/wp\/v2\/pages\/44333\/revisions\/51004"}],"wp:attachment":[{"href":"https:\/\/praxas.com\/de\/wp-json\/wp\/v2\/media?parent=44333"}],"curies":[{"name":"wp","href":"https:\/\/api.w.org\/{rel}","templated":true}]}}