{"id":45843,"date":"2025-02-20T11:34:49","date_gmt":"2025-02-20T11:34:49","guid":{"rendered":"https:\/\/praxas.com\/industrien-die-wir-bedienen\/"},"modified":"2025-06-20T10:45:14","modified_gmt":"2025-06-20T10:45:14","slug":"industrien-die-wir-bedienen","status":"publish","type":"page","link":"https:\/\/praxas.com\/de\/industrien-die-wir-bedienen\/","title":{"rendered":"Industrien, die wir bedienen"},"content":{"rendered":"\n<div class=\"wp-block-cover alignfull is-light\" style=\"min-height:350px;aspect-ratio:unset;\"><span aria-hidden=\"true\" class=\"wp-block-cover__background has-background-dim-0 has-background-dim\" style=\"background-color:#758ba3\"><\/span><img loading=\"lazy\" decoding=\"async\" width=\"3780\" height=\"709\" class=\"wp-block-cover__image-background wp-image-45107\" alt=\"Industries we serve - Praxas new style header banner\" src=\"https:\/\/praxas.com\/wp-content\/uploads\/PRAXAS_industriesBIO2.png\" data-object-fit=\"cover\" srcset=\"https:\/\/praxas.com\/wp-content\/uploads\/PRAXAS_industriesBIO2.png 3780w, https:\/\/praxas.com\/wp-content\/uploads\/PRAXAS_industriesBIO2-300x56.png 300w, https:\/\/praxas.com\/wp-content\/uploads\/PRAXAS_industriesBIO2-1024x192.png 1024w, https:\/\/praxas.com\/wp-content\/uploads\/PRAXAS_industriesBIO2-768x144.png 768w, https:\/\/praxas.com\/wp-content\/uploads\/PRAXAS_industriesBIO2-1536x288.png 1536w, https:\/\/praxas.com\/wp-content\/uploads\/PRAXAS_industriesBIO2-2048x384.png 2048w, https:\/\/praxas.com\/wp-content\/uploads\/PRAXAS_industriesBIO2-120x23.png 120w, https:\/\/praxas.com\/wp-content\/uploads\/PRAXAS_industriesBIO2-990x186.png 990w, https:\/\/praxas.com\/wp-content\/uploads\/PRAXAS_industriesBIO2-441x83.png 441w, https:\/\/praxas.com\/wp-content\/uploads\/PRAXAS_industriesBIO2-350x66.png 350w, https:\/\/praxas.com\/wp-content\/uploads\/PRAXAS_industriesBIO2-800x150.png 800w, https:\/\/praxas.com\/wp-content\/uploads\/PRAXAS_industriesBIO2-150x28.png 150w\" sizes=\"auto, (max-width: 3780px) 100vw, 3780px\" \/><div class=\"wp-block-cover__inner-container has-global-padding is-layout-constrained wp-container-core-cover-is-layout-a4c69c57 wp-block-cover-is-layout-constrained\">\n<div class=\"wp-block-columns is-layout-flex wp-container-core-columns-is-layout-28f84493 wp-block-columns-is-layout-flex\">\n<div class=\"wp-block-column is-layout-flow wp-block-column-is-layout-flow\" style=\"flex-basis:70%\">\n<h1 class=\"wp-block-heading has-white-color has-text-color has-link-color wp-elements-40b8351eddadefa9af434e78167199bc\">Industrien, die wir bedienen<\/h1>\n\n\n\n<div style=\"height:30px\" aria-hidden=\"true\" class=\"wp-block-spacer\"><\/div>\n\n\n\n<p class=\"has-white-color has-text-color has-link-color wp-elements-078899e4eccdd4b31a9672a23c9738a0\">Praxas bietet vertrauensw\u00fcrdige L\u00f6sungen f\u00fcr die Einhaltung von Temperaturvorschriften und logistische Sicherheit in einer Vielzahl von Branchen. Von der Landwirtschaft und Forschungslabors bis hin zu Apotheken, dem Gesundheitswesen und dem Lebensmittelschutz sorgen wir daf\u00fcr, dass Ihre sensiblen G\u00fcter immer sicher sind. Unser Fachwissen reicht von der Tiermedizin bis zur Lagerung von Impfstoffen und sch\u00fctzt das, was am wichtigsten ist.  <\/p>\n<\/div>\n\n\n\n<div class=\"wp-block-column is-layout-flow wp-block-column-is-layout-flow\"><\/div>\n<\/div>\n<\/div><\/div>\n\n<div style=\"height:80px\" aria-hidden=\"true\" class=\"wp-block-spacer\"><\/div>\n\n<div class=\"wp-block-group alignfull has-global-padding is-layout-constrained wp-container-core-group-is-layout-a4c69c57 wp-block-group-is-layout-constrained\">\n<h2 class=\"wp-block-heading has-text-align-center has-text-color has-link-color wp-elements-c0b9a9f3be4bcc1b0a47193bf54fcb02\" style=\"color:#205d8f\">Entdecken Sie die Branchen, die wir bedienen<\/h2>\n\n\n\n<div style=\"height:30px\" aria-hidden=\"true\" class=\"wp-block-spacer\"><\/div>\n\n\n\n<div class=\"wp-block-columns is-layout-flex wp-container-core-columns-is-layout-28f84493 wp-block-columns-is-layout-flex\">\n<div class=\"wp-block-column is-layout-flow wp-container-core-column-is-layout-0572b907 wp-block-column-is-layout-flow\" style=\"padding-top:var(--wp--preset--spacing--small);padding-right:var(--wp--preset--spacing--small);padding-bottom:var(--wp--preset--spacing--small);padding-left:var(--wp--preset--spacing--small)\">\n<figure class=\"wp-block-image size-large has-custom-border\"><img loading=\"lazy\" decoding=\"async\" width=\"1024\" height=\"676\" src=\"https:\/\/praxas.com\/wp-content\/uploads\/Laboratory-Card-1024x676.png\" alt=\"Forschungslabor - Industrien\" class=\"wp-image-45216\" style=\"border-radius:30px;aspect-ratio:1;object-fit:cover\" srcset=\"https:\/\/praxas.com\/wp-content\/uploads\/Laboratory-Card-1024x676.png 1024w, https:\/\/praxas.com\/wp-content\/uploads\/Laboratory-Card-300x198.png 300w, https:\/\/praxas.com\/wp-content\/uploads\/Laboratory-Card-768x507.png 768w, https:\/\/praxas.com\/wp-content\/uploads\/Laboratory-Card-1536x1014.png 1536w, https:\/\/praxas.com\/wp-content\/uploads\/Laboratory-Card-2048x1352.png 2048w, https:\/\/praxas.com\/wp-content\/uploads\/Laboratory-Card-120x79.png 120w, https:\/\/praxas.com\/wp-content\/uploads\/Laboratory-Card-990x654.png 990w, https:\/\/praxas.com\/wp-content\/uploads\/Laboratory-Card-441x291.png 441w, https:\/\/praxas.com\/wp-content\/uploads\/Laboratory-Card-350x231.png 350w, https:\/\/praxas.com\/wp-content\/uploads\/Laboratory-Card-800x528.png 800w, https:\/\/praxas.com\/wp-content\/uploads\/Laboratory-Card-150x99.png 150w\" sizes=\"auto, (max-width: 1024px) 100vw, 1024px\" \/><\/figure>\n\n\n\n<div class=\"wp-block-buttons is-content-justification-center is-layout-flex wp-container-core-buttons-is-layout-a89b3969 wp-block-buttons-is-layout-flex\">\n<div class=\"wp-block-button\"><a class=\"wp-block-button__link has-background wp-element-button\" href=\"https:\/\/praxas.com\/de\/industrien-die-wir-bedienen\/laborueberwachung-praezise-loesungen-fuer-die-temperaturueberwachung\/\" style=\"border-radius:6px;background-color:#009ee0\"><strong>Forschungslabor<\/strong><\/a><\/div>\n<\/div>\n<\/div>\n\n\n\n<div class=\"wp-block-column is-layout-flow wp-container-core-column-is-layout-41d5d575 wp-block-column-is-layout-flow\" style=\"padding-top:var(--wp--preset--spacing--small);padding-right:var(--wp--preset--spacing--small);padding-bottom:var(--wp--preset--spacing--small);padding-left:var(--wp--preset--spacing--small)\">\n<figure class=\"wp-block-image size-large has-custom-border\"><img loading=\"lazy\" decoding=\"async\" width=\"1024\" height=\"683\" src=\"https:\/\/praxas.com\/wp-content\/uploads\/Pharmacy-Card-1024x683.png\" alt=\"Pharmazie - Industrien\" class=\"wp-image-45222\" style=\"border-radius:30px;aspect-ratio:1;object-fit:cover\" srcset=\"https:\/\/praxas.com\/wp-content\/uploads\/Pharmacy-Card-1024x683.png 1024w, https:\/\/praxas.com\/wp-content\/uploads\/Pharmacy-Card-300x200.png 300w, https:\/\/praxas.com\/wp-content\/uploads\/Pharmacy-Card-768x512.png 768w, https:\/\/praxas.com\/wp-content\/uploads\/Pharmacy-Card-1536x1024.png 1536w, https:\/\/praxas.com\/wp-content\/uploads\/Pharmacy-Card-2048x1365.png 2048w, https:\/\/praxas.com\/wp-content\/uploads\/Pharmacy-Card-120x80.png 120w, https:\/\/praxas.com\/wp-content\/uploads\/Pharmacy-Card-990x660.png 990w, https:\/\/praxas.com\/wp-content\/uploads\/Pharmacy-Card-441x294.png 441w, https:\/\/praxas.com\/wp-content\/uploads\/Pharmacy-Card-350x233.png 350w, https:\/\/praxas.com\/wp-content\/uploads\/Pharmacy-Card-800x533.png 800w, https:\/\/praxas.com\/wp-content\/uploads\/Pharmacy-Card-150x100.png 150w\" sizes=\"auto, (max-width: 1024px) 100vw, 1024px\" \/><\/figure>\n\n\n\n<div class=\"wp-block-buttons is-content-justification-center is-layout-flex wp-container-core-buttons-is-layout-a89b3969 wp-block-buttons-is-layout-flex\">\n<div class=\"wp-block-button\"><a class=\"wp-block-button__link has-background wp-element-button\" href=\"https:\/\/praxas.com\/de\/industrien-die-wir-bedienen\/apotheke-kuehllagerung\/\" style=\"border-radius:6px;background-color:#009ee0\"><strong>Apotheke<\/strong><\/a><\/div>\n<\/div>\n<\/div>\n\n\n\n<div class=\"wp-block-column is-layout-flow wp-container-core-column-is-layout-41d5d575 wp-block-column-is-layout-flow\" style=\"padding-top:var(--wp--preset--spacing--small);padding-right:var(--wp--preset--spacing--small);padding-bottom:var(--wp--preset--spacing--small);padding-left:var(--wp--preset--spacing--small)\">\n<figure class=\"wp-block-image size-large has-custom-border\"><img loading=\"lazy\" decoding=\"async\" width=\"1024\" height=\"639\" src=\"https:\/\/praxas.com\/wp-content\/uploads\/Healthcare-Card-1024x639.png\" alt=\"Krankenhaus &amp;amp; Gesundheitswesen - Branchen\" class=\"wp-image-45834\" style=\"border-radius:30px;aspect-ratio:1;object-fit:cover\" srcset=\"https:\/\/praxas.com\/wp-content\/uploads\/Healthcare-Card-1024x639.png 1024w, https:\/\/praxas.com\/wp-content\/uploads\/Healthcare-Card-300x187.png 300w, https:\/\/praxas.com\/wp-content\/uploads\/Healthcare-Card-768x479.png 768w, https:\/\/praxas.com\/wp-content\/uploads\/Healthcare-Card-1536x958.png 1536w, https:\/\/praxas.com\/wp-content\/uploads\/Healthcare-Card-2048x1277.png 2048w, https:\/\/praxas.com\/wp-content\/uploads\/Healthcare-Card-120x75.png 120w, https:\/\/praxas.com\/wp-content\/uploads\/Healthcare-Card-990x617.png 990w, https:\/\/praxas.com\/wp-content\/uploads\/Healthcare-Card-441x275.png 441w, https:\/\/praxas.com\/wp-content\/uploads\/Healthcare-Card-350x218.png 350w, https:\/\/praxas.com\/wp-content\/uploads\/Healthcare-Card-800x499.png 800w, https:\/\/praxas.com\/wp-content\/uploads\/Healthcare-Card-150x94.png 150w\" sizes=\"auto, (max-width: 1024px) 100vw, 1024px\" \/><\/figure>\n\n\n\n<div class=\"wp-block-buttons is-content-justification-center is-layout-flex wp-container-core-buttons-is-layout-a89b3969 wp-block-buttons-is-layout-flex\">\n<div class=\"wp-block-button\"><a class=\"wp-block-button__link has-background wp-element-button\" href=\"https:\/\/praxas.com\/de\/industrien-die-wir-bedienen\/logistikloesungen-fuer-krankenhaeuser-und-das-gesundheitswesen\/\" style=\"border-radius:6px;background-color:#009ee0\"><strong>Krankenhaus &amp; Gesundheitswesen<\/strong><\/a><\/div>\n<\/div>\n<\/div>\n<\/div>\n\n\n\n<div class=\"wp-block-columns is-layout-flex wp-container-core-columns-is-layout-28f84493 wp-block-columns-is-layout-flex\">\n<div class=\"wp-block-column is-layout-flow wp-container-core-column-is-layout-0572b907 wp-block-column-is-layout-flow\" style=\"padding-top:var(--wp--preset--spacing--small);padding-right:var(--wp--preset--spacing--small);padding-bottom:var(--wp--preset--spacing--small);padding-left:var(--wp--preset--spacing--small)\">\n<figure class=\"wp-block-image size-large has-custom-border\"><img loading=\"lazy\" decoding=\"async\" width=\"1024\" height=\"656\" src=\"https:\/\/praxas.com\/wp-content\/uploads\/Agriculture-Card-1024x656.png\" alt=\"Landwirtschaft &amp;amp; Gartenbau - Industrien, die wir bedienen\" class=\"wp-image-45210\" style=\"border-radius:30px;aspect-ratio:1;object-fit:cover\" srcset=\"https:\/\/praxas.com\/wp-content\/uploads\/Agriculture-Card-1024x656.png 1024w, https:\/\/praxas.com\/wp-content\/uploads\/Agriculture-Card-300x192.png 300w, https:\/\/praxas.com\/wp-content\/uploads\/Agriculture-Card-768x492.png 768w, https:\/\/praxas.com\/wp-content\/uploads\/Agriculture-Card-1536x984.png 1536w, https:\/\/praxas.com\/wp-content\/uploads\/Agriculture-Card-2048x1312.png 2048w, https:\/\/praxas.com\/wp-content\/uploads\/Agriculture-Card-120x77.png 120w, https:\/\/praxas.com\/wp-content\/uploads\/Agriculture-Card-990x634.png 990w, https:\/\/praxas.com\/wp-content\/uploads\/Agriculture-Card-441x282.png 441w, https:\/\/praxas.com\/wp-content\/uploads\/Agriculture-Card-350x224.png 350w, https:\/\/praxas.com\/wp-content\/uploads\/Agriculture-Card-800x512.png 800w, https:\/\/praxas.com\/wp-content\/uploads\/Agriculture-Card-150x96.png 150w\" sizes=\"auto, (max-width: 1024px) 100vw, 1024px\" \/><\/figure>\n\n\n\n<div class=\"wp-block-buttons is-content-justification-center is-layout-flex wp-container-core-buttons-is-layout-a89b3969 wp-block-buttons-is-layout-flex\">\n<div class=\"wp-block-button\"><a class=\"wp-block-button__link has-background wp-element-button\" href=\"https:\/\/praxas.com\/de\/industrien-die-wir-bedienen\/landwirtschaft-und-gartenbau\/\" style=\"border-radius:6px;background-color:#009ee0\"><strong>Landwirtschaft &amp; Gartenbau<\/strong><\/a><\/div>\n<\/div>\n<\/div>\n\n\n\n<div class=\"wp-block-column is-layout-flow wp-container-core-column-is-layout-41d5d575 wp-block-column-is-layout-flow\" style=\"padding-top:var(--wp--preset--spacing--small);padding-right:var(--wp--preset--spacing--small);padding-bottom:var(--wp--preset--spacing--small);padding-left:var(--wp--preset--spacing--small)\">\n<figure class=\"wp-block-image size-large has-custom-border\"><img loading=\"lazy\" decoding=\"async\" width=\"1024\" height=\"354\" src=\"https:\/\/praxas.com\/wp-content\/uploads\/Food-Monitoring-THIN-1024x354.png\" alt=\"Temperatur&#xFC;berwachungsger&#xE4;t - Lebensmittel\" class=\"wp-image-44597\" style=\"border-radius:30px;aspect-ratio:1;object-fit:cover\" srcset=\"https:\/\/praxas.com\/wp-content\/uploads\/Food-Monitoring-THIN-1024x354.png 1024w, https:\/\/praxas.com\/wp-content\/uploads\/Food-Monitoring-THIN-300x104.png 300w, https:\/\/praxas.com\/wp-content\/uploads\/Food-Monitoring-THIN-768x265.png 768w, https:\/\/praxas.com\/wp-content\/uploads\/Food-Monitoring-THIN-1536x531.png 1536w, https:\/\/praxas.com\/wp-content\/uploads\/Food-Monitoring-THIN-120x41.png 120w, https:\/\/praxas.com\/wp-content\/uploads\/Food-Monitoring-THIN-990x342.png 990w, https:\/\/praxas.com\/wp-content\/uploads\/Food-Monitoring-THIN-441x152.png 441w, https:\/\/praxas.com\/wp-content\/uploads\/Food-Monitoring-THIN-350x121.png 350w, https:\/\/praxas.com\/wp-content\/uploads\/Food-Monitoring-THIN-800x276.png 800w, https:\/\/praxas.com\/wp-content\/uploads\/Food-Monitoring-THIN-150x52.png 150w, https:\/\/praxas.com\/wp-content\/uploads\/Food-Monitoring-THIN.png 2000w\" sizes=\"auto, (max-width: 1024px) 100vw, 1024px\" \/><\/figure>\n\n\n\n<div class=\"wp-block-buttons is-content-justification-center is-layout-flex wp-container-core-buttons-is-layout-a89b3969 wp-block-buttons-is-layout-flex\">\n<div class=\"wp-block-button\"><a class=\"wp-block-button__link has-background wp-element-button\" href=\"https:\/\/praxas.com\/de\/industrien-die-wir-bedienen\/lebensmittelsicherheit\/\" style=\"border-radius:6px;background-color:#009ee0\"><strong>Lebensmittelkonservierung<\/strong><\/a><\/div>\n<\/div>\n<\/div>\n\n\n\n<div class=\"wp-block-column is-layout-flow wp-container-core-column-is-layout-41d5d575 wp-block-column-is-layout-flow\" style=\"padding-top:var(--wp--preset--spacing--small);padding-right:var(--wp--preset--spacing--small);padding-bottom:var(--wp--preset--spacing--small);padding-left:var(--wp--preset--spacing--small)\">\n<figure class=\"wp-block-image size-large has-custom-border\"><img loading=\"lazy\" decoding=\"async\" width=\"1024\" height=\"575\" src=\"https:\/\/praxas.com\/wp-content\/uploads\/Port-Congestion-1024x575.png\" alt=\"Hafen&#xFC;berlastung f&#xFC;r 5 Herausforderungen Artikel\" class=\"wp-image-44409\" style=\"border-radius:30px;aspect-ratio:1;object-fit:cover\" srcset=\"https:\/\/praxas.com\/wp-content\/uploads\/Port-Congestion-1024x575.png 1024w, https:\/\/praxas.com\/wp-content\/uploads\/Port-Congestion-300x169.png 300w, https:\/\/praxas.com\/wp-content\/uploads\/Port-Congestion-768x432.png 768w, https:\/\/praxas.com\/wp-content\/uploads\/Port-Congestion-1536x863.png 1536w, https:\/\/praxas.com\/wp-content\/uploads\/Port-Congestion-2048x1151.png 2048w, https:\/\/praxas.com\/wp-content\/uploads\/Port-Congestion-120x67.png 120w, https:\/\/praxas.com\/wp-content\/uploads\/Port-Congestion-990x556.png 990w, https:\/\/praxas.com\/wp-content\/uploads\/Port-Congestion-441x248.png 441w, https:\/\/praxas.com\/wp-content\/uploads\/Port-Congestion-350x197.png 350w, https:\/\/praxas.com\/wp-content\/uploads\/Port-Congestion-800x449.png 800w, https:\/\/praxas.com\/wp-content\/uploads\/Port-Congestion-150x84.png 150w\" sizes=\"auto, (max-width: 1024px) 100vw, 1024px\" \/><\/figure>\n\n\n\n<div class=\"wp-block-buttons is-content-justification-center is-layout-flex wp-container-core-buttons-is-layout-a89b3969 wp-block-buttons-is-layout-flex\">\n<div class=\"wp-block-button\"><a class=\"wp-block-button__link has-background wp-element-button\" href=\"https:\/\/praxas.com\/de\/industrien-die-wir-bedienen\/logistik-sicherheit-ultimativer-schutz\/\" style=\"border-radius:6px;background-color:#009ee0\"><strong>Logistik Sicherheit<\/strong><\/a><\/div>\n<\/div>\n<\/div>\n<\/div>\n<\/div>\n\n<div style=\"height:80px\" aria-hidden=\"true\" class=\"wp-block-spacer\"><\/div>\n\n<div class=\"wp-block-group alignfull has-global-padding is-layout-constrained wp-container-core-group-is-layout-a4c69c57 wp-block-group-is-layout-constrained\">\n<div class=\"wp-block-columns has-border-color is-layout-flex wp-container-core-columns-is-layout-5b3116c9 wp-block-columns-is-layout-flex\" style=\"border-color:#205d8f;border-width:3px;border-radius:30px;padding-top:var(--wp--preset--spacing--large);padding-right:var(--wp--preset--spacing--large);padding-bottom:var(--wp--preset--spacing--large);padding-left:var(--wp--preset--spacing--large);box-shadow:var(--wp--preset--shadow--natural)\">\n<div class=\"wp-block-column is-layout-flow wp-block-column-is-layout-flow\">\n<div class=\"wp-block-columns is-layout-flex wp-container-core-columns-is-layout-28f84493 wp-block-columns-is-layout-flex\">\n<div class=\"wp-block-column is-layout-flow wp-block-column-is-layout-flow\">\n<h2 class=\"wp-block-heading has-text-align-left has-text-color has-link-color wp-elements-80df01d3f80dd0d6453a0a77430603f2\" style=\"color:#205d8f;margin-bottom:-20px\">Warum Praxas w\u00e4hlen?<\/h2>\n\n\n\n<p>Wenn es um den Schutz temperaturempfindlicher Produkte geht, sind Genauigkeit und Zuverl\u00e4ssigkeit unerl\u00e4sslich. Praxas bietet branchenf\u00fchrende \u00dcberwachungs- und K\u00fchllagerl\u00f6sungen, die Unternehmen dabei helfen, die Einhaltung von Vorschriften zu gew\u00e4hrleisten, Abfall zu reduzieren und die Produktintegrit\u00e4t sicherzustellen. Ganz gleich, ob Sie im Gesundheitswesen, in der Logistik, in der Pharmazie oder in der Lebensmittellagerung t\u00e4tig sind, unsere fortschrittlichen Systeme sichern Ihre Abl\u00e4ufe mit Pr\u00e4zision.  <\/p>\n\n\n\n<p>Mit Echtzeit-\u00dcberwachung, Sofortwarnungen und fachkundiger Beratung geben wir Unternehmen das Vertrauen, ihre Lieferketten m\u00fchelos zu verwalten. Entscheiden Sie sich f\u00fcr Praxas, wenn Sie zuverl\u00e4ssige L\u00f6sungen f\u00fcr die Sicherheit Ihrer Produkte und den reibungslosen Ablauf Ihres Betriebs ben\u00f6tigen.<\/p>\n<\/div>\n<\/div>\n<\/div>\n<\/div>\n<\/div>\n\n<div style=\"height:80px\" aria-hidden=\"true\" class=\"wp-block-spacer\"><\/div>\n","protected":false},"excerpt":{"rendered":"<p>Entdecken Sie die Branchen, die wir bedienen Warum Praxas w\u00e4hlen? Wenn es um den Schutz temperaturempfindlicher Produkte geht, sind Genauigkeit und Zuverl\u00e4ssigkeit unerl\u00e4sslich. Praxas bietet branchenf\u00fchrende \u00dcberwachungs- und K\u00fchllagerl\u00f6sungen, die Unternehmen dabei helfen, die Einhaltung von Vorschriften zu gew\u00e4hrleisten, Abfall zu reduzieren und die Produktintegrit\u00e4t sicherzustellen. Ganz gleich, ob Sie im Gesundheitswesen, in der Logistik, [&hellip;]<\/p>\n","protected":false},"author":8383,"featured_media":0,"parent":0,"menu_order":0,"comment_status":"closed","ping_status":"closed","template":"template-fullwidth-no-heading.php","meta":{"_acf_changed":false,"content-type":"","_uag_custom_page_level_css":"","footnotes":""},"class_list":["post-45843","page","type-page","status-publish","hentry"],"acf":[],"spectra_custom_meta":{"hero_image":[""],"_hero_image":["field_64f1a7da7af44"],"_hero_h1":["field_64f19e1edd052"],"_hero_h2":["field_64f19e2ddd053"],"_hero_text":["field_64f19e42dd054"],"_hero_button_text":["field_64f19e4edd055"],"_hero_button_link":["field_64f19e5ddd056"],"_top_nav_excluded":[""],"_cms_nav_minihome":[""],"_wp_page_template":["template-fullwidth-no-heading.php"],"_last_translation_edit_mode":["translation-editor"],"rank_math_og_content_image":["a:2:{s:5:\"check\";s:32:\"5a52f643b706f9ad1650bc127fb306f4\";s:6:\"images\";a:2:{i:0;i:45107;i:1;i:45216;}}"],"rank_math_analytic_object_id":["1039"],"rank_math_title":["Expertenl\u00f6sungen f\u00fcr 6 Branchen %sep% %sitename%"],"rank_math_description":["Entdecken Sie die Branchen, die wir mit zuverl\u00e4ssigen Sicherheitsl\u00f6sungen bedienen, vom Gesundheitswesen bis zum Lebensmittelschutz."],"rank_math_focus_keyword":["Industrien, die wir bedienen"],"_wpml_word_count":["269"],"_uag_css_file_name":["uag-css-45843.css"],"_uag_page_assets":["a:9:{s:3:\"css\";s:263:\".uag-blocks-common-selector{z-index:var(--z-index-desktop) !important}@media (max-width: 976px){.uag-blocks-common-selector{z-index:var(--z-index-tablet) !important}}@media (max-width: 767px){.uag-blocks-common-selector{z-index:var(--z-index-mobile) !important}}\n\";s:2:\"js\";s:0:\"\";s:18:\"current_block_list\";a:10:{i:0;s:10:\"core\/cover\";i:1;s:12:\"core\/columns\";i:2;s:11:\"core\/column\";i:3;s:12:\"core\/heading\";i:4;s:11:\"core\/spacer\";i:5;s:14:\"core\/paragraph\";i:6;s:10:\"core\/group\";i:9;s:10:\"core\/image\";i:10;s:12:\"core\/buttons\";i:11;s:11:\"core\/button\";}s:8:\"uag_flag\";b:0;s:11:\"uag_version\";s:10:\"1776966156\";s:6:\"gfonts\";a:0:{}s:10:\"gfonts_url\";s:0:\"\";s:12:\"gfonts_files\";a:0:{}s:14:\"uag_faq_layout\";b:0;}"]},"uagb_featured_image_src":{"full":false,"thumbnail":false,"medium":false,"medium_large":false,"large":false,"1536x1536":false,"2048x2048":false,"crunchify-admin-post-featured-image":false,"commercegurus-pdp-large":false,"commercegurus-plp-mobile":false,"cgkit_image_swatch":false,"woocommerce_thumbnail":false,"woocommerce_single":false,"woocommerce_gallery_thumbnail":false},"uagb_author_info":{"display_name":"Alex James","author_link":"https:\/\/praxas.com\/de\/author\/alex\/"},"uagb_comment_info":0,"uagb_excerpt":"Entdecken Sie die Branchen, die wir bedienen Warum Praxas w\u00e4hlen? Wenn es um den Schutz temperaturempfindlicher Produkte geht, sind Genauigkeit und Zuverl\u00e4ssigkeit unerl\u00e4sslich. Praxas bietet branchenf\u00fchrende \u00dcberwachungs- und K\u00fchllagerl\u00f6sungen, die Unternehmen dabei helfen, die Einhaltung von Vorschriften zu gew\u00e4hrleisten, Abfall zu reduzieren und die Produktintegrit\u00e4t sicherzustellen. Ganz gleich, ob Sie im Gesundheitswesen, in der Logistik,&hellip;","_links":{"self":[{"href":"https:\/\/praxas.com\/de\/wp-json\/wp\/v2\/pages\/45843","targetHints":{"allow":["GET"]}}],"collection":[{"href":"https:\/\/praxas.com\/de\/wp-json\/wp\/v2\/pages"}],"about":[{"href":"https:\/\/praxas.com\/de\/wp-json\/wp\/v2\/types\/page"}],"author":[{"embeddable":true,"href":"https:\/\/praxas.com\/de\/wp-json\/wp\/v2\/users\/8383"}],"replies":[{"embeddable":true,"href":"https:\/\/praxas.com\/de\/wp-json\/wp\/v2\/comments?post=45843"}],"version-history":[{"count":4,"href":"https:\/\/praxas.com\/de\/wp-json\/wp\/v2\/pages\/45843\/revisions"}],"predecessor-version":[{"id":45886,"href":"https:\/\/praxas.com\/de\/wp-json\/wp\/v2\/pages\/45843\/revisions\/45886"}],"wp:attachment":[{"href":"https:\/\/praxas.com\/de\/wp-json\/wp\/v2\/media?parent=45843"}],"curies":[{"name":"wp","href":"https:\/\/api.w.org\/{rel}","templated":true}]}}