{"id":47006,"date":"2025-03-19T14:09:13","date_gmt":"2025-03-19T13:09:13","guid":{"rendered":"https:\/\/praxas.com\/amerikanische-thermische-instrumente\/"},"modified":"2025-09-23T16:59:12","modified_gmt":"2025-09-23T14:59:12","slug":"amerikanische-thermische-instrumente","status":"publish","type":"page","link":"https:\/\/praxas.com\/de\/amerikanische-thermische-instrumente\/","title":{"rendered":"Amerikanische Thermische Instrumente"},"content":{"rendered":"\n<div class=\"wp-block-cover alignfull is-light\" style=\"min-height:850px;aspect-ratio:unset;\"><img loading=\"lazy\" decoding=\"async\" width=\"2450\" height=\"1330\" class=\"wp-block-cover__image-background wp-image-46613\" alt=\"American Thermal Instruments Brand landing page banner\" src=\"https:\/\/praxas.com\/wp-content\/uploads\/Praxas-ATI-banner-1.jpg\" data-object-fit=\"cover\" srcset=\"https:\/\/praxas.com\/wp-content\/uploads\/Praxas-ATI-banner-1.jpg 2450w, https:\/\/praxas.com\/wp-content\/uploads\/Praxas-ATI-banner-1-300x163.jpg 300w, https:\/\/praxas.com\/wp-content\/uploads\/Praxas-ATI-banner-1-1024x556.jpg 1024w, https:\/\/praxas.com\/wp-content\/uploads\/Praxas-ATI-banner-1-768x417.jpg 768w, https:\/\/praxas.com\/wp-content\/uploads\/Praxas-ATI-banner-1-1536x834.jpg 1536w, https:\/\/praxas.com\/wp-content\/uploads\/Praxas-ATI-banner-1-2048x1112.jpg 2048w, https:\/\/praxas.com\/wp-content\/uploads\/Praxas-ATI-banner-1-120x65.jpg 120w, https:\/\/praxas.com\/wp-content\/uploads\/Praxas-ATI-banner-1-990x537.jpg 990w, https:\/\/praxas.com\/wp-content\/uploads\/Praxas-ATI-banner-1-441x239.jpg 441w, https:\/\/praxas.com\/wp-content\/uploads\/Praxas-ATI-banner-1-350x190.jpg 350w, https:\/\/praxas.com\/wp-content\/uploads\/Praxas-ATI-banner-1-800x434.jpg 800w, https:\/\/praxas.com\/wp-content\/uploads\/Praxas-ATI-banner-1-150x81.jpg 150w\" sizes=\"auto, (max-width: 2450px) 100vw, 2450px\" \/><span aria-hidden=\"true\" class=\"wp-block-cover__background has-cyan-bluish-gray-background-color has-background-dim-0 has-background-dim\"><\/span><div class=\"wp-block-cover__inner-container has-global-padding is-layout-constrained wp-container-core-cover-is-layout-a4c69c57 wp-block-cover-is-layout-constrained\">\n<div class=\"wp-block-columns is-layout-flex wp-container-core-columns-is-layout-28f84493 wp-block-columns-is-layout-flex\">\n<div class=\"wp-block-column is-layout-flow wp-block-column-is-layout-flow\" style=\"flex-basis:50%\">\n<figure class=\"wp-block-image alignleft size-full\"><img loading=\"lazy\" decoding=\"async\" width=\"300\" height=\"88\" src=\"https:\/\/praxas.com\/wp-content\/uploads\/ATI_logo_2c-300x88-1.png\" alt=\"ATI-Logo\" class=\"wp-image-46547\" srcset=\"https:\/\/praxas.com\/wp-content\/uploads\/ATI_logo_2c-300x88-1.png 300w, https:\/\/praxas.com\/wp-content\/uploads\/ATI_logo_2c-300x88-1-120x35.png 120w, https:\/\/praxas.com\/wp-content\/uploads\/ATI_logo_2c-300x88-1-150x44.png 150w\" sizes=\"auto, (max-width: 300px) 100vw, 300px\" \/><\/figure>\n\n\n\n<div style=\"height:45px\" aria-hidden=\"true\" class=\"wp-block-spacer\"><\/div>\n\n\n\n<h1 class=\"wp-block-heading has-text-color has-link-color wp-elements-5197e25b0d8f0f15f0cce6e60a9a3650\" style=\"color:#009ee0\">Sichern Sie die Temperaturintegrit\u00e4t mit American Thermal Instruments<\/h1>\n\n\n\n<div style=\"height:10px\" aria-hidden=\"true\" class=\"wp-block-spacer\"><\/div>\n\n\n\n<p class=\"has-black-color has-text-color has-link-color wp-elements-81fc79885737a466b983bf51f8c93eab\">American Thermal Instruments<a href=\"https:\/\/americanthermal.com\/\" data-type=\"link\" data-id=\"https:\/\/americanthermal.com\/\" target=\"_blank\" rel=\"noopener\">(ATI<\/a>) bietet pr\u00e4zise, unumkehrbare Temperaturindikatoren zum Schutz Ihrer temperaturempfindlichen Produkte. Von der \u00dcberwachung steigender Temperaturen bis zur Erkennung von Frostgefahr bieten die innovativen L\u00f6sungen von ATI zuverl\u00e4ssige visuelle Warnungen, die Ihnen helfen, die Produktqualit\u00e4t und die Einhaltung von Vorschriften zu gew\u00e4hrleisten. <\/p>\n\n\n\n<div class=\"wp-block-buttons is-content-justification-right is-layout-flex wp-container-core-buttons-is-layout-d445cf74 wp-block-buttons-is-layout-flex\">\n<div class=\"wp-block-button\"><a class=\"wp-block-button__link has-background wp-element-button\" href=\"https:\/\/praxas.com\/de\/produkt-kategorie\/etiketten-mit-temperaturanzeige\/\" style=\"border-radius:6px;background-color:#205d8f\"><strong>Produkte erforschen<\/strong><\/a><\/div>\n\n\n\n<div class=\"wp-block-button is-style-outline is-style-outline--1\"><a class=\"wp-block-button__link has-text-color has-link-color wp-element-button\" href=\"#contact-section\" style=\"border-radius:6px;color:#205d8f\"><strong>Sprechen Sie mit einem Experten<\/strong><\/a><\/div>\n<\/div>\n\n\n\n<div style=\"height:100px\" aria-hidden=\"true\" class=\"wp-block-spacer\"><\/div>\n<\/div>\n\n\n\n<div class=\"wp-block-column is-layout-flow wp-block-column-is-layout-flow\"><\/div>\n<\/div>\n<\/div><\/div>\n\n<div class=\"wp-block-group alignfull has-background has-global-padding is-layout-constrained wp-container-core-group-is-layout-a4c69c57 wp-block-group-is-layout-constrained\" style=\"background-color:#205d8f\">\n<div style=\"height:20px\" aria-hidden=\"true\" class=\"wp-block-spacer\"><\/div>\n\n\n\n<h2 class=\"wp-block-heading has-text-align-center has-white-color has-text-color has-link-color wp-elements-3b0b8c4047b66074e9ef6e7b10f4f8ec\">American Thermal Instruments &#8211; Eine komplette L\u00f6sung<\/h2>\n\n\n\n<p class=\"has-text-align-center has-white-color has-text-color has-link-color wp-elements-09abd4514cd1e8c547361bd1a47a75e6\">Die Temperaturindikatoren von ATI bieten eine schnelle und genaue \u00dcberwachung f\u00fcr kritische Anwendungen. Ganz gleich, ob Sie mit dem High Temperature Ascending-Indikator die Exposition gegen\u00fcber hohen Temperaturen verfolgen, mit dem FCP-Indikator Gefrierrisiken erkennen oder mit dem VarIoT-Indikator f\u00fcr sichere Transportbedingungen sorgen, diese Etiketten signalisieren Temperaturschwankungen durch einen klaren, irreversiblen Farbwechsel. Die einfach zu bedienenden und \u00e4u\u00dferst zuverl\u00e4ssigen ATI-Indikatoren tragen zum Schutz von Arzneimitteln, medizinischen Produkten und verderblichen Waren in der gesamten Lieferkette bei.  <\/p>\n\n\n\n<div style=\"height:50px\" aria-hidden=\"true\" class=\"wp-block-spacer\"><\/div>\n<\/div>\n\n<div class=\"wp-block-group alignfull has-global-padding is-layout-constrained wp-container-core-group-is-layout-a4c69c57 wp-block-group-is-layout-constrained\">\n<div style=\"height:30px\" aria-hidden=\"true\" id=\"contact-section\" class=\"wp-block-spacer\"><\/div>\n\n\n\n<div class=\"wp-block-columns is-layout-flex wp-container-core-columns-is-layout-28f84493 wp-block-columns-is-layout-flex\">\n<div class=\"wp-block-column is-layout-flow wp-block-column-is-layout-flow\">\n<h3 class=\"wp-block-heading has-text-color has-link-color wp-elements-91f95a1681fda24aa8b794861baf28cb\" style=\"color:#009ee0\">Bleiben Sie auf dem Laufenden<\/h3>\n\n\n\n<p>Melden Sie sich an, um die neuesten Updates zu erhalten, darunter Produktneuheiten, Tipps zur Einhaltung von Vorschriften und Einblicke in die Branche.<\/p>\n\n\n<p><script src=\"https:\/\/js.hsforms.net\/forms\/embed\/22752398.js\" defer><\/script><\/p>\n<div class=\"hs-form-frame\" data-region=\"na1\" data-form-id=\"96df342d-e57a-49e6-9a45-d419e377367a\" data-portal-id=\"22752398\"><\/div>\n<\/div>\n\n\n\n<div class=\"wp-block-column is-layout-flow wp-block-column-is-layout-flow\">\n<figure class=\"wp-block-image alignright size-full is-resized has-custom-border\"><img loading=\"lazy\" decoding=\"async\" width=\"1200\" height=\"1200\" src=\"https:\/\/praxas.com\/wp-content\/uploads\/ATI-Products.jpg\" alt=\"Allgemeine ATI-Produkte - ATI-Markenseite\" class=\"wp-image-46697\" style=\"border-radius:15px;width:403px;height:auto\" srcset=\"https:\/\/praxas.com\/wp-content\/uploads\/ATI-Products.jpg 1200w, https:\/\/praxas.com\/wp-content\/uploads\/ATI-Products-300x300.jpg 300w, https:\/\/praxas.com\/wp-content\/uploads\/ATI-Products-1024x1024.jpg 1024w, https:\/\/praxas.com\/wp-content\/uploads\/ATI-Products-150x150.jpg 150w, https:\/\/praxas.com\/wp-content\/uploads\/ATI-Products-768x768.jpg 768w, https:\/\/praxas.com\/wp-content\/uploads\/ATI-Products-120x120.jpg 120w, https:\/\/praxas.com\/wp-content\/uploads\/ATI-Products-990x990.jpg 990w, https:\/\/praxas.com\/wp-content\/uploads\/ATI-Products-441x441.jpg 441w, https:\/\/praxas.com\/wp-content\/uploads\/ATI-Products-100x100.jpg 100w, https:\/\/praxas.com\/wp-content\/uploads\/ATI-Products-350x350.jpg 350w, https:\/\/praxas.com\/wp-content\/uploads\/ATI-Products-800x800.jpg 800w\" sizes=\"auto, (max-width: 1200px) 100vw, 1200px\" \/><\/figure>\n<\/div>\n<\/div>\n<\/div>\n\n<div style=\"height:60px\" aria-hidden=\"true\" class=\"wp-block-spacer\"><\/div>\n\n<div class=\"wp-block-group alignfull has-global-padding is-layout-constrained wp-container-core-group-is-layout-a4c69c57 wp-block-group-is-layout-constrained\">\n<div class=\"wp-block-columns is-layout-flex wp-container-core-columns-is-layout-28f84493 wp-block-columns-is-layout-flex\">\n<div class=\"wp-block-column is-layout-flow wp-block-column-is-layout-flow\">\n<h4 class=\"wp-block-heading has-text-align-center has-text-color has-link-color has-large-font-size wp-elements-1e550f134163fbe328debaa707ece516\" style=\"color:#009ee0\">ATI-Produkte erkunden<\/h4>\n\n\n<div class=\"woocommerce columns-3 \"><ul class=\"products columns-3\">\n<li class=\"product type-product post-46983 status-publish first instock product_cat-etiketten-mit-temperaturanzeige product_cat-absteigende-temperatur has-post-thumbnail taxable shipping-taxable product-type-simple\">\n\t<a href=\"https:\/\/praxas.com\/de\/product\/etiketten-mit-temperaturanzeige\/einfrieren-pruefen\/\" class=\"woocommerce-LoopProduct-link woocommerce-loop-product__link\"><div class=\"product-inner\"><div class=\"product-content-catname\">Etiketten mit Temperaturanzeige<\/div><div class=\"woocommerce-image__wrapper\"><a href=\"https:\/\/praxas.com\/de\/product\/etiketten-mit-temperaturanzeige\/einfrieren-pruefen\/\" title=\"Absteigende Temperaturanzeige Einfrieren pr\u00fcfen\" class=\"woocommerce-LoopProduct-link woocommerce-loop-product__link\"><img loading=\"lazy\" decoding=\"async\" width=\"350\" height=\"203\" src=\"https:\/\/praxas.com\/wp-content\/uploads\/ATI-Freezecheck-350x203.jpg\" class=\"attachment-woocommerce_thumbnail size-woocommerce_thumbnail\" alt=\"ATI Freeze Check\" srcset=\"https:\/\/praxas.com\/wp-content\/uploads\/ATI-Freezecheck-350x203.jpg 350w, https:\/\/praxas.com\/wp-content\/uploads\/ATI-Freezecheck-300x174.jpg 300w, https:\/\/praxas.com\/wp-content\/uploads\/ATI-Freezecheck-768x444.jpg 768w, https:\/\/praxas.com\/wp-content\/uploads\/ATI-Freezecheck-120x69.jpg 120w, https:\/\/praxas.com\/wp-content\/uploads\/ATI-Freezecheck-441x255.jpg 441w, https:\/\/praxas.com\/wp-content\/uploads\/ATI-Freezecheck-150x87.jpg 150w, https:\/\/praxas.com\/wp-content\/uploads\/ATI-Freezecheck.jpg 800w\" sizes=\"auto, (max-width: 360px) 147px, (max-width: 350px) 100vw, 350px\" \/>\t\t\t\n\t<\/a><\/div><div class=\"woocommerce-card__header\">\t\t\t\t\t<p class=\"product__categories\"><a href=\"https:\/\/praxas.com\/de\/produkt-kategorie\/etiketten-mit-temperaturanzeige\/\" rel=\"tag\">Etiketten mit Temperaturanzeige<\/a>, <a href=\"https:\/\/praxas.com\/de\/produkt-kategorie\/etiketten-mit-temperaturanzeige\/absteigende-temperatur\/\" rel=\"tag\">Absteigende Temperatur<\/a><\/p>\t\t\t\t<div class=\"woocommerce-loop-product__title\"><a tabindex=\"0\" href=\"https:\/\/praxas.com\/de\/product\/etiketten-mit-temperaturanzeige\/einfrieren-pruefen\/\" aria-label=\"Absteigende Temperaturanzeige Einfrieren pr\u00fcfen\" class=\"woocommerce-LoopProduct-link woocommerce-loop-product__link\">Absteigende Temperaturanzeige Einfrieren pr\u00fcfen<\/a><\/div>\n<div class=\"card-short-description\">Irreversible Temperaturanzeige-Etiketten zur \u00dcberwachung von absteigenden Temperatur\u00fcberschreitungen.\n\nErh\u00e4ltlich mit Ausl\u00f6sepunkten bei 0\u00b0C und -5\u00b0C.<\/div><\/a><a href=\"https:\/\/praxas.com\/de\/product\/etiketten-mit-temperaturanzeige\/einfrieren-pruefen\/\" aria-describedby=\"woocommerce_loop_add_to_cart_link_describedby_46983\" data-quantity=\"1\" class=\"button product_type_simple\" data-product_id=\"46983\" data-product_sku=\"Freeze Check\" aria-label=\"Lese mehr \u00fcber &#8222;Absteigende Temperaturanzeige Einfrieren pr\u00fcfen&#8220;\" rel=\"nofollow\" data-success_message=\"\">Weiterlesen<\/a>\t<span id=\"woocommerce_loop_add_to_cart_link_describedby_46983\" class=\"screen-reader-text\">\n\t\t\t<\/span>\n<span class=\"gtm4wp_productdata\" style=\"display:none; visibility:hidden;\" data-gtm4wp_product_data=\"{&quot;internal_id&quot;:46983,&quot;item_id&quot;:46983,&quot;item_name&quot;:&quot;Absteigende Temperaturanzeige Einfrieren pr\\u00fcfen&quot;,&quot;sku&quot;:&quot;Freeze Check&quot;,&quot;price&quot;:0,&quot;stocklevel&quot;:null,&quot;stockstatus&quot;:&quot;instock&quot;,&quot;google_business_vertical&quot;:&quot;retail&quot;,&quot;item_category&quot;:&quot;Etiketten mit Temperaturanzeige&quot;,&quot;id&quot;:46983,&quot;productlink&quot;:&quot;https:\\\/\\\/praxas.com\\\/de\\\/product\\\/etiketten-mit-temperaturanzeige\\\/einfrieren-pruefen\\\/&quot;,&quot;item_list_name&quot;:&quot;General Product List&quot;,&quot;index&quot;:1,&quot;product_type&quot;:&quot;simple&quot;,&quot;item_brand&quot;:&quot;&quot;}\"><\/span><\/div><div class=\"product-card-footer\"><\/div><\/div><\/li>\n<li class=\"product type-product post-46978 status-publish instock product_cat-etiketten-mit-temperaturanzeige product_cat-absteigende-temperatur has-post-thumbnail taxable shipping-taxable product-type-simple\">\n\t<a href=\"https:\/\/praxas.com\/de\/product\/etiketten-mit-temperaturanzeige\/fcp\/\" class=\"woocommerce-LoopProduct-link woocommerce-loop-product__link\"><div class=\"product-inner\"><div class=\"product-content-catname\">Etiketten mit Temperaturanzeige<\/div><div class=\"woocommerce-image__wrapper\"><a href=\"https:\/\/praxas.com\/de\/product\/etiketten-mit-temperaturanzeige\/fcp\/\" title=\"Absteigender Temperaturindikator FCP\" class=\"woocommerce-LoopProduct-link woocommerce-loop-product__link\"><img loading=\"lazy\" decoding=\"async\" width=\"350\" height=\"203\" src=\"https:\/\/praxas.com\/wp-content\/uploads\/ATI-FCP-350x203.jpg\" class=\"attachment-woocommerce_thumbnail size-woocommerce_thumbnail\" alt=\"ATI - FCP Temperatur-Anzeige-Etiketten\" srcset=\"https:\/\/praxas.com\/wp-content\/uploads\/ATI-FCP-350x203.jpg 350w, https:\/\/praxas.com\/wp-content\/uploads\/ATI-FCP-300x174.jpg 300w, https:\/\/praxas.com\/wp-content\/uploads\/ATI-FCP-768x444.jpg 768w, https:\/\/praxas.com\/wp-content\/uploads\/ATI-FCP-120x69.jpg 120w, https:\/\/praxas.com\/wp-content\/uploads\/ATI-FCP-441x255.jpg 441w, https:\/\/praxas.com\/wp-content\/uploads\/ATI-FCP-150x87.jpg 150w, https:\/\/praxas.com\/wp-content\/uploads\/ATI-FCP.jpg 800w\" sizes=\"auto, (max-width: 360px) 147px, (max-width: 350px) 100vw, 350px\" \/>\t\t\t\n\t<\/a><\/div><div class=\"woocommerce-card__header\">\t\t\t\t\t<p class=\"product__categories\"><a href=\"https:\/\/praxas.com\/de\/produkt-kategorie\/etiketten-mit-temperaturanzeige\/\" rel=\"tag\">Etiketten mit Temperaturanzeige<\/a>, <a href=\"https:\/\/praxas.com\/de\/produkt-kategorie\/etiketten-mit-temperaturanzeige\/absteigende-temperatur\/\" rel=\"tag\">Absteigende Temperatur<\/a><\/p>\t\t\t\t<div class=\"woocommerce-loop-product__title\"><a tabindex=\"0\" href=\"https:\/\/praxas.com\/de\/product\/etiketten-mit-temperaturanzeige\/fcp\/\" aria-label=\"Absteigender Temperaturindikator FCP\" class=\"woocommerce-LoopProduct-link woocommerce-loop-product__link\">Absteigender Temperaturindikator FCP<\/a><\/div>\n<div class=\"card-short-description\">Irreversible Temperaturanzeige-Etiketten zur \u00dcberwachung von absteigenden Temperatur\u00fcberschreitungen.\n\nErh\u00e4ltlich mit Ausl\u00f6sepunkten bei -2\u00b0C, 0\u00b0C, 2\u00b0C, 3\u00b0C, 4\u00b0C, 7\u00b0C, 15\u00b0C.<\/div><\/a><a href=\"https:\/\/praxas.com\/de\/product\/etiketten-mit-temperaturanzeige\/fcp\/\" aria-describedby=\"woocommerce_loop_add_to_cart_link_describedby_46978\" data-quantity=\"1\" class=\"button product_type_simple\" data-product_id=\"46978\" data-product_sku=\"FCP\" aria-label=\"Lese mehr \u00fcber &#8222;Absteigender Temperaturindikator FCP&#8220;\" rel=\"nofollow\" data-success_message=\"\">Weiterlesen<\/a>\t<span id=\"woocommerce_loop_add_to_cart_link_describedby_46978\" class=\"screen-reader-text\">\n\t\t\t<\/span>\n<span class=\"gtm4wp_productdata\" style=\"display:none; visibility:hidden;\" data-gtm4wp_product_data=\"{&quot;internal_id&quot;:46978,&quot;item_id&quot;:46978,&quot;item_name&quot;:&quot;Absteigender Temperaturindikator FCP&quot;,&quot;sku&quot;:&quot;FCP&quot;,&quot;price&quot;:0,&quot;stocklevel&quot;:null,&quot;stockstatus&quot;:&quot;instock&quot;,&quot;google_business_vertical&quot;:&quot;retail&quot;,&quot;item_category&quot;:&quot;Etiketten mit Temperaturanzeige&quot;,&quot;id&quot;:46978,&quot;productlink&quot;:&quot;https:\\\/\\\/praxas.com\\\/de\\\/product\\\/etiketten-mit-temperaturanzeige\\\/fcp\\\/&quot;,&quot;item_list_name&quot;:&quot;General Product List&quot;,&quot;index&quot;:2,&quot;product_type&quot;:&quot;simple&quot;,&quot;item_brand&quot;:&quot;&quot;}\"><\/span><\/div><div class=\"product-card-footer\"><\/div><\/div><\/li>\n<li class=\"product type-product post-46994 status-publish last instock product_cat-etiketten-mit-temperaturanzeige product_cat-programmierbar has-post-thumbnail taxable shipping-taxable product-type-simple\">\n\t<a href=\"https:\/\/praxas.com\/de\/product\/etiketten-mit-temperaturanzeige\/endicate\/\" class=\"woocommerce-LoopProduct-link woocommerce-loop-product__link\"><div class=\"product-inner\"><div class=\"product-content-catname\">Etiketten mit Temperaturanzeige<\/div><div class=\"woocommerce-image__wrapper\"><a href=\"https:\/\/praxas.com\/de\/product\/etiketten-mit-temperaturanzeige\/endicate\/\" title=\"Programmierbarer Temperaturanzeiger Endicate\" class=\"woocommerce-LoopProduct-link woocommerce-loop-product__link\"><img loading=\"lazy\" decoding=\"async\" width=\"350\" height=\"203\" src=\"https:\/\/praxas.com\/wp-content\/uploads\/ATI-Endicate-1-350x203.jpg\" class=\"attachment-woocommerce_thumbnail size-woocommerce_thumbnail\" alt=\"ATI Endicate Elektronischer Temperaturanzeiger Etikett\" srcset=\"https:\/\/praxas.com\/wp-content\/uploads\/ATI-Endicate-1-350x203.jpg 350w, https:\/\/praxas.com\/wp-content\/uploads\/ATI-Endicate-1-300x174.jpg 300w, https:\/\/praxas.com\/wp-content\/uploads\/ATI-Endicate-1-768x444.jpg 768w, https:\/\/praxas.com\/wp-content\/uploads\/ATI-Endicate-1-120x69.jpg 120w, https:\/\/praxas.com\/wp-content\/uploads\/ATI-Endicate-1-441x255.jpg 441w, https:\/\/praxas.com\/wp-content\/uploads\/ATI-Endicate-1-150x87.jpg 150w, https:\/\/praxas.com\/wp-content\/uploads\/ATI-Endicate-1.jpg 800w\" sizes=\"auto, (max-width: 360px) 147px, (max-width: 350px) 100vw, 350px\" \/>\t\t\t\n\t<\/a><\/div><div class=\"woocommerce-card__header\">\t\t\t\t\t<p class=\"product__categories\"><a href=\"https:\/\/praxas.com\/de\/produkt-kategorie\/etiketten-mit-temperaturanzeige\/\" rel=\"tag\">Etiketten mit Temperaturanzeige<\/a>, <a href=\"https:\/\/praxas.com\/de\/produkt-kategorie\/etiketten-mit-temperaturanzeige\/programmierbar\/\" rel=\"tag\">Programmierbar<\/a><\/p>\t\t\t\t<div class=\"woocommerce-loop-product__title\"><a tabindex=\"0\" href=\"https:\/\/praxas.com\/de\/product\/etiketten-mit-temperaturanzeige\/endicate\/\" aria-label=\"Programmierbarer Temperaturanzeiger Endicate\" class=\"woocommerce-LoopProduct-link woocommerce-loop-product__link\">Programmierbarer Temperaturanzeiger Endicate<\/a><\/div>\n<div class=\"card-short-description\"><ul>\n \t<li>Hochpr\u00e4zise Temperatur\u00fcberwachung<\/li>\n \t<li>Misst -20 \u00b0C bis +70 \u00b0C<\/li>\n \t<li>4 programmierbare Alarme<\/li>\n \t<li>\u00dcberwachen Sie den sicheren Transport von temperaturempfindlichen Artikeln<\/li>\n<\/ul><\/div><\/a><a href=\"https:\/\/praxas.com\/de\/product\/etiketten-mit-temperaturanzeige\/endicate\/\" aria-describedby=\"woocommerce_loop_add_to_cart_link_describedby_46994\" data-quantity=\"1\" class=\"button product_type_simple\" data-product_id=\"46994\" data-product_sku=\"Endicate\" aria-label=\"Lese mehr \u00fcber &#8222;Programmierbarer Temperaturanzeiger Endicate&#8220;\" rel=\"nofollow\" data-success_message=\"\">Weiterlesen<\/a>\t<span id=\"woocommerce_loop_add_to_cart_link_describedby_46994\" class=\"screen-reader-text\">\n\t\t\t<\/span>\n<span class=\"gtm4wp_productdata\" style=\"display:none; visibility:hidden;\" data-gtm4wp_product_data=\"{&quot;internal_id&quot;:46994,&quot;item_id&quot;:46994,&quot;item_name&quot;:&quot;Programmierbarer Temperaturanzeiger Endicate&quot;,&quot;sku&quot;:&quot;Endicate&quot;,&quot;price&quot;:0,&quot;stocklevel&quot;:null,&quot;stockstatus&quot;:&quot;instock&quot;,&quot;google_business_vertical&quot;:&quot;retail&quot;,&quot;item_category&quot;:&quot;Etiketten mit Temperaturanzeige&quot;,&quot;id&quot;:46994,&quot;productlink&quot;:&quot;https:\\\/\\\/praxas.com\\\/de\\\/product\\\/etiketten-mit-temperaturanzeige\\\/endicate\\\/&quot;,&quot;item_list_name&quot;:&quot;General Product List&quot;,&quot;index&quot;:3,&quot;product_type&quot;:&quot;simple&quot;,&quot;item_brand&quot;:&quot;&quot;}\"><\/span><\/div><div class=\"product-card-footer\"><\/div><\/div><\/li>\n<\/ul>\n<\/div>\n\n\n\n<div class=\"wp-block-buttons is-content-justification-center is-layout-flex wp-container-core-buttons-is-layout-a89b3969 wp-block-buttons-is-layout-flex\">\n<div class=\"wp-block-button\"><a class=\"wp-block-button__link has-background wp-element-button\" href=\"https:\/\/praxas.com\/en\/shop\/brand-brand-ati\/\" style=\"border-radius:6px;background-color:#009ee0\"><strong>ATI-Produkte erkunden<\/strong><\/a><\/div>\n<\/div>\n<\/div>\n<\/div>\n<\/div>\n\n<div style=\"height:80px\" aria-hidden=\"true\" class=\"wp-block-spacer\"><\/div>\n","protected":false},"excerpt":{"rendered":"<p>American Thermal Instruments &#8211; Eine komplette L\u00f6sung Die Temperaturindikatoren von ATI bieten eine schnelle und genaue \u00dcberwachung f\u00fcr kritische Anwendungen. Ganz gleich, ob Sie mit dem High Temperature Ascending-Indikator die Exposition gegen\u00fcber hohen Temperaturen verfolgen, mit dem FCP-Indikator Gefrierrisiken erkennen oder mit dem VarIoT-Indikator f\u00fcr sichere Transportbedingungen sorgen, diese Etiketten signalisieren Temperaturschwankungen durch einen klaren, [&hellip;]<\/p>\n","protected":false},"author":8383,"featured_media":0,"parent":0,"menu_order":0,"comment_status":"closed","ping_status":"closed","template":"template-fullwidth-no-heading.php","meta":{"_acf_changed":false,"content-type":"","_uag_custom_page_level_css":"","footnotes":""},"class_list":["post-47006","page","type-page","status-publish","hentry"],"acf":[],"spectra_custom_meta":{"hero_image":[""],"_hero_image":["field_64f1a7da7af44"],"_hero_h1":["field_64f19e1edd052"],"_hero_h2":["field_64f19e2ddd053"],"_hero_text":["field_64f19e42dd054"],"_hero_button_text":["field_64f19e4edd055"],"_hero_button_link":["field_64f19e5ddd056"],"_top_nav_excluded":[""],"_cms_nav_minihome":[""],"_wp_page_template":["template-fullwidth-no-heading.php"],"_last_translation_edit_mode":["translation-editor"],"_wpml_word_count":["258"],"rank_math_og_content_image":["a:2:{s:5:\"check\";s:32:\"6d6b0adbecc16a860e4360db841f2c0f\";s:6:\"images\";a:1:{i:0;i:46613;}}"],"rank_math_focus_keyword":["Amerikanische thermische Instrumente"],"_uag_css_file_name":["uag-css-47006.css"],"_uag_page_assets":["a:9:{s:3:\"css\";s:263:\".uag-blocks-common-selector{z-index:var(--z-index-desktop) !important}@media (max-width: 976px){.uag-blocks-common-selector{z-index:var(--z-index-tablet) !important}}@media (max-width: 767px){.uag-blocks-common-selector{z-index:var(--z-index-mobile) !important}}\n\";s:2:\"js\";s:0:\"\";s:18:\"current_block_list\";a:11:{i:0;s:10:\"core\/cover\";i:1;s:12:\"core\/columns\";i:2;s:11:\"core\/column\";i:3;s:10:\"core\/image\";i:4;s:11:\"core\/spacer\";i:5;s:12:\"core\/heading\";i:6;s:14:\"core\/paragraph\";i:7;s:12:\"core\/buttons\";i:8;s:11:\"core\/button\";i:9;s:10:\"core\/group\";i:10;s:14:\"core\/shortcode\";}s:8:\"uag_flag\";b:0;s:11:\"uag_version\";s:10:\"1775212209\";s:6:\"gfonts\";a:0:{}s:10:\"gfonts_url\";s:0:\"\";s:12:\"gfonts_files\";a:0:{}s:14:\"uag_faq_layout\";b:0;}"]},"uagb_featured_image_src":{"full":false,"thumbnail":false,"medium":false,"medium_large":false,"large":false,"1536x1536":false,"2048x2048":false,"crunchify-admin-post-featured-image":false,"commercegurus-pdp-large":false,"commercegurus-plp-mobile":false,"cgkit_image_swatch":false,"woocommerce_thumbnail":false,"woocommerce_single":false,"woocommerce_gallery_thumbnail":false},"uagb_author_info":{"display_name":"Alex James","author_link":"https:\/\/praxas.com\/de\/author\/alex\/"},"uagb_comment_info":0,"uagb_excerpt":"American Thermal Instruments &#8211; Eine komplette L\u00f6sung Die Temperaturindikatoren von ATI bieten eine schnelle und genaue \u00dcberwachung f\u00fcr kritische Anwendungen. Ganz gleich, ob Sie mit dem High Temperature Ascending-Indikator die Exposition gegen\u00fcber hohen Temperaturen verfolgen, mit dem FCP-Indikator Gefrierrisiken erkennen oder mit dem VarIoT-Indikator f\u00fcr sichere Transportbedingungen sorgen, diese Etiketten signalisieren Temperaturschwankungen durch einen klaren,&hellip;","_links":{"self":[{"href":"https:\/\/praxas.com\/de\/wp-json\/wp\/v2\/pages\/47006","targetHints":{"allow":["GET"]}}],"collection":[{"href":"https:\/\/praxas.com\/de\/wp-json\/wp\/v2\/pages"}],"about":[{"href":"https:\/\/praxas.com\/de\/wp-json\/wp\/v2\/types\/page"}],"author":[{"embeddable":true,"href":"https:\/\/praxas.com\/de\/wp-json\/wp\/v2\/users\/8383"}],"replies":[{"embeddable":true,"href":"https:\/\/praxas.com\/de\/wp-json\/wp\/v2\/comments?post=47006"}],"version-history":[{"count":3,"href":"https:\/\/praxas.com\/de\/wp-json\/wp\/v2\/pages\/47006\/revisions"}],"predecessor-version":[{"id":51711,"href":"https:\/\/praxas.com\/de\/wp-json\/wp\/v2\/pages\/47006\/revisions\/51711"}],"wp:attachment":[{"href":"https:\/\/praxas.com\/de\/wp-json\/wp\/v2\/media?parent=47006"}],"curies":[{"name":"wp","href":"https:\/\/api.w.org\/{rel}","templated":true}]}}