{"id":25879,"date":"2023-09-14T17:52:56","date_gmt":"2023-09-14T15:52:56","guid":{"rendered":"https:\/\/staging.praxas.com\/product\/unkategorisiert\/wa-pro-t\/"},"modified":"2025-10-08T18:11:23","modified_gmt":"2025-10-08T16:11:23","slug":"wa-pro-t","status":"publish","type":"product","link":"https:\/\/praxas.com\/de\/product\/drahtlose-alarmsensoren\/temperatur\/wa-pro-t\/","title":{"rendered":"WA-PRO-T"},"content":{"rendered":"<p>Der Wireless Alert PRO T ist ein Umgebungstemperatursensor, der den Benutzer alarmiert, wenn die von ihm eingestellten Grenzwerte zwischen -20 und +60\u00b0C (-4 und 140\u00b0F) erreicht werden. Das Ger\u00e4t l\u00f6st eine Benachrichtigung aus, die direkt auf Ihr Smartphone gesendet werden kann, oder eine E-Mail an eine vom Benutzer ausgew\u00e4hlte Adresse, wenn Ihre Temperaturgrenzwerte \u00fcberschritten werden.<\/p>\n<p>Versorgen Sie das Ger\u00e4t \u00fcber den USB-C-Anschluss mit Strom und richten Sie es in der kostenlosen FilesThruTheAir-App ein. Zu den Konfigurationsoptionen geh\u00f6ren die Verbindung mit einem WiFi-Netzwerk, die Auswahl von Temperaturgrenzen und Benachrichtigungsoptionen. Sie k\u00f6nnen auch geplante E-Mail-Zusammenfassungsberichte einrichten, die die minimale, maximale und durchschnittliche Temperatur, den Energiestatus, die Anzahl der Alarme und die Gesamtdauer eines Alarms enthalten. Ein kurzer Blick auf das Dashboard der FilesThruTheAir App zeigt Ihnen den Alarmstatus und die zuletzt gemeldeten Messwerte aller mit Ihrem Konto verbundenen Ger\u00e4te.<\/p>\n","protected":false},"excerpt":{"rendered":"<p>Drahtloser Alert PRO T Grenzwertalarm-Sensor f\u00fcr die Umgebungstemperatur<\/p>\n","protected":false},"featured_media":25880,"template":"","meta":{"_acf_changed":false,"content-type":"","_uag_custom_page_level_css":""},"product_brand":[],"product_cat":[983],"product_tag":[986,992,988,985],"class_list":{"0":"post-25879","1":"product","2":"type-product","3":"status-publish","4":"has-post-thumbnail","6":"product_cat-temperatur","7":"product_tag-drahtloser-alert-pro","8":"product_tag-interner-sensor","9":"product_tag-iot-de","10":"product_tag-wifi-de","12":"first","13":"instock","14":"taxable","15":"shipping-taxable","16":"purchasable","17":"product-type-simple"},"bundled_by":[],"bundle_stock_status":"instock","bundle_stock_quantity":97,"bundle_virtual":false,"bundle_layout":"","bundle_add_to_cart_form_location":"","bundle_editable_in_cart":false,"bundle_sold_individually_context":"","bundle_item_grouping":"","bundle_min_size":"","bundle_max_size":"","bundle_price":[],"bundled_items":[],"bundle_sell_ids":[],"acf":[],"spectra_custom_meta":{"_product_attributes":["a:2:{s:16:\"pa_product-brand\";a:6:{s:4:\"name\";s:16:\"pa_product-brand\";s:5:\"value\";s:0:\"\";s:8:\"position\";i:0;s:10:\"is_visible\";i:1;s:12:\"is_variation\";i:0;s:11:\"is_taxonomy\";i:1;}s:19:\"pa_product-features\";a:6:{s:4:\"name\";s:19:\"pa_product-features\";s:5:\"value\";s:0:\"\";s:8:\"position\";i:1;s:10:\"is_visible\";i:1;s:12:\"is_variation\";i:0;s:11:\"is_taxonomy\";i:1;}}"],"attr_label_translations":["a:1:{s:2:\"de\";a:1:{s:5:\"brand\";s:5:\"Marke\";}}"],"_download_limit":["-1"],"_download_expiry":["-1"],"_downloadable":["no"],"_sku":["WA-PRO-T"],"_stock_status":["instock"],"_sold_individually":["no"],"_tax_class":[""],"_tax_status":["taxable"],"_virtual":["no"],"_weight":["0"],"_width":["0"],"_height":["0"],"_length":["0"],"total_sales":["4"],"_product_datasheet":["field_650ad7d6ea3a0"],"_connectivity":["field_64dce263bb57c","field_64dce263bb57c"],"brand":["EasyLog","EasyLog"],"_brand":["field_64ddf62ed2593","field_64ddf62ed2593"],"brand_image":[""],"_brand_image":["field_650c5e7c84cae"],"_specifications_table":["field_65044e1db92a8"],"_display_data_alarm":["field_667d647bcb066"],"_resources":["field_650849c6945ee"],"_accessories":["field_650849e6945f0","field_650849e6945f0"],"_faqs":["field_650859523d8d5"],"_calibration_suitable_ids_gb":["field_654b4c4acb54a"],"_calibration_suitable_ids_us":["field_654b4c56cb54b"],"_show_in_calibration_suitable":["field_654cfb691d345"],"_other_features":["field_668524f8c98a4"],"_shipping":["field_66852535c98a5"],"_refrigerant_cabinet":["field_66852557c98a6"],"_main_specifications":["field_66855b25b1245"],"_usd_price_4":["field_651570dcac479"],"_usd_price_9":["field_6515713eb4807"],"_usd_price_24":["field_65157141b4809"],"_usd_price_49":["field_65157140b4808"],"_usd_price_99":["field_6515715bb480a"],"_gbp_price_4":["field_6515716e83bfa"],"_gbp_price_9":["field_6515724783bfb"],"_gbp_price_24":["field_6515724b83bfc"],"_gbp_price_49":["field_6515725983bfd"],"_gbp_price_99":["field_6515725d83bfe"],"_usdhk_price_4":["field_6515726f83bff"],"_usdhk_price_9":["field_6515727c83c00"],"_usdhk_price_24":["field_6515728083c01"],"_usdhk_price_49":["field_6515728983c02"],"_usdhk_price_99":["field_6515728e83c03"],"stock_options":["Stock available in 8 weeks"],"_stock_options":["field_6544b605dc7f9"],"_top_nav_excluded":[""],"_cms_nav_minihome":[""],"wcml_sync_hash":["a:1:{s:15:\"postmeta_fields\";s:32:\"878766a67c6326a6c897d2a2f99e5e9b\";}"],"_thumbnail_id":["25880"],"_product_image_gallery":["25881,25882,25867"],"_crosssell_ids":["a:0:{}"],"_stock":["97.000000"],"_last_translation_edit_mode":["translation-editor"],"calibration":[""],"connectivity":["USB","USB"],"_calibration":["field_66a0ddd599972"],"_edit_lock":["1721835543:8383"],"classic-editor-remember":["classic-editor"],"rank_math_seo_score":["18"],"_edit_last":["8383"],"commercekit_gallery_layout":[""],"commercekit_disable_sticky_atc":["0"],"commercekit_wc_video_gallery":["a:0:{}"],"_rank_math_gtin_code":[""],"_wcml_average_rating":[null],"_wcml_review_count":[null],"_wcml_rating_count":[null],"_wc_average_rating":[0],"_wc_review_count":["0"],"_product_version":["9.1.2"],"display_data_alarm":[""],"faqs":[""],"calibration_suitable_ids_gb":[""],"calibration_suitable_ids_us":[""],"show_in_calibration_suitable":[""],"other_features":[""],"shipping":[""],"refrigerant_cabinet":[""],"main_specifications":[""],"shoptimizer_layout_pdp_short_description_position":["default"],"rank_math_primary_product_cat":["0"],"product_datasheet":["10502"],"_wpml_media_duplicate":["1"],"_wpml_media_featured":["1"],"_backorders":["no"],"_manage_stock":["no"],"_wpml_word_count":["195"],"_regular_price":["46.39"],"_price":["46.39"],"rank_math_title":["Wireless Alert PRO T | Umgebungstemperatursensoren | Praxas"],"rank_math_description":["Ben\u00f6tigen Sie einen drahtlosen Temperaturalarm? Dann ist der Wireless Alert PRO T Temperatursensor genau das Richtige f\u00fcr Sie! Entwickelt, um Sie auf der Grundlage der vom Benutzer festgelegten Grenzen zu alarmieren."],"rank_math_focus_keyword":["Drahtloser Alarm PRO T,WA-PRO-T"],"specifications_table":["<table class=\"specifications\">\n<tbody>\n<tr class=\"even-row\">\n<td class=\"left-td\">Messbereich<\/td>\n<td>-20 bis +60\u00b0C (-4 bis +140\u00b0F)<\/td>\n<\/tr>\n<tr class=\"odd-row\">\n<td class=\"left-td\">Aufl\u00f6sung der Messung<\/td>\n<td>0.1\u00b0C<\/td>\n<\/tr>\n<tr class=\"even-row\">\n<td class=\"left-td\">Messgenauigkeit<\/td>\n<td>\u00b10.5\u00b0C<\/td>\n<\/tr>\n<tr class=\"odd-row\">\n<td class=\"left-td\">Betriebstemperatur des Ger\u00e4ts<\/td>\n<td>-20 bis +60\u00b0C<\/td>\n<\/tr>\n<tr class=\"even-row\">\n<td class=\"left-td\">Alarmstufen<\/td>\n<td>Vom Benutzer konfigurierbar, innerhalb des oben angegebenen Messbereichs<\/td>\n<\/tr>\n<tr class=\"odd-row\">\n<td class=\"left-td\">Reaktionszeit<\/td>\n<td>1 Minute<\/td>\n<\/tr>\n<tr class=\"even-row\">\n<td class=\"left-td\">Stromversorgung<\/td>\n<td>USB-C 5V 1.0A<\/td>\n<\/tr>\n<tr class=\"odd-row\">\n<td class=\"left-td\">Produkt Abmessungen<\/td>\n<td>L 61 x B 29 x T 13 mm<\/td>\n<\/tr>\n<tr class=\"even-row\">\n<td class=\"left-td\">L\u00e4nge der Sonde<\/td>\n<td>Die Sonde ragt 13,5 mm \u00fcber den Ger\u00e4tek\u00f6rper hinaus<\/td>\n<\/tr>\n<\/tbody>\n<\/table>"],"resources":["<ul class=\"resources-list\">\n \t<li><img src=\"https:\/\/praxas.com\/wp-content\/uploads\/document-icon.png\" alt=\"Dokument-Symbol\"><a href=\"https:\/\/praxas.com\/wp-content\/uploads\/wireless-alert_pro_t_datasheet_issue_2_8-08-2022.pdf\" target=\"_blank\" rel=\"noopener\">Wireless Alert PRO T Datenblatt<\/a><\/li>\n \t<li><img src=\"https:\/\/praxas.com\/wp-content\/uploads\/document-icon.png\" alt=\"Dokument-Symbol\">\n<a href=\"https:\/\/praxas.com\/wp-content\/uploads\/ftta-wireless-alert-pro-qsg-iss2.pdf\" target=\"_blank\" rel=\"noopener\">Wireless Alert PRO Schnellstartanleitung<\/a><\/li>\n \t<li><img src=\"https:\/\/praxas.com\/wp-content\/uploads\/document-icon.png\" alt=\"Dokument-Symbol\">\n<a href=\"https:\/\/praxas.com\/wp-content\/uploads\/wireless-alert-pro-declaration-of-conformity-iss-1.pdf\" target=\"_blank\" rel=\"noopener\">Wireless Alert PRO Konformit\u00e4tserkl\u00e4rung<\/a><\/li>\n<\/ul>\n\u00a0"],"accessories":["[products skus=\"PSU USB-UK,PSU USB-EU\"]","[products skus=\"PSU USB-UK,PSU USB-EU\"]"],"usd_price_4":["0.00"],"usd_price_9":["0.00"],"usd_price_24":["0.00"],"usd_price_49":["0.00"],"usd_price_99":["0.00"],"gbp_price_4":["0.00"],"gbp_price_9":["0.00"],"gbp_price_24":["35.99"],"gbp_price_49":["0.00"],"gbp_price_99":["31.99"],"usdhk_price_4":["0.00"],"usdhk_price_9":["0.00"],"usdhk_price_24":["48.59"],"usdhk_price_49":["0.00"],"usdhk_price_99":["43.19"],"_uag_page_assets":["a:9:{s:3:\"css\";s:0:\"\";s:2:\"js\";s:0:\"\";s:18:\"current_block_list\";a:0:{}s:8:\"uag_flag\";b:0;s:11:\"uag_version\";s:10:\"1775212209\";s:6:\"gfonts\";a:0:{}s:10:\"gfonts_url\";s:0:\"\";s:12:\"gfonts_files\";a:0:{}s:14:\"uag_faq_layout\";b:0;}"],"_max_variation_price":[""],"_max_variation_regular_price":[""],"_max_variation_sale_price":[""],"_min_variation_price":[""],"_min_variation_regular_price":[""],"_min_variation_sale_price":[""],"_sale_price":[""],"_wc_pb_base_regular_price":[""],"_wc_pb_base_sale_price":[""],"_wc_pb_base_price":[""],"_wc_sw_max_price":[""],"_wc_sw_max_regular_price":[""],"_wc_rating_count":[""]},"uagb_featured_image_src":{"full":["https:\/\/praxas.com\/wp-content\/uploads\/Wireless-Alert-Pro-Green-Light-800x463-1.png",800,463,false],"thumbnail":["https:\/\/praxas.com\/wp-content\/uploads\/Wireless-Alert-Pro-Green-Light-800x463-1-150x150.png",150,150,true],"medium":["https:\/\/praxas.com\/wp-content\/uploads\/Wireless-Alert-Pro-Green-Light-800x463-1-300x174.png",300,174,true],"medium_large":["https:\/\/praxas.com\/wp-content\/uploads\/Wireless-Alert-Pro-Green-Light-800x463-1-768x444.png",768,444,true],"large":["https:\/\/praxas.com\/wp-content\/uploads\/Wireless-Alert-Pro-Green-Light-800x463-1.png",800,463,false],"1536x1536":["https:\/\/praxas.com\/wp-content\/uploads\/Wireless-Alert-Pro-Green-Light-800x463-1.png",800,463,false],"2048x2048":["https:\/\/praxas.com\/wp-content\/uploads\/Wireless-Alert-Pro-Green-Light-800x463-1.png",800,463,false],"crunchify-admin-post-featured-image":["https:\/\/praxas.com\/wp-content\/uploads\/Wireless-Alert-Pro-Green-Light-800x463-1-120x69.png",120,69,true],"commercegurus-pdp-large":["https:\/\/praxas.com\/wp-content\/uploads\/Wireless-Alert-Pro-Green-Light-800x463-1.png",800,463,false],"commercegurus-plp-mobile":["https:\/\/praxas.com\/wp-content\/uploads\/Wireless-Alert-Pro-Green-Light-800x463-1-441x255.png",441,255,true],"cgkit_image_swatch":["https:\/\/praxas.com\/wp-content\/uploads\/Wireless-Alert-Pro-Green-Light-800x463-1-100x100.png",100,100,true],"woocommerce_thumbnail":["https:\/\/praxas.com\/wp-content\/uploads\/Wireless-Alert-Pro-Green-Light-800x463-1-300x174.png",300,174,true],"woocommerce_single":["https:\/\/praxas.com\/wp-content\/uploads\/Wireless-Alert-Pro-Green-Light-800x463-1.png",800,463,false],"woocommerce_gallery_thumbnail":["https:\/\/praxas.com\/wp-content\/uploads\/Wireless-Alert-Pro-Green-Light-800x463-1-150x87.png",150,87,true]},"uagb_author_info":{"display_name":"AndyS","author_link":"https:\/\/praxas.com\/de\/author\/"},"uagb_comment_info":0,"uagb_excerpt":"Drahtloser Alert PRO T Grenzwertalarm-Sensor f\u00fcr die Umgebungstemperatur","_links":{"self":[{"href":"https:\/\/praxas.com\/de\/wp-json\/wp\/v2\/product\/25879","targetHints":{"allow":["GET"]}}],"collection":[{"href":"https:\/\/praxas.com\/de\/wp-json\/wp\/v2\/product"}],"about":[{"href":"https:\/\/praxas.com\/de\/wp-json\/wp\/v2\/types\/product"}],"wp:featuredmedia":[{"embeddable":true,"href":"https:\/\/praxas.com\/de\/wp-json\/wp\/v2\/media\/25880"}],"wp:attachment":[{"href":"https:\/\/praxas.com\/de\/wp-json\/wp\/v2\/media?parent=25879"}],"wp:term":[{"taxonomy":"product_brand","embeddable":true,"href":"https:\/\/praxas.com\/de\/wp-json\/wp\/v2\/product_brand?post=25879"},{"taxonomy":"product_cat","embeddable":true,"href":"https:\/\/praxas.com\/de\/wp-json\/wp\/v2\/product_cat?post=25879"},{"taxonomy":"product_tag","embeddable":true,"href":"https:\/\/praxas.com\/de\/wp-json\/wp\/v2\/product_tag?post=25879"}],"curies":[{"name":"wp","href":"https:\/\/api.w.org\/{rel}","templated":true}]}}