{"id":25966,"date":"2023-09-12T15:44:02","date_gmt":"2023-09-12T13:44:02","guid":{"rendered":"https:\/\/staging.praxas.com\/product\/unkategorisiert\/el-wifi-ult\/"},"modified":"2025-10-14T16:08:25","modified_gmt":"2025-10-14T14:08:25","slug":"el-wifi-ult","status":"publish","type":"product","link":"https:\/\/praxas.com\/de\/product\/datenlogger\/temperatur-datenlogger\/el-wifi-ult\/","title":{"rendered":"EL-WiFi-ULT"},"content":{"rendered":"<p>Der EL-WiFi-ULT ist ein Cloud-f\u00e4higer, kabelloser Ultratieftemperatur-Datenlogger mit integriertem Display, der f\u00fcr die \u00dcberwachung von Impfstoffen in kryogenem Trockeneis entwickelt wurde. Der Messbereich betr\u00e4gt -100 bis +100\u00b0C (-148 bis +212\u00b0F) bei Verwendung der mit dem Logger gelieferten Sonde. Der Logger zeichnet automatisch Daten auf und l\u00e4dt sie \u00fcber Ihr normales drahtloses Netzwerk in die EasyLog Cloud hoch.<\/p>\n<p><strong><br \/>\n  <a href=\"https:\/\/praxas.com\/en\/easylog-cloud\/\">EasyLog Cloud<\/a><br \/>\n<\/strong> nutzt die M\u00f6glichkeiten des Internet der Dinge (IoT), um die Datenprotokollierung und Alarmierung zu automatisieren &#8211; perfekt sowohl f\u00fcr kompakte Systeme mit nur wenigen Sensoren als auch f\u00fcr Unternehmensl\u00f6sungen mit Tausenden von Ger\u00e4ten rund um den Globus.<\/p>\n<ul>\n<li>Alarmfunktionen mit E-Mail- und SMS-Benachrichtigungen<\/li>\n<li>Schnelle, drahtlose App-basierte Konfiguration<\/li>\n<li>Speichert Daten intern, wenn das Ger\u00e4t die WiFi-Verbindung verliert, und l\u00e4dt sie automatisch in die Cloud hoch, sobald es wieder verbunden ist<\/li>\n<li>Branchenf\u00fchrende Batterielebensdauer von 2 Jahren<\/li>\n<li>F\u00fcgen Sie den ersten Logger kostenlos hinzu (<a href=\"https:\/\/www.easylogcloud.com\/accounttype.aspx\" target=\"_blank\" rel=\"noopener\"><br \/>\n  <strong>minimale Geb\u00fchren<\/strong><br \/>\n<\/a> f\u00fcr zus\u00e4tzliche Ger\u00e4te)<\/li>\n<\/ul>\n<h5>Ihre Daten. Jederzeit. \u00dcberall.<\/h5>\n<p>Verwalten Sie mehrere Datenlogger an Standorten auf der ganzen Welt und betrachten Sie sie \u00fcber Ihren Internet-Browser oder <a href=\"https:\/\/praxas.com\/en\/easylog-cloud\/\"><br \/>\n  <strong>EasyLog Cloud<\/strong><br \/>\n<\/a> App. Die EasyLog Cloud bietet unbegrenzte und sichere Datenspeicherung, erweiterte Alarmbenachrichtigungen f\u00fcr mehrere Benutzer und leistungsstarke Analysen und Berichte von all Ihren Ger\u00e4ten. <\/p>\n<p>Dieses Produkt entspricht der Norm BS EN 12830:2018 (Temperaturaufzeichnungsger\u00e4te f\u00fcr den Transport, die Lagerung und den Vertrieb temperaturempfindlicher Waren).<\/p>\n","protected":false},"excerpt":{"rendered":"<p>WiFi Cryogenic Vaccine Datenlogger mit Display<\/p>\n","protected":false},"featured_media":25967,"template":"","meta":{"_acf_changed":false,"content-type":"","_uag_custom_page_level_css":""},"product_brand":[],"product_cat":[1010],"product_tag":[1003,2432,1013,987,988,996,995,985],"class_list":{"0":"post-25966","1":"product","2":"type-product","3":"status-publish","4":"has-post-thumbnail","6":"product_cat-temperatur-datenlogger","7":"product_tag-anzeige","8":"product_tag-easylog","9":"product_tag-easylog-cloud-de","10":"product_tag-externe-sonde-de","11":"product_tag-iot-de","12":"product_tag-thermoelement","13":"product_tag-ult-de","14":"product_tag-wifi-de","16":"first","17":"instock","18":"taxable","19":"shipping-taxable","20":"purchasable","21":"product-type-simple"},"bundled_by":[],"bundle_stock_status":"instock","bundle_stock_quantity":15,"bundle_virtual":false,"bundle_layout":"","bundle_add_to_cart_form_location":"","bundle_editable_in_cart":false,"bundle_sold_individually_context":"","bundle_item_grouping":"","bundle_min_size":"","bundle_max_size":"","bundle_price":[],"bundled_items":[],"bundle_sell_ids":[],"acf":[],"spectra_custom_meta":{"_download_limit":["-1"],"_download_expiry":["-1"],"_downloadable":["no"],"_sku":["EL-WiFi-ULT"],"_stock_status":["instock"],"_sold_individually":["no"],"_tax_class":[""],"_tax_status":["taxable"],"_virtual":["no"],"_weight":["0"],"_width":["0"],"_height":["0"],"_length":["0"],"total_sales":["4"],"_product_datasheet":["field_650ad7d6ea3a0"],"connectivity":["WiFi"],"_connectivity":["field_64dce263bb57c"],"brand":["EasyLog"],"_brand":["field_64ddf62ed2593"],"_brand_image":["field_650c5e7c84cae"],"_specifications_table":["field_65044e1db92a8"],"_display_data_alarm":["field_667d647bcb066"],"_resources":["field_650849c6945ee"],"_accessories":["field_650849e6945f0"],"_faqs":["field_650859523d8d5"],"_calibration_suitable_ids_gb":["field_654b4c4acb54a"],"_calibration_suitable_ids_us":["field_654b4c56cb54b"],"_show_in_calibration_suitable":["field_654cfb691d345"],"_usd_price_4":["field_651570dcac479"],"_usd_price_9":["field_6515713eb4807"],"_usd_price_24":["field_65157141b4809"],"_usd_price_49":["field_65157140b4808"],"_usd_price_99":["field_6515715bb480a"],"_gbp_price_4":["field_6515716e83bfa"],"_gbp_price_9":["field_6515724783bfb"],"_gbp_price_24":["field_6515724b83bfc"],"_gbp_price_49":["field_6515725983bfd"],"_gbp_price_99":["field_6515725d83bfe"],"_usdhk_price_4":["field_6515726f83bff"],"_usdhk_price_9":["field_6515727c83c00"],"_usdhk_price_24":["field_6515728083c01"],"_usdhk_price_49":["field_6515728983c02"],"_usdhk_price_99":["field_6515728e83c03"],"stock_options":["In stock"],"_stock_options":["field_6544b605dc7f9"],"_top_nav_excluded":[""],"_cms_nav_minihome":[""],"wcml_sync_hash":["a:1:{s:15:\"postmeta_fields\";s:32:\"8bf7bd61e7628b0dde3e479909df6e23\";}"],"attr_label_translations":["a:0:{}"],"_product_image_gallery":["25968,25969"],"_thumbnail_id":["25967"],"_crosssell_ids":["a:0:{}"],"_stock":["15.000000"],"_last_translation_edit_mode":["translation-editor"],"calibration":[""],"_calibration":["field_66a0ddd599972"],"_shipping":["field_66852535c98a5"],"_refrigerant_cabinet":["field_66852557c98a6"],"_main_specifications":["field_66855b25b1245"],"_edit_lock":["1722263972:8383"],"classic-editor-remember":["classic-editor"],"rank_math_seo_score":["82"],"_edit_last":["8383"],"commercekit_gallery_layout":[""],"commercekit_disable_sticky_atc":["0"],"commercekit_wc_video_gallery":["a:0:{}"],"_rank_math_gtin_code":[""],"_wc_average_rating":[0],"_wc_review_count":["0"],"_product_version":["9.1.2"],"display_data_alarm":[""],"calibration_suitable_ids_gb":[""],"calibration_suitable_ids_us":[""],"show_in_calibration_suitable":[""],"other_features":[""],"shipping":[""],"refrigerant_cabinet":[""],"main_specifications":[""],"shoptimizer_layout_pdp_short_description_position":["default"],"_wpml_media_duplicate":["1"],"_wpml_media_featured":["1"],"_wcml_average_rating":[null],"_wcml_review_count":[null],"_wcml_rating_count":[null],"product_datasheet":["10545"],"brand_image":["10467"],"_product_attributes":["a:2:{s:16:\"pa_product-brand\";a:6:{s:4:\"name\";s:16:\"pa_product-brand\";s:5:\"value\";s:0:\"\";s:8:\"position\";i:0;s:10:\"is_visible\";i:1;s:12:\"is_variation\";i:0;s:11:\"is_taxonomy\";i:1;}s:19:\"pa_product-features\";a:6:{s:4:\"name\";s:19:\"pa_product-features\";s:5:\"value\";s:0:\"\";s:8:\"position\";i:1;s:10:\"is_visible\";i:1;s:12:\"is_variation\";i:0;s:11:\"is_taxonomy\";i:1;}}"],"_backorders":["no"],"_manage_stock":["no"],"min_temp":["-100"],"max_temp":["100"],"_min_temp":["field_67ea5eb4e0a77"],"_max_temp":["field_67ea5f81e0a79"],"_wpml_word_count":["290"],"rank_math_primary_product_cat":["100"],"_global_unique_id":["5056744400120"],"faqs":["<span class=\"ui-provider bge bgf bgd bgg bgh bgi bgj bgk bgl bgm bgn bgo bgp bgq bgr bgs bgt bgu bgv bgw bgx bgy bgz bha bhb bhc bhd bhe bhf bhg bhh bhi bhj bhk bhl\" dir=\"ltr\">[accordion]\n[accordion_header]Warum funktionieren meine Batterien nicht?[\/accordion_header]\n[accordion_section]Wenn Lithium-Metall-Batterien, einschlie\u00dflich der in den Datenloggern der EasyLog-Reihe verwendeten, l\u00e4ngere Zeit unbenutzt bleiben, bilden sie auf nat\u00fcrliche Weise eine nicht leitende innere Schicht - eine Passivierungsschicht -, die ihre Selbstentladung verhindert und ihre Haltbarkeit effektiv verl\u00e4ngert. Bei der erstmaligen Installation im Datenlogger kann es zu einem kurzzeitigen Abfall der Batteriespannung (der transienten Mindestspannung) kommen, wenn die interne Schicht abgebaut wird, was zu einem Reset des Datenloggers f\u00fchrt. Wenn Sie die Batterien in den Datenlogger einlegen und ihn f\u00fcr etwa 30 Sekunden an einen PC anschlie\u00dfen, wird diese Schicht entfernt. Nehmen Sie danach die Batterien heraus und setzen Sie sie wieder ein, um den Datenlogger zur\u00fcckzusetzen. Die allgemeine Akkulaufzeit wird nicht beeintr\u00e4chtigt.[\/accordion_section]\n[\/accordion]<\/span>\n\n<a class=\"button button-secondary\" href=\"\/support\/el-wifi-data-loggers\/\">Mehr Unterst\u00fctzung<\/a>"],"_other_features":["field_686fa2aa98dce"],"rank_math_title":["EL-WiFi-ULT | Kryogener Impfstoff-Datenlogger mit Display"],"rank_math_description":["Der EL-WiFi-ULT ist ein Cloud-f\u00e4higer, kabelloser Ultra-Tieftemperatur-Datenlogger mit integriertem Display, der f\u00fcr die \u00dcberwachung von Impfstoffen bei kryogener Lagerung entwickelt wurde."],"rank_math_focus_keyword":["EL-WiFi-ULT"],"specifications_table":["<table class=\"specifications\">\n<tbody>\n<tr class=\"even-row\">\n<td class=\"left-td\">Messbereich<\/td>\n<td>-100 bis +100\u00b0C (-148 bis +212\u00b0F)<\/td>\n<\/tr>\n<tr class=\"odd-row\">\n<td class=\"left-td\">Genauigkeit<\/td>\n<td>\u00b12,5\u00b0C (\u00b14,5\u00b0F) typisch<\/td>\n<\/tr>\n<tr class=\"even-row\">\n<td class=\"left-td\">Logging-Rate<\/td>\n<td>Vom Benutzer w\u00e4hlbar zwischen 10 Sekunden und 12 Stunden<\/td>\n<\/tr>\n<tr class=\"odd-row\">\n<td class=\"left-td\">Speicherkapazit\u00e4t<\/td>\n<td>Unbegrenzt<\/td>\n<\/tr>\n<tr class=\"even-row\">\n<td class=\"left-td\">Abmessungen (Logger)<\/td>\n<td>82 x 70 x 23mm (3.22 x 2.75 x 0.91\")<\/td>\n<\/tr>\n<tr class=\"odd-row\">\n<td class=\"left-td\">Abmessungen (Sonde)<\/td>\n<td>300 x \u00d81,5mm x 1m Kabel (11,8 x \u00d80,06\" x 39,4\" Kabel)<\/td>\n<\/tr>\n<tr class=\"even-row\">\n<td class=\"left-td\">Batterie<\/td>\n<td>Wiederaufladbare Batterie \/ 6 Monate Batterielebensdauer \/ Option Netzbetrieb<\/td>\n<\/tr>\n<\/tbody>\n<\/table>"],"resources":["<ul class=\"resources-list\">\n \t<li><img src=\"https:\/\/praxas.com\/wp-content\/uploads\/document-icon.png\" alt=\"Dokument-Symbol\"><a href=\"https:\/\/praxas.com\/wp-content\/uploads\/el-wifi-ult_iss1_11-20-1.pdf\" target=\"_blank\" rel=\"noopener\"><span class=\"mldTitle\">EL-WiFi-ULT Datenblatt  <\/span><\/a><\/li>\n \t<li><img src=\"https:\/\/praxas.com\/wp-content\/uploads\/software-icon.png\" alt=\"Software-Symbol\"><a href=\"https:\/\/praxas.com\/software\/easylog-software\/easylog-wifi\/\" target=\"_blank\" rel=\"noopener\">EasyLog WiFi Software<\/a><\/li>\n \t<li><img src=\"https:\/\/praxas.com\/wp-content\/uploads\/software-icon.png\" alt=\"Software-Symbol\"><a href=\"https:\/\/praxas.com\/en\/easylog-cloud\/\" target=\"_blank\" rel=\"noopener\">EasyLog Wolke<\/a><\/li>\n \t<li><img src=\"https:\/\/praxas.com\/wp-content\/uploads\/document-icon.png\" alt=\"Dokument-Symbol\"><a href=\"https:\/\/praxas.com\/wp-content\/uploads\/el-wifi-qsg-1.pdf\">EL-WiFi Schnellstartanleitung<\/a><\/li>\n \t<li><img src=\"https:\/\/praxas.com\/wp-content\/uploads\/document-icon.png\" alt=\"Dokument-Symbol\"><a href=\"https:\/\/praxas.com\/wp-content\/uploads\/help-guide-3-network-requirements-and-settings-12-09-2022_issue-6.pdf\" target=\"_blank\" rel=\"noopener\">Netzwerkanforderungen und -einstellungen<\/a><\/li>\n \t<li><img src=\"https:\/\/praxas.com\/wp-content\/uploads\/video-icon-orange.png\" alt=\"Video-Symbol\"><a href=\"https:\/\/www.youtube.com\/playlist?list=PL_yZedoZ_7MpemnH-a3NswL9-NgUz3DVe\" target=\"_blank\" rel=\"noopener\">Tutorial-Videos<\/a><\/li>\n \t<li><img src=\"https:\/\/praxas.com\/wp-content\/uploads\/document-icon.png\" alt=\"Dokument-Symbol\"><a href=\"https:\/\/praxas.com\/wp-content\/uploads\/conformity_certificate_wifi_range_with_coo-issu8.pdf\" target=\"_blank\" rel=\"noopener\">EL-WiFi-ULT Konformit\u00e4tserkl\u00e4rung<\/a><\/li>\n \t<li><img src=\"https:\/\/praxas.com\/wp-content\/uploads\/document-icon.png\" alt=\"Dokument-Symbol\"><a href=\"https:\/\/praxas.com\/wp-content\/uploads\/bs-en-12830-record-of-compliance-issue-1.pdf\" target=\"_blank\" rel=\"noopener\">BS EN 12830:2018 Nachweis der Einhaltung<\/a><\/li>\n<\/ul>\n<a class=\"button button-secondary\" href=\"https:\/\/praxas.com\/en\/support\/\">Mehr Unterst\u00fctzung<\/a>"],"accessories":["[products skus=\"EL-P-TC-T-ULT,PSU USB-UK,PSU USB-EU,EL-WiFi Wall Bracket\"]"],"usd_price_4":["0.00"],"usd_price_9":["0.00"],"usd_price_24":["0.00"],"usd_price_49":["0.00"],"usd_price_99":["0.00"],"gbp_price_4":["0.00"],"gbp_price_9":["0.00"],"gbp_price_24":["134.99"],"gbp_price_49":["0.00"],"gbp_price_99":["119.99"],"usdhk_price_4":["0.00"],"usdhk_price_9":["0.00"],"usdhk_price_24":["179.99"],"usdhk_price_49":["0.00"],"usdhk_price_99":["159.99"],"_uag_page_assets":["a:9:{s:3:\"css\";s:0:\"\";s:2:\"js\";s:0:\"\";s:18:\"current_block_list\";a:0:{}s:8:\"uag_flag\";b:0;s:11:\"uag_version\";s:10:\"1776966156\";s:6:\"gfonts\";a:0:{}s:10:\"gfonts_url\";s:0:\"\";s:12:\"gfonts_files\";a:0:{}s:14:\"uag_faq_layout\";b:0;}"],"_regular_price":["192.85"],"_price":["192.85"],"hubwoo_ecomm_pro_id":["25326768941"],"_max_variation_price":[""],"_max_variation_regular_price":[""],"_max_variation_sale_price":[""],"_min_variation_price":[""],"_min_variation_regular_price":[""],"_min_variation_sale_price":[""],"_sale_price":[""],"_wc_pb_base_regular_price":[""],"_wc_pb_base_sale_price":[""],"_wc_pb_base_price":[""],"_wc_sw_max_price":[""],"_wc_sw_max_regular_price":[""],"_wc_rating_count":[""]},"uagb_featured_image_src":{"full":["https:\/\/praxas.com\/wp-content\/uploads\/EL-WiFi-ULT-1.png",800,462,false],"thumbnail":["https:\/\/praxas.com\/wp-content\/uploads\/EL-WiFi-ULT-1-150x150.png",150,150,true],"medium":["https:\/\/praxas.com\/wp-content\/uploads\/EL-WiFi-ULT-1-300x173.png",300,173,true],"medium_large":["https:\/\/praxas.com\/wp-content\/uploads\/EL-WiFi-ULT-1-768x444.png",768,444,true],"large":["https:\/\/praxas.com\/wp-content\/uploads\/EL-WiFi-ULT-1.png",800,462,false],"1536x1536":["https:\/\/praxas.com\/wp-content\/uploads\/EL-WiFi-ULT-1.png",800,462,false],"2048x2048":["https:\/\/praxas.com\/wp-content\/uploads\/EL-WiFi-ULT-1.png",800,462,false],"crunchify-admin-post-featured-image":["https:\/\/praxas.com\/wp-content\/uploads\/EL-WiFi-ULT-1-120x69.png",120,69,true],"commercegurus-pdp-large":["https:\/\/praxas.com\/wp-content\/uploads\/EL-WiFi-ULT-1.png",800,462,false],"commercegurus-plp-mobile":["https:\/\/praxas.com\/wp-content\/uploads\/EL-WiFi-ULT-1-441x255.png",441,255,true],"cgkit_image_swatch":["https:\/\/praxas.com\/wp-content\/uploads\/EL-WiFi-ULT-1-100x100.png",100,100,true],"woocommerce_thumbnail":["https:\/\/praxas.com\/wp-content\/uploads\/EL-WiFi-ULT-1-300x173.png",300,173,true],"woocommerce_single":["https:\/\/praxas.com\/wp-content\/uploads\/EL-WiFi-ULT-1.png",800,462,false],"woocommerce_gallery_thumbnail":["https:\/\/praxas.com\/wp-content\/uploads\/EL-WiFi-ULT-1-150x87.png",150,87,true]},"uagb_author_info":{"display_name":"AndyS","author_link":"https:\/\/praxas.com\/de\/author\/"},"uagb_comment_info":0,"uagb_excerpt":"WiFi Cryogenic Vaccine Datenlogger mit Display","_links":{"self":[{"href":"https:\/\/praxas.com\/de\/wp-json\/wp\/v2\/product\/25966","targetHints":{"allow":["GET"]}}],"collection":[{"href":"https:\/\/praxas.com\/de\/wp-json\/wp\/v2\/product"}],"about":[{"href":"https:\/\/praxas.com\/de\/wp-json\/wp\/v2\/types\/product"}],"wp:featuredmedia":[{"embeddable":true,"href":"https:\/\/praxas.com\/de\/wp-json\/wp\/v2\/media\/25967"}],"wp:attachment":[{"href":"https:\/\/praxas.com\/de\/wp-json\/wp\/v2\/media?parent=25966"}],"wp:term":[{"taxonomy":"product_brand","embeddable":true,"href":"https:\/\/praxas.com\/de\/wp-json\/wp\/v2\/product_brand?post=25966"},{"taxonomy":"product_cat","embeddable":true,"href":"https:\/\/praxas.com\/de\/wp-json\/wp\/v2\/product_cat?post=25966"},{"taxonomy":"product_tag","embeddable":true,"href":"https:\/\/praxas.com\/de\/wp-json\/wp\/v2\/product_tag?post=25966"}],"curies":[{"name":"wp","href":"https:\/\/api.w.org\/{rel}","templated":true}]}}