{"id":26031,"date":"2023-09-12T14:04:23","date_gmt":"2023-09-12T12:04:23","guid":{"rendered":"https:\/\/staging.praxas.com\/product\/unkategorisiert\/el-sie-2\/"},"modified":"2025-10-14T16:18:06","modified_gmt":"2025-10-14T14:18:06","slug":"el-sie-2","status":"publish","type":"product","link":"https:\/\/praxas.com\/de\/product\/datenlogger\/temperatur-luftfeuchtigkeit-de\/el-sie-2\/","title":{"rendered":"EL-SIE-2"},"content":{"rendered":"<p>\u00dcberwachen Sie die Umgebung, in der Sie leben und arbeiten, mit dem EasyLog EL-SIE-2. Die fortschrittliche Onboard-Software bedeutet, dass Sie nichts auf Ihrem PC oder Mac installieren m\u00fcssen. Schlie\u00dfen Sie den Logger einfach mit einem USB-Kabel an und verwenden Sie Ihren Webbrowser, um das Ger\u00e4t zu konfigurieren und Ihre Daten anzuzeigen, zu analysieren und herunterzuladen. Es k\u00f6nnte wirklich nicht einfacher sein.<\/p>\n<p>Das helle und klare Display zeigt die aktuellen Messwerte und den Ger\u00e4testatus auf einen Blick an, und das Produkt wird mit einer Halterung f\u00fcr die sichere Wandmontage geliefert. Das EL-SIE-2 wird mit Standard-AAA-Batterien betrieben. Die typische Lebensdauer der Batterien betr\u00e4gt \u00fcber 1 Jahr.<\/p>\n<p>Die Version EL-SIE-2 misst Temperatur und relative Luftfeuchtigkeit. Andere Modelle, die nur die Temperatur oder die Temperatur, die Luftfeuchtigkeit und den Druck messen, sind ebenso erh\u00e4ltlich wie Standard- und Hochpr\u00e4zisionsversionen. Zu den wichtigsten M\u00e4rkten geh\u00f6ren Anlagen- und Geb\u00e4udemanagement, Logistik, Lagerh\u00e4user und Lagerhaltung sowie Reinr\u00e4ume und andere druckempfindliche Umgebungen.<\/p>\n<p>Die aufgezeichneten Daten k\u00f6nnen auf Ihren Computer heruntergeladen oder auf eine EasyLog Cloud hochgeladen werden. <a href=\"https:\/\/praxas.com\/en\/easylog-cloud\/\"><br \/>\n  <strong>EasyLog Cloud<\/strong><br \/>\n<\/a> Konto hochladen, um sie sicher zu speichern und zu analysieren.<\/p>\n<p>\u00dcbersetzungen des EL-SIE-2 Datenblatts finden Sie auf der Registerkarte Ressourcen.<\/p>\n","protected":false},"excerpt":{"rendered":"<p>Temperatur- und Luftfeuchtigkeitsdatenlogger mit Display<\/p>\n","protected":false},"featured_media":26032,"template":"","meta":{"_acf_changed":false,"content-type":"","_uag_custom_page_level_css":""},"product_brand":[],"product_cat":[1002],"product_tag":[1023,1003,2432,1013,1024,992,1016],"class_list":{"0":"post-26031","1":"product","2":"type-product","3":"status-publish","4":"has-post-thumbnail","6":"product_cat-temperatur-luftfeuchtigkeit-de","7":"product_tag-alarm-de","8":"product_tag-anzeige","9":"product_tag-easylog","10":"product_tag-easylog-cloud-de","11":"product_tag-el-sie-de","12":"product_tag-interner-sensor","13":"product_tag-usb-de","15":"first","16":"instock","17":"taxable","18":"shipping-taxable","19":"purchasable","20":"product-type-simple"},"bundled_by":[],"bundle_stock_status":"instock","bundle_stock_quantity":33,"bundle_virtual":false,"bundle_layout":"","bundle_add_to_cart_form_location":"","bundle_editable_in_cart":false,"bundle_sold_individually_context":"","bundle_item_grouping":"","bundle_min_size":"","bundle_max_size":"","bundle_price":[],"bundled_items":[],"bundle_sell_ids":[],"acf":[],"spectra_custom_meta":{"_download_limit":["-1"],"_download_expiry":["-1"],"_downloadable":["no"],"_sku":["EL-SIE-2"],"_stock_status":["instock"],"_sold_individually":["no"],"_tax_class":[""],"_tax_status":["taxable"],"_virtual":["no"],"_weight":["0"],"_width":["0"],"_height":["0"],"_length":["0"],"total_sales":["75"],"_product_datasheet":["field_650ad7d6ea3a0"],"_connectivity":["field_64dce263bb57c"],"brand":["EasyLog"],"_brand":["field_64ddf62ed2593"],"_brand_image":["field_650c5e7c84cae"],"_specifications_table":["field_65044e1db92a8"],"_display_data_alarm":["field_667d647bcb066"],"_resources":["field_650849c6945ee"],"_accessories":["field_650849e6945f0"],"_faqs":["field_650859523d8d5"],"_calibration_suitable_ids_gb":["field_654b4c4acb54a"],"_calibration_suitable_ids_us":["field_654b4c56cb54b"],"_show_in_calibration_suitable":["field_654cfb691d345"],"_shipping":["field_66852535c98a5"],"_refrigerant_cabinet":["field_66852557c98a6"],"_usd_price_4":["field_651570dcac479"],"_usd_price_9":["field_6515713eb4807"],"_usd_price_24":["field_65157141b4809"],"_usd_price_49":["field_65157140b4808"],"_usd_price_99":["field_6515715bb480a"],"_gbp_price_4":["field_6515716e83bfa"],"_gbp_price_9":["field_6515724783bfb"],"_gbp_price_24":["field_6515724b83bfc"],"_gbp_price_49":["field_6515725983bfd"],"_gbp_price_99":["field_6515725d83bfe"],"_usdhk_price_4":["field_6515726f83bff"],"_usdhk_price_9":["field_6515727c83c00"],"_usdhk_price_24":["field_6515728083c01"],"_usdhk_price_49":["field_6515728983c02"],"_usdhk_price_99":["field_6515728e83c03"],"stock_options":["In stock"],"_stock_options":["field_6544b605dc7f9"],"_top_nav_excluded":[""],"_cms_nav_minihome":[""],"wcml_sync_hash":["a:1:{s:15:\"postmeta_fields\";s:32:\"ed485c5b5d15c3d28a63af0d17309c3e\";}"],"attr_label_translations":["a:0:{}"],"_thumbnail_id":["26032"],"_product_image_gallery":["26033,26034"],"_crosssell_ids":["a:0:{}"],"_stock":["33.000000"],"_last_translation_edit_mode":["translation-editor"],"calibration":[""],"connectivity":["USB"],"_calibration":["field_66a0ddd599972"],"_main_specifications":["field_66855b25b1245"],"_edit_lock":["1721820283:8383"],"classic-editor-remember":["classic-editor"],"rank_math_seo_score":["87"],"_edit_last":["8383"],"commercekit_gallery_layout":[""],"commercekit_disable_sticky_atc":["0"],"commercekit_wc_video_gallery":["a:0:{}"],"_rank_math_gtin_code":[""],"_wcml_average_rating":[null],"_wcml_review_count":[null],"_wcml_rating_count":[null],"_wc_average_rating":[0],"_wc_review_count":["0"],"_product_version":["9.1.2"],"display_data_alarm":[""],"calibration_suitable_ids_gb":[""],"calibration_suitable_ids_us":[""],"show_in_calibration_suitable":[""],"other_features":[""],"shipping":[""],"refrigerant_cabinet":[""],"main_specifications":[""],"shoptimizer_layout_pdp_short_description_position":["default"],"product_datasheet":["10561"],"brand_image":["10467"],"_wpml_media_duplicate":["1"],"_wpml_media_featured":["1"],"_product_attributes":["a:2:{s:16:\"pa_product-brand\";a:6:{s:4:\"name\";s:16:\"pa_product-brand\";s:5:\"value\";s:0:\"\";s:8:\"position\";i:0;s:10:\"is_visible\";i:1;s:12:\"is_variation\";i:0;s:11:\"is_taxonomy\";i:1;}s:19:\"pa_product-features\";a:6:{s:4:\"name\";s:19:\"pa_product-features\";s:5:\"value\";s:0:\"\";s:8:\"position\";i:1;s:10:\"is_visible\";i:1;s:12:\"is_variation\";i:0;s:11:\"is_taxonomy\";i:1;}}"],"_backorders":["no"],"_manage_stock":["no"],"min_temp":["-18"],"max_temp":["55"],"_min_temp":["field_67ea5eb4e0a77"],"_max_temp":["field_67ea5f81e0a79"],"_wpml_word_count":["255"],"rank_math_primary_product_cat":["97"],"_global_unique_id":["5056744400786"],"faqs":["<span class=\"ui-provider bge bgf bgd bgg bgh bgi bgj bgk bgl bgm bgn bgo bgp bgq bgr bgs bgt bgu bgv bgw bgx bgy bgz bha bhb bhc bhd bhe bhf bhg bhh bhi bhj bhk bhl\" dir=\"ltr\">[accordion]\n[accordion_header]Wie speichere ich die EL-SIE Website in meinen Favoriten oder Lesezeichen?[\/accordion_header]\n[accordion_section]Sie k\u00f6nnen die normale Methode verwenden, um einen Favoriten oder ein Lesezeichen in Ihrem Browser zu erstellen. Sie sollten dies tun, w\u00e4hrend der Ladebildschirm (rotierender W\u00fcrfel) angezeigt wird. Andernfalls k\u00f6nnen Sie manuell ein Lesezeichen mit dieser URL erstellen: http:\/\/easylog.local[\/accordion_section]\n[\/accordion]<\/span>\n\n<span class=\"ui-provider bge bgf bgd bgg bgh bgi bgj bgk bgl bgm bgn bgo bgp bgq bgr bgs bgt bgu bgv bgw bgx bgy bgz bha bhb bhc bhd bhe bhf bhg bhh bhi bhj bhk bhl\" dir=\"ltr\">[accordion]\n[accordion_header]Mein EL-SIE-Akku wird nicht aufgeladen. Was muss ich tun?[\/accordion_header]\n[accordion_section]EL-SIE l\u00e4dt seine Batterien nicht auf, selbst wenn er \u00fcber ein USB-Kabel angeschlossen ist.[\/accordion_section]\n[\/accordion]<\/span>\n\n<a class=\"button button-secondary\" href=\"\/support\/el-sie-data-loggers\/\">Mehr Unterst\u00fctzung<\/a>"],"_other_features":["field_686fa2aa98dce"],"rank_math_title":["EL-SIE-2 | USB-Datenlogger f\u00fcr Temperatur und Luftfeuchtigkeit | Praxas"],"rank_math_description":["Entdecken Sie den EasyLog EL-SIE-2 USB-Datenlogger f\u00fcr Temperatur und Luftfeuchtigkeit von Lascar Electronics, eine benutzerfreundliche und pr\u00e4zise L\u00f6sung f\u00fcr Ihre Umwelt\u00fcberwachung."],"rank_math_focus_keyword":["EL-SIE-2"],"specifications_table":["<table class=\"specifications\">\n<tbody>\n<tr class=\"even-row\">\n<td class=\"left-td\">Messbereich (T)<\/td>\n<td>-18 bis +55\u00b0C (-0,4 bis +131\u00b0F)<\/td>\n<\/tr>\n<tr class=\"odd-row\">\n<td class=\"left-td\">Genauigkeit<\/td>\n<td>\u00b10.3\u00b0C (\u00b10.54\u00b0F)<\/td>\n<\/tr>\n<tr class=\"even-row\">\n<td class=\"left-td\">Messbereich (RH)<\/td>\n<td>0 bis 100%RH<\/td>\n<\/tr>\n<tr class=\"odd-row\">\n<td class=\"left-td\">Genauigkeit<\/td>\n<td>\u00b12,0% typisch (0 bis 80%RH)<\/td>\n<\/tr>\n<tr class=\"even-row\">\n<td class=\"left-td\">Protokollierungsrate<\/td>\n<td>10 Sekunden bis 24 Stunden, vom Benutzer w\u00e4hlbar<\/td>\n<\/tr>\n<tr class=\"odd-row\">\n<td class=\"left-td\">Start-Modi<\/td>\n<td>Sofort, Push-to-Start, verz\u00f6gerter Start, parametergesteuert<\/td>\n<\/tr>\n<tr class=\"even-row\">\n<td class=\"left-td\">Speicherkapazit\u00e4t<\/td>\n<td>1.000.000 Messwerte insgesamt, >500.000 Messwerte pro Kanal<\/td>\n<\/tr>\n<tr class=\"odd-row\">\n<td class=\"left-td\">Signalgeber<\/td>\n<td>Integrierter Alarmtongeber<\/td>\n<\/tr>\n<tr class=\"even-row\">\n<td class=\"left-td\">Stromquelle<\/td>\n<td>2 x AAA 1,5V Batterie<\/td>\n<\/tr>\n<tr class=\"odd-row\">\n<td class=\"left-td\">Lebensdauer der Batterie<\/td>\n<td>>1 Jahr (bei 25\u00b0C mit einer Aufzeichnungsrate von 10 Minuten)<\/td>\n<\/tr>\n<tr class=\"even-row\">\n<td class=\"left-td\">Abmessungen<\/td>\n<td>93 x 42 x 17 mm (ohne Halterung)<\/td>\n<\/tr>\n<tr class=\"odd-row\">\n<td class=\"left-td\">Betriebstemperaturbereich<\/td>\n<td>-18 bis +55\u00b0C (-0,4 bis +131\u00b0F)<\/td>\n<\/tr>\n<tr class=\"even-row\">\n<td class=\"left-td\">Umwelt Bewertung<\/td>\n<td>IP2X<\/td>\n<\/tr>\n<\/tbody>\n<\/table>"],"resources":["<ul class=\"resources-list\">\n \t<li><img src=\"https:\/\/praxas.com\/wp-content\/uploads\/document-icon.png\" alt=\"Dokument-Symbol\">EL-SIE-2 Datenbl\u00e4tter<\/li>\n \t<li><a href=\"\/wp-content\/uploads\/easylog-data-logger-el-sie-2-iss4_11-22-1.pdf\" target=\"_blank\" rel=\"noopener\">Englisch<\/a><\/li>\n \t<li><a href=\"\/wp-content\/uploads\/EL-SIE-2-iss4_11-22-French.pdf\" target=\"_blank\" rel=\"noopener\">Franz\u00f6sisch<\/a><\/li>\n \t<li><a href=\"\/wp-content\/uploads\/EL-SIE-2-iss4_11-22-German.pdf\" target=\"_blank\" rel=\"noopener\">Deutsch<\/a><\/li>\n \t<li><a href=\"\/wp-content\/uploads\/easylog-data-logger-EL-SIE-2-iss4_11-22-Italian.pdf\" target=\"_blank\" rel=\"noopener\">Italienisch<\/a><\/li>\n \t<li><a href=\"\/wp-content\/uploads\/easylog-data-logger-EL-SIE-2-iss4_11-22.pdf\" target=\"_blank\" rel=\"noopener\">Spanisch<\/a><\/li>\n \t<li><img src=\"https:\/\/praxas.com\/wp-content\/uploads\/document-icon.png\" alt=\"Dokument-Symbol\">EL-SIE-2 Schnellstart-Anleitung<\/li>\n \t<li><a href=\"\/wp-content\/uploads\/el-sie-qsg-11_2019-pths-for-webpdf.pdf\" target=\"_blank\" rel=\"noopener\">Englisch<\/a><\/li>\n \t<li><a href=\"\/wp-content\/uploads\/el-sie-qsg-11_2019-french-2.pdf\" target=\"_blank\" rel=\"noopener\">Franz\u00f6sisch<\/a><\/li>\n \t<li><a href=\"\/wp-content\/uploads\/el-sie-qsg-11_2019-german-2.pdf\" target=\"_blank\" rel=\"noopener\">Deutsch<\/a><\/li>\n \t<li><a href=\"\/wp-content\/uploads\/el-sie-qsg-11_2019-italian-2.pdf\">Italienisch<\/a><\/li>\n \t<li><a href=\"\/wp-content\/uploads\/el-sie-qsg-11_2019-spanish-2.pdf\" target=\"_blank\" rel=\"noopener\">Spanisch<\/a><\/li>\n \t<li><img src=\"https:\/\/praxas.com\/wp-content\/uploads\/video-icon-orange.png\" alt=\"Video-Symbol\"><a href=\"https:\/\/www.youtube.com\/playlist?list=PL_yZedoZ_7MrFJR7JPSQPoTegZBsG4ROO\" target=\"_blank\" rel=\"noopener\">EL-SIE Lehrvideos<\/a><\/li>\n \t<li><img src=\"https:\/\/praxas.com\/wp-content\/uploads\/document-icon.png\" alt=\"Dokument-Symbol\"><a href=\"https:\/\/praxas.com\/wp-content\/uploads\/Declaration-of-Conformity_EasyLog_iss26.pdf\" target=\"_blank\" rel=\"noopener\">EL-SIE Konformit\u00e4tserkl\u00e4rung<\/a><\/li>\n \t<li><img src=\"https:\/\/praxas.com\/wp-content\/uploads\/document-icon.png\" alt=\"Dokument-Symbol\"><a href=\"https:\/\/praxas.com\/wp-content\/uploads\/declaration-of-conformity_easylog_useonaircraft_iss2-4.pdf\" target=\"_blank\" rel=\"noopener\">Erkl\u00e4rung zur Verwendung in Flugzeugen<\/a><\/li>\n<\/ul>"],"accessories":["[products skus=\"BAT 1V5 AAA,CABLE USB C 0.5M\"]"],"usd_price_4":["0.00"],"usd_price_9":["0.00"],"usd_price_24":["0.00"],"usd_price_49":["0.00"],"usd_price_99":["0.00"],"gbp_price_4":["0.00"],"gbp_price_9":["0.00"],"gbp_price_24":["62.99"],"gbp_price_49":["0.00"],"gbp_price_99":["55.99"],"usdhk_price_4":["0.00"],"usdhk_price_9":["0.00"],"usdhk_price_24":["85.49"],"usdhk_price_49":["0.00"],"usdhk_price_99":["75.99"],"_uag_page_assets":["a:9:{s:3:\"css\";s:0:\"\";s:2:\"js\";s:0:\"\";s:18:\"current_block_list\";a:0:{}s:8:\"uag_flag\";b:0;s:11:\"uag_version\";s:10:\"1775212209\";s:6:\"gfonts\";a:0:{}s:10:\"gfonts_url\";s:0:\"\";s:12:\"gfonts_files\";a:0:{}s:14:\"uag_faq_layout\";b:0;}"],"_regular_price":["91.4"],"_price":["91.4"],"_max_variation_price":[""],"_max_variation_regular_price":[""],"_max_variation_sale_price":[""],"_min_variation_price":[""],"_min_variation_regular_price":[""],"_min_variation_sale_price":[""],"_sale_price":[""],"_wc_pb_base_regular_price":[""],"_wc_pb_base_sale_price":[""],"_wc_pb_base_price":[""],"_wc_sw_max_price":[""],"_wc_sw_max_regular_price":[""],"_wc_rating_count":[""]},"uagb_featured_image_src":{"full":["https:\/\/praxas.com\/wp-content\/uploads\/EL-SIE-Right-Side-Humidity-800x463-1.png",800,463,false],"thumbnail":["https:\/\/praxas.com\/wp-content\/uploads\/EL-SIE-Right-Side-Humidity-800x463-1-150x150.png",150,150,true],"medium":["https:\/\/praxas.com\/wp-content\/uploads\/EL-SIE-Right-Side-Humidity-800x463-1-300x174.png",300,174,true],"medium_large":["https:\/\/praxas.com\/wp-content\/uploads\/EL-SIE-Right-Side-Humidity-800x463-1-768x444.png",768,444,true],"large":["https:\/\/praxas.com\/wp-content\/uploads\/EL-SIE-Right-Side-Humidity-800x463-1.png",800,463,false],"1536x1536":["https:\/\/praxas.com\/wp-content\/uploads\/EL-SIE-Right-Side-Humidity-800x463-1.png",800,463,false],"2048x2048":["https:\/\/praxas.com\/wp-content\/uploads\/EL-SIE-Right-Side-Humidity-800x463-1.png",800,463,false],"crunchify-admin-post-featured-image":["https:\/\/praxas.com\/wp-content\/uploads\/EL-SIE-Right-Side-Humidity-800x463-1-120x69.png",120,69,true],"commercegurus-pdp-large":["https:\/\/praxas.com\/wp-content\/uploads\/EL-SIE-Right-Side-Humidity-800x463-1.png",800,463,false],"commercegurus-plp-mobile":["https:\/\/praxas.com\/wp-content\/uploads\/EL-SIE-Right-Side-Humidity-800x463-1-441x255.png",441,255,true],"cgkit_image_swatch":["https:\/\/praxas.com\/wp-content\/uploads\/EL-SIE-Right-Side-Humidity-800x463-1-100x100.png",100,100,true],"woocommerce_thumbnail":["https:\/\/praxas.com\/wp-content\/uploads\/EL-SIE-Right-Side-Humidity-800x463-1-300x174.png",300,174,true],"woocommerce_single":["https:\/\/praxas.com\/wp-content\/uploads\/EL-SIE-Right-Side-Humidity-800x463-1.png",800,463,false],"woocommerce_gallery_thumbnail":["https:\/\/praxas.com\/wp-content\/uploads\/EL-SIE-Right-Side-Humidity-800x463-1-150x87.png",150,87,true]},"uagb_author_info":{"display_name":"AndyS","author_link":"https:\/\/praxas.com\/de\/author\/"},"uagb_comment_info":0,"uagb_excerpt":"Temperatur- und Luftfeuchtigkeitsdatenlogger mit Display","_links":{"self":[{"href":"https:\/\/praxas.com\/de\/wp-json\/wp\/v2\/product\/26031","targetHints":{"allow":["GET"]}}],"collection":[{"href":"https:\/\/praxas.com\/de\/wp-json\/wp\/v2\/product"}],"about":[{"href":"https:\/\/praxas.com\/de\/wp-json\/wp\/v2\/types\/product"}],"wp:featuredmedia":[{"embeddable":true,"href":"https:\/\/praxas.com\/de\/wp-json\/wp\/v2\/media\/26032"}],"wp:attachment":[{"href":"https:\/\/praxas.com\/de\/wp-json\/wp\/v2\/media?parent=26031"}],"wp:term":[{"taxonomy":"product_brand","embeddable":true,"href":"https:\/\/praxas.com\/de\/wp-json\/wp\/v2\/product_brand?post=26031"},{"taxonomy":"product_cat","embeddable":true,"href":"https:\/\/praxas.com\/de\/wp-json\/wp\/v2\/product_cat?post=26031"},{"taxonomy":"product_tag","embeddable":true,"href":"https:\/\/praxas.com\/de\/wp-json\/wp\/v2\/product_tag?post=26031"}],"curies":[{"name":"wp","href":"https:\/\/api.w.org\/{rel}","templated":true}]}}