{"id":26049,"date":"2023-07-27T03:27:00","date_gmt":"2023-07-27T01:27:00","guid":{"rendered":"https:\/\/staging.praxas.com\/product\/unkategorisiert\/drahtloser-alarm-tp\/"},"modified":"2025-10-08T18:13:35","modified_gmt":"2025-10-08T16:13:35","slug":"drahtloser-alarm-tp","status":"publish","type":"product","link":"https:\/\/praxas.com\/de\/product\/drahtlose-alarmsensoren\/temperatur\/drahtloser-alarm-tp\/","title":{"rendered":"Drahtloser Alert-TP"},"content":{"rendered":"<p>Wireless Alert TP misst Temperaturen zwischen -40\u00b0C (-40\u00b0F) und 125\u00b0C (257\u00b0F). Es benachrichtigt den Benutzer per E-Mail, wenn die Temperatur die vom Benutzer eingestellten Grenzwerte \u00fcberschreitet, und wenn die Temperatur wieder innerhalb dieser Grenzen liegt.<\/p>\n<p>Die Einrichtung k\u00f6nnte nicht einfacher sein. Folgen Sie einfach der Schritt-f\u00fcr-Schritt-Anleitung in der kostenlosen Wireless Alert Mobile App (verf\u00fcgbar auf <strong><br \/>\n  <a href=\"https:\/\/play.google.com\/store\/apps\/details?id=com.wirelessalert&amp;hl=en\" target=\"_blank\" rel=\"noopener\">Google Play<\/a><br \/>\n<\/strong> und im <strong><br \/>\n  <a href=\"https:\/\/apps.apple.com\/us\/app\/wireless-alert\/id1480385262\" target=\"_blank\" rel=\"noopener\">App Store<\/a><br \/>\n<\/strong>). W\u00e4hrend der Einrichtung kann der Benutzer eine Kontakt-E-Mail-Adresse eingeben und Grenzwerte f\u00fcr hohe und\/oder niedrige Temperaturen konfigurieren. Sobald das Ger\u00e4t Temperaturen au\u00dferhalb der voreingestellten Grenzwerte feststellt, wird eine E-Mail-Benachrichtigung an die konfigurierte Adresse gesendet und eine LED-Anzeige blinkt auf dem Ger\u00e4t, so dass alle anwesenden Personen visuell informiert werden.<\/p>\n<p>Das Ergebnis: Es k\u00f6nnen schnell Korrekturma\u00dfnahmen ergriffen werden, um das Temperaturproblem zu beheben, Sch\u00e4den an temperaturempfindlichen Materialien zu verhindern oder den Komfort der Hausbewohner zu gew\u00e4hrleisten.<\/p>\n<p>Das Ger\u00e4t kann au\u00dferdem t\u00e4glich\/w\u00f6chentlich\/monatlich (vom Benutzer ausw\u00e4hlbar) geplante zusammenfassende Berichte versenden, in denen die Mindest-, H\u00f6chst- und Durchschnittstemperaturen sowie der Batteriestand, die Anzahl der gesendeten Benachrichtigungen und die Gesamtzeit im Alarmmodus aufgef\u00fchrt sind.<\/p>\n","protected":false},"excerpt":{"rendered":"<p>Temperatur\u00fcberwachung mit E-Mail-Benachrichtigung<\/p>\n","protected":false},"featured_media":26050,"template":"","meta":{"_acf_changed":false,"content-type":"","_uag_custom_page_level_css":""},"product_brand":[],"product_cat":[983],"product_tag":[1026,987,990,985],"class_list":{"0":"post-26049","1":"product","2":"type-product","3":"status-publish","4":"has-post-thumbnail","6":"product_cat-temperatur","7":"product_tag-drahtlos-alarm","8":"product_tag-externe-sonde-de","9":"product_tag-thermistor-de","10":"product_tag-wifi-de","12":"first","13":"instock","14":"taxable","15":"shipping-taxable","16":"purchasable","17":"product-type-simple"},"bundled_by":[],"bundle_stock_status":"instock","bundle_stock_quantity":83,"bundle_virtual":false,"bundle_layout":"","bundle_add_to_cart_form_location":"","bundle_editable_in_cart":false,"bundle_sold_individually_context":"","bundle_item_grouping":"","bundle_min_size":"","bundle_max_size":"","bundle_price":[],"bundled_items":[],"bundle_sell_ids":[],"acf":[],"spectra_custom_meta":{"_wcml_average_rating":[null],"_wcml_review_count":[null],"_wcml_rating_count":[null],"_download_limit":["-1","-1"],"_download_expiry":["-1","-1"],"_downloadable":["no","no"],"_sku":["Wireless Alert TP","Wireless Alert TP"],"_stock_status":["instock","instock","instock"],"_sold_individually":["no","no"],"_tax_class":["",""],"_tax_status":["taxable","taxable"],"_virtual":["no","no"],"_weight":["0"],"_width":["0"],"_height":["0"],"_length":["0","0"],"total_sales":["24","24"],"product_datasheet":["10330"],"_product_datasheet":["field_650ad7d6ea3a0"],"connectivity":["WiFi","WiFi"],"_connectivity":["field_64dce263bb57c","field_64dce263bb57c"],"brand":["EasyLog","EasyLog"],"_brand":["field_64ddf62ed2593","field_64ddf62ed2593"],"brand_image":[""],"_brand_image":["field_650c5e7c84cae"],"_specifications_table":["field_65044e1db92a8"],"_display_data_alarm":["field_667d647bcb066"],"_resources":["field_650849c6945ee"],"_accessories":["field_650849e6945f0","field_650849e6945f0"],"_faqs":["field_650859523d8d5"],"_calibration_suitable_ids_gb":["field_654b4c4acb54a"],"_calibration_suitable_ids_us":["field_654b4c56cb54b"],"_show_in_calibration_suitable":["field_654cfb691d345"],"_usd_price_4":["field_651570dcac479"],"_usd_price_9":["field_6515713eb4807"],"_usd_price_24":["field_65157141b4809"],"_usd_price_49":["field_65157140b4808"],"_usd_price_99":["field_6515715bb480a"],"_gbp_price_4":["field_6515716e83bfa"],"_gbp_price_9":["field_6515724783bfb"],"_gbp_price_24":["field_6515724b83bfc"],"_gbp_price_49":["field_6515725983bfd"],"_gbp_price_99":["field_6515725d83bfe"],"_usdhk_price_4":["field_6515726f83bff"],"_usdhk_price_9":["field_6515727c83c00"],"_usdhk_price_24":["field_6515728083c01"],"_usdhk_price_49":["field_6515728983c02"],"_usdhk_price_99":["field_6515728e83c03"],"stock_options":["In stock"],"_stock_options":["field_6544b605dc7f9"],"_top_nav_excluded":[""],"_cms_nav_minihome":[""],"wcml_sync_hash":["a:1:{s:15:\"postmeta_fields\";s:32:\"ff671f1300ac9f04f06877e3d01a4300\";}"],"attr_label_translations":["a:0:{}"],"_product_attributes":["a:2:{s:16:\"pa_product-brand\";a:6:{s:4:\"name\";s:16:\"pa_product-brand\";s:5:\"value\";s:0:\"\";s:8:\"position\";i:0;s:10:\"is_visible\";i:1;s:12:\"is_variation\";i:0;s:11:\"is_taxonomy\";i:1;}s:19:\"pa_product-features\";a:6:{s:4:\"name\";s:19:\"pa_product-features\";s:5:\"value\";s:0:\"\";s:8:\"position\";i:1;s:10:\"is_visible\";i:1;s:12:\"is_variation\";i:0;s:11:\"is_taxonomy\";i:1;}}"],"_product_image_gallery":["26051,26052,26053,26054,26055"],"_thumbnail_id":["26050"],"_crosssell_ids":["a:0:{}"],"_stock":["83.000000"],"_last_translation_edit_mode":["translation-editor"],"_calibration":["field_66a0ddd599972"],"_other_features":["field_668524f8c98a4"],"_shipping":["field_66852535c98a5"],"_refrigerant_cabinet":["field_66852557c98a6"],"_main_specifications":["field_66855b25b1245"],"_backorders":["no","no"],"_manage_stock":["no","no"],"min_temp":["-40"],"max_temp":["125"],"_min_temp":["field_67ea5eb4e0a77"],"_max_temp":["field_67ea5f81e0a79"],"_wpml_word_count":["259"],"rank_math_primary_product_cat":["143","143"],"_regular_price":["40.02","40.02"],"_price":["40.02","40.02"],"rank_math_title":["Wireless Alert TP | Temperatursensor mit Sonde | Praxas"],"rank_math_description":["Der Wireless Alert TP misst Temperaturen zwischen -40\u00b0C und 125\u00b0C. Es benachrichtigt den Benutzer per E-Mail, wenn die Temperatur die vom Benutzer eingestellten Grenzen \u00fcberschreitet und zur\u00fcckkehrt."],"rank_math_focus_keyword":["Drahtloser Alarm TP"],"specifications_table":["<table class=\"specifications\">\n<tbody>\n<tr class=\"even-row\">\n<td class=\"left-td\">Messbereich<\/td>\n<td>\n<div class=\"product-specification__value col-m-6\">-40 bis +125\u00b0C<\/div>\n<div class=\"product-specification__value col-m-6\">-40 bis +257\u00b0F<\/div><\/td>\n<\/tr>\n<tr class=\"odd-row\">\n<td class=\"left-td\">Betriebstemperatur des Ger\u00e4ts<\/td>\n<td>\n<div class=\"product-specification__value col-m-6\">-18 bis +55\u00b0C<\/div>\n<div>-0 bis +131\u00b0F<\/div><\/td>\n<\/tr>\n<tr class=\"even-row\">\n<td class=\"left-td\">Aufl\u00f6sung der Messung<\/td>\n<td>\n<div class=\"product-specification__value col-m-6\">1\u00b0C<\/div>\n<div>1\u00b0F<\/div><\/td>\n<\/tr>\n<tr class=\"odd-row\">\n<td class=\"left-td\">Messgenauigkeit<\/td>\n<td>\n<div class=\"product-specification__value col-m-6\">\u00b11\u00b0C (-40 bis +80\u00b0C)<\/div>\n<div>\u00b12\u00b0F (-40 bis +176\u00b0F)<\/div><\/td>\n<\/tr>\n<tr class=\"even-row\">\n<td class=\"left-td\">Reaktionszeit<\/td>\n<td><1 Minute<\/td>\n<\/tr>\n<tr class=\"odd-row\">\n<td class=\"left-td\">\n<div class=\"product-specification__value col-m-6\">Umweltbedingungen<\/div><\/td>\n<td>Ger\u00e4t: nur f\u00fcr den Innenbereich (IP5X)\nSonde: wasserdicht (IP67)<\/td>\n<\/tr>\n<tr class=\"even-row\">\n<td class=\"left-td\">\n<div class=\"product-specification__value col-m-6\">Sondenl\u00e4nge<\/div><\/td>\n<td>1.5m<\/td>\n<\/tr>\n<tr class=\"odd-row\">\n<td class=\"left-td\">Produktabmessungen (ohne Sonde)<\/td>\n<td>\n<div class=\"product-specification__value col-m-6\">69 x 32 x 22 mm<\/div>\n<div>2,7 x 1,3 x 0,9 Zoll<\/div><\/td>\n<\/tr>\n<tr class=\"even-row\">\n<td class=\"left-td\">Batterie Typ<\/td>\n<td>\n<div class=\"product-specification__value col-m-6\">2 1,5V Alkaline LR03\/UM4\/AAA<\/div><\/td>\n<\/tr>\n<tr class=\"odd-row\">\n<td class=\"left-td\">Lebensdauer der Batterie<\/td>\n<td>2 Jahre<\/td>\n<\/tr>\n<\/tbody>\n<\/table>"],"resources":["<ul class=\"resources-list\">\n \t<li><img src=\"https:\/\/praxas.com\/wp-content\/uploads\/document-icon.png\" alt=\"Dokument-Symbol\"><a href=\"https:\/\/praxas.com\/wp-content\/uploads\/wireless-alert_tp_datasheet_issue_5_30-09-2020.pdf\" target=\"_blank\" rel=\"noopener\">Datenblatt Wireless Alert TP<\/a><\/li>\n \t<li><img src=\"https:\/\/praxas.com\/wp-content\/uploads\/document-icon.png\" alt=\"Dokument-Symbol\">\n<a href=\"https:\/\/praxas.com\/wp-content\/uploads\/wireless-alert-qsg.pdf\" target=\"_blank\" rel=\"noopener\">Wireless Alert Schnellstartanleitung<\/a><\/li>\n \t<li><img src=\"https:\/\/praxas.com\/wp-content\/uploads\/document-icon.png\" alt=\"Dokument-Symbol\"><a href=\"https:\/\/praxas.com\/wp-content\/uploads\/wireless_alert_doc_iss296137wireless_alert_doc_iss2.pdf\" target=\"_blank\" rel=\"noopener\">Wireless Alert Konformit\u00e4tserkl\u00e4rung<\/a><\/li>\n<\/ul>\n\u00a0"],"accessories":["<!-- Fridge Install Kit-TPTemperature Probe Installation Pack -->\n\n[products skus=\"Fridge Install Kit-TP\"]","<!-- Fridge Install Kit-TPTemperature Probe Installation Pack -->\n\n[products skus=\"Fridge Install Kit-TP\"]"],"show_in_calibration_suitable":["1"],"usd_price_4":["0.00"],"usd_price_9":["0.00"],"usd_price_24":["0.00"],"usd_price_49":["0.00"],"usd_price_99":["0.00"],"gbp_price_4":["0.00"],"gbp_price_9":["0.00"],"gbp_price_24":["31.05"],"gbp_price_49":["0.00"],"gbp_price_99":["27.60"],"usdhk_price_4":["0.00"],"usdhk_price_9":["0.00"],"usdhk_price_24":["42.29"],"usdhk_price_49":["0.00"],"usdhk_price_99":["37.59"],"_uag_page_assets":["a:9:{s:3:\"css\";s:0:\"\";s:2:\"js\";s:0:\"\";s:18:\"current_block_list\";a:0:{}s:8:\"uag_flag\";b:0;s:11:\"uag_version\";s:10:\"1776966156\";s:6:\"gfonts\";a:0:{}s:10:\"gfonts_url\";s:0:\"\";s:12:\"gfonts_files\";a:0:{}s:14:\"uag_faq_layout\";b:0;}"],"hubwoo_ecomm_pro_id":["2696737432"],"_max_variation_price":[""],"_max_variation_regular_price":[""],"_max_variation_sale_price":[""],"_min_variation_price":[""],"_min_variation_regular_price":[""],"_min_variation_sale_price":[""],"_sale_price":[""],"_wc_pb_base_regular_price":[""],"_wc_pb_base_sale_price":[""],"_wc_pb_base_price":[""],"_wc_sw_max_price":[""],"_wc_sw_max_regular_price":[""],"_wc_rating_count":[""],"_wc_review_count":[""],"_wc_average_rating":[0]},"uagb_featured_image_src":{"full":["https:\/\/praxas.com\/wp-content\/uploads\/Wireless_Alert-TP-Straight-no-light.png",800,463,false],"thumbnail":["https:\/\/praxas.com\/wp-content\/uploads\/Wireless_Alert-TP-Straight-no-light-150x150.png",150,150,true],"medium":["https:\/\/praxas.com\/wp-content\/uploads\/Wireless_Alert-TP-Straight-no-light-300x174.png",300,174,true],"medium_large":["https:\/\/praxas.com\/wp-content\/uploads\/Wireless_Alert-TP-Straight-no-light-768x444.png",768,444,true],"large":["https:\/\/praxas.com\/wp-content\/uploads\/Wireless_Alert-TP-Straight-no-light.png",800,463,false],"1536x1536":["https:\/\/praxas.com\/wp-content\/uploads\/Wireless_Alert-TP-Straight-no-light.png",800,463,false],"2048x2048":["https:\/\/praxas.com\/wp-content\/uploads\/Wireless_Alert-TP-Straight-no-light.png",800,463,false],"crunchify-admin-post-featured-image":["https:\/\/praxas.com\/wp-content\/uploads\/Wireless_Alert-TP-Straight-no-light-120x69.png",120,69,true],"commercegurus-pdp-large":["https:\/\/praxas.com\/wp-content\/uploads\/Wireless_Alert-TP-Straight-no-light.png",800,463,false],"commercegurus-plp-mobile":["https:\/\/praxas.com\/wp-content\/uploads\/Wireless_Alert-TP-Straight-no-light-441x255.png",441,255,true],"cgkit_image_swatch":["https:\/\/praxas.com\/wp-content\/uploads\/Wireless_Alert-TP-Straight-no-light-100x100.png",100,100,true],"woocommerce_thumbnail":["https:\/\/praxas.com\/wp-content\/uploads\/Wireless_Alert-TP-Straight-no-light-300x174.png",300,174,true],"woocommerce_single":["https:\/\/praxas.com\/wp-content\/uploads\/Wireless_Alert-TP-Straight-no-light.png",800,463,false],"woocommerce_gallery_thumbnail":["https:\/\/praxas.com\/wp-content\/uploads\/Wireless_Alert-TP-Straight-no-light-150x87.png",150,87,true]},"uagb_author_info":{"display_name":"AndyS","author_link":"https:\/\/praxas.com\/de\/author\/"},"uagb_comment_info":0,"uagb_excerpt":"Temperatur\u00fcberwachung mit E-Mail-Benachrichtigung","_links":{"self":[{"href":"https:\/\/praxas.com\/de\/wp-json\/wp\/v2\/product\/26049","targetHints":{"allow":["GET"]}}],"collection":[{"href":"https:\/\/praxas.com\/de\/wp-json\/wp\/v2\/product"}],"about":[{"href":"https:\/\/praxas.com\/de\/wp-json\/wp\/v2\/types\/product"}],"wp:featuredmedia":[{"embeddable":true,"href":"https:\/\/praxas.com\/de\/wp-json\/wp\/v2\/media\/26050"}],"wp:attachment":[{"href":"https:\/\/praxas.com\/de\/wp-json\/wp\/v2\/media?parent=26049"}],"wp:term":[{"taxonomy":"product_brand","embeddable":true,"href":"https:\/\/praxas.com\/de\/wp-json\/wp\/v2\/product_brand?post=26049"},{"taxonomy":"product_cat","embeddable":true,"href":"https:\/\/praxas.com\/de\/wp-json\/wp\/v2\/product_cat?post=26049"},{"taxonomy":"product_tag","embeddable":true,"href":"https:\/\/praxas.com\/de\/wp-json\/wp\/v2\/product_tag?post=26049"}],"curies":[{"name":"wp","href":"https:\/\/api.w.org\/{rel}","templated":true}]}}