{"id":26147,"date":"2023-08-25T16:44:48","date_gmt":"2023-08-25T14:44:48","guid":{"rendered":"https:\/\/staging.praxas.com\/product\/unkategorisiert\/el-usb-5\/"},"modified":"2025-10-08T18:08:02","modified_gmt":"2025-10-08T16:08:02","slug":"el-usb-5","status":"publish","type":"product","link":"https:\/\/praxas.com\/de\/product\/datenlogger\/ereignis-anzahl-staat\/el-usb-5\/","title":{"rendered":"EL-USB-5"},"content":{"rendered":"<p>Dieser eigenst\u00e4ndige Datenlogger kann bis zu 32.510 Ereignisse, Zustands\u00e4nderungen und Z\u00e4hlereignisse aufzeichnen. Schnelle Protokollierungsraten erm\u00f6glichen die Erfassung von Ereignissen mit einer Geschwindigkeit von bis zu vier Mal pro Sekunde und von Zustands\u00e4nderungen mit einer Geschwindigkeit von bis zu zwei Mal pro Sekunde. Die Ereignisz\u00e4hlung kann mit einer Geschwindigkeit von bis zu 100 Mal pro Sekunde erfolgen (wenn die LEDs ausgeschaltet sind). Der Datenlogger wird mit einer Kappe geliefert, die ein Paar Schraubklemmen und Messleitungen mit Krokodilklemmen enth\u00e4lt. Sie k\u00f6nnen den Logger ganz einfach einrichten und die heruntergeladenen Daten anzeigen, indem Sie das Ger\u00e4t an den USB-Anschluss eines PCs anschlie\u00dfen und die kostenlose EasyLog-Software verwenden. Die Daten k\u00f6nnen dann grafisch dargestellt, gedruckt und f\u00fcr eine detaillierte Analyse in andere Anwendungen exportiert werden. Wird mit \u00bdAA-Batterie und Wandhalterung geliefert.<\/p>\n<p><strong>BITTE BEACHTEN SIE:<\/strong> Sie k\u00f6nnen bis zu ZWEI ERSATZBATTERIEN f\u00fcr jeden bestellten Datenlogger hinzuf\u00fcgen. Wenn Sie mehr als diese Menge bestellen m\u00f6chten, wenden Sie sich bitte an Ihr<strong><br \/>\n  <a href=\"https:\/\/praxas.com\/de\/kontaktieren-sie-uns\/\"> Vertriebsb\u00fcro vor Ort<\/a><br \/>\n<\/strong> f\u00fcr spezielle Versandinformationen.<\/p>\n","protected":false},"excerpt":{"rendered":"<p>Ereignis-, Z\u00e4hl- und Zustandsdatenlogger mit USB<\/p>\n","protected":false},"featured_media":26148,"template":"","meta":{"_acf_changed":false,"content-type":"","_uag_custom_page_level_css":""},"product_brand":[],"product_cat":[1028],"product_tag":[2432,1016],"class_list":{"0":"post-26147","1":"product","2":"type-product","3":"status-publish","4":"has-post-thumbnail","6":"product_cat-ereignis-anzahl-staat","7":"product_tag-easylog","8":"product_tag-usb-de","10":"first","11":"instock","12":"taxable","13":"shipping-taxable","14":"purchasable","15":"product-type-simple"},"bundled_by":[],"bundle_stock_status":"instock","bundle_stock_quantity":76,"bundle_virtual":false,"bundle_layout":"","bundle_add_to_cart_form_location":"","bundle_editable_in_cart":false,"bundle_sold_individually_context":"","bundle_item_grouping":"","bundle_min_size":"","bundle_max_size":"","bundle_price":[],"bundled_items":[],"bundle_sell_ids":[],"acf":[],"spectra_custom_meta":{"_wcml_average_rating":[null],"_wcml_review_count":[null],"_wcml_rating_count":[null],"_download_limit":["-1","-1"],"_download_expiry":["-1","-1"],"_downloadable":["no","no"],"_sku":["EL-USB-5","EL-USB-5"],"_stock_status":["instock","instock","instock"],"_sold_individually":["no","no"],"_tax_class":["",""],"_tax_status":["taxable","taxable"],"_virtual":["no","no"],"_weight":["0.094"],"_width":["0"],"_height":["0"],"_length":["0","0"],"total_sales":["24","24"],"product_datasheet":["10647"],"_product_datasheet":["field_650ad7d6ea3a0"],"_connectivity":["field_64dce263bb57c","field_64dce263bb57c"],"brand":["EasyLog","EasyLog"],"_brand":["field_64ddf62ed2593","field_64ddf62ed2593"],"brand_image":["10467"],"_brand_image":["field_650c5e7c84cae"],"_specifications_table":["field_65044e1db92a8"],"_display_data_alarm":["field_667d647bcb066"],"_resources":["field_650849c6945ee"],"_accessories":["field_650849e6945f0","field_650849e6945f0"],"_faqs":["field_650859523d8d5"],"_calibration_suitable_ids_gb":["field_654b4c4acb54a"],"_calibration_suitable_ids_us":["field_654b4c56cb54b"],"_show_in_calibration_suitable":["field_654cfb691d345"],"_usd_price_4":["field_651570dcac479"],"_usd_price_9":["field_6515713eb4807"],"_usd_price_24":["field_65157141b4809"],"_usd_price_49":["field_65157140b4808"],"_usd_price_99":["field_6515715bb480a"],"_gbp_price_4":["field_6515716e83bfa"],"_gbp_price_9":["field_6515724783bfb"],"_gbp_price_24":["field_6515724b83bfc"],"_gbp_price_49":["field_6515725983bfd"],"_gbp_price_99":["field_6515725d83bfe"],"_usdhk_price_4":["field_6515726f83bff"],"_usdhk_price_9":["field_6515727c83c00"],"_usdhk_price_24":["field_6515728083c01"],"_usdhk_price_49":["field_6515728983c02"],"_usdhk_price_99":["field_6515728e83c03"],"stock_options":["In stock"],"_stock_options":["field_6544b605dc7f9"],"_top_nav_excluded":[""],"_cms_nav_minihome":[""],"wcml_sync_hash":["a:1:{s:15:\"postmeta_fields\";s:32:\"23333f937733261f8bedcf38dbfba601\";}"],"attr_label_translations":["a:0:{}"],"_product_attributes":["a:1:{s:16:\"pa_product-brand\";a:6:{s:4:\"name\";s:16:\"pa_product-brand\";s:5:\"value\";s:0:\"\";s:8:\"position\";i:0;s:10:\"is_visible\";i:1;s:12:\"is_variation\";i:0;s:11:\"is_taxonomy\";i:1;}}"],"_product_image_gallery":["26149,26150,26151,26152,26153"],"_thumbnail_id":["26148"],"_crosssell_ids":["a:0:{}"],"_stock":["76.000000"],"_last_translation_edit_mode":["translation-editor"],"_backorders":["no","no"],"_manage_stock":["no","no"],"_calibration":["field_66a0ddd599972"],"_other_features":["field_668524f8c98a4"],"_shipping":["field_66852535c98a5"],"_refrigerant_cabinet":["field_66852557c98a6"],"_main_specifications":["field_66855b25b1245"],"min_temp":[""],"max_temp":[""],"_min_temp":["field_67ea5eb4e0a77"],"_max_temp":["field_67ea5f81e0a79"],"_wpml_word_count":["220"],"rank_math_primary_product_cat":["0","0"],"connectivity":["USB","USB"],"_global_unique_id":["5056744400953"],"rank_math_title":["EL-USB-5 | Ereignis-, Z\u00e4hl- und Status-USB-Datenlogger | Lascar"],"rank_math_description":["Der USB-Datenlogger EasyLog EL-USB-5 von Lascar kann bis zu 32.510 Ereignisse, Zustands\u00e4nderungen und Z\u00e4hlereignisse aufzeichnen. Die Daten k\u00f6nnen \u00fcber die EasyLog App heruntergeladen werden!"],"rank_math_focus_keyword":["EL-USB-5"],"specifications_table":["<table class=\"specifications\">\n<tbody>\n<tr class=\"even-row\">\n<td class=\"left-td\">Maximale Ereignis-\/Zustands\u00e4nderungsfrequenz<\/td>\n<td>2Hz<\/td>\n<\/tr>\n<tr class=\"odd-row\">\n<td class=\"left-td\">Maximale Anzahl \/ Anzahl pro Frequenz<\/td>\n<td>100Hz<\/td>\n<\/tr>\n<tr class=\"even-row\">\n<td class=\"left-td\">Minimale Zeit im Zustand<\/td>\n<td>100ms<\/td>\n<\/tr>\n<tr class=\"odd-row\">\n<td class=\"left-td\">Eingangsspannungsbereich<\/td>\n<td>3 bis 28V d.c.<\/td>\n<\/tr>\n<tr class=\"even-row\">\n<td class=\"left-td\">Lebensdauer der Batterie<\/td>\n<td>1 Jahr<\/td>\n<\/tr>\n<\/tbody>\n<\/table>"],"resources":["<ul class=\"resources-list\">\n \t<li><img src=\"https:\/\/praxas.com\/wp-content\/uploads\/document-icon.png\" alt=\"Dokument-Symbol\"><a href=\"https:\/\/praxas.com\/wp-content\/uploads\/easylog-data-logger-el-usb-5_iss18_02-21.pdf\" target=\"_blank\" rel=\"noopener\">EL-USB-5 Datenblatt<\/a><\/li>\n \t<li><img src=\"https:\/\/praxas.com\/wp-content\/uploads\/software-icon.png\" alt=\"Software-Symbol\"><a href=\"https:\/\/praxas.com\/software\/easylog-software\/easylog-usb\/\" target=\"_blank\" rel=\"noopener\">EasyLog USB Software<\/a><\/li>\n \t<li><img src=\"https:\/\/praxas.com\/wp-content\/uploads\/document-icon.png\" alt=\"Dokument-Symbol\"><a href=\"https:\/\/praxas.com\/wp-content\/uploads\/easylog-usb_quick-start-guide_iss12_singlepage-05_2018.pdf\" target=\"_blank\" rel=\"noopener\">EasyLog USB Schnellstartanleitung<\/a><\/li>\n \t<li><img src=\"https:\/\/praxas.com\/wp-content\/uploads\/document-icon.png\" alt=\"Dokument-Symbol\"><a href=\"https:\/\/praxas.com\/wp-content\/uploads\/el-usb-range-includes-el-gfx-range-troubleshooting.pdf\" target=\"_blank\" rel=\"noopener\">EL-USB Reichweite Fehlersuche<\/a><\/li>\n \t<li><img src=\"https:\/\/praxas.com\/wp-content\/uploads\/video-icon-orange.png\" alt=\"Video-Symbol\"><a href=\"https:\/\/www.youtube.com\/playlist?list=PL_yZedoZ_7MqFFU3keWRD0tO46uMTbvcL\" target=\"_blank\" rel=\"noopener\">Tutorial-Videos<\/a><\/li>\n \t<li><img src=\"https:\/\/praxas.com\/wp-content\/uploads\/document-icon.png\" alt=\"Dokument-Symbol\"><a href=\"https:\/\/praxas.com\/wp-content\/uploads\/Declaration-of-Conformity_EasyLog_iss1-Indonesia.pdf\" target=\"_blank\" rel=\"noopener\">EL-USB-5 Konformit\u00e4tserkl\u00e4rung<\/a><\/li>\n<\/ul>\n<a class=\"button button-secondary\" href=\"https:\/\/praxas.com\/support\/\">Mehr Unterst\u00fctzung<\/a>"],"accessories":["[products skus=\"BAT 3V6 1\/2AA,USB-CAP-5\"]","[products skus=\"BAT 3V6 1\/2AA,USB-CAP-5\"]"],"faqs":["<span class=\"ui-provider bge bgf bgd bgg bgh bgi bgj bgk bgl bgm bgn bgo bgp bgq bgr bgs bgt bgu bgv bgw bgx bgy bgz bha bhb bhc bhd bhe bhf bhg bhh bhi bhj bhk bhl\" dir=\"ltr\">[accordion]\n[accordion_header]Wie lange h\u00e4lt die Batterie in meinem Datenlogger?[\/accordion_header]\n[accordion_section]Die Batterielebensdauer h\u00e4ngt von Ihrem Logger und der Einstellung ab. Auf dem Datenblatt Ihres Produkts k\u00f6nnen Sie die Batterielebensdauer in der Tabelle mit den technischen Daten sehen.[\/accordion_section]\n[\/accordion]<\/span>"],"usd_price_4":["0.00"],"usd_price_9":["0.00"],"usd_price_24":["0.00"],"usd_price_49":["0.00"],"usd_price_99":["0.00"],"gbp_price_4":["0.00"],"gbp_price_9":["0.00"],"gbp_price_24":["53.99"],"gbp_price_49":["0.00"],"gbp_price_99":["47.99"],"usdhk_price_4":["0.00"],"usdhk_price_9":["0.00"],"usdhk_price_24":["71.99"],"usdhk_price_49":["0.00"],"usdhk_price_99":["63.99"],"_uag_page_assets":["a:9:{s:3:\"css\";s:0:\"\";s:2:\"js\";s:0:\"\";s:18:\"current_block_list\";a:0:{}s:8:\"uag_flag\";b:0;s:11:\"uag_version\";s:10:\"1775742760\";s:6:\"gfonts\";a:0:{}s:10:\"gfonts_url\";s:0:\"\";s:12:\"gfonts_files\";a:0:{}s:14:\"uag_faq_layout\";b:0;}"],"_regular_price":["78.05","78.05"],"_price":["78.05","78.05"],"hubwoo_ecomm_pro_id":["25312570289"],"_max_variation_price":[""],"_max_variation_regular_price":[""],"_max_variation_sale_price":[""],"_min_variation_price":[""],"_min_variation_regular_price":[""],"_min_variation_sale_price":[""],"_sale_price":[""],"_wc_pb_base_regular_price":[""],"_wc_pb_base_sale_price":[""],"_wc_pb_base_price":[""],"_wc_sw_max_price":[""],"_wc_sw_max_regular_price":[""],"_wc_rating_count":[""],"_wc_review_count":[""],"_wc_average_rating":[0]},"uagb_featured_image_src":{"full":["https:\/\/praxas.com\/wp-content\/uploads\/easylog-data-logger-EL-USB-5-Angle-Lid-On.png",800,463,false],"thumbnail":["https:\/\/praxas.com\/wp-content\/uploads\/easylog-data-logger-EL-USB-5-Angle-Lid-On-150x150.png",150,150,true],"medium":["https:\/\/praxas.com\/wp-content\/uploads\/easylog-data-logger-EL-USB-5-Angle-Lid-On-300x174.png",300,174,true],"medium_large":["https:\/\/praxas.com\/wp-content\/uploads\/easylog-data-logger-EL-USB-5-Angle-Lid-On-768x444.png",768,444,true],"large":["https:\/\/praxas.com\/wp-content\/uploads\/easylog-data-logger-EL-USB-5-Angle-Lid-On.png",800,463,false],"1536x1536":["https:\/\/praxas.com\/wp-content\/uploads\/easylog-data-logger-EL-USB-5-Angle-Lid-On.png",800,463,false],"2048x2048":["https:\/\/praxas.com\/wp-content\/uploads\/easylog-data-logger-EL-USB-5-Angle-Lid-On.png",800,463,false],"crunchify-admin-post-featured-image":["https:\/\/praxas.com\/wp-content\/uploads\/easylog-data-logger-EL-USB-5-Angle-Lid-On-120x69.png",120,69,true],"commercegurus-pdp-large":["https:\/\/praxas.com\/wp-content\/uploads\/easylog-data-logger-EL-USB-5-Angle-Lid-On.png",800,463,false],"commercegurus-plp-mobile":["https:\/\/praxas.com\/wp-content\/uploads\/easylog-data-logger-EL-USB-5-Angle-Lid-On-441x255.png",441,255,true],"cgkit_image_swatch":["https:\/\/praxas.com\/wp-content\/uploads\/easylog-data-logger-EL-USB-5-Angle-Lid-On-100x100.png",100,100,true],"woocommerce_thumbnail":["https:\/\/praxas.com\/wp-content\/uploads\/easylog-data-logger-EL-USB-5-Angle-Lid-On-300x174.png",300,174,true],"woocommerce_single":["https:\/\/praxas.com\/wp-content\/uploads\/easylog-data-logger-EL-USB-5-Angle-Lid-On.png",800,463,false],"woocommerce_gallery_thumbnail":["https:\/\/praxas.com\/wp-content\/uploads\/easylog-data-logger-EL-USB-5-Angle-Lid-On-150x87.png",150,87,true]},"uagb_author_info":{"display_name":"AndyS","author_link":"https:\/\/praxas.com\/de\/author\/"},"uagb_comment_info":0,"uagb_excerpt":"Ereignis-, Z\u00e4hl- und Zustandsdatenlogger mit USB","_links":{"self":[{"href":"https:\/\/praxas.com\/de\/wp-json\/wp\/v2\/product\/26147","targetHints":{"allow":["GET"]}}],"collection":[{"href":"https:\/\/praxas.com\/de\/wp-json\/wp\/v2\/product"}],"about":[{"href":"https:\/\/praxas.com\/de\/wp-json\/wp\/v2\/types\/product"}],"wp:featuredmedia":[{"embeddable":true,"href":"https:\/\/praxas.com\/de\/wp-json\/wp\/v2\/media\/26148"}],"wp:attachment":[{"href":"https:\/\/praxas.com\/de\/wp-json\/wp\/v2\/media?parent=26147"}],"wp:term":[{"taxonomy":"product_brand","embeddable":true,"href":"https:\/\/praxas.com\/de\/wp-json\/wp\/v2\/product_brand?post=26147"},{"taxonomy":"product_cat","embeddable":true,"href":"https:\/\/praxas.com\/de\/wp-json\/wp\/v2\/product_cat?post=26147"},{"taxonomy":"product_tag","embeddable":true,"href":"https:\/\/praxas.com\/de\/wp-json\/wp\/v2\/product_tag?post=26147"}],"curies":[{"name":"wp","href":"https:\/\/api.w.org\/{rel}","templated":true}]}}