{"id":26277,"date":"2023-07-27T03:21:00","date_gmt":"2023-07-27T01:21:00","guid":{"rendered":"https:\/\/staging.praxas.com\/product\/unkategorisiert\/sgd-43-a-rtc\/"},"modified":"2025-09-01T15:57:31","modified_gmt":"2025-09-01T13:57:31","slug":"sgd-43-a-rtc","status":"publish","type":"product","link":"https:\/\/praxas.com\/de\/product\/uncategorized-de\/sgd-43-a-rtc\/","title":{"rendered":"SGD 43-A-RTC"},"content":{"rendered":"<p>Der SGD 43-A-RTC ist ein auf der <strong>PanelPilotACE-Plattform<\/strong> basierender Laufzeitz\u00e4hler f\u00fcr die Schalttafelmontage. Das Produkt enth\u00e4lt ein 4,3-Zoll-Displaymodul mit kapazitivem Touchscreen.<\/p>\n<p>Die Benutzeroberfl\u00e4che besteht aus separaten Bildschirmen, auf denen Sie die Wartung, Reinigung oder Kalibrierung Ihrer Maschine oder Ihres Ger\u00e4ts planen k\u00f6nnen.<\/p>\n<p>Geben Sie einfach die ben\u00f6tigte Zeit f\u00fcr eine oder alle Servicearten ein und der Z\u00e4hler beginnt. Der Z\u00e4hler zeigt bei 80% der verstrichenen Zeit einen gelben Alarm und bei voller Zeit einen roten Alarm an.<\/p>\n<p><strong>Wichtige Merkmale:<\/strong><\/p>\n<ul>\n<li>Bis zu drei Terminplanungsoptionen<\/li>\n<li>Anpassungsoptionen verf\u00fcgbar<\/li>\n<li>PIN-gesch\u00fctzt f\u00fcr zus\u00e4tzliche Sicherheit<\/li>\n<\/ul>\n","protected":false},"excerpt":{"rendered":"<p>Panelmontierbarer Laufzeitz\u00e4hler<\/p>\n","protected":false},"featured_media":26278,"template":"","meta":{"_acf_changed":false,"content-type":"","_uag_custom_page_level_css":""},"product_brand":[],"product_cat":[2644],"product_tag":[1003],"class_list":{"0":"post-26277","1":"product","2":"type-product","3":"status-publish","4":"has-post-thumbnail","6":"product_cat-uncategorized-de","7":"product_tag-anzeige","9":"first","10":"instock","11":"taxable","12":"shipping-taxable","13":"purchasable","14":"product-type-simple"},"bundled_by":[],"bundle_stock_status":"instock","bundle_stock_quantity":100,"bundle_virtual":false,"bundle_layout":"","bundle_add_to_cart_form_location":"","bundle_editable_in_cart":false,"bundle_sold_individually_context":"","bundle_item_grouping":"","bundle_min_size":"","bundle_max_size":"","bundle_price":[],"bundled_items":[],"bundle_sell_ids":[],"acf":[],"spectra_custom_meta":{"_download_limit":["-1","-1"],"_download_expiry":["-1","-1"],"_downloadable":["no","no"],"_sku":["SGD 43-A-RTC","SGD 43-A-RTC"],"_stock_status":["instock","instock","instock"],"_sold_individually":["no","no"],"_tax_class":["",""],"_tax_status":["taxable","taxable"],"_virtual":["no","no"],"_weight":["1"],"_width":["0"],"_height":["0"],"_length":["0"],"total_sales":["0","0"],"_product_datasheet":["field_650ad7d6ea3a0"],"_connectivity":["field_64dce263bb57c"],"brand":["PanelPilot"],"_brand":["field_64ddf62ed2593"],"_brand_image":["field_650c5e7c84cae"],"_specifications_table":["field_65044e1db92a8"],"_resources":["field_650849c6945ee"],"_accessories":["field_650849e6945f0"],"_faqs":["field_650859523d8d5"],"_calibration_suitable_ids_gb":["field_654b4c4acb54a"],"_calibration_suitable_ids_us":["field_654b4c56cb54b"],"_show_in_calibration_suitable":["field_654cfb691d345"],"_usd_price_4":["field_651570dcac479"],"_usd_price_9":["field_6515713eb4807"],"_usd_price_24":["field_65157141b4809"],"_usd_price_49":["field_65157140b4808"],"_usd_price_99":["field_6515715bb480a"],"_gbp_price_4":["field_6515716e83bfa"],"_gbp_price_9":["field_6515724783bfb"],"_gbp_price_24":["field_6515724b83bfc"],"_gbp_price_49":["field_6515725983bfd"],"_gbp_price_99":["field_6515725d83bfe"],"_usdhk_price_4":["field_6515726f83bff"],"_usdhk_price_9":["field_6515727c83c00"],"_usdhk_price_24":["field_6515728083c01"],"_usdhk_price_49":["field_6515728983c02"],"_usdhk_price_99":["field_6515728e83c03"],"stock_options":["In stock"],"_stock_options":["field_6544b605dc7f9"],"_top_nav_excluded":[""],"_cms_nav_minihome":[""],"wcml_sync_hash":["a:1:{s:15:\"postmeta_fields\";s:32:\"824b85296bf0e50f3aeec652eb2621cd\";}"],"attr_label_translations":["a:0:{}"],"_product_image_gallery":["26279,26280,26281"],"_thumbnail_id":["26278"],"_crosssell_ids":["a:0:{}"],"_stock":["100.000000"],"_last_translation_edit_mode":["translation-editor"],"connectivity":[""],"_display_data_alarm":["field_667d647bcb066"],"_calibration":["field_66a0ddd599972"],"_shipping":["field_66852535c98a5"],"_refrigerant_cabinet":["field_66852557c98a6"],"_main_specifications":["field_66855b25b1245"],"_edit_lock":["1721918550:8383"],"classic-editor-remember":["classic-editor"],"rank_math_seo_score":["44"],"_edit_last":["8383"],"commercekit_gallery_layout":[""],"commercekit_disable_sticky_atc":["0"],"commercekit_wc_video_gallery":["a:0:{}"],"_rank_math_gtin_code":[""],"_wcml_average_rating":[null],"_wcml_review_count":[null],"_wcml_rating_count":[null],"_wc_average_rating":[0],"_wc_review_count":["0"],"_product_version":["9.1.2"],"display_data_alarm":[""],"calibration":[""],"accessories":[""],"calibration_suitable_ids_gb":[""],"calibration_suitable_ids_us":[""],"show_in_calibration_suitable":[""],"other_features":[""],"shipping":[""],"refrigerant_cabinet":[""],"main_specifications":[""],"shoptimizer_layout_pdp_short_description_position":["default"],"rank_math_primary_product_cat":["0"],"product_datasheet":["10466"],"brand_image":["10474"],"_wpml_media_duplicate":["1"],"_wpml_media_featured":["1"],"_backorders":["no","no"],"_manage_stock":["no","no"],"_wpml_word_count":["128"],"faqs":["<span class=\"ui-provider bge bgf bgd bgg bgh bgi bgj bgk bgl bgm bgn bgo bgp bgq bgr bgs bgt bgu bgv bgw bgx bgy bgz bha bhb bhc bhd bhe bhf bhg bhh bhi bhj bhk bhl\" dir=\"ltr\">[accordion]\n[accordion_header]Warum erkennt die PanelPilotACE Software mein Ger\u00e4t unter Windows 8 nicht?[\/accordion_header]\n[accordion_section]Dies ist ein Problem mit Windows 8 und erfordert, dass Sie die Durchsetzung von Treibersignaturen deaktivieren. Anweisungen dazu finden Sie in unserem <strong><a title=\"Installation des PanelPilot-Treibers unter Windows 8\" href=\"\/wp-content\/uploads\/installing_panelpilot_driver_windows8.pdf\" target=\"_blank\" rel=\"noopener\">Installation des Panel Pilot-Treibers unter Windows 8<\/a> <\/strong>Dokumentation.[\/accordion_section]\n[\/accordion]<\/span>\n\n<span class=\"ui-provider bge bgf bgd bgg bgh bgi bgj bgk bgl bgm bgn bgo bgp bgq bgr bgs bgt bgu bgv bgw bgx bgy bgz bha bhb bhc bhd bhe bhf bhg bhh bhi bhj bhk bhl\" dir=\"ltr\">[accordion]\n[accordion_header]Meine Uhr ist auf die falsche Zeit eingestellt. Wie stelle ich die Uhr ein?[\/accordion_header]\n[accordion_section]\u00d6ffnen Sie das PanelPilotACE Design Studio und schlie\u00dfen Sie Ihr Ger\u00e4t an. Wenn Ihr Ger\u00e4t korrekt verbunden ist, sollten Sie es in der Dropdown-Liste Ger\u00e4t oben rechts im Studio ausw\u00e4hlen k\u00f6nnen. Klicken Sie auf die Schaltfl\u00e4che rechts neben der Ger\u00e4teauswahl, die wie drei wei\u00dfe horizontale Linien aussieht. W\u00e4hlen Sie aus dem erscheinenden Dropdown-Men\u00fc \"Ger\u00e4tekonfiguration\". Aktivieren Sie dann das Kontrollk\u00e4stchen \"Echtzeituhr einstellen\" und stellen Sie sicher, dass die richtige Zeit ausgew\u00e4hlt ist (+1 bezieht sich auf GMT+1). Klicken Sie auf die Schaltfl\u00e4che Konfigurieren und die Anwendung wird aktualisiert.[\/accordion_section]\n[\/accordion]<\/span>\n\n<a class=\"button button-secondary\" href=\"\/support\/panelpilotace\/\">Mehr Unterst\u00fctzung<\/a>"],"usd_price_4":["0.00"],"usd_price_9":["0.00"],"usd_price_24":["0.00"],"usd_price_49":["0.00"],"usd_price_99":["0.00"],"gbp_price_4":["0.00"],"gbp_price_9":["0.00"],"gbp_price_24":["0.00"],"gbp_price_49":["0.00"],"gbp_price_99":["0.00"],"usdhk_price_4":["0.00"],"usdhk_price_9":["0.00"],"usdhk_price_24":["0.00"],"usdhk_price_49":["0.00"],"usdhk_price_99":["0.00"],"_regular_price":["238.09","238.09"],"_price":["238.09","238.09"],"min_temp":[""],"max_temp":[""],"_other_features_arctiko":[""],"_other_features":["field_686fa2aa98dce"],"_min_temp":["field_67ea5eb4e0a77"],"_max_temp":["field_67ea5f81e0a79"],"rank_math_title":["SGD-43-A-RTC | Panelmontierbarer Laufzeitz\u00e4hler | Praxas"],"rank_math_description":["Sorgen Sie f\u00fcr eine rechtzeitige Ger\u00e4teverwaltung mit dem SGD 43-A-RTC, einem am Bedienfeld montierten Laufzeitz\u00e4hler mit Touchscreen, anpassbaren Warnmeldungen und PIN-Sicherheit. Sind Sie bereit f\u00fcr ein Upgrade?"],"rank_math_focus_keyword":["SGD 43-A-RTC"],"specifications_table":["<table class=\"specifications\">\n<tbody>\n<tr class=\"even-row\">\n<td class=\"left-td\">Betriebstemperatur<\/td>\n<td>0 bis 40\u00b0C<\/td>\n<\/tr>\n<tr class=\"odd-row\">\n<td class=\"left-td\">Versorgungsspannung<\/td>\n<td>5 bis 30V d.c.<\/td>\n<\/tr>\n<tr class=\"even-row\">\n<td class=\"left-td\">Triggerspannung (am Ger\u00e4t eingestellt)<\/td>\n<td>30V d.c. (max)<\/td>\n<\/tr>\n<tr class=\"odd-row\">\n<td class=\"left-td\">Maximale Zeitplanung<\/td>\n<td>999 Stunden<\/td>\n<\/tr>\n<tr class=\"even-row\">\n<td class=\"left-td\">Alarmausgangsspannung (hoch)<\/td>\n<td>2,6 bis 3,3V<\/td>\n<\/tr>\n<tr class=\"odd-row\">\n<td class=\"left-td\">Alarmausgangsspannung (niedrig)<\/td>\n<td>0 bis 0,4 V<\/td>\n<\/tr>\n<tr class=\"even-row\">\n<td class=\"left-td\">Strom des Alarmausgangs<\/td>\n<td>10.0mA (max)<\/td>\n<\/tr>\n<\/tbody>\n<\/table>"],"resources":["<ul class=\"resources-list\">\n \t<li><img src=\"https:\/\/praxas.com\/wp-content\/uploads\/document-icon.png\" alt=\"Dokument-Symbol\"><a href=\"https:\/\/praxas.com\/wp-content\/uploads\/panelpilot-panel-instrument-sgd-43-a-rtc_iss1_09-20.pdf\" target=\"_blank\" rel=\"noopener\">SGD 43-A-RTC Datenblatt<\/a><\/li>\n \t<li><img src=\"https:\/\/praxas.com\/wp-content\/uploads\/document-icon.png\" alt=\"Dokument-Symbol\"><a href=\"https:\/\/praxas.com\/wp-content\/uploads\/SGD-43-ARTC_QSG_iss2_03-22.pdf\" target=\"_blank\" rel=\"noopener\">SGD 43-A-RTC Schnellstartanleitung<\/a><\/li>\n<\/ul>"],"_uag_page_assets":["a:9:{s:3:\"css\";s:0:\"\";s:2:\"js\";s:0:\"\";s:18:\"current_block_list\";a:0:{}s:8:\"uag_flag\";b:0;s:11:\"uag_version\";s:10:\"1777534559\";s:6:\"gfonts\";a:0:{}s:10:\"gfonts_url\";s:0:\"\";s:12:\"gfonts_files\";a:0:{}s:14:\"uag_faq_layout\";b:0;}"],"hubwoo_ecomm_pro_id":["2696633759"],"_max_variation_price":[""],"_max_variation_regular_price":[""],"_max_variation_sale_price":[""],"_min_variation_price":[""],"_min_variation_regular_price":[""],"_min_variation_sale_price":[""],"_sale_price":[""],"_wc_pb_base_regular_price":[""],"_wc_pb_base_sale_price":[""],"_wc_pb_base_price":[""],"_wc_sw_max_price":[""],"_wc_sw_max_regular_price":[""],"_wc_rating_count":[""]},"uagb_featured_image_src":{"full":["https:\/\/praxas.com\/wp-content\/uploads\/SGD-43A_3DModel-Sched.png",800,463,false],"thumbnail":["https:\/\/praxas.com\/wp-content\/uploads\/SGD-43A_3DModel-Sched-150x150.png",150,150,true],"medium":["https:\/\/praxas.com\/wp-content\/uploads\/SGD-43A_3DModel-Sched-300x174.png",300,174,true],"medium_large":["https:\/\/praxas.com\/wp-content\/uploads\/SGD-43A_3DModel-Sched-768x444.png",768,444,true],"large":["https:\/\/praxas.com\/wp-content\/uploads\/SGD-43A_3DModel-Sched.png",800,463,false],"1536x1536":["https:\/\/praxas.com\/wp-content\/uploads\/SGD-43A_3DModel-Sched.png",800,463,false],"2048x2048":["https:\/\/praxas.com\/wp-content\/uploads\/SGD-43A_3DModel-Sched.png",800,463,false],"crunchify-admin-post-featured-image":["https:\/\/praxas.com\/wp-content\/uploads\/SGD-43A_3DModel-Sched-120x69.png",120,69,true],"commercegurus-pdp-large":["https:\/\/praxas.com\/wp-content\/uploads\/SGD-43A_3DModel-Sched.png",800,463,false],"commercegurus-plp-mobile":["https:\/\/praxas.com\/wp-content\/uploads\/SGD-43A_3DModel-Sched-441x255.png",441,255,true],"cgkit_image_swatch":["https:\/\/praxas.com\/wp-content\/uploads\/SGD-43A_3DModel-Sched-100x100.png",100,100,true],"woocommerce_thumbnail":["https:\/\/praxas.com\/wp-content\/uploads\/SGD-43A_3DModel-Sched-300x174.png",300,174,true],"woocommerce_single":["https:\/\/praxas.com\/wp-content\/uploads\/SGD-43A_3DModel-Sched.png",800,463,false],"woocommerce_gallery_thumbnail":["https:\/\/praxas.com\/wp-content\/uploads\/SGD-43A_3DModel-Sched-150x87.png",150,87,true]},"uagb_author_info":{"display_name":"AndyS","author_link":"https:\/\/praxas.com\/de\/author\/"},"uagb_comment_info":0,"uagb_excerpt":"Panelmontierbarer Laufzeitz\u00e4hler","_links":{"self":[{"href":"https:\/\/praxas.com\/de\/wp-json\/wp\/v2\/product\/26277","targetHints":{"allow":["GET"]}}],"collection":[{"href":"https:\/\/praxas.com\/de\/wp-json\/wp\/v2\/product"}],"about":[{"href":"https:\/\/praxas.com\/de\/wp-json\/wp\/v2\/types\/product"}],"wp:featuredmedia":[{"embeddable":true,"href":"https:\/\/praxas.com\/de\/wp-json\/wp\/v2\/media\/26278"}],"wp:attachment":[{"href":"https:\/\/praxas.com\/de\/wp-json\/wp\/v2\/media?parent=26277"}],"wp:term":[{"taxonomy":"product_brand","embeddable":true,"href":"https:\/\/praxas.com\/de\/wp-json\/wp\/v2\/product_brand?post=26277"},{"taxonomy":"product_cat","embeddable":true,"href":"https:\/\/praxas.com\/de\/wp-json\/wp\/v2\/product_cat?post=26277"},{"taxonomy":"product_tag","embeddable":true,"href":"https:\/\/praxas.com\/de\/wp-json\/wp\/v2\/product_tag?post=26277"}],"curies":[{"name":"wp","href":"https:\/\/api.w.org\/{rel}","templated":true}]}}