{"id":26284,"date":"2023-07-27T03:21:00","date_gmt":"2023-07-27T01:21:00","guid":{"rendered":"https:\/\/staging.praxas.com\/product\/unkategorisiert\/sgd-43-a-dk\/"},"modified":"2025-10-09T10:04:39","modified_gmt":"2025-10-09T08:04:39","slug":"sgd-43-a-dk","status":"publish","type":"product","link":"https:\/\/praxas.com\/de\/product\/uncategorized-de\/sgd-43-a-dk\/","title":{"rendered":"SGD 43-A DK+"},"content":{"rendered":"<p>SGD 43-A DK+ ist ein Entwicklungskit f\u00fcr das <strong><br \/>\n  <a href=\"\/product\/panelpilot-displays\/panelpilotace\/panelpilot-sgd-43-a\/\">SGD 43-A<\/a><br \/>\n<\/strong> Display. Die Entwicklungsplatine selbst bietet Schalter, Drehregler, LEDs und Schraubklemmenanschl\u00fcsse, um alle Eingangs-\/Ausgangsfunktionen des PanelPilotACE-Displays schnell anzuschlie\u00dfen und zu testen.<\/p>\n<p>Das Entwicklungskit SGD 43-A-DK+ ist die beste Wahl, wenn Sie mit der Entwicklung auf der PanelPilotACE-Plattform beginnen m\u00f6chten. Es enth\u00e4lt alles, was Sie f\u00fcr den Anfang brauchen: ein SGD 43-A, ein Entwicklungsboard und ein USB-Kabel. Die Platine bietet Schalter, Drehkn\u00f6pfe, LEDs und Schraubklemmenanschl\u00fcsse f\u00fcr alle Ein- und Ausgangsfunktionen des <strong><br \/>\n  <a href=\"\/product\/panelpilot-displays\/panelpilotace\/panelpilot-sgd-43-a\/\">SGD 43-A<\/a><br \/>\n<\/strong>.<\/p>\n<p><strong>PanelPilotACE Universit\u00e4t<\/strong><\/p>\n<p>Die <a href=\"https:\/\/praxas.com\/de\/panelpilotace-universitaet\/\"><br \/>\n  <strong>PanelPilotACE Universit\u00e4t<\/strong><br \/>\n<\/a> verf\u00fcgt \u00fcber eine Vielzahl von Ressourcen, die Ihre Programmiererfahrung so schnell und effizient wie m\u00f6glich machen. Von Anleitungen und h\u00e4ufig gestellten Fragen bis hin zu einer st\u00e4ndig wachsenden Anzahl von vorkonfigurierten ACE-Vorlagen und einer Symbol- und Grafikbibliothek &#8211; besuchen Sie die Universit\u00e4t und machen Sie Ihr PanelPilotACE-Projekt noch schneller.<\/p>\n","protected":false},"excerpt":{"rendered":"<p>Entwicklungskit f\u00fcr das SGD 43-A<\/p>\n","protected":false},"featured_media":26285,"template":"","meta":{"_acf_changed":false,"content-type":"","_uag_custom_page_level_css":""},"product_brand":[],"product_cat":[2644],"product_tag":[],"class_list":{"0":"post-26284","1":"product","2":"type-product","3":"status-publish","4":"has-post-thumbnail","6":"product_cat-uncategorized-de","8":"first","9":"instock","10":"taxable","11":"shipping-taxable","12":"purchasable","13":"product-type-simple"},"bundled_by":[],"bundle_stock_status":"instock","bundle_stock_quantity":3,"bundle_virtual":false,"bundle_layout":"","bundle_add_to_cart_form_location":"","bundle_editable_in_cart":false,"bundle_sold_individually_context":"","bundle_item_grouping":"","bundle_min_size":"","bundle_max_size":"","bundle_price":[],"bundled_items":[],"bundle_sell_ids":[],"acf":[],"spectra_custom_meta":{"_download_limit":["-1","-1"],"_download_expiry":["-1","-1"],"_downloadable":["no","no"],"_sku":["SGD 43-A DK+","SGD 43-A DK+"],"_stock_status":["instock","instock","instock"],"_sold_individually":["no","no"],"_tax_class":["",""],"_tax_status":["taxable","taxable"],"_virtual":["no","no"],"_weight":["0.707"],"_width":["0"],"_height":["0"],"_length":["0","0"],"total_sales":["1","1"],"_product_datasheet":["field_650ad7d6ea3a0"],"_connectivity":["field_64dce263bb57c","field_64dce263bb57c"],"brand":["PanelPilot","PanelPilot"],"_brand":["field_64ddf62ed2593","field_64ddf62ed2593"],"_brand_image":["field_650c5e7c84cae"],"_specifications_table":["field_65044e1db92a8"],"_resources":["field_650849c6945ee"],"_accessories":["field_650849e6945f0","field_650849e6945f0"],"_faqs":["field_650859523d8d5"],"_calibration_suitable_ids_gb":["field_654b4c4acb54a"],"_calibration_suitable_ids_us":["field_654b4c56cb54b"],"_show_in_calibration_suitable":["field_654cfb691d345"],"_usd_price_4":["field_651570dcac479"],"_usd_price_9":["field_6515713eb4807"],"_usd_price_24":["field_65157141b4809"],"_usd_price_49":["field_65157140b4808"],"_usd_price_99":["field_6515715bb480a"],"_gbp_price_4":["field_6515716e83bfa"],"_gbp_price_9":["field_6515724783bfb"],"_gbp_price_24":["field_6515724b83bfc"],"_gbp_price_49":["field_6515725983bfd"],"_gbp_price_99":["field_6515725d83bfe"],"_usdhk_price_4":["field_6515726f83bff"],"_usdhk_price_9":["field_6515727c83c00"],"_usdhk_price_24":["field_6515728083c01"],"_usdhk_price_49":["field_6515728983c02"],"_usdhk_price_99":["field_6515728e83c03"],"stock_options":["In stock"],"_stock_options":["field_6544b605dc7f9"],"_top_nav_excluded":[""],"_cms_nav_minihome":[""],"wcml_sync_hash":["a:1:{s:15:\"postmeta_fields\";s:32:\"4433e68fe5f507c305e3e91f0e64ea7f\";}"],"attr_label_translations":["a:0:{}"],"_product_image_gallery":["26286,26287,26288,26289"],"_thumbnail_id":["26285"],"_crosssell_ids":["a:0:{}"],"_stock":["3.000000"],"_last_translation_edit_mode":["translation-editor"],"connectivity":["",""],"_display_data_alarm":["field_667d647bcb066"],"_calibration":["field_66a0ddd599972"],"_shipping":["field_66852535c98a5"],"_refrigerant_cabinet":["field_66852557c98a6"],"_main_specifications":["field_66855b25b1245"],"_edit_lock":["1721917867:8383"],"classic-editor-remember":["classic-editor"],"rank_math_seo_score":["38"],"_edit_last":["8383"],"commercekit_gallery_layout":[""],"commercekit_disable_sticky_atc":["0"],"commercekit_wc_video_gallery":["a:0:{}"],"_rank_math_gtin_code":[""],"_wcml_average_rating":[null],"_wcml_review_count":[null],"_wcml_rating_count":[null],"_wc_average_rating":[0],"_wc_review_count":["0"],"_product_version":["9.1.2"],"display_data_alarm":[""],"calibration":[""],"calibration_suitable_ids_gb":[""],"calibration_suitable_ids_us":[""],"show_in_calibration_suitable":[""],"other_features":[""],"shipping":[""],"refrigerant_cabinet":[""],"main_specifications":[""],"shoptimizer_layout_pdp_short_description_position":["default"],"product_datasheet":["10445"],"brand_image":["10474"],"_wpml_media_duplicate":["1"],"_wpml_media_featured":["1"],"_backorders":["no","no"],"_manage_stock":["no","no"],"rank_math_primary_product_cat":["108","108"],"faqs":["<span class=\"ui-provider bge bgf bgd bgg bgh bgi bgj bgk bgl bgm bgn bgo bgp bgq bgr bgs bgt bgu bgv bgw bgx bgy bgz bha bhb bhc bhd bhe bhf bhg bhh bhi bhj bhk bhl\" dir=\"ltr\">[accordion]\n[accordion_header]Meine Uhr ist auf die falsche Zeit eingestellt. Wie stelle ich die Uhr ein?[\/accordion_header]\n[accordion_section]\u00d6ffnen Sie das Panel Pilot ACE Design Studio und schlie\u00dfen Sie Ihr Ger\u00e4t an. Wenn Ihr Ger\u00e4t korrekt verbunden ist, sollten Sie es in der Dropdown-Liste Ger\u00e4t oben rechts im Studio ausw\u00e4hlen k\u00f6nnen. Klicken Sie auf die Schaltfl\u00e4che rechts neben der Ger\u00e4teauswahl, die wie drei wei\u00dfe horizontale Linien aussieht. W\u00e4hlen Sie aus dem erscheinenden Dropdown-Men\u00fc \"Ger\u00e4tekonfiguration\". Aktivieren Sie dann das Kontrollk\u00e4stchen \"Echtzeituhr einstellen\" und stellen Sie sicher, dass die richtige Zeit ausgew\u00e4hlt ist (+1 bezieht sich auf GMT+1). Klicken Sie auf die Schaltfl\u00e4che Konfigurieren und die Anwendung wird aktualisiert.  [\/accordion_section]\n[\/accordion]<\/span>\n\n<span class=\"ui-provider bge bgf bgd bgg bgh bgi bgj bgk bgl bgm bgn bgo bgp bgq bgr bgs bgt bgu bgv bgw bgx bgy bgz bha bhb bhc bhd bhe bhf bhg bhh bhi bhj bhk bhl\" dir=\"ltr\">[accordion]\n[accordion_header]Warum sind die I\u00b2C- und SPI-Funktionen der Hardware nicht in der Software verf\u00fcgbar?[\/accordion_header]\n[accordion_section]In der aktuellen Softwareversion k\u00f6nnen Sie diese Funktionen zwar noch nicht nutzen, aber unser Software-Team arbeitet daran, diese Funktionen hinzuzuf\u00fcgen. Diese Funktion hat f\u00fcr uns oberste Priorit\u00e4t und wir erwarten, dass sie in den n\u00e4chsten Monaten verf\u00fcgbar sein wird.[\/accordion_section]\n[\/accordion]<\/span>\n\n<a class=\"button button-secondary\" href=\"\/support\/panelpilotace\/\">Mehr Unterst\u00fctzung<\/a>"],"usd_price_4":["0.00"],"usd_price_9":["0.00"],"usd_price_24":["0.00"],"usd_price_49":["0.00"],"usd_price_99":["0.00"],"gbp_price_4":["0.00"],"gbp_price_9":["0.00"],"gbp_price_24":["0.00"],"gbp_price_49":["0.00"],"gbp_price_99":["0.00"],"usdhk_price_4":["0.00"],"usdhk_price_9":["0.00"],"usdhk_price_24":["0.00"],"usdhk_price_49":["0.00"],"usdhk_price_99":["0.00"],"_wpml_word_count":["191"],"_other_features":[""],"min_temp":[""],"max_temp":[""],"_min_temp":[""],"_max_temp":[""],"_other_features_arctiko":[""],"rank_math_title":["SGS 43-A DK+ PanelPilot Entwicklungskit | Praxas"],"rank_math_description":["M\u00f6chten Sie sich an die Entwicklung von Displays wagen? Das SGD 43-A DK+ ist ein umfassender Bausatz f\u00fcr das SGD 43-A Display, mit Schaltern, Einstellr\u00e4dern, LEDs und Schraubklemmenanschl\u00fcssen."],"rank_math_focus_keyword":["SGD 43-A DK+"],"specifications_table":["<table class=\"specifications\">\n<tbody>\n<tr class=\"even-row\">\n<td class=\"left-td\">Analoge Eing\u00e4nge<\/td>\n<td>x4<\/td>\n<\/tr>\n<tr class=\"odd-row\">\n<td class=\"left-td\">Digitale Eing\u00e4nge\/Ausg\u00e4nge<\/td>\n<td>x8<\/td>\n<\/tr>\n<tr class=\"even-row\">\n<td class=\"left-td\">PWM-Ausg\u00e4nge<\/td>\n<td>x4<\/td>\n<\/tr>\n<tr class=\"odd-row\">\n<td class=\"left-td\">Alarm Ausg\u00e4nge<\/td>\n<td>x2<\/td>\n<\/tr>\n<tr class=\"even-row\">\n<td class=\"left-td\">Serielle Bus-Verbindungen<\/td>\n<td>RS232 & RS485<\/td>\n<\/tr>\n<tr class=\"odd-row\">\n<td class=\"left-td\">Versorgungsspannung<\/td>\n<td>5 bis 30 V d.c.<\/td>\n<\/tr>\n<tr class=\"even-row\">\n<td class=\"left-td\">\u00c4u\u00dfere Abmessungen<\/td>\n<td>181 mm (7,1\") x 147 mm (5,8\") x 64 mm (2,5\")<\/td>\n<\/tr>\n<\/tbody>\n<\/table>"],"resources":["<ul class=\"resources-list\">\n \t<li><img src=\"https:\/\/praxas.com\/wp-content\/uploads\/document-icon.png\" alt=\"Dokument-Symbol\"><span class=\"mldTitle\">SGD 43-A DK+ Datenblatt<\/span><\/li>\n \t<li><a href=\"https:\/\/praxas.com\/wp-content\/uploads\/panelpilot-panel-instruments-development-kits.pdf\" target=\"_blank\" rel=\"noopener\">Englisch<\/a><\/li>\n \t<li><a href=\"https:\/\/praxas.com\/wp-content\/uploads\/panelpilot-panel-instrument-sgd-43-a-dkplus_french.pdf\" target=\"_blank\" rel=\"noopener\">Franz\u00f6sisch<\/a><\/li>\n \t<li><a href=\"https:\/\/praxas.com\/wp-content\/uploads\/panelpilot-panel-instrument-sgd-43-a-dkplus_german.pdf\" target=\"_blank\" rel=\"noopener\">Deutsch<\/a><\/li>\n \t<li><a href=\"https:\/\/praxas.com\/wp-content\/uploads\/panelpilot-panel-instrument-sgd-43-a-dkplus_italian.pdf\" target=\"_blank\" rel=\"noopener\">Italienisch<\/a><\/li>\n \t<li><a href=\"https:\/\/praxas.com\/wp-content\/uploads\/panelpilot-panel-instrument-sgd-43-a-dkplus_japanese.pdf\" target=\"_blank\" rel=\"noopener\">Japanisch<\/a><\/li>\n \t<li><a href=\"https:\/\/praxas.com\/wp-content\/uploads\/panelpilot-panel-instrument-sgd-43-a-dkplus_spanish.pdf\" target=\"_blank\" rel=\"noopener\">Spanisch<\/a><\/li>\n \t<li><a href=\"\/wp-content\/uploads\/panelpilot-panel-instrument-sgd-43-a-dkplus_s-chinese.pdf\" target=\"_blank\" rel=\"noopener\">Chinesisch (vereinfacht)<\/a><\/li>\n \t<li><a href=\"https:\/\/praxas.com\/wp-content\/uploads\/panelpilot-panel-instrument-sgd-43-a-dkplus_t-chinese.pdf\" target=\"_blank\" rel=\"noopener\">Chinesisch (traditionell)<\/a><\/li>\n \t<li><img src=\"https:\/\/praxas.com\/wp-content\/uploads\/software-icon.png\" alt=\"Software-Symbol\"><a href=\"https:\/\/praxas.com\/software\/panelpilot-software\/panelpilotace-design-studio\/\" target=\"_blank\" rel=\"noopener\">PanelPilotACE Software herunterladen<\/a><\/li>\n \t<li><img src=\"https:\/\/praxas.com\/wp-content\/uploads\/document-icon.png\" alt=\"Dokument-Symbol\"><a href=\"https:\/\/praxas.com\/wp-content\/uploads\/sgd-70-a-quickstart-guide-postcard-04_2018.pdf\" target=\"_blank\" rel=\"noopener\">SGD 43-A DK+ Schnellstartanleitung<\/a><\/li>\n \t<li><img src=\"https:\/\/praxas.com\/wp-content\/uploads\/document-icon.png\" alt=\"Dokument-Symbol\"><a href=\"https:\/\/praxas.com\/wp-content\/uploads\/declaration-of-conformity_ppa-dev-kits_iss2_08-16.pdf\" target=\"_blank\" rel=\"noopener\">Konformit\u00e4tserkl\u00e4rung<\/a><\/li>\n<\/ul>\n<a class=\"button button-secondary\" href=\"https:\/\/praxas.com\/support\/\">Mehr Unterst\u00fctzung<\/a>"],"accessories":["[products skus=\"SGD 43-A,S43-TP,S43-RS485\"]"],"_uag_page_assets":["a:9:{s:3:\"css\";s:0:\"\";s:2:\"js\";s:0:\"\";s:18:\"current_block_list\";a:0:{}s:8:\"uag_flag\";b:0;s:11:\"uag_version\";s:10:\"1775212209\";s:6:\"gfonts\";a:0:{}s:10:\"gfonts_url\";s:0:\"\";s:12:\"gfonts_files\";a:0:{}s:14:\"uag_faq_layout\";b:0;}"],"_regular_price":["449.8","449.8"],"_price":["449.8","449.8"],"_max_variation_price":[""],"_max_variation_regular_price":[""],"_max_variation_sale_price":[""],"_min_variation_price":[""],"_min_variation_regular_price":[""],"_min_variation_sale_price":[""],"_sale_price":[""],"_wc_pb_base_regular_price":[""],"_wc_pb_base_sale_price":[""],"_wc_pb_base_price":[""],"_wc_sw_max_price":[""],"_wc_sw_max_regular_price":[""],"_wc_rating_count":[""]},"uagb_featured_image_src":{"full":["https:\/\/praxas.com\/wp-content\/uploads\/SGD-43-A-DK_Flat.png",800,463,false],"thumbnail":["https:\/\/praxas.com\/wp-content\/uploads\/SGD-43-A-DK_Flat-150x150.png",150,150,true],"medium":["https:\/\/praxas.com\/wp-content\/uploads\/SGD-43-A-DK_Flat-300x174.png",300,174,true],"medium_large":["https:\/\/praxas.com\/wp-content\/uploads\/SGD-43-A-DK_Flat-768x444.png",768,444,true],"large":["https:\/\/praxas.com\/wp-content\/uploads\/SGD-43-A-DK_Flat.png",800,463,false],"1536x1536":["https:\/\/praxas.com\/wp-content\/uploads\/SGD-43-A-DK_Flat.png",800,463,false],"2048x2048":["https:\/\/praxas.com\/wp-content\/uploads\/SGD-43-A-DK_Flat.png",800,463,false],"crunchify-admin-post-featured-image":["https:\/\/praxas.com\/wp-content\/uploads\/SGD-43-A-DK_Flat-120x69.png",120,69,true],"commercegurus-pdp-large":["https:\/\/praxas.com\/wp-content\/uploads\/SGD-43-A-DK_Flat.png",800,463,false],"commercegurus-plp-mobile":["https:\/\/praxas.com\/wp-content\/uploads\/SGD-43-A-DK_Flat-441x255.png",441,255,true],"cgkit_image_swatch":["https:\/\/praxas.com\/wp-content\/uploads\/SGD-43-A-DK_Flat-100x100.png",100,100,true],"woocommerce_thumbnail":["https:\/\/praxas.com\/wp-content\/uploads\/SGD-43-A-DK_Flat-300x174.png",300,174,true],"woocommerce_single":["https:\/\/praxas.com\/wp-content\/uploads\/SGD-43-A-DK_Flat.png",800,463,false],"woocommerce_gallery_thumbnail":["https:\/\/praxas.com\/wp-content\/uploads\/SGD-43-A-DK_Flat-150x87.png",150,87,true]},"uagb_author_info":{"display_name":"AndyS","author_link":"https:\/\/praxas.com\/de\/author\/"},"uagb_comment_info":0,"uagb_excerpt":"Entwicklungskit f\u00fcr das SGD 43-A","_links":{"self":[{"href":"https:\/\/praxas.com\/de\/wp-json\/wp\/v2\/product\/26284","targetHints":{"allow":["GET"]}}],"collection":[{"href":"https:\/\/praxas.com\/de\/wp-json\/wp\/v2\/product"}],"about":[{"href":"https:\/\/praxas.com\/de\/wp-json\/wp\/v2\/types\/product"}],"wp:featuredmedia":[{"embeddable":true,"href":"https:\/\/praxas.com\/de\/wp-json\/wp\/v2\/media\/26285"}],"wp:attachment":[{"href":"https:\/\/praxas.com\/de\/wp-json\/wp\/v2\/media?parent=26284"}],"wp:term":[{"taxonomy":"product_brand","embeddable":true,"href":"https:\/\/praxas.com\/de\/wp-json\/wp\/v2\/product_brand?post=26284"},{"taxonomy":"product_cat","embeddable":true,"href":"https:\/\/praxas.com\/de\/wp-json\/wp\/v2\/product_cat?post=26284"},{"taxonomy":"product_tag","embeddable":true,"href":"https:\/\/praxas.com\/de\/wp-json\/wp\/v2\/product_tag?post=26284"}],"curies":[{"name":"wp","href":"https:\/\/api.w.org\/{rel}","templated":true}]}}