{"id":26323,"date":"2023-07-27T03:20:00","date_gmt":"2023-07-27T01:20:00","guid":{"rendered":"https:\/\/staging.praxas.com\/product\/unkategorisiert\/sgd-24-m-ip\/"},"modified":"2025-10-09T10:05:27","modified_gmt":"2025-10-09T08:05:27","slug":"sgd-24-m-ip","status":"publish","type":"product","link":"https:\/\/praxas.com\/de\/product\/uncategorized-de\/sgd-24-m-ip\/","title":{"rendered":"SGD 24-M-IP"},"content":{"rendered":"<p>Das SGD 24-M-IP ist ein programmierbares Messger\u00e4t mit zwei analogen Eing\u00e4ngen, Alarmausg\u00e4ngen und einem 2,4&#8243; TFT-Farbdisplay. Er ist in einem IP67 \/ NEMA 6 eingestuften Geh\u00e4use mit einem robusten und kratzfesten Fenster untergebracht. Das fertige Modul l\u00e4sst sich mit der mitgelieferten 32-mm-Mutter und dem IP67-Stecker ganz einfach auf einer Schalttafel oder in einem Geh\u00e4use installieren. Konfiguriert mit der kostenlosen <strong><br \/>\n  <a href=\"\/software\/panelpilot-software\/panelpilot-m\/\">PanelPilot M Software<\/a><br \/>\n<\/strong> f\u00fcr Windows k\u00f6nnen Sie aus einer st\u00e4ndig wachsenden Anzahl von Konfigurationen w\u00e4hlen, darunter Balkendiagramme, Tankf\u00fcllst\u00e4nde, analoge Diagramme und Trenddiagramme. Dann passen Sie Farben, Textbeschriftungen, Einheiten und Eingabeskalierung an, bevor Sie sie \u00fcber USB auf ein Display hochladen.<\/p>\n<p>Beachten Sie, dass das SGD 24-M-IP nicht \u00fcber eine Touchscreen-Funktionalit\u00e4t verf\u00fcgt und daher nicht mit Konfigurationen kompatibel ist, die eine Touch-Eingabe erfordern.<\/p>\n","protected":false},"excerpt":{"rendered":"<p>2,4&#8243; Wasserdichtes programmierbares TFT<\/p>\n","protected":false},"featured_media":26324,"template":"","meta":{"_acf_changed":false,"content-type":"","_uag_custom_page_level_css":""},"product_brand":[],"product_cat":[2644],"product_tag":[1003],"class_list":{"0":"post-26323","1":"product","2":"type-product","3":"status-publish","4":"has-post-thumbnail","6":"product_cat-uncategorized-de","7":"product_tag-anzeige","9":"first","10":"instock","11":"taxable","12":"shipping-taxable","13":"purchasable","14":"product-type-simple"},"bundled_by":[],"bundle_stock_status":"instock","bundle_stock_quantity":5,"bundle_virtual":false,"bundle_layout":"","bundle_add_to_cart_form_location":"","bundle_editable_in_cart":false,"bundle_sold_individually_context":"","bundle_item_grouping":"","bundle_min_size":"","bundle_max_size":"","bundle_price":[],"bundled_items":[],"bundle_sell_ids":[],"acf":[],"spectra_custom_meta":{"_wcml_average_rating":[null],"_wcml_review_count":[null],"_wcml_rating_count":[null],"_download_limit":["-1","-1"],"_download_expiry":["-1","-1"],"_downloadable":["no","no"],"_sku":["SGD 24-M-IP","SGD 24-M-IP"],"_stock_status":["instock","instock","instock"],"_sold_individually":["no","no"],"_tax_class":["",""],"_tax_status":["taxable","taxable"],"_virtual":["no","no"],"_weight":["0.232"],"_width":["0"],"_height":["0"],"_length":["0"],"total_sales":["0","0"],"product_datasheet":[""],"_product_datasheet":["field_650ad7d6ea3a0"],"_connectivity":["field_64dce263bb57c"],"brand":["PanelPilot"],"_brand":["field_64ddf62ed2593"],"brand_image":["10474"],"_brand_image":["field_650c5e7c84cae"],"_specifications_table":["field_65044e1db92a8"],"_display_data_alarm":["field_667d647bcb066"],"_resources":["field_650849c6945ee"],"_accessories":["field_650849e6945f0"],"_faqs":["field_650859523d8d5"],"_calibration_suitable_ids_gb":["field_654b4c4acb54a"],"_calibration_suitable_ids_us":["field_654b4c56cb54b"],"_show_in_calibration_suitable":["field_654cfb691d345"],"_usd_price_4":["field_651570dcac479"],"_usd_price_9":["field_6515713eb4807"],"_usd_price_24":["field_65157141b4809"],"_usd_price_49":["field_65157140b4808"],"_usd_price_99":["field_6515715bb480a"],"_gbp_price_4":["field_6515716e83bfa"],"_gbp_price_9":["field_6515724783bfb"],"_gbp_price_24":["field_6515724b83bfc"],"_gbp_price_49":["field_6515725983bfd"],"_gbp_price_99":["field_6515725d83bfe"],"_usdhk_price_4":["field_6515726f83bff"],"_usdhk_price_9":["field_6515727c83c00"],"_usdhk_price_24":["field_6515728083c01"],"_usdhk_price_49":["field_6515728983c02"],"_usdhk_price_99":["field_6515728e83c03"],"stock_options":["In stock"],"_stock_options":["field_6544b605dc7f9"],"_top_nav_excluded":[""],"_cms_nav_minihome":[""],"wcml_sync_hash":["a:1:{s:15:\"postmeta_fields\";s:32:\"6380271da9f0a25492769054b50ba4df\";}"],"attr_label_translations":["a:0:{}"],"_product_image_gallery":["26325,26326,26327"],"_thumbnail_id":["26324"],"_crosssell_ids":["a:0:{}"],"_stock":["5.000000"],"_last_translation_edit_mode":["translation-editor"],"connectivity":[""],"_calibration":["field_66a0ddd599972"],"_shipping":["field_66852535c98a5"],"_refrigerant_cabinet":["field_66852557c98a6"],"_main_specifications":["field_66855b25b1245"],"rank_math_primary_product_cat":["0"],"faqs":["<span class=\"ui-provider bge bgf bgd bgg bgh bgi bgj bgk bgl bgm bgn bgo bgp bgq bgr bgs bgt bgu bgv bgw bgx bgy bgz bha bhb bhc bhd bhe bhf bhg bhh bhi bhj bhk bhl\" dir=\"ltr\">[accordion]\n[accordion_header]Kann ich mein Firmenlogo auf dem Display anbringen?[\/accordion_header]\n[accordion_section]Ja. Wenn Sie Ihr Messger\u00e4t mit der PanelPilot M Software konfigurieren, werden Sie im letzten Einrichtungsschritt gefragt, ob Sie dem Display ein Firmenlogo hinzuf\u00fcgen m\u00f6chten oder nicht. Wenn Sie sich f\u00fcr diese Option entscheiden, wird das Firmenlogo in den ersten Sekunden nach dem Einschalten auf dem Display angezeigt.  [\/accordion_section]\n[\/accordion]<\/span>\n\n<span class=\"ui-provider bge bgf bgd bgg bgh bgi bgj bgk bgl bgm bgn bgo bgp bgq bgr bgs bgt bgu bgv bgw bgx bgy bgz bha bhb bhc bhd bhe bhf bhg bhh bhi bhj bhk bhl\" dir=\"ltr\">[accordion]\n[accordion_header]Kann ich die Helligkeit meines PanelPilot dimmen?[\/accordion_header]\n[accordion_section]Ja. Die Verwendung der <strong><a href=\"\/software\/panelpilot-software\/panelpilot-m\/\">PanelPilot M Software<\/a><\/strong>k\u00f6nnen Sie am Ende der Konfigurationsphase die Helligkeit des Displays ausw\u00e4hlen. Bitte beachten Sie, dass es derzeit keine M\u00f6glichkeit gibt, die Helligkeit des Bildschirms zu \u00e4ndern, ohne den Bildschirm neu zu konfigurieren.[\/accordion_section]\n[\/accordion]<\/span>\n\n<a class=\"button button-secondary\" href=\"https:\/\/praxas.com\/support\/panelpilot-m\/\">Mehr Unterst\u00fctzung<\/a>"],"usd_price_4":["0.00"],"usd_price_9":["0.00"],"usd_price_24":["0.00"],"usd_price_49":["0.00"],"usd_price_99":["0.00"],"gbp_price_49":["0.00"],"gbp_price_99":["0.00"],"usdhk_price_49":["0.00"],"usdhk_price_99":["0.00"],"_wpml_word_count":["168"],"_other_features":[""],"_backorders":["no","no"],"_manage_stock":["no","no"],"min_temp":[""],"max_temp":[""],"_min_temp":[""],"_max_temp":[""],"_other_features_arctiko":[""],"rank_math_title":["SGD 24-M-IP | IP67 Rated Customizable Display Panel | Praxas"],"rank_math_description":["Der PanelPilot SGD 24-M-IP ist ein programmierbares Messger\u00e4t in einem IP67-Geh\u00e4use mit zwei Analogeing\u00e4ngen, Alarmausg\u00e4ngen und einem 2,4-Zoll-TFT-Farbdisplay."],"rank_math_focus_keyword":["SGD 24-M-IP"],"specifications_table":["<table class=\"specifications\">\n<tbody>\n<tr class=\"even-row\">\n<td class=\"left-td\">Anzeige<\/td>\n<td>2,4\" TFT-Farbbildschirm<\/td>\n<\/tr>\n<tr class=\"odd-row\">\n<td class=\"left-td\">Aufl\u00f6sung<\/td>\n<td>320 x 240 Pixel (QVGA)<\/td>\n<\/tr>\n<tr class=\"even-row\">\n<td class=\"left-td\">Betriebsspannung<\/td>\n<td>4 bis 30V d.c.<\/td>\n<\/tr>\n<tr class=\"odd-row\">\n<td class=\"left-td\">Messbereich<\/td>\n<td>0 bis 40V d.c.<\/td>\n<\/tr>\n<tr class=\"even-row\">\n<td class=\"left-td\">Betrachtungsfl\u00e4che<\/td>\n<td>49 mm (1,9 \u201e) x 36,7 mm (1,4\u201c)<\/td>\n<\/tr>\n<\/tbody>\n<\/table>"],"resources":["<ul class=\"resources-list\">\n \t<li><img src=\"https:\/\/praxas.com\/wp-content\/uploads\/document-icon.png\" alt=\"Dokument-Symbol\"><span class=\"mldTitle\">SGD 24-M-IP Datenblatt<\/span><\/li>\n \t<li><a href=\"https:\/\/praxas.com\/wp-content\/uploads\/panelpilot-panel-instrument-sgd-24-m-ipand420_iss6_04-18-1-1.pdf\" target=\"_blank\" rel=\"noopener\">Englisch<\/a><\/li>\n \t<li><a href=\"https:\/\/praxas.com\/wp-content\/uploads\/panelpilot-panel-instrument-sgd-24-m-ip_french_iss8_03-22.pdf\" target=\"_blank\" rel=\"noopener\">Franz\u00f6sisch<\/a><\/li>\n \t<li><a href=\"https:\/\/praxas.com\/wp-content\/uploads\/sgd-24-m-ip_ger_iss7_03-22.pdf\" target=\"_blank\" rel=\"noopener\">Deutsch<\/a><\/li>\n \t<li><a href=\"https:\/\/praxas.com\/wp-content\/uploads\/sgd-24-m-ip_it_iss7_03-22.pdf\" target=\"_blank\" rel=\"noopener\">Italienisch<\/a><\/li>\n \t<li><a href=\"https:\/\/praxas.com\/wp-content\/uploads\/sgd-24-m-ip_jap_iss6_03-22.pdf\" target=\"_blank\" rel=\"noopener\">Japanisch<\/a><\/li>\n \t<li><a href=\"https:\/\/praxas.com\/wp-content\/uploads\/sgd-24-m-ip_sp_iss5_09-18.pdf\" target=\"_blank\" rel=\"noopener\">Spanisch<\/a><\/li>\n \t<li><a href=\"https:\/\/praxas.com\/wp-content\/uploads\/sgd-24-m-ip_chi-simp_iss6_03-22.pdf\" target=\"_blank\" rel=\"noopener\">Chinesisch (vereinfacht)<\/a><\/li>\n \t<li><a href=\"https:\/\/praxas.com\/wp-content\/uploads\/sgd-24-m-ip_chi-trad_iss5_09-18.pdf\" target=\"_blank\" rel=\"noopener\">Chinesisch (traditionell)<\/a><\/li>\n \t<li><img src=\"https:\/\/praxas.com\/wp-content\/uploads\/software-icon.png\" alt=\"Software-Symbol\"><a href=\"https:\/\/praxas.com\/software\/panelpilot-software\/panelpilot-m\/\" target=\"_blank\" rel=\"noopener\">PanelPilot M Software<\/a><\/li>\n \t<li><img src=\"https:\/\/praxas.com\/wp-content\/uploads\/document-icon.png\" alt=\"Dokument-Symbol\"><a href=\"https:\/\/praxas.com\/wp-content\/uploads\/panelpilotm-qsg-ip-issue-3-06_2020.pdf\" target=\"_blank\" rel=\"noopener\">SGD 24-M-IP Schnellstartanleitung<\/a><\/li>\n \t<li><img src=\"https:\/\/praxas.com\/wp-content\/uploads\/document-icon.png\" alt=\"Dokument-Symbol\"><a href=\"https:\/\/praxas.com\/wp-content\/uploads\/declaration-of-conformity_sgd_iss6.pdf\" target=\"_blank\" rel=\"noopener\">Konformit\u00e4tserkl\u00e4rung<\/a><\/li>\n<\/ul>\n<a class=\"button button-secondary\" href=\"https:\/\/praxas.com\/support\/\">Mehr Unterst\u00fctzung<\/a>"],"accessories":["[products skus=\"CABLE IP-12W-RA\"]"],"gbp_price_4":["143.99"],"gbp_price_9":["139.49"],"gbp_price_24":["134.99"],"usdhk_price_4":["191.99"],"usdhk_price_9":["185.99"],"usdhk_price_24":["179.99"],"_uag_page_assets":["a:9:{s:3:\"css\";s:0:\"\";s:2:\"js\";s:0:\"\";s:18:\"current_block_list\";a:0:{}s:8:\"uag_flag\";b:0;s:11:\"uag_version\";s:10:\"1775212209\";s:6:\"gfonts\";a:0:{}s:10:\"gfonts_url\";s:0:\"\";s:12:\"gfonts_files\";a:0:{}s:14:\"uag_faq_layout\";b:0;}"],"_regular_price":["195.7","195.7"],"_price":["195.7","195.7"],"_max_variation_price":[""],"_max_variation_regular_price":[""],"_max_variation_sale_price":[""],"_min_variation_price":[""],"_min_variation_regular_price":[""],"_min_variation_sale_price":[""],"_sale_price":[""],"_wc_pb_base_regular_price":[""],"_wc_pb_base_sale_price":[""],"_wc_pb_base_price":[""],"_wc_sw_max_price":[""],"_wc_sw_max_regular_price":[""],"_wc_rating_count":[""],"_wc_review_count":[""],"_wc_average_rating":[0]},"uagb_featured_image_src":{"full":["https:\/\/praxas.com\/wp-content\/uploads\/PanelPilotAce-Display-Solutions-SGD-24MIP-Logo-Right-Side.png",800,463,false],"thumbnail":["https:\/\/praxas.com\/wp-content\/uploads\/PanelPilotAce-Display-Solutions-SGD-24MIP-Logo-Right-Side-150x150.png",150,150,true],"medium":["https:\/\/praxas.com\/wp-content\/uploads\/PanelPilotAce-Display-Solutions-SGD-24MIP-Logo-Right-Side-300x174.png",300,174,true],"medium_large":["https:\/\/praxas.com\/wp-content\/uploads\/PanelPilotAce-Display-Solutions-SGD-24MIP-Logo-Right-Side-768x444.png",768,444,true],"large":["https:\/\/praxas.com\/wp-content\/uploads\/PanelPilotAce-Display-Solutions-SGD-24MIP-Logo-Right-Side.png",800,463,false],"1536x1536":["https:\/\/praxas.com\/wp-content\/uploads\/PanelPilotAce-Display-Solutions-SGD-24MIP-Logo-Right-Side.png",800,463,false],"2048x2048":["https:\/\/praxas.com\/wp-content\/uploads\/PanelPilotAce-Display-Solutions-SGD-24MIP-Logo-Right-Side.png",800,463,false],"crunchify-admin-post-featured-image":["https:\/\/praxas.com\/wp-content\/uploads\/PanelPilotAce-Display-Solutions-SGD-24MIP-Logo-Right-Side-120x69.png",120,69,true],"commercegurus-pdp-large":["https:\/\/praxas.com\/wp-content\/uploads\/PanelPilotAce-Display-Solutions-SGD-24MIP-Logo-Right-Side.png",800,463,false],"commercegurus-plp-mobile":["https:\/\/praxas.com\/wp-content\/uploads\/PanelPilotAce-Display-Solutions-SGD-24MIP-Logo-Right-Side-441x255.png",441,255,true],"cgkit_image_swatch":["https:\/\/praxas.com\/wp-content\/uploads\/PanelPilotAce-Display-Solutions-SGD-24MIP-Logo-Right-Side-100x100.png",100,100,true],"woocommerce_thumbnail":["https:\/\/praxas.com\/wp-content\/uploads\/PanelPilotAce-Display-Solutions-SGD-24MIP-Logo-Right-Side-300x174.png",300,174,true],"woocommerce_single":["https:\/\/praxas.com\/wp-content\/uploads\/PanelPilotAce-Display-Solutions-SGD-24MIP-Logo-Right-Side.png",800,463,false],"woocommerce_gallery_thumbnail":["https:\/\/praxas.com\/wp-content\/uploads\/PanelPilotAce-Display-Solutions-SGD-24MIP-Logo-Right-Side-150x87.png",150,87,true]},"uagb_author_info":{"display_name":"AndyS","author_link":"https:\/\/praxas.com\/de\/author\/"},"uagb_comment_info":0,"uagb_excerpt":"2,4\" Wasserdichtes programmierbares TFT","_links":{"self":[{"href":"https:\/\/praxas.com\/de\/wp-json\/wp\/v2\/product\/26323","targetHints":{"allow":["GET"]}}],"collection":[{"href":"https:\/\/praxas.com\/de\/wp-json\/wp\/v2\/product"}],"about":[{"href":"https:\/\/praxas.com\/de\/wp-json\/wp\/v2\/types\/product"}],"wp:featuredmedia":[{"embeddable":true,"href":"https:\/\/praxas.com\/de\/wp-json\/wp\/v2\/media\/26324"}],"wp:attachment":[{"href":"https:\/\/praxas.com\/de\/wp-json\/wp\/v2\/media?parent=26323"}],"wp:term":[{"taxonomy":"product_brand","embeddable":true,"href":"https:\/\/praxas.com\/de\/wp-json\/wp\/v2\/product_brand?post=26323"},{"taxonomy":"product_cat","embeddable":true,"href":"https:\/\/praxas.com\/de\/wp-json\/wp\/v2\/product_cat?post=26323"},{"taxonomy":"product_tag","embeddable":true,"href":"https:\/\/praxas.com\/de\/wp-json\/wp\/v2\/product_tag?post=26323"}],"curies":[{"name":"wp","href":"https:\/\/api.w.org\/{rel}","templated":true}]}}