{"id":26335,"date":"2023-07-27T03:20:00","date_gmt":"2023-07-27T01:20:00","guid":{"rendered":"https:\/\/staging.praxas.com\/product\/unkategorisiert\/sgd-24-m420\/"},"modified":"2025-09-01T15:56:07","modified_gmt":"2025-09-01T13:56:07","slug":"sgd-24-m420","status":"publish","type":"product","link":"https:\/\/praxas.com\/de\/product\/uncategorized-de\/sgd-24-m420\/","title":{"rendered":"SGD 24-M420"},"content":{"rendered":"<p>Das SGD 24-M420 ist ein programmierbares Prozessmessger\u00e4t mit einem 4-20mA Analogeingang, einem Alarmausgang und einem 2,4&#8243; TFT-Farb-Touchscreen-Display. Konfigurieren Sie das Ger\u00e4t mit der kostenlosen <strong>PanelPilot M Software<\/strong> f\u00fcr Windows und w\u00e4hlen Sie aus einer st\u00e4ndig wachsenden Anzahl von Konfigurationen, wie z.B. Balken-, Tankf\u00fcllstands-, Analog- und Trendgrafiken. Dann passen Sie Farben, Textbeschriftungen, Einheiten und Eingabeskalierung an, bevor Sie sie \u00fcber USB auf ein Display hochladen.<\/p>\n","protected":false},"excerpt":{"rendered":"<p>2,4&#8243; Programmierbares TFT 4-20mA Prozessmessger\u00e4t<\/p>\n","protected":false},"featured_media":26336,"template":"","meta":{"_acf_changed":false,"content-type":"","_uag_custom_page_level_css":""},"product_brand":[],"product_cat":[2644],"product_tag":[1003],"class_list":{"0":"post-26335","1":"product","2":"type-product","3":"status-publish","4":"has-post-thumbnail","6":"product_cat-uncategorized-de","7":"product_tag-anzeige","9":"first","10":"instock","11":"taxable","12":"shipping-taxable","13":"purchasable","14":"product-type-simple"},"bundled_by":[],"bundle_stock_status":"instock","bundle_stock_quantity":9,"bundle_virtual":false,"bundle_layout":"","bundle_add_to_cart_form_location":"","bundle_editable_in_cart":false,"bundle_sold_individually_context":"","bundle_item_grouping":"","bundle_min_size":"","bundle_max_size":"","bundle_price":[],"bundled_items":[],"bundle_sell_ids":[],"acf":[],"spectra_custom_meta":{"_download_limit":["-1","-1"],"_download_expiry":["-1","-1"],"_downloadable":["no","no"],"_sku":["SGD 24-M420","SGD 24-M420"],"_stock_status":["instock","instock","instock"],"_sold_individually":["no","no"],"_tax_class":["",""],"_tax_status":["taxable","taxable"],"_virtual":["no","no"],"_weight":["0.094"],"_width":["0"],"_height":["0"],"_length":["0"],"total_sales":["49","49"],"product_datasheet":[""],"_product_datasheet":["field_650ad7d6ea3a0"],"_connectivity":["field_64dce263bb57c"],"_brand":["field_64ddf62ed2593"],"brand_image":[""],"_brand_image":["field_650c5e7c84cae"],"_specifications_table":["field_65044e1db92a8"],"_resources":["field_650849c6945ee"],"_accessories":["field_650849e6945f0"],"_faqs":["field_650859523d8d5"],"_calibration_suitable_ids_gb":["field_654b4c4acb54a"],"_calibration_suitable_ids_us":["field_654b4c56cb54b"],"_show_in_calibration_suitable":["field_654cfb691d345"],"_usd_price_4":["field_651570dcac479"],"_usd_price_9":["field_6515713eb4807"],"_usd_price_24":["field_65157141b4809"],"_usd_price_49":["field_65157140b4808"],"_usd_price_99":["field_6515715bb480a"],"_gbp_price_4":["field_6515716e83bfa"],"_gbp_price_9":["field_6515724783bfb"],"_gbp_price_24":["field_6515724b83bfc"],"_gbp_price_49":["field_6515725983bfd"],"_gbp_price_99":["field_6515725d83bfe"],"_usdhk_price_4":["field_6515726f83bff"],"_usdhk_price_9":["field_6515727c83c00"],"_usdhk_price_24":["field_6515728083c01"],"_usdhk_price_49":["field_6515728983c02"],"_usdhk_price_99":["field_6515728e83c03"],"stock_options":["In stock"],"_stock_options":["field_6544b605dc7f9"],"_top_nav_excluded":[""],"_cms_nav_minihome":[""],"wcml_sync_hash":["a:1:{s:15:\"postmeta_fields\";s:32:\"b96f07c0b102505413c4acdc570dbf7a\";}"],"attr_label_translations":["a:0:{}"],"_product_image_gallery":["26337,26338"],"_thumbnail_id":["26336"],"_crosssell_ids":["a:0:{}"],"_stock":["9.000000"],"_last_translation_edit_mode":["translation-editor"],"connectivity":[""],"_display_data_alarm":["field_667d647bcb066"],"_calibration":["field_66a0ddd599972"],"_shipping":["field_66852535c98a5"],"_refrigerant_cabinet":["field_66852557c98a6"],"_main_specifications":["field_66855b25b1245"],"_edit_lock":["1721913955:8383"],"classic-editor-remember":["classic-editor"],"rank_math_seo_score":["87"],"_edit_last":["8383"],"commercekit_gallery_layout":[""],"commercekit_disable_sticky_atc":["0"],"commercekit_wc_video_gallery":["a:0:{}"],"_rank_math_gtin_code":[""],"_wcml_average_rating":[null],"_wcml_review_count":[null],"_wcml_rating_count":[null],"_wc_average_rating":[0],"_wc_review_count":["0"],"_product_version":["9.1.2"],"display_data_alarm":[""],"calibration":[""],"calibration_suitable_ids_gb":[""],"calibration_suitable_ids_us":[""],"show_in_calibration_suitable":[""],"other_features":[""],"shipping":[""],"refrigerant_cabinet":[""],"main_specifications":[""],"shoptimizer_layout_pdp_short_description_position":["default"],"rank_math_primary_product_cat":["0"],"_wpml_media_duplicate":["1"],"_wpml_media_featured":["1"],"faqs":["<span class=\"ui-provider bge bgf bgd bgg bgh bgi bgj bgk bgl bgm bgn bgo bgp bgq bgr bgs bgt bgu bgv bgw bgx bgy bgz bha bhb bhc bhd bhe bhf bhg bhh bhi bhj bhk bhl\" dir=\"ltr\">[accordion]\n[accordion_header]Kann ich mein Firmenlogo auf dem Display anbringen?[\/accordion_header]\n[accordion_section]Ja. Wenn Sie Ihr Messger\u00e4t mit der PanelPilot M Software konfigurieren, werden Sie im letzten Einrichtungsschritt gefragt, ob Sie dem Display ein Firmenlogo hinzuf\u00fcgen m\u00f6chten oder nicht. Wenn Sie sich f\u00fcr diese Option entscheiden, wird das Firmenlogo in den ersten Sekunden nach dem Einschalten auf dem Display angezeigt.  [\/accordion_section]\n[\/accordion]<\/span>\n\n<span class=\"ui-provider bge bgf bgd bgg bgh bgi bgj bgk bgl bgm bgn bgo bgp bgq bgr bgs bgt bgu bgv bgw bgx bgy bgz bha bhb bhc bhd bhe bhf bhg bhh bhi bhj bhk bhl\" dir=\"ltr\">[accordion]\n[accordion_header]Kann ich die Helligkeit meines PanelPilot dimmen?[\/accordion_header]\n[accordion_section]Ja. Die Verwendung der <strong><a href=\"\/panelpilot-software\/\">PanelPilot M Software<\/a><\/strong>k\u00f6nnen Sie am Ende der Konfigurationsphase die Helligkeit des Displays ausw\u00e4hlen. Bitte beachten Sie, dass es derzeit keine M\u00f6glichkeit gibt, die Helligkeit des Bildschirms zu \u00e4ndern, ohne den Bildschirm neu zu konfigurieren.[\/accordion_section]\n[\/accordion]<\/span>\n\n<a class=\"button button-secondary\" href=\"\/support\/panelpilotm\/\">Mehr Unterst\u00fctzung<\/a>"],"usd_price_4":["0.00"],"usd_price_9":["0.00"],"usd_price_24":["0.00"],"usd_price_49":["0.00"],"usd_price_99":["0.00"],"gbp_price_49":["0.00"],"gbp_price_99":["0.00"],"usdhk_price_49":["0.00"],"usdhk_price_99":["0.00"],"_wpml_word_count":["96"],"_backorders":["no","no"],"_manage_stock":["no","no"],"brand":["PanelPilot"],"min_temp":[""],"max_temp":[""],"_other_features_arctiko":[""],"_other_features":["field_686fa2aa98dce"],"_min_temp":["field_67ea5eb4e0a77"],"_max_temp":["field_67ea5f81e0a79"],"rank_math_title":["SGD 24-M420 Messger\u00e4t | 4-20mA Eingang | Anpassbare Anzeige"],"rank_math_description":["Ben\u00f6tigen Sie ein anpassungsf\u00e4higes Prozessmessger\u00e4t? Das SGD 24-M420 verf\u00fcgt \u00fcber einen 4-20mA-Eingang, einen Alarmausgang und einen 2,4\" TFT-Touchscreen. Anpassen mit der kostenlosen PanelPilot M Software."],"rank_math_focus_keyword":["SGD 24-M420"],"specifications_table":["<table class=\"specifications\">\n<tbody>\n<tr class=\"even-row\">\n<td class=\"left-td\">Anzeige<\/td>\n<td>2,4\" TFT-Farbbildschirm<\/td>\n<\/tr>\n<tr class=\"odd-row\">\n<td class=\"left-td\">Aufl\u00f6sung<\/td>\n<td>320 x 240 Pixel (QVGA)<\/td>\n<\/tr>\n<tr class=\"even-row\">\n<td class=\"left-td\">Betriebsspannung<\/td>\n<td>4 bis 30V d.c.<\/td>\n<\/tr>\n<tr class=\"odd-row\">\n<td class=\"left-td\">Messbereich<\/td>\n<td>4 bis 20mA<\/td>\n<\/tr>\n<tr class=\"even-row\">\n<td class=\"left-td\">Betrachtungsfl\u00e4che<\/td>\n<td>49,5 mm (1,9 \u201e) x 38 mm (1,5\u201c)<\/td>\n<\/tr>\n<\/tbody>\n<\/table>"],"resources":["<ul class=\"resources-list\">\n \t<li style=\"list-style-type: none\">\n<ul class=\"resources-list\">\n \t<li><img src=\"https:\/\/praxas.com\/wp-content\/uploads\/document-icon.png\" alt=\"Dokument-Symbol\"><span class=\"mldTitle\">SGD 24-M420 Datenblatt<\/span><\/li>\n \t<li><a href=\"https:\/\/praxas.com\/wp-content\/uploads\/panelpilot-panel-instrument-sgd-24-m420_iss3_04-18.pdf\" target=\"_blank\" rel=\"noopener\">Englisch<\/a><\/li>\n \t<li><a href=\"https:\/\/praxas.com\/wp-content\/uploads\/panelpilot-panel-instrument-sgd-24-m420_french_iss5_03-22.pdf\" target=\"_blank\" rel=\"noopener\">Franz\u00f6sisch<\/a><\/li>\n \t<li><a href=\"https:\/\/praxas.com\/wp-content\/uploads\/sgd-24-m420_ger_iss4_03-22.pdf\" target=\"_blank\" rel=\"noopener\">Deutsch<\/a><\/li>\n \t<li><a href=\"https:\/\/praxas.com\/wp-content\/uploads\/sgd-24-m420_it_iss4_03-22.pdf\" target=\"_blank\" rel=\"noopener\">Italienisch<\/a><\/li>\n \t<li><a href=\"https:\/\/praxas.com\/wp-content\/uploads\/sgd-24-m420_jap_iss3_03-22.pdf\" target=\"_blank\" rel=\"noopener\">Japanisch<\/a><\/li>\n \t<li><a href=\"https:\/\/praxas.com\/wp-content\/uploads\/sgd-24-m420_sp_iss2_09-18.pdf\" target=\"_blank\" rel=\"noopener\">Spanisch<\/a><\/li>\n \t<li><a href=\"https:\/\/praxas.com\/wp-content\/uploads\/sgd-24-m420_chi-simp_iss2_09-18.pdf\" target=\"_blank\" rel=\"noopener\">Chinesisch (vereinfacht)<\/a><\/li>\n \t<li><a href=\"https:\/\/praxas.com\/wp-content\/uploads\/sgd-24-m420_chi-trad_iss2_09-18.pdf\" target=\"_blank\" rel=\"noopener\">Chinesisch (traditionell)<\/a><\/li>\n<\/ul>\n<\/li>\n<\/ul>\n\u00a0\n<ul class=\"resources-list\">\n \t<li><img src=\"https:\/\/praxas.com\/wp-content\/uploads\/document-icon.png\" alt=\"Dokument-Symbol\"><a href=\"https:\/\/praxas.com\/wp-content\/uploads\/panelpilotm-qsg-issue-2.pdf\" target=\"_blank\" rel=\"noopener\">SGD 24-M420 Schnellstartanleitung<\/a><\/li>\n \t<li><img src=\"https:\/\/praxas.com\/wp-content\/uploads\/document-icon.png\" alt=\"Dokument-Symbol\"><a href=\"https:\/\/praxas.com\/wp-content\/uploads\/declaration-of-conformity_sgd_iss6.pdf\" target=\"_blank\" rel=\"noopener\">Konformit\u00e4tserkl\u00e4rung<\/a><\/li>\n<\/ul>"],"accessories":["[products skus=\"CABLE USB A-MF\"]"],"gbp_price_4":["70.07"],"gbp_price_9":["67.88"],"gbp_price_24":["65.69"],"usdhk_price_4":["94.07"],"usdhk_price_9":["91.13"],"usdhk_price_24":["88.19"],"_uag_page_assets":["a:9:{s:3:\"css\";s:0:\"\";s:2:\"js\";s:0:\"\";s:18:\"current_block_list\";a:0:{}s:8:\"uag_flag\";b:0;s:11:\"uag_version\";s:10:\"1775212209\";s:6:\"gfonts\";a:0:{}s:10:\"gfonts_url\";s:0:\"\";s:12:\"gfonts_files\";a:0:{}s:14:\"uag_faq_layout\";b:0;}"],"_regular_price":["95.2","95.2"],"_price":["95.2","95.2"],"_max_variation_price":[""],"_max_variation_regular_price":[""],"_max_variation_sale_price":[""],"_min_variation_price":[""],"_min_variation_regular_price":[""],"_min_variation_sale_price":[""],"_sale_price":[""],"_wc_pb_base_regular_price":[""],"_wc_pb_base_sale_price":[""],"_wc_pb_base_price":[""],"_wc_sw_max_price":[""],"_wc_sw_max_regular_price":[""],"_wc_rating_count":[""]},"uagb_featured_image_src":{"full":["https:\/\/praxas.com\/wp-content\/uploads\/SGD-24-M420_Flat_No-Reflection-Straight.png",800,463,false],"thumbnail":["https:\/\/praxas.com\/wp-content\/uploads\/SGD-24-M420_Flat_No-Reflection-Straight-150x150.png",150,150,true],"medium":["https:\/\/praxas.com\/wp-content\/uploads\/SGD-24-M420_Flat_No-Reflection-Straight-300x174.png",300,174,true],"medium_large":["https:\/\/praxas.com\/wp-content\/uploads\/SGD-24-M420_Flat_No-Reflection-Straight-768x444.png",768,444,true],"large":["https:\/\/praxas.com\/wp-content\/uploads\/SGD-24-M420_Flat_No-Reflection-Straight.png",800,463,false],"1536x1536":["https:\/\/praxas.com\/wp-content\/uploads\/SGD-24-M420_Flat_No-Reflection-Straight.png",800,463,false],"2048x2048":["https:\/\/praxas.com\/wp-content\/uploads\/SGD-24-M420_Flat_No-Reflection-Straight.png",800,463,false],"crunchify-admin-post-featured-image":["https:\/\/praxas.com\/wp-content\/uploads\/SGD-24-M420_Flat_No-Reflection-Straight-120x69.png",120,69,true],"commercegurus-pdp-large":["https:\/\/praxas.com\/wp-content\/uploads\/SGD-24-M420_Flat_No-Reflection-Straight.png",800,463,false],"commercegurus-plp-mobile":["https:\/\/praxas.com\/wp-content\/uploads\/SGD-24-M420_Flat_No-Reflection-Straight-441x255.png",441,255,true],"cgkit_image_swatch":["https:\/\/praxas.com\/wp-content\/uploads\/SGD-24-M420_Flat_No-Reflection-Straight-100x100.png",100,100,true],"woocommerce_thumbnail":["https:\/\/praxas.com\/wp-content\/uploads\/SGD-24-M420_Flat_No-Reflection-Straight-300x174.png",300,174,true],"woocommerce_single":["https:\/\/praxas.com\/wp-content\/uploads\/SGD-24-M420_Flat_No-Reflection-Straight.png",800,463,false],"woocommerce_gallery_thumbnail":["https:\/\/praxas.com\/wp-content\/uploads\/SGD-24-M420_Flat_No-Reflection-Straight-150x87.png",150,87,true]},"uagb_author_info":{"display_name":"AndyS","author_link":"https:\/\/praxas.com\/de\/author\/"},"uagb_comment_info":0,"uagb_excerpt":"2,4\" Programmierbares TFT 4-20mA Prozessmessger\u00e4t","_links":{"self":[{"href":"https:\/\/praxas.com\/de\/wp-json\/wp\/v2\/product\/26335","targetHints":{"allow":["GET"]}}],"collection":[{"href":"https:\/\/praxas.com\/de\/wp-json\/wp\/v2\/product"}],"about":[{"href":"https:\/\/praxas.com\/de\/wp-json\/wp\/v2\/types\/product"}],"wp:featuredmedia":[{"embeddable":true,"href":"https:\/\/praxas.com\/de\/wp-json\/wp\/v2\/media\/26336"}],"wp:attachment":[{"href":"https:\/\/praxas.com\/de\/wp-json\/wp\/v2\/media?parent=26335"}],"wp:term":[{"taxonomy":"product_brand","embeddable":true,"href":"https:\/\/praxas.com\/de\/wp-json\/wp\/v2\/product_brand?post=26335"},{"taxonomy":"product_cat","embeddable":true,"href":"https:\/\/praxas.com\/de\/wp-json\/wp\/v2\/product_cat?post=26335"},{"taxonomy":"product_tag","embeddable":true,"href":"https:\/\/praxas.com\/de\/wp-json\/wp\/v2\/product_tag?post=26335"}],"curies":[{"name":"wp","href":"https:\/\/api.w.org\/{rel}","templated":true}]}}