{"id":26339,"date":"2023-07-27T03:20:00","date_gmt":"2023-07-27T01:20:00","guid":{"rendered":"https:\/\/staging.praxas.com\/product\/unkategorisiert\/sgd-21-b\/"},"modified":"2025-09-01T15:54:32","modified_gmt":"2025-09-01T13:54:32","slug":"sgd-21-b","status":"publish","type":"product","link":"https:\/\/praxas.com\/de\/product\/uncategorized-de\/sgd-21-b\/","title":{"rendered":"SGD 21-B"},"content":{"rendered":"<p>Das SGD 21-B von Lascar ist ein kosteng\u00fcnstiges, sonnenlichttaugliches Einkanal-Spannungsmessger\u00e4t mit einem eleganten monochromen E-Paper-Punktmatrix-Display, das sehr wenig Strom verbraucht. Mit der einfachen <strong>Softwareplattform PanelPilot B<\/strong> k\u00f6nnen Sie aus einer Auswahl von sechs analogen und digitalen Voltmeter-Apps und anpassbaren Beschriftungen, Skalierungen und Alarmen f\u00fcr Ihre eigene spezifische Anwendung w\u00e4hlen.<br \/>\nLesen Sie unseren <strong><a href=\"\/wp-content\/uploads\/sgd-21-b-overview-article-v4-for-website.pdf\" target=\"_blank\" rel=\"noopener\">technischen \u00dcberblicksartikel<\/a><\/strong> um mehr \u00fcber die elektrophoretische Tinte zu erfahren, die das SGD 21-B in seinem E-Paper-Display verwendet.<br \/>\n<span style=\"text-decoration: underline;\"><br \/>\n<\/span><strong>Software<\/strong><br \/>\nDas Display arbeitet mit der kostenlosen <strong>Konfigurationssoftware PanelPilot B<\/strong> (erh\u00e4ltlich f\u00fcr Windows 7, 8 und 10), die sechs analoge und digitale Voltmeter-Apps bereitstellt, die dann an die jeweiligen Anwendungen angepasst werden k\u00f6nnen. Zu den Elementen der einzelnen Konfigurationen, die in der Software ge\u00e4ndert werden k\u00f6nnen, geh\u00f6ren:<\/p>\n<ul>\n<li>Benutzerdefinierte Etiketten<\/li>\n<li>Skalierung<\/li>\n<li>Zwei Alarme<\/li>\n<li>Farbumkehrung<\/li>\n<li>Sie k\u00f6nnen dem Display beim Einschalten ein Bild oder ein Logo hinzuf\u00fcgen.<\/li>\n<\/ul>\n<p>Einen \u00dcberblick \u00fcber die Software finden Sie in unserem <strong><br \/>\n  <a href=\"https:\/\/www.youtube.com\/watch?v=97e6ebL5ljI\" target=\"_blank\" rel=\"noopener\">SGD 21-B Setup Video-Anleitung.<\/a><br \/>\n<\/strong><\/p>\n<p>Sobald die App fertig ist, laden Sie sie auf das SGD 21-B Display hoch. <strong><br \/>\n  <a href=\"https:\/\/praxas.com\/de\/product\/uncategorized-de\/kabel-usb-a-sil5\/\">KABEL USB A-SIL5<\/a><br \/>\n<\/strong> (nicht enthalten). Der Einbau des Displays in ein Paneel oder Geh\u00e4use ist ganz einfach: Verwenden Sie einfach die Befestigungsklammer f\u00fcr das Paneel, um das Display zu montieren.<\/p>\n<p>Die <strong>Software PanelPilot B <\/strong>von Lascar steht zum kostenlosen Download bereit.<\/p>\n","protected":false},"excerpt":{"rendered":"<p>2.1&#8243; E-Papier Dot Matrix Display<\/p>\n","protected":false},"featured_media":26340,"template":"","meta":{"_acf_changed":false,"content-type":"","_uag_custom_page_level_css":""},"product_brand":[],"product_cat":[2644],"product_tag":[1003],"class_list":{"0":"post-26339","1":"product","2":"type-product","3":"status-publish","4":"has-post-thumbnail","6":"product_cat-uncategorized-de","7":"product_tag-anzeige","9":"first","10":"instock","11":"taxable","12":"shipping-taxable","13":"purchasable","14":"product-type-simple"},"bundled_by":[],"bundle_stock_status":"instock","bundle_stock_quantity":9,"bundle_virtual":false,"bundle_layout":"","bundle_add_to_cart_form_location":"","bundle_editable_in_cart":false,"bundle_sold_individually_context":"","bundle_item_grouping":"","bundle_min_size":"","bundle_max_size":"","bundle_price":[],"bundled_items":[],"bundle_sell_ids":[],"acf":[],"spectra_custom_meta":{"_download_limit":["-1","-1"],"_download_expiry":["-1","-1"],"_downloadable":["no","no"],"_sku":["SGD 21-B","SGD 21-B"],"_stock_status":["instock","instock","instock"],"_sold_individually":["no","no"],"_tax_class":["",""],"_tax_status":["taxable","taxable"],"_virtual":["no","no"],"_weight":["0.035"],"_width":["0"],"_height":["0"],"_length":["0"],"total_sales":["16","16"],"_product_datasheet":["field_650ad7d6ea3a0"],"_connectivity":["field_64dce263bb57c"],"brand":["PanelPilot"],"_brand":["field_64ddf62ed2593"],"_brand_image":["field_650c5e7c84cae"],"_specifications_table":["field_65044e1db92a8"],"_display_data_alarm":["field_667d647bcb066"],"_resources":["field_650849c6945ee"],"_accessories":["field_650849e6945f0"],"_faqs":["field_650859523d8d5"],"_calibration_suitable_ids_gb":["field_654b4c4acb54a"],"_calibration_suitable_ids_us":["field_654b4c56cb54b"],"_show_in_calibration_suitable":["field_654cfb691d345"],"_usd_price_4":["field_651570dcac479"],"_usd_price_9":["field_6515713eb4807"],"_usd_price_24":["field_65157141b4809"],"_usd_price_49":["field_65157140b4808"],"_usd_price_99":["field_6515715bb480a"],"_gbp_price_4":["field_6515716e83bfa"],"_gbp_price_9":["field_6515724783bfb"],"_gbp_price_24":["field_6515724b83bfc"],"_gbp_price_49":["field_6515725983bfd"],"_gbp_price_99":["field_6515725d83bfe"],"_usdhk_price_4":["field_6515726f83bff"],"_usdhk_price_9":["field_6515727c83c00"],"_usdhk_price_24":["field_6515728083c01"],"_usdhk_price_49":["field_6515728983c02"],"_usdhk_price_99":["field_6515728e83c03"],"stock_options":["Available in 3 to 5 days"],"_stock_options":["field_6544b605dc7f9"],"_top_nav_excluded":[""],"_cms_nav_minihome":[""],"wcml_sync_hash":["a:1:{s:15:\"postmeta_fields\";s:32:\"cae500215173bb39bf35997b30e05262\";}"],"attr_label_translations":["a:0:{}"],"_product_image_gallery":["26341,26342,26343"],"_thumbnail_id":["26340"],"_crosssell_ids":["a:0:{}"],"_stock":["9.000000"],"_last_translation_edit_mode":["translation-editor"],"connectivity":[""],"_calibration":["field_66a0ddd599972"],"_shipping":["field_66852535c98a5"],"_refrigerant_cabinet":["field_66852557c98a6"],"_main_specifications":["field_66855b25b1245"],"_edit_lock":["1721907975:8383"],"classic-editor-remember":["classic-editor"],"rank_math_seo_score":["87"],"_edit_last":["8383"],"commercekit_gallery_layout":[""],"commercekit_disable_sticky_atc":["0"],"commercekit_wc_video_gallery":["a:0:{}"],"_rank_math_gtin_code":[""],"_wcml_average_rating":[null],"_wcml_review_count":[null],"_wcml_rating_count":[null],"_wc_average_rating":[0],"_wc_review_count":["0"],"_product_version":["9.1.2"],"display_data_alarm":[""],"calibration":[""],"calibration_suitable_ids_gb":[""],"calibration_suitable_ids_us":[""],"show_in_calibration_suitable":[""],"other_features":[""],"shipping":[""],"refrigerant_cabinet":[""],"main_specifications":[""],"shoptimizer_layout_pdp_short_description_position":["default"],"rank_math_primary_product_cat":["0"],"product_datasheet":["10334"],"brand_image":["10474"],"_wpml_media_duplicate":["1"],"_wpml_media_featured":["1"],"faqs":["<span class=\"ui-provider bge bgf bgd bgg bgh bgi bgj bgk bgl bgm bgn bgo bgp bgq bgr bgs bgt bgu bgv bgw bgx bgy bgz bha bhb bhc bhd bhe bhf bhg bhh bhi bhj bhk bhl\" dir=\"ltr\">[accordion]\n[accordion_header]Ist das SGD 21-B wasserdicht?[\/accordion_header]\n[accordion_section]<\/span>Die Vorderseite des Produkts hat die Schutzart IP54. Das bedeutet, dass er vor Spritzwasser gesch\u00fctzt ist, wenn er in einem Schaltschrank installiert ist.<span class=\"ui-provider bge bgf bgd bgg bgh bgi bgj bgk bgl bgm bgn bgo bgp bgq bgr bgs bgt bgu bgv bgw bgx bgy bgz bha bhb bhc bhd bhe bhf bhg bhh bhi bhj bhk bhl\" dir=\"ltr\">[\/accordion_section]\n[\/accordion]<\/span>\n\n<span class=\"ui-provider bge bgf bgd bgg bgh bgi bgj bgk bgl bgm bgn bgo bgp bgq bgr bgs bgt bgu bgv bgw bgx bgy bgz bha bhb bhc bhd bhe bhf bhg bhh bhi bhj bhk bhl\" dir=\"ltr\">[accordion]\n[accordion_header]Kann ich mein Firmenlogo auf dem SGD 21-B Display anbringen?[\/accordion_header]\n[accordion_section]Ja. Bei der Konfiguration Ihres Messger\u00e4ts mit der PanelPilot B Software gibt es einen Schritt, der es Ihnen erm\u00f6glicht, eine Grafikdatei als Startbildschirm hinzuzuf\u00fcgen, der in den ersten Sekunden nach dem Einschalten des Ger\u00e4ts auf dem Display angezeigt wird. Die besten Ergebnisse erzielen Sie, wenn Sie ein schwarz-wei\u00dfes Bild mit einer Aufl\u00f6sung von 250 x 122 Pixel verwenden. Erlaubte Bildformate sind png, bmp, jpg, gif, exif und tiff.[\/accordion_section]\n[\/accordion]<\/span>\n\n<a class=\"button button-secondary\" href=\"\/support\/panelpilotb\/\" target=\"_blank\" rel=\"noopener\">Mehr Unterst\u00fctzung<\/a>"],"usd_price_4":["0.00"],"usd_price_9":["0.00"],"usd_price_24":["0.00"],"usd_price_49":["0.00"],"usd_price_99":["0.00"],"gbp_price_49":["0.00"],"gbp_price_99":["0.00"],"usdhk_price_49":["0.00"],"usdhk_price_99":["0.00"],"_wpml_word_count":["267"],"_backorders":["no","no"],"_manage_stock":["no","no"],"min_temp":[""],"max_temp":[""],"_other_features_arctiko":[""],"_other_features":["field_686fa2aa98dce"],"_min_temp":["field_67ea5eb4e0a77"],"_max_temp":["field_67ea5f81e0a79"],"rank_math_title":["SGD 21-B | Sonnenlichtlesbares E-Papier-Display | Praxas"],"rank_math_description":["Der PanelPilot SGD 21-B ist ein kosteng\u00fcnstiges, sonnenlichttaugliches Einkanal-Spannungsmessger\u00e4t mit einem eleganten monochromen E-Paper-Punktmatrix-Display, das sehr wenig Strom verbraucht."],"rank_math_focus_keyword":["SGD 21-B"],"specifications_table":["<table class=\"specifications\">\n<tbody>\n<tr class=\"even-row\">\n<td class=\"left-td\">Anzeige<\/td>\n<td>2.1\" E-Paper Punktmatrix-Display<\/td>\n<\/tr>\n<tr class=\"odd-row\">\n<td class=\"left-td\">Aufl\u00f6sung<\/td>\n<td>250 x 122 Pixel<\/td>\n<\/tr>\n<tr class=\"even-row\">\n<td class=\"left-td\">Messbereich<\/td>\n<td>0 - 30V d.c. Siehe Datenblatt f\u00fcr Skalierungsoptionen und Konfigurationsanweisungen.<\/td>\n<\/tr>\n<tr class=\"odd-row\">\n<td class=\"left-td\">Messbereich, 4 - 20mA<\/td>\n<td>Bauen Sie einen zus\u00e4tzlichen Skalierungswiderstand Ra = 62\u03a9 ein. Siehe Datenblatt f\u00fcr Skalierungsoptionen und Konfigurationsanweisungen.<\/td>\n<\/tr>\n<tr class=\"even-row\">\n<td class=\"left-td\">Messbereich, andere Bereiche<\/td>\n<td>F\u00fcr Spannungen gr\u00f6\u00dfer als 30V k\u00f6nnen externe Skalierungswiderst\u00e4nde verwendet werden.<\/td>\n<\/tr>\n<tr class=\"odd-row\">\n<td class=\"left-td\">Betriebsspannung<\/td>\n<td>4 bis 9V Gleichstrom.<\/td>\n<\/tr>\n<tr class=\"even-row\">\n<td class=\"left-td\">Versorgungsstrom (typisch)<\/td>\n<td>3mA<\/td>\n<\/tr>\n<tr class=\"odd-row\">\n<td class=\"left-td\">Betrachtungsfl\u00e4che<\/td>\n<td>48,3 mm (1,9 \u201e) x 23,7 mm (0,93\u201c)<\/td>\n<\/tr>\n<\/tbody>\n<\/table>"],"resources":["<ul class=\"resources-list\">\n \t<li><img src=\"https:\/\/praxas.com\/wp-content\/uploads\/document-icon.png\" alt=\"Dokument-Symbol\"><a href=\"https:\/\/praxas.com\/wp-content\/uploads\/sgd-21-b_datasheet_iss4_08_18.pdf\" target=\"_blank\" rel=\"noopener\">SGD 21-B Datenblatt<\/a><\/li>\n \t<li><img src=\"https:\/\/praxas.com\/wp-content\/uploads\/document-icon.png\" alt=\"Dokument-Symbol\">\n<a href=\"https:\/\/praxas.com\/wp-content\/uploads\/sgd-21_b-quickstart-guide.pdf\" target=\"_blank\" rel=\"noopener\">SGD 21-B Schnellstartanleitung<\/a><\/li>\n \t<li><img src=\"https:\/\/praxas.com\/wp-content\/uploads\/video-icon-orange.png\" alt=\"Video-Symbol\">\n<a href=\"https:\/\/youtu.be\/97e6ebL5ljI\" target=\"_blank\" rel=\"noopener\">SGD 21-B Einrichtung Video Tutorial<\/a><\/li>\n \t<li><img src=\"https:\/\/praxas.com\/wp-content\/uploads\/document-icon.png\" alt=\"Dokument-Symbol\"><a href=\"https:\/\/praxas.com\/wp-content\/uploads\/declaration-of-conformity_ppb_05_2018.pdf\" target=\"_blank\" rel=\"noopener\">Konformit\u00e4tserkl\u00e4rung<\/a><\/li>\n<\/ul>"],"accessories":["[products skus=\"CABLE USB A-SIL5\"]"],"gbp_price_4":["43.19"],"gbp_price_9":["41.84"],"gbp_price_24":["40.49"],"usdhk_price_4":["57.59"],"usdhk_price_9":["55.79"],"usdhk_price_24":["53.99"],"_uag_page_assets":["a:9:{s:3:\"css\";s:0:\"\";s:2:\"js\";s:0:\"\";s:18:\"current_block_list\";a:0:{}s:8:\"uag_flag\";b:0;s:11:\"uag_version\";s:10:\"1775212209\";s:6:\"gfonts\";a:0:{}s:10:\"gfonts_url\";s:0:\"\";s:12:\"gfonts_files\";a:0:{}s:14:\"uag_faq_layout\";b:0;}"],"_regular_price":["58.85","58.85"],"_price":["58.85","58.85"],"_max_variation_price":[""],"_max_variation_regular_price":[""],"_max_variation_sale_price":[""],"_min_variation_price":[""],"_min_variation_regular_price":[""],"_min_variation_sale_price":[""],"_sale_price":[""],"_wc_pb_base_regular_price":[""],"_wc_pb_base_sale_price":[""],"_wc_pb_base_price":[""],"_wc_sw_max_price":[""],"_wc_sw_max_regular_price":[""],"_wc_rating_count":[""]},"uagb_featured_image_src":{"full":["https:\/\/praxas.com\/wp-content\/uploads\/SGD-21-B_Front.png",800,463,false],"thumbnail":["https:\/\/praxas.com\/wp-content\/uploads\/SGD-21-B_Front-150x150.png",150,150,true],"medium":["https:\/\/praxas.com\/wp-content\/uploads\/SGD-21-B_Front-300x174.png",300,174,true],"medium_large":["https:\/\/praxas.com\/wp-content\/uploads\/SGD-21-B_Front-768x444.png",768,444,true],"large":["https:\/\/praxas.com\/wp-content\/uploads\/SGD-21-B_Front.png",800,463,false],"1536x1536":["https:\/\/praxas.com\/wp-content\/uploads\/SGD-21-B_Front.png",800,463,false],"2048x2048":["https:\/\/praxas.com\/wp-content\/uploads\/SGD-21-B_Front.png",800,463,false],"crunchify-admin-post-featured-image":["https:\/\/praxas.com\/wp-content\/uploads\/SGD-21-B_Front-120x69.png",120,69,true],"commercegurus-pdp-large":["https:\/\/praxas.com\/wp-content\/uploads\/SGD-21-B_Front.png",800,463,false],"commercegurus-plp-mobile":["https:\/\/praxas.com\/wp-content\/uploads\/SGD-21-B_Front-441x255.png",441,255,true],"cgkit_image_swatch":["https:\/\/praxas.com\/wp-content\/uploads\/SGD-21-B_Front-100x100.png",100,100,true],"woocommerce_thumbnail":["https:\/\/praxas.com\/wp-content\/uploads\/SGD-21-B_Front-300x174.png",300,174,true],"woocommerce_single":["https:\/\/praxas.com\/wp-content\/uploads\/SGD-21-B_Front.png",800,463,false],"woocommerce_gallery_thumbnail":["https:\/\/praxas.com\/wp-content\/uploads\/SGD-21-B_Front-150x87.png",150,87,true]},"uagb_author_info":{"display_name":"AndyS","author_link":"https:\/\/praxas.com\/de\/author\/"},"uagb_comment_info":0,"uagb_excerpt":"2.1\" E-Papier Dot Matrix Display","_links":{"self":[{"href":"https:\/\/praxas.com\/de\/wp-json\/wp\/v2\/product\/26339","targetHints":{"allow":["GET"]}}],"collection":[{"href":"https:\/\/praxas.com\/de\/wp-json\/wp\/v2\/product"}],"about":[{"href":"https:\/\/praxas.com\/de\/wp-json\/wp\/v2\/types\/product"}],"wp:featuredmedia":[{"embeddable":true,"href":"https:\/\/praxas.com\/de\/wp-json\/wp\/v2\/media\/26340"}],"wp:attachment":[{"href":"https:\/\/praxas.com\/de\/wp-json\/wp\/v2\/media?parent=26339"}],"wp:term":[{"taxonomy":"product_brand","embeddable":true,"href":"https:\/\/praxas.com\/de\/wp-json\/wp\/v2\/product_brand?post=26339"},{"taxonomy":"product_cat","embeddable":true,"href":"https:\/\/praxas.com\/de\/wp-json\/wp\/v2\/product_cat?post=26339"},{"taxonomy":"product_tag","embeddable":true,"href":"https:\/\/praxas.com\/de\/wp-json\/wp\/v2\/product_tag?post=26339"}],"curies":[{"name":"wp","href":"https:\/\/api.w.org\/{rel}","templated":true}]}}