{"id":26358,"date":"2023-07-27T03:19:00","date_gmt":"2023-07-27T01:19:00","guid":{"rendered":"https:\/\/staging.praxas.com\/product\/unkategorisiert\/s43-rs485\/"},"modified":"2025-10-09T10:06:02","modified_gmt":"2025-10-09T08:06:02","slug":"s43-rs485","status":"publish","type":"product","link":"https:\/\/praxas.com\/de\/product\/uncategorized-de\/s43-rs485\/","title":{"rendered":"S43-RS485"},"content":{"rendered":"<p>Das S43-RS485 ist ein Zubeh\u00f6r f\u00fcr die PanelPilotACE-Reihe und ist mit dem 4,3-Zoll-PanelPilotACE-Displaymodul (<strong><br \/>\n  <a href=\"\/product\/panelpilot-displays\/panelpilotace\/panelpilot-sgd-43-a\/\">SGD 43-A<\/a><br \/>\n<\/strong>). Der S43-RS485 wird an der R\u00fcckseite des SGD 43-A montiert und bietet eine 3-Draht-RS485-Schnittstelle sowie einen optionalen 120\u03a9-Abschlusswiderstand.<\/p>\n<p>Dieses Ger\u00e4t kann \u00fcber die Pins A (Data+), B (Data-) und GND angeschlossen werden und bietet Halbduplex-Kommunikation.<br \/>\nDie Software unterst\u00fctzt derzeit sowohl ASCII-basierte serielle Kommunikation als auch das MODBUS (RTU) Protokoll. Es werden weitere Protokolle hinzugef\u00fcgt.<\/p>\n","protected":false},"excerpt":{"rendered":"<p>Zusatzkarte f\u00fcr die RS485-Kommunikation.<\/p>\n","protected":false},"featured_media":26359,"template":"","meta":{"_acf_changed":false,"content-type":"","_uag_custom_page_level_css":""},"product_brand":[],"product_cat":[2644],"product_tag":[],"class_list":{"0":"post-26358","1":"product","2":"type-product","3":"status-publish","4":"has-post-thumbnail","6":"product_cat-uncategorized-de","8":"first","9":"instock","10":"taxable","11":"shipping-taxable","12":"purchasable","13":"product-type-simple"},"bundled_by":[],"bundle_stock_status":"instock","bundle_stock_quantity":99,"bundle_virtual":false,"bundle_layout":"","bundle_add_to_cart_form_location":"","bundle_editable_in_cart":false,"bundle_sold_individually_context":"","bundle_item_grouping":"","bundle_min_size":"","bundle_max_size":"","bundle_price":[],"bundled_items":[],"bundle_sell_ids":[],"acf":[],"spectra_custom_meta":{"_download_limit":["-1","-1"],"_download_expiry":["-1","-1"],"_downloadable":["no","no"],"_sku":["S43-RS485","S43-RS485"],"_stock_status":["instock","instock","instock"],"_sold_individually":["no","no"],"_tax_class":["",""],"_tax_status":["taxable","taxable"],"_virtual":["no","no"],"_weight":["0.016"],"_width":["0"],"_height":["0"],"_length":["0"],"total_sales":["1","1"],"_product_datasheet":["field_650ad7d6ea3a0"],"_connectivity":["field_64dce263bb57c"],"_brand":["field_64ddf62ed2593"],"_brand_image":["field_650c5e7c84cae"],"_specifications_table":["field_65044e1db92a8"],"_display_data_alarm":["field_667d647bcb066"],"_resources":["field_650849c6945ee"],"_accessories":["field_650849e6945f0"],"_faqs":["field_650859523d8d5"],"_calibration_suitable_ids_gb":["field_654b4c4acb54a"],"_calibration_suitable_ids_us":["field_654b4c56cb54b"],"_show_in_calibration_suitable":["field_654cfb691d345"],"_usd_price_4":["field_651570dcac479"],"_usd_price_9":["field_6515713eb4807"],"_usd_price_24":["field_65157141b4809"],"_usd_price_49":["field_65157140b4808"],"_usd_price_99":["field_6515715bb480a"],"_gbp_price_4":["field_6515716e83bfa"],"_gbp_price_9":["field_6515724783bfb"],"_gbp_price_24":["field_6515724b83bfc"],"_gbp_price_49":["field_6515725983bfd"],"_gbp_price_99":["field_6515725d83bfe"],"_usdhk_price_4":["field_6515726f83bff"],"_usdhk_price_9":["field_6515727c83c00"],"_usdhk_price_24":["field_6515728083c01"],"_usdhk_price_49":["field_6515728983c02"],"_usdhk_price_99":["field_6515728e83c03"],"stock_options":["In stock"],"_stock_options":["field_6544b605dc7f9"],"_top_nav_excluded":[""],"_cms_nav_minihome":[""],"wcml_sync_hash":["a:1:{s:15:\"postmeta_fields\";s:32:\"8dfc67a186bf15cced2e51d1852fa021\";}"],"attr_label_translations":["a:0:{}"],"_product_image_gallery":["26360,26361"],"_thumbnail_id":["26359"],"_crosssell_ids":["a:0:{}"],"_stock":["99.000000"],"_last_translation_edit_mode":["translation-editor"],"connectivity":[""],"_calibration":["field_66a0ddd599972"],"_shipping":["field_66852535c98a5"],"_refrigerant_cabinet":["field_66852557c98a6"],"_main_specifications":["field_66855b25b1245"],"_edit_lock":["1721905193:8383"],"classic-editor-remember":["classic-editor"],"rank_math_seo_score":["79"],"_edit_last":["8383"],"commercekit_gallery_layout":[""],"commercekit_disable_sticky_atc":["0"],"commercekit_wc_video_gallery":["a:0:{}"],"_rank_math_gtin_code":[""],"_wcml_average_rating":[null],"_wcml_review_count":[null],"_wcml_rating_count":[null],"_wc_average_rating":[0],"_wc_review_count":["0"],"_product_version":["9.1.2"],"display_data_alarm":[""],"calibration":[""],"accessories":[""],"calibration_suitable_ids_gb":[""],"calibration_suitable_ids_us":[""],"show_in_calibration_suitable":[""],"other_features":[""],"shipping":[""],"refrigerant_cabinet":[""],"main_specifications":[""],"shoptimizer_layout_pdp_short_description_position":["default"],"rank_math_primary_product_cat":["0"],"product_datasheet":["10309"],"brand_image":["10467"],"_wpml_media_duplicate":["1"],"_wpml_media_featured":["1"],"_backorders":["no","no"],"_manage_stock":["no","no"],"faqs":["<span class=\"ui-provider bge bgf bgd bgg bgh bgi bgj bgk bgl bgm bgn bgo bgp bgq bgr bgs bgt bgu bgv bgw bgx bgy bgz bha bhb bhc bhd bhe bhf bhg bhh bhi bhj bhk bhl\" dir=\"ltr\">[accordion]\n[accordion_header]Wie verwende ich RS232 im Designstudio?[\/accordion_header]\n[accordion_section]<\/span>\n\nDie RS232 arbeitet mit drei Elementen, einem Hardwareelement (Serieller COM-Anschluss) und zwei Funktionselementen (RS-232-Empfang und RS-232-Senden).\n\nInnerhalb des Hardware-Elements m\u00fcssen Sie die Standard-RS232-Eigenschaften (Baudrate usw.) angeben. Sie m\u00fcssen auch den Diensttyp angeben. Nativ, wenn Sie mit einem anderen PPA-Ger\u00e4t kommunizieren m\u00f6chten, ansonsten Terminal. Die Eigenschaft \"Terminalmodus\" gibt an, ob die Daten mit einer Eingabeaufforderung verpackt werden sollen (einfache Verwendung innerhalb eines Terminals) oder ob sie roh vorliegen sollen (von Ger\u00e4t zu Ger\u00e4t). Dann m\u00fcssen Sie Sende-\/Empfangs-Terminatoren und Trennzeichen angeben. Der Terminator kennzeichnet das Ende eines bestimmten RS232-Befehls und das Trennzeichen ist das Zeichen, das zur Trennung mehrerer Werte verwendet wird.\n\nMit dem RS-232-Sendeelement k\u00f6nnen Sie eine serielle Schnittstelle (das Hardware-Element) und dann zahlreiche \"Sendewerte\" angeben. Dieses Element kann wie jede andere Aktion aufgerufen werden und sendet dann jeden Wert (innerhalb der angegebenen Vor- und Nachmeldungen), getrennt durch den im Hardware-Element angegebenen \"Sendetrenner\" und beendet mit dem im Hardware-Element angegebenen \"Sendeterminator\". Die Werte werden in sequentieller Reihenfolge von oben nach unten gesendet.\n\nMit dem RS-232-Empfangselement k\u00f6nnen Sie eine serielle Schnittstelle angeben (das Hardware-Element). Wenn Sie diese ausgew\u00e4hlt haben, k\u00f6nnen Sie einen \"Alias\" angeben. Wenn kein Alias angegeben ist, wird der Name des RS-232-Empfangselements als Befehl verwendet; wenn ein Alias angegeben ist, wird der Alias als Befehl verwendet. Darauf folgt ein Empfangstrennzeichen und dann alle Werte, die das Ger\u00e4t empfangen soll, ebenfalls durch das Empfangstrennzeichen getrennt und dann mit dem Empfangsabschlusszeichen abgeschlossen. Dann geben Sie eine Liste von Empfangseigenschaften\/Variablen an. Hier werden die Werte wieder sequentiell von oben nach unten als erster Empfang bis zum letzten Empfang gespeichert.\n\nWenn der Alias beispielsweise auf \u201erx\u201c, das Trennzeichen auf ein Komma und der Terminator auf [CR][LF] eingestellt ist und der angegebene Empfangswert eine Textfeld-Eigenschaft ist, wird der Textfeld-Textwert wie folgt auf \u201eTest\u201c eingestellt:\n\nRS-232 Receive bietet Ihnen auch die M\u00f6glichkeit, eine Aktion auszuf\u00fchren, sobald der Empfang abgeschlossen ist. So k\u00f6nnen Sie einen Wert als Variable speichern und dann eine Aktion aufrufen, um ihn anzuzeigen oder ihn mit einem mathematischen Programm zu \u00e4ndern, bevor Sie ihn anzeigen.<span class=\"ui-provider bge bgf bgd bgg bgh bgi bgj bgk bgl bgm bgn bgo bgp bgq bgr bgs bgt bgu bgv bgw bgx bgy bgz bha bhb bhc bhd bhe bhf bhg bhh bhi bhj bhk bhl\" dir=\"ltr\">[\/accordion_section]\n[\/accordion]<\/span>\n\n<span class=\"ui-provider bge bgf bgd bgg bgh bgi bgj bgk bgl bgm bgn bgo bgp bgq bgr bgs bgt bgu bgv bgw bgx bgy bgz bha bhb bhc bhd bhe bhf bhg bhh bhi bhj bhk bhl\" dir=\"ltr\">[accordion]\n[accordion_header]Welche Protokolle werden \u00fcber RS485 unterst\u00fctzt?[\/accordion_header]\n[accordion_section]Derzeit werden ascii-basierte Rohdaten und MODBUS unterst\u00fctzt. Wir arbeiten jedoch daran, neue Protokolle wie z.B. CANBUS hinzuzuf\u00fcgen. Wenn Sie irgendwelche Protokolle w\u00fcnschen, <strong><a href=\"\/contact-us\/\">kontaktieren Sie uns<\/a><\/strong> bitte <strong>.<\/strong>[\/accordion_section]\n[\/accordion]<\/span>\n\n<a class=\"button button-secondary\" href=\"\/support\/panelpilotace\/\">Mehr Unterst\u00fctzung<\/a>"],"usd_price_4":["0.00"],"usd_price_9":["0.00"],"usd_price_24":["0.00"],"usd_price_49":["0.00"],"usd_price_99":["0.00"],"gbp_price_49":["0.00"],"gbp_price_99":["0.00"],"usdhk_price_49":["0.00"],"usdhk_price_99":["0.00"],"_wpml_word_count":["101"],"_other_features":[""],"brand":["PanelPilot"],"min_temp":[""],"max_temp":[""],"_min_temp":[""],"_max_temp":[""],"_other_features_arctiko":[""],"rank_math_title":["PanelPilot S43-RS485 | Zusatzplatine f\u00fcr die RS485-Kommunikation."],"rank_math_description":["Sie m\u00f6chten Ihre PanelPilotACE-Displays verbessern? Das S43-RS485 ist ein Zubeh\u00f6rteil, das mit dem 4,3\" SGD 43-A Modul kompatibel ist und eine 3-Draht-RS485-Schnittstelle bietet."],"rank_math_focus_keyword":["S43-RS485"],"specifications_table":["<table class=\"specifications\">\n<tbody>\n<tr class=\"even-row\">\n<td class=\"left-td\">Hochspannung Empf\u00e4ngerausgang<\/td>\n<td>Vcc-0.6 (4.4V)<\/td>\n<\/tr>\n<tr class=\"odd-row\">\n<td class=\"left-td\">Niedrige Ausgangsspannung des Empf\u00e4ngers<\/td>\n<td>0,17 typisch (0,4 maximal)<\/td>\n<\/tr>\n<tr class=\"even-row\">\n<td class=\"left-td\">Eingangsstrom (V = 12V)<\/td>\n<td>80uA typisch (125uA maximal)<\/td>\n<\/tr>\n<tr class=\"odd-row\">\n<td class=\"left-td\">Eingangsstrom (V=-7V)<\/td>\n<td>50uA typisch (-100uA Minimum)<\/td>\n<\/tr>\n<tr class=\"even-row\">\n<td class=\"left-td\">Maximale Datenrate<\/td>\n<td>20Mbps<\/td>\n<\/tr>\n<tr class=\"odd-row\">\n<td class=\"left-td\">A\/B Spannung Absolutes Maximum<\/td>\n<td>-8V - +13V<\/td>\n<\/tr>\n<tr class=\"even-row\">\n<td class=\"left-td\">Betriebstemperaturbereich<\/td>\n<td>0 bis 40\u00b0C<\/td>\n<\/tr>\n<\/tbody>\n<\/table>"],"resources":["<ul class=\"resources-list\">\n \t<li><img src=\"https:\/\/praxas.com\/wp-content\/uploads\/document-icon.png\" alt=\"Dokument-Symbol\"><a href=\"https:\/\/praxas.com\/wp-content\/uploads\/panelpilot-panel-instument-s43-rs485_datasheet_iss3_08-19.pdf\" target=\"_blank\" rel=\"noopener\">S43-RS485 Datenblatt<\/a><\/li>\n \t<li><img src=\"https:\/\/praxas.com\/wp-content\/uploads\/software-icon.png\" alt=\"Software-Symbol\"><a href=\"https:\/\/praxas.com\/software\/panelpilot-software\/panelpilotace-device-software\/\" target=\"_blank\" rel=\"noopener\">PanelPilotACE Software herunterladen<\/a><\/li>\n \t<li><img src=\"https:\/\/praxas.com\/wp-content\/uploads\/document-icon.png\" alt=\"Dokument-Symbol\"><a href=\"https:\/\/praxas.com\/wp-content\/uploads\/declaration-of-conformity_ppace_iss6_01-17.pdf\" target=\"_blank\" rel=\"noopener\">Konformit\u00e4tserkl\u00e4rung<\/a><\/li>\n<\/ul>\n\u00a0"],"gbp_price_4":["15.35"],"gbp_price_9":["14.87"],"gbp_price_24":["14.39"],"usdhk_price_4":["20.64"],"usdhk_price_9":["20"],"usdhk_price_24":["19.35"],"_uag_page_assets":["a:9:{s:3:\"css\";s:0:\"\";s:2:\"js\";s:0:\"\";s:18:\"current_block_list\";a:0:{}s:8:\"uag_flag\";b:0;s:11:\"uag_version\";s:10:\"1775212209\";s:6:\"gfonts\";a:0:{}s:10:\"gfonts_url\";s:0:\"\";s:12:\"gfonts_files\";a:0:{}s:14:\"uag_faq_layout\";b:0;}"],"_regular_price":["21.25","21.25"],"_price":["21.25","21.25"],"_max_variation_price":[""],"_max_variation_regular_price":[""],"_max_variation_sale_price":[""],"_min_variation_price":[""],"_min_variation_regular_price":[""],"_min_variation_sale_price":[""],"_sale_price":[""],"_wc_pb_base_regular_price":[""],"_wc_pb_base_sale_price":[""],"_wc_pb_base_price":[""],"_wc_sw_max_price":[""],"_wc_sw_max_regular_price":[""],"_wc_rating_count":[""]},"uagb_featured_image_src":{"full":["https:\/\/praxas.com\/wp-content\/uploads\/RS485-Board-angle.png",800,463,false],"thumbnail":["https:\/\/praxas.com\/wp-content\/uploads\/RS485-Board-angle-150x150.png",150,150,true],"medium":["https:\/\/praxas.com\/wp-content\/uploads\/RS485-Board-angle-300x174.png",300,174,true],"medium_large":["https:\/\/praxas.com\/wp-content\/uploads\/RS485-Board-angle-768x444.png",768,444,true],"large":["https:\/\/praxas.com\/wp-content\/uploads\/RS485-Board-angle.png",800,463,false],"1536x1536":["https:\/\/praxas.com\/wp-content\/uploads\/RS485-Board-angle.png",800,463,false],"2048x2048":["https:\/\/praxas.com\/wp-content\/uploads\/RS485-Board-angle.png",800,463,false],"crunchify-admin-post-featured-image":["https:\/\/praxas.com\/wp-content\/uploads\/RS485-Board-angle-120x69.png",120,69,true],"commercegurus-pdp-large":["https:\/\/praxas.com\/wp-content\/uploads\/RS485-Board-angle.png",800,463,false],"commercegurus-plp-mobile":["https:\/\/praxas.com\/wp-content\/uploads\/RS485-Board-angle-441x255.png",441,255,true],"cgkit_image_swatch":["https:\/\/praxas.com\/wp-content\/uploads\/RS485-Board-angle-100x100.png",100,100,true],"woocommerce_thumbnail":["https:\/\/praxas.com\/wp-content\/uploads\/RS485-Board-angle-300x174.png",300,174,true],"woocommerce_single":["https:\/\/praxas.com\/wp-content\/uploads\/RS485-Board-angle.png",800,463,false],"woocommerce_gallery_thumbnail":["https:\/\/praxas.com\/wp-content\/uploads\/RS485-Board-angle-150x87.png",150,87,true]},"uagb_author_info":{"display_name":"AndyS","author_link":"https:\/\/praxas.com\/de\/author\/"},"uagb_comment_info":0,"uagb_excerpt":"Zusatzkarte f\u00fcr die RS485-Kommunikation.","_links":{"self":[{"href":"https:\/\/praxas.com\/de\/wp-json\/wp\/v2\/product\/26358","targetHints":{"allow":["GET"]}}],"collection":[{"href":"https:\/\/praxas.com\/de\/wp-json\/wp\/v2\/product"}],"about":[{"href":"https:\/\/praxas.com\/de\/wp-json\/wp\/v2\/types\/product"}],"wp:featuredmedia":[{"embeddable":true,"href":"https:\/\/praxas.com\/de\/wp-json\/wp\/v2\/media\/26359"}],"wp:attachment":[{"href":"https:\/\/praxas.com\/de\/wp-json\/wp\/v2\/media?parent=26358"}],"wp:term":[{"taxonomy":"product_brand","embeddable":true,"href":"https:\/\/praxas.com\/de\/wp-json\/wp\/v2\/product_brand?post=26358"},{"taxonomy":"product_cat","embeddable":true,"href":"https:\/\/praxas.com\/de\/wp-json\/wp\/v2\/product_cat?post=26358"},{"taxonomy":"product_tag","embeddable":true,"href":"https:\/\/praxas.com\/de\/wp-json\/wp\/v2\/product_tag?post=26358"}],"curies":[{"name":"wp","href":"https:\/\/api.w.org\/{rel}","templated":true}]}}