{"id":26401,"date":"2023-07-27T03:16:00","date_gmt":"2023-07-27T01:16:00","guid":{"rendered":"https:\/\/staging.praxas.com\/product\/unkategorisiert\/kuehlschrank-installationskit-tp\/"},"modified":"2025-10-09T09:56:35","modified_gmt":"2025-10-09T07:56:35","slug":"kuehlschrank-installationskit-tp","status":"publish","type":"product","link":"https:\/\/praxas.com\/de\/product\/datenlogger\/zubehor\/kuehlschrank-installationskit-tp\/","title":{"rendered":"K\u00fchlschrank Installationskit-TP"},"content":{"rendered":"<p>Dieses erschwingliche EL-WiFi-K\u00fchlschrankset wurde entwickelt, um die Installation von Temperaturf\u00fchlern in K\u00fchlschr\u00e4nken\/Gefrierschr\u00e4nken so ordentlich wie m\u00f6glich zu gestalten. Das K\u00fchlschrankset enth\u00e4lt eine Dichtung, die die T\u00fcrdichtung des K\u00fchlschranks\/Gefrierschranks um das Kabel des Temperaturf\u00fchlers herum abdichtet. So wird die Effizienz maximiert, indem die W\u00e4rme\u00fcbertragung durch die Dichtung reduziert und die Integrit\u00e4t der Dichtung erhalten wird. <\/p>\n<p>Befolgen Sie die auf der Verpackung aufgedruckte Schnellstartanleitung, um die Temperaturf\u00fchler in wenigen Minuten ordentlich zu installieren. Dann k\u00f6nnen Sie sicher sein, dass Ihr Ger\u00e4t die Temperatur an der richtigen Stelle im K\u00fchl-\/Gefrierschrank \u00fcberwacht, ohne dass das Sondenkabel oder die Dichtung des K\u00fchl-\/Gefrierschranks besch\u00e4digt wird.<\/p>\n","protected":false},"excerpt":{"rendered":"<p>Installationspaket f\u00fcr Temperaturf\u00fchler<\/p>\n","protected":false},"featured_media":26402,"template":"","meta":{"_acf_changed":false,"content-type":"","_uag_custom_page_level_css":""},"product_brand":[],"product_cat":[979],"product_tag":[],"class_list":{"0":"post-26401","1":"product","2":"type-product","3":"status-publish","4":"has-post-thumbnail","6":"product_cat-zubehor","8":"first","9":"instock","10":"taxable","11":"shipping-taxable","12":"purchasable","13":"product-type-simple"},"bundled_by":[],"bundle_stock_status":"instock","bundle_stock_quantity":71,"bundle_virtual":false,"bundle_layout":"","bundle_add_to_cart_form_location":"","bundle_editable_in_cart":false,"bundle_sold_individually_context":"","bundle_item_grouping":"","bundle_min_size":"","bundle_max_size":"","bundle_price":[],"bundled_items":[],"bundle_sell_ids":[],"acf":[],"spectra_custom_meta":{"_wcml_average_rating":[null],"_wcml_review_count":[null],"_wcml_rating_count":[null],"_download_limit":["-1","-1"],"_download_expiry":["-1","-1"],"_downloadable":["no","no"],"_sku":["Fridge Install Kit-TP","Fridge Install Kit-TP"],"_stock_status":["instock","instock","instock"],"_sold_individually":["no","no"],"_tax_class":["",""],"_tax_status":["taxable","taxable"],"_virtual":["no","no"],"_weight":["1"],"_width":["0"],"_height":["0"],"_length":["0"],"total_sales":["33","33"],"product_datasheet":[""],"_product_datasheet":["field_650ad7d6ea3a0"],"_connectivity":["field_64dce263bb57c"],"brand":["EasyLog"],"_brand":["field_64ddf62ed2593"],"brand_image":["10467"],"_brand_image":["field_650c5e7c84cae"],"_specifications_table":["field_65044e1db92a8"],"_resources":["field_650849c6945ee"],"_accessories":["field_650849e6945f0"],"_faqs":["field_650859523d8d5"],"_calibration_suitable_ids_gb":["field_654b4c4acb54a"],"_calibration_suitable_ids_us":["field_654b4c56cb54b"],"_show_in_calibration_suitable":["field_654cfb691d345"],"_usd_price_4":["field_651570dcac479"],"_usd_price_9":["field_6515713eb4807"],"_usd_price_24":["field_65157141b4809"],"_usd_price_49":["field_65157140b4808"],"_usd_price_99":["field_6515715bb480a"],"_gbp_price_4":["field_6515716e83bfa"],"_gbp_price_9":["field_6515724783bfb"],"_gbp_price_24":["field_6515724b83bfc"],"_gbp_price_49":["field_6515725983bfd"],"_gbp_price_99":["field_6515725d83bfe"],"_usdhk_price_4":["field_6515726f83bff"],"_usdhk_price_9":["field_6515727c83c00"],"_usdhk_price_24":["field_6515728083c01"],"_usdhk_price_49":["field_6515728983c02"],"_usdhk_price_99":["field_6515728e83c03"],"stock_options":["In stock"],"_stock_options":["field_6544b605dc7f9"],"_top_nav_excluded":[""],"_cms_nav_minihome":[""],"wcml_sync_hash":["a:1:{s:15:\"postmeta_fields\";s:32:\"ec1ce9c9231b5b0f2c1f5f7245b6578a\";}"],"attr_label_translations":["a:0:{}"],"_product_attributes":["a:1:{s:16:\"pa_product-brand\";a:6:{s:4:\"name\";s:16:\"pa_product-brand\";s:5:\"value\";s:0:\"\";s:8:\"position\";i:0;s:10:\"is_visible\";i:1;s:12:\"is_variation\";i:0;s:11:\"is_taxonomy\";i:1;}}"],"_product_image_gallery":["26403,26404,26405"],"_thumbnail_id":["26402"],"_crosssell_ids":["a:0:{}"],"_stock":["71.000000"],"_last_translation_edit_mode":["translation-editor"],"connectivity":[""],"_display_data_alarm":["field_667d647bcb066"],"_calibration":["field_66a0ddd599972"],"_other_features":["field_668524f8c98a4"],"_shipping":["field_66852535c98a5"],"_refrigerant_cabinet":["field_66852557c98a6"],"_main_specifications":["field_66855b25b1245"],"_backorders":["no","no"],"_manage_stock":["no","no"],"min_temp":[""],"max_temp":[""],"_min_temp":["field_67ea5eb4e0a77"],"_max_temp":["field_67ea5f81e0a79"],"_wpml_word_count":["160"],"rank_math_primary_product_cat":["147"],"_global_unique_id":["5056744401271"],"rank_math_title":["K\u00fchlschrank-Kit: Smart Probe Installation %sep% %sitename%"],"rank_math_description":["Dieses K\u00fchlschrankset wurde entwickelt, um den Einbau von Temperaturf\u00fchlern in K\u00fchlschr\u00e4nken\/Gefrierschr\u00e4nken so einfach und sauber wie m\u00f6glich zu gestalten."],"rank_math_focus_keyword":["K\u00fchlschrank-Kit"],"specifications_table":["<table class=\"specifications\">\n<tbody>\n<tr class=\"even-row\">\n<td class=\"left-td\">Siegel geeignet f\u00fcr:<\/td>\n<td>EL-WiFi Temperaturf\u00fchler (au\u00dfer Temperatur- und Luftfeuchtigkeitssonden)<\/td>\n<\/tr>\n<tr class=\"odd-row\">\n<td class=\"left-td\">Abmessungen des Siegels :<\/td>\n<td>130mm x 12.3mm x 4.8mm<\/td>\n<\/tr>\n<tr class=\"even-row\">\n<td class=\"left-td\">Klebepad geeignet f\u00fcr:<\/td>\n<td>EL-WiFi Wandhalterung<\/td>\n<\/tr>\n<\/tbody>\n<\/table>"],"resources":["<ul class=\"resources-list\">\n \t<li><img src=\"https:\/\/praxas.com\/wp-content\/uploads\/document-icon.png\" alt=\"Dokument-Symbol\"><a href=\"https:\/\/praxas.com\/wp-content\/uploads\/fridge-freezer-installation-kit-qsg.pdf\" target=\"_blank\" rel=\"noopener\">K\u00fchlschrank-Gefrierschrank-Installationsset Schnellstartanleitung<\/a><\/li>\n<\/ul>\n<a class=\"button button-secondary\" href=\"https:\/\/praxas.com\/support\/\">Mehr Unterst\u00fctzung<\/a>"],"usd_price_4":["0.00"],"usd_price_9":["0.00"],"usd_price_24":["0.00"],"usd_price_49":["0.00"],"usd_price_99":["0.00"],"gbp_price_4":["0.00"],"gbp_price_9":["0.00"],"gbp_price_24":["0.00"],"gbp_price_49":["0.00"],"gbp_price_99":["0.00"],"usdhk_price_4":["0.00"],"usdhk_price_9":["0.00"],"usdhk_price_24":["0.00"],"usdhk_price_49":["0.00"],"usdhk_price_99":["0.00"],"_uag_page_assets":["a:9:{s:3:\"css\";s:0:\"\";s:2:\"js\";s:0:\"\";s:18:\"current_block_list\";a:0:{}s:8:\"uag_flag\";b:0;s:11:\"uag_version\";s:10:\"1775212209\";s:6:\"gfonts\";a:0:{}s:10:\"gfonts_url\";s:0:\"\";s:12:\"gfonts_files\";a:0:{}s:14:\"uag_faq_layout\";b:0;}"],"_regular_price":["11.4","11.4"],"_price":["11.4","11.4"],"_max_variation_price":[""],"_max_variation_regular_price":[""],"_max_variation_sale_price":[""],"_min_variation_price":[""],"_min_variation_regular_price":[""],"_min_variation_sale_price":[""],"_sale_price":[""],"_wc_pb_base_regular_price":[""],"_wc_pb_base_sale_price":[""],"_wc_pb_base_price":[""],"_wc_sw_max_price":[""],"_wc_sw_max_regular_price":[""],"_wc_rating_count":[""],"_wc_review_count":[""],"_wc_average_rating":[0]},"uagb_featured_image_src":{"full":["https:\/\/praxas.com\/wp-content\/uploads\/Fridge-Install-Kit-TP-Contents.png",800,463,false],"thumbnail":["https:\/\/praxas.com\/wp-content\/uploads\/Fridge-Install-Kit-TP-Contents-150x150.png",150,150,true],"medium":["https:\/\/praxas.com\/wp-content\/uploads\/Fridge-Install-Kit-TP-Contents-300x174.png",300,174,true],"medium_large":["https:\/\/praxas.com\/wp-content\/uploads\/Fridge-Install-Kit-TP-Contents-768x444.png",768,444,true],"large":["https:\/\/praxas.com\/wp-content\/uploads\/Fridge-Install-Kit-TP-Contents.png",800,463,false],"1536x1536":["https:\/\/praxas.com\/wp-content\/uploads\/Fridge-Install-Kit-TP-Contents.png",800,463,false],"2048x2048":["https:\/\/praxas.com\/wp-content\/uploads\/Fridge-Install-Kit-TP-Contents.png",800,463,false],"crunchify-admin-post-featured-image":["https:\/\/praxas.com\/wp-content\/uploads\/Fridge-Install-Kit-TP-Contents-120x69.png",120,69,true],"commercegurus-pdp-large":["https:\/\/praxas.com\/wp-content\/uploads\/Fridge-Install-Kit-TP-Contents.png",800,463,false],"commercegurus-plp-mobile":["https:\/\/praxas.com\/wp-content\/uploads\/Fridge-Install-Kit-TP-Contents-441x255.png",441,255,true],"cgkit_image_swatch":["https:\/\/praxas.com\/wp-content\/uploads\/Fridge-Install-Kit-TP-Contents-100x100.png",100,100,true],"woocommerce_thumbnail":["https:\/\/praxas.com\/wp-content\/uploads\/Fridge-Install-Kit-TP-Contents-300x174.png",300,174,true],"woocommerce_single":["https:\/\/praxas.com\/wp-content\/uploads\/Fridge-Install-Kit-TP-Contents.png",800,463,false],"woocommerce_gallery_thumbnail":["https:\/\/praxas.com\/wp-content\/uploads\/Fridge-Install-Kit-TP-Contents-150x87.png",150,87,true]},"uagb_author_info":{"display_name":"AndyS","author_link":"https:\/\/praxas.com\/de\/author\/"},"uagb_comment_info":0,"uagb_excerpt":"Installationspaket f\u00fcr Temperaturf\u00fchler","_links":{"self":[{"href":"https:\/\/praxas.com\/de\/wp-json\/wp\/v2\/product\/26401","targetHints":{"allow":["GET"]}}],"collection":[{"href":"https:\/\/praxas.com\/de\/wp-json\/wp\/v2\/product"}],"about":[{"href":"https:\/\/praxas.com\/de\/wp-json\/wp\/v2\/types\/product"}],"wp:featuredmedia":[{"embeddable":true,"href":"https:\/\/praxas.com\/de\/wp-json\/wp\/v2\/media\/26402"}],"wp:attachment":[{"href":"https:\/\/praxas.com\/de\/wp-json\/wp\/v2\/media?parent=26401"}],"wp:term":[{"taxonomy":"product_brand","embeddable":true,"href":"https:\/\/praxas.com\/de\/wp-json\/wp\/v2\/product_brand?post=26401"},{"taxonomy":"product_cat","embeddable":true,"href":"https:\/\/praxas.com\/de\/wp-json\/wp\/v2\/product_cat?post=26401"},{"taxonomy":"product_tag","embeddable":true,"href":"https:\/\/praxas.com\/de\/wp-json\/wp\/v2\/product_tag?post=26401"}],"curies":[{"name":"wp","href":"https:\/\/api.w.org\/{rel}","templated":true}]}}